{"id":9692,"date":"2013-05-06T00:35:37","date_gmt":"2013-05-05T22:35:37","guid":{"rendered":"http:\/\/wordpress-24506-nenadlekan.vpsapps.net\/?page_id=9692"},"modified":"2025-06-25T17:21:54","modified_gmt":"2025-06-25T15:21:54","slug":"kontakt","status":"publish","type":"page","link":"https:\/\/serbia.com\/srpski\/kontakt\/","title":{"rendered":"Kontakt"},"content":{"rendered":"<p>Ukoliko imate pitanja, komentare, sugestije, ili \u017eelite da doprinesete portalu Serbia.com, bi\u0107e nam zadovoljstvo da Vas saslu\u0161amo.<br \/>\nBudite slobodni da nas kontaktirate putem formulara koji se nalazi ispod.<\/p>\n<div class='fluentform ff-default fluentform_wrapper_6 ffs_default_wrap'><form data-form_id=\"6\" id=\"fluentform_6\" class=\"frm-fluent-form fluent_form_6 ff-el-form-top ff_form_instance_6_1 ff-form-loading ff_has_v3_recptcha ffs_default\" data-form_instance=\"ff_form_instance_6_1\" method=\"POST\" data-recptcha_key=\"6LfK91kqAAAAAHsgYqhMdR2h45lwANbpycWiOk3g\" ><fieldset  style=\"border: none!important;margin: 0!important;padding: 0!important;background-color: transparent!important;box-shadow: none!important;outline: none!important; min-inline-size: 100%;\">\n                    <legend class=\"ff_screen_reader_title\" style=\"display: block; margin: 0!important;padding: 0!important;height: 0!important;text-indent: -999999px;width: 0!important;overflow:hidden;\">Contact Page Form<\/legend><input type='hidden' name='__fluent_form_embded_post_id' value='9692' \/><input type=\"hidden\" id=\"_fluentform_6_fluentformnonce\" name=\"_fluentform_6_fluentformnonce\" value=\"1a3d9f24df\" \/><input type=\"hidden\" name=\"_wp_http_referer\" value=\"\/srpski\/wp-json\/wp\/v2\/pages\/9692\" \/><div class='ff-el-group'><div class=\"ff-el-input--label ff-el-is-required asterisk-right\"><label for='ff_6_input_text' id='label_ff_6_input_text' aria-label=\"Full Name\">Full Name<\/label><\/div><div class='ff-el-input--content'><input type=\"text\" name=\"input_text\" class=\"ff-el-form-control test-class\" placeholder=\"Enter your full name\" data-name=\"input_text\" id=\"ff_6_input_text\"  aria-invalid=\"false\" aria-required=true><\/div><\/div><div class='ff-el-group'><div class=\"ff-el-input--label ff-el-is-required asterisk-right\"><label for='ff_6_email' id='label_ff_6_email' aria-label=\"Email\">Email<\/label><\/div><div class='ff-el-input--content'><input type=\"email\" name=\"email\" id=\"ff_6_email\" class=\"ff-el-form-control\" placeholder=\"Email Address\" data-name=\"email\"  aria-invalid=\"false\" aria-required=true><\/div><\/div><div class='ff-el-group'><div class=\"ff-el-input--label asterisk-right\"><label for='ff_6_subject' id='label_ff_6_subject' aria-label=\"Subject\">Subject<\/label><\/div><div class='ff-el-input--content'><input type=\"text\" name=\"subject\" class=\"ff-el-form-control\" placeholder=\"Subject\" data-name=\"subject\" id=\"ff_6_subject\"  aria-invalid=\"false\" aria-required=false><\/div><\/div><div class='ff-el-group'><div class=\"ff-el-input--label ff-el-is-required asterisk-right\"><label for='ff_6_message' id='label_ff_6_message' aria-label=\"Your Message\">Your Message<\/label><\/div><div class='ff-el-input--content'><textarea aria-required=\"true\" aria-labelledby=\"label_ff_6_message\" name=\"message\" id=\"ff_6_message\" class=\"ff-el-form-control\" placeholder=\"Your Message\" rows=\"4\" cols=\"2\" data-name=\"message\" ><\/textarea><\/div><\/div><div class='ff-el-group ff-text-center ff_submit_btn_wrapper'><button type=\"submit\" class=\"ff-btn ff-btn-submit ff-btn-md button ff_btn_no_style\"  aria-label=\"Send Message\">Send Message<\/button><\/div><\/fieldset><\/form><div id='fluentform_6_errors' class='ff-errors-in-stack ff_form_instance_6_1 ff-form-loading_errors ff_form_instance_6_1_errors'><\/div><\/div>            <script data-jetpack-boost=\"ignore\" type=\"text\/javascript\">\n                window.fluent_form_ff_form_instance_6_1 = {\"id\":\"6\",\"ajaxUrl\":\"https:\\\/\\\/serbia.com\\\/wp-admin\\\/admin-ajax.php\",\"settings\":{\"layout\":{\"labelPlacement\":\"top\",\"helpMessagePlacement\":\"with_label\",\"errorMessagePlacement\":\"inline\",\"cssClassName\":\"\",\"asteriskPlacement\":\"asterisk-right\"},\"restrictions\":{\"denyEmptySubmission\":{\"enabled\":false}}},\"form_instance\":\"ff_form_instance_6_1\",\"form_id_selector\":\"fluentform_6\",\"rules\":{\"input_text\":{\"required\":{\"value\":true,\"message\":\"This field is required\",\"global_message\":\"This field is required\",\"global\":true}},\"email\":{\"required\":{\"value\":true,\"message\":\"This field is required\",\"global\":false,\"global_message\":\"This field is required\"},\"email\":{\"value\":true,\"message\":\"This field must contain a valid email\",\"global\":false,\"global_message\":\"This field must contain a valid email\"}},\"subject\":{\"required\":{\"value\":false,\"message\":\"This field is required\",\"global\":false,\"global_message\":\"This field is required\"}},\"message\":{\"required\":{\"value\":true,\"message\":\"This field is required\",\"global\":false,\"global_message\":\"This field is required\"}}},\"debounce_time\":300};\n                            <\/script>\n            \n","protected":false},"excerpt":{"rendered":"<p>Ukoliko imate pitanja, komentare, sugestije, ili \u017eelite da doprinesete portalu Serbia.com, bi\u0107e nam zadovoljstvo da Vas saslu\u0161amo. Budite slobodni da nas kontaktirate putem formulara koji se nalazi ispod.<\/p>\n","protected":false},"author":17,"featured_media":60994,"parent":0,"menu_order":0,"comment_status":"closed","ping_status":"closed","template":"template-contact-page.php","meta":{"_acf_changed":false,"inline_featured_image":false,"_monsterinsights_skip_tracking":false,"_monsterinsights_sitenote_active":false,"_monsterinsights_sitenote_note":"","_monsterinsights_sitenote_category":0,"footnotes":""},"categories":[],"tags":[],"class_list":["post-9692","page","type-page","status-publish","has-post-thumbnail","hentry"],"acf":[],"yoast_head":"<!-- This site is optimized with the Yoast SEO plugin v27.4 - https:\/\/yoast.com\/product\/yoast-seo-wordpress\/ -->\n<title>Kontakt<\/title>\n<meta name=\"robots\" content=\"index, follow, max-snippet:-1, max-image-preview:large, max-video-preview:-1\" \/>\n<link rel=\"canonical\" href=\"https:\/\/serbia.com\/srpski\/kontakt\/\" \/>\n<meta property=\"og:locale\" content=\"en_US\" \/>\n<meta property=\"og:type\" content=\"article\" \/>\n<meta property=\"og:title\" content=\"Kontakt\" \/>\n<meta property=\"og:description\" content=\"Ukoliko imate pitanja, komentare, sugestije, ili \u017eelite da doprinesete portalu Serbia.com, bi\u0107e nam zadovoljstvo da Vas saslu\u0161amo. Budite slobodni da nas kontaktirate putem formulara koji se nalazi ispod.\" \/>\n<meta property=\"og:url\" content=\"https:\/\/serbia.com\/srpski\/kontakt\/\" \/>\n<meta property=\"og:site_name\" content=\"Serbia.com\" \/>\n<meta property=\"article:modified_time\" content=\"2025-06-25T15:21:54+00:00\" \/>\n<meta property=\"og:image\" content=\"https:\/\/serbia.com\/wp-content\/uploads\/2025\/06\/hand-of-business-woman-pressing-button-icon-email-2025-01-08-07-27-28-utc-min-scaled-e1750864782502.jpg\" \/>\n\t<meta property=\"og:image:width\" content=\"2560\" \/>\n\t<meta property=\"og:image:height\" content=\"1708\" \/>\n\t<meta property=\"og:image:type\" content=\"image\/jpeg\" \/>\n<meta name=\"twitter:label1\" content=\"Est. reading time\" \/>\n\t<meta name=\"twitter:data1\" content=\"1 minute\" \/>\n<script type=\"application\/ld+json\" class=\"yoast-schema-graph\">{\"@context\":\"https:\\\/\\\/schema.org\",\"@graph\":[{\"@type\":[\"WebPage\",\"ContactPage\"],\"@id\":\"https:\\\/\\\/serbia.com\\\/srpski\\\/kontakt\\\/\",\"url\":\"https:\\\/\\\/serbia.com\\\/srpski\\\/kontakt\\\/\",\"name\":\"Kontakt\",\"isPartOf\":{\"@id\":\"https:\\\/\\\/serbia.com\\\/#website\"},\"primaryImageOfPage\":{\"@id\":\"https:\\\/\\\/serbia.com\\\/srpski\\\/kontakt\\\/#primaryimage\"},\"image\":{\"@id\":\"https:\\\/\\\/serbia.com\\\/srpski\\\/kontakt\\\/#primaryimage\"},\"thumbnailUrl\":\"https:\\\/\\\/serbia.com\\\/wp-content\\\/uploads\\\/2025\\\/06\\\/hand-of-business-woman-pressing-button-icon-email-2025-01-08-07-27-28-utc-min-scaled-e1750864782502.jpg\",\"datePublished\":\"2013-05-05T22:35:37+00:00\",\"dateModified\":\"2025-06-25T15:21:54+00:00\",\"breadcrumb\":{\"@id\":\"https:\\\/\\\/serbia.com\\\/srpski\\\/kontakt\\\/#breadcrumb\"},\"inLanguage\":\"srpski\",\"potentialAction\":[{\"@type\":\"ReadAction\",\"target\":[\"https:\\\/\\\/serbia.com\\\/srpski\\\/kontakt\\\/\"]}]},{\"@type\":\"ImageObject\",\"inLanguage\":\"srpski\",\"@id\":\"https:\\\/\\\/serbia.com\\\/srpski\\\/kontakt\\\/#primaryimage\",\"url\":\"https:\\\/\\\/serbia.com\\\/wp-content\\\/uploads\\\/2025\\\/06\\\/hand-of-business-woman-pressing-button-icon-email-2025-01-08-07-27-28-utc-min-scaled-e1750864782502.jpg\",\"contentUrl\":\"https:\\\/\\\/serbia.com\\\/wp-content\\\/uploads\\\/2025\\\/06\\\/hand-of-business-woman-pressing-button-icon-email-2025-01-08-07-27-28-utc-min-scaled-e1750864782502.jpg\",\"width\":2560,\"height\":1708},{\"@type\":\"BreadcrumbList\",\"@id\":\"https:\\\/\\\/serbia.com\\\/srpski\\\/kontakt\\\/#breadcrumb\",\"itemListElement\":[{\"@type\":\"ListItem\",\"position\":1,\"name\":\"Home\",\"item\":\"https:\\\/\\\/serbia.com\\\/srpski\\\/\"},{\"@type\":\"ListItem\",\"position\":2,\"name\":\"Kontakt\"}]},{\"@type\":\"WebSite\",\"@id\":\"https:\\\/\\\/serbia.com\\\/#website\",\"url\":\"https:\\\/\\\/serbia.com\\\/\",\"name\":\"Serbia.com\",\"description\":\"Your Gateway to Serbia\",\"potentialAction\":[{\"@type\":\"SearchAction\",\"target\":{\"@type\":\"EntryPoint\",\"urlTemplate\":\"https:\\\/\\\/serbia.com\\\/?s={search_term_string}\"},\"query-input\":{\"@type\":\"PropertyValueSpecification\",\"valueRequired\":true,\"valueName\":\"search_term_string\"}}],\"inLanguage\":\"srpski\"}]}<\/script>\n<!-- \/ Yoast SEO plugin. -->","yoast_head_json":{"title":"Kontakt","robots":{"index":"index","follow":"follow","max-snippet":"max-snippet:-1","max-image-preview":"max-image-preview:large","max-video-preview":"max-video-preview:-1"},"canonical":"https:\/\/serbia.com\/srpski\/kontakt\/","og_locale":"en_US","og_type":"article","og_title":"Kontakt","og_description":"Ukoliko imate pitanja, komentare, sugestije, ili \u017eelite da doprinesete portalu Serbia.com, bi\u0107e nam zadovoljstvo da Vas saslu\u0161amo. Budite slobodni da nas kontaktirate putem formulara koji se nalazi ispod.","og_url":"https:\/\/serbia.com\/srpski\/kontakt\/","og_site_name":"Serbia.com","article_modified_time":"2025-06-25T15:21:54+00:00","og_image":[{"width":2560,"height":1708,"url":"https:\/\/serbia.com\/wp-content\/uploads\/2025\/06\/hand-of-business-woman-pressing-button-icon-email-2025-01-08-07-27-28-utc-min-scaled-e1750864782502.jpg","type":"image\/jpeg"}],"twitter_misc":{"Est. reading time":"1 minute"},"schema":{"@context":"https:\/\/schema.org","@graph":[{"@type":["WebPage","ContactPage"],"@id":"https:\/\/serbia.com\/srpski\/kontakt\/","url":"https:\/\/serbia.com\/srpski\/kontakt\/","name":"Kontakt","isPartOf":{"@id":"https:\/\/serbia.com\/#website"},"primaryImageOfPage":{"@id":"https:\/\/serbia.com\/srpski\/kontakt\/#primaryimage"},"image":{"@id":"https:\/\/serbia.com\/srpski\/kontakt\/#primaryimage"},"thumbnailUrl":"https:\/\/serbia.com\/wp-content\/uploads\/2025\/06\/hand-of-business-woman-pressing-button-icon-email-2025-01-08-07-27-28-utc-min-scaled-e1750864782502.jpg","datePublished":"2013-05-05T22:35:37+00:00","dateModified":"2025-06-25T15:21:54+00:00","breadcrumb":{"@id":"https:\/\/serbia.com\/srpski\/kontakt\/#breadcrumb"},"inLanguage":"srpski","potentialAction":[{"@type":"ReadAction","target":["https:\/\/serbia.com\/srpski\/kontakt\/"]}]},{"@type":"ImageObject","inLanguage":"srpski","@id":"https:\/\/serbia.com\/srpski\/kontakt\/#primaryimage","url":"https:\/\/serbia.com\/wp-content\/uploads\/2025\/06\/hand-of-business-woman-pressing-button-icon-email-2025-01-08-07-27-28-utc-min-scaled-e1750864782502.jpg","contentUrl":"https:\/\/serbia.com\/wp-content\/uploads\/2025\/06\/hand-of-business-woman-pressing-button-icon-email-2025-01-08-07-27-28-utc-min-scaled-e1750864782502.jpg","width":2560,"height":1708},{"@type":"BreadcrumbList","@id":"https:\/\/serbia.com\/srpski\/kontakt\/#breadcrumb","itemListElement":[{"@type":"ListItem","position":1,"name":"Home","item":"https:\/\/serbia.com\/srpski\/"},{"@type":"ListItem","position":2,"name":"Kontakt"}]},{"@type":"WebSite","@id":"https:\/\/serbia.com\/#website","url":"https:\/\/serbia.com\/","name":"Serbia.com","description":"Your Gateway to Serbia","potentialAction":[{"@type":"SearchAction","target":{"@type":"EntryPoint","urlTemplate":"https:\/\/serbia.com\/?s={search_term_string}"},"query-input":{"@type":"PropertyValueSpecification","valueRequired":true,"valueName":"search_term_string"}}],"inLanguage":"srpski"}]}},"brizy_media":[],"_links":{"self":[{"href":"https:\/\/serbia.com\/srpski\/wp-json\/wp\/v2\/pages\/9692","targetHints":{"allow":["GET"]}}],"collection":[{"href":"https:\/\/serbia.com\/srpski\/wp-json\/wp\/v2\/pages"}],"about":[{"href":"https:\/\/serbia.com\/srpski\/wp-json\/wp\/v2\/types\/page"}],"author":[{"embeddable":true,"href":"https:\/\/serbia.com\/srpski\/wp-json\/wp\/v2\/users\/17"}],"replies":[{"embeddable":true,"href":"https:\/\/serbia.com\/srpski\/wp-json\/wp\/v2\/comments?post=9692"}],"version-history":[{"count":1,"href":"https:\/\/serbia.com\/srpski\/wp-json\/wp\/v2\/pages\/9692\/revisions"}],"predecessor-version":[{"id":60997,"href":"https:\/\/serbia.com\/srpski\/wp-json\/wp\/v2\/pages\/9692\/revisions\/60997"}],"wp:featuredmedia":[{"embeddable":true,"href":"https:\/\/serbia.com\/srpski\/wp-json\/wp\/v2\/media\/60994"}],"wp:attachment":[{"href":"https:\/\/serbia.com\/srpski\/wp-json\/wp\/v2\/media?parent=9692"}],"wp:term":[{"taxonomy":"category","embeddable":true,"href":"https:\/\/serbia.com\/srpski\/wp-json\/wp\/v2\/categories?post=9692"},{"taxonomy":"post_tag","embeddable":true,"href":"https:\/\/serbia.com\/srpski\/wp-json\/wp\/v2\/tags?post=9692"}],"curies":[{"name":"wp","href":"https:\/\/api.w.org\/{rel}","templated":true}]}}