{"id":9413,"date":"2013-03-01T16:51:54","date_gmt":"2013-03-01T15:51:54","guid":{"rendered":"http:\/\/wordpress-24506-nenadlekan.vpsapps.net\/?page_id=9413"},"modified":"2013-03-04T15:07:15","modified_gmt":"2013-03-04T14:07:15","slug":"zastita-privatnosti","status":"publish","type":"page","link":"https:\/\/serbia.com\/srpski\/zastita-privatnosti\/","title":{"rendered":"Za\u0161tita privatnosti"},"content":{"rendered":"<p><strong>Serbia.com je posve\u0107en za\u0161titi Va\u0161e privatnosti i bezbednosti bilo koje li\u010dne informacije dobijene od Vas.<\/strong><br \/>\n<strong>Svrha ove izjave je da Vam pojasnimo \u0161ta mi prikupljamo od Va\u0161ih li\u010dnih podataka, i na koji na\u010din se ti podaci koriste.<\/strong><\/p>\n<p><strong>Koje informacije mi prikupljamo?<\/strong><\/p>\n<p>Mi prikupljamo informacije od Vas kada se prijavite na na\u0161u mejling listu, u\u010destvujete u anketi, ili popunite formular.<\/p>\n<p><strong>Da li koristimo cookies (kola\u010di\u0107e)?<\/strong><\/p>\n<p>Da. Kola\u010di\u0107i su male datoteke koje vebsajtovi, ili njihovi pru\u017eaoci usluga, skladi\u0161te na hard disku Va\u0161eg kompjutera, ukoliko Vi to dozvolite. Kola\u010di\u0107i daju mogu\u0107nost vebsajtovima, i njihovim pru\u017eaocima usluga, da prepoznaju Internet pretra\u017eiva\u010d i zapamte odre\u0111ene informacije.<\/p>\n<p>Mi koristimo kola\u010di\u0107e kako bismo bolje razumeli Va\u0161e preferencije, sa\u010duvali pode\u0161avanja za Va\u0161e budu\u0107e posete, i vodili evidenciju o reklamnim oglasima.<\/p>\n<p>Drugi pru\u017eaoci usluga, uklju\u010duju\u0107i i Google, koriste kola\u010di\u0107e za prikazivanje oglasa na osnovu prethodnih korisnikovih poseta portala Serbia.com.<\/p>\n<p><strong>Na koji na\u010din koristimo prikupljene podatke?<\/strong><\/p>\n<p>Podaci koje prikupimo od Vas mogu biti upotrebljeni na slede\u0107e na\u010dine:<\/p>\n<p>\u2022 Da bismo personalizovali Va\u0161 do\u017eivljaj. Prikupljene informacije nam poma\u017eu da bolje odgovorimo Va\u0161im individualnim potrebama.<\/p>\n<p>\u2022 Da bismo unapredili portal Serbia.com. Mi stalno nastojimo da pobolj\u0161amo na\u0161u ponudu na osnovu povratnih informacija koje dobijamo od Vas.<\/p>\n<p>\u2022 Kako bismo organizovali nagradne igre, promocije, ankete i druge funkcionalnosti.<\/p>\n<p><strong>Da li informacije \u010dinimo dostupnim tre\u0107im licima?<\/strong><\/p>\n<p>Mi nikada ne\u0107emo prodati\/trgovati ili na drugi na\u010din \u010diniti Va\u0161e li\u010dne informacije dostupnim tre\u0107im licima. Izuzetak od ovog pravila su na\u0161i partneri s kojima u saradnji odr\u017eavamo portal Serbia.com, pru\u017eamo usluge i vodimo poslovanje, i koji su tako\u0111e obavezani na \u010duvanje poverljivosti podataka. Tako\u0111e zadr\u017eavamo pravo da Va\u0161e li\u010dne informacije u\u010dinimo dostupnim u slu\u010dajevima ukoliko to zakon nala\u017ee, da bismo sproveli na\u0161u ure\u0111iva\u010dku politiku, da bismo za\u0161titili na\u0161a prava i prava drugih, na\u0161u svojinu i bezbednost. Me\u0111utim, zadr\u017eavamo pravo da informacije koje se ne mogu dovesti u kontekst sa li\u010dnim identitetom korisnika, u\u010dinimo dostupnim tre\u0107im licima za potrebe marketinga, ogla\u0161avanja, ili u druge svrhe.<\/p>\n<p><strong>Linkovi ka eksternim vebsajtovima<\/strong><\/p>\n<p>Zadr\u017eavamo pravo da povremeno, po sopstvenom naho\u0111enju, u ponudu portala Serbia.com ulju\u010dimo proizvode i usluge tre\u0107ih lica. Pomenuta tre\u0107a lica imaju svoje izjave o za\u0161titi privatnosti i uslovima kori\u0161\u0107enja, te se s toga uredni\u0161tvo portala Serbia.com, kao ni vlasnici istog, ne mogu smatrati odgovornim za sadr\u017eaj i aktivnosti linkovanih externih vebsajtova. Ipak, mi te\u017eimo o\u010duvanju integriteta portala Serbia.com, i dobrodo\u0161le su bilo kakve primedbe i\/ili sugestije vezane za linkovane eksterne vebsajtove.<\/p>\n<p><strong>Onlajn izjava o za\u0161titi privatnosti<\/strong><\/p>\n<p>Ova izjava odnosi se isklju\u010divo na informacije prikupljene putem portala Serbia.com, a ne na informacije prikupljene drugim putem (oflajn).<\/p>\n<p><strong>Va\u0161a saglasnost<\/strong><\/p>\n<p>Preuzimanjem informacija sa portal Serbia.com, i kori\u0161\u0107enjem istog, saglasni ste sa na\u0161om izjavom o za\u0161titi privatnosti.<\/p>\n<p><strong>Izmene izjave o za\u0161titi privatnosti<\/strong><\/p>\n<p>Eventualne izmene izjave o za\u0161titi privatnosti bi\u0107e objavljene na ovoj stranici.<\/p>\n<p>&nbsp;<\/p>\n","protected":false},"excerpt":{"rendered":"<p>Serbia.com je posve\u0107en za\u0161titi Va\u0161e privatnosti i bezbednosti bilo koje li\u010dne informacije dobijene od Vas. Svrha ove izjave je da Vam pojasnimo \u0161ta mi prikupljamo od Va\u0161ih li\u010dnih podataka, i [&hellip;]<\/p>\n","protected":false},"author":17,"featured_media":0,"parent":0,"menu_order":0,"comment_status":"open","ping_status":"open","template":"template-fullwidth.php","meta":{"_acf_changed":false,"inline_featured_image":false,"_monsterinsights_skip_tracking":false,"_monsterinsights_sitenote_active":false,"_monsterinsights_sitenote_note":"","_monsterinsights_sitenote_category":0,"footnotes":""},"categories":[],"tags":[],"class_list":["post-9413","page","type-page","status-publish","hentry"],"acf":[],"yoast_head":"<!-- This site is optimized with the Yoast SEO plugin v27.4 - https:\/\/yoast.com\/product\/yoast-seo-wordpress\/ -->\n<title>Za\u0161tita privatnosti - Serbia.com<\/title>\n<meta name=\"robots\" content=\"index, follow, max-snippet:-1, max-image-preview:large, max-video-preview:-1\" \/>\n<link rel=\"canonical\" href=\"https:\/\/serbia.com\/srpski\/zastita-privatnosti\/\" \/>\n<meta property=\"og:locale\" content=\"en_US\" \/>\n<meta property=\"og:type\" content=\"article\" \/>\n<meta property=\"og:title\" content=\"Za\u0161tita privatnosti - Serbia.com\" \/>\n<meta property=\"og:description\" content=\"Serbia.com je posve\u0107en za\u0161titi Va\u0161e privatnosti i bezbednosti bilo koje li\u010dne informacije dobijene od Vas. Svrha ove izjave je da Vam pojasnimo \u0161ta mi prikupljamo od Va\u0161ih li\u010dnih podataka, i [&hellip;]\" \/>\n<meta property=\"og:url\" content=\"https:\/\/serbia.com\/srpski\/zastita-privatnosti\/\" \/>\n<meta property=\"og:site_name\" content=\"Serbia.com\" \/>\n<meta property=\"article:modified_time\" content=\"2013-03-04T14:07:15+00:00\" \/>\n<meta name=\"twitter:label1\" content=\"Est. reading time\" \/>\n\t<meta name=\"twitter:data1\" content=\"3 minutes\" \/>\n<script type=\"application\/ld+json\" class=\"yoast-schema-graph\">{\"@context\":\"https:\\\/\\\/schema.org\",\"@graph\":[{\"@type\":\"WebPage\",\"@id\":\"https:\\\/\\\/serbia.com\\\/srpski\\\/zastita-privatnosti\\\/\",\"url\":\"https:\\\/\\\/serbia.com\\\/srpski\\\/zastita-privatnosti\\\/\",\"name\":\"Za\u0161tita privatnosti - Serbia.com\",\"isPartOf\":{\"@id\":\"https:\\\/\\\/serbia.com\\\/#website\"},\"datePublished\":\"2013-03-01T15:51:54+00:00\",\"dateModified\":\"2013-03-04T14:07:15+00:00\",\"breadcrumb\":{\"@id\":\"https:\\\/\\\/serbia.com\\\/srpski\\\/zastita-privatnosti\\\/#breadcrumb\"},\"inLanguage\":\"srpski\",\"potentialAction\":[{\"@type\":\"ReadAction\",\"target\":[\"https:\\\/\\\/serbia.com\\\/srpski\\\/zastita-privatnosti\\\/\"]}]},{\"@type\":\"BreadcrumbList\",\"@id\":\"https:\\\/\\\/serbia.com\\\/srpski\\\/zastita-privatnosti\\\/#breadcrumb\",\"itemListElement\":[{\"@type\":\"ListItem\",\"position\":1,\"name\":\"Home\",\"item\":\"https:\\\/\\\/serbia.com\\\/srpski\\\/srbija\\\/\"},{\"@type\":\"ListItem\",\"position\":2,\"name\":\"Za\u0161tita privatnosti\"}]},{\"@type\":\"WebSite\",\"@id\":\"https:\\\/\\\/serbia.com\\\/#website\",\"url\":\"https:\\\/\\\/serbia.com\\\/\",\"name\":\"Serbia.com\",\"description\":\"Your Gateway to Serbia\",\"potentialAction\":[{\"@type\":\"SearchAction\",\"target\":{\"@type\":\"EntryPoint\",\"urlTemplate\":\"https:\\\/\\\/serbia.com\\\/?s={search_term_string}\"},\"query-input\":{\"@type\":\"PropertyValueSpecification\",\"valueRequired\":true,\"valueName\":\"search_term_string\"}}],\"inLanguage\":\"srpski\"}]}<\/script>\n<!-- \/ Yoast SEO plugin. -->","yoast_head_json":{"title":"Za\u0161tita privatnosti - Serbia.com","robots":{"index":"index","follow":"follow","max-snippet":"max-snippet:-1","max-image-preview":"max-image-preview:large","max-video-preview":"max-video-preview:-1"},"canonical":"https:\/\/serbia.com\/srpski\/zastita-privatnosti\/","og_locale":"en_US","og_type":"article","og_title":"Za\u0161tita privatnosti - Serbia.com","og_description":"Serbia.com je posve\u0107en za\u0161titi Va\u0161e privatnosti i bezbednosti bilo koje li\u010dne informacije dobijene od Vas. Svrha ove izjave je da Vam pojasnimo \u0161ta mi prikupljamo od Va\u0161ih li\u010dnih podataka, i [&hellip;]","og_url":"https:\/\/serbia.com\/srpski\/zastita-privatnosti\/","og_site_name":"Serbia.com","article_modified_time":"2013-03-04T14:07:15+00:00","twitter_misc":{"Est. reading time":"3 minutes"},"schema":{"@context":"https:\/\/schema.org","@graph":[{"@type":"WebPage","@id":"https:\/\/serbia.com\/srpski\/zastita-privatnosti\/","url":"https:\/\/serbia.com\/srpski\/zastita-privatnosti\/","name":"Za\u0161tita privatnosti - Serbia.com","isPartOf":{"@id":"https:\/\/serbia.com\/#website"},"datePublished":"2013-03-01T15:51:54+00:00","dateModified":"2013-03-04T14:07:15+00:00","breadcrumb":{"@id":"https:\/\/serbia.com\/srpski\/zastita-privatnosti\/#breadcrumb"},"inLanguage":"srpski","potentialAction":[{"@type":"ReadAction","target":["https:\/\/serbia.com\/srpski\/zastita-privatnosti\/"]}]},{"@type":"BreadcrumbList","@id":"https:\/\/serbia.com\/srpski\/zastita-privatnosti\/#breadcrumb","itemListElement":[{"@type":"ListItem","position":1,"name":"Home","item":"https:\/\/serbia.com\/srpski\/srbija\/"},{"@type":"ListItem","position":2,"name":"Za\u0161tita privatnosti"}]},{"@type":"WebSite","@id":"https:\/\/serbia.com\/#website","url":"https:\/\/serbia.com\/","name":"Serbia.com","description":"Your Gateway to Serbia","potentialAction":[{"@type":"SearchAction","target":{"@type":"EntryPoint","urlTemplate":"https:\/\/serbia.com\/?s={search_term_string}"},"query-input":{"@type":"PropertyValueSpecification","valueRequired":true,"valueName":"search_term_string"}}],"inLanguage":"srpski"}]}},"brizy_media":[],"_links":{"self":[{"href":"https:\/\/serbia.com\/srpski\/wp-json\/wp\/v2\/pages\/9413","targetHints":{"allow":["GET"]}}],"collection":[{"href":"https:\/\/serbia.com\/srpski\/wp-json\/wp\/v2\/pages"}],"about":[{"href":"https:\/\/serbia.com\/srpski\/wp-json\/wp\/v2\/types\/page"}],"author":[{"embeddable":true,"href":"https:\/\/serbia.com\/srpski\/wp-json\/wp\/v2\/users\/17"}],"replies":[{"embeddable":true,"href":"https:\/\/serbia.com\/srpski\/wp-json\/wp\/v2\/comments?post=9413"}],"version-history":[{"count":0,"href":"https:\/\/serbia.com\/srpski\/wp-json\/wp\/v2\/pages\/9413\/revisions"}],"wp:attachment":[{"href":"https:\/\/serbia.com\/srpski\/wp-json\/wp\/v2\/media?parent=9413"}],"wp:term":[{"taxonomy":"category","embeddable":true,"href":"https:\/\/serbia.com\/srpski\/wp-json\/wp\/v2\/categories?post=9413"},{"taxonomy":"post_tag","embeddable":true,"href":"https:\/\/serbia.com\/srpski\/wp-json\/wp\/v2\/tags?post=9413"}],"curies":[{"name":"wp","href":"https:\/\/api.w.org\/{rel}","templated":true}]}}