{"id":47017,"date":"2016-03-03T17:45:49","date_gmt":"2016-03-03T16:45:49","guid":{"rendered":"http:\/\/www.serbia.com\/srpski\/?page_id=47017"},"modified":"2024-10-20T13:33:06","modified_gmt":"2024-10-20T11:33:06","slug":"tvrdava-maglic-misteriozni-vremeplov-iz-13-veka","status":"publish","type":"page","link":"https:\/\/serbia.com\/srpski\/posetite-srbiju\/kulturne-atrakcije\/dvorci-i-tvrdave\/tvrdava-maglic-misteriozni-vremeplov-iz-13-veka\/","title":{"rendered":"Tvr\u0111ava Magli\u010d, misteriozni vremeplov iz 13. veka"},"content":{"rendered":"<h4>Zamislite zeleno brdo oven\u010dano krunom od kamena. Zvu\u010di prili\u010dno zapanjuju\u010de, zar ne? Ne samo da zvu\u010di, nego zaista i IZGLEDA zapanjuju\u0107e! Tvr\u0111ava Magli\u010d, svojevrsni srpski Kamelot, bezbedno je u\u0161u\u0161kan u toplom zagrljaju centralne Srbije. Me\u0111utim, ono najinteresantnije u vezi Magli\u010da nije sam njegov izgled ili lokacija, ve\u0107 njegov misteriozan nastanak. Privukli smo vam pa\u017enju?<\/h4>\n<p>Onog trenutka kada u\u0111ete u dolinu Ibra, sve brige i sav stres gradskog \u017eivota ostaju iza vas. Sve \u0161to sledi su beskrajni i bajkoviti pejza\u017ei koji se smenjuju jedan za drugim.<\/p>\n<p>Ibar je sa obe strane oivi\u010den planinama. Sa jedne je <strong><a href=\"http:\/\/www.serbia.com\/srpski\/planina-golija-nestvarno-sumsko-carstvo\/\" target=\"_blank\" rel=\"noopener noreferrer\">Golija<\/a><\/strong>, progla\u0161ena Rezervatom biosfere od strane UNESCO-a, a sa druge <strong><a href=\"http:\/\/www.serbia.com\/srpski\/posetite-srbiju\/prirodne-lepote\/planine\/kopaonik-suncana-planina-puna-srebra\/\" target=\"_blank\" rel=\"noopener noreferrer\">Kopaonik<\/a><\/strong>, nacionarlni park, <a href=\"http:\/\/www.serbia.com\/srpski\/ski-centri-u-srbiji-skijanje-za-pamcenje\/\" target=\"_blank\" rel=\"noopener noreferrer\">skija\u0161ki centar<\/a> i \u201cKrov Srbije\u201d. Srednjevekovna tvr\u0111ava Magli\u010d, najve\u0107a dragocenost Ibra, \u010duva ulaz u njegovu dolinu.<\/p>\n<blockquote><p><em>Neki dolinu Ibra nazivaju Dolinom kraljeva, drugi Dolinom vekova, a oni romanti\u010dni je nazivaju i <strong><a href=\"http:\/\/www.serbia.com\/srpski\/posetite-srbiju\/prirodne-lepote\/jedinstvena-priroda\/dolina-jorgovana-dokaz-ljubavi\/\" target=\"_blank\" rel=\"noopener noreferrer\">Dolinom Jorgovana<\/a><\/strong>. Prva dva naziva dobila je jer je bila srce srednjovekovne Srbije i \u010duvala manastire <strong><a href=\"http:\/\/www.serbia.com\/srpski\/posetite-srbiju\/kulturne-atrakcije\/manastiri-i-crkve\/studenica-manastir-dragocenih-fresaka\/\" target=\"_blank\" rel=\"noopener noreferrer\">Studenicu<\/a><\/strong>, <strong><a href=\"http:\/\/www.serbia.com\/srpski\/manastir-zica-pet-dobrih-razloga-zbog-kojih-je-treba-posetiti\/\" target=\"_blank\" rel=\"noopener noreferrer\">\u017di\u010du<\/a><\/strong>, <strong><a href=\"http:\/\/www.serbia.com\/srpski\/posetite-srbiju\/kulturne-atrakcije\/manastiri-i-crkve\/manastir-sopocani\/\" target=\"_blank\" rel=\"noopener noreferrer\">Sopo\u0107ane<\/a><\/strong> i <strong><a href=\"http:\/\/www.serbia.com\/srpski\/posetite-srbiju\/kulturne-atrakcije\/manastiri-i-crkve\/manastir-durdevi-stupovi\/\" target=\"_blank\" rel=\"noopener noreferrer\">\u0110ur\u0111eve Stupove<\/a><\/strong>, neke od najve\u0107ih svetinja srpskog naroda. Tre\u0107i naziv dobijla je zbog ljubavne pri\u010de. A to nas opet dovodi do misterioznog Magli\u010da.<\/em><\/p><\/blockquote>\n<p>Na 20 km od <strong><a href=\"http:\/\/www.serbia.com\/srpski\/posetite-srbiju\/gradovi\/kraljevo-grad-sedam-kraljeva\/\" target=\"_blank\" rel=\"noopener noreferrer\">Kraljeva<\/a><\/strong>, nalazi se Magli\u010d, veli\u010danstvena srednjevekovna utvrda iz 13. veka, sme\u0161tena na samom vrhu brda, samo 100 m od klisure koju formira reka Ibar prave\u0107i o\u0161tru okuku oko podno\u017eija brda. Nekada je samo jedan usamljeni karavanski put povezivao Moravsku dolinu i Kosovo polje. Danas se do tvr\u0111ave lak\u0161e mo\u017ee do\u0107i. No\u0107u je \u010dak i dobro osvetljena, pa privla\u010di pa\u017enju znati\u017eeljnih voza\u010da i prolaznika.<\/p>\n<figure id=\"attachment_47007\" aria-describedby=\"caption-attachment-47007\" style=\"width: 800px\" class=\"wp-caption aligncenter\"><img loading=\"lazy\" decoding=\"async\" class=\"wp-image-47007 size-full\" src=\"http:\/\/www.serbia.com\/wp-content\/uploads\/2016\/03\/maglic-video-produkcija.333.jpg\" alt=\"maglic, video-produkcija.333\" width=\"800\" height=\"416\" srcset=\"https:\/\/serbia.com\/wp-content\/uploads\/2016\/03\/maglic-video-produkcija.333.jpg 800w, https:\/\/serbia.com\/wp-content\/uploads\/2016\/03\/maglic-video-produkcija.333-300x156.jpg 300w, https:\/\/serbia.com\/wp-content\/uploads\/2016\/03\/maglic-video-produkcija.333-768x399.jpg 768w\" sizes=\"(max-width: 800px) 100vw, 800px\" \/><figcaption id=\"caption-attachment-47007\" class=\"wp-caption-text\">Foto: www.video-produkcija.rs<\/figcaption><\/figure>\n<p>Posmatran odozdo, deluje nepristupa\u010dno, gotovo nedosti\u017eno, poput d\u017einovske kamene krune na vrhu strme stene. Iako je Magli\u010d samo jedan od oko 200 srpskih srednjevekovnih gradova (re\u010d \u201cgrad\u201d je tad kori\u0161\u0107en kao sinonim za \u201ctvr\u0111ava\u201d). Ovaj zamak je pre\u017eiveo nebrojeno mnogo ratova, ustanaka i buna, i za to mo\u017ee da se zahvali upravo svojoj nepristupa\u010dnosti. Ali i magli. On je zapravo i ime dobio zbog magle koja ga \u010desto obavija.<\/p>\n<blockquote><p><em>U srednjevekovnom periodu, Magli\u010d nosio je titulu za\u0161titnika. \u010cuvao je celu Ra\u0161ku, \u017di\u010dku i \u00a0Pe\u0107ku patrijar\u0161iju, i \u0161to je najva\u017enije manastire \u017di\u010du i Studenicu.<\/em><\/p><\/blockquote>\n<p>Kao \u0161to smo ve\u0107 spomenuli, Magli\u010d nije fascinantan samo zbog svoj bajkovitog izgleda, zbog okolnih pejza\u017ea koji naprosto oduzimaju dah, ni zbog svoje zna\u010dajne titule za\u0161titnika srca srednjevekovne Srbije, ve\u0107 zbog vela misterije koji obavija njegov nastanak. Ovu su tri \u201cteorije\u201d o nastanku Magli\u010da i Doline Jorgovana.<\/p>\n<h4>Legenda o Prokletoj Jerini<\/h4>\n<p>Jo\u0161 od davnina, ljudi su prenosili legendu o Prokletoj Jerini, \u017eeni despota \u0110ur\u0111a Brankovi\u0107a. Pri\u010da(lo) se da je grad Magli\u010d podigla Jerina, kao i da je narod mrzeo i prozvao ovim ne ba\u0161 pohvalnim imenom. Tvr\u0111ava se i dan danas u narodu naziva Jerenin grad.<\/p>\n<h4>Poklon dostojan Njenog Viso\u010dansva<\/h4>\n<p>\u010cak i sad, ova tvr\u0111ava krije mnoge tajne. Istori\u010dari i dalje ne mogu da utvrde ta\u010dno ko je obogatio dolinu Ibra belim i plavim jorgovanima koji cvetaju svakog prole\u0107a.<\/p>\n<figure id=\"attachment_47010\" aria-describedby=\"caption-attachment-47010\" style=\"width: 800px\" class=\"wp-caption aligncenter\"><img loading=\"lazy\" decoding=\"async\" class=\"wp-image-47010 size-full\" src=\"http:\/\/www.serbia.com\/wp-content\/uploads\/2016\/03\/panoramio.jpg\" alt=\"panoramio\" width=\"800\" height=\"495\" srcset=\"https:\/\/serbia.com\/wp-content\/uploads\/2016\/03\/panoramio.jpg 800w, https:\/\/serbia.com\/wp-content\/uploads\/2016\/03\/panoramio-300x186.jpg 300w, https:\/\/serbia.com\/wp-content\/uploads\/2016\/03\/panoramio-768x475.jpg 768w\" sizes=\"(max-width: 800px) 100vw, 800px\" \/><figcaption id=\"caption-attachment-47010\" class=\"wp-caption-text\">Foto: www.panoramio.com<\/figcaption><\/figure>\n<p>Jedna od teorija je da je jorgovane posadio kralj Srbije Uro\u0161 I, kako bi pokazao svoju ljubav prema katoli\u010dkoj kraljici Jeleni An\u017eujskoj kao i da bi se ova francuska plemkinja ose\u0107ala kao kod ku\u0107e. U prvoj polovini 13. u dolini Jorgovana sagra\u0111ena je srednjevekovna tvr\u0111ava Magli\u010d.<\/p>\n<h4>Tre\u0107a sre\u0107a<\/h4>\n<p>Postoji jo\u0161 jedno predanje o poreklu jorgovana, po kojem je njih zasadio sin kralja Uro\u0161a i kraljice Jelene. Kralj Milutin imao je ve\u0107 par brakova iza sebe te je hteo svoju tre\u0107u suprugu da u\u010dini sre\u0107nom. Po\u0161to je bila u pitanju maloletna \u0107erka vizantijskog cara Andronika, Simonida, Milutin nije \u017eeleo da ona odrasta nesre\u0107na te je ukrasio celu dolinu morem jorgovana.<\/p>\n<blockquote><p><em>Magli\u010d je 1979. godine progla\u0161en spomenikom kurlture od izuzetnog zna\u010daja.<\/em><\/p><\/blockquote>\n<p>Iako se danas poseta Magli\u010du i centru zemlje Nemanju\u0107a mo\u017ee opisati i kao duhovno putovanje kroz Srbiju, malo avanturisti\u010dkog duha nije na odmet.<\/p>\n<figure id=\"attachment_47013\" aria-describedby=\"caption-attachment-47013\" style=\"width: 800px\" class=\"wp-caption aligncenter\"><img loading=\"lazy\" decoding=\"async\" class=\"wp-image-47013 size-full\" src=\"http:\/\/www.serbia.com\/wp-content\/uploads\/2016\/03\/maglic-www.destinacijeusrbiji.rs_.jpg\" alt=\"maglic, www.destinacijeusrbiji.rs\" width=\"800\" height=\"544\" srcset=\"https:\/\/serbia.com\/wp-content\/uploads\/2016\/03\/maglic-www.destinacijeusrbiji.rs_.jpg 800w, https:\/\/serbia.com\/wp-content\/uploads\/2016\/03\/maglic-www.destinacijeusrbiji.rs_-300x204.jpg 300w, https:\/\/serbia.com\/wp-content\/uploads\/2016\/03\/maglic-www.destinacijeusrbiji.rs_-768x522.jpg 768w\" sizes=\"(max-width: 800px) 100vw, 800px\" \/><figcaption id=\"caption-attachment-47013\" class=\"wp-caption-text\">Foto Dragoljub Zamurovic<\/figcaption><\/figure>\n<h4>Kada ste ve\u0107 ovde, ne propustite&#8230;<\/h4>\n<p>Da u\u010destvujete u splavarenju Ibrom koje danas predstavlja pravu atrakciju u kojoj u\u010destvuje preko 3000 plovila. <em><strong>,,Veseli Spust\u2019\u2019<\/strong><\/em> kre\u0107e od Magli\u010da i vodi vas sve do Kraljeva.<\/p>\n<p>Pored toga, turisti\u010dka organizacija Kraljeva svake godine u maju organizuje manifestaciju po imenu <em><strong>,,Dani Jorgovana\u201d<\/strong><\/em> gde kraljeva\u010dki glumci o\u017eivljavaju istoriju u \u010dast Svete Jelene An\u017eujske.<\/p>\n<p>Po\u010detkom jula se proveselite u karnevalskoj atmosferi <strong><a href=\"http:\/\/www.serbia.com\/srpski\/posetite-srbiju\/kulturne-atrakcije\/festivali-i-manifestacije\/vrnjacki-karneval\/\" target=\"_blank\" rel=\"noopener noreferrer\">Vrnja\u010dkog karnevala<\/a><\/strong> u <strong><a href=\"http:\/\/www.serbia.com\/srpski\/posetite-srbiju\/prirodne-lepote\/banje\/vrnjacka-banja\/\" target=\"_blank\" rel=\"noopener noreferrer\">Vrnja\u010dkoj Banji<\/a><\/strong>, a u februaru se, na Sv. Trifuna ili Dan zaljubljenih, takmi\u010dite u ljubljenju na manifestaciji \u201cPoljubi me\u201d.<\/p>\n<p>Zimi posetite planinu <strong><a href=\"http:\/\/www.serbia.com\/srpski\/37789\/\" target=\"_blank\" rel=\"noopener noreferrer\">Go\u010d<\/a><\/strong> koja nudi i odli\u010dnu zabavu uz no\u0107no skijanje, ali i kvalitetan odmor<\/p>\n<p>Ukoliko vas zanima putovanje u pro\u0161lost, obavezno posetite misteriozni, magloviti Magli\u010d.<\/p>\n","protected":false},"excerpt":{"rendered":"<p>Zamislite zeleno brdo oven\u010dano krunom od kamena. Zvu\u010di prili\u010dno zapanjuju\u010de, zar ne? Ne samo da zvu\u010di, nego zaista i IZGLEDA zapanjuju\u0107e! Tvr\u0111ava Magli\u010d, svojevrsni srpski Kamelot, bezbedno je u\u0161u\u0161kan u [&hellip;]<\/p>\n","protected":false},"author":9,"featured_media":46997,"parent":20456,"menu_order":0,"comment_status":"closed","ping_status":"closed","template":"","meta":{"_acf_changed":false,"inline_featured_image":false,"_monsterinsights_skip_tracking":false,"_monsterinsights_sitenote_active":false,"_monsterinsights_sitenote_note":"","_monsterinsights_sitenote_category":0,"footnotes":""},"categories":[1666],"tags":[716,6813],"class_list":["post-47017","page","type-page","status-publish","has-post-thumbnail","hentry","category-dvorci-tvrdjave","tag-dolina-jorgovana-srpski","tag-maglic-3"],"acf":[],"yoast_head":"<!-- This site is optimized with the Yoast SEO plugin v23.8 - https:\/\/yoast.com\/wordpress\/plugins\/seo\/ -->\n<title>Tvr\u0111ava Magli\u010d, misteriozni vremeplov iz 13. veka - Serbia.com<\/title>\n<meta name=\"robots\" content=\"index, follow, max-snippet:-1, max-image-preview:large, max-video-preview:-1\" \/>\n<link rel=\"canonical\" href=\"https:\/\/serbia.com\/srpski\/posetite-srbiju\/kulturne-atrakcije\/dvorci-i-tvrdave\/tvrdava-maglic-misteriozni-vremeplov-iz-13-veka\/\" \/>\n<meta property=\"og:locale\" content=\"en_US\" \/>\n<meta property=\"og:type\" content=\"article\" \/>\n<meta property=\"og:title\" content=\"Tvr\u0111ava Magli\u010d, misteriozni vremeplov iz 13. veka - Serbia.com\" \/>\n<meta property=\"og:description\" content=\"Zamislite zeleno brdo oven\u010dano krunom od kamena. Zvu\u010di prili\u010dno zapanjuju\u010de, zar ne? Ne samo da zvu\u010di, nego zaista i IZGLEDA zapanjuju\u0107e! Tvr\u0111ava Magli\u010d, svojevrsni srpski Kamelot, bezbedno je u\u0161u\u0161kan u [&hellip;]\" \/>\n<meta property=\"og:url\" content=\"https:\/\/serbia.com\/srpski\/posetite-srbiju\/kulturne-atrakcije\/dvorci-i-tvrdave\/tvrdava-maglic-misteriozni-vremeplov-iz-13-veka\/\" \/>\n<meta property=\"og:site_name\" content=\"Serbia.com\" \/>\n<meta property=\"article:modified_time\" content=\"2024-10-20T11:33:06+00:00\" \/>\n<meta property=\"og:image\" content=\"https:\/\/serbia.com\/wp-content\/uploads\/2016\/03\/c.krolikoski-slajder.jpg\" \/>\n\t<meta property=\"og:image:width\" content=\"1600\" \/>\n\t<meta property=\"og:image:height\" content=\"647\" \/>\n\t<meta property=\"og:image:type\" content=\"image\/jpeg\" \/>\n<meta name=\"twitter:label1\" content=\"Est. reading time\" \/>\n\t<meta name=\"twitter:data1\" content=\"4 minutes\" \/>\n<script type=\"application\/ld+json\" class=\"yoast-schema-graph\">{\"@context\":\"https:\/\/schema.org\",\"@graph\":[{\"@type\":\"WebPage\",\"@id\":\"https:\/\/serbia.com\/srpski\/posetite-srbiju\/kulturne-atrakcije\/dvorci-i-tvrdave\/tvrdava-maglic-misteriozni-vremeplov-iz-13-veka\/\",\"url\":\"https:\/\/serbia.com\/srpski\/posetite-srbiju\/kulturne-atrakcije\/dvorci-i-tvrdave\/tvrdava-maglic-misteriozni-vremeplov-iz-13-veka\/\",\"name\":\"Tvr\u0111ava Magli\u010d, misteriozni vremeplov iz 13. veka - Serbia.com\",\"isPartOf\":{\"@id\":\"https:\/\/serbia.com\/#website\"},\"primaryImageOfPage\":{\"@id\":\"https:\/\/serbia.com\/srpski\/posetite-srbiju\/kulturne-atrakcije\/dvorci-i-tvrdave\/tvrdava-maglic-misteriozni-vremeplov-iz-13-veka\/#primaryimage\"},\"image\":{\"@id\":\"https:\/\/serbia.com\/srpski\/posetite-srbiju\/kulturne-atrakcije\/dvorci-i-tvrdave\/tvrdava-maglic-misteriozni-vremeplov-iz-13-veka\/#primaryimage\"},\"thumbnailUrl\":\"https:\/\/serbia.com\/wp-content\/uploads\/2016\/03\/c.krolikoski-slajder.jpg\",\"datePublished\":\"2016-03-03T16:45:49+00:00\",\"dateModified\":\"2024-10-20T11:33:06+00:00\",\"breadcrumb\":{\"@id\":\"https:\/\/serbia.com\/srpski\/posetite-srbiju\/kulturne-atrakcije\/dvorci-i-tvrdave\/tvrdava-maglic-misteriozni-vremeplov-iz-13-veka\/#breadcrumb\"},\"inLanguage\":\"srpski\",\"potentialAction\":[{\"@type\":\"ReadAction\",\"target\":[\"https:\/\/serbia.com\/srpski\/posetite-srbiju\/kulturne-atrakcije\/dvorci-i-tvrdave\/tvrdava-maglic-misteriozni-vremeplov-iz-13-veka\/\"]}]},{\"@type\":\"ImageObject\",\"inLanguage\":\"srpski\",\"@id\":\"https:\/\/serbia.com\/srpski\/posetite-srbiju\/kulturne-atrakcije\/dvorci-i-tvrdave\/tvrdava-maglic-misteriozni-vremeplov-iz-13-veka\/#primaryimage\",\"url\":\"https:\/\/serbia.com\/wp-content\/uploads\/2016\/03\/c.krolikoski-slajder.jpg\",\"contentUrl\":\"https:\/\/serbia.com\/wp-content\/uploads\/2016\/03\/c.krolikoski-slajder.jpg\",\"width\":1600,\"height\":647},{\"@type\":\"BreadcrumbList\",\"@id\":\"https:\/\/serbia.com\/srpski\/posetite-srbiju\/kulturne-atrakcije\/dvorci-i-tvrdave\/tvrdava-maglic-misteriozni-vremeplov-iz-13-veka\/#breadcrumb\",\"itemListElement\":[{\"@type\":\"ListItem\",\"position\":1,\"name\":\"Home\",\"item\":\"https:\/\/serbia.com\/srpski\/\"},{\"@type\":\"ListItem\",\"position\":2,\"name\":\"Poseti Srbiju\",\"item\":\"https:\/\/serbia.com\/srpski\/posetite-srbiju\/\"},{\"@type\":\"ListItem\",\"position\":3,\"name\":\"Kulturne atrakcije\",\"item\":\"https:\/\/serbia.com\/srpski\/posetite-srbiju\/kulturne-atrakcije\/\"},{\"@type\":\"ListItem\",\"position\":4,\"name\":\"Dvorci i tvr\u0111ave\",\"item\":\"https:\/\/serbia.com\/srpski\/posetite-srbiju\/kulturne-atrakcije\/dvorci-i-tvrdave\/\"},{\"@type\":\"ListItem\",\"position\":5,\"name\":\"Tvr\u0111ava Magli\u010d, misteriozni vremeplov iz 13. veka\"}]},{\"@type\":\"WebSite\",\"@id\":\"https:\/\/serbia.com\/#website\",\"url\":\"https:\/\/serbia.com\/\",\"name\":\"Serbia.com\",\"description\":\"Your Gateway to Serbia\",\"potentialAction\":[{\"@type\":\"SearchAction\",\"target\":{\"@type\":\"EntryPoint\",\"urlTemplate\":\"https:\/\/serbia.com\/?s={search_term_string}\"},\"query-input\":{\"@type\":\"PropertyValueSpecification\",\"valueRequired\":true,\"valueName\":\"search_term_string\"}}],\"inLanguage\":\"srpski\"}]}<\/script>\n<!-- \/ Yoast SEO plugin. -->","yoast_head_json":{"title":"Tvr\u0111ava Magli\u010d, misteriozni vremeplov iz 13. veka - Serbia.com","robots":{"index":"index","follow":"follow","max-snippet":"max-snippet:-1","max-image-preview":"max-image-preview:large","max-video-preview":"max-video-preview:-1"},"canonical":"https:\/\/serbia.com\/srpski\/posetite-srbiju\/kulturne-atrakcije\/dvorci-i-tvrdave\/tvrdava-maglic-misteriozni-vremeplov-iz-13-veka\/","og_locale":"en_US","og_type":"article","og_title":"Tvr\u0111ava Magli\u010d, misteriozni vremeplov iz 13. veka - Serbia.com","og_description":"Zamislite zeleno brdo oven\u010dano krunom od kamena. Zvu\u010di prili\u010dno zapanjuju\u010de, zar ne? Ne samo da zvu\u010di, nego zaista i IZGLEDA zapanjuju\u0107e! Tvr\u0111ava Magli\u010d, svojevrsni srpski Kamelot, bezbedno je u\u0161u\u0161kan u [&hellip;]","og_url":"https:\/\/serbia.com\/srpski\/posetite-srbiju\/kulturne-atrakcije\/dvorci-i-tvrdave\/tvrdava-maglic-misteriozni-vremeplov-iz-13-veka\/","og_site_name":"Serbia.com","article_modified_time":"2024-10-20T11:33:06+00:00","og_image":[{"width":1600,"height":647,"url":"https:\/\/serbia.com\/wp-content\/uploads\/2016\/03\/c.krolikoski-slajder.jpg","type":"image\/jpeg"}],"twitter_misc":{"Est. reading time":"4 minutes"},"schema":{"@context":"https:\/\/schema.org","@graph":[{"@type":"WebPage","@id":"https:\/\/serbia.com\/srpski\/posetite-srbiju\/kulturne-atrakcije\/dvorci-i-tvrdave\/tvrdava-maglic-misteriozni-vremeplov-iz-13-veka\/","url":"https:\/\/serbia.com\/srpski\/posetite-srbiju\/kulturne-atrakcije\/dvorci-i-tvrdave\/tvrdava-maglic-misteriozni-vremeplov-iz-13-veka\/","name":"Tvr\u0111ava Magli\u010d, misteriozni vremeplov iz 13. veka - Serbia.com","isPartOf":{"@id":"https:\/\/serbia.com\/#website"},"primaryImageOfPage":{"@id":"https:\/\/serbia.com\/srpski\/posetite-srbiju\/kulturne-atrakcije\/dvorci-i-tvrdave\/tvrdava-maglic-misteriozni-vremeplov-iz-13-veka\/#primaryimage"},"image":{"@id":"https:\/\/serbia.com\/srpski\/posetite-srbiju\/kulturne-atrakcije\/dvorci-i-tvrdave\/tvrdava-maglic-misteriozni-vremeplov-iz-13-veka\/#primaryimage"},"thumbnailUrl":"https:\/\/serbia.com\/wp-content\/uploads\/2016\/03\/c.krolikoski-slajder.jpg","datePublished":"2016-03-03T16:45:49+00:00","dateModified":"2024-10-20T11:33:06+00:00","breadcrumb":{"@id":"https:\/\/serbia.com\/srpski\/posetite-srbiju\/kulturne-atrakcije\/dvorci-i-tvrdave\/tvrdava-maglic-misteriozni-vremeplov-iz-13-veka\/#breadcrumb"},"inLanguage":"srpski","potentialAction":[{"@type":"ReadAction","target":["https:\/\/serbia.com\/srpski\/posetite-srbiju\/kulturne-atrakcije\/dvorci-i-tvrdave\/tvrdava-maglic-misteriozni-vremeplov-iz-13-veka\/"]}]},{"@type":"ImageObject","inLanguage":"srpski","@id":"https:\/\/serbia.com\/srpski\/posetite-srbiju\/kulturne-atrakcije\/dvorci-i-tvrdave\/tvrdava-maglic-misteriozni-vremeplov-iz-13-veka\/#primaryimage","url":"https:\/\/serbia.com\/wp-content\/uploads\/2016\/03\/c.krolikoski-slajder.jpg","contentUrl":"https:\/\/serbia.com\/wp-content\/uploads\/2016\/03\/c.krolikoski-slajder.jpg","width":1600,"height":647},{"@type":"BreadcrumbList","@id":"https:\/\/serbia.com\/srpski\/posetite-srbiju\/kulturne-atrakcije\/dvorci-i-tvrdave\/tvrdava-maglic-misteriozni-vremeplov-iz-13-veka\/#breadcrumb","itemListElement":[{"@type":"ListItem","position":1,"name":"Home","item":"https:\/\/serbia.com\/srpski\/"},{"@type":"ListItem","position":2,"name":"Poseti Srbiju","item":"https:\/\/serbia.com\/srpski\/posetite-srbiju\/"},{"@type":"ListItem","position":3,"name":"Kulturne atrakcije","item":"https:\/\/serbia.com\/srpski\/posetite-srbiju\/kulturne-atrakcije\/"},{"@type":"ListItem","position":4,"name":"Dvorci i tvr\u0111ave","item":"https:\/\/serbia.com\/srpski\/posetite-srbiju\/kulturne-atrakcije\/dvorci-i-tvrdave\/"},{"@type":"ListItem","position":5,"name":"Tvr\u0111ava Magli\u010d, misteriozni vremeplov iz 13. veka"}]},{"@type":"WebSite","@id":"https:\/\/serbia.com\/#website","url":"https:\/\/serbia.com\/","name":"Serbia.com","description":"Your Gateway to Serbia","potentialAction":[{"@type":"SearchAction","target":{"@type":"EntryPoint","urlTemplate":"https:\/\/serbia.com\/?s={search_term_string}"},"query-input":{"@type":"PropertyValueSpecification","valueRequired":true,"valueName":"search_term_string"}}],"inLanguage":"srpski"}]}},"_links":{"self":[{"href":"https:\/\/serbia.com\/srpski\/wp-json\/wp\/v2\/pages\/47017"}],"collection":[{"href":"https:\/\/serbia.com\/srpski\/wp-json\/wp\/v2\/pages"}],"about":[{"href":"https:\/\/serbia.com\/srpski\/wp-json\/wp\/v2\/types\/page"}],"author":[{"embeddable":true,"href":"https:\/\/serbia.com\/srpski\/wp-json\/wp\/v2\/users\/9"}],"replies":[{"embeddable":true,"href":"https:\/\/serbia.com\/srpski\/wp-json\/wp\/v2\/comments?post=47017"}],"version-history":[{"count":1,"href":"https:\/\/serbia.com\/srpski\/wp-json\/wp\/v2\/pages\/47017\/revisions"}],"predecessor-version":[{"id":55674,"href":"https:\/\/serbia.com\/srpski\/wp-json\/wp\/v2\/pages\/47017\/revisions\/55674"}],"up":[{"embeddable":true,"href":"https:\/\/serbia.com\/srpski\/wp-json\/wp\/v2\/pages\/20456"}],"wp:featuredmedia":[{"embeddable":true,"href":"https:\/\/serbia.com\/srpski\/wp-json\/wp\/v2\/media\/46997"}],"wp:attachment":[{"href":"https:\/\/serbia.com\/srpski\/wp-json\/wp\/v2\/media?parent=47017"}],"wp:term":[{"taxonomy":"category","embeddable":true,"href":"https:\/\/serbia.com\/srpski\/wp-json\/wp\/v2\/categories?post=47017"},{"taxonomy":"post_tag","embeddable":true,"href":"https:\/\/serbia.com\/srpski\/wp-json\/wp\/v2\/tags?post=47017"}],"curies":[{"name":"wp","href":"https:\/\/api.w.org\/{rel}","templated":true}]}}