{"id":46436,"date":"2016-02-25T16:29:50","date_gmt":"2016-02-25T15:29:50","guid":{"rendered":"http:\/\/www.serbia.com\/srpski\/?page_id=46436"},"modified":"2024-06-05T11:14:50","modified_gmt":"2024-06-05T09:14:50","slug":"zlakuska-loncarija-kao-cuvar-srpskog-identiteta","status":"publish","type":"page","link":"https:\/\/serbia.com\/srpski\/o-srbiji\/kultura\/nematerijalno-kulturno-nasledje-srbije\/nematerijalno-kulturno-naslede-kao-cuvar-srpskog-identiteta\/zlakuska-loncarija-kao-cuvar-srpskog-identiteta\/","title":{"rendered":"Zlakuska lon\u010darija kao \u010duvar srpskog identiteta"},"content":{"rendered":"<h2>U Zlakusi, malom selu koje odi\u0161e prirodno\u0161\u0107u, gostoljubljivo\u0161\u0107u i lepotom, i danas se izra\u0111uje \u010duvena glinena grn\u010darija.<\/h2>\n<p>Vredne ruke zlakuskih doma\u0107ina godinama \u010duvaju \u010detiri veka staru tehniku kojom se posu\u0111e od gline izra\u0111uje na sporom, ru\u010dnom kolu i pe\u010de na otvorenoj vatri \u0161to je radak slu\u010daj na \u0161irim balkanskim prostorima.<\/p>\n<p>Jedinstven je do\u017eivljaj pro\u0161etati sokacima i ulicama Zlakuse, malog sela pokraj <strong><a href=\"http:\/\/www.serbia.com\/srpski\/posetite-srbiju\/prirodne-lepote\/pecine\/potpecka-pecina-remek-delo-reka-ponornica\/\" target=\"_blank\" rel=\"noopener\">Potpe\u0107ke pe\u0107ine<\/a><\/strong>. Nestvarna priroda koja ga okru\u017euje, stare seoske ku\u0107e pretvorene u restorane sa o\u010duvanim ognji\u0161tima i dvori\u0161ta prepuna zlakuske lon\u010darije,<strong> do\u010daravaju izgled prave srpske seoske idile.<\/strong><\/p>\n<p>Iako poznata po prelepoj prirodi, impozantnoj pe\u0107ini, i muzeju na otvorenom \u201e<strong><a href=\"http:\/\/www.serbia.com\/srpski\/posetite-srbiju\/prirodne-lepote\/etno-sela\/terzica-avlija-etno-muzej-na-otvorenom\/\" target=\"_blank\" rel=\"noopener\">Terzi\u0107a avlija<\/a><\/strong>\u201c, za Zlakusu su je svet \u010duo pre svega zbog <strong>glinenog posu\u0111a koje se ovde pravi na stari, nepromenjen na\u010din<\/strong>. Za lonce, \u0111uve\u010dare, pr\u017eulje, sa\u010deve i mnoge druge upotrebne sudove, zlakuski grn\u010dari su pravi majstori.<\/p>\n<p><img loading=\"lazy\" decoding=\"async\" class=\"alignleft size-medium wp-image-16463\" src=\"http:\/\/www.serbia.com\/wp-content\/uploads\/2012\/11\/85-zlakusa-zanat-pottery-grncarija-old-crafts-300x200.jpg\" alt=\"85 zlakusa zanat pottery grncarija old crafts\" width=\"300\" height=\"200\" srcset=\"https:\/\/serbia.com\/wp-content\/uploads\/2012\/11\/85-zlakusa-zanat-pottery-grncarija-old-crafts-300x200.jpg 300w, https:\/\/serbia.com\/wp-content\/uploads\/2012\/11\/85-zlakusa-zanat-pottery-grncarija-old-crafts.jpg 800w\" sizes=\"(max-width: 300px) 100vw, 300px\" \/>Posuda ima u raznim veli\u010dinama, oblicima i \u0161arama. Mnogi ih koriste kao ukrasne predmete za stan, kancelariju, restoran ili dvori\u0161te. Ali, to nije osnovna namena ovim ru\u010dno izra\u0111enim, unikatnim predmetima. Iako lepa na izgled, zlakuska grna\u010darija nije obi\u010dno posu\u0111e.<\/p>\n<p>Svako ko je probao bilo koji specijalitet iz srpske <a href=\"http:\/\/www.serbia.com\/srpski\/o-srbiji\/tradicionalna-kuhinja\/\" target=\"_blank\" rel=\"noopener\">tradicionalne kuhinje<\/a> pripremljen u nekoj zlakuskoj posudi, zna o \u010demu se radi.<strong> Hrana koja se pravi u zlakuskoj grn\u010dariji ima poseban ukus i miris.<\/strong> Pored toga, kuvanje hrane u ovim posudama je zdravo, a jelo ima jedinstven i bogat ukus koji se nikada ne mo\u017ee dobiti pripremanjem u obi\u010dnom posu\u0111u.<\/p>\n<p><em>Sirovina za izradu lonaca i druge grn\u010darije je prera\u0111ena glina \u201egnjila\u201c, koja se kopa u selu Vranjani, nadomak Po\u017eege, na dubini od 2 do 8 metara. Glina se me\u0161a sa beli\u010dastim kamenom-mineralom kalcita, koja se vadi u susednom selu Rupeljevu\u00a0 iz majdana starog preko 200 godina. Glina se me\u0161a sa mlevenim kalcitom u odnosu 1:1, koji omogu\u0107ava \u201ezidanje\u201c veoma velikih formi.<\/em><\/p>\n<p>Tajna kvaliteta zlakuske grn\u010darije nije strogo \u010duvana. Me\u0161tani koji se bave izradom \u010desto dozvole radoznalim posetiocima da pogledaju kako oni to rade. Ipak, za usavr\u0161avnje u ovom veoma starom zanatu potrebno je dosta rada, truda i iskustva. Zato je Zlakusa jedino mesto u kome se zadr\u017eala vekovima stara tehnika izrade grn\u010darskih predmeta na ru\u010dnom i drvenom to\u010dku.<\/p>\n<p>Ono \u0161to zlakusku razlikuje od drugih grn\u010darija, je izrada posuda od me\u0161avine kamena i gline. Mnogi grn\u010dari van Zlakuse posu\u0111e prave samo od gline. Zbog toga se njihovi proizvodi mogu koristiti isklju\u010divo za serviranje ili ukras, a zlakuska grn\u010darija i za pripremanje jela.<\/p>\n<p>Jo\u0161 jedna posebnost zlakuske grn\u010darije zahvaljuju\u0107i kojoj je Srbija postala jedinstvena u Evropi, su na\u010dini izrade grn\u010darskih predmeta. Naime, izrada grn\u010darije se deli na tri na\u010dina: bez kola, izrada na ru\u010dnom kolu i izrada grn\u010darije na no\u017enom kolu.\u00a0U Zlakusi su zadr\u017eana sva tri na\u010dina.<\/p>\n<figure id=\"attachment_29801\" aria-describedby=\"caption-attachment-29801\" style=\"width: 800px\" class=\"wp-caption aligncenter\"><img loading=\"lazy\" decoding=\"async\" class=\"wp-image-29801\" src=\"http:\/\/www.serbia.com\/wp-content\/uploads\/2015\/03\/Jesen-u-Zlakusi-manifestacija-1024x768serbia.jpg\" alt=\"Manifestacija &quot;Jesen u Zlakusi&quot;\" width=\"800\" height=\"600\" srcset=\"https:\/\/serbia.com\/wp-content\/uploads\/2015\/03\/Jesen-u-Zlakusi-manifestacija-1024x768serbia.jpg 600w, https:\/\/serbia.com\/wp-content\/uploads\/2015\/03\/Jesen-u-Zlakusi-manifestacija-1024x768serbia-300x225.jpg 300w\" sizes=\"(max-width: 800px) 100vw, 800px\" \/><figcaption id=\"caption-attachment-29801\" class=\"wp-caption-text\">Manifestacija &#8220;Jesen u Zlakusi&#8221;<\/figcaption><\/figure>\n<p><em>Kulturno-umetni\u010dka manifestacija \u201cJesen u Zlakusi\u201d odr\u017eava se od 1992. godine. Do 2009. godine u okviru nje se organizovala i jedna od dve me\u0111unarodne kolonije keramike a od tada se pokre\u0107e me\u0111unarodni sajam grn\u010darije \u2013 lon\u010darijada. Prate\u0107i programi su likovna i fotografska kolonija, takmi\u010denje u spremanju starih jela u zlaku\u0161kom posu\u0111u, turinir u malom fudbalu, takmi\u010denje u nadvla\u010denju konopcem, dobrovoljno davanje krvi, promocije knjiga i bogat kulturno-umetni\u010dki program.<\/em><\/p>\n<p><strong>Oko dvadesetak doma\u0107instava u Zlakusi, danas se aktivno bavi izradom ovog posu\u0111a.<\/strong> Svi oni po\u0161tuju stari na\u010din proizvodnje, u kome je jedina novina upotreba ma\u0161ine za sitnjenje kamena. Sve ostalo je isto kao i pre \u010detiri stotine godina. Tradiciju bavljenja ovim starim zanatom sada\u0161nji majstori \u0107e preneti generacijama koje dolaze, kako ova vredna umetnost ne bi bila zaboravljena.<\/p>\n<p>Zlakusu je lepo posetiti u bilo koje doba godine. Fascinantna priroda koja ima svojstvene \u010dari nezavisno od vremena i godi\u0161njih doba, mnogobrojne zanimljive manifestacije i ukusna jela pripremljena u \u010duvenoj zlakuskoj lon\u010dariji, samo su neki od razloga za posetu ovom malom mestu.<\/p>\n<h4>Zlakuska lon\u010darija u dijaspori i svetu<\/h4>\n<p>Za majstore iz Zlakuse i njihov \u010detiri veka star na\u010din izrade glinenog posu\u0111a,<strong> \u010duli su i ljudi van granica Srbije.<\/strong> Mnogi turisti koji su posetili ovaj kraj imali su priliku da probaju srpska tradicionalna jela iz posebnog ru\u010dnog pravljenog posu\u0111a i da se uvere u njihov specifi\u010dan ukus.<\/p>\n<p>Pored toga, odr\u017eavanjem me\u0111unarodnog eko kampa u Zlakusi, studenti iz Koreje, \u0160vedske, Nema\u010dke, Poljske, Francuske, \u0160panije, Slova\u010dke, \u010ce\u0161ke, Gr\u010dke, Turske, Rusije i drugih zemalja, boravili su u Zlakusi. Oni su u\u010destovali u \u010di\u0161\u0107enju i obnavljanju pe\u0161a\u010dkih staza, ali su imali priliku i da se upoznaju sa svim specifi\u010dnostima ovog kraja, kao i izradom zlakuske lon\u010darije.<\/p>\n<p><img loading=\"lazy\" decoding=\"async\" class=\"aligncenter wp-image-34254\" src=\"http:\/\/www.serbia.com\/wp-content\/uploads\/2015\/06\/zlakusa-5.jpg\" alt=\"zlakusa-5\" width=\"800\" height=\"600\" srcset=\"https:\/\/serbia.com\/wp-content\/uploads\/2015\/06\/zlakusa-5.jpg 1024w, https:\/\/serbia.com\/wp-content\/uploads\/2015\/06\/zlakusa-5-300x225.jpg 300w\" sizes=\"(max-width: 800px) 100vw, 800px\" \/><\/p>\n<p>Proizvodi iz Zlakuse tra\u017eeni su i omiljeni i u dijaspori. Ljudi iz Srbije znaju za vrednost i zna\u010daj ovog posu\u0111a, kao i za specifi\u010dan ukus koji hrana pripremljena u njemu ima. Iz tog razloga ga rado kupuju i na taj na\u010din nastavljaju da \u010duvaju i prenose srpsku tradiciju.<\/p>\n","protected":false},"excerpt":{"rendered":"<p>U Zlakusi, malom selu koje odi\u0161e prirodno\u0161\u0107u, gostoljubljivo\u0161\u0107u i lepotom, i danas se izra\u0111uje \u010duvena glinena grn\u010darija. Vredne ruke zlakuskih doma\u0107ina godinama \u010duvaju \u010detiri veka staru tehniku kojom se posu\u0111e [&hellip;]<\/p>\n","protected":false},"author":9,"featured_media":34252,"parent":34018,"menu_order":0,"comment_status":"closed","ping_status":"closed","template":"","meta":{"_acf_changed":false,"inline_featured_image":false,"_monsterinsights_skip_tracking":false,"_monsterinsights_sitenote_active":false,"_monsterinsights_sitenote_note":"","_monsterinsights_sitenote_category":0,"footnotes":""},"categories":[3352],"tags":[],"class_list":["post-46436","page","type-page","status-publish","has-post-thumbnail","hentry","category-nematerijalno-kulturno-naslede"],"acf":[],"yoast_head":"<!-- This site is optimized with the Yoast SEO plugin v23.8 - https:\/\/yoast.com\/wordpress\/plugins\/seo\/ -->\n<title>Zlakuska lon\u010darija kao \u010duvar srpskog identiteta - Serbia.com<\/title>\n<meta name=\"robots\" content=\"index, follow, max-snippet:-1, max-image-preview:large, max-video-preview:-1\" \/>\n<link rel=\"canonical\" href=\"https:\/\/serbia.com\/srpski\/o-srbiji\/kultura\/nematerijalno-kulturno-nasledje-srbije\/nematerijalno-kulturno-naslede-kao-cuvar-srpskog-identiteta\/zlakuska-loncarija-kao-cuvar-srpskog-identiteta\/\" \/>\n<meta property=\"og:locale\" content=\"en_US\" \/>\n<meta property=\"og:type\" content=\"article\" \/>\n<meta property=\"og:title\" content=\"Zlakuska lon\u010darija kao \u010duvar srpskog identiteta - Serbia.com\" \/>\n<meta property=\"og:description\" content=\"U Zlakusi, malom selu koje odi\u0161e prirodno\u0161\u0107u, gostoljubljivo\u0161\u0107u i lepotom, i danas se izra\u0111uje \u010duvena glinena grn\u010darija. Vredne ruke zlakuskih doma\u0107ina godinama \u010duvaju \u010detiri veka staru tehniku kojom se posu\u0111e [&hellip;]\" \/>\n<meta property=\"og:url\" content=\"https:\/\/serbia.com\/srpski\/o-srbiji\/kultura\/nematerijalno-kulturno-nasledje-srbije\/nematerijalno-kulturno-naslede-kao-cuvar-srpskog-identiteta\/zlakuska-loncarija-kao-cuvar-srpskog-identiteta\/\" \/>\n<meta property=\"og:site_name\" content=\"Serbia.com\" \/>\n<meta property=\"article:modified_time\" content=\"2024-06-05T09:14:50+00:00\" \/>\n<meta property=\"og:image\" content=\"https:\/\/serbia.com\/wp-content\/uploads\/2015\/06\/zlakusa1.jpg\" \/>\n\t<meta property=\"og:image:width\" content=\"1024\" \/>\n\t<meta property=\"og:image:height\" content=\"768\" \/>\n\t<meta property=\"og:image:type\" content=\"image\/jpeg\" \/>\n<meta name=\"twitter:label1\" content=\"Est. reading time\" \/>\n\t<meta name=\"twitter:data1\" content=\"4 minutes\" \/>\n<script type=\"application\/ld+json\" class=\"yoast-schema-graph\">{\"@context\":\"https:\/\/schema.org\",\"@graph\":[{\"@type\":\"WebPage\",\"@id\":\"https:\/\/serbia.com\/srpski\/o-srbiji\/kultura\/nematerijalno-kulturno-nasledje-srbije\/nematerijalno-kulturno-naslede-kao-cuvar-srpskog-identiteta\/zlakuska-loncarija-kao-cuvar-srpskog-identiteta\/\",\"url\":\"https:\/\/serbia.com\/srpski\/o-srbiji\/kultura\/nematerijalno-kulturno-nasledje-srbije\/nematerijalno-kulturno-naslede-kao-cuvar-srpskog-identiteta\/zlakuska-loncarija-kao-cuvar-srpskog-identiteta\/\",\"name\":\"Zlakuska lon\u010darija kao \u010duvar srpskog identiteta - Serbia.com\",\"isPartOf\":{\"@id\":\"https:\/\/serbia.com\/#website\"},\"primaryImageOfPage\":{\"@id\":\"https:\/\/serbia.com\/srpski\/o-srbiji\/kultura\/nematerijalno-kulturno-nasledje-srbije\/nematerijalno-kulturno-naslede-kao-cuvar-srpskog-identiteta\/zlakuska-loncarija-kao-cuvar-srpskog-identiteta\/#primaryimage\"},\"image\":{\"@id\":\"https:\/\/serbia.com\/srpski\/o-srbiji\/kultura\/nematerijalno-kulturno-nasledje-srbije\/nematerijalno-kulturno-naslede-kao-cuvar-srpskog-identiteta\/zlakuska-loncarija-kao-cuvar-srpskog-identiteta\/#primaryimage\"},\"thumbnailUrl\":\"https:\/\/serbia.com\/wp-content\/uploads\/2015\/06\/zlakusa1.jpg\",\"datePublished\":\"2016-02-25T15:29:50+00:00\",\"dateModified\":\"2024-06-05T09:14:50+00:00\",\"breadcrumb\":{\"@id\":\"https:\/\/serbia.com\/srpski\/o-srbiji\/kultura\/nematerijalno-kulturno-nasledje-srbije\/nematerijalno-kulturno-naslede-kao-cuvar-srpskog-identiteta\/zlakuska-loncarija-kao-cuvar-srpskog-identiteta\/#breadcrumb\"},\"inLanguage\":\"srpski\",\"potentialAction\":[{\"@type\":\"ReadAction\",\"target\":[\"https:\/\/serbia.com\/srpski\/o-srbiji\/kultura\/nematerijalno-kulturno-nasledje-srbije\/nematerijalno-kulturno-naslede-kao-cuvar-srpskog-identiteta\/zlakuska-loncarija-kao-cuvar-srpskog-identiteta\/\"]}]},{\"@type\":\"ImageObject\",\"inLanguage\":\"srpski\",\"@id\":\"https:\/\/serbia.com\/srpski\/o-srbiji\/kultura\/nematerijalno-kulturno-nasledje-srbije\/nematerijalno-kulturno-naslede-kao-cuvar-srpskog-identiteta\/zlakuska-loncarija-kao-cuvar-srpskog-identiteta\/#primaryimage\",\"url\":\"https:\/\/serbia.com\/wp-content\/uploads\/2015\/06\/zlakusa1.jpg\",\"contentUrl\":\"https:\/\/serbia.com\/wp-content\/uploads\/2015\/06\/zlakusa1.jpg\",\"width\":1024,\"height\":768},{\"@type\":\"BreadcrumbList\",\"@id\":\"https:\/\/serbia.com\/srpski\/o-srbiji\/kultura\/nematerijalno-kulturno-nasledje-srbije\/nematerijalno-kulturno-naslede-kao-cuvar-srpskog-identiteta\/zlakuska-loncarija-kao-cuvar-srpskog-identiteta\/#breadcrumb\",\"itemListElement\":[{\"@type\":\"ListItem\",\"position\":1,\"name\":\"Home\",\"item\":\"https:\/\/serbia.com\/srpski\/\"},{\"@type\":\"ListItem\",\"position\":2,\"name\":\"O Srbiji\",\"item\":\"https:\/\/serbia.com\/srpski\/o-srbiji\/\"},{\"@type\":\"ListItem\",\"position\":3,\"name\":\"Kultura\",\"item\":\"https:\/\/serbia.com\/srpski\/o-srbiji\/kultura\/\"},{\"@type\":\"ListItem\",\"position\":4,\"name\":\"Nematerijalno kulturno nasle\u0111e Srbije\",\"item\":\"https:\/\/serbia.com\/srpski\/o-srbiji\/kultura\/nematerijalno-kulturno-nasledje-srbije\/\"},{\"@type\":\"ListItem\",\"position\":5,\"name\":\"Nematerijalno kulturno nasle\u0111e kao \u010duvar srpskog identiteta\",\"item\":\"https:\/\/serbia.com\/srpski\/o-srbiji\/kultura\/nematerijalno-kulturno-nasledje-srbije\/nematerijalno-kulturno-naslede-kao-cuvar-srpskog-identiteta\/\"},{\"@type\":\"ListItem\",\"position\":6,\"name\":\"Zlakuska lon\u010darija kao \u010duvar srpskog identiteta\"}]},{\"@type\":\"WebSite\",\"@id\":\"https:\/\/serbia.com\/#website\",\"url\":\"https:\/\/serbia.com\/\",\"name\":\"Serbia.com\",\"description\":\"Your Gateway to Serbia\",\"potentialAction\":[{\"@type\":\"SearchAction\",\"target\":{\"@type\":\"EntryPoint\",\"urlTemplate\":\"https:\/\/serbia.com\/?s={search_term_string}\"},\"query-input\":{\"@type\":\"PropertyValueSpecification\",\"valueRequired\":true,\"valueName\":\"search_term_string\"}}],\"inLanguage\":\"srpski\"}]}<\/script>\n<!-- \/ Yoast SEO plugin. -->","yoast_head_json":{"title":"Zlakuska lon\u010darija kao \u010duvar srpskog identiteta - Serbia.com","robots":{"index":"index","follow":"follow","max-snippet":"max-snippet:-1","max-image-preview":"max-image-preview:large","max-video-preview":"max-video-preview:-1"},"canonical":"https:\/\/serbia.com\/srpski\/o-srbiji\/kultura\/nematerijalno-kulturno-nasledje-srbije\/nematerijalno-kulturno-naslede-kao-cuvar-srpskog-identiteta\/zlakuska-loncarija-kao-cuvar-srpskog-identiteta\/","og_locale":"en_US","og_type":"article","og_title":"Zlakuska lon\u010darija kao \u010duvar srpskog identiteta - Serbia.com","og_description":"U Zlakusi, malom selu koje odi\u0161e prirodno\u0161\u0107u, gostoljubljivo\u0161\u0107u i lepotom, i danas se izra\u0111uje \u010duvena glinena grn\u010darija. Vredne ruke zlakuskih doma\u0107ina godinama \u010duvaju \u010detiri veka staru tehniku kojom se posu\u0111e [&hellip;]","og_url":"https:\/\/serbia.com\/srpski\/o-srbiji\/kultura\/nematerijalno-kulturno-nasledje-srbije\/nematerijalno-kulturno-naslede-kao-cuvar-srpskog-identiteta\/zlakuska-loncarija-kao-cuvar-srpskog-identiteta\/","og_site_name":"Serbia.com","article_modified_time":"2024-06-05T09:14:50+00:00","og_image":[{"width":1024,"height":768,"url":"https:\/\/serbia.com\/wp-content\/uploads\/2015\/06\/zlakusa1.jpg","type":"image\/jpeg"}],"twitter_misc":{"Est. reading time":"4 minutes"},"schema":{"@context":"https:\/\/schema.org","@graph":[{"@type":"WebPage","@id":"https:\/\/serbia.com\/srpski\/o-srbiji\/kultura\/nematerijalno-kulturno-nasledje-srbije\/nematerijalno-kulturno-naslede-kao-cuvar-srpskog-identiteta\/zlakuska-loncarija-kao-cuvar-srpskog-identiteta\/","url":"https:\/\/serbia.com\/srpski\/o-srbiji\/kultura\/nematerijalno-kulturno-nasledje-srbije\/nematerijalno-kulturno-naslede-kao-cuvar-srpskog-identiteta\/zlakuska-loncarija-kao-cuvar-srpskog-identiteta\/","name":"Zlakuska lon\u010darija kao \u010duvar srpskog identiteta - Serbia.com","isPartOf":{"@id":"https:\/\/serbia.com\/#website"},"primaryImageOfPage":{"@id":"https:\/\/serbia.com\/srpski\/o-srbiji\/kultura\/nematerijalno-kulturno-nasledje-srbije\/nematerijalno-kulturno-naslede-kao-cuvar-srpskog-identiteta\/zlakuska-loncarija-kao-cuvar-srpskog-identiteta\/#primaryimage"},"image":{"@id":"https:\/\/serbia.com\/srpski\/o-srbiji\/kultura\/nematerijalno-kulturno-nasledje-srbije\/nematerijalno-kulturno-naslede-kao-cuvar-srpskog-identiteta\/zlakuska-loncarija-kao-cuvar-srpskog-identiteta\/#primaryimage"},"thumbnailUrl":"https:\/\/serbia.com\/wp-content\/uploads\/2015\/06\/zlakusa1.jpg","datePublished":"2016-02-25T15:29:50+00:00","dateModified":"2024-06-05T09:14:50+00:00","breadcrumb":{"@id":"https:\/\/serbia.com\/srpski\/o-srbiji\/kultura\/nematerijalno-kulturno-nasledje-srbije\/nematerijalno-kulturno-naslede-kao-cuvar-srpskog-identiteta\/zlakuska-loncarija-kao-cuvar-srpskog-identiteta\/#breadcrumb"},"inLanguage":"srpski","potentialAction":[{"@type":"ReadAction","target":["https:\/\/serbia.com\/srpski\/o-srbiji\/kultura\/nematerijalno-kulturno-nasledje-srbije\/nematerijalno-kulturno-naslede-kao-cuvar-srpskog-identiteta\/zlakuska-loncarija-kao-cuvar-srpskog-identiteta\/"]}]},{"@type":"ImageObject","inLanguage":"srpski","@id":"https:\/\/serbia.com\/srpski\/o-srbiji\/kultura\/nematerijalno-kulturno-nasledje-srbije\/nematerijalno-kulturno-naslede-kao-cuvar-srpskog-identiteta\/zlakuska-loncarija-kao-cuvar-srpskog-identiteta\/#primaryimage","url":"https:\/\/serbia.com\/wp-content\/uploads\/2015\/06\/zlakusa1.jpg","contentUrl":"https:\/\/serbia.com\/wp-content\/uploads\/2015\/06\/zlakusa1.jpg","width":1024,"height":768},{"@type":"BreadcrumbList","@id":"https:\/\/serbia.com\/srpski\/o-srbiji\/kultura\/nematerijalno-kulturno-nasledje-srbije\/nematerijalno-kulturno-naslede-kao-cuvar-srpskog-identiteta\/zlakuska-loncarija-kao-cuvar-srpskog-identiteta\/#breadcrumb","itemListElement":[{"@type":"ListItem","position":1,"name":"Home","item":"https:\/\/serbia.com\/srpski\/"},{"@type":"ListItem","position":2,"name":"O Srbiji","item":"https:\/\/serbia.com\/srpski\/o-srbiji\/"},{"@type":"ListItem","position":3,"name":"Kultura","item":"https:\/\/serbia.com\/srpski\/o-srbiji\/kultura\/"},{"@type":"ListItem","position":4,"name":"Nematerijalno kulturno nasle\u0111e Srbije","item":"https:\/\/serbia.com\/srpski\/o-srbiji\/kultura\/nematerijalno-kulturno-nasledje-srbije\/"},{"@type":"ListItem","position":5,"name":"Nematerijalno kulturno nasle\u0111e kao \u010duvar srpskog identiteta","item":"https:\/\/serbia.com\/srpski\/o-srbiji\/kultura\/nematerijalno-kulturno-nasledje-srbije\/nematerijalno-kulturno-naslede-kao-cuvar-srpskog-identiteta\/"},{"@type":"ListItem","position":6,"name":"Zlakuska lon\u010darija kao \u010duvar srpskog identiteta"}]},{"@type":"WebSite","@id":"https:\/\/serbia.com\/#website","url":"https:\/\/serbia.com\/","name":"Serbia.com","description":"Your Gateway to Serbia","potentialAction":[{"@type":"SearchAction","target":{"@type":"EntryPoint","urlTemplate":"https:\/\/serbia.com\/?s={search_term_string}"},"query-input":{"@type":"PropertyValueSpecification","valueRequired":true,"valueName":"search_term_string"}}],"inLanguage":"srpski"}]}},"_links":{"self":[{"href":"https:\/\/serbia.com\/srpski\/wp-json\/wp\/v2\/pages\/46436"}],"collection":[{"href":"https:\/\/serbia.com\/srpski\/wp-json\/wp\/v2\/pages"}],"about":[{"href":"https:\/\/serbia.com\/srpski\/wp-json\/wp\/v2\/types\/page"}],"author":[{"embeddable":true,"href":"https:\/\/serbia.com\/srpski\/wp-json\/wp\/v2\/users\/9"}],"replies":[{"embeddable":true,"href":"https:\/\/serbia.com\/srpski\/wp-json\/wp\/v2\/comments?post=46436"}],"version-history":[{"count":1,"href":"https:\/\/serbia.com\/srpski\/wp-json\/wp\/v2\/pages\/46436\/revisions"}],"predecessor-version":[{"id":53270,"href":"https:\/\/serbia.com\/srpski\/wp-json\/wp\/v2\/pages\/46436\/revisions\/53270"}],"up":[{"embeddable":true,"href":"https:\/\/serbia.com\/srpski\/wp-json\/wp\/v2\/pages\/34018"}],"wp:featuredmedia":[{"embeddable":true,"href":"https:\/\/serbia.com\/srpski\/wp-json\/wp\/v2\/media\/34252"}],"wp:attachment":[{"href":"https:\/\/serbia.com\/srpski\/wp-json\/wp\/v2\/media?parent=46436"}],"wp:term":[{"taxonomy":"category","embeddable":true,"href":"https:\/\/serbia.com\/srpski\/wp-json\/wp\/v2\/categories?post=46436"},{"taxonomy":"post_tag","embeddable":true,"href":"https:\/\/serbia.com\/srpski\/wp-json\/wp\/v2\/tags?post=46436"}],"curies":[{"name":"wp","href":"https:\/\/api.w.org\/{rel}","templated":true}]}}