{"id":44199,"date":"2016-01-18T15:59:48","date_gmt":"2016-01-18T14:59:48","guid":{"rendered":"http:\/\/www.serbia.com\/srpski\/?page_id=44199"},"modified":"2024-06-06T10:08:14","modified_gmt":"2024-06-06T08:08:14","slug":"sviranje-na-kavalu","status":"publish","type":"page","link":"https:\/\/serbia.com\/srpski\/o-srbiji\/kultura\/nematerijalno-kulturno-nasledje-srbije\/nematerijalno-kulturno-naslede-kao-cuvar-srpskog-identiteta\/sviranje-na-kavalu\/","title":{"rendered":"Sviranje na kavalu"},"content":{"rendered":"<h2>Uprkos opasnosti da se vekovna tradicija prekine, instrument koji su pastiri svirali dok su vodili ovce na ispa\u0161u, i dalje odoleva vremenu i savremenim tehnologijama.<\/h2>\n<p>Sviranje na kavalu danas predstavlja redak, ali veoma vredan deo muzi\u010dkog nasle\u0111a, kojim se \u010duvaju srpski obi\u010daji, kultura i istorija.<\/p>\n<p>Uz zvuke kavala, koji <strong>pripada grupi najstarijih duva\u010dkih muzi\u010dkih instrumenata<\/strong>, nekada su se okupljali pastiri, zavr\u0161avali radovi u polju i \u010duvale ovce. O njegovom zna\u010daju i va\u017enom polo\u017eaju u \u017eivotu <a href=\"http:\/\/www.serbia.com\/srpski\/o-srbiji\/narod-srbije\/\" target=\"_blank\" rel=\"noopener\">srpskog naroda<\/a> u ju\u017enim krajevima, najbolje svedo\u010de brojna predanja. Naime, nekada su zbog sviranja \u010duvenog Borisava Bo\u0161ko\u0107evi\u0107a, ljudi prekidali radove u polju, sedali u hlad drve\u0107a i slu\u0161ali umilne zvuke kavala. <strong>Kaval je jedini tradicionalni duva\u010dki instrument u na\u0161oj tradiciji uz \u010diju pratnju se peva.<\/strong><\/p>\n<p><em>Predstave muzi\u010dara na freskama srednjovekovnih <a href=\"http:\/\/www.serbia.com\/srpski\/posetite-srbiju\/kulturne-atrakcije\/manastiri-i-crkve\/\" target=\"_blank\" rel=\"noopener\">manastira i crkava<\/a> ovog dela Balkana, ukazaju na to da kaval datira iz srednjeg veka. Na strani gde se svira postoji zao\u0161tren brid koji omogu\u0107ava lak\u0161e dobijanje tona. Ton se dobija tek kada se kaval dr\u017ei priljubljen uz usne polupopre\u010dno, odnosno po uglom od pribli\u017eno 45 stepeni, a svira\u010d duva pravo.<\/em><\/p>\n<p>Arhai\u010dan na\u010din izrade, jo\u0161 jedan je svedok duga\u010dke istorije i tradicije kavala. Re\u010d je o \u0161upljoj drvenoj cevi otvorenoj sa obe strane, du\u017eine izme\u0111u 65 i 90 centimetara. Naime, neobi\u010dan pastirski instrument izra\u0111uje se od <img loading=\"lazy\" decoding=\"async\" class=\"alignleft size-medium wp-image-44196\" src=\"http:\/\/www.serbia.com\/wp-content\/uploads\/2016\/01\/miloos-215x300.jpg\" alt=\"Milo\u0161 Nikoli\u0107\" width=\"215\" height=\"300\" srcset=\"https:\/\/serbia.com\/wp-content\/uploads\/2016\/01\/miloos-215x300.jpg 215w, https:\/\/serbia.com\/wp-content\/uploads\/2016\/01\/miloos-768x1071.jpg 768w, https:\/\/serbia.com\/wp-content\/uploads\/2016\/01\/miloos-734x1024.jpg 734w, https:\/\/serbia.com\/wp-content\/uploads\/2016\/01\/miloos.jpg 800w\" sizes=\"(max-width: 215px) 100vw, 215px\" \/>jasena, drena, zove, a u novije vreme, i od plastike i metala. <strong>U srpskoj <a href=\"http:\/\/www.serbia.com\/srpski\/o-srbiji\/kultura\/muzika\/\" target=\"_blank\" rel=\"noopener\">muzi\u010dkoj tradiciji<\/a>, kaval je najzastupljeniji u ju\u017enoj Srbiji \u2013 na Kosovu, kao i u jugoisto\u010dnoj i isto\u010dnoj Srbiji.<\/strong><\/p>\n<p><strong>Vremenom je interesovanje za bavljenje sto\u010darstvom zamiralo, \u0161to se negativno odrazilo na sviranje na kavalu<\/strong>. Ipak, umilan zvuk tradicionalnog <a href=\"http:\/\/www.serbia.com\/srpski\/narodni-instrumenti-2\/\" target=\"_blank\" rel=\"noopener\">srpskog instrumenta<\/a> i dalje nije i\u0161\u010dezao.<\/p>\n<p><strong>Danas ga od zaborava \u010duvaju talentovani muzi\u010dari \u0161irom Srbije<\/strong> ali i \u0161kole i institucije kao \u0161to su Muzi\u010dka \u0161kola \u201eMokranjac\u201c iz Beograda, Srpsko etnomuzikolo\u0161ko dru\u0161tvo, Centar za istra\u017eivanje i o\u010duvanje tradicionalnih igara Srbije (CIOTIS), Odsek za Etnomuzikologiju FMU. Brojna srpska kulturno-umetni\u010dka dru\u0161tva, u matici i u dijaspori,\u00a0 sve \u010de\u0161\u0107e u svoj instrumentarijum uvode kaval.<\/p>\n<p><strong>Prekretnica u dana\u0161njoj obnovi sviranja na kavalu dogodila se u <a href=\"http:\/\/www.serbia.com\/srpski\/posetite-srbiju\/gradovi\/beograd\/\" target=\"_blank\" rel=\"noopener\">Beogradu<\/a> i okolini po\u010detkom devedestih godina 20. veka<\/strong>. Tada se ponovo javilo ve\u0107e interesovanje za sviranje na kavalu, a prvi svira\u010di bili su slikar i <strong>freskopisac Predrag Stojkovi\u0107<\/strong> i njegov u\u010denik <strong>Vladimir Simi<\/strong>\u0107. Uporedo sa njima, po\u010deo da je svira <strong>Milo\u0161 Nikoli\u0107<\/strong>, danas profesor kavala.<\/p>\n<p><em>Jedan od \u010duvenih svira\u010da na kavalu izme\u0111u dva svetska rata bio je Borisav Bo\u0161ko\u0107evi\u0107 iz Sirini\u0107ke \u017eupe, a posle drugog svetskog rata, najpoznatiji je bio pokojni Milko Veli\u010dkovi\u0107 (Pe\u0107inov\u010devi\u0107) i danas aktivni Miladin Bo\u0161ko\u0107evi\u0107 i Veselin Bo\u0161kovi\u0107 iz sela \u0160trpce.<\/em><\/p>\n<p>Zajedni\u010dkim naporima, <strong>u Muzi\u010dkoj \u0161koli \u201eMokranjac\u201c u Beogradu 1995. osnovan je, po prvi put u istoriji srpskog \u0161kolstva, Odsek za srpsko tradicionalno pevanje i sviranje (etno-odsek<\/strong>). Prvi put se u zvani\u010dnu, dr\u017eavnu muzi\u010dku \u0161kolu uvelo i izu\u010davanje ve\u0161tina tradicionalnog pevanja i sviranja. Na po\u010detku se krenulo sa tradicionalnim pevanjem, <a href=\"http:\/\/www.serbia.com\/srpski\/o-srbiji\/kultura\/nematerijalno-kulturno-nasledje-srbije\/nematerijalno-kulturno-naslede-kao-cuvar-srpskog-identiteta\/frulaska-praksa\/\" target=\"_blank\" rel=\"noopener\">frulom<\/a> (sviralom) i <a href=\"http:\/\/www.serbia.com\/srpski\/o-srbiji\/kultura\/nematerijalno-kulturno-nasledje-srbije\/nematerijalno-kulturno-naslede-kao-cuvar-srpskog-identiteta\/pevanje-uz-gusle\/\" target=\"_blank\" rel=\"noopener\">guslama<\/a>, a 2004. godine je uveden i kaval.<\/p>\n<p>Zajedno sa preostalih dvadeset i \u0161est elemenata, sviranje na kavalu je 18. juna 2012. godine upisano i u Nacionalni registar <a href=\"http:\/\/www.serbia.com\/srpski\/o-srbiji\/kultura\/nematerijalno-kulturno-nasledje-srbije\/\" target=\"_blank\" rel=\"noopener\">nematerijalnog kulturnog nasle\u0111a Republike Srbije<\/a>. Na taj na\u010din, ljudima iz na\u0161e zemlje ali i van njenih granica, pru\u017eena je prilika da se upoznaju sa ovim va\u017enim delom muzi\u010dke kulture, i da samim tim shvate njen vrednost i zna\u010daj.<\/p>\n<p>O budu\u0107nosti muzi\u010dke tradicije kojoj svakako treba posvetiti naro\u010ditu pa\u017enju, profesor kavala i dr um. Milo\u0161 Nikoli\u0107, ima pozitivno mi\u0161ljenje. <em>\u201eDanas se u Srbiji ose\u0107a veoma pozitivna kulturna klima u kojoj se tradicionalna muzika do\u017eivljava i vrednuje kao vrhunsko umetni\u010dko nasle\u0111e i kao muzi\u010dka slika srpskog naroda u celini. U tom kontekstu, u poslednje tri decenije zapo\u010deta obnova sviranja na tradicionalnim instrumentima, me\u0111u njima i sviranja na kavalu, svakako daje nadu da ove ve\u0161tine ni pod kojim spolja\u0161njim uslovima vi\u0161e ne\u0107e prestati da postoje\u201c.<\/em><\/p>\n<h4>Sviranje na kavalu u dijaspori<\/h4>\n<p><strong>Na vredan deo muzi\u010dkog nasle\u0111a, nisu zaboravili ni Srbi u dijaspori<\/strong>. \u0160tavi\u0161e, mesta na koncertima su uvek popunjena a Srbi koji su napustili mati\u010dnu dr\u017eavu rado u\u017eivaju u zvucima kavala. <em>&#8220;Na svojim brojnim koncertima, kao i nastupima u\u010denika etno-odseka Muzi\u010dke \u0161kole \u201eMokranjac\u201c \u0161irom vaseljene (Japan, Francuska, Nema\u010dka, Austrija, \u0160panija, Kanada, Kipar, Gr\u010dka, Rusija, Hrvatska, Slovenija, Makedonija, Crna Gora, Bosna i Hercegovina), lepota sviranja na kavalu je privla\u010dila posebnu pa\u017enju, kako na\u0161ih sunarodnika iz dijaspore, tako i stranaca\u201c<\/em>, obja\u0161njava profesor kavala Milo\u0161 Nikoli\u0107.<\/p>\n<p>On dodaje da su u kavalu, ali i u \u010ditavom opusu srpske tradicionalne muzike videli iskonsko muzi\u010dko blago koje je \u010dekalo i do\u010dekalo vreme da bude otkriveno i dato na dar svima, kao nasledje vaskolikog \u010dove\u010danstva.<\/p>\n","protected":false},"excerpt":{"rendered":"<p>Uprkos opasnosti da se vekovna tradicija prekine, instrument koji su pastiri svirali dok su vodili ovce na ispa\u0161u, i dalje odoleva vremenu i savremenim tehnologijama. Sviranje na kavalu danas predstavlja [&hellip;]<\/p>\n","protected":false},"author":9,"featured_media":44194,"parent":34018,"menu_order":0,"comment_status":"closed","ping_status":"closed","template":"","meta":{"_acf_changed":false,"inline_featured_image":false,"_monsterinsights_skip_tracking":false,"_monsterinsights_sitenote_active":false,"_monsterinsights_sitenote_note":"","_monsterinsights_sitenote_category":0,"footnotes":""},"categories":[977],"tags":[],"class_list":["post-44199","page","type-page","status-publish","has-post-thumbnail","hentry","category-muzika-kultura-otkrijte-srbiju"],"acf":[],"yoast_head":"<!-- This site is optimized with the Yoast SEO plugin v23.8 - https:\/\/yoast.com\/wordpress\/plugins\/seo\/ -->\n<title>Sviranje na kavalu - Serbia.com<\/title>\n<meta name=\"robots\" content=\"index, follow, max-snippet:-1, max-image-preview:large, max-video-preview:-1\" \/>\n<link rel=\"canonical\" href=\"https:\/\/serbia.com\/srpski\/o-srbiji\/kultura\/nematerijalno-kulturno-nasledje-srbije\/nematerijalno-kulturno-naslede-kao-cuvar-srpskog-identiteta\/sviranje-na-kavalu\/\" \/>\n<meta property=\"og:locale\" content=\"en_US\" \/>\n<meta property=\"og:type\" content=\"article\" \/>\n<meta property=\"og:title\" content=\"Sviranje na kavalu - Serbia.com\" \/>\n<meta property=\"og:description\" content=\"Uprkos opasnosti da se vekovna tradicija prekine, instrument koji su pastiri svirali dok su vodili ovce na ispa\u0161u, i dalje odoleva vremenu i savremenim tehnologijama. Sviranje na kavalu danas predstavlja [&hellip;]\" \/>\n<meta property=\"og:url\" content=\"https:\/\/serbia.com\/srpski\/o-srbiji\/kultura\/nematerijalno-kulturno-nasledje-srbije\/nematerijalno-kulturno-naslede-kao-cuvar-srpskog-identiteta\/sviranje-na-kavalu\/\" \/>\n<meta property=\"og:site_name\" content=\"Serbia.com\" \/>\n<meta property=\"article:modified_time\" content=\"2024-06-06T08:08:14+00:00\" \/>\n<meta property=\"og:image\" content=\"https:\/\/serbia.com\/wp-content\/uploads\/2016\/01\/milos-kaval-2.jpg\" \/>\n\t<meta property=\"og:image:width\" content=\"1600\" \/>\n\t<meta property=\"og:image:height\" content=\"653\" \/>\n\t<meta property=\"og:image:type\" content=\"image\/jpeg\" \/>\n<meta name=\"twitter:label1\" content=\"Est. reading time\" \/>\n\t<meta name=\"twitter:data1\" content=\"4 minutes\" \/>\n<script type=\"application\/ld+json\" class=\"yoast-schema-graph\">{\"@context\":\"https:\/\/schema.org\",\"@graph\":[{\"@type\":\"WebPage\",\"@id\":\"https:\/\/serbia.com\/srpski\/o-srbiji\/kultura\/nematerijalno-kulturno-nasledje-srbije\/nematerijalno-kulturno-naslede-kao-cuvar-srpskog-identiteta\/sviranje-na-kavalu\/\",\"url\":\"https:\/\/serbia.com\/srpski\/o-srbiji\/kultura\/nematerijalno-kulturno-nasledje-srbije\/nematerijalno-kulturno-naslede-kao-cuvar-srpskog-identiteta\/sviranje-na-kavalu\/\",\"name\":\"Sviranje na kavalu - Serbia.com\",\"isPartOf\":{\"@id\":\"https:\/\/serbia.com\/#website\"},\"primaryImageOfPage\":{\"@id\":\"https:\/\/serbia.com\/srpski\/o-srbiji\/kultura\/nematerijalno-kulturno-nasledje-srbije\/nematerijalno-kulturno-naslede-kao-cuvar-srpskog-identiteta\/sviranje-na-kavalu\/#primaryimage\"},\"image\":{\"@id\":\"https:\/\/serbia.com\/srpski\/o-srbiji\/kultura\/nematerijalno-kulturno-nasledje-srbije\/nematerijalno-kulturno-naslede-kao-cuvar-srpskog-identiteta\/sviranje-na-kavalu\/#primaryimage\"},\"thumbnailUrl\":\"https:\/\/serbia.com\/wp-content\/uploads\/2016\/01\/milos-kaval-2.jpg\",\"datePublished\":\"2016-01-18T14:59:48+00:00\",\"dateModified\":\"2024-06-06T08:08:14+00:00\",\"breadcrumb\":{\"@id\":\"https:\/\/serbia.com\/srpski\/o-srbiji\/kultura\/nematerijalno-kulturno-nasledje-srbije\/nematerijalno-kulturno-naslede-kao-cuvar-srpskog-identiteta\/sviranje-na-kavalu\/#breadcrumb\"},\"inLanguage\":\"srpski\",\"potentialAction\":[{\"@type\":\"ReadAction\",\"target\":[\"https:\/\/serbia.com\/srpski\/o-srbiji\/kultura\/nematerijalno-kulturno-nasledje-srbije\/nematerijalno-kulturno-naslede-kao-cuvar-srpskog-identiteta\/sviranje-na-kavalu\/\"]}]},{\"@type\":\"ImageObject\",\"inLanguage\":\"srpski\",\"@id\":\"https:\/\/serbia.com\/srpski\/o-srbiji\/kultura\/nematerijalno-kulturno-nasledje-srbije\/nematerijalno-kulturno-naslede-kao-cuvar-srpskog-identiteta\/sviranje-na-kavalu\/#primaryimage\",\"url\":\"https:\/\/serbia.com\/wp-content\/uploads\/2016\/01\/milos-kaval-2.jpg\",\"contentUrl\":\"https:\/\/serbia.com\/wp-content\/uploads\/2016\/01\/milos-kaval-2.jpg\",\"width\":1600,\"height\":653},{\"@type\":\"BreadcrumbList\",\"@id\":\"https:\/\/serbia.com\/srpski\/o-srbiji\/kultura\/nematerijalno-kulturno-nasledje-srbije\/nematerijalno-kulturno-naslede-kao-cuvar-srpskog-identiteta\/sviranje-na-kavalu\/#breadcrumb\",\"itemListElement\":[{\"@type\":\"ListItem\",\"position\":1,\"name\":\"Home\",\"item\":\"https:\/\/serbia.com\/srpski\/\"},{\"@type\":\"ListItem\",\"position\":2,\"name\":\"O Srbiji\",\"item\":\"https:\/\/serbia.com\/srpski\/o-srbiji\/\"},{\"@type\":\"ListItem\",\"position\":3,\"name\":\"Kultura\",\"item\":\"https:\/\/serbia.com\/srpski\/o-srbiji\/kultura\/\"},{\"@type\":\"ListItem\",\"position\":4,\"name\":\"Nematerijalno kulturno nasle\u0111e Srbije\",\"item\":\"https:\/\/serbia.com\/srpski\/o-srbiji\/kultura\/nematerijalno-kulturno-nasledje-srbije\/\"},{\"@type\":\"ListItem\",\"position\":5,\"name\":\"Nematerijalno kulturno nasle\u0111e kao \u010duvar srpskog identiteta\",\"item\":\"https:\/\/serbia.com\/srpski\/o-srbiji\/kultura\/nematerijalno-kulturno-nasledje-srbije\/nematerijalno-kulturno-naslede-kao-cuvar-srpskog-identiteta\/\"},{\"@type\":\"ListItem\",\"position\":6,\"name\":\"Sviranje na kavalu\"}]},{\"@type\":\"WebSite\",\"@id\":\"https:\/\/serbia.com\/#website\",\"url\":\"https:\/\/serbia.com\/\",\"name\":\"Serbia.com\",\"description\":\"Your Gateway to Serbia\",\"potentialAction\":[{\"@type\":\"SearchAction\",\"target\":{\"@type\":\"EntryPoint\",\"urlTemplate\":\"https:\/\/serbia.com\/?s={search_term_string}\"},\"query-input\":{\"@type\":\"PropertyValueSpecification\",\"valueRequired\":true,\"valueName\":\"search_term_string\"}}],\"inLanguage\":\"srpski\"}]}<\/script>\n<!-- \/ Yoast SEO plugin. -->","yoast_head_json":{"title":"Sviranje na kavalu - Serbia.com","robots":{"index":"index","follow":"follow","max-snippet":"max-snippet:-1","max-image-preview":"max-image-preview:large","max-video-preview":"max-video-preview:-1"},"canonical":"https:\/\/serbia.com\/srpski\/o-srbiji\/kultura\/nematerijalno-kulturno-nasledje-srbije\/nematerijalno-kulturno-naslede-kao-cuvar-srpskog-identiteta\/sviranje-na-kavalu\/","og_locale":"en_US","og_type":"article","og_title":"Sviranje na kavalu - Serbia.com","og_description":"Uprkos opasnosti da se vekovna tradicija prekine, instrument koji su pastiri svirali dok su vodili ovce na ispa\u0161u, i dalje odoleva vremenu i savremenim tehnologijama. Sviranje na kavalu danas predstavlja [&hellip;]","og_url":"https:\/\/serbia.com\/srpski\/o-srbiji\/kultura\/nematerijalno-kulturno-nasledje-srbije\/nematerijalno-kulturno-naslede-kao-cuvar-srpskog-identiteta\/sviranje-na-kavalu\/","og_site_name":"Serbia.com","article_modified_time":"2024-06-06T08:08:14+00:00","og_image":[{"width":1600,"height":653,"url":"https:\/\/serbia.com\/wp-content\/uploads\/2016\/01\/milos-kaval-2.jpg","type":"image\/jpeg"}],"twitter_misc":{"Est. reading time":"4 minutes"},"schema":{"@context":"https:\/\/schema.org","@graph":[{"@type":"WebPage","@id":"https:\/\/serbia.com\/srpski\/o-srbiji\/kultura\/nematerijalno-kulturno-nasledje-srbije\/nematerijalno-kulturno-naslede-kao-cuvar-srpskog-identiteta\/sviranje-na-kavalu\/","url":"https:\/\/serbia.com\/srpski\/o-srbiji\/kultura\/nematerijalno-kulturno-nasledje-srbije\/nematerijalno-kulturno-naslede-kao-cuvar-srpskog-identiteta\/sviranje-na-kavalu\/","name":"Sviranje na kavalu - Serbia.com","isPartOf":{"@id":"https:\/\/serbia.com\/#website"},"primaryImageOfPage":{"@id":"https:\/\/serbia.com\/srpski\/o-srbiji\/kultura\/nematerijalno-kulturno-nasledje-srbije\/nematerijalno-kulturno-naslede-kao-cuvar-srpskog-identiteta\/sviranje-na-kavalu\/#primaryimage"},"image":{"@id":"https:\/\/serbia.com\/srpski\/o-srbiji\/kultura\/nematerijalno-kulturno-nasledje-srbije\/nematerijalno-kulturno-naslede-kao-cuvar-srpskog-identiteta\/sviranje-na-kavalu\/#primaryimage"},"thumbnailUrl":"https:\/\/serbia.com\/wp-content\/uploads\/2016\/01\/milos-kaval-2.jpg","datePublished":"2016-01-18T14:59:48+00:00","dateModified":"2024-06-06T08:08:14+00:00","breadcrumb":{"@id":"https:\/\/serbia.com\/srpski\/o-srbiji\/kultura\/nematerijalno-kulturno-nasledje-srbije\/nematerijalno-kulturno-naslede-kao-cuvar-srpskog-identiteta\/sviranje-na-kavalu\/#breadcrumb"},"inLanguage":"srpski","potentialAction":[{"@type":"ReadAction","target":["https:\/\/serbia.com\/srpski\/o-srbiji\/kultura\/nematerijalno-kulturno-nasledje-srbije\/nematerijalno-kulturno-naslede-kao-cuvar-srpskog-identiteta\/sviranje-na-kavalu\/"]}]},{"@type":"ImageObject","inLanguage":"srpski","@id":"https:\/\/serbia.com\/srpski\/o-srbiji\/kultura\/nematerijalno-kulturno-nasledje-srbije\/nematerijalno-kulturno-naslede-kao-cuvar-srpskog-identiteta\/sviranje-na-kavalu\/#primaryimage","url":"https:\/\/serbia.com\/wp-content\/uploads\/2016\/01\/milos-kaval-2.jpg","contentUrl":"https:\/\/serbia.com\/wp-content\/uploads\/2016\/01\/milos-kaval-2.jpg","width":1600,"height":653},{"@type":"BreadcrumbList","@id":"https:\/\/serbia.com\/srpski\/o-srbiji\/kultura\/nematerijalno-kulturno-nasledje-srbije\/nematerijalno-kulturno-naslede-kao-cuvar-srpskog-identiteta\/sviranje-na-kavalu\/#breadcrumb","itemListElement":[{"@type":"ListItem","position":1,"name":"Home","item":"https:\/\/serbia.com\/srpski\/"},{"@type":"ListItem","position":2,"name":"O Srbiji","item":"https:\/\/serbia.com\/srpski\/o-srbiji\/"},{"@type":"ListItem","position":3,"name":"Kultura","item":"https:\/\/serbia.com\/srpski\/o-srbiji\/kultura\/"},{"@type":"ListItem","position":4,"name":"Nematerijalno kulturno nasle\u0111e Srbije","item":"https:\/\/serbia.com\/srpski\/o-srbiji\/kultura\/nematerijalno-kulturno-nasledje-srbije\/"},{"@type":"ListItem","position":5,"name":"Nematerijalno kulturno nasle\u0111e kao \u010duvar srpskog identiteta","item":"https:\/\/serbia.com\/srpski\/o-srbiji\/kultura\/nematerijalno-kulturno-nasledje-srbije\/nematerijalno-kulturno-naslede-kao-cuvar-srpskog-identiteta\/"},{"@type":"ListItem","position":6,"name":"Sviranje na kavalu"}]},{"@type":"WebSite","@id":"https:\/\/serbia.com\/#website","url":"https:\/\/serbia.com\/","name":"Serbia.com","description":"Your Gateway to Serbia","potentialAction":[{"@type":"SearchAction","target":{"@type":"EntryPoint","urlTemplate":"https:\/\/serbia.com\/?s={search_term_string}"},"query-input":{"@type":"PropertyValueSpecification","valueRequired":true,"valueName":"search_term_string"}}],"inLanguage":"srpski"}]}},"_links":{"self":[{"href":"https:\/\/serbia.com\/srpski\/wp-json\/wp\/v2\/pages\/44199"}],"collection":[{"href":"https:\/\/serbia.com\/srpski\/wp-json\/wp\/v2\/pages"}],"about":[{"href":"https:\/\/serbia.com\/srpski\/wp-json\/wp\/v2\/types\/page"}],"author":[{"embeddable":true,"href":"https:\/\/serbia.com\/srpski\/wp-json\/wp\/v2\/users\/9"}],"replies":[{"embeddable":true,"href":"https:\/\/serbia.com\/srpski\/wp-json\/wp\/v2\/comments?post=44199"}],"version-history":[{"count":1,"href":"https:\/\/serbia.com\/srpski\/wp-json\/wp\/v2\/pages\/44199\/revisions"}],"predecessor-version":[{"id":53351,"href":"https:\/\/serbia.com\/srpski\/wp-json\/wp\/v2\/pages\/44199\/revisions\/53351"}],"up":[{"embeddable":true,"href":"https:\/\/serbia.com\/srpski\/wp-json\/wp\/v2\/pages\/34018"}],"wp:featuredmedia":[{"embeddable":true,"href":"https:\/\/serbia.com\/srpski\/wp-json\/wp\/v2\/media\/44194"}],"wp:attachment":[{"href":"https:\/\/serbia.com\/srpski\/wp-json\/wp\/v2\/media?parent=44199"}],"wp:term":[{"taxonomy":"category","embeddable":true,"href":"https:\/\/serbia.com\/srpski\/wp-json\/wp\/v2\/categories?post=44199"},{"taxonomy":"post_tag","embeddable":true,"href":"https:\/\/serbia.com\/srpski\/wp-json\/wp\/v2\/tags?post=44199"}],"curies":[{"name":"wp","href":"https:\/\/api.w.org\/{rel}","templated":true}]}}