{"id":38889,"date":"2015-12-07T14:58:32","date_gmt":"2015-12-07T13:58:32","guid":{"rendered":"http:\/\/www.serbia.com\/srpski\/?page_id=38889"},"modified":"2024-10-20T20:47:58","modified_gmt":"2024-10-20T18:47:58","slug":"skijanje-u-srbiji","status":"publish","type":"page","link":"https:\/\/serbia.com\/srpski\/posetite-srbiju\/provedi-se\/rekreacija\/skijanje-u-srbiji\/","title":{"rendered":"Skijanje u Srbiji"},"content":{"rendered":"<p style=\"text-align: justify;\">Po\u010detnicima ili vrhunskim skija\u0161ima, onima koji vole lepo ure\u0111ene staze ili onima koji u\u017eivaju u adrenalinskom skijanju, ali i svim ljubiteljima zimskih sportova, <a href=\"http:\/\/www.serbia.com\/srpski\/posetite-srbiju\/prirodne-lepote\/planine\/\" target=\"_blank\" rel=\"noopener\">planine u Srbiji<\/a> imaju mnogo toga da ponude.<\/p>\n<p style=\"text-align: justify;\">Sa preko 25 <a href=\"https:\/\/serbia.com\/srpski\/ski-centri-u-srbiji-skijanje-za-pamcenje\/\">ski centara<\/a> na najlep\u0161im planinskim vrhovima okru\u017eenim \u010darobnom prirodom, gustim \u0161umama i \u010distim vazduhom, ure\u0111enim i dobro povezanim stazama i \u017ei\u010darama, ali i velikim mogu\u0107nostima za dalje razvijanje \u2013 ponuda skijali\u0161ta u Srbiji je iz godine u godinu sve bolja.<\/p>\n<p style=\"text-align: justify;\"><a href=\"http:\/\/www.serbia.com\/srpski\/posetite-srbiju\/prirodne-lepote\/planine\/kopaonik-suncana-planina-puna-srebra\/\" target=\"_blank\" rel=\"noopener\"><strong>Kopaonik<\/strong><\/a>, <strong><a href=\"http:\/\/www.serbia.com\/srpski\/posetite-srbiju\/prirodne-lepote\/planine\/stara-planina-prirodni-rezervat-u-dve-drzave\/\" target=\"_blank\" rel=\"noopener\">Stara planina<\/a><\/strong>, <strong><a href=\"http:\/\/www.serbia.com\/srpski\/posetite-srbiju\/prirodne-lepote\/planine\/zlatibor-ukras-na-1-000-metara-visine\/\" target=\"_blank\" rel=\"noopener\">Zlatibor<\/a><\/strong>, <strong><a href=\"http:\/\/www.serbia.com\/srpski\/posetite-srbiju\/prirodne-lepote\/planine\/tara-planinski-dom-staroslovenskih-bogova\/\" target=\"_blank\" rel=\"noopener\">Tara<\/a><\/strong>, <strong><a href=\"http:\/\/www.serbia.com\/srpski\/37789\/\" target=\"_blank\" rel=\"noopener\">Go\u010d<\/a><\/strong> i <strong><a href=\"https:\/\/serbia.com\/srpski\/posetite-srbiju\/prirodne-lepote\/planine\/planina-divcibare-srpski-dragulj-prirode-kulture-i-avanture\/\">Div\u010dibare<\/a><\/strong> najpoznatiji su i najpose\u0107eniji ski centri u Srbiji. Svaki od njih poseban je na svoj na\u010din, a raznovrsnim ponudama koje svake zime predstavljaju turistima, omogu\u0107avaju da svako prona\u0111e ono \u0161to \u017eeli.<\/p>\n<p style=\"text-align: justify;\">U\u017eivanje u suncu, skijanju, snowboardu i motornim sankama preko dana, ili nezaboravno no\u0107no skijanje, zabava uz tradicionalnu hranu, pi\u0107e i muziku u ve\u010dernjim satima. Do\u0111ite, i uverite se i sami!<\/p>\n","protected":false},"excerpt":{"rendered":"<p>Po\u010detnicima ili vrhunskim skija\u0161ima, onima koji vole lepo ure\u0111ene staze ili onima koji u\u017eivaju u adrenalinskom skijanju, ali i svim ljubiteljima zimskih sportova, planine u Srbiji imaju mnogo toga da [&hellip;]<\/p>\n","protected":false},"author":9,"featured_media":38883,"parent":20413,"menu_order":0,"comment_status":"closed","ping_status":"closed","template":"","meta":{"_acf_changed":false,"inline_featured_image":false,"_monsterinsights_skip_tracking":false,"_monsterinsights_sitenote_active":false,"_monsterinsights_sitenote_note":"","_monsterinsights_sitenote_category":0,"footnotes":""},"categories":[2118],"tags":[],"class_list":["post-38889","page","type-page","status-publish","has-post-thumbnail","hentry","category-rekreacija-provedi-se"],"acf":[],"yoast_head":"<!-- This site is optimized with the Yoast SEO plugin v27.4 - https:\/\/yoast.com\/product\/yoast-seo-wordpress\/ -->\n<title>Skijanje u Srbiji - Serbia.com<\/title>\n<meta name=\"robots\" content=\"index, follow, max-snippet:-1, max-image-preview:large, max-video-preview:-1\" \/>\n<link rel=\"canonical\" href=\"https:\/\/serbia.com\/srpski\/posetite-srbiju\/provedi-se\/rekreacija\/skijanje-u-srbiji\/\" \/>\n<meta property=\"og:locale\" content=\"en_US\" \/>\n<meta property=\"og:type\" content=\"article\" \/>\n<meta property=\"og:title\" content=\"Skijanje u Srbiji - Serbia.com\" \/>\n<meta property=\"og:description\" content=\"Po\u010detnicima ili vrhunskim skija\u0161ima, onima koji vole lepo ure\u0111ene staze ili onima koji u\u017eivaju u adrenalinskom skijanju, ali i svim ljubiteljima zimskih sportova, planine u Srbiji imaju mnogo toga da [&hellip;]\" \/>\n<meta property=\"og:url\" content=\"https:\/\/serbia.com\/srpski\/posetite-srbiju\/provedi-se\/rekreacija\/skijanje-u-srbiji\/\" \/>\n<meta property=\"og:site_name\" content=\"Serbia.com\" \/>\n<meta property=\"article:modified_time\" content=\"2024-10-20T18:47:58+00:00\" \/>\n<meta property=\"og:image\" content=\"https:\/\/serbia.com\/wp-content\/uploads\/2015\/12\/skier1-e1717150522526.jpg\" \/>\n\t<meta property=\"og:image:width\" content=\"1600\" \/>\n\t<meta property=\"og:image:height\" content=\"805\" \/>\n\t<meta property=\"og:image:type\" content=\"image\/jpeg\" \/>\n<meta name=\"twitter:label1\" content=\"Est. reading time\" \/>\n\t<meta name=\"twitter:data1\" content=\"1 minute\" \/>\n<script type=\"application\/ld+json\" class=\"yoast-schema-graph\">{\"@context\":\"https:\\\/\\\/schema.org\",\"@graph\":[{\"@type\":\"WebPage\",\"@id\":\"https:\\\/\\\/serbia.com\\\/srpski\\\/posetite-srbiju\\\/provedi-se\\\/rekreacija\\\/skijanje-u-srbiji\\\/\",\"url\":\"https:\\\/\\\/serbia.com\\\/srpski\\\/posetite-srbiju\\\/provedi-se\\\/rekreacija\\\/skijanje-u-srbiji\\\/\",\"name\":\"Skijanje u Srbiji - Serbia.com\",\"isPartOf\":{\"@id\":\"https:\\\/\\\/serbia.com\\\/#website\"},\"primaryImageOfPage\":{\"@id\":\"https:\\\/\\\/serbia.com\\\/srpski\\\/posetite-srbiju\\\/provedi-se\\\/rekreacija\\\/skijanje-u-srbiji\\\/#primaryimage\"},\"image\":{\"@id\":\"https:\\\/\\\/serbia.com\\\/srpski\\\/posetite-srbiju\\\/provedi-se\\\/rekreacija\\\/skijanje-u-srbiji\\\/#primaryimage\"},\"thumbnailUrl\":\"https:\\\/\\\/serbia.com\\\/wp-content\\\/uploads\\\/2015\\\/12\\\/skier1-e1717150522526.jpg\",\"datePublished\":\"2015-12-07T13:58:32+00:00\",\"dateModified\":\"2024-10-20T18:47:58+00:00\",\"breadcrumb\":{\"@id\":\"https:\\\/\\\/serbia.com\\\/srpski\\\/posetite-srbiju\\\/provedi-se\\\/rekreacija\\\/skijanje-u-srbiji\\\/#breadcrumb\"},\"inLanguage\":\"srpski\",\"potentialAction\":[{\"@type\":\"ReadAction\",\"target\":[\"https:\\\/\\\/serbia.com\\\/srpski\\\/posetite-srbiju\\\/provedi-se\\\/rekreacija\\\/skijanje-u-srbiji\\\/\"]}]},{\"@type\":\"ImageObject\",\"inLanguage\":\"srpski\",\"@id\":\"https:\\\/\\\/serbia.com\\\/srpski\\\/posetite-srbiju\\\/provedi-se\\\/rekreacija\\\/skijanje-u-srbiji\\\/#primaryimage\",\"url\":\"https:\\\/\\\/serbia.com\\\/wp-content\\\/uploads\\\/2015\\\/12\\\/skier1-e1717150522526.jpg\",\"contentUrl\":\"https:\\\/\\\/serbia.com\\\/wp-content\\\/uploads\\\/2015\\\/12\\\/skier1-e1717150522526.jpg\",\"width\":1600,\"height\":805},{\"@type\":\"BreadcrumbList\",\"@id\":\"https:\\\/\\\/serbia.com\\\/srpski\\\/posetite-srbiju\\\/provedi-se\\\/rekreacija\\\/skijanje-u-srbiji\\\/#breadcrumb\",\"itemListElement\":[{\"@type\":\"ListItem\",\"position\":1,\"name\":\"Home\",\"item\":\"https:\\\/\\\/serbia.com\\\/srpski\\\/srbija\\\/\"},{\"@type\":\"ListItem\",\"position\":2,\"name\":\"Poseti Srbiju\",\"item\":\"https:\\\/\\\/serbia.com\\\/srpski\\\/posetite-srbiju\\\/\"},{\"@type\":\"ListItem\",\"position\":3,\"name\":\"Provedi se\",\"item\":\"https:\\\/\\\/serbia.com\\\/srpski\\\/posetite-srbiju\\\/provedi-se\\\/\"},{\"@type\":\"ListItem\",\"position\":4,\"name\":\"Rekreacija\",\"item\":\"https:\\\/\\\/serbia.com\\\/srpski\\\/posetite-srbiju\\\/provedi-se\\\/rekreacija\\\/\"},{\"@type\":\"ListItem\",\"position\":5,\"name\":\"Skijanje u Srbiji\"}]},{\"@type\":\"WebSite\",\"@id\":\"https:\\\/\\\/serbia.com\\\/#website\",\"url\":\"https:\\\/\\\/serbia.com\\\/\",\"name\":\"Serbia.com\",\"description\":\"Your Gateway to Serbia\",\"potentialAction\":[{\"@type\":\"SearchAction\",\"target\":{\"@type\":\"EntryPoint\",\"urlTemplate\":\"https:\\\/\\\/serbia.com\\\/?s={search_term_string}\"},\"query-input\":{\"@type\":\"PropertyValueSpecification\",\"valueRequired\":true,\"valueName\":\"search_term_string\"}}],\"inLanguage\":\"srpski\"}]}<\/script>\n<!-- \/ Yoast SEO plugin. -->","yoast_head_json":{"title":"Skijanje u Srbiji - Serbia.com","robots":{"index":"index","follow":"follow","max-snippet":"max-snippet:-1","max-image-preview":"max-image-preview:large","max-video-preview":"max-video-preview:-1"},"canonical":"https:\/\/serbia.com\/srpski\/posetite-srbiju\/provedi-se\/rekreacija\/skijanje-u-srbiji\/","og_locale":"en_US","og_type":"article","og_title":"Skijanje u Srbiji - Serbia.com","og_description":"Po\u010detnicima ili vrhunskim skija\u0161ima, onima koji vole lepo ure\u0111ene staze ili onima koji u\u017eivaju u adrenalinskom skijanju, ali i svim ljubiteljima zimskih sportova, planine u Srbiji imaju mnogo toga da [&hellip;]","og_url":"https:\/\/serbia.com\/srpski\/posetite-srbiju\/provedi-se\/rekreacija\/skijanje-u-srbiji\/","og_site_name":"Serbia.com","article_modified_time":"2024-10-20T18:47:58+00:00","og_image":[{"width":1600,"height":805,"url":"https:\/\/serbia.com\/wp-content\/uploads\/2015\/12\/skier1-e1717150522526.jpg","type":"image\/jpeg"}],"twitter_misc":{"Est. reading time":"1 minute"},"schema":{"@context":"https:\/\/schema.org","@graph":[{"@type":"WebPage","@id":"https:\/\/serbia.com\/srpski\/posetite-srbiju\/provedi-se\/rekreacija\/skijanje-u-srbiji\/","url":"https:\/\/serbia.com\/srpski\/posetite-srbiju\/provedi-se\/rekreacija\/skijanje-u-srbiji\/","name":"Skijanje u Srbiji - Serbia.com","isPartOf":{"@id":"https:\/\/serbia.com\/#website"},"primaryImageOfPage":{"@id":"https:\/\/serbia.com\/srpski\/posetite-srbiju\/provedi-se\/rekreacija\/skijanje-u-srbiji\/#primaryimage"},"image":{"@id":"https:\/\/serbia.com\/srpski\/posetite-srbiju\/provedi-se\/rekreacija\/skijanje-u-srbiji\/#primaryimage"},"thumbnailUrl":"https:\/\/serbia.com\/wp-content\/uploads\/2015\/12\/skier1-e1717150522526.jpg","datePublished":"2015-12-07T13:58:32+00:00","dateModified":"2024-10-20T18:47:58+00:00","breadcrumb":{"@id":"https:\/\/serbia.com\/srpski\/posetite-srbiju\/provedi-se\/rekreacija\/skijanje-u-srbiji\/#breadcrumb"},"inLanguage":"srpski","potentialAction":[{"@type":"ReadAction","target":["https:\/\/serbia.com\/srpski\/posetite-srbiju\/provedi-se\/rekreacija\/skijanje-u-srbiji\/"]}]},{"@type":"ImageObject","inLanguage":"srpski","@id":"https:\/\/serbia.com\/srpski\/posetite-srbiju\/provedi-se\/rekreacija\/skijanje-u-srbiji\/#primaryimage","url":"https:\/\/serbia.com\/wp-content\/uploads\/2015\/12\/skier1-e1717150522526.jpg","contentUrl":"https:\/\/serbia.com\/wp-content\/uploads\/2015\/12\/skier1-e1717150522526.jpg","width":1600,"height":805},{"@type":"BreadcrumbList","@id":"https:\/\/serbia.com\/srpski\/posetite-srbiju\/provedi-se\/rekreacija\/skijanje-u-srbiji\/#breadcrumb","itemListElement":[{"@type":"ListItem","position":1,"name":"Home","item":"https:\/\/serbia.com\/srpski\/srbija\/"},{"@type":"ListItem","position":2,"name":"Poseti Srbiju","item":"https:\/\/serbia.com\/srpski\/posetite-srbiju\/"},{"@type":"ListItem","position":3,"name":"Provedi se","item":"https:\/\/serbia.com\/srpski\/posetite-srbiju\/provedi-se\/"},{"@type":"ListItem","position":4,"name":"Rekreacija","item":"https:\/\/serbia.com\/srpski\/posetite-srbiju\/provedi-se\/rekreacija\/"},{"@type":"ListItem","position":5,"name":"Skijanje u Srbiji"}]},{"@type":"WebSite","@id":"https:\/\/serbia.com\/#website","url":"https:\/\/serbia.com\/","name":"Serbia.com","description":"Your Gateway to Serbia","potentialAction":[{"@type":"SearchAction","target":{"@type":"EntryPoint","urlTemplate":"https:\/\/serbia.com\/?s={search_term_string}"},"query-input":{"@type":"PropertyValueSpecification","valueRequired":true,"valueName":"search_term_string"}}],"inLanguage":"srpski"}]}},"brizy_media":[],"_links":{"self":[{"href":"https:\/\/serbia.com\/srpski\/wp-json\/wp\/v2\/pages\/38889","targetHints":{"allow":["GET"]}}],"collection":[{"href":"https:\/\/serbia.com\/srpski\/wp-json\/wp\/v2\/pages"}],"about":[{"href":"https:\/\/serbia.com\/srpski\/wp-json\/wp\/v2\/types\/page"}],"author":[{"embeddable":true,"href":"https:\/\/serbia.com\/srpski\/wp-json\/wp\/v2\/users\/9"}],"replies":[{"embeddable":true,"href":"https:\/\/serbia.com\/srpski\/wp-json\/wp\/v2\/comments?post=38889"}],"version-history":[{"count":1,"href":"https:\/\/serbia.com\/srpski\/wp-json\/wp\/v2\/pages\/38889\/revisions"}],"predecessor-version":[{"id":55786,"href":"https:\/\/serbia.com\/srpski\/wp-json\/wp\/v2\/pages\/38889\/revisions\/55786"}],"up":[{"embeddable":true,"href":"https:\/\/serbia.com\/srpski\/wp-json\/wp\/v2\/pages\/20413"}],"wp:featuredmedia":[{"embeddable":true,"href":"https:\/\/serbia.com\/srpski\/wp-json\/wp\/v2\/media\/38883"}],"wp:attachment":[{"href":"https:\/\/serbia.com\/srpski\/wp-json\/wp\/v2\/media?parent=38889"}],"wp:term":[{"taxonomy":"category","embeddable":true,"href":"https:\/\/serbia.com\/srpski\/wp-json\/wp\/v2\/categories?post=38889"},{"taxonomy":"post_tag","embeddable":true,"href":"https:\/\/serbia.com\/srpski\/wp-json\/wp\/v2\/tags?post=38889"}],"curies":[{"name":"wp","href":"https:\/\/api.w.org\/{rel}","templated":true}]}}