{"id":37302,"date":"2015-11-19T16:16:41","date_gmt":"2015-11-19T15:16:41","guid":{"rendered":"http:\/\/www.serbia.com\/srpski\/?page_id=37302"},"modified":"2024-06-06T09:32:03","modified_gmt":"2024-06-06T07:32:03","slug":"rumenka-spoj-igre-i-tradicije","status":"publish","type":"page","link":"https:\/\/serbia.com\/srpski\/o-srbiji\/kultura\/nematerijalno-kulturno-nasledje-srbije\/nematerijalno-kulturno-naslede-kao-cuvar-srpskog-identiteta\/rumenka-spoj-igre-i-tradicije\/","title":{"rendered":"Rumenka, spoj igre i tradicije"},"content":{"rendered":"<h2 style=\"text-align: justify;\">Narodna igra \u010dija se specifi\u010dnost ogleda u \u010destom ne poklapanju igra\u010dke i muzi\u010dke faze, ve\u0107 godinama unazad izvodi se sa velikom ljubavlju, posve\u0107eno\u0161\u0107u i jednim ciljem \u2013 da se Rumenka o\u010duva u autenti\u010dnom obliku a tradicija nastavi da se prenosi sa generacije na generaciju.<\/h2>\n<p style=\"text-align: justify;\">Usled preplitanja i me\u0161anja razli\u010ditih oblika kulturne ba\u0161tine, <strong>poreklo i geografski lokalitet na kome je odre\u0111ena tradicionalna igra nastala, \u010desto je te\u0161ko sa sigurno\u0161\u0107u odrediti<\/strong>.<\/p>\n<p style=\"text-align: justify;\"><a class=\"dt-single-image\" href=\"http:\/\/www.serbia.com\/wp-content\/uploads\/2015\/11\/1.jpg\" data-dt-img-description=\"\"><img loading=\"lazy\" decoding=\"async\" class=\"alignleft wp-image-37292 size-medium\" src=\"http:\/\/www.serbia.com\/wp-content\/uploads\/2015\/11\/1-300x200.jpg\" alt=\"1\" width=\"300\" height=\"200\" \/><\/a>Po tome se ni \u201cRumenka\u201d ne razlikuje od drugih narodnih igara \u010dija istorija se\u017ee daleko u pro\u0161lost.<\/p>\n<p style=\"text-align: justify;\"><em>\u201cOno \u0161to se pouzdano mo\u017ee re\u0107i je da je igra &#8220;Rumenka&#8221; najvi\u0161e bila zastupljena u oblasti Golaka i ju\u017enije prema ni\u0161kom polju i reci Ni\u0161avi, kao i u okolini <a href=\"http:\/\/www.serbia.com\/srpski\/posetite-srbiju\/prirodne-lepote\/banje\/sokobanja\/\" target=\"_blank\" rel=\"noopener\">Soko Banje<\/a>. Tako\u0111e se mogla zabele\u017eiti u mnogim krajevima isto\u010dne Srbije, a prostirala se sve do severo isto\u010dne Srbije, ta\u010dnije do reke <a href=\"http:\/\/www.serbia.com\/srpski\/posetite-srbiju\/prirodne-lepote\/reke-i-jezera\/dunav-mesto-spajanja-i-razdvajanja\/\" target=\"_blank\" rel=\"noopener\">Dunav<\/a> na severu\u201d<\/em>, obja\u0161njava Simona Ne\u0161i\u0107 iz ansambla KOLO.<\/p>\n<p style=\"text-align: justify;\">Oblasti, pa \u010dak i manja mesta poput naselja i sela, uticali su na razli\u010dite varijante i obrasce igre. Iz tog razloga, danas postoji nekoliko na\u010dina na koje se ova tradicionalna igra izvodi. <strong>Osnovni oblik bilo je otvoreno kolo igra\u010da sa istaknutom ulogom prvog i poslednjeg igra\u010da<\/strong> \u2013 <em>kolovo\u0111om<\/em> i <em>zavrckolom<\/em>, a izvodila se u osmooktavnom, desettaktovnom i \u0161esnaesttaktovnom obrascu.<\/p>\n<p><em>Specifi\u010dnost \u201cRumenke\u201d ogleda se u dva segmenta: prvi je da se igra\u010dka i muzi\u010dka faza naj\u010de\u0161\u0107e ne poklapaju, a drugi je karakteristi\u010dan na\u010din-stil igre koji je posebno izra\u017een u sokobanjskom kraju koji se naziva &#8220;podvo\u017eenje&#8221;.<\/em><\/p>\n<p style=\"text-align: justify;\">Uprkos lepoti, kao i velikom kulturnom i umetni\u010dkom zna\u010daju, <strong>ova tradicionalna igra se sve re\u0111e mo\u017ee \u010duti i videti<\/strong>. Naime, isklju\u010divo zahvaljuju\u0107i velikom broju KUD-ova i \u0161kola <a href=\"http:\/\/www.serbia.com\/srpski\/folklor-vekovna-narodna-umetnost-2\/\" target=\"_blank\" rel=\"noopener\">folklora<\/a>, \u201cRumenka\u201d i dalje \u017eivi.<\/p>\n<p style=\"text-align: justify;\"><em>\u201cSve je manje mogu\u0107nosti za upra\u017enjavanje tradicionalnih igara, a \u010dest je slu\u010daj da se i na svetkovinama kao \u0161to su na primer svadbe, sve re\u0111e mo\u017ee videti narodna igra. U tome prednja\u010de veliki gradovi i urbana naselja, pa je iz tih razloga mnogo zastupljenija narodna igra\u00a0u seoskim i ruralnim sredinama\u201d<\/em>, ka\u017ee Ne\u0161i\u0107eva za Serbia.com.<\/p>\n<p style=\"text-align: justify;\"><a class=\"dt-single-image\" href=\"http:\/\/www.serbia.com\/wp-content\/uploads\/2015\/11\/rumenka222.jpg\" data-dt-img-description=\"\"><img loading=\"lazy\" decoding=\"async\" class=\"aligncenter wp-image-37297 size-full\" src=\"http:\/\/www.serbia.com\/wp-content\/uploads\/2015\/11\/rumenka222.jpg\" alt=\"rumenka222\" width=\"800\" height=\"335\" srcset=\"https:\/\/serbia.com\/wp-content\/uploads\/2015\/11\/rumenka222.jpg 800w, https:\/\/serbia.com\/wp-content\/uploads\/2015\/11\/rumenka222-300x126.jpg 300w\" sizes=\"(max-width: 800px) 100vw, 800px\" \/><\/a><\/p>\n<p style=\"text-align: justify;\">Zabrinjavaju\u0107i je i podatak da se\u00a0 sve re\u0111e mogu sresti igra\u010dki obrasci koji su nekada postojali. Iz tog razloga, \u010desto se de\u0161ava da se igra potpuno druga\u010dije od izvornih varijanti. Najva\u017eniji zadatak Ansamla KOLO, ali i drugih KUD-ova jeste, i treba da bude, da se \u201cRumenka\u201d i sli\u010dne<strong> tradicionalne igre o\u010duvaju u autenti\u010dnom obliku, formi i muzici.<\/strong><\/p>\n<h4 style=\"text-align: justify;\">Ansambl KOLO i \u201cRumenka\u201d nastupaju \u0161irom sveta<\/h4>\n<p style=\"text-align: justify;\"><strong>Koncerti u Torontu, Hamiltonu, Klivlendu, Milvokiju i \u010cikagu<\/strong>, samo su neki od mnogobrojnih nastupa Ansambla KOLO, putem kojih dijaspori ali i ostalim posetiocima prbli\u017eavaju bogato <a href=\"http:\/\/www.serbia.com\/srpski\/o-srbiji\/kultura\/nematerijalno-kulturno-nasledje-srbije\/\" target=\"_blank\" rel=\"noopener\">srpsko kulturno nasle\u0111e<\/a>. Ova organizacija je juna 2009. gostovala <strong>u Trstu u okviru Dana Srba<\/strong>, na centralnom gradskom trgu pred vi\u0161e od 5000 posetilaca.<\/p>\n<p><em>Veliki uspeh predstavljaju gostovanja Ansambla KOLO u Australiji 2002. i 2003. u organizaciji Australijsko-Novizelandske eparhije SPC, Ministarstva kulture i Ministarstva dijaspore. Gostovanja su realizovana u saradnji sa na\u0161im udru\u017eenjima u dijaspori uz podr\u0161ku Ministarstva za dijasporu i Ministarstva kulture.<\/em><\/p>\n<p style=\"text-align: justify;\">Svi nastupi Ansambla KOLO izazivaju veliku pozornost i interesovanje publike u dijaspori. <strong>Posebnu pa\u017enja poklanja se obrazovanju i podsticanju mladih ljudi<\/strong> da kroz aktivnosti u kulturno umetni\u010dkim dru\u0161tvima doprinesu o\u010duvanju srpske tradicionalne kulture i umetnosti.<\/p>\n","protected":false},"excerpt":{"rendered":"<p>Narodna igra \u010dija se specifi\u010dnost ogleda u \u010destom ne poklapanju igra\u010dke i muzi\u010dke faze, ve\u0107 godinama unazad izvodi se sa velikom ljubavlju, posve\u0107eno\u0161\u0107u i jednim ciljem \u2013 da se Rumenka [&hellip;]<\/p>\n","protected":false},"author":9,"featured_media":36681,"parent":34018,"menu_order":0,"comment_status":"closed","ping_status":"closed","template":"","meta":{"_acf_changed":false,"inline_featured_image":false,"_monsterinsights_skip_tracking":false,"_monsterinsights_sitenote_active":false,"_monsterinsights_sitenote_note":"","_monsterinsights_sitenote_category":0,"footnotes":""},"categories":[977,3352],"tags":[],"class_list":["post-37302","page","type-page","status-publish","has-post-thumbnail","hentry","category-muzika-kultura-otkrijte-srbiju","category-nematerijalno-kulturno-naslede"],"acf":[],"yoast_head":"<!-- This site is optimized with the Yoast SEO plugin v23.8 - https:\/\/yoast.com\/wordpress\/plugins\/seo\/ -->\n<title>Rumenka, spoj igre i tradicije - Serbia.com<\/title>\n<meta name=\"robots\" content=\"index, follow, max-snippet:-1, max-image-preview:large, max-video-preview:-1\" \/>\n<link rel=\"canonical\" href=\"https:\/\/serbia.com\/srpski\/o-srbiji\/kultura\/nematerijalno-kulturno-nasledje-srbije\/nematerijalno-kulturno-naslede-kao-cuvar-srpskog-identiteta\/rumenka-spoj-igre-i-tradicije\/\" \/>\n<meta property=\"og:locale\" content=\"en_US\" \/>\n<meta property=\"og:type\" content=\"article\" \/>\n<meta property=\"og:title\" content=\"Rumenka, spoj igre i tradicije - Serbia.com\" \/>\n<meta property=\"og:description\" content=\"Narodna igra \u010dija se specifi\u010dnost ogleda u \u010destom ne poklapanju igra\u010dke i muzi\u010dke faze, ve\u0107 godinama unazad izvodi se sa velikom ljubavlju, posve\u0107eno\u0161\u0107u i jednim ciljem \u2013 da se Rumenka [&hellip;]\" \/>\n<meta property=\"og:url\" content=\"https:\/\/serbia.com\/srpski\/o-srbiji\/kultura\/nematerijalno-kulturno-nasledje-srbije\/nematerijalno-kulturno-naslede-kao-cuvar-srpskog-identiteta\/rumenka-spoj-igre-i-tradicije\/\" \/>\n<meta property=\"og:site_name\" content=\"Serbia.com\" \/>\n<meta property=\"article:modified_time\" content=\"2024-06-06T07:32:03+00:00\" \/>\n<meta property=\"og:image\" content=\"https:\/\/serbia.com\/wp-content\/uploads\/2015\/11\/rumenka1.jpg\" \/>\n\t<meta property=\"og:image:width\" content=\"1500\" \/>\n\t<meta property=\"og:image:height\" content=\"1000\" \/>\n\t<meta property=\"og:image:type\" content=\"image\/jpeg\" \/>\n<meta name=\"twitter:label1\" content=\"Est. reading time\" \/>\n\t<meta name=\"twitter:data1\" content=\"3 minutes\" \/>\n<script type=\"application\/ld+json\" class=\"yoast-schema-graph\">{\"@context\":\"https:\/\/schema.org\",\"@graph\":[{\"@type\":\"WebPage\",\"@id\":\"https:\/\/serbia.com\/srpski\/o-srbiji\/kultura\/nematerijalno-kulturno-nasledje-srbije\/nematerijalno-kulturno-naslede-kao-cuvar-srpskog-identiteta\/rumenka-spoj-igre-i-tradicije\/\",\"url\":\"https:\/\/serbia.com\/srpski\/o-srbiji\/kultura\/nematerijalno-kulturno-nasledje-srbije\/nematerijalno-kulturno-naslede-kao-cuvar-srpskog-identiteta\/rumenka-spoj-igre-i-tradicije\/\",\"name\":\"Rumenka, spoj igre i tradicije - Serbia.com\",\"isPartOf\":{\"@id\":\"https:\/\/serbia.com\/#website\"},\"primaryImageOfPage\":{\"@id\":\"https:\/\/serbia.com\/srpski\/o-srbiji\/kultura\/nematerijalno-kulturno-nasledje-srbije\/nematerijalno-kulturno-naslede-kao-cuvar-srpskog-identiteta\/rumenka-spoj-igre-i-tradicije\/#primaryimage\"},\"image\":{\"@id\":\"https:\/\/serbia.com\/srpski\/o-srbiji\/kultura\/nematerijalno-kulturno-nasledje-srbije\/nematerijalno-kulturno-naslede-kao-cuvar-srpskog-identiteta\/rumenka-spoj-igre-i-tradicije\/#primaryimage\"},\"thumbnailUrl\":\"https:\/\/serbia.com\/wp-content\/uploads\/2015\/11\/rumenka1.jpg\",\"datePublished\":\"2015-11-19T15:16:41+00:00\",\"dateModified\":\"2024-06-06T07:32:03+00:00\",\"breadcrumb\":{\"@id\":\"https:\/\/serbia.com\/srpski\/o-srbiji\/kultura\/nematerijalno-kulturno-nasledje-srbije\/nematerijalno-kulturno-naslede-kao-cuvar-srpskog-identiteta\/rumenka-spoj-igre-i-tradicije\/#breadcrumb\"},\"inLanguage\":\"srpski\",\"potentialAction\":[{\"@type\":\"ReadAction\",\"target\":[\"https:\/\/serbia.com\/srpski\/o-srbiji\/kultura\/nematerijalno-kulturno-nasledje-srbije\/nematerijalno-kulturno-naslede-kao-cuvar-srpskog-identiteta\/rumenka-spoj-igre-i-tradicije\/\"]}]},{\"@type\":\"ImageObject\",\"inLanguage\":\"srpski\",\"@id\":\"https:\/\/serbia.com\/srpski\/o-srbiji\/kultura\/nematerijalno-kulturno-nasledje-srbije\/nematerijalno-kulturno-naslede-kao-cuvar-srpskog-identiteta\/rumenka-spoj-igre-i-tradicije\/#primaryimage\",\"url\":\"https:\/\/serbia.com\/wp-content\/uploads\/2015\/11\/rumenka1.jpg\",\"contentUrl\":\"https:\/\/serbia.com\/wp-content\/uploads\/2015\/11\/rumenka1.jpg\",\"width\":1500,\"height\":1000},{\"@type\":\"BreadcrumbList\",\"@id\":\"https:\/\/serbia.com\/srpski\/o-srbiji\/kultura\/nematerijalno-kulturno-nasledje-srbije\/nematerijalno-kulturno-naslede-kao-cuvar-srpskog-identiteta\/rumenka-spoj-igre-i-tradicije\/#breadcrumb\",\"itemListElement\":[{\"@type\":\"ListItem\",\"position\":1,\"name\":\"Home\",\"item\":\"https:\/\/serbia.com\/srpski\/\"},{\"@type\":\"ListItem\",\"position\":2,\"name\":\"O Srbiji\",\"item\":\"https:\/\/serbia.com\/srpski\/o-srbiji\/\"},{\"@type\":\"ListItem\",\"position\":3,\"name\":\"Kultura\",\"item\":\"https:\/\/serbia.com\/srpski\/o-srbiji\/kultura\/\"},{\"@type\":\"ListItem\",\"position\":4,\"name\":\"Nematerijalno kulturno nasle\u0111e Srbije\",\"item\":\"https:\/\/serbia.com\/srpski\/o-srbiji\/kultura\/nematerijalno-kulturno-nasledje-srbije\/\"},{\"@type\":\"ListItem\",\"position\":5,\"name\":\"Nematerijalno kulturno nasle\u0111e kao \u010duvar srpskog identiteta\",\"item\":\"https:\/\/serbia.com\/srpski\/o-srbiji\/kultura\/nematerijalno-kulturno-nasledje-srbije\/nematerijalno-kulturno-naslede-kao-cuvar-srpskog-identiteta\/\"},{\"@type\":\"ListItem\",\"position\":6,\"name\":\"Rumenka, spoj igre i tradicije\"}]},{\"@type\":\"WebSite\",\"@id\":\"https:\/\/serbia.com\/#website\",\"url\":\"https:\/\/serbia.com\/\",\"name\":\"Serbia.com\",\"description\":\"Your Gateway to Serbia\",\"potentialAction\":[{\"@type\":\"SearchAction\",\"target\":{\"@type\":\"EntryPoint\",\"urlTemplate\":\"https:\/\/serbia.com\/?s={search_term_string}\"},\"query-input\":{\"@type\":\"PropertyValueSpecification\",\"valueRequired\":true,\"valueName\":\"search_term_string\"}}],\"inLanguage\":\"srpski\"}]}<\/script>\n<!-- \/ Yoast SEO plugin. -->","yoast_head_json":{"title":"Rumenka, spoj igre i tradicije - Serbia.com","robots":{"index":"index","follow":"follow","max-snippet":"max-snippet:-1","max-image-preview":"max-image-preview:large","max-video-preview":"max-video-preview:-1"},"canonical":"https:\/\/serbia.com\/srpski\/o-srbiji\/kultura\/nematerijalno-kulturno-nasledje-srbije\/nematerijalno-kulturno-naslede-kao-cuvar-srpskog-identiteta\/rumenka-spoj-igre-i-tradicije\/","og_locale":"en_US","og_type":"article","og_title":"Rumenka, spoj igre i tradicije - Serbia.com","og_description":"Narodna igra \u010dija se specifi\u010dnost ogleda u \u010destom ne poklapanju igra\u010dke i muzi\u010dke faze, ve\u0107 godinama unazad izvodi se sa velikom ljubavlju, posve\u0107eno\u0161\u0107u i jednim ciljem \u2013 da se Rumenka [&hellip;]","og_url":"https:\/\/serbia.com\/srpski\/o-srbiji\/kultura\/nematerijalno-kulturno-nasledje-srbije\/nematerijalno-kulturno-naslede-kao-cuvar-srpskog-identiteta\/rumenka-spoj-igre-i-tradicije\/","og_site_name":"Serbia.com","article_modified_time":"2024-06-06T07:32:03+00:00","og_image":[{"width":1500,"height":1000,"url":"https:\/\/serbia.com\/wp-content\/uploads\/2015\/11\/rumenka1.jpg","type":"image\/jpeg"}],"twitter_misc":{"Est. reading time":"3 minutes"},"schema":{"@context":"https:\/\/schema.org","@graph":[{"@type":"WebPage","@id":"https:\/\/serbia.com\/srpski\/o-srbiji\/kultura\/nematerijalno-kulturno-nasledje-srbije\/nematerijalno-kulturno-naslede-kao-cuvar-srpskog-identiteta\/rumenka-spoj-igre-i-tradicije\/","url":"https:\/\/serbia.com\/srpski\/o-srbiji\/kultura\/nematerijalno-kulturno-nasledje-srbije\/nematerijalno-kulturno-naslede-kao-cuvar-srpskog-identiteta\/rumenka-spoj-igre-i-tradicije\/","name":"Rumenka, spoj igre i tradicije - Serbia.com","isPartOf":{"@id":"https:\/\/serbia.com\/#website"},"primaryImageOfPage":{"@id":"https:\/\/serbia.com\/srpski\/o-srbiji\/kultura\/nematerijalno-kulturno-nasledje-srbije\/nematerijalno-kulturno-naslede-kao-cuvar-srpskog-identiteta\/rumenka-spoj-igre-i-tradicije\/#primaryimage"},"image":{"@id":"https:\/\/serbia.com\/srpski\/o-srbiji\/kultura\/nematerijalno-kulturno-nasledje-srbije\/nematerijalno-kulturno-naslede-kao-cuvar-srpskog-identiteta\/rumenka-spoj-igre-i-tradicije\/#primaryimage"},"thumbnailUrl":"https:\/\/serbia.com\/wp-content\/uploads\/2015\/11\/rumenka1.jpg","datePublished":"2015-11-19T15:16:41+00:00","dateModified":"2024-06-06T07:32:03+00:00","breadcrumb":{"@id":"https:\/\/serbia.com\/srpski\/o-srbiji\/kultura\/nematerijalno-kulturno-nasledje-srbije\/nematerijalno-kulturno-naslede-kao-cuvar-srpskog-identiteta\/rumenka-spoj-igre-i-tradicije\/#breadcrumb"},"inLanguage":"srpski","potentialAction":[{"@type":"ReadAction","target":["https:\/\/serbia.com\/srpski\/o-srbiji\/kultura\/nematerijalno-kulturno-nasledje-srbije\/nematerijalno-kulturno-naslede-kao-cuvar-srpskog-identiteta\/rumenka-spoj-igre-i-tradicije\/"]}]},{"@type":"ImageObject","inLanguage":"srpski","@id":"https:\/\/serbia.com\/srpski\/o-srbiji\/kultura\/nematerijalno-kulturno-nasledje-srbije\/nematerijalno-kulturno-naslede-kao-cuvar-srpskog-identiteta\/rumenka-spoj-igre-i-tradicije\/#primaryimage","url":"https:\/\/serbia.com\/wp-content\/uploads\/2015\/11\/rumenka1.jpg","contentUrl":"https:\/\/serbia.com\/wp-content\/uploads\/2015\/11\/rumenka1.jpg","width":1500,"height":1000},{"@type":"BreadcrumbList","@id":"https:\/\/serbia.com\/srpski\/o-srbiji\/kultura\/nematerijalno-kulturno-nasledje-srbije\/nematerijalno-kulturno-naslede-kao-cuvar-srpskog-identiteta\/rumenka-spoj-igre-i-tradicije\/#breadcrumb","itemListElement":[{"@type":"ListItem","position":1,"name":"Home","item":"https:\/\/serbia.com\/srpski\/"},{"@type":"ListItem","position":2,"name":"O Srbiji","item":"https:\/\/serbia.com\/srpski\/o-srbiji\/"},{"@type":"ListItem","position":3,"name":"Kultura","item":"https:\/\/serbia.com\/srpski\/o-srbiji\/kultura\/"},{"@type":"ListItem","position":4,"name":"Nematerijalno kulturno nasle\u0111e Srbije","item":"https:\/\/serbia.com\/srpski\/o-srbiji\/kultura\/nematerijalno-kulturno-nasledje-srbije\/"},{"@type":"ListItem","position":5,"name":"Nematerijalno kulturno nasle\u0111e kao \u010duvar srpskog identiteta","item":"https:\/\/serbia.com\/srpski\/o-srbiji\/kultura\/nematerijalno-kulturno-nasledje-srbije\/nematerijalno-kulturno-naslede-kao-cuvar-srpskog-identiteta\/"},{"@type":"ListItem","position":6,"name":"Rumenka, spoj igre i tradicije"}]},{"@type":"WebSite","@id":"https:\/\/serbia.com\/#website","url":"https:\/\/serbia.com\/","name":"Serbia.com","description":"Your Gateway to Serbia","potentialAction":[{"@type":"SearchAction","target":{"@type":"EntryPoint","urlTemplate":"https:\/\/serbia.com\/?s={search_term_string}"},"query-input":{"@type":"PropertyValueSpecification","valueRequired":true,"valueName":"search_term_string"}}],"inLanguage":"srpski"}]}},"_links":{"self":[{"href":"https:\/\/serbia.com\/srpski\/wp-json\/wp\/v2\/pages\/37302"}],"collection":[{"href":"https:\/\/serbia.com\/srpski\/wp-json\/wp\/v2\/pages"}],"about":[{"href":"https:\/\/serbia.com\/srpski\/wp-json\/wp\/v2\/types\/page"}],"author":[{"embeddable":true,"href":"https:\/\/serbia.com\/srpski\/wp-json\/wp\/v2\/users\/9"}],"replies":[{"embeddable":true,"href":"https:\/\/serbia.com\/srpski\/wp-json\/wp\/v2\/comments?post=37302"}],"version-history":[{"count":1,"href":"https:\/\/serbia.com\/srpski\/wp-json\/wp\/v2\/pages\/37302\/revisions"}],"predecessor-version":[{"id":53279,"href":"https:\/\/serbia.com\/srpski\/wp-json\/wp\/v2\/pages\/37302\/revisions\/53279"}],"up":[{"embeddable":true,"href":"https:\/\/serbia.com\/srpski\/wp-json\/wp\/v2\/pages\/34018"}],"wp:featuredmedia":[{"embeddable":true,"href":"https:\/\/serbia.com\/srpski\/wp-json\/wp\/v2\/media\/36681"}],"wp:attachment":[{"href":"https:\/\/serbia.com\/srpski\/wp-json\/wp\/v2\/media?parent=37302"}],"wp:term":[{"taxonomy":"category","embeddable":true,"href":"https:\/\/serbia.com\/srpski\/wp-json\/wp\/v2\/categories?post=37302"},{"taxonomy":"post_tag","embeddable":true,"href":"https:\/\/serbia.com\/srpski\/wp-json\/wp\/v2\/tags?post=37302"}],"curies":[{"name":"wp","href":"https:\/\/api.w.org\/{rel}","templated":true}]}}