{"id":36687,"date":"2015-11-12T17:07:37","date_gmt":"2015-11-12T16:07:37","guid":{"rendered":"http:\/\/www.serbia.com\/srpski\/?page_id=36687"},"modified":"2024-06-05T11:28:13","modified_gmt":"2024-06-05T09:28:13","slug":"vukov-sabor","status":"publish","type":"page","link":"https:\/\/serbia.com\/srpski\/o-srbiji\/kultura\/nematerijalno-kulturno-nasledje-srbije\/nematerijalno-kulturno-naslede-kao-cuvar-srpskog-identiteta\/vukov-sabor\/","title":{"rendered":"Vukov sabor"},"content":{"rendered":"<h2 style=\"text-align: justify;\">U Tr\u0161i\u0107u, malom selu nadomak Loznice, nekada je \u017eiveo najzna\u010dajniji \u010dovek u istoriji srpske knji\u017eevnosti 19. veka. Danas se na ovom mestu, u njegovu \u010dast, osamdeset i jednu godinu bez prekida odr\u017eava jedna od najmasovnijih manifestacija u Srbiji \u2013 Vukov sabor.<\/h2>\n<p style=\"text-align: justify;\">Pri\u010da o Vukovom saboru po\u010dinje davne 1933. godine, kada se veliki broj ljudi okupio ispred obnovljene spomen ku\u0107e najve\u0107eg reformatora srpskog jezika \u2013 <strong><a href=\"http:\/\/www.serbia.com\/srpski\/o-srbiji\/kultura\/knjizevnost\/srpski-pisci\/vuk-karadzic\/\" target=\"_blank\" rel=\"noopener\">Vuka Stefanovi\u0107a Karad\u017ei\u0107a<\/a><\/strong>. Od tada, svake nedelje u septembru pred Malu Gospojinu, me\u0161tani Tr\u0161i\u0107a, okolnih mesta ali i ljudi iz cele Srbije, dolaze u poznato mesto pokraj Loznice kako bi odali po\u010dast ocu savremenog srpskog jezika.<\/p>\n<p style=\"text-align: justify;\">Prvi sabori su se, ipak, umnogome razlikovali od ovih danas. Organizovani su od strane me\u0161tana i odr\u017eavali su se u dvori\u0161tu Vukove ku\u0107e. Vremenom je ovaj prostor postao pretesan za sve ljude koji su \u017eeleli da u\u010destvuju u sve bogatijem kulturnom, umetni\u010dkom i zabavnom programu. Zbog toga je <strong>1964. godine organizovana masovna radna akcija.<\/strong><\/p>\n<p><iframe loading=\"lazy\" title=\"Tragovima nematerijalnog kulturnog nasle\u0111a Srbije - Vukov sabor u Tr\u0161i\u0107u\" width=\"640\" height=\"360\" src=\"https:\/\/www.youtube.com\/embed\/bz2U0LMwjLQ?feature=oembed\" frameborder=\"0\" allow=\"accelerometer; autoplay; clipboard-write; encrypted-media; gyroscope; picture-in-picture; web-share\" referrerpolicy=\"strict-origin-when-cross-origin\" allowfullscreen><\/iframe><\/p>\n<p style=\"text-align: justify;\">Prostor oko Vukove ku\u0107e je pro\u0161iren i ure\u0111en, a <strong>sabor polako po\u010deo da poprima republi\u010dki zna\u010daj<\/strong>. Kvalitetan i zanimljiv sadr\u017eaj ove manifestacije, jedan je od glavnih razloga njegove velike pose\u0107enosti. Guslarska takmi\u010denja, pozori\u0161ne predstave, govori besednika, izlo\u017ebe, okrugli stolovi, radionice i mnogi drugi kulturni i umetni\u010dki programi, neizostavni su elementi svakog Vukovog sabora.<\/p>\n<p><em>Kada se obele\u017eavalo dva veka od ro\u0111enja\u00a0Vuka Stefanovi\u0107a Karad\u017ei\u0107a, 1987. godine, saboru je prisustvovalo \u010dak 100. 000 ljudi. O tom velikom doga\u0111aju izve\u0161tavali su svi jugoslovenski mediji, a zna\u010daj ove manifestacije je bivao sve ve\u0107i.<\/em><\/p>\n<p style=\"text-align: justify;\"><strong>Tr\u0161i\u0107 je danas mesto gde se saboruje trista \u0161ezdeset i pet dana u godini<\/strong>, i \u010dija su vrata uvek otvorena za sve ljude koji \u017eele da vide i nau\u010de ne\u0161to novo. U trideset i dva objekta koja se nalaze na ovom znamenitom mestu, kroz \u010ditav niz sadr\u017eaja, prezentuje se nematerijalno kulturno nasle\u0111e Srbije. Od izlo\u017ebi starih zanata, preko intresantnih radionica, do vrednih dokumenata i eksponata&#8230;<\/p>\n<p style=\"text-align: justify;\">Vrednost i zna\u010daj Vukovog sabora oduvek su cenili srpski pesnici, pisci, nau\u010dnici, glumci i politi\u010dari. Neki od stalnih gostiju ove manifestacije bili su <strong><a href=\"http:\/\/www.serbia.com\/srpski\/o-srbiji\/kultura\/knjizevnost\/srpski-pisci\/ivo-andric\/\" target=\"_blank\" rel=\"noopener\">Ivo Andri\u0107<\/a><\/strong>, <strong><a href=\"http:\/\/www.serbia.com\/srpski\/o-srbiji\/kultura\/knjizevnost\/srpski-pisci\/desanka-maksimovic\/\" target=\"_blank\" rel=\"noopener\">Desanka Maksimovi\u0107<\/a><\/strong>, <strong>Mira Ale\u010dkovi\u0107<\/strong> i <strong>Dobrica \u0106osi\u0107<\/strong>, a sa druge strane veliki deo posetilaca \u010dinio je \u201eobi\u010dan\u201c narod. Iz tog razloga, Vukov sabor poznat je kao <strong>manifestacija koja je oduvek spajala ljude iz naroda i akademske gra\u0111ane na jednom mestu<\/strong>.<\/p>\n<p><em>Vukov sabor je 18. juna 2012. godine upisan na Listu <a href=\"http:\/\/www.serbia.com\/srpski\/o-srbiji\/kultura\/nematerijalno-kulturno-nasledje-srbije\/\" target=\"_blank\" rel=\"noopener\">nematerijalnog kulturnog nasle\u0111a Republike Srbije<\/a>, zejedno sa dvadeset i sedam drugih elemenata. Na ovaj na\u010din, jo\u0161 jednom je potvr\u0111en veliki zna\u010daj ove manifestacije, a tradicionalni doga\u0111aj u Tr\u0161i\u0107u za\u0161ti\u0107en od zaborava.<\/em><\/p>\n<p style=\"text-align: justify;\">Za stanovnike malog sela pokraj Loznice,<strong> Vukov sabor predstavlja najva\u017eniji datum u godini<\/strong>. Tada se celo selo okuplja, a Tr\u0161i\u0107 postaje velika pozornica koju poseti nekoliko desetina hiljada ljudi iz Srbije i sveta. Zbog toga Vukov sabor me\u0161tani do\u017eivljavaju i proslavljaju kao krsnu slavu, odnosno vreme kada se odaje po\u010dast \u010doveku po kome je njihovo rodno mesto postalo svetski poznato.<\/p>\n<h4 style=\"text-align: justify;\">Na saboru Srbi iz Nema\u010dke, Austrije, \u0160vajcarske i Amerike<\/h4>\n<p style=\"text-align: justify;\">Srbi koji su se otisnuli u \u201ebeli svet\u201c \u010desti su gosti Vukovog sabora. <em>\u201eVukov sabor okuplja ljude na vi\u0161e nivoa. Tr\u0161i\u0107ani ga na porodi\u010dnom nivou organizuju kao mogu\u0107nost da ugoste prijatelje koji su napustili Srbiju, ali i ljude iz inostranstva koji nisu vezani za Tr\u0161i\u0107, ve\u0107 im je poseta saboru postali neka vrsta porodi\u010dnog rituala i neizostavna aktivnost&#8221;<\/em>, obja\u0161njava Ana \u010cugurovi\u0107, etnolog.<\/p>\n<p style=\"text-align: justify;\">Tako se na saboru mogu sresti <strong>Srbi iz velikog broja evropskih dr\u017eava, Amerike i Autralije<\/strong>. Oni dolaze sa porodicama kako bi proveli par dana na najve\u0107oj manifestaciji u Srbiji, ali i u\u017eivali u prirodnim lepotama i lokalnoj hrani ovog kraja. <em>\u201ePravo je zadovoljstvo biti deo ovako velikog i zna\u010dajnog doga\u0111aja. Obi\u010daje, praznike i stare srpske manifestacije ne smemo zaboraviti\u201c<\/em>, ka\u017ee Ivan Sari\u0107 koji poslednjih pet godina \u017eivi u Be\u010du.<\/p>\n","protected":false},"excerpt":{"rendered":"<p>U Tr\u0161i\u0107u, malom selu nadomak Loznice, nekada je \u017eiveo najzna\u010dajniji \u010dovek u istoriji srpske knji\u017eevnosti 19. veka. Danas se na ovom mestu, u njegovu \u010dast, osamdeset i jednu godinu bez [&hellip;]<\/p>\n","protected":false},"author":27,"featured_media":34784,"parent":34018,"menu_order":0,"comment_status":"closed","ping_status":"closed","template":"","meta":{"_acf_changed":false,"inline_featured_image":false,"_monsterinsights_skip_tracking":false,"_monsterinsights_sitenote_active":false,"_monsterinsights_sitenote_note":"","_monsterinsights_sitenote_category":0,"footnotes":""},"categories":[3352],"tags":[],"class_list":["post-36687","page","type-page","status-publish","has-post-thumbnail","hentry","category-nematerijalno-kulturno-naslede"],"acf":[],"yoast_head":"<!-- This site is optimized with the Yoast SEO plugin v23.8 - https:\/\/yoast.com\/wordpress\/plugins\/seo\/ -->\n<title>Vukov sabor - Serbia.com<\/title>\n<meta name=\"robots\" content=\"index, follow, max-snippet:-1, max-image-preview:large, max-video-preview:-1\" \/>\n<link rel=\"canonical\" href=\"https:\/\/serbia.com\/srpski\/o-srbiji\/kultura\/nematerijalno-kulturno-nasledje-srbije\/nematerijalno-kulturno-naslede-kao-cuvar-srpskog-identiteta\/vukov-sabor\/\" \/>\n<meta property=\"og:locale\" content=\"en_US\" \/>\n<meta property=\"og:type\" content=\"article\" \/>\n<meta property=\"og:title\" content=\"Vukov sabor - Serbia.com\" \/>\n<meta property=\"og:description\" content=\"U Tr\u0161i\u0107u, malom selu nadomak Loznice, nekada je \u017eiveo najzna\u010dajniji \u010dovek u istoriji srpske knji\u017eevnosti 19. veka. Danas se na ovom mestu, u njegovu \u010dast, osamdeset i jednu godinu bez [&hellip;]\" \/>\n<meta property=\"og:url\" content=\"https:\/\/serbia.com\/srpski\/o-srbiji\/kultura\/nematerijalno-kulturno-nasledje-srbije\/nematerijalno-kulturno-naslede-kao-cuvar-srpskog-identiteta\/vukov-sabor\/\" \/>\n<meta property=\"og:site_name\" content=\"Serbia.com\" \/>\n<meta property=\"article:modified_time\" content=\"2024-06-05T09:28:13+00:00\" \/>\n<meta property=\"og:image\" content=\"https:\/\/serbia.com\/wp-content\/uploads\/2015\/07\/vukova-kuca3333.jpg\" \/>\n\t<meta property=\"og:image:width\" content=\"1600\" \/>\n\t<meta property=\"og:image:height\" content=\"770\" \/>\n\t<meta property=\"og:image:type\" content=\"image\/jpeg\" \/>\n<meta name=\"twitter:label1\" content=\"Est. reading time\" \/>\n\t<meta name=\"twitter:data1\" content=\"3 minutes\" \/>\n<script type=\"application\/ld+json\" class=\"yoast-schema-graph\">{\"@context\":\"https:\/\/schema.org\",\"@graph\":[{\"@type\":\"WebPage\",\"@id\":\"https:\/\/serbia.com\/srpski\/o-srbiji\/kultura\/nematerijalno-kulturno-nasledje-srbije\/nematerijalno-kulturno-naslede-kao-cuvar-srpskog-identiteta\/vukov-sabor\/\",\"url\":\"https:\/\/serbia.com\/srpski\/o-srbiji\/kultura\/nematerijalno-kulturno-nasledje-srbije\/nematerijalno-kulturno-naslede-kao-cuvar-srpskog-identiteta\/vukov-sabor\/\",\"name\":\"Vukov sabor - Serbia.com\",\"isPartOf\":{\"@id\":\"https:\/\/serbia.com\/#website\"},\"primaryImageOfPage\":{\"@id\":\"https:\/\/serbia.com\/srpski\/o-srbiji\/kultura\/nematerijalno-kulturno-nasledje-srbije\/nematerijalno-kulturno-naslede-kao-cuvar-srpskog-identiteta\/vukov-sabor\/#primaryimage\"},\"image\":{\"@id\":\"https:\/\/serbia.com\/srpski\/o-srbiji\/kultura\/nematerijalno-kulturno-nasledje-srbije\/nematerijalno-kulturno-naslede-kao-cuvar-srpskog-identiteta\/vukov-sabor\/#primaryimage\"},\"thumbnailUrl\":\"https:\/\/serbia.com\/wp-content\/uploads\/2015\/07\/vukova-kuca3333.jpg\",\"datePublished\":\"2015-11-12T16:07:37+00:00\",\"dateModified\":\"2024-06-05T09:28:13+00:00\",\"breadcrumb\":{\"@id\":\"https:\/\/serbia.com\/srpski\/o-srbiji\/kultura\/nematerijalno-kulturno-nasledje-srbije\/nematerijalno-kulturno-naslede-kao-cuvar-srpskog-identiteta\/vukov-sabor\/#breadcrumb\"},\"inLanguage\":\"srpski\",\"potentialAction\":[{\"@type\":\"ReadAction\",\"target\":[\"https:\/\/serbia.com\/srpski\/o-srbiji\/kultura\/nematerijalno-kulturno-nasledje-srbije\/nematerijalno-kulturno-naslede-kao-cuvar-srpskog-identiteta\/vukov-sabor\/\"]}]},{\"@type\":\"ImageObject\",\"inLanguage\":\"srpski\",\"@id\":\"https:\/\/serbia.com\/srpski\/o-srbiji\/kultura\/nematerijalno-kulturno-nasledje-srbije\/nematerijalno-kulturno-naslede-kao-cuvar-srpskog-identiteta\/vukov-sabor\/#primaryimage\",\"url\":\"https:\/\/serbia.com\/wp-content\/uploads\/2015\/07\/vukova-kuca3333.jpg\",\"contentUrl\":\"https:\/\/serbia.com\/wp-content\/uploads\/2015\/07\/vukova-kuca3333.jpg\",\"width\":1600,\"height\":770},{\"@type\":\"BreadcrumbList\",\"@id\":\"https:\/\/serbia.com\/srpski\/o-srbiji\/kultura\/nematerijalno-kulturno-nasledje-srbije\/nematerijalno-kulturno-naslede-kao-cuvar-srpskog-identiteta\/vukov-sabor\/#breadcrumb\",\"itemListElement\":[{\"@type\":\"ListItem\",\"position\":1,\"name\":\"Home\",\"item\":\"https:\/\/serbia.com\/srpski\/\"},{\"@type\":\"ListItem\",\"position\":2,\"name\":\"O Srbiji\",\"item\":\"https:\/\/serbia.com\/srpski\/o-srbiji\/\"},{\"@type\":\"ListItem\",\"position\":3,\"name\":\"Kultura\",\"item\":\"https:\/\/serbia.com\/srpski\/o-srbiji\/kultura\/\"},{\"@type\":\"ListItem\",\"position\":4,\"name\":\"Nematerijalno kulturno nasle\u0111e Srbije\",\"item\":\"https:\/\/serbia.com\/srpski\/o-srbiji\/kultura\/nematerijalno-kulturno-nasledje-srbije\/\"},{\"@type\":\"ListItem\",\"position\":5,\"name\":\"Nematerijalno kulturno nasle\u0111e kao \u010duvar srpskog identiteta\",\"item\":\"https:\/\/serbia.com\/srpski\/o-srbiji\/kultura\/nematerijalno-kulturno-nasledje-srbije\/nematerijalno-kulturno-naslede-kao-cuvar-srpskog-identiteta\/\"},{\"@type\":\"ListItem\",\"position\":6,\"name\":\"Vukov sabor\"}]},{\"@type\":\"WebSite\",\"@id\":\"https:\/\/serbia.com\/#website\",\"url\":\"https:\/\/serbia.com\/\",\"name\":\"Serbia.com\",\"description\":\"Your Gateway to Serbia\",\"potentialAction\":[{\"@type\":\"SearchAction\",\"target\":{\"@type\":\"EntryPoint\",\"urlTemplate\":\"https:\/\/serbia.com\/?s={search_term_string}\"},\"query-input\":{\"@type\":\"PropertyValueSpecification\",\"valueRequired\":true,\"valueName\":\"search_term_string\"}}],\"inLanguage\":\"srpski\"}]}<\/script>\n<!-- \/ Yoast SEO plugin. -->","yoast_head_json":{"title":"Vukov sabor - Serbia.com","robots":{"index":"index","follow":"follow","max-snippet":"max-snippet:-1","max-image-preview":"max-image-preview:large","max-video-preview":"max-video-preview:-1"},"canonical":"https:\/\/serbia.com\/srpski\/o-srbiji\/kultura\/nematerijalno-kulturno-nasledje-srbije\/nematerijalno-kulturno-naslede-kao-cuvar-srpskog-identiteta\/vukov-sabor\/","og_locale":"en_US","og_type":"article","og_title":"Vukov sabor - Serbia.com","og_description":"U Tr\u0161i\u0107u, malom selu nadomak Loznice, nekada je \u017eiveo najzna\u010dajniji \u010dovek u istoriji srpske knji\u017eevnosti 19. veka. Danas se na ovom mestu, u njegovu \u010dast, osamdeset i jednu godinu bez [&hellip;]","og_url":"https:\/\/serbia.com\/srpski\/o-srbiji\/kultura\/nematerijalno-kulturno-nasledje-srbije\/nematerijalno-kulturno-naslede-kao-cuvar-srpskog-identiteta\/vukov-sabor\/","og_site_name":"Serbia.com","article_modified_time":"2024-06-05T09:28:13+00:00","og_image":[{"width":1600,"height":770,"url":"https:\/\/serbia.com\/wp-content\/uploads\/2015\/07\/vukova-kuca3333.jpg","type":"image\/jpeg"}],"twitter_misc":{"Est. reading time":"3 minutes"},"schema":{"@context":"https:\/\/schema.org","@graph":[{"@type":"WebPage","@id":"https:\/\/serbia.com\/srpski\/o-srbiji\/kultura\/nematerijalno-kulturno-nasledje-srbije\/nematerijalno-kulturno-naslede-kao-cuvar-srpskog-identiteta\/vukov-sabor\/","url":"https:\/\/serbia.com\/srpski\/o-srbiji\/kultura\/nematerijalno-kulturno-nasledje-srbije\/nematerijalno-kulturno-naslede-kao-cuvar-srpskog-identiteta\/vukov-sabor\/","name":"Vukov sabor - Serbia.com","isPartOf":{"@id":"https:\/\/serbia.com\/#website"},"primaryImageOfPage":{"@id":"https:\/\/serbia.com\/srpski\/o-srbiji\/kultura\/nematerijalno-kulturno-nasledje-srbije\/nematerijalno-kulturno-naslede-kao-cuvar-srpskog-identiteta\/vukov-sabor\/#primaryimage"},"image":{"@id":"https:\/\/serbia.com\/srpski\/o-srbiji\/kultura\/nematerijalno-kulturno-nasledje-srbije\/nematerijalno-kulturno-naslede-kao-cuvar-srpskog-identiteta\/vukov-sabor\/#primaryimage"},"thumbnailUrl":"https:\/\/serbia.com\/wp-content\/uploads\/2015\/07\/vukova-kuca3333.jpg","datePublished":"2015-11-12T16:07:37+00:00","dateModified":"2024-06-05T09:28:13+00:00","breadcrumb":{"@id":"https:\/\/serbia.com\/srpski\/o-srbiji\/kultura\/nematerijalno-kulturno-nasledje-srbije\/nematerijalno-kulturno-naslede-kao-cuvar-srpskog-identiteta\/vukov-sabor\/#breadcrumb"},"inLanguage":"srpski","potentialAction":[{"@type":"ReadAction","target":["https:\/\/serbia.com\/srpski\/o-srbiji\/kultura\/nematerijalno-kulturno-nasledje-srbije\/nematerijalno-kulturno-naslede-kao-cuvar-srpskog-identiteta\/vukov-sabor\/"]}]},{"@type":"ImageObject","inLanguage":"srpski","@id":"https:\/\/serbia.com\/srpski\/o-srbiji\/kultura\/nematerijalno-kulturno-nasledje-srbije\/nematerijalno-kulturno-naslede-kao-cuvar-srpskog-identiteta\/vukov-sabor\/#primaryimage","url":"https:\/\/serbia.com\/wp-content\/uploads\/2015\/07\/vukova-kuca3333.jpg","contentUrl":"https:\/\/serbia.com\/wp-content\/uploads\/2015\/07\/vukova-kuca3333.jpg","width":1600,"height":770},{"@type":"BreadcrumbList","@id":"https:\/\/serbia.com\/srpski\/o-srbiji\/kultura\/nematerijalno-kulturno-nasledje-srbije\/nematerijalno-kulturno-naslede-kao-cuvar-srpskog-identiteta\/vukov-sabor\/#breadcrumb","itemListElement":[{"@type":"ListItem","position":1,"name":"Home","item":"https:\/\/serbia.com\/srpski\/"},{"@type":"ListItem","position":2,"name":"O Srbiji","item":"https:\/\/serbia.com\/srpski\/o-srbiji\/"},{"@type":"ListItem","position":3,"name":"Kultura","item":"https:\/\/serbia.com\/srpski\/o-srbiji\/kultura\/"},{"@type":"ListItem","position":4,"name":"Nematerijalno kulturno nasle\u0111e Srbije","item":"https:\/\/serbia.com\/srpski\/o-srbiji\/kultura\/nematerijalno-kulturno-nasledje-srbije\/"},{"@type":"ListItem","position":5,"name":"Nematerijalno kulturno nasle\u0111e kao \u010duvar srpskog identiteta","item":"https:\/\/serbia.com\/srpski\/o-srbiji\/kultura\/nematerijalno-kulturno-nasledje-srbije\/nematerijalno-kulturno-naslede-kao-cuvar-srpskog-identiteta\/"},{"@type":"ListItem","position":6,"name":"Vukov sabor"}]},{"@type":"WebSite","@id":"https:\/\/serbia.com\/#website","url":"https:\/\/serbia.com\/","name":"Serbia.com","description":"Your Gateway to Serbia","potentialAction":[{"@type":"SearchAction","target":{"@type":"EntryPoint","urlTemplate":"https:\/\/serbia.com\/?s={search_term_string}"},"query-input":{"@type":"PropertyValueSpecification","valueRequired":true,"valueName":"search_term_string"}}],"inLanguage":"srpski"}]}},"_links":{"self":[{"href":"https:\/\/serbia.com\/srpski\/wp-json\/wp\/v2\/pages\/36687"}],"collection":[{"href":"https:\/\/serbia.com\/srpski\/wp-json\/wp\/v2\/pages"}],"about":[{"href":"https:\/\/serbia.com\/srpski\/wp-json\/wp\/v2\/types\/page"}],"author":[{"embeddable":true,"href":"https:\/\/serbia.com\/srpski\/wp-json\/wp\/v2\/users\/27"}],"replies":[{"embeddable":true,"href":"https:\/\/serbia.com\/srpski\/wp-json\/wp\/v2\/comments?post=36687"}],"version-history":[{"count":1,"href":"https:\/\/serbia.com\/srpski\/wp-json\/wp\/v2\/pages\/36687\/revisions"}],"predecessor-version":[{"id":53282,"href":"https:\/\/serbia.com\/srpski\/wp-json\/wp\/v2\/pages\/36687\/revisions\/53282"}],"up":[{"embeddable":true,"href":"https:\/\/serbia.com\/srpski\/wp-json\/wp\/v2\/pages\/34018"}],"wp:featuredmedia":[{"embeddable":true,"href":"https:\/\/serbia.com\/srpski\/wp-json\/wp\/v2\/media\/34784"}],"wp:attachment":[{"href":"https:\/\/serbia.com\/srpski\/wp-json\/wp\/v2\/media?parent=36687"}],"wp:term":[{"taxonomy":"category","embeddable":true,"href":"https:\/\/serbia.com\/srpski\/wp-json\/wp\/v2\/categories?post=36687"},{"taxonomy":"post_tag","embeddable":true,"href":"https:\/\/serbia.com\/srpski\/wp-json\/wp\/v2\/tags?post=36687"}],"curies":[{"name":"wp","href":"https:\/\/api.w.org\/{rel}","templated":true}]}}