{"id":36542,"date":"2015-11-06T15:09:10","date_gmt":"2015-11-06T14:09:10","guid":{"rendered":"http:\/\/www.serbia.com\/srpski\/?page_id=36542"},"modified":"2024-10-20T13:31:11","modified_gmt":"2024-10-20T11:31:11","slug":"dvorac-fantast","status":"publish","type":"page","link":"https:\/\/serbia.com\/srpski\/posetite-srbiju\/kulturne-atrakcije\/dvorci-i-tvrdave\/dvorac-fantast\/","title":{"rendered":"Dvorac Fantast"},"content":{"rendered":"<h4><\/h4>\n<h4>Bogdan Dun\u0111erski pre sto godina sagradio je dvorac Fantast, jedan od najlep\u0161ih dvoraca u Srbiji. Kako su neki pri\u010dali, dvorac je sagradio samo da bi dokazao drugima da nije bankrotirao.<\/h4>\n<p>Dvorac Fantast je pravo mesto za sve romanti\u010dne du\u0161e koje \u017eale \u0161to nisu ro\u0111eni u vreme glamuroznih dvorova i balova. Provedite vikend u jednom od najlep\u0161ih srpskih dvoraca i na trenutak se osetite kao plemi\u0107 dok kora\u010date prostranim salama, ja\u0161ete konje ili u\u017eivate u zadivljuju\u0107im parkovima oko njega.<\/p>\n<p style=\"text-align: justify;\">Kada je <strong>Bogdan Dun\u0111erski<\/strong>, jedan od najbogatijih ljudi u Srbiji u to vreme sagradio ovaj dvorac po\u010detkom dvadesetog veka, nije mogao ni da sanja da \u0107e se on jednoga dana pretvoriti u luksuzni hotel i savr\u0161eno mesto za sve one koji \u017eele da pobegnu od stvarnosti u bajkoviti ambijent.<\/p>\n<p style=\"text-align: justify;\">Pri\u010da ka\u017ee da je Bogdan ku\u0107u sagradio u inat, kako bi pokazao mo\u0107 i bogatstvo svima onima koji su tvrdili da je bankrotirao. I tako je sagradio dvorac iz snova koji je i dan danas jedinstven u \u010ditavom regionu.<\/p>\n<figure id=\"attachment_17232\" aria-describedby=\"caption-attachment-17232\" style=\"width: 300px\" class=\"wp-caption alignleft\"><a class=\"dt-single-image\" href=\"http:\/\/www.serbia.com\/wp-content\/uploads\/2012\/12\/fantast1.jpg\" data-dt-img-description=\"Dvorac &quot;Fantast&quot; nalazi se u blizini Vr\u0161ca. Bogdan Dun\u0111erski sagradio ga je samo da bi dokazao da nije bankrotirao\"><img loading=\"lazy\" decoding=\"async\" class=\"size-medium wp-image-17232\" src=\"http:\/\/www.serbia.com\/wp-content\/uploads\/2012\/12\/fantast1-300x201.jpg\" alt=\"Dvorac &quot;Fantast&quot; nalazi se u blizini Vr\u0161ca. Bogdan Dun\u0111erski sagradio ga je samo da bi dokazao da nije bankrotirao\" width=\"300\" height=\"201\" srcset=\"https:\/\/serbia.com\/wp-content\/uploads\/2012\/12\/fantast1-300x201.jpg 300w, https:\/\/serbia.com\/wp-content\/uploads\/2012\/12\/fantast1.jpg 800w\" sizes=\"(max-width: 300px) 100vw, 300px\" \/><\/a><figcaption id=\"caption-attachment-17232\" class=\"wp-caption-text\">Dvorac &#8220;Fantast&#8221; nalazi se u blizini Vr\u0161ca. Bogdan Dun\u0111erski sagradio ga je samo da bi dokazao da nije bankrotirao<\/figcaption><\/figure>\n<p style=\"text-align: justify;\"><strong>Bela, moumentalna zgrada sa \u010detiri kule<\/strong> sa kojih se mogu videti kilometri Panonske ravnice, ostala je da svedo\u010di o Bogdanu Dun\u0111erskom, \u010doveku \u010dija je porodica sagradila mnoge dvorce ali nijedan tako lep i jedinstven kao Fantast. Njegov vlasnik sahranjen je ba\u0161 na tom mestu, u kapeli blizu ku\u0107e, na njegovom mestu iz snova.<\/p>\n<p style=\"text-align: justify;\">Dvorac Fantast nalazi se u centralnoj Vojvodini, 14 kilometara od<strong> Be\u010deja<\/strong> i 60 kilometara od <a href=\"http:\/\/www.serbia.com\/srpski\/posetite-srbiju\/gradovi\/novi-sad\/\" target=\"_blank\" rel=\"noopener\">Novog Sada<\/a>. On je spomenik od velikog kulturnog zna\u010daja. Ova predivna zgrada zav\u0161ena je 1925., a 1983. je pretvorena u luksuzni hotel. Ovaj kompleks u celini prostire se na 65 ari.<\/p>\n<p style=\"text-align: justify;\">Vlasnik Bogdan Dun\u0111erski nikada se nije \u017eenio i nije imao dece. Bio je boem \u010ditav svoj \u017eivot, a njegova najve\u0107a strast bilo je jahanje. Sagradio je i ergelu za trka\u010dke konje koja postoji i dan danas.<\/p>\n<p style=\"text-align: justify;\">Sama ku\u0107a nazvana je po Bogdanovom najboljem konju- Fantastu. Ergela je iznedrila neke od najboljih trka\u010dkih konja u \u010ditavom regionu. U jednom momentu zauzimala je vi\u0161e od polovine \u010ditavog imanja i imala oko 1400 konja.<\/p>\n<p style=\"text-align: justify;\">Danas, <strong>ovo je najbolja destinacija za sve koji vole jahanje<\/strong>. Postoji oko 80 konja u 6 \u0161tala kao i trka\u010dka staza. Za sve po\u010detnike organizovana je i \u0161kola jahanja, a oni koji su malo iskusniji, mogu u\u017eivati u jahanju prostranim ravnicama Vojvodine.<\/p>\n<p style=\"text-align: justify;\">Pored ku\u0107e i \u0161tala, posetioci mogu obi\u0107i i malu ku\u0107u, <strong>kapelu Svetog \u0110or\u0111a<\/strong> i predivni park u kom je vreme stalo po\u010detkom dvadesetog veka. U skorije vreme izgra\u0111eni su teniski tereni i pista za sletanje za male avione. Dvorac Fantast svojim posetiocima nudi jedinstvenu kombinaciju starog \u0161arma i modernog komfora.<\/p>\n<h4 style=\"text-align: justify;\">Kako do\u0107i do Fantast dvorca?<\/h4>\n<p style=\"text-align: justify;\">Dvorac Fantast sme\u0161ten je 12km od Be\u010deja na putu Be\u010dej-Ba\u010dka Topola. Be\u010dej je udaljen samo 47km od Novog Sada, a 130km od <a href=\"http:\/\/www.serbia.com\/srpski\/posetite-srbiju\/gradovi\/beograd\/\" target=\"_blank\" rel=\"noopener\">Beograda<\/a>.<\/p>\n<p style=\"text-align: justify;\">Do dvorca mo\u017eete sti\u0107i autom iz pravca Beograda, Novog Sada, <a href=\"http:\/\/www.serbia.com\/srpski\/posetite-srbiju\/gradovi\/subotica\/\" target=\"_blank\" rel=\"noopener\">Subotice<\/a> i <a href=\"http:\/\/www.serbia.com\/srpski\/posetite-srbiju\/gradovi\/zrenjanin-multikulturalni-grad-buducnosti\/\" target=\"_blank\" rel=\"noopener\">Zrenjanina<\/a>.<\/p>\n<p style=\"text-align: justify;\">Ako se odlu\u010dite da idete autobusom, postoji direktna linija za Be\u010dej iz Novog Sada, ali imajte na umu da ne postoji organizovan prevoz do samog dvorca. Mo\u017eete tako\u0111e i\u0107i regularnom autobuskom linijom Be\u010dej-Ba\u010dka Topola i ljubazni voza\u010di \u0107e stati kod palate koja je udaljena 12km od glavnog puta.<\/p>\n<h4 style=\"text-align: justify;\">Kada ste ve\u0107 ovde, ne propustite&#8230;<\/h4>\n<p style=\"text-align: justify;\">&#8230;priliku da u\u017eivate u lepotama okoline dvorca i pogleda na predivnu Vojvo\u0111ansku ravnicu sa najvi\u0161e kule.<\/p>\n<p style=\"text-align: justify;\">Ljubitelji jahanja ne bi trebalo da propuste jednu od najve\u0107ih \u0161tala u zemlji koja je deo kompleksa i broji 80 konja.<\/p>\n<p style=\"text-align: justify;\">Kada se na\u0111ete ovde, uveri\u0107ete se u \u010duveno vojvo\u0111ansko gostoprimstvo i doma\u0107ini \u0107e vas do\u010dekati sa pravom gozbom. <a href=\"http:\/\/www.serbia.com\/srpski\/o-srbiji\/tradicionalna-kuhinja\/\">Srpska kuhinja<\/a> iz vojvodjanskog regiona je veoma \u010duvena i zato ne propustite priliku da u\u017eivate u gastronomlslim specijalitetima i lokalnim <a href=\"http:\/\/www.serbia.com\/srpski\/posetite-srbiju\/provedi-se\/vinski-putevi\/\" target=\"_blank\" rel=\"noopener\">vinima<\/a>.<\/p>\n<p style=\"text-align: justify;\">Reka Tisa proti\u010de kroz Be\u010dej zato ne smete propustiti priliku da svedo\u010dite \u201e<a href=\"http:\/\/www.serbia.com\/srpski\/posetite-srbiju\/prirodne-lepote\/jedinstvena-priroda\/tiski-cvet\/\" target=\"_blank\" rel=\"noopener\">Cvetanju Tise<\/a>\u201c i neverovatnom spektaklu u kom reka o\u017eivljava na krilima hiljada insekata poznatim kao \u201eTiski cvet\u201c.<\/p>\n","protected":false},"excerpt":{"rendered":"<p>Bogdan Dun\u0111erski pre sto godina sagradio je dvorac Fantast, jedan od najlep\u0161ih dvoraca u Srbiji. Kako su neki pri\u010dali, dvorac je sagradio samo da bi dokazao drugima da nije bankrotirao. [&hellip;]<\/p>\n","protected":false},"author":31,"featured_media":31913,"parent":20456,"menu_order":0,"comment_status":"closed","ping_status":"closed","template":"","meta":{"_acf_changed":false,"inline_featured_image":false,"_monsterinsights_skip_tracking":false,"_monsterinsights_sitenote_active":false,"_monsterinsights_sitenote_note":"","_monsterinsights_sitenote_category":0,"footnotes":""},"categories":[1666],"tags":[],"class_list":["post-36542","page","type-page","status-publish","has-post-thumbnail","hentry","category-dvorci-tvrdjave"],"acf":[],"yoast_head":"<!-- This site is optimized with the Yoast SEO plugin v23.8 - https:\/\/yoast.com\/wordpress\/plugins\/seo\/ -->\n<title>Dvorac Fantast - Serbia.com<\/title>\n<meta name=\"robots\" content=\"index, follow, max-snippet:-1, max-image-preview:large, max-video-preview:-1\" \/>\n<link rel=\"canonical\" href=\"https:\/\/serbia.com\/srpski\/posetite-srbiju\/kulturne-atrakcije\/dvorci-i-tvrdave\/dvorac-fantast\/\" \/>\n<meta property=\"og:locale\" content=\"en_US\" \/>\n<meta property=\"og:type\" content=\"article\" \/>\n<meta property=\"og:title\" content=\"Dvorac Fantast - Serbia.com\" \/>\n<meta property=\"og:description\" content=\"Bogdan Dun\u0111erski pre sto godina sagradio je dvorac Fantast, jedan od najlep\u0161ih dvoraca u Srbiji. Kako su neki pri\u010dali, dvorac je sagradio samo da bi dokazao drugima da nije bankrotirao. [&hellip;]\" \/>\n<meta property=\"og:url\" content=\"https:\/\/serbia.com\/srpski\/posetite-srbiju\/kulturne-atrakcije\/dvorci-i-tvrdave\/dvorac-fantast\/\" \/>\n<meta property=\"og:site_name\" content=\"Serbia.com\" \/>\n<meta property=\"article:modified_time\" content=\"2024-10-20T11:31:11+00:00\" \/>\n<meta property=\"og:image\" content=\"https:\/\/serbia.com\/wp-content\/uploads\/2015\/05\/fanatst1.jpg\" \/>\n\t<meta property=\"og:image:width\" content=\"1601\" \/>\n\t<meta property=\"og:image:height\" content=\"1024\" \/>\n\t<meta property=\"og:image:type\" content=\"image\/jpeg\" \/>\n<meta name=\"twitter:label1\" content=\"Est. reading time\" \/>\n\t<meta name=\"twitter:data1\" content=\"4 minutes\" \/>\n<script type=\"application\/ld+json\" class=\"yoast-schema-graph\">{\"@context\":\"https:\/\/schema.org\",\"@graph\":[{\"@type\":\"WebPage\",\"@id\":\"https:\/\/serbia.com\/srpski\/posetite-srbiju\/kulturne-atrakcije\/dvorci-i-tvrdave\/dvorac-fantast\/\",\"url\":\"https:\/\/serbia.com\/srpski\/posetite-srbiju\/kulturne-atrakcije\/dvorci-i-tvrdave\/dvorac-fantast\/\",\"name\":\"Dvorac Fantast - Serbia.com\",\"isPartOf\":{\"@id\":\"https:\/\/serbia.com\/#website\"},\"primaryImageOfPage\":{\"@id\":\"https:\/\/serbia.com\/srpski\/posetite-srbiju\/kulturne-atrakcije\/dvorci-i-tvrdave\/dvorac-fantast\/#primaryimage\"},\"image\":{\"@id\":\"https:\/\/serbia.com\/srpski\/posetite-srbiju\/kulturne-atrakcije\/dvorci-i-tvrdave\/dvorac-fantast\/#primaryimage\"},\"thumbnailUrl\":\"https:\/\/serbia.com\/wp-content\/uploads\/2015\/05\/fanatst1.jpg\",\"datePublished\":\"2015-11-06T14:09:10+00:00\",\"dateModified\":\"2024-10-20T11:31:11+00:00\",\"breadcrumb\":{\"@id\":\"https:\/\/serbia.com\/srpski\/posetite-srbiju\/kulturne-atrakcije\/dvorci-i-tvrdave\/dvorac-fantast\/#breadcrumb\"},\"inLanguage\":\"srpski\",\"potentialAction\":[{\"@type\":\"ReadAction\",\"target\":[\"https:\/\/serbia.com\/srpski\/posetite-srbiju\/kulturne-atrakcije\/dvorci-i-tvrdave\/dvorac-fantast\/\"]}]},{\"@type\":\"ImageObject\",\"inLanguage\":\"srpski\",\"@id\":\"https:\/\/serbia.com\/srpski\/posetite-srbiju\/kulturne-atrakcije\/dvorci-i-tvrdave\/dvorac-fantast\/#primaryimage\",\"url\":\"https:\/\/serbia.com\/wp-content\/uploads\/2015\/05\/fanatst1.jpg\",\"contentUrl\":\"https:\/\/serbia.com\/wp-content\/uploads\/2015\/05\/fanatst1.jpg\",\"width\":1601,\"height\":1024},{\"@type\":\"BreadcrumbList\",\"@id\":\"https:\/\/serbia.com\/srpski\/posetite-srbiju\/kulturne-atrakcije\/dvorci-i-tvrdave\/dvorac-fantast\/#breadcrumb\",\"itemListElement\":[{\"@type\":\"ListItem\",\"position\":1,\"name\":\"Home\",\"item\":\"https:\/\/serbia.com\/srpski\/\"},{\"@type\":\"ListItem\",\"position\":2,\"name\":\"Poseti Srbiju\",\"item\":\"https:\/\/serbia.com\/srpski\/posetite-srbiju\/\"},{\"@type\":\"ListItem\",\"position\":3,\"name\":\"Kulturne atrakcije\",\"item\":\"https:\/\/serbia.com\/srpski\/posetite-srbiju\/kulturne-atrakcije\/\"},{\"@type\":\"ListItem\",\"position\":4,\"name\":\"Dvorci i tvr\u0111ave\",\"item\":\"https:\/\/serbia.com\/srpski\/posetite-srbiju\/kulturne-atrakcije\/dvorci-i-tvrdave\/\"},{\"@type\":\"ListItem\",\"position\":5,\"name\":\"Dvorac Fantast\"}]},{\"@type\":\"WebSite\",\"@id\":\"https:\/\/serbia.com\/#website\",\"url\":\"https:\/\/serbia.com\/\",\"name\":\"Serbia.com\",\"description\":\"Your Gateway to Serbia\",\"potentialAction\":[{\"@type\":\"SearchAction\",\"target\":{\"@type\":\"EntryPoint\",\"urlTemplate\":\"https:\/\/serbia.com\/?s={search_term_string}\"},\"query-input\":{\"@type\":\"PropertyValueSpecification\",\"valueRequired\":true,\"valueName\":\"search_term_string\"}}],\"inLanguage\":\"srpski\"}]}<\/script>\n<!-- \/ Yoast SEO plugin. -->","yoast_head_json":{"title":"Dvorac Fantast - Serbia.com","robots":{"index":"index","follow":"follow","max-snippet":"max-snippet:-1","max-image-preview":"max-image-preview:large","max-video-preview":"max-video-preview:-1"},"canonical":"https:\/\/serbia.com\/srpski\/posetite-srbiju\/kulturne-atrakcije\/dvorci-i-tvrdave\/dvorac-fantast\/","og_locale":"en_US","og_type":"article","og_title":"Dvorac Fantast - Serbia.com","og_description":"Bogdan Dun\u0111erski pre sto godina sagradio je dvorac Fantast, jedan od najlep\u0161ih dvoraca u Srbiji. Kako su neki pri\u010dali, dvorac je sagradio samo da bi dokazao drugima da nije bankrotirao. [&hellip;]","og_url":"https:\/\/serbia.com\/srpski\/posetite-srbiju\/kulturne-atrakcije\/dvorci-i-tvrdave\/dvorac-fantast\/","og_site_name":"Serbia.com","article_modified_time":"2024-10-20T11:31:11+00:00","og_image":[{"width":1601,"height":1024,"url":"https:\/\/serbia.com\/wp-content\/uploads\/2015\/05\/fanatst1.jpg","type":"image\/jpeg"}],"twitter_misc":{"Est. reading time":"4 minutes"},"schema":{"@context":"https:\/\/schema.org","@graph":[{"@type":"WebPage","@id":"https:\/\/serbia.com\/srpski\/posetite-srbiju\/kulturne-atrakcije\/dvorci-i-tvrdave\/dvorac-fantast\/","url":"https:\/\/serbia.com\/srpski\/posetite-srbiju\/kulturne-atrakcije\/dvorci-i-tvrdave\/dvorac-fantast\/","name":"Dvorac Fantast - Serbia.com","isPartOf":{"@id":"https:\/\/serbia.com\/#website"},"primaryImageOfPage":{"@id":"https:\/\/serbia.com\/srpski\/posetite-srbiju\/kulturne-atrakcije\/dvorci-i-tvrdave\/dvorac-fantast\/#primaryimage"},"image":{"@id":"https:\/\/serbia.com\/srpski\/posetite-srbiju\/kulturne-atrakcije\/dvorci-i-tvrdave\/dvorac-fantast\/#primaryimage"},"thumbnailUrl":"https:\/\/serbia.com\/wp-content\/uploads\/2015\/05\/fanatst1.jpg","datePublished":"2015-11-06T14:09:10+00:00","dateModified":"2024-10-20T11:31:11+00:00","breadcrumb":{"@id":"https:\/\/serbia.com\/srpski\/posetite-srbiju\/kulturne-atrakcije\/dvorci-i-tvrdave\/dvorac-fantast\/#breadcrumb"},"inLanguage":"srpski","potentialAction":[{"@type":"ReadAction","target":["https:\/\/serbia.com\/srpski\/posetite-srbiju\/kulturne-atrakcije\/dvorci-i-tvrdave\/dvorac-fantast\/"]}]},{"@type":"ImageObject","inLanguage":"srpski","@id":"https:\/\/serbia.com\/srpski\/posetite-srbiju\/kulturne-atrakcije\/dvorci-i-tvrdave\/dvorac-fantast\/#primaryimage","url":"https:\/\/serbia.com\/wp-content\/uploads\/2015\/05\/fanatst1.jpg","contentUrl":"https:\/\/serbia.com\/wp-content\/uploads\/2015\/05\/fanatst1.jpg","width":1601,"height":1024},{"@type":"BreadcrumbList","@id":"https:\/\/serbia.com\/srpski\/posetite-srbiju\/kulturne-atrakcije\/dvorci-i-tvrdave\/dvorac-fantast\/#breadcrumb","itemListElement":[{"@type":"ListItem","position":1,"name":"Home","item":"https:\/\/serbia.com\/srpski\/"},{"@type":"ListItem","position":2,"name":"Poseti Srbiju","item":"https:\/\/serbia.com\/srpski\/posetite-srbiju\/"},{"@type":"ListItem","position":3,"name":"Kulturne atrakcije","item":"https:\/\/serbia.com\/srpski\/posetite-srbiju\/kulturne-atrakcije\/"},{"@type":"ListItem","position":4,"name":"Dvorci i tvr\u0111ave","item":"https:\/\/serbia.com\/srpski\/posetite-srbiju\/kulturne-atrakcije\/dvorci-i-tvrdave\/"},{"@type":"ListItem","position":5,"name":"Dvorac Fantast"}]},{"@type":"WebSite","@id":"https:\/\/serbia.com\/#website","url":"https:\/\/serbia.com\/","name":"Serbia.com","description":"Your Gateway to Serbia","potentialAction":[{"@type":"SearchAction","target":{"@type":"EntryPoint","urlTemplate":"https:\/\/serbia.com\/?s={search_term_string}"},"query-input":{"@type":"PropertyValueSpecification","valueRequired":true,"valueName":"search_term_string"}}],"inLanguage":"srpski"}]}},"_links":{"self":[{"href":"https:\/\/serbia.com\/srpski\/wp-json\/wp\/v2\/pages\/36542"}],"collection":[{"href":"https:\/\/serbia.com\/srpski\/wp-json\/wp\/v2\/pages"}],"about":[{"href":"https:\/\/serbia.com\/srpski\/wp-json\/wp\/v2\/types\/page"}],"author":[{"embeddable":true,"href":"https:\/\/serbia.com\/srpski\/wp-json\/wp\/v2\/users\/31"}],"replies":[{"embeddable":true,"href":"https:\/\/serbia.com\/srpski\/wp-json\/wp\/v2\/comments?post=36542"}],"version-history":[{"count":1,"href":"https:\/\/serbia.com\/srpski\/wp-json\/wp\/v2\/pages\/36542\/revisions"}],"predecessor-version":[{"id":55673,"href":"https:\/\/serbia.com\/srpski\/wp-json\/wp\/v2\/pages\/36542\/revisions\/55673"}],"up":[{"embeddable":true,"href":"https:\/\/serbia.com\/srpski\/wp-json\/wp\/v2\/pages\/20456"}],"wp:featuredmedia":[{"embeddable":true,"href":"https:\/\/serbia.com\/srpski\/wp-json\/wp\/v2\/media\/31913"}],"wp:attachment":[{"href":"https:\/\/serbia.com\/srpski\/wp-json\/wp\/v2\/media?parent=36542"}],"wp:term":[{"taxonomy":"category","embeddable":true,"href":"https:\/\/serbia.com\/srpski\/wp-json\/wp\/v2\/categories?post=36542"},{"taxonomy":"post_tag","embeddable":true,"href":"https:\/\/serbia.com\/srpski\/wp-json\/wp\/v2\/tags?post=36542"}],"curies":[{"name":"wp","href":"https:\/\/api.w.org\/{rel}","templated":true}]}}