{"id":36313,"date":"2015-10-30T11:53:04","date_gmt":"2015-10-30T10:53:04","guid":{"rendered":"http:\/\/www.serbia.com\/srpski\/?page_id=36313"},"modified":"2024-06-05T11:33:11","modified_gmt":"2024-06-05T09:33:11","slug":"naivno-slikarstvo-slovaka-u-srbiji","status":"publish","type":"page","link":"https:\/\/serbia.com\/srpski\/o-srbiji\/kultura\/nematerijalno-kulturno-nasledje-srbije\/nematerijalno-kulturno-naslede-kao-cuvar-srpskog-identiteta\/naivno-slikarstvo-slovaka-u-srbiji\/","title":{"rendered":"Naivno slikarstvo Slovaka u Srbiji"},"content":{"rendered":"<h2 style=\"text-align: justify;\">Inspirisana prirodom, mirom i na\u010dinom \u017eivota u prostranim vojvo\u0111anskim ravnicama, nastaju jedinstvena umetni\u010dka dela velike vrednosti i zna\u010daja.<\/h2>\n<p style=\"text-align: justify;\">Njih, sa mnogo ljubavi, talenta i posve\u0107enosti, slikari naivne umetnosti u Kova\u010dici stvaraju na platnu, \u0161amlicama i tikvama.<\/p>\n<p style=\"text-align: justify;\">Zavi\u010daj, ljubav, obi\u010daji i prikazivanje seoskog na\u010dina \u017eivota, zajedni\u010dki su i nepresu\u0161ni motivi koji inspiri\u0161u ve\u0107inu umetnika naivnog slikarstva. Tako se godinama unazad na prostoru Vojvodine razvijala specifi\u010dna umetnost, koja je 18. juna 2012. godine upisana i u Nacionalni registar <a href=\"http:\/\/www.serbia.com\/srpski\/o-srbiji\/kultura\/nematerijalno-kulturno-nasledje-srbije\/\">nematerijalnog kulturnog nasle\u0111a Srbije<\/a>. Na taj na\u010din, jedinstvenost <a href=\"http:\/\/www.serbia.com\/srpski\/o-srbiji\/kultura\/nematerijalno-kulturno-nasledje-srbije\/tragovima-nematerijalnog-kulturnog-nasleda-srbije\/naivno-slikarstvo-slovaka\/\">naivnih slikara Slovaka u Srbiji<\/a> jo\u0161 jednom je potvr\u0111ena.<\/p>\n<p><em>Naivno slikarstvo je nezvani\u010dno zapo\u010deto 1939. godine. U to vreme slikari su mahom kopirali motive sa razglednica i kalendara, slikaju\u0107i sve ono \u010dega nije bilo u <a href=\"http:\/\/www.serbia.com\/srpski\/uzbudljiva-voznja-kroz-prelepi-banat\/\">Banatu<\/a>. Vremenom su gradili sopstvene stilove, pa danas umetnici stvaraju jedinstvene motive sa mno\u0161tvom boja i detalja.<\/em><\/p>\n<p style=\"text-align: justify;\">Ipak,<strong> i dalje ne postoji obja\u0161njenje za ogroman broj <a href=\"http:\/\/www.serbia.com\/srpski\/naivna-umetnost-kovacice\/\">slikara naive u Kova\u010dici<\/a><\/strong>. \u010cak ni me\u0161tani ovog malog mesta u Banatu, nisu sigurni zbog \u010dega je podneblje na kome \u017eive toliko plodno za razvitak ove umetnosti. Neki ka\u017eu \u201evi\u0161a sila\u201c, drugi da je lepota Vojvodine \u201ekriva za nepresu\u0161nu inspiraciju slikara\u201c, a tre\u0107i da razlog le\u017ei u vi\u0161e decenijskom preno\u0161enju zanata \u201esa kolena na koleno\u201c.<\/p>\n<p style=\"text-align: justify;\">Bilo kako bilo, <strong>svako umetni\u010dko delo ovih talentovanih slikara je \u201epri\u010da za sebe\u201c<\/strong>. Na tikvama, \u0161amlicama i platnu prikazane su narodne no\u0161nje, radovi na njivi, polju i livadi, trenuci ljubavi, sre\u0107e i tuge, ali i raznovrsni obi\u010daji karakteristi\u010dni za \u017eivot i kulturu ljudi sa ovog podneblja. Naravno, ve\u0107ina slikara ima motiv koji ga posebno inspiri\u0161e i koji je njegov \u201eza\u0161titni znak\u201c.<\/p>\n<p><iframe loading=\"lazy\" title=\"Tragovima nematerijalnog kulturnog nasle\u0111a Srbije - Naivno slikarstvo Slovaka\" width=\"640\" height=\"360\" src=\"https:\/\/www.youtube.com\/embed\/lMGes0Lchxo?feature=oembed\" frameborder=\"0\" allow=\"accelerometer; autoplay; clipboard-write; encrypted-media; gyroscope; picture-in-picture; web-share\" referrerpolicy=\"strict-origin-when-cross-origin\" allowfullscreen><\/iframe><\/p>\n<p style=\"text-align: justify;\">Mladoj i talentovanoj umetnici <strong>Vieroslavi Svetlikovoj<\/strong> su to cve\u0107e i p\u010dele, dok <strong>Jan Ba\u010dur, jedan od najstarijih slikara naive u Srbiji<\/strong>, u\u017eiva u slikanju konja. Iako imaju razli\u010dite motive i stil, dvoje umetnika imaju i ne\u0161to zajedni\u010dko \u2013 oboje u\u017eivaju u svom poslu. <em>\u201eSvaki dan treba ne\u0161to naslikati. Ako nema\u0161 tu \u017eelju onda \u0107e\u0161 oti\u0107i u park da \u0161eta\u0161, a od slikanja nema ni\u0161ta. Ovaj posao mora da se voli\u201c<\/em>, obja\u0161njava Ba\u010dur.<\/p>\n<p style=\"text-align: justify;\">Istu ljubav deli i Vieroslava Svetlikova, koja kasno u no\u0107, kada zavr\u0161i sve obaveze u ku\u0107i, slika. Najbolji pokazatelj njene predanosti su na desetine \u0161amlica, tikva i slika koja umetnica svakodnevno izra\u0111uje. Vrednost i lepotu Vieroslavinih dela prepoznao je i Marjan Vajda, biv\u0161i trener najboljeg tenisera sveta <a href=\"http:\/\/www.serbia.com\/srpski\/o-srbiji\/poznati-srbi\/sportisti\/novak-dokovic\/\">Novaka \u0110okovi\u0107a<\/a>, koji mu je poklonio jednu od Vieroslavinih \u0161amlica.<\/p>\n<p><em>Umetni\u010dka dela nekih od najpoznatijih slikara naive poput Vladimira Bobo\u0161a, koji je prvi u Kova\u010dici po\u010deo da slika, preko Martina Jona\u0161a, Jana Sokola do Zuzane Halupove, mo\u017eete pogledati u galeriji \u201cBabka\u201d u Kova\u010dici.<\/em><\/p>\n<p style=\"text-align: justify;\">O posebnosti slikara naivaca iz Kova\u010dice, govori i interesantan nadimak koji su dobili. Naime, <strong>ove umetnike nazivaju i <em>\u201cslikarima \u010distog srca\u201d<\/em><\/strong>, a glavni razlog je neoptere\u0107enost \u0161kolskim poznavanjem slikarskih pravila, i \u0161irokouman pristup onome \u0161to rade. Na taj na\u010din, kova\u010di\u010dki naivci<strong> stvarali su potpuno nove motive i tehnike, grade\u0107i poseban umetni\u010dki univerzum<\/strong>.<\/p>\n<p style=\"text-align: justify;\">Ipak, jedna od najve\u0107ih vrednosti naivnog slikarstva svakako je <strong>autenti\u010dno prikazivanje narodnih obi\u010daja, rituala i selja\u010dkog na\u010dina \u017eivota.<\/strong> Mnoge od ovih svetkovina pale su u zaborav ili se vi\u0161e ne praktikuju, pa je njihovo bele\u017eenje od izuzetnog zna\u010daja. Na taj na\u010din, ne samo da se neguju umetnost i kultura jednog naroda, ve\u0107 se i tradicija i duhovnost prenose na nove generacije.<\/p>\n<h4 style=\"text-align: justify;\">Slike naivnih slikara se kupuju u SAD i Kanadi<\/h4>\n<p style=\"text-align: justify;\">Iako u Srbiji potra\u017enja i kupovina umetni\u010dkih dela naivnog slikarstva iz Kova\u010dice nije na zadovoljavaju\u0107em nivou, u dijaspori postoji interesovanje za njih. Prema re\u010dima <strong>Pavela Babke, vlasnika galerije \u201cBabka\u201d<\/strong> u Kova\u010dici, u poslednje tri godine Srbi u dijaspori u sve ve\u0107em broju kupuju slike iz ovog malog vojvo\u0111anskog mesta.<\/p>\n<p style=\"text-align: justify;\"><em>\u201cSve vi\u0161e po\u010dinje da se izdvaja na\u0161a dijaspora koja \u017eivi u Kanadi i SAD. Radi se o mla\u0111im ljudima koji su oti\u0161li iz na\u0161e zemlje 90-tih godina, i koji su ve\u0107inom visokobrazovani. Oni su se ve\u0107 sku\u0107ili\u00a0pa kupuju i slike,\u00a0to ih vraca u mladost i rodni kraj\u201d<\/em>, ka\u017ee Babka za Serbia.com. U nadi da \u0107e se ovakav trend nastaviti, pozivamo vas da obi\u0111ete Kova\u010dicu, upoznate se sa umetno\u0161\u0107u ovog grada i ponesete jedan njen deli\u0107 sa sobom.<\/p>\n","protected":false},"excerpt":{"rendered":"<p>Inspirisana prirodom, mirom i na\u010dinom \u017eivota u prostranim vojvo\u0111anskim ravnicama, nastaju jedinstvena umetni\u010dka dela velike vrednosti i zna\u010daja. Njih, sa mnogo ljubavi, talenta i posve\u0107enosti, slikari naivne umetnosti u Kova\u010dici [&hellip;]<\/p>\n","protected":false},"author":27,"featured_media":48894,"parent":34018,"menu_order":0,"comment_status":"closed","ping_status":"closed","template":"","meta":{"_acf_changed":false,"inline_featured_image":false,"_monsterinsights_skip_tracking":false,"_monsterinsights_sitenote_active":false,"_monsterinsights_sitenote_note":"","_monsterinsights_sitenote_category":0,"footnotes":""},"categories":[3352],"tags":[],"class_list":["post-36313","page","type-page","status-publish","has-post-thumbnail","hentry","category-nematerijalno-kulturno-naslede"],"acf":[],"yoast_head":"<!-- This site is optimized with the Yoast SEO plugin v23.8 - https:\/\/yoast.com\/wordpress\/plugins\/seo\/ -->\n<title>Naivno slikarstvo Slovaka u Srbiji - Serbia.com<\/title>\n<meta name=\"robots\" content=\"index, follow, max-snippet:-1, max-image-preview:large, max-video-preview:-1\" \/>\n<link rel=\"canonical\" href=\"https:\/\/serbia.com\/srpski\/o-srbiji\/kultura\/nematerijalno-kulturno-nasledje-srbije\/nematerijalno-kulturno-naslede-kao-cuvar-srpskog-identiteta\/naivno-slikarstvo-slovaka-u-srbiji\/\" \/>\n<meta property=\"og:locale\" content=\"en_US\" \/>\n<meta property=\"og:type\" content=\"article\" \/>\n<meta property=\"og:title\" content=\"Naivno slikarstvo Slovaka u Srbiji - Serbia.com\" \/>\n<meta property=\"og:description\" content=\"Inspirisana prirodom, mirom i na\u010dinom \u017eivota u prostranim vojvo\u0111anskim ravnicama, nastaju jedinstvena umetni\u010dka dela velike vrednosti i zna\u010daja. Njih, sa mnogo ljubavi, talenta i posve\u0107enosti, slikari naivne umetnosti u Kova\u010dici [&hellip;]\" \/>\n<meta property=\"og:url\" content=\"https:\/\/serbia.com\/srpski\/o-srbiji\/kultura\/nematerijalno-kulturno-nasledje-srbije\/nematerijalno-kulturno-naslede-kao-cuvar-srpskog-identiteta\/naivno-slikarstvo-slovaka-u-srbiji\/\" \/>\n<meta property=\"og:site_name\" content=\"Serbia.com\" \/>\n<meta property=\"article:modified_time\" content=\"2024-06-05T09:33:11+00:00\" \/>\n<meta property=\"og:image\" content=\"https:\/\/serbia.com\/wp-content\/uploads\/2016\/03\/naive-art-kovacica111.jpg\" \/>\n\t<meta property=\"og:image:width\" content=\"800\" \/>\n\t<meta property=\"og:image:height\" content=\"554\" \/>\n\t<meta property=\"og:image:type\" content=\"image\/jpeg\" \/>\n<meta name=\"twitter:label1\" content=\"Est. reading time\" \/>\n\t<meta name=\"twitter:data1\" content=\"4 minutes\" \/>\n<script type=\"application\/ld+json\" class=\"yoast-schema-graph\">{\"@context\":\"https:\/\/schema.org\",\"@graph\":[{\"@type\":\"WebPage\",\"@id\":\"https:\/\/serbia.com\/srpski\/o-srbiji\/kultura\/nematerijalno-kulturno-nasledje-srbije\/nematerijalno-kulturno-naslede-kao-cuvar-srpskog-identiteta\/naivno-slikarstvo-slovaka-u-srbiji\/\",\"url\":\"https:\/\/serbia.com\/srpski\/o-srbiji\/kultura\/nematerijalno-kulturno-nasledje-srbije\/nematerijalno-kulturno-naslede-kao-cuvar-srpskog-identiteta\/naivno-slikarstvo-slovaka-u-srbiji\/\",\"name\":\"Naivno slikarstvo Slovaka u Srbiji - Serbia.com\",\"isPartOf\":{\"@id\":\"https:\/\/serbia.com\/#website\"},\"primaryImageOfPage\":{\"@id\":\"https:\/\/serbia.com\/srpski\/o-srbiji\/kultura\/nematerijalno-kulturno-nasledje-srbije\/nematerijalno-kulturno-naslede-kao-cuvar-srpskog-identiteta\/naivno-slikarstvo-slovaka-u-srbiji\/#primaryimage\"},\"image\":{\"@id\":\"https:\/\/serbia.com\/srpski\/o-srbiji\/kultura\/nematerijalno-kulturno-nasledje-srbije\/nematerijalno-kulturno-naslede-kao-cuvar-srpskog-identiteta\/naivno-slikarstvo-slovaka-u-srbiji\/#primaryimage\"},\"thumbnailUrl\":\"https:\/\/serbia.com\/wp-content\/uploads\/2016\/03\/naive-art-kovacica111.jpg\",\"datePublished\":\"2015-10-30T10:53:04+00:00\",\"dateModified\":\"2024-06-05T09:33:11+00:00\",\"breadcrumb\":{\"@id\":\"https:\/\/serbia.com\/srpski\/o-srbiji\/kultura\/nematerijalno-kulturno-nasledje-srbije\/nematerijalno-kulturno-naslede-kao-cuvar-srpskog-identiteta\/naivno-slikarstvo-slovaka-u-srbiji\/#breadcrumb\"},\"inLanguage\":\"srpski\",\"potentialAction\":[{\"@type\":\"ReadAction\",\"target\":[\"https:\/\/serbia.com\/srpski\/o-srbiji\/kultura\/nematerijalno-kulturno-nasledje-srbije\/nematerijalno-kulturno-naslede-kao-cuvar-srpskog-identiteta\/naivno-slikarstvo-slovaka-u-srbiji\/\"]}]},{\"@type\":\"ImageObject\",\"inLanguage\":\"srpski\",\"@id\":\"https:\/\/serbia.com\/srpski\/o-srbiji\/kultura\/nematerijalno-kulturno-nasledje-srbije\/nematerijalno-kulturno-naslede-kao-cuvar-srpskog-identiteta\/naivno-slikarstvo-slovaka-u-srbiji\/#primaryimage\",\"url\":\"https:\/\/serbia.com\/wp-content\/uploads\/2016\/03\/naive-art-kovacica111.jpg\",\"contentUrl\":\"https:\/\/serbia.com\/wp-content\/uploads\/2016\/03\/naive-art-kovacica111.jpg\",\"width\":800,\"height\":554},{\"@type\":\"BreadcrumbList\",\"@id\":\"https:\/\/serbia.com\/srpski\/o-srbiji\/kultura\/nematerijalno-kulturno-nasledje-srbije\/nematerijalno-kulturno-naslede-kao-cuvar-srpskog-identiteta\/naivno-slikarstvo-slovaka-u-srbiji\/#breadcrumb\",\"itemListElement\":[{\"@type\":\"ListItem\",\"position\":1,\"name\":\"Home\",\"item\":\"https:\/\/serbia.com\/srpski\/\"},{\"@type\":\"ListItem\",\"position\":2,\"name\":\"O Srbiji\",\"item\":\"https:\/\/serbia.com\/srpski\/o-srbiji\/\"},{\"@type\":\"ListItem\",\"position\":3,\"name\":\"Kultura\",\"item\":\"https:\/\/serbia.com\/srpski\/o-srbiji\/kultura\/\"},{\"@type\":\"ListItem\",\"position\":4,\"name\":\"Nematerijalno kulturno nasle\u0111e Srbije\",\"item\":\"https:\/\/serbia.com\/srpski\/o-srbiji\/kultura\/nematerijalno-kulturno-nasledje-srbije\/\"},{\"@type\":\"ListItem\",\"position\":5,\"name\":\"Nematerijalno kulturno nasle\u0111e kao \u010duvar srpskog identiteta\",\"item\":\"https:\/\/serbia.com\/srpski\/o-srbiji\/kultura\/nematerijalno-kulturno-nasledje-srbije\/nematerijalno-kulturno-naslede-kao-cuvar-srpskog-identiteta\/\"},{\"@type\":\"ListItem\",\"position\":6,\"name\":\"Naivno slikarstvo Slovaka u Srbiji\"}]},{\"@type\":\"WebSite\",\"@id\":\"https:\/\/serbia.com\/#website\",\"url\":\"https:\/\/serbia.com\/\",\"name\":\"Serbia.com\",\"description\":\"Your Gateway to Serbia\",\"potentialAction\":[{\"@type\":\"SearchAction\",\"target\":{\"@type\":\"EntryPoint\",\"urlTemplate\":\"https:\/\/serbia.com\/?s={search_term_string}\"},\"query-input\":{\"@type\":\"PropertyValueSpecification\",\"valueRequired\":true,\"valueName\":\"search_term_string\"}}],\"inLanguage\":\"srpski\"}]}<\/script>\n<!-- \/ Yoast SEO plugin. -->","yoast_head_json":{"title":"Naivno slikarstvo Slovaka u Srbiji - Serbia.com","robots":{"index":"index","follow":"follow","max-snippet":"max-snippet:-1","max-image-preview":"max-image-preview:large","max-video-preview":"max-video-preview:-1"},"canonical":"https:\/\/serbia.com\/srpski\/o-srbiji\/kultura\/nematerijalno-kulturno-nasledje-srbije\/nematerijalno-kulturno-naslede-kao-cuvar-srpskog-identiteta\/naivno-slikarstvo-slovaka-u-srbiji\/","og_locale":"en_US","og_type":"article","og_title":"Naivno slikarstvo Slovaka u Srbiji - Serbia.com","og_description":"Inspirisana prirodom, mirom i na\u010dinom \u017eivota u prostranim vojvo\u0111anskim ravnicama, nastaju jedinstvena umetni\u010dka dela velike vrednosti i zna\u010daja. Njih, sa mnogo ljubavi, talenta i posve\u0107enosti, slikari naivne umetnosti u Kova\u010dici [&hellip;]","og_url":"https:\/\/serbia.com\/srpski\/o-srbiji\/kultura\/nematerijalno-kulturno-nasledje-srbije\/nematerijalno-kulturno-naslede-kao-cuvar-srpskog-identiteta\/naivno-slikarstvo-slovaka-u-srbiji\/","og_site_name":"Serbia.com","article_modified_time":"2024-06-05T09:33:11+00:00","og_image":[{"width":800,"height":554,"url":"https:\/\/serbia.com\/wp-content\/uploads\/2016\/03\/naive-art-kovacica111.jpg","type":"image\/jpeg"}],"twitter_misc":{"Est. reading time":"4 minutes"},"schema":{"@context":"https:\/\/schema.org","@graph":[{"@type":"WebPage","@id":"https:\/\/serbia.com\/srpski\/o-srbiji\/kultura\/nematerijalno-kulturno-nasledje-srbije\/nematerijalno-kulturno-naslede-kao-cuvar-srpskog-identiteta\/naivno-slikarstvo-slovaka-u-srbiji\/","url":"https:\/\/serbia.com\/srpski\/o-srbiji\/kultura\/nematerijalno-kulturno-nasledje-srbije\/nematerijalno-kulturno-naslede-kao-cuvar-srpskog-identiteta\/naivno-slikarstvo-slovaka-u-srbiji\/","name":"Naivno slikarstvo Slovaka u Srbiji - Serbia.com","isPartOf":{"@id":"https:\/\/serbia.com\/#website"},"primaryImageOfPage":{"@id":"https:\/\/serbia.com\/srpski\/o-srbiji\/kultura\/nematerijalno-kulturno-nasledje-srbije\/nematerijalno-kulturno-naslede-kao-cuvar-srpskog-identiteta\/naivno-slikarstvo-slovaka-u-srbiji\/#primaryimage"},"image":{"@id":"https:\/\/serbia.com\/srpski\/o-srbiji\/kultura\/nematerijalno-kulturno-nasledje-srbije\/nematerijalno-kulturno-naslede-kao-cuvar-srpskog-identiteta\/naivno-slikarstvo-slovaka-u-srbiji\/#primaryimage"},"thumbnailUrl":"https:\/\/serbia.com\/wp-content\/uploads\/2016\/03\/naive-art-kovacica111.jpg","datePublished":"2015-10-30T10:53:04+00:00","dateModified":"2024-06-05T09:33:11+00:00","breadcrumb":{"@id":"https:\/\/serbia.com\/srpski\/o-srbiji\/kultura\/nematerijalno-kulturno-nasledje-srbije\/nematerijalno-kulturno-naslede-kao-cuvar-srpskog-identiteta\/naivno-slikarstvo-slovaka-u-srbiji\/#breadcrumb"},"inLanguage":"srpski","potentialAction":[{"@type":"ReadAction","target":["https:\/\/serbia.com\/srpski\/o-srbiji\/kultura\/nematerijalno-kulturno-nasledje-srbije\/nematerijalno-kulturno-naslede-kao-cuvar-srpskog-identiteta\/naivno-slikarstvo-slovaka-u-srbiji\/"]}]},{"@type":"ImageObject","inLanguage":"srpski","@id":"https:\/\/serbia.com\/srpski\/o-srbiji\/kultura\/nematerijalno-kulturno-nasledje-srbije\/nematerijalno-kulturno-naslede-kao-cuvar-srpskog-identiteta\/naivno-slikarstvo-slovaka-u-srbiji\/#primaryimage","url":"https:\/\/serbia.com\/wp-content\/uploads\/2016\/03\/naive-art-kovacica111.jpg","contentUrl":"https:\/\/serbia.com\/wp-content\/uploads\/2016\/03\/naive-art-kovacica111.jpg","width":800,"height":554},{"@type":"BreadcrumbList","@id":"https:\/\/serbia.com\/srpski\/o-srbiji\/kultura\/nematerijalno-kulturno-nasledje-srbije\/nematerijalno-kulturno-naslede-kao-cuvar-srpskog-identiteta\/naivno-slikarstvo-slovaka-u-srbiji\/#breadcrumb","itemListElement":[{"@type":"ListItem","position":1,"name":"Home","item":"https:\/\/serbia.com\/srpski\/"},{"@type":"ListItem","position":2,"name":"O Srbiji","item":"https:\/\/serbia.com\/srpski\/o-srbiji\/"},{"@type":"ListItem","position":3,"name":"Kultura","item":"https:\/\/serbia.com\/srpski\/o-srbiji\/kultura\/"},{"@type":"ListItem","position":4,"name":"Nematerijalno kulturno nasle\u0111e Srbije","item":"https:\/\/serbia.com\/srpski\/o-srbiji\/kultura\/nematerijalno-kulturno-nasledje-srbije\/"},{"@type":"ListItem","position":5,"name":"Nematerijalno kulturno nasle\u0111e kao \u010duvar srpskog identiteta","item":"https:\/\/serbia.com\/srpski\/o-srbiji\/kultura\/nematerijalno-kulturno-nasledje-srbije\/nematerijalno-kulturno-naslede-kao-cuvar-srpskog-identiteta\/"},{"@type":"ListItem","position":6,"name":"Naivno slikarstvo Slovaka u Srbiji"}]},{"@type":"WebSite","@id":"https:\/\/serbia.com\/#website","url":"https:\/\/serbia.com\/","name":"Serbia.com","description":"Your Gateway to Serbia","potentialAction":[{"@type":"SearchAction","target":{"@type":"EntryPoint","urlTemplate":"https:\/\/serbia.com\/?s={search_term_string}"},"query-input":{"@type":"PropertyValueSpecification","valueRequired":true,"valueName":"search_term_string"}}],"inLanguage":"srpski"}]}},"_links":{"self":[{"href":"https:\/\/serbia.com\/srpski\/wp-json\/wp\/v2\/pages\/36313"}],"collection":[{"href":"https:\/\/serbia.com\/srpski\/wp-json\/wp\/v2\/pages"}],"about":[{"href":"https:\/\/serbia.com\/srpski\/wp-json\/wp\/v2\/types\/page"}],"author":[{"embeddable":true,"href":"https:\/\/serbia.com\/srpski\/wp-json\/wp\/v2\/users\/27"}],"replies":[{"embeddable":true,"href":"https:\/\/serbia.com\/srpski\/wp-json\/wp\/v2\/comments?post=36313"}],"version-history":[{"count":1,"href":"https:\/\/serbia.com\/srpski\/wp-json\/wp\/v2\/pages\/36313\/revisions"}],"predecessor-version":[{"id":53285,"href":"https:\/\/serbia.com\/srpski\/wp-json\/wp\/v2\/pages\/36313\/revisions\/53285"}],"up":[{"embeddable":true,"href":"https:\/\/serbia.com\/srpski\/wp-json\/wp\/v2\/pages\/34018"}],"wp:featuredmedia":[{"embeddable":true,"href":"https:\/\/serbia.com\/srpski\/wp-json\/wp\/v2\/media\/48894"}],"wp:attachment":[{"href":"https:\/\/serbia.com\/srpski\/wp-json\/wp\/v2\/media?parent=36313"}],"wp:term":[{"taxonomy":"category","embeddable":true,"href":"https:\/\/serbia.com\/srpski\/wp-json\/wp\/v2\/categories?post=36313"},{"taxonomy":"post_tag","embeddable":true,"href":"https:\/\/serbia.com\/srpski\/wp-json\/wp\/v2\/tags?post=36313"}],"curies":[{"name":"wp","href":"https:\/\/api.w.org\/{rel}","templated":true}]}}