{"id":35829,"date":"2015-09-28T12:24:34","date_gmt":"2015-09-28T10:24:34","guid":{"rendered":"http:\/\/www.serbia.com\/?page_id=35829"},"modified":"2024-06-06T10:54:35","modified_gmt":"2024-06-06T08:54:35","slug":"obicaj-izlivanja-i-paljenja-ratarskih-sveca","status":"publish","type":"page","link":"https:\/\/serbia.com\/srpski\/o-srbiji\/kultura\/nematerijalno-kulturno-nasledje-srbije\/nematerijalno-kulturno-naslede-kao-cuvar-srpskog-identiteta\/obicaj-izlivanja-i-paljenja-ratarskih-sveca\/","title":{"rendered":"Obi\u010daj izlivanja i paljenja ratarskih sve\u0107a"},"content":{"rendered":"<h2 style=\"text-align: justify;\">Ispred svetinje koja je podignuta u srednjem veku, godinama unazad \u010duva se jedan od najlep\u0161ih narodnih obi\u010daja \u2013 paljenje ratarskih sve\u0107a. Manastir Trono\u0161a svakog Velikog \u010detvrtka postaje mesto na kome se okupljaju me\u0161tani obli\u017enjih sela, gde uz niz rituala, odr\u017eavaju dugogodi\u0161nju tradiciju.<\/h2>\n<p style=\"text-align: justify;\">Izme\u0111u Loznice, Banje Kovilja\u010de i Tr\u0161i\u0107a, nalazi se <strong>srednjovekovni manastir Trono\u0161a<\/strong> \u010diji se nastanak vezuje za vladavinu kralja Dragutina i njegove supruge kraljice Katarine. Iako vi\u0161e puta razarana, ova svetinja i danas \u010duva <a href=\"http:\/\/www.serbia.com\/srpski\/o-srbiji\/istorija\/\">istoriju<\/a>, tradiciju i mnoge <a href=\"http:\/\/www.serbia.com\/srpski\/o-srbiji\/kultura\/etno-naslede\/narodni-obicaji\/\">narodne obi\u010daje<\/a>.<\/p>\n<p style=\"text-align: justify;\"><img loading=\"lazy\" decoding=\"async\" class=\"alignleft wp-image-35822 size-medium\" src=\"http:\/\/www.serbia.com\/wp-content\/uploads\/2015\/09\/ratarske4-300x208.jpg\" alt=\"e-mail 1804 2014 b.backovic@gmail.com\" width=\"300\" height=\"208\" srcset=\"https:\/\/serbia.com\/wp-content\/uploads\/2015\/09\/ratarske4-300x208.jpg 300w, https:\/\/serbia.com\/wp-content\/uploads\/2015\/09\/ratarske4.jpg 800w\" sizes=\"(max-width: 300px) 100vw, 300px\" \/><\/p>\n<p style=\"text-align: justify;\">Jedna od njih je i stara svetkovina koju su zemljoradnici i pravoslavci iz okolnih sela, i u najte\u017eim danima, bez izuzetka praktikovali.<\/p>\n<p style=\"text-align: justify;\">U nedelju pred Vaskrs, od utorka do Velikog \u010detvrtka, izlivanje jedne polovine ratarskih sve\u0107a obavljaju me\u0161tani<strong> Zaja\u010de<\/strong>, <strong>Paskovca<\/strong> i jednog dela <strong>Tr\u0161i\u0107a<\/strong>, \u00a0a druge polovine \u017eitelji <strong>Korenite<\/strong> i drugog dela Tr\u0161i\u0107a.<\/p>\n<p style=\"text-align: justify;\">Naime, me\u0161anjem voska od starih sve\u0107a sa novim voskom, izlivaju se dve ratarske sve\u0107e te\u0161ke preko pedeset kilograma i visoke oko dva metra.<\/p>\n<p style=\"text-align: justify;\"><strong>Sve\u0107e se \u201esastaju\u201c na Veliki \u010detvrtak kod \u010desme Devet Jugovi\u0107a<\/strong>, u blizini manastira Trono\u0161a.<\/p>\n<p><em>Narod Podrinja je u \u010dast Jug-Bogdana i njegovih devet sinova sagradio \u010desmu Devet Jugovi\u0107a. \u00a0Prema narodnom verovanju, Jugovi\u0107i su pred odlazak u <a href=\"http:\/\/www.serbia.com\/srpski\/boj-na-kosovu-2\/\">Kosovski boj<\/a> preno\u0107ili ovde i napili se vode sa ovog izvora.<\/em><\/p>\n<p style=\"text-align: justify;\">Sve\u0107e se ukra\u0161avaju i oven\u010davaju ikonama Hrista Gospoda i Bogorodice, cve\u0107em i br\u0161ljanom. \u00a0Nakon molitve, kada se oglase manastirska zvona, zajedni\u010dka sve\u010dana povorka obilazi krug oko manastira i ulazi u svetinju. Sve\u0107e od \u010distog p\u010delinjeg voska koje su vredne ruke srpskih doma\u0107ina izlile i kroz brda i \u0161umu donele, pale se u crkvi posve\u0107enoj Vavedenju Presvete Bogorodice.<\/p>\n<p style=\"text-align: justify;\">U narednih godinu dana ove masivne sve\u0107e \u0107e se paliti na sve velike hri\u0161\u0107anske praznike i nedeljom u vreme liturgije. Tako\u0111e, ostatak ratarskih sve\u0107a se pretapa u nove, i na taj na\u010din srpski narod iz ovog kraja, <strong>vi\u0161e od sto pedeset godina, odr\u017eava kontinuitet u obavljanju ovog starog obi\u010daja.<\/strong><\/p>\n<p><em>Veruje se da su obi\u010daj izlivanja i paljenja ratarskih sve\u0107a u Srbiju preneli pravoslavni sve\u0161tenici iz manastira <a href=\"http:\/\/www.serbia.com\/srpski\/hilandar-manastir-u-drzavi-pravoslavnih-monaha\/\">Hilandar<\/a>, ili da su ga u taj kraj doneli Srbi iz Bosne i Hercegovine, koji su, u vekovima turske okupacije Balkana, migrirali ka tom delu zapadne Srbije. Ipak, me\u0161tani okolnih sela smatraju da je ovaj obi\u010daj specifi\u010dnost samo njihovog kraja.<\/em><\/p>\n<p style=\"text-align: justify;\">Verovanje koje je izlivanje i polaganje ratarskih sve\u0107a uspelo da odr\u017ei toliko godina, jeste da se <strong>me\u0161tani na ovaj na\u010din \u0161tite od vremenskih nepogoda i obezbe\u0111uju bolje uslove za rod i atmosferske prilike u toku vegetativnog ciklusa.<\/strong> Polaganjem sve\u0107a koje simboli\u010dno predstavljaju prino\u0161enje beskrvne \u017ertve, me\u0161tani se ustvari zahvaljuju Bogu za naklonost prema ratarima i njihovom radu.<\/p>\n<p style=\"text-align: justify;\"><img loading=\"lazy\" decoding=\"async\" class=\"alignright wp-image-35826 size-medium\" src=\"https:\/\/staging.serbia.com\/wp-content\/uploads\/2015\/09\/ratarske5-300x147.jpg\" alt=\"ratarske5\" width=\"300\" height=\"147\" srcset=\"https:\/\/serbia.com\/wp-content\/uploads\/2015\/09\/ratarske5-300x147.jpg 300w, https:\/\/serbia.com\/wp-content\/uploads\/2015\/09\/ratarske5-1024x502.jpg 1024w\" sizes=\"(max-width: 300px) 100vw, 300px\" \/><\/p>\n<p style=\"text-align: justify;\">Va\u017enost i zna\u010daj ovog starog obi\u010daja prepoznati su i od starne Nacionalnog komiteta za <a href=\"http:\/\/www.serbia.com\/srpski\/o-srbiji\/kultura\/nematerijalno-kulturno-nasledje-srbije\/\">nematerijalno kulturno nasle\u0111e<\/a>. Njegovom odlukom, 18. juna. 2012. godine, obi\u010daj izlivanja i <strong>paljenja ratarskih sve\u0107a upisan je na Listu nematerijalnog kulturnog nasle\u0111a Republike Srbije<\/strong>, a na predlog Srpske pravoslavne crkve.<\/p>\n<h4 style=\"text-align: justify;\">Malo ljudi zna za stari narodni obi\u010daj<\/h4>\n<p style=\"text-align: justify;\">Iako se izlivanje i polaganje ratarskih sve\u0107a u manastiru Trono\u0161a \u010duva vi\u0161e od jednog veka, malo ljudi je upoznato sa ovim va\u017enim narodnim obi\u010dajem. Naime, <strong>osim me\u0161tana obli\u017enjih sela i stanovnika Loznice i okoline, o ovom va\u017enom elementu nematerijalnog kulturnog nasle\u0111a Srbije, ne zna se gotovo ni\u0161ta<\/strong>. Na boljoj upu\u0107enosti ljudi iz Srbije, ali i iz dijaspore, mora se vi\u0161e raditi.<\/p>\n<p style=\"text-align: justify;\">Iz tog razloga je predstavljanje i promocija starih obi\u010daja, a samim tim i podizanje dru\u0161tvene svesti o vrednosti istih, od presudne va\u017enosti. <strong>Cilj je da se gra\u0111ani Srbije, ali i stanovnici koji su iz nekog razloga napustili mati\u010dnu dr\u017eavu, upoznaju sa velikim bogatstvom i zna\u010dajem nematerijalnog kulturnog nasle\u0111a svoje zemlje<\/strong>, i da na taj na\u010din nastave da prenose tradiciju \u201esa kolena na koleno\u201c.<\/p>\n","protected":false},"excerpt":{"rendered":"<p>Ispred svetinje koja je podignuta u srednjem veku, godinama unazad \u010duva se jedan od najlep\u0161ih narodnih obi\u010daja \u2013 paljenje ratarskih sve\u0107a. Manastir Trono\u0161a svakog Velikog \u010detvrtka postaje mesto na kome [&hellip;]<\/p>\n","protected":false},"author":27,"featured_media":35816,"parent":34018,"menu_order":0,"comment_status":"closed","ping_status":"closed","template":"","meta":{"_acf_changed":false,"inline_featured_image":false,"_monsterinsights_skip_tracking":false,"_monsterinsights_sitenote_active":false,"_monsterinsights_sitenote_note":"","_monsterinsights_sitenote_category":0,"footnotes":""},"categories":[973],"tags":[],"class_list":["post-35829","page","type-page","status-publish","has-post-thumbnail","hentry","category-etno-nasledje"],"acf":[],"yoast_head":"<!-- This site is optimized with the Yoast SEO plugin v23.8 - https:\/\/yoast.com\/wordpress\/plugins\/seo\/ -->\n<title>Obi\u010daj izlivanja i paljenja ratarskih sve\u0107a - Serbia.com<\/title>\n<meta name=\"robots\" content=\"index, follow, max-snippet:-1, max-image-preview:large, max-video-preview:-1\" \/>\n<link rel=\"canonical\" href=\"https:\/\/serbia.com\/srpski\/o-srbiji\/kultura\/nematerijalno-kulturno-nasledje-srbije\/nematerijalno-kulturno-naslede-kao-cuvar-srpskog-identiteta\/obicaj-izlivanja-i-paljenja-ratarskih-sveca\/\" \/>\n<meta property=\"og:locale\" content=\"en_US\" \/>\n<meta property=\"og:type\" content=\"article\" \/>\n<meta property=\"og:title\" content=\"Obi\u010daj izlivanja i paljenja ratarskih sve\u0107a - Serbia.com\" \/>\n<meta property=\"og:description\" content=\"Ispred svetinje koja je podignuta u srednjem veku, godinama unazad \u010duva se jedan od najlep\u0161ih narodnih obi\u010daja \u2013 paljenje ratarskih sve\u0107a. Manastir Trono\u0161a svakog Velikog \u010detvrtka postaje mesto na kome [&hellip;]\" \/>\n<meta property=\"og:url\" content=\"https:\/\/serbia.com\/srpski\/o-srbiji\/kultura\/nematerijalno-kulturno-nasledje-srbije\/nematerijalno-kulturno-naslede-kao-cuvar-srpskog-identiteta\/obicaj-izlivanja-i-paljenja-ratarskih-sveca\/\" \/>\n<meta property=\"og:site_name\" content=\"Serbia.com\" \/>\n<meta property=\"article:modified_time\" content=\"2024-06-06T08:54:35+00:00\" \/>\n<meta property=\"og:image\" content=\"https:\/\/serbia.com\/wp-content\/uploads\/2015\/09\/ratarske1.jpg\" \/>\n\t<meta property=\"og:image:width\" content=\"1600\" \/>\n\t<meta property=\"og:image:height\" content=\"846\" \/>\n\t<meta property=\"og:image:type\" content=\"image\/jpeg\" \/>\n<meta name=\"twitter:label1\" content=\"Est. reading time\" \/>\n\t<meta name=\"twitter:data1\" content=\"4 minutes\" \/>\n<script type=\"application\/ld+json\" class=\"yoast-schema-graph\">{\"@context\":\"https:\/\/schema.org\",\"@graph\":[{\"@type\":\"WebPage\",\"@id\":\"https:\/\/serbia.com\/srpski\/o-srbiji\/kultura\/nematerijalno-kulturno-nasledje-srbije\/nematerijalno-kulturno-naslede-kao-cuvar-srpskog-identiteta\/obicaj-izlivanja-i-paljenja-ratarskih-sveca\/\",\"url\":\"https:\/\/serbia.com\/srpski\/o-srbiji\/kultura\/nematerijalno-kulturno-nasledje-srbije\/nematerijalno-kulturno-naslede-kao-cuvar-srpskog-identiteta\/obicaj-izlivanja-i-paljenja-ratarskih-sveca\/\",\"name\":\"Obi\u010daj izlivanja i paljenja ratarskih sve\u0107a - Serbia.com\",\"isPartOf\":{\"@id\":\"https:\/\/serbia.com\/#website\"},\"primaryImageOfPage\":{\"@id\":\"https:\/\/serbia.com\/srpski\/o-srbiji\/kultura\/nematerijalno-kulturno-nasledje-srbije\/nematerijalno-kulturno-naslede-kao-cuvar-srpskog-identiteta\/obicaj-izlivanja-i-paljenja-ratarskih-sveca\/#primaryimage\"},\"image\":{\"@id\":\"https:\/\/serbia.com\/srpski\/o-srbiji\/kultura\/nematerijalno-kulturno-nasledje-srbije\/nematerijalno-kulturno-naslede-kao-cuvar-srpskog-identiteta\/obicaj-izlivanja-i-paljenja-ratarskih-sveca\/#primaryimage\"},\"thumbnailUrl\":\"https:\/\/serbia.com\/wp-content\/uploads\/2015\/09\/ratarske1.jpg\",\"datePublished\":\"2015-09-28T10:24:34+00:00\",\"dateModified\":\"2024-06-06T08:54:35+00:00\",\"breadcrumb\":{\"@id\":\"https:\/\/serbia.com\/srpski\/o-srbiji\/kultura\/nematerijalno-kulturno-nasledje-srbije\/nematerijalno-kulturno-naslede-kao-cuvar-srpskog-identiteta\/obicaj-izlivanja-i-paljenja-ratarskih-sveca\/#breadcrumb\"},\"inLanguage\":\"srpski\",\"potentialAction\":[{\"@type\":\"ReadAction\",\"target\":[\"https:\/\/serbia.com\/srpski\/o-srbiji\/kultura\/nematerijalno-kulturno-nasledje-srbije\/nematerijalno-kulturno-naslede-kao-cuvar-srpskog-identiteta\/obicaj-izlivanja-i-paljenja-ratarskih-sveca\/\"]}]},{\"@type\":\"ImageObject\",\"inLanguage\":\"srpski\",\"@id\":\"https:\/\/serbia.com\/srpski\/o-srbiji\/kultura\/nematerijalno-kulturno-nasledje-srbije\/nematerijalno-kulturno-naslede-kao-cuvar-srpskog-identiteta\/obicaj-izlivanja-i-paljenja-ratarskih-sveca\/#primaryimage\",\"url\":\"https:\/\/serbia.com\/wp-content\/uploads\/2015\/09\/ratarske1.jpg\",\"contentUrl\":\"https:\/\/serbia.com\/wp-content\/uploads\/2015\/09\/ratarske1.jpg\",\"width\":1600,\"height\":846},{\"@type\":\"BreadcrumbList\",\"@id\":\"https:\/\/serbia.com\/srpski\/o-srbiji\/kultura\/nematerijalno-kulturno-nasledje-srbije\/nematerijalno-kulturno-naslede-kao-cuvar-srpskog-identiteta\/obicaj-izlivanja-i-paljenja-ratarskih-sveca\/#breadcrumb\",\"itemListElement\":[{\"@type\":\"ListItem\",\"position\":1,\"name\":\"Home\",\"item\":\"https:\/\/serbia.com\/srpski\/\"},{\"@type\":\"ListItem\",\"position\":2,\"name\":\"O Srbiji\",\"item\":\"https:\/\/serbia.com\/srpski\/o-srbiji\/\"},{\"@type\":\"ListItem\",\"position\":3,\"name\":\"Kultura\",\"item\":\"https:\/\/serbia.com\/srpski\/o-srbiji\/kultura\/\"},{\"@type\":\"ListItem\",\"position\":4,\"name\":\"Nematerijalno kulturno nasle\u0111e Srbije\",\"item\":\"https:\/\/serbia.com\/srpski\/o-srbiji\/kultura\/nematerijalno-kulturno-nasledje-srbije\/\"},{\"@type\":\"ListItem\",\"position\":5,\"name\":\"Nematerijalno kulturno nasle\u0111e kao \u010duvar srpskog identiteta\",\"item\":\"https:\/\/serbia.com\/srpski\/o-srbiji\/kultura\/nematerijalno-kulturno-nasledje-srbije\/nematerijalno-kulturno-naslede-kao-cuvar-srpskog-identiteta\/\"},{\"@type\":\"ListItem\",\"position\":6,\"name\":\"Obi\u010daj izlivanja i paljenja ratarskih sve\u0107a\"}]},{\"@type\":\"WebSite\",\"@id\":\"https:\/\/serbia.com\/#website\",\"url\":\"https:\/\/serbia.com\/\",\"name\":\"Serbia.com\",\"description\":\"Your Gateway to Serbia\",\"potentialAction\":[{\"@type\":\"SearchAction\",\"target\":{\"@type\":\"EntryPoint\",\"urlTemplate\":\"https:\/\/serbia.com\/?s={search_term_string}\"},\"query-input\":{\"@type\":\"PropertyValueSpecification\",\"valueRequired\":true,\"valueName\":\"search_term_string\"}}],\"inLanguage\":\"srpski\"}]}<\/script>\n<!-- \/ Yoast SEO plugin. -->","yoast_head_json":{"title":"Obi\u010daj izlivanja i paljenja ratarskih sve\u0107a - Serbia.com","robots":{"index":"index","follow":"follow","max-snippet":"max-snippet:-1","max-image-preview":"max-image-preview:large","max-video-preview":"max-video-preview:-1"},"canonical":"https:\/\/serbia.com\/srpski\/o-srbiji\/kultura\/nematerijalno-kulturno-nasledje-srbije\/nematerijalno-kulturno-naslede-kao-cuvar-srpskog-identiteta\/obicaj-izlivanja-i-paljenja-ratarskih-sveca\/","og_locale":"en_US","og_type":"article","og_title":"Obi\u010daj izlivanja i paljenja ratarskih sve\u0107a - Serbia.com","og_description":"Ispred svetinje koja je podignuta u srednjem veku, godinama unazad \u010duva se jedan od najlep\u0161ih narodnih obi\u010daja \u2013 paljenje ratarskih sve\u0107a. Manastir Trono\u0161a svakog Velikog \u010detvrtka postaje mesto na kome [&hellip;]","og_url":"https:\/\/serbia.com\/srpski\/o-srbiji\/kultura\/nematerijalno-kulturno-nasledje-srbije\/nematerijalno-kulturno-naslede-kao-cuvar-srpskog-identiteta\/obicaj-izlivanja-i-paljenja-ratarskih-sveca\/","og_site_name":"Serbia.com","article_modified_time":"2024-06-06T08:54:35+00:00","og_image":[{"width":1600,"height":846,"url":"https:\/\/serbia.com\/wp-content\/uploads\/2015\/09\/ratarske1.jpg","type":"image\/jpeg"}],"twitter_misc":{"Est. reading time":"4 minutes"},"schema":{"@context":"https:\/\/schema.org","@graph":[{"@type":"WebPage","@id":"https:\/\/serbia.com\/srpski\/o-srbiji\/kultura\/nematerijalno-kulturno-nasledje-srbije\/nematerijalno-kulturno-naslede-kao-cuvar-srpskog-identiteta\/obicaj-izlivanja-i-paljenja-ratarskih-sveca\/","url":"https:\/\/serbia.com\/srpski\/o-srbiji\/kultura\/nematerijalno-kulturno-nasledje-srbije\/nematerijalno-kulturno-naslede-kao-cuvar-srpskog-identiteta\/obicaj-izlivanja-i-paljenja-ratarskih-sveca\/","name":"Obi\u010daj izlivanja i paljenja ratarskih sve\u0107a - Serbia.com","isPartOf":{"@id":"https:\/\/serbia.com\/#website"},"primaryImageOfPage":{"@id":"https:\/\/serbia.com\/srpski\/o-srbiji\/kultura\/nematerijalno-kulturno-nasledje-srbije\/nematerijalno-kulturno-naslede-kao-cuvar-srpskog-identiteta\/obicaj-izlivanja-i-paljenja-ratarskih-sveca\/#primaryimage"},"image":{"@id":"https:\/\/serbia.com\/srpski\/o-srbiji\/kultura\/nematerijalno-kulturno-nasledje-srbije\/nematerijalno-kulturno-naslede-kao-cuvar-srpskog-identiteta\/obicaj-izlivanja-i-paljenja-ratarskih-sveca\/#primaryimage"},"thumbnailUrl":"https:\/\/serbia.com\/wp-content\/uploads\/2015\/09\/ratarske1.jpg","datePublished":"2015-09-28T10:24:34+00:00","dateModified":"2024-06-06T08:54:35+00:00","breadcrumb":{"@id":"https:\/\/serbia.com\/srpski\/o-srbiji\/kultura\/nematerijalno-kulturno-nasledje-srbije\/nematerijalno-kulturno-naslede-kao-cuvar-srpskog-identiteta\/obicaj-izlivanja-i-paljenja-ratarskih-sveca\/#breadcrumb"},"inLanguage":"srpski","potentialAction":[{"@type":"ReadAction","target":["https:\/\/serbia.com\/srpski\/o-srbiji\/kultura\/nematerijalno-kulturno-nasledje-srbije\/nematerijalno-kulturno-naslede-kao-cuvar-srpskog-identiteta\/obicaj-izlivanja-i-paljenja-ratarskih-sveca\/"]}]},{"@type":"ImageObject","inLanguage":"srpski","@id":"https:\/\/serbia.com\/srpski\/o-srbiji\/kultura\/nematerijalno-kulturno-nasledje-srbije\/nematerijalno-kulturno-naslede-kao-cuvar-srpskog-identiteta\/obicaj-izlivanja-i-paljenja-ratarskih-sveca\/#primaryimage","url":"https:\/\/serbia.com\/wp-content\/uploads\/2015\/09\/ratarske1.jpg","contentUrl":"https:\/\/serbia.com\/wp-content\/uploads\/2015\/09\/ratarske1.jpg","width":1600,"height":846},{"@type":"BreadcrumbList","@id":"https:\/\/serbia.com\/srpski\/o-srbiji\/kultura\/nematerijalno-kulturno-nasledje-srbije\/nematerijalno-kulturno-naslede-kao-cuvar-srpskog-identiteta\/obicaj-izlivanja-i-paljenja-ratarskih-sveca\/#breadcrumb","itemListElement":[{"@type":"ListItem","position":1,"name":"Home","item":"https:\/\/serbia.com\/srpski\/"},{"@type":"ListItem","position":2,"name":"O Srbiji","item":"https:\/\/serbia.com\/srpski\/o-srbiji\/"},{"@type":"ListItem","position":3,"name":"Kultura","item":"https:\/\/serbia.com\/srpski\/o-srbiji\/kultura\/"},{"@type":"ListItem","position":4,"name":"Nematerijalno kulturno nasle\u0111e Srbije","item":"https:\/\/serbia.com\/srpski\/o-srbiji\/kultura\/nematerijalno-kulturno-nasledje-srbije\/"},{"@type":"ListItem","position":5,"name":"Nematerijalno kulturno nasle\u0111e kao \u010duvar srpskog identiteta","item":"https:\/\/serbia.com\/srpski\/o-srbiji\/kultura\/nematerijalno-kulturno-nasledje-srbije\/nematerijalno-kulturno-naslede-kao-cuvar-srpskog-identiteta\/"},{"@type":"ListItem","position":6,"name":"Obi\u010daj izlivanja i paljenja ratarskih sve\u0107a"}]},{"@type":"WebSite","@id":"https:\/\/serbia.com\/#website","url":"https:\/\/serbia.com\/","name":"Serbia.com","description":"Your Gateway to Serbia","potentialAction":[{"@type":"SearchAction","target":{"@type":"EntryPoint","urlTemplate":"https:\/\/serbia.com\/?s={search_term_string}"},"query-input":{"@type":"PropertyValueSpecification","valueRequired":true,"valueName":"search_term_string"}}],"inLanguage":"srpski"}]}},"_links":{"self":[{"href":"https:\/\/serbia.com\/srpski\/wp-json\/wp\/v2\/pages\/35829"}],"collection":[{"href":"https:\/\/serbia.com\/srpski\/wp-json\/wp\/v2\/pages"}],"about":[{"href":"https:\/\/serbia.com\/srpski\/wp-json\/wp\/v2\/types\/page"}],"author":[{"embeddable":true,"href":"https:\/\/serbia.com\/srpski\/wp-json\/wp\/v2\/users\/27"}],"replies":[{"embeddable":true,"href":"https:\/\/serbia.com\/srpski\/wp-json\/wp\/v2\/comments?post=35829"}],"version-history":[{"count":1,"href":"https:\/\/serbia.com\/srpski\/wp-json\/wp\/v2\/pages\/35829\/revisions"}],"predecessor-version":[{"id":53380,"href":"https:\/\/serbia.com\/srpski\/wp-json\/wp\/v2\/pages\/35829\/revisions\/53380"}],"up":[{"embeddable":true,"href":"https:\/\/serbia.com\/srpski\/wp-json\/wp\/v2\/pages\/34018"}],"wp:featuredmedia":[{"embeddable":true,"href":"https:\/\/serbia.com\/srpski\/wp-json\/wp\/v2\/media\/35816"}],"wp:attachment":[{"href":"https:\/\/serbia.com\/srpski\/wp-json\/wp\/v2\/media?parent=35829"}],"wp:term":[{"taxonomy":"category","embeddable":true,"href":"https:\/\/serbia.com\/srpski\/wp-json\/wp\/v2\/categories?post=35829"},{"taxonomy":"post_tag","embeddable":true,"href":"https:\/\/serbia.com\/srpski\/wp-json\/wp\/v2\/tags?post=35829"}],"curies":[{"name":"wp","href":"https:\/\/api.w.org\/{rel}","templated":true}]}}