{"id":35699,"date":"2015-09-08T13:16:03","date_gmt":"2015-09-08T11:16:03","guid":{"rendered":"http:\/\/www.serbia.com\/?page_id=35699"},"modified":"2024-06-06T10:45:20","modified_gmt":"2024-06-06T08:45:20","slug":"cuvanje-hristovog-groba","status":"publish","type":"page","link":"https:\/\/serbia.com\/srpski\/o-srbiji\/kultura\/nematerijalno-kulturno-nasledje-srbije\/nematerijalno-kulturno-naslede-kao-cuvar-srpskog-identiteta\/cuvanje-hristovog-groba\/","title":{"rendered":"\u010cuvanje Hristovog groba"},"content":{"rendered":"<h2>Jerusalim i malo naselje u Severnoj Dalmaciji pod nazivom Vrlica, imaju ne\u0161to zajedni\u010dko. Naime, drevna tradicija \u010cuvanja Hristovog groba zabele\u017eena je samo na ova dva mesta u svetu, a nakon progona Srba iz ovih krajeva stari obi\u010daj nastavljen je u beogradskom naselju Batajnica.<\/h2>\n<p>Za jedinstveni ritual koji su Srbi iz Vrli\u010dke krajine preneli u hram Presvete Bogorodice u Batajnici, veruje se da je star vi\u0161e od 500 godina. Iako se sa sigurno\u0161\u0107u ne zna kako je obi\u010daj dospeo u ove krajeve, vekovi koji su prohujali nisu spre\u010dili generacije koje su dolazile i prolazile, da o\u010duvaju <strong>jedan od najneobi\u010dnijih i najzanimljivijih obi\u010daja vezanih za Vaskrs.<\/strong><\/p>\n<p><em>\u010cuvari Hristovog groba samo su jednom prekinuli tradiciju koju ni istorijski progoni, kataklizme i Drugi svetski rat nisu mogle spre\u010diti. Bilo je to 1995. godine, kada su bili prognani sa svog izvori\u0161ta. Na desetogodi\u0161njicu \u201cOluje\u201d obi\u010daj je ponovo o\u017eiveo.<\/em><\/p>\n<p>Sa \u010dvrstom verom i zavetima koje su polo\u017eili precima, \u010duvari se svake godine na Veliki petak okupljaju i biraju haramba\u0161u, najboljeg junaka kao vo\u0111u garde. Od tog momenta, u <a href=\"http:\/\/www.serbia.com\/srpski\/o-srbiji\/kultura\/etno-naslede\/34075-2\/\">narodnoj no\u0161nji<\/a> kraja iz kog poti\u010du, \u010duvari stupaju u crkvu i zauzimaju mesto severno i ju\u017eno od Hristovog groba. Nenametljivo i u \u010dvrstoj pobo\u017enosti, stra\u017eari se smenjuju netremice posmatraju\u0107i Svetu Pla\u0161tanicu.<\/p>\n<p>Obi\u010daj koji ulep\u0161ava Liturgiju elementima ratni\u010dkog dostojanstva, traje sve do Vaskrsa. Stra\u017eari se neprekidno smenjuju tako \u0161to haramba\u0161a u naos uvodi dvojicu odmornih \u010duvara, koji kada vo\u0111a udari pu\u0161kom o pod crkve, zauzimaju mesta prethodnih. Na Veliku subotu stra\u017eari odlaze na ispovedanje, pri\u010de\u0161\u0107uju se, i onda se, kako tradicija nala\u017ee, slu\u017ei bakalar.<\/p>\n<p>Odlaskom na pono\u0107nu liturgiju koja se odvija u hramu Svetog Save na Vra\u010daru, obi\u010daj se nastavlja. Kada osvane Vaskr\u0161nji dan i zavr\u0161i jutarnja liturgija, po\u010dinju pesma <strong><a href=\"http:\/\/www.serbia.com\/srpski\/o-srbiji\/kultura\/nematerijalno-kulturno-nasledje-srbije\/tragovima-nematerijalnog-kulturnog-nasleda-srbije\/ojkaca\/\">ojka\u010da<\/a><\/strong>, <strong>gluvo kolo<\/strong> i <strong>slavljenje Vaskrsenja<\/strong>. Tada se mogu \u010duti diple, gusle ili dvojnice, uz \u010dije zvuke je obi\u010daj da na op\u0161tem narodnu veselju zapevaju oni koji su \u010dasno \u010duvali Hristov grob.<\/p>\n<p><em>Ta\u010dno poreklo tradicije \u010duvara Hristovog groba nije poznato. Pretpostavlja se da ga je u Dalmaciju doneo neki sve\u0161tenik koji je bio na hodo\u010da\u0161\u0107u u Jerusalimu, ali postoji i verovanje da je stra\u017ea uvedena u crkvu da bi, tokom Vaskr\u0161nje slu\u017ebe, \u010duvari \u010duvali narod od turskih napada.<\/em><\/p>\n<p><strong>Zanimljivo je da jedino oni koji su poreklom iz Cetine, Vrlike, Oti\u0161i\u0107a i drugih srpskih sela u okolini, mogu postati \u010duvari Hristovog groba.<\/strong> Izrazita suimbolika uo\u010dljiva je i u narodnoj no\u0161nji koja je neizostavni deo celokupnog rituala. \u010cine je <strong>ravna kapa<\/strong> sa dominantnim metalnim delovima, odnosno oklopima, koji simboli\u0161u hrabrost i snagu, <strong>ga\u0107e<\/strong> (pantalone), <strong>kro\u017eet<\/strong> (prsluk-jelek), <strong>\u010derma<\/strong> (borbeni prsluk sa tokama), <strong>pa\u0161nja\u010da<\/strong> (borbeni pojas od ko\u017ee),\u00a0<strong>pas<\/strong> (ukrasni vuneni kai\u0161) i <strong>trlagan<\/strong> (suknena jakna-koporan). \u010cuvar na nogama ima <strong>opanke<\/strong>, <strong>\u010darape<\/strong>, <strong>suknene \u0161titnike<\/strong> i <strong>potkoljenja\u010de<\/strong> (ko\u017eni kai\u0161evi ispod koljena).<\/p>\n<p>\u010cuvanje Hristovog groba, Odlukom Nacionalnog komiteta za nematerijalno kulturno nasle\u0111e od 18. juna 2012. godine, upisano je na <strong>Listu <a href=\"http:\/\/www.serbia.com\/srpski\/o-srbiji\/kultura\/nematerijalno-kulturno-nasledje-srbije\/\">nematerijalnog kulturnog nasle\u0111a Republike Srbije<\/a><\/strong> na predlog udru\u017eenja \u201e\u010cuvari Hristovog groba\u201c iz Batajnice.<\/p>\n<h4>Bdenje kraj Hristovog groba u Frankfurtu<\/h4>\n<p>O va\u017enosti i zna\u010daju drevnog obi\u010daja najbolje govori njegovo praktikovanje u dijaspori. Od 2013. godine u hramu posve\u0107enom Vaskrsenju gospodnjem u Frankfurtu, na Veliki petak se obavljaju ve\u010dernje molitve, iznosi se Sveta Pla\u0161tanica i kiti se Hristov grob. \u201c<em>Bdenje \u010duvara nad grobom\u00a0 Hristovim je gotovo zaboravljeni obi\u010daj u na\u0161em narodu koji se o\u010duvao samo me\u0111u\u00a0Srbima u Dalmaciji, a od ove godine \u0107e se redovno raditi u hramu na Galusu u\u00a0Frankfurtu\u201d<\/em>, ka\u017ee protonamesnik Simon Turki\u0107.<\/p>\n<p>Izvo\u0111enju obi\u010daja koji objedinjuje arhai\u010dne rituale i staru hri\u0161\u0107ansku tradiciju \u010duvanja Hristovog groba, prisustvuje veliki broj vernika. Obilaskom oko hrama, pra\u0107enjem Svete Pla\u0161tanice i poklanjanjem grobu Hristovom, vernici daju svoj doprinos i u\u010destvuju u obi\u010daju koji su njhovi preci godinama prenosili \u201csa kolena na koleno\u201d. Na taj na\u010din, <strong>iako su daleko od mati\u010dne dr\u017eave, Srbi \u010duvaju identitet i nasle\u0111e svog naroda.<\/strong><\/p>\n<p>Foto: www.novosti.rs<\/p>\n","protected":false},"excerpt":{"rendered":"<p>Jerusalim i malo naselje u Severnoj Dalmaciji pod nazivom Vrlica, imaju ne\u0161to zajedni\u010dko. Naime, drevna tradicija \u010cuvanja Hristovog groba zabele\u017eena je samo na ova dva mesta u svetu, a nakon [&hellip;]<\/p>\n","protected":false},"author":27,"featured_media":35696,"parent":34018,"menu_order":0,"comment_status":"closed","ping_status":"closed","template":"","meta":{"_acf_changed":false,"inline_featured_image":false,"_monsterinsights_skip_tracking":false,"_monsterinsights_sitenote_active":false,"_monsterinsights_sitenote_note":"","_monsterinsights_sitenote_category":0,"footnotes":""},"categories":[973,3352],"tags":[],"class_list":["post-35699","page","type-page","status-publish","has-post-thumbnail","hentry","category-etno-nasledje","category-nematerijalno-kulturno-naslede"],"acf":[],"yoast_head":"<!-- This site is optimized with the Yoast SEO plugin v27.5 - https:\/\/yoast.com\/product\/yoast-seo-wordpress\/ -->\n<title>\u010cuvanje Hristovog groba - Serbia.com<\/title>\n<meta name=\"robots\" content=\"index, follow, max-snippet:-1, max-image-preview:large, max-video-preview:-1\" \/>\n<link rel=\"canonical\" href=\"https:\/\/serbia.com\/srpski\/o-srbiji\/kultura\/nematerijalno-kulturno-nasledje-srbije\/nematerijalno-kulturno-naslede-kao-cuvar-srpskog-identiteta\/cuvanje-hristovog-groba\/\" \/>\n<meta property=\"og:locale\" content=\"en_US\" \/>\n<meta property=\"og:type\" content=\"article\" \/>\n<meta property=\"og:title\" content=\"\u010cuvanje Hristovog groba - Serbia.com\" \/>\n<meta property=\"og:description\" content=\"Jerusalim i malo naselje u Severnoj Dalmaciji pod nazivom Vrlica, imaju ne\u0161to zajedni\u010dko. Naime, drevna tradicija \u010cuvanja Hristovog groba zabele\u017eena je samo na ova dva mesta u svetu, a nakon [&hellip;]\" \/>\n<meta property=\"og:url\" content=\"https:\/\/serbia.com\/srpski\/o-srbiji\/kultura\/nematerijalno-kulturno-nasledje-srbije\/nematerijalno-kulturno-naslede-kao-cuvar-srpskog-identiteta\/cuvanje-hristovog-groba\/\" \/>\n<meta property=\"og:site_name\" content=\"Serbia.com\" \/>\n<meta property=\"article:modified_time\" content=\"2024-06-06T08:45:20+00:00\" \/>\n<meta property=\"og:image\" content=\"https:\/\/serbia.com\/wp-content\/uploads\/2015\/09\/cuvari2.jpg\" \/>\n\t<meta property=\"og:image:width\" content=\"800\" \/>\n\t<meta property=\"og:image:height\" content=\"532\" \/>\n\t<meta property=\"og:image:type\" content=\"image\/jpeg\" \/>\n<meta name=\"twitter:label1\" content=\"Est. reading time\" \/>\n\t<meta name=\"twitter:data1\" content=\"3 minutes\" \/>\n<script type=\"application\/ld+json\" class=\"yoast-schema-graph\">{\"@context\":\"https:\\\/\\\/schema.org\",\"@graph\":[{\"@type\":\"WebPage\",\"@id\":\"https:\\\/\\\/serbia.com\\\/srpski\\\/o-srbiji\\\/kultura\\\/nematerijalno-kulturno-nasledje-srbije\\\/nematerijalno-kulturno-naslede-kao-cuvar-srpskog-identiteta\\\/cuvanje-hristovog-groba\\\/\",\"url\":\"https:\\\/\\\/serbia.com\\\/srpski\\\/o-srbiji\\\/kultura\\\/nematerijalno-kulturno-nasledje-srbije\\\/nematerijalno-kulturno-naslede-kao-cuvar-srpskog-identiteta\\\/cuvanje-hristovog-groba\\\/\",\"name\":\"\u010cuvanje Hristovog groba - Serbia.com\",\"isPartOf\":{\"@id\":\"https:\\\/\\\/serbia.com\\\/#website\"},\"primaryImageOfPage\":{\"@id\":\"https:\\\/\\\/serbia.com\\\/srpski\\\/o-srbiji\\\/kultura\\\/nematerijalno-kulturno-nasledje-srbije\\\/nematerijalno-kulturno-naslede-kao-cuvar-srpskog-identiteta\\\/cuvanje-hristovog-groba\\\/#primaryimage\"},\"image\":{\"@id\":\"https:\\\/\\\/serbia.com\\\/srpski\\\/o-srbiji\\\/kultura\\\/nematerijalno-kulturno-nasledje-srbije\\\/nematerijalno-kulturno-naslede-kao-cuvar-srpskog-identiteta\\\/cuvanje-hristovog-groba\\\/#primaryimage\"},\"thumbnailUrl\":\"https:\\\/\\\/serbia.com\\\/wp-content\\\/uploads\\\/2015\\\/09\\\/cuvari2.jpg\",\"datePublished\":\"2015-09-08T11:16:03+00:00\",\"dateModified\":\"2024-06-06T08:45:20+00:00\",\"breadcrumb\":{\"@id\":\"https:\\\/\\\/serbia.com\\\/srpski\\\/o-srbiji\\\/kultura\\\/nematerijalno-kulturno-nasledje-srbije\\\/nematerijalno-kulturno-naslede-kao-cuvar-srpskog-identiteta\\\/cuvanje-hristovog-groba\\\/#breadcrumb\"},\"inLanguage\":\"srpski\",\"potentialAction\":[{\"@type\":\"ReadAction\",\"target\":[\"https:\\\/\\\/serbia.com\\\/srpski\\\/o-srbiji\\\/kultura\\\/nematerijalno-kulturno-nasledje-srbije\\\/nematerijalno-kulturno-naslede-kao-cuvar-srpskog-identiteta\\\/cuvanje-hristovog-groba\\\/\"]}]},{\"@type\":\"ImageObject\",\"inLanguage\":\"srpski\",\"@id\":\"https:\\\/\\\/serbia.com\\\/srpski\\\/o-srbiji\\\/kultura\\\/nematerijalno-kulturno-nasledje-srbije\\\/nematerijalno-kulturno-naslede-kao-cuvar-srpskog-identiteta\\\/cuvanje-hristovog-groba\\\/#primaryimage\",\"url\":\"https:\\\/\\\/serbia.com\\\/wp-content\\\/uploads\\\/2015\\\/09\\\/cuvari2.jpg\",\"contentUrl\":\"https:\\\/\\\/serbia.com\\\/wp-content\\\/uploads\\\/2015\\\/09\\\/cuvari2.jpg\",\"width\":800,\"height\":532},{\"@type\":\"BreadcrumbList\",\"@id\":\"https:\\\/\\\/serbia.com\\\/srpski\\\/o-srbiji\\\/kultura\\\/nematerijalno-kulturno-nasledje-srbije\\\/nematerijalno-kulturno-naslede-kao-cuvar-srpskog-identiteta\\\/cuvanje-hristovog-groba\\\/#breadcrumb\",\"itemListElement\":[{\"@type\":\"ListItem\",\"position\":1,\"name\":\"Home\",\"item\":\"https:\\\/\\\/serbia.com\\\/srpski\\\/\"},{\"@type\":\"ListItem\",\"position\":2,\"name\":\"O Srbiji\",\"item\":\"https:\\\/\\\/serbia.com\\\/srpski\\\/o-srbiji\\\/\"},{\"@type\":\"ListItem\",\"position\":3,\"name\":\"Kultura\",\"item\":\"https:\\\/\\\/serbia.com\\\/srpski\\\/o-srbiji\\\/kultura\\\/\"},{\"@type\":\"ListItem\",\"position\":4,\"name\":\"Nematerijalno kulturno nasle\u0111e Srbije\",\"item\":\"https:\\\/\\\/serbia.com\\\/srpski\\\/o-srbiji\\\/kultura\\\/nematerijalno-kulturno-nasledje-srbije\\\/\"},{\"@type\":\"ListItem\",\"position\":5,\"name\":\"Nematerijalno kulturno nasle\u0111e kao \u010duvar srpskog identiteta\",\"item\":\"https:\\\/\\\/serbia.com\\\/srpski\\\/o-srbiji\\\/kultura\\\/nematerijalno-kulturno-nasledje-srbije\\\/nematerijalno-kulturno-naslede-kao-cuvar-srpskog-identiteta\\\/\"},{\"@type\":\"ListItem\",\"position\":6,\"name\":\"\u010cuvanje Hristovog groba\"}]},{\"@type\":\"WebSite\",\"@id\":\"https:\\\/\\\/serbia.com\\\/#website\",\"url\":\"https:\\\/\\\/serbia.com\\\/\",\"name\":\"Serbia.com\",\"description\":\"Your Gateway to Serbia\",\"potentialAction\":[{\"@type\":\"SearchAction\",\"target\":{\"@type\":\"EntryPoint\",\"urlTemplate\":\"https:\\\/\\\/serbia.com\\\/?s={search_term_string}\"},\"query-input\":{\"@type\":\"PropertyValueSpecification\",\"valueRequired\":true,\"valueName\":\"search_term_string\"}}],\"inLanguage\":\"srpski\"}]}<\/script>\n<!-- \/ Yoast SEO plugin. -->","yoast_head_json":{"title":"\u010cuvanje Hristovog groba - Serbia.com","robots":{"index":"index","follow":"follow","max-snippet":"max-snippet:-1","max-image-preview":"max-image-preview:large","max-video-preview":"max-video-preview:-1"},"canonical":"https:\/\/serbia.com\/srpski\/o-srbiji\/kultura\/nematerijalno-kulturno-nasledje-srbije\/nematerijalno-kulturno-naslede-kao-cuvar-srpskog-identiteta\/cuvanje-hristovog-groba\/","og_locale":"en_US","og_type":"article","og_title":"\u010cuvanje Hristovog groba - Serbia.com","og_description":"Jerusalim i malo naselje u Severnoj Dalmaciji pod nazivom Vrlica, imaju ne\u0161to zajedni\u010dko. Naime, drevna tradicija \u010cuvanja Hristovog groba zabele\u017eena je samo na ova dva mesta u svetu, a nakon [&hellip;]","og_url":"https:\/\/serbia.com\/srpski\/o-srbiji\/kultura\/nematerijalno-kulturno-nasledje-srbije\/nematerijalno-kulturno-naslede-kao-cuvar-srpskog-identiteta\/cuvanje-hristovog-groba\/","og_site_name":"Serbia.com","article_modified_time":"2024-06-06T08:45:20+00:00","og_image":[{"width":800,"height":532,"url":"https:\/\/serbia.com\/wp-content\/uploads\/2015\/09\/cuvari2.jpg","type":"image\/jpeg"}],"twitter_misc":{"Est. reading time":"3 minutes"},"schema":{"@context":"https:\/\/schema.org","@graph":[{"@type":"WebPage","@id":"https:\/\/serbia.com\/srpski\/o-srbiji\/kultura\/nematerijalno-kulturno-nasledje-srbije\/nematerijalno-kulturno-naslede-kao-cuvar-srpskog-identiteta\/cuvanje-hristovog-groba\/","url":"https:\/\/serbia.com\/srpski\/o-srbiji\/kultura\/nematerijalno-kulturno-nasledje-srbije\/nematerijalno-kulturno-naslede-kao-cuvar-srpskog-identiteta\/cuvanje-hristovog-groba\/","name":"\u010cuvanje Hristovog groba - Serbia.com","isPartOf":{"@id":"https:\/\/serbia.com\/#website"},"primaryImageOfPage":{"@id":"https:\/\/serbia.com\/srpski\/o-srbiji\/kultura\/nematerijalno-kulturno-nasledje-srbije\/nematerijalno-kulturno-naslede-kao-cuvar-srpskog-identiteta\/cuvanje-hristovog-groba\/#primaryimage"},"image":{"@id":"https:\/\/serbia.com\/srpski\/o-srbiji\/kultura\/nematerijalno-kulturno-nasledje-srbije\/nematerijalno-kulturno-naslede-kao-cuvar-srpskog-identiteta\/cuvanje-hristovog-groba\/#primaryimage"},"thumbnailUrl":"https:\/\/serbia.com\/wp-content\/uploads\/2015\/09\/cuvari2.jpg","datePublished":"2015-09-08T11:16:03+00:00","dateModified":"2024-06-06T08:45:20+00:00","breadcrumb":{"@id":"https:\/\/serbia.com\/srpski\/o-srbiji\/kultura\/nematerijalno-kulturno-nasledje-srbije\/nematerijalno-kulturno-naslede-kao-cuvar-srpskog-identiteta\/cuvanje-hristovog-groba\/#breadcrumb"},"inLanguage":"srpski","potentialAction":[{"@type":"ReadAction","target":["https:\/\/serbia.com\/srpski\/o-srbiji\/kultura\/nematerijalno-kulturno-nasledje-srbije\/nematerijalno-kulturno-naslede-kao-cuvar-srpskog-identiteta\/cuvanje-hristovog-groba\/"]}]},{"@type":"ImageObject","inLanguage":"srpski","@id":"https:\/\/serbia.com\/srpski\/o-srbiji\/kultura\/nematerijalno-kulturno-nasledje-srbije\/nematerijalno-kulturno-naslede-kao-cuvar-srpskog-identiteta\/cuvanje-hristovog-groba\/#primaryimage","url":"https:\/\/serbia.com\/wp-content\/uploads\/2015\/09\/cuvari2.jpg","contentUrl":"https:\/\/serbia.com\/wp-content\/uploads\/2015\/09\/cuvari2.jpg","width":800,"height":532},{"@type":"BreadcrumbList","@id":"https:\/\/serbia.com\/srpski\/o-srbiji\/kultura\/nematerijalno-kulturno-nasledje-srbije\/nematerijalno-kulturno-naslede-kao-cuvar-srpskog-identiteta\/cuvanje-hristovog-groba\/#breadcrumb","itemListElement":[{"@type":"ListItem","position":1,"name":"Home","item":"https:\/\/serbia.com\/srpski\/"},{"@type":"ListItem","position":2,"name":"O Srbiji","item":"https:\/\/serbia.com\/srpski\/o-srbiji\/"},{"@type":"ListItem","position":3,"name":"Kultura","item":"https:\/\/serbia.com\/srpski\/o-srbiji\/kultura\/"},{"@type":"ListItem","position":4,"name":"Nematerijalno kulturno nasle\u0111e Srbije","item":"https:\/\/serbia.com\/srpski\/o-srbiji\/kultura\/nematerijalno-kulturno-nasledje-srbije\/"},{"@type":"ListItem","position":5,"name":"Nematerijalno kulturno nasle\u0111e kao \u010duvar srpskog identiteta","item":"https:\/\/serbia.com\/srpski\/o-srbiji\/kultura\/nematerijalno-kulturno-nasledje-srbije\/nematerijalno-kulturno-naslede-kao-cuvar-srpskog-identiteta\/"},{"@type":"ListItem","position":6,"name":"\u010cuvanje Hristovog groba"}]},{"@type":"WebSite","@id":"https:\/\/serbia.com\/#website","url":"https:\/\/serbia.com\/","name":"Serbia.com","description":"Your Gateway to Serbia","potentialAction":[{"@type":"SearchAction","target":{"@type":"EntryPoint","urlTemplate":"https:\/\/serbia.com\/?s={search_term_string}"},"query-input":{"@type":"PropertyValueSpecification","valueRequired":true,"valueName":"search_term_string"}}],"inLanguage":"srpski"}]}},"brizy_media":[],"_links":{"self":[{"href":"https:\/\/serbia.com\/srpski\/wp-json\/wp\/v2\/pages\/35699","targetHints":{"allow":["GET"]}}],"collection":[{"href":"https:\/\/serbia.com\/srpski\/wp-json\/wp\/v2\/pages"}],"about":[{"href":"https:\/\/serbia.com\/srpski\/wp-json\/wp\/v2\/types\/page"}],"author":[{"embeddable":true,"href":"https:\/\/serbia.com\/srpski\/wp-json\/wp\/v2\/users\/27"}],"replies":[{"embeddable":true,"href":"https:\/\/serbia.com\/srpski\/wp-json\/wp\/v2\/comments?post=35699"}],"version-history":[{"count":1,"href":"https:\/\/serbia.com\/srpski\/wp-json\/wp\/v2\/pages\/35699\/revisions"}],"predecessor-version":[{"id":53373,"href":"https:\/\/serbia.com\/srpski\/wp-json\/wp\/v2\/pages\/35699\/revisions\/53373"}],"up":[{"embeddable":true,"href":"https:\/\/serbia.com\/srpski\/wp-json\/wp\/v2\/pages\/34018"}],"wp:featuredmedia":[{"embeddable":true,"href":"https:\/\/serbia.com\/srpski\/wp-json\/wp\/v2\/media\/35696"}],"wp:attachment":[{"href":"https:\/\/serbia.com\/srpski\/wp-json\/wp\/v2\/media?parent=35699"}],"wp:term":[{"taxonomy":"category","embeddable":true,"href":"https:\/\/serbia.com\/srpski\/wp-json\/wp\/v2\/categories?post=35699"},{"taxonomy":"post_tag","embeddable":true,"href":"https:\/\/serbia.com\/srpski\/wp-json\/wp\/v2\/tags?post=35699"}],"curies":[{"name":"wp","href":"https:\/\/api.w.org\/{rel}","templated":true}]}}