{"id":35137,"date":"2015-07-13T15:47:03","date_gmt":"2015-07-13T13:47:03","guid":{"rendered":"http:\/\/www.serbia.com\/?page_id=35137"},"modified":"2024-06-06T10:58:17","modified_gmt":"2024-06-06T08:58:17","slug":"molitva-durdevdanski-obred","status":"publish","type":"page","link":"https:\/\/serbia.com\/srpski\/o-srbiji\/kultura\/nematerijalno-kulturno-nasledje-srbije\/nematerijalno-kulturno-naslede-kao-cuvar-srpskog-identiteta\/molitva-durdevdanski-obred\/","title":{"rendered":"Molitva, \u0111ur\u0111evdanski obred"},"content":{"rendered":"<h2>Selo Vrtovac je vekovima unazad mesto gde se tradicionalno organizuje jedinstveni prehri\u0161\u0107anski obi\u010daj prino\u0161enja kolektivne zavetne \u017ertve, u narodu poznatiji kao \u201eMolitva pod Mid\u017eorom\u201c<\/h2>\n<p>U podno\u017eju jednog od naj\u017eivopisnijih predela Srbije, <strong><a href=\"http:\/\/www.serbia.com\/srpski\/posetite-srbiju\/sta-videti\/prirodne-lepote\/planine\/stara-planina-prirodni-rezervat-u-dve-drzave\/\">Stare planine<\/a><\/strong>, \u010duva se prastari obi\u010daj koji je zbog posebnosti, autenti\u010dnosti i tradicije koju me\u0161tani ovog sela godinama prenose \u201esa kolena na koleno\u201c uvr\u0161\u0107en i na <strong>UNESCO-vu Listu nematerijalnog kulturnog nasle\u0111a.<\/strong><\/p>\n<p>Posebnost ovog nesvakida\u0161njeg obi\u010daja ogleda se u raznolikosti i broju svetkovina koje se obele\u017eavaju neposredno i za vreme jedne od <strong>najve\u0107ih srpskih<\/strong> <strong><a href=\"http:\/\/www.serbia.com\/srpski\/o-srbiji\/kultura\/etno-naslede\/narodni-obicaji\/krsna-slava\/\">krsnih slava<\/a> \u2013 Svetog \u0110or\u0111a<\/strong>. Name, slavlje u Vrtovcu po\u010dinje u petak pre \u0110ur\u0111evdana, kada ljudi iz sela beru lekovito bilje sa obronaka Stare planine, veruju\u0107i da \u0107e se snaga bilja preneti i na ljude i stoku. Od ovih biljaka pletu se i \u010duveni <em><strong>\u0110ur\u0111evdanski ven\u010di\u0107i.<\/strong><\/em><\/p>\n<p><img loading=\"lazy\" decoding=\"async\" class=\"aligncenter size-full wp-image-51063\" src=\"http:\/\/www.serbia.com\/wp-content\/uploads\/2015\/07\/13162051_10209484124810368_66484506_n.jpg\" alt=\"13162051_10209484124810368_66484506_n\" width=\"800\" height=\"592\" srcset=\"https:\/\/serbia.com\/wp-content\/uploads\/2015\/07\/13162051_10209484124810368_66484506_n.jpg 800w, https:\/\/serbia.com\/wp-content\/uploads\/2015\/07\/13162051_10209484124810368_66484506_n-300x222.jpg 300w, https:\/\/serbia.com\/wp-content\/uploads\/2015\/07\/13162051_10209484124810368_66484506_n-768x568.jpg 768w\" sizes=\"(max-width: 800px) 100vw, 800px\" \/><\/p>\n<p>U ranu zoru na dan krsne slave, 6. maja, mnogobrojni doma\u0107ini poteraju svoja stada na mesto gde je trava dobra i bujna. Kada se vrate sa ispa\u0161e, pastire sa\u010dekaju \u017eene koje im daju venac da kroz njega simboli\u010dno pomuzu ovcu. Toga dana se i ritualno prvi put u godini kolje jagnje koje se naziva <em><strong>\u0111ur\u0111il\u010de<\/strong><\/em>.<\/p>\n<p>Kada doma\u0107in kolje jagnje, stavi mu ven\u010di\u0107 oko vrata, upali sve\u0107u na desnom rogu i da malo soli da poli\u017ee. Zatim se prekrsti, tri puta okadi i pomoli Bogu, uz re\u010di: <em><strong>\u201eNe koljem te ja, nego \u0110ur\u0111evdan\u201c!<\/strong><\/em> \u0110ur\u0111il\u010de zapravo predstavlja \u201eMolitvu\u201c koje se u ime sela ritualno kolje kod zavetnog kamenog krsta u \u0107eliji (kapeli posve\u0107enoj Svetom \u0110or\u0111u), na mestu zvanom Kalavat.<\/p>\n<p>Specifi\u010dnost ovog rituala je i to \u0161to je na kamenom krstu reljefno prikazan lik drevnog prehri\u0161\u0107anskog bo\u017eanstva \u201eTra\u010dkog herosa\u201c na konju, koji je od vremena primanja hri\u0161\u0107anstva, transformisan u lik Sv. \u0110or\u0111a. Ovaj prastari obi\u010daj svake godine okupi ne samo veliki broj me\u0161tana, ve\u0107 i znati\u017eeljnih turista koji sa velikom pa\u017enjom isprate svaki segment nesvakida\u0161njeg doga\u0111aja.<\/p>\n<p><em>Svake godine bira se i doma\u0107in kola\u010dar koji prinosi \u017ertvu, molitvu i nadalje se stara o religijskom sadr\u017eaju rituala. Za ovaj prole\u0107ni praznik priprema se slavski kola\u010d, koji u svakoj ku\u0107i obredno lome doma\u0107in slave i sve\u0161tenik ili najstariji gost.U \u0107eliji za praznovanje kola\u010d lome doma\u0107in kola\u010dar zavetne slave i planinka, izabrana \u017eena, bogato oki\u0107ena raznim biljem, koja, kako se veruje, treba da predstavlja duh prirode i smatra se \u010duvarem prerade mleka.<\/em><\/p>\n<p>U Vrtovcu se tradicionalno na \u0110ur\u0111evdan organizuje i <strong>etno festival \u0110ur\u0111evdanski susreti\u00a0 &#8211; Molitva pod Mid\u017eorom<\/strong>, a u obli\u017eenjem selu Balta Berilovac <strong>\u010dobanske igre<\/strong> i priprema tradicionalnog jela iz Isto\u010dne Srbije &#8211; <strong><a href=\"http:\/\/www.serbia.com\/srpski\/o-srbiji\/kultura\/nematerijalno-kulturno-nasledje-srbije\/nematerijalno-kulturno-naslede-kao-cuvar-srpskog-identiteta\/belmuz\/\">belmu\u017ea<\/a><\/strong>. Ove manifestacije ogledaju se u razli\u010ditim atraktivnim <a href=\"http:\/\/www.serbia.com\/srpski\/folklor-vekovna-narodna-umetnost-2\/\">folklornim predstavama<\/a>, kao i izvornim <a href=\"http:\/\/www.serbia.com\/srpski\/o-srbiji\/tradicionalna-kuhinja\/\">kulinarskim specijalitetima<\/a>.<\/p>\n<p>Ve\u0107ina me\u0161tana malih sela rasutih po obroncima Stare planine bavi se sto\u010darstvom, pa se u mnogobrojnim ku\u0107ama praktikuju raznovrsni obi\u010daji vezani upravo za stoku. Zbog toga ne \u010dudi \u0161to gotovo svi stanovnici proslavljaju \u0110ur\u0111evdan (koja je i slava sto\u010dara), a \u0161to se ovaj region ubraja u podneblja bogata <a href=\"http:\/\/www.serbia.com\/srpski\/o-srbiji\/kultura\/nematerijalno-kulturno-nasledje-srbije\/\">nematerijalnim kulturnim nasle\u0111em<\/a>.<\/p>\n<h4>Srbi iz dijaspore redovni u\u010desnici prehri\u0161\u0107anskog obi\u010daja u Vrtovcu<\/h4>\n<p>Napu\u0161tanje mati\u010dne dr\u017eave za ve\u0107inu ljudi iz Srbije ne zna\u010di i prekidanje praktikovaja narodnih rituala i obi\u010daja. Jedan od najzna\u010dajnijih i ujedno najvi\u0161e primenjivanih obi\u010daja je proslavljanje ku\u0107nog sveca ili krsna slava. Zbog toga je \u0111ur\u0111evdanski obred za veliki broj ljudi iz dijaspore neizostavni praznik, u kome sa porodicom svake godine sa rado\u0161\u0107u u\u010destvuju.<\/p>\n<p><em>\u201eSvakoga maja, na \u0110ur\u0111evdan, moja porodica i ja posetimo sela Vrtovac i Berilovac. S&#8217; obzirom da ve\u0107 neko vreme ne \u017eivimo u Srbiji, za nas je prisustvovanje ovom tradicionalnom ritualu od velikog zna\u010daja. Do\u0111emo, pomolimo se, vidimo sa prijateljima i nekoliko dana provedemo u prelepoj okolini Stare planine. Za nas je to najlep\u0161i period u toku godine\u201c,<\/em> sa osmehom nam pri\u010da nekada\u0161nji me\u0161tanin obli\u017enjeg <a href=\"http:\/\/www.serbia.com\/srpski\/posetite-srbiju\/sta-videti\/gradovi\/pirot-mali-grad-sa-dva-velika-srpska-brenda\/\">Pirota<\/a>.<\/p>\n","protected":false},"excerpt":{"rendered":"<p>Selo Vrtovac je vekovima unazad mesto gde se tradicionalno organizuje jedinstveni prehri\u0161\u0107anski obi\u010daj prino\u0161enja kolektivne zavetne \u017ertve, u narodu poznatiji kao \u201eMolitva pod Mid\u017eorom\u201c U podno\u017eju jednog od naj\u017eivopisnijih predela [&hellip;]<\/p>\n","protected":false},"author":27,"featured_media":35127,"parent":34018,"menu_order":0,"comment_status":"closed","ping_status":"closed","template":"","meta":{"_acf_changed":false,"inline_featured_image":false,"_monsterinsights_skip_tracking":false,"_monsterinsights_sitenote_active":false,"_monsterinsights_sitenote_note":"","_monsterinsights_sitenote_category":0,"footnotes":""},"categories":[973,3352],"tags":[],"class_list":["post-35137","page","type-page","status-publish","has-post-thumbnail","hentry","category-etno-nasledje","category-nematerijalno-kulturno-naslede"],"acf":[],"yoast_head":"<!-- This site is optimized with the Yoast SEO plugin v23.8 - https:\/\/yoast.com\/wordpress\/plugins\/seo\/ -->\n<title>Molitva, \u0111ur\u0111evdanski obred - Serbia.com<\/title>\n<meta name=\"robots\" content=\"index, follow, max-snippet:-1, max-image-preview:large, max-video-preview:-1\" \/>\n<link rel=\"canonical\" href=\"https:\/\/serbia.com\/srpski\/o-srbiji\/kultura\/nematerijalno-kulturno-nasledje-srbije\/nematerijalno-kulturno-naslede-kao-cuvar-srpskog-identiteta\/molitva-durdevdanski-obred\/\" \/>\n<meta property=\"og:locale\" content=\"en_US\" \/>\n<meta property=\"og:type\" content=\"article\" \/>\n<meta property=\"og:title\" content=\"Molitva, \u0111ur\u0111evdanski obred - Serbia.com\" \/>\n<meta property=\"og:description\" content=\"Selo Vrtovac je vekovima unazad mesto gde se tradicionalno organizuje jedinstveni prehri\u0161\u0107anski obi\u010daj prino\u0161enja kolektivne zavetne \u017ertve, u narodu poznatiji kao \u201eMolitva pod Mid\u017eorom\u201c U podno\u017eju jednog od naj\u017eivopisnijih predela [&hellip;]\" \/>\n<meta property=\"og:url\" content=\"https:\/\/serbia.com\/srpski\/o-srbiji\/kultura\/nematerijalno-kulturno-nasledje-srbije\/nematerijalno-kulturno-naslede-kao-cuvar-srpskog-identiteta\/molitva-durdevdanski-obred\/\" \/>\n<meta property=\"og:site_name\" content=\"Serbia.com\" \/>\n<meta property=\"article:modified_time\" content=\"2024-06-06T08:58:17+00:00\" \/>\n<meta property=\"og:image\" content=\"https:\/\/serbia.com\/wp-content\/uploads\/2015\/07\/molitva333.jpg\" \/>\n\t<meta property=\"og:image:width\" content=\"1201\" \/>\n\t<meta property=\"og:image:height\" content=\"398\" \/>\n\t<meta property=\"og:image:type\" content=\"image\/jpeg\" \/>\n<meta name=\"twitter:label1\" content=\"Est. reading time\" \/>\n\t<meta name=\"twitter:data1\" content=\"4 minutes\" \/>\n<script type=\"application\/ld+json\" class=\"yoast-schema-graph\">{\"@context\":\"https:\/\/schema.org\",\"@graph\":[{\"@type\":\"WebPage\",\"@id\":\"https:\/\/serbia.com\/srpski\/o-srbiji\/kultura\/nematerijalno-kulturno-nasledje-srbije\/nematerijalno-kulturno-naslede-kao-cuvar-srpskog-identiteta\/molitva-durdevdanski-obred\/\",\"url\":\"https:\/\/serbia.com\/srpski\/o-srbiji\/kultura\/nematerijalno-kulturno-nasledje-srbije\/nematerijalno-kulturno-naslede-kao-cuvar-srpskog-identiteta\/molitva-durdevdanski-obred\/\",\"name\":\"Molitva, \u0111ur\u0111evdanski obred - Serbia.com\",\"isPartOf\":{\"@id\":\"https:\/\/serbia.com\/#website\"},\"primaryImageOfPage\":{\"@id\":\"https:\/\/serbia.com\/srpski\/o-srbiji\/kultura\/nematerijalno-kulturno-nasledje-srbije\/nematerijalno-kulturno-naslede-kao-cuvar-srpskog-identiteta\/molitva-durdevdanski-obred\/#primaryimage\"},\"image\":{\"@id\":\"https:\/\/serbia.com\/srpski\/o-srbiji\/kultura\/nematerijalno-kulturno-nasledje-srbije\/nematerijalno-kulturno-naslede-kao-cuvar-srpskog-identiteta\/molitva-durdevdanski-obred\/#primaryimage\"},\"thumbnailUrl\":\"https:\/\/serbia.com\/wp-content\/uploads\/2015\/07\/molitva333.jpg\",\"datePublished\":\"2015-07-13T13:47:03+00:00\",\"dateModified\":\"2024-06-06T08:58:17+00:00\",\"breadcrumb\":{\"@id\":\"https:\/\/serbia.com\/srpski\/o-srbiji\/kultura\/nematerijalno-kulturno-nasledje-srbije\/nematerijalno-kulturno-naslede-kao-cuvar-srpskog-identiteta\/molitva-durdevdanski-obred\/#breadcrumb\"},\"inLanguage\":\"srpski\",\"potentialAction\":[{\"@type\":\"ReadAction\",\"target\":[\"https:\/\/serbia.com\/srpski\/o-srbiji\/kultura\/nematerijalno-kulturno-nasledje-srbije\/nematerijalno-kulturno-naslede-kao-cuvar-srpskog-identiteta\/molitva-durdevdanski-obred\/\"]}]},{\"@type\":\"ImageObject\",\"inLanguage\":\"srpski\",\"@id\":\"https:\/\/serbia.com\/srpski\/o-srbiji\/kultura\/nematerijalno-kulturno-nasledje-srbije\/nematerijalno-kulturno-naslede-kao-cuvar-srpskog-identiteta\/molitva-durdevdanski-obred\/#primaryimage\",\"url\":\"https:\/\/serbia.com\/wp-content\/uploads\/2015\/07\/molitva333.jpg\",\"contentUrl\":\"https:\/\/serbia.com\/wp-content\/uploads\/2015\/07\/molitva333.jpg\",\"width\":1201,\"height\":398},{\"@type\":\"BreadcrumbList\",\"@id\":\"https:\/\/serbia.com\/srpski\/o-srbiji\/kultura\/nematerijalno-kulturno-nasledje-srbije\/nematerijalno-kulturno-naslede-kao-cuvar-srpskog-identiteta\/molitva-durdevdanski-obred\/#breadcrumb\",\"itemListElement\":[{\"@type\":\"ListItem\",\"position\":1,\"name\":\"Home\",\"item\":\"https:\/\/serbia.com\/srpski\/\"},{\"@type\":\"ListItem\",\"position\":2,\"name\":\"O Srbiji\",\"item\":\"https:\/\/serbia.com\/srpski\/o-srbiji\/\"},{\"@type\":\"ListItem\",\"position\":3,\"name\":\"Kultura\",\"item\":\"https:\/\/serbia.com\/srpski\/o-srbiji\/kultura\/\"},{\"@type\":\"ListItem\",\"position\":4,\"name\":\"Nematerijalno kulturno nasle\u0111e Srbije\",\"item\":\"https:\/\/serbia.com\/srpski\/o-srbiji\/kultura\/nematerijalno-kulturno-nasledje-srbije\/\"},{\"@type\":\"ListItem\",\"position\":5,\"name\":\"Nematerijalno kulturno nasle\u0111e kao \u010duvar srpskog identiteta\",\"item\":\"https:\/\/serbia.com\/srpski\/o-srbiji\/kultura\/nematerijalno-kulturno-nasledje-srbije\/nematerijalno-kulturno-naslede-kao-cuvar-srpskog-identiteta\/\"},{\"@type\":\"ListItem\",\"position\":6,\"name\":\"Molitva, \u0111ur\u0111evdanski obred\"}]},{\"@type\":\"WebSite\",\"@id\":\"https:\/\/serbia.com\/#website\",\"url\":\"https:\/\/serbia.com\/\",\"name\":\"Serbia.com\",\"description\":\"Your Gateway to Serbia\",\"potentialAction\":[{\"@type\":\"SearchAction\",\"target\":{\"@type\":\"EntryPoint\",\"urlTemplate\":\"https:\/\/serbia.com\/?s={search_term_string}\"},\"query-input\":{\"@type\":\"PropertyValueSpecification\",\"valueRequired\":true,\"valueName\":\"search_term_string\"}}],\"inLanguage\":\"srpski\"}]}<\/script>\n<!-- \/ Yoast SEO plugin. -->","yoast_head_json":{"title":"Molitva, \u0111ur\u0111evdanski obred - Serbia.com","robots":{"index":"index","follow":"follow","max-snippet":"max-snippet:-1","max-image-preview":"max-image-preview:large","max-video-preview":"max-video-preview:-1"},"canonical":"https:\/\/serbia.com\/srpski\/o-srbiji\/kultura\/nematerijalno-kulturno-nasledje-srbije\/nematerijalno-kulturno-naslede-kao-cuvar-srpskog-identiteta\/molitva-durdevdanski-obred\/","og_locale":"en_US","og_type":"article","og_title":"Molitva, \u0111ur\u0111evdanski obred - Serbia.com","og_description":"Selo Vrtovac je vekovima unazad mesto gde se tradicionalno organizuje jedinstveni prehri\u0161\u0107anski obi\u010daj prino\u0161enja kolektivne zavetne \u017ertve, u narodu poznatiji kao \u201eMolitva pod Mid\u017eorom\u201c U podno\u017eju jednog od naj\u017eivopisnijih predela [&hellip;]","og_url":"https:\/\/serbia.com\/srpski\/o-srbiji\/kultura\/nematerijalno-kulturno-nasledje-srbije\/nematerijalno-kulturno-naslede-kao-cuvar-srpskog-identiteta\/molitva-durdevdanski-obred\/","og_site_name":"Serbia.com","article_modified_time":"2024-06-06T08:58:17+00:00","og_image":[{"width":1201,"height":398,"url":"https:\/\/serbia.com\/wp-content\/uploads\/2015\/07\/molitva333.jpg","type":"image\/jpeg"}],"twitter_misc":{"Est. reading time":"4 minutes"},"schema":{"@context":"https:\/\/schema.org","@graph":[{"@type":"WebPage","@id":"https:\/\/serbia.com\/srpski\/o-srbiji\/kultura\/nematerijalno-kulturno-nasledje-srbije\/nematerijalno-kulturno-naslede-kao-cuvar-srpskog-identiteta\/molitva-durdevdanski-obred\/","url":"https:\/\/serbia.com\/srpski\/o-srbiji\/kultura\/nematerijalno-kulturno-nasledje-srbije\/nematerijalno-kulturno-naslede-kao-cuvar-srpskog-identiteta\/molitva-durdevdanski-obred\/","name":"Molitva, \u0111ur\u0111evdanski obred - Serbia.com","isPartOf":{"@id":"https:\/\/serbia.com\/#website"},"primaryImageOfPage":{"@id":"https:\/\/serbia.com\/srpski\/o-srbiji\/kultura\/nematerijalno-kulturno-nasledje-srbije\/nematerijalno-kulturno-naslede-kao-cuvar-srpskog-identiteta\/molitva-durdevdanski-obred\/#primaryimage"},"image":{"@id":"https:\/\/serbia.com\/srpski\/o-srbiji\/kultura\/nematerijalno-kulturno-nasledje-srbije\/nematerijalno-kulturno-naslede-kao-cuvar-srpskog-identiteta\/molitva-durdevdanski-obred\/#primaryimage"},"thumbnailUrl":"https:\/\/serbia.com\/wp-content\/uploads\/2015\/07\/molitva333.jpg","datePublished":"2015-07-13T13:47:03+00:00","dateModified":"2024-06-06T08:58:17+00:00","breadcrumb":{"@id":"https:\/\/serbia.com\/srpski\/o-srbiji\/kultura\/nematerijalno-kulturno-nasledje-srbije\/nematerijalno-kulturno-naslede-kao-cuvar-srpskog-identiteta\/molitva-durdevdanski-obred\/#breadcrumb"},"inLanguage":"srpski","potentialAction":[{"@type":"ReadAction","target":["https:\/\/serbia.com\/srpski\/o-srbiji\/kultura\/nematerijalno-kulturno-nasledje-srbije\/nematerijalno-kulturno-naslede-kao-cuvar-srpskog-identiteta\/molitva-durdevdanski-obred\/"]}]},{"@type":"ImageObject","inLanguage":"srpski","@id":"https:\/\/serbia.com\/srpski\/o-srbiji\/kultura\/nematerijalno-kulturno-nasledje-srbije\/nematerijalno-kulturno-naslede-kao-cuvar-srpskog-identiteta\/molitva-durdevdanski-obred\/#primaryimage","url":"https:\/\/serbia.com\/wp-content\/uploads\/2015\/07\/molitva333.jpg","contentUrl":"https:\/\/serbia.com\/wp-content\/uploads\/2015\/07\/molitva333.jpg","width":1201,"height":398},{"@type":"BreadcrumbList","@id":"https:\/\/serbia.com\/srpski\/o-srbiji\/kultura\/nematerijalno-kulturno-nasledje-srbije\/nematerijalno-kulturno-naslede-kao-cuvar-srpskog-identiteta\/molitva-durdevdanski-obred\/#breadcrumb","itemListElement":[{"@type":"ListItem","position":1,"name":"Home","item":"https:\/\/serbia.com\/srpski\/"},{"@type":"ListItem","position":2,"name":"O Srbiji","item":"https:\/\/serbia.com\/srpski\/o-srbiji\/"},{"@type":"ListItem","position":3,"name":"Kultura","item":"https:\/\/serbia.com\/srpski\/o-srbiji\/kultura\/"},{"@type":"ListItem","position":4,"name":"Nematerijalno kulturno nasle\u0111e Srbije","item":"https:\/\/serbia.com\/srpski\/o-srbiji\/kultura\/nematerijalno-kulturno-nasledje-srbije\/"},{"@type":"ListItem","position":5,"name":"Nematerijalno kulturno nasle\u0111e kao \u010duvar srpskog identiteta","item":"https:\/\/serbia.com\/srpski\/o-srbiji\/kultura\/nematerijalno-kulturno-nasledje-srbije\/nematerijalno-kulturno-naslede-kao-cuvar-srpskog-identiteta\/"},{"@type":"ListItem","position":6,"name":"Molitva, \u0111ur\u0111evdanski obred"}]},{"@type":"WebSite","@id":"https:\/\/serbia.com\/#website","url":"https:\/\/serbia.com\/","name":"Serbia.com","description":"Your Gateway to Serbia","potentialAction":[{"@type":"SearchAction","target":{"@type":"EntryPoint","urlTemplate":"https:\/\/serbia.com\/?s={search_term_string}"},"query-input":{"@type":"PropertyValueSpecification","valueRequired":true,"valueName":"search_term_string"}}],"inLanguage":"srpski"}]}},"_links":{"self":[{"href":"https:\/\/serbia.com\/srpski\/wp-json\/wp\/v2\/pages\/35137"}],"collection":[{"href":"https:\/\/serbia.com\/srpski\/wp-json\/wp\/v2\/pages"}],"about":[{"href":"https:\/\/serbia.com\/srpski\/wp-json\/wp\/v2\/types\/page"}],"author":[{"embeddable":true,"href":"https:\/\/serbia.com\/srpski\/wp-json\/wp\/v2\/users\/27"}],"replies":[{"embeddable":true,"href":"https:\/\/serbia.com\/srpski\/wp-json\/wp\/v2\/comments?post=35137"}],"version-history":[{"count":1,"href":"https:\/\/serbia.com\/srpski\/wp-json\/wp\/v2\/pages\/35137\/revisions"}],"predecessor-version":[{"id":53383,"href":"https:\/\/serbia.com\/srpski\/wp-json\/wp\/v2\/pages\/35137\/revisions\/53383"}],"up":[{"embeddable":true,"href":"https:\/\/serbia.com\/srpski\/wp-json\/wp\/v2\/pages\/34018"}],"wp:featuredmedia":[{"embeddable":true,"href":"https:\/\/serbia.com\/srpski\/wp-json\/wp\/v2\/media\/35127"}],"wp:attachment":[{"href":"https:\/\/serbia.com\/srpski\/wp-json\/wp\/v2\/media?parent=35137"}],"wp:term":[{"taxonomy":"category","embeddable":true,"href":"https:\/\/serbia.com\/srpski\/wp-json\/wp\/v2\/categories?post=35137"},{"taxonomy":"post_tag","embeddable":true,"href":"https:\/\/serbia.com\/srpski\/wp-json\/wp\/v2\/tags?post=35137"}],"curies":[{"name":"wp","href":"https:\/\/api.w.org\/{rel}","templated":true}]}}