{"id":35108,"date":"2015-07-13T14:22:58","date_gmt":"2015-07-13T12:22:58","guid":{"rendered":"http:\/\/www.serbia.com\/?page_id=35108"},"modified":"2024-06-05T13:38:03","modified_gmt":"2024-06-05T11:38:03","slug":"pirotski-cilim","status":"publish","type":"page","link":"https:\/\/serbia.com\/srpski\/o-srbiji\/kultura\/nematerijalno-kulturno-nasledje-srbije\/tragovima-nematerijalnog-kulturnog-nasleda-srbije\/pirotski-cilim\/","title":{"rendered":"Pirotski \u0107ilim"},"content":{"rendered":"<h2>Od vune ovaca sa <a href=\"http:\/\/www.serbia.com\/srpski\/posetite-srbiju\/sta-videti\/prirodne-lepote\/planine\/stara-planina-prirodni-rezervat-u-dve-drzave\/\">Stare planine<\/a>, uz pomo\u0107 male alatke tupice i vrednih ruku tkalja, prkose\u0107i vremenu i modernim tehnologijama, i danas se izra\u0111uje jedan od najve\u0107ih srpskih brendova &#8211; pirotski \u0107ilim.<\/h2>\n<p>Pored bogatih \u0161ara i ornamenata, simbol grada Pirota u sebi \u010duva i <a href=\"http:\/\/www.serbia.com\/srpski\/o-srbiji\/istorija\/\">istoriju<\/a>, tradiciju, <a href=\"http:\/\/www.serbia.com\/srpski\/mitovi-i-legende-mesavina-tradicija-2\/\">legende i mitove<\/a> koji se godinama unazad prenose sa kolena na koleno.<\/p>\n<p>Dugotrajan proces izrade \u0107ilima po\u010dinje <em><strong>snovanjem<\/strong><\/em>. U ovom postupku tkalja umesto metra koristi prste, a <strong>celokupan proces je ru\u010dni rad<\/strong>. Zbog slo\u017eenosti \u0161ara i nepostojanja ma\u0161ina, za izradu pirotskih \u0107ilima su potrebni meseci. Unikatan finalni proizvod koji predstavlja pravo umetni\u010dko delo, opravdava vreme i trud koji su u njega ulo\u017eeni.<\/p>\n<p>Specifi\u010dnost pirotskih \u0107ilima, i ono po \u010demu su postali svetski poznati je to da<strong> nemaju nali\u010dje, ve\u0107 dva identi\u010dna lica<\/strong>. Ume\u0107e ovako precizne i slo\u017eene izrade \u0107ilima, u Pirotu se prenosi sa &#8220;kolena na koleno&#8221; odavnina. Ipak, <strong>potra\u017enja za ovim proizvodom poslednjih godina je znatno manja, pa se od nekada\u0161njih 2500 \u017eena, danas u Pirotu \u0107ilimarstvom bavi svega 25<\/strong>.<\/p>\n<p><iframe loading=\"lazy\" title=\"Tragovima nematerijalnog kulturnog nasle\u0111a Srbije - Pirotski \u0107ilimi\" width=\"640\" height=\"360\" src=\"https:\/\/www.youtube.com\/embed\/LPXFKsH03E0?feature=oembed\" frameborder=\"0\" allow=\"accelerometer; autoplay; clipboard-write; encrypted-media; gyroscope; picture-in-picture; web-share\" referrerpolicy=\"strict-origin-when-cross-origin\" allowfullscreen><\/iframe><\/p>\n<p>Pored izrade, tkalje se bave i <strong>restauracijom \u0107ilima<\/strong>. Ovakav postupak se najpre primenjuje kod starih i o\u0161te\u0107enih \u0107ilima. Da bi sa\u010duvali porodi\u010dno nasle\u0111e, mnogi ljudi donose \u0107ilime \u010diji je \u017eivotni vek \u010desto du\u017ei i od\u00a0100 godina. Takvim \u0107ilimima se posebnim postupkom vra\u0107aju prvobitna boja i izgled, a izuzetna\u00a0vrednost je i u \u010dinjenici da se tradcija na taj na\u010din \u010duva od zaborava.<\/p>\n<p>Ono zbog \u010dega se danas mnogi odlu\u010duju da kupe ovaj pirotski proizvod, je <strong>simbolika koju svaki \u0107ilim sa sobom nosi<\/strong>. Postoje \u0107ilimi za zdravlje, sre\u0107u, mir i blagostanje u ku\u0107i, finansijski boljitak, za mu\u0161karce i \u017eene, otklanjanje negativne energije, uroka i mnogi drugi. <strong>Da li su pri\u010de o neobi\u010dnim mo\u0107ima pirotskih \u0107ilima istinite, mora\u0107ete da se uverite sami<\/strong>.<\/p>\n","protected":false},"excerpt":{"rendered":"<p>Od vune ovaca sa Stare planine, uz pomo\u0107 male alatke tupice i vrednih ruku tkalja, prkose\u0107i vremenu i modernim tehnologijama, i danas se izra\u0111uje jedan od najve\u0107ih srpskih brendova &#8211; [&hellip;]<\/p>\n","protected":false},"author":27,"featured_media":35179,"parent":33999,"menu_order":0,"comment_status":"closed","ping_status":"closed","template":"","meta":{"_acf_changed":false,"inline_featured_image":false,"_monsterinsights_skip_tracking":false,"_monsterinsights_sitenote_active":false,"_monsterinsights_sitenote_note":"","_monsterinsights_sitenote_category":0,"footnotes":""},"categories":[3352],"tags":[],"class_list":["post-35108","page","type-page","status-publish","has-post-thumbnail","hentry","category-nematerijalno-kulturno-naslede"],"acf":[],"yoast_head":"<!-- This site is optimized with the Yoast SEO plugin v23.8 - https:\/\/yoast.com\/wordpress\/plugins\/seo\/ -->\n<title>Pirotski \u0107ilim - Serbia.com<\/title>\n<meta name=\"robots\" content=\"index, follow, max-snippet:-1, max-image-preview:large, max-video-preview:-1\" \/>\n<link rel=\"canonical\" href=\"https:\/\/serbia.com\/srpski\/o-srbiji\/kultura\/nematerijalno-kulturno-nasledje-srbije\/tragovima-nematerijalnog-kulturnog-nasleda-srbije\/pirotski-cilim\/\" \/>\n<meta property=\"og:locale\" content=\"en_US\" \/>\n<meta property=\"og:type\" content=\"article\" \/>\n<meta property=\"og:title\" content=\"Pirotski \u0107ilim - Serbia.com\" \/>\n<meta property=\"og:description\" content=\"Od vune ovaca sa Stare planine, uz pomo\u0107 male alatke tupice i vrednih ruku tkalja, prkose\u0107i vremenu i modernim tehnologijama, i danas se izra\u0111uje jedan od najve\u0107ih srpskih brendova &#8211; [&hellip;]\" \/>\n<meta property=\"og:url\" content=\"https:\/\/serbia.com\/srpski\/o-srbiji\/kultura\/nematerijalno-kulturno-nasledje-srbije\/tragovima-nematerijalnog-kulturnog-nasleda-srbije\/pirotski-cilim\/\" \/>\n<meta property=\"og:site_name\" content=\"Serbia.com\" \/>\n<meta property=\"article:modified_time\" content=\"2024-06-05T11:38:03+00:00\" \/>\n<meta property=\"og:image\" content=\"https:\/\/serbia.com\/wp-content\/uploads\/2015\/07\/Pirotski-cilim_slika_O.jpg\" \/>\n\t<meta property=\"og:image:width\" content=\"1800\" \/>\n\t<meta property=\"og:image:height\" content=\"1350\" \/>\n\t<meta property=\"og:image:type\" content=\"image\/jpeg\" \/>\n<meta name=\"twitter:label1\" content=\"Est. reading time\" \/>\n\t<meta name=\"twitter:data1\" content=\"2 minutes\" \/>\n<script type=\"application\/ld+json\" class=\"yoast-schema-graph\">{\"@context\":\"https:\/\/schema.org\",\"@graph\":[{\"@type\":\"WebPage\",\"@id\":\"https:\/\/serbia.com\/srpski\/o-srbiji\/kultura\/nematerijalno-kulturno-nasledje-srbije\/tragovima-nematerijalnog-kulturnog-nasleda-srbije\/pirotski-cilim\/\",\"url\":\"https:\/\/serbia.com\/srpski\/o-srbiji\/kultura\/nematerijalno-kulturno-nasledje-srbije\/tragovima-nematerijalnog-kulturnog-nasleda-srbije\/pirotski-cilim\/\",\"name\":\"Pirotski \u0107ilim - Serbia.com\",\"isPartOf\":{\"@id\":\"https:\/\/serbia.com\/#website\"},\"primaryImageOfPage\":{\"@id\":\"https:\/\/serbia.com\/srpski\/o-srbiji\/kultura\/nematerijalno-kulturno-nasledje-srbije\/tragovima-nematerijalnog-kulturnog-nasleda-srbije\/pirotski-cilim\/#primaryimage\"},\"image\":{\"@id\":\"https:\/\/serbia.com\/srpski\/o-srbiji\/kultura\/nematerijalno-kulturno-nasledje-srbije\/tragovima-nematerijalnog-kulturnog-nasleda-srbije\/pirotski-cilim\/#primaryimage\"},\"thumbnailUrl\":\"https:\/\/serbia.com\/wp-content\/uploads\/2015\/07\/Pirotski-cilim_slika_O.jpg\",\"datePublished\":\"2015-07-13T12:22:58+00:00\",\"dateModified\":\"2024-06-05T11:38:03+00:00\",\"breadcrumb\":{\"@id\":\"https:\/\/serbia.com\/srpski\/o-srbiji\/kultura\/nematerijalno-kulturno-nasledje-srbije\/tragovima-nematerijalnog-kulturnog-nasleda-srbije\/pirotski-cilim\/#breadcrumb\"},\"inLanguage\":\"srpski\",\"potentialAction\":[{\"@type\":\"ReadAction\",\"target\":[\"https:\/\/serbia.com\/srpski\/o-srbiji\/kultura\/nematerijalno-kulturno-nasledje-srbije\/tragovima-nematerijalnog-kulturnog-nasleda-srbije\/pirotski-cilim\/\"]}]},{\"@type\":\"ImageObject\",\"inLanguage\":\"srpski\",\"@id\":\"https:\/\/serbia.com\/srpski\/o-srbiji\/kultura\/nematerijalno-kulturno-nasledje-srbije\/tragovima-nematerijalnog-kulturnog-nasleda-srbije\/pirotski-cilim\/#primaryimage\",\"url\":\"https:\/\/serbia.com\/wp-content\/uploads\/2015\/07\/Pirotski-cilim_slika_O.jpg\",\"contentUrl\":\"https:\/\/serbia.com\/wp-content\/uploads\/2015\/07\/Pirotski-cilim_slika_O.jpg\",\"width\":1800,\"height\":1350},{\"@type\":\"BreadcrumbList\",\"@id\":\"https:\/\/serbia.com\/srpski\/o-srbiji\/kultura\/nematerijalno-kulturno-nasledje-srbije\/tragovima-nematerijalnog-kulturnog-nasleda-srbije\/pirotski-cilim\/#breadcrumb\",\"itemListElement\":[{\"@type\":\"ListItem\",\"position\":1,\"name\":\"Home\",\"item\":\"https:\/\/serbia.com\/srpski\/\"},{\"@type\":\"ListItem\",\"position\":2,\"name\":\"O Srbiji\",\"item\":\"https:\/\/serbia.com\/srpski\/o-srbiji\/\"},{\"@type\":\"ListItem\",\"position\":3,\"name\":\"Kultura\",\"item\":\"https:\/\/serbia.com\/srpski\/o-srbiji\/kultura\/\"},{\"@type\":\"ListItem\",\"position\":4,\"name\":\"Nematerijalno kulturno nasle\u0111e Srbije\",\"item\":\"https:\/\/serbia.com\/srpski\/o-srbiji\/kultura\/nematerijalno-kulturno-nasledje-srbije\/\"},{\"@type\":\"ListItem\",\"position\":5,\"name\":\"Tragovima nematerijalnog kulturnog nasle\u0111a Srbije\",\"item\":\"https:\/\/serbia.com\/srpski\/o-srbiji\/kultura\/nematerijalno-kulturno-nasledje-srbije\/tragovima-nematerijalnog-kulturnog-nasleda-srbije\/\"},{\"@type\":\"ListItem\",\"position\":6,\"name\":\"Pirotski \u0107ilim\"}]},{\"@type\":\"WebSite\",\"@id\":\"https:\/\/serbia.com\/#website\",\"url\":\"https:\/\/serbia.com\/\",\"name\":\"Serbia.com\",\"description\":\"Your Gateway to Serbia\",\"potentialAction\":[{\"@type\":\"SearchAction\",\"target\":{\"@type\":\"EntryPoint\",\"urlTemplate\":\"https:\/\/serbia.com\/?s={search_term_string}\"},\"query-input\":{\"@type\":\"PropertyValueSpecification\",\"valueRequired\":true,\"valueName\":\"search_term_string\"}}],\"inLanguage\":\"srpski\"}]}<\/script>\n<!-- \/ Yoast SEO plugin. -->","yoast_head_json":{"title":"Pirotski \u0107ilim - Serbia.com","robots":{"index":"index","follow":"follow","max-snippet":"max-snippet:-1","max-image-preview":"max-image-preview:large","max-video-preview":"max-video-preview:-1"},"canonical":"https:\/\/serbia.com\/srpski\/o-srbiji\/kultura\/nematerijalno-kulturno-nasledje-srbije\/tragovima-nematerijalnog-kulturnog-nasleda-srbije\/pirotski-cilim\/","og_locale":"en_US","og_type":"article","og_title":"Pirotski \u0107ilim - Serbia.com","og_description":"Od vune ovaca sa Stare planine, uz pomo\u0107 male alatke tupice i vrednih ruku tkalja, prkose\u0107i vremenu i modernim tehnologijama, i danas se izra\u0111uje jedan od najve\u0107ih srpskih brendova &#8211; [&hellip;]","og_url":"https:\/\/serbia.com\/srpski\/o-srbiji\/kultura\/nematerijalno-kulturno-nasledje-srbije\/tragovima-nematerijalnog-kulturnog-nasleda-srbije\/pirotski-cilim\/","og_site_name":"Serbia.com","article_modified_time":"2024-06-05T11:38:03+00:00","og_image":[{"width":1800,"height":1350,"url":"https:\/\/serbia.com\/wp-content\/uploads\/2015\/07\/Pirotski-cilim_slika_O.jpg","type":"image\/jpeg"}],"twitter_misc":{"Est. reading time":"2 minutes"},"schema":{"@context":"https:\/\/schema.org","@graph":[{"@type":"WebPage","@id":"https:\/\/serbia.com\/srpski\/o-srbiji\/kultura\/nematerijalno-kulturno-nasledje-srbije\/tragovima-nematerijalnog-kulturnog-nasleda-srbije\/pirotski-cilim\/","url":"https:\/\/serbia.com\/srpski\/o-srbiji\/kultura\/nematerijalno-kulturno-nasledje-srbije\/tragovima-nematerijalnog-kulturnog-nasleda-srbije\/pirotski-cilim\/","name":"Pirotski \u0107ilim - Serbia.com","isPartOf":{"@id":"https:\/\/serbia.com\/#website"},"primaryImageOfPage":{"@id":"https:\/\/serbia.com\/srpski\/o-srbiji\/kultura\/nematerijalno-kulturno-nasledje-srbije\/tragovima-nematerijalnog-kulturnog-nasleda-srbije\/pirotski-cilim\/#primaryimage"},"image":{"@id":"https:\/\/serbia.com\/srpski\/o-srbiji\/kultura\/nematerijalno-kulturno-nasledje-srbije\/tragovima-nematerijalnog-kulturnog-nasleda-srbije\/pirotski-cilim\/#primaryimage"},"thumbnailUrl":"https:\/\/serbia.com\/wp-content\/uploads\/2015\/07\/Pirotski-cilim_slika_O.jpg","datePublished":"2015-07-13T12:22:58+00:00","dateModified":"2024-06-05T11:38:03+00:00","breadcrumb":{"@id":"https:\/\/serbia.com\/srpski\/o-srbiji\/kultura\/nematerijalno-kulturno-nasledje-srbije\/tragovima-nematerijalnog-kulturnog-nasleda-srbije\/pirotski-cilim\/#breadcrumb"},"inLanguage":"srpski","potentialAction":[{"@type":"ReadAction","target":["https:\/\/serbia.com\/srpski\/o-srbiji\/kultura\/nematerijalno-kulturno-nasledje-srbije\/tragovima-nematerijalnog-kulturnog-nasleda-srbije\/pirotski-cilim\/"]}]},{"@type":"ImageObject","inLanguage":"srpski","@id":"https:\/\/serbia.com\/srpski\/o-srbiji\/kultura\/nematerijalno-kulturno-nasledje-srbije\/tragovima-nematerijalnog-kulturnog-nasleda-srbije\/pirotski-cilim\/#primaryimage","url":"https:\/\/serbia.com\/wp-content\/uploads\/2015\/07\/Pirotski-cilim_slika_O.jpg","contentUrl":"https:\/\/serbia.com\/wp-content\/uploads\/2015\/07\/Pirotski-cilim_slika_O.jpg","width":1800,"height":1350},{"@type":"BreadcrumbList","@id":"https:\/\/serbia.com\/srpski\/o-srbiji\/kultura\/nematerijalno-kulturno-nasledje-srbije\/tragovima-nematerijalnog-kulturnog-nasleda-srbije\/pirotski-cilim\/#breadcrumb","itemListElement":[{"@type":"ListItem","position":1,"name":"Home","item":"https:\/\/serbia.com\/srpski\/"},{"@type":"ListItem","position":2,"name":"O Srbiji","item":"https:\/\/serbia.com\/srpski\/o-srbiji\/"},{"@type":"ListItem","position":3,"name":"Kultura","item":"https:\/\/serbia.com\/srpski\/o-srbiji\/kultura\/"},{"@type":"ListItem","position":4,"name":"Nematerijalno kulturno nasle\u0111e Srbije","item":"https:\/\/serbia.com\/srpski\/o-srbiji\/kultura\/nematerijalno-kulturno-nasledje-srbije\/"},{"@type":"ListItem","position":5,"name":"Tragovima nematerijalnog kulturnog nasle\u0111a Srbije","item":"https:\/\/serbia.com\/srpski\/o-srbiji\/kultura\/nematerijalno-kulturno-nasledje-srbije\/tragovima-nematerijalnog-kulturnog-nasleda-srbije\/"},{"@type":"ListItem","position":6,"name":"Pirotski \u0107ilim"}]},{"@type":"WebSite","@id":"https:\/\/serbia.com\/#website","url":"https:\/\/serbia.com\/","name":"Serbia.com","description":"Your Gateway to Serbia","potentialAction":[{"@type":"SearchAction","target":{"@type":"EntryPoint","urlTemplate":"https:\/\/serbia.com\/?s={search_term_string}"},"query-input":{"@type":"PropertyValueSpecification","valueRequired":true,"valueName":"search_term_string"}}],"inLanguage":"srpski"}]}},"_links":{"self":[{"href":"https:\/\/serbia.com\/srpski\/wp-json\/wp\/v2\/pages\/35108"}],"collection":[{"href":"https:\/\/serbia.com\/srpski\/wp-json\/wp\/v2\/pages"}],"about":[{"href":"https:\/\/serbia.com\/srpski\/wp-json\/wp\/v2\/types\/page"}],"author":[{"embeddable":true,"href":"https:\/\/serbia.com\/srpski\/wp-json\/wp\/v2\/users\/27"}],"replies":[{"embeddable":true,"href":"https:\/\/serbia.com\/srpski\/wp-json\/wp\/v2\/comments?post=35108"}],"version-history":[{"count":1,"href":"https:\/\/serbia.com\/srpski\/wp-json\/wp\/v2\/pages\/35108\/revisions"}],"predecessor-version":[{"id":53295,"href":"https:\/\/serbia.com\/srpski\/wp-json\/wp\/v2\/pages\/35108\/revisions\/53295"}],"up":[{"embeddable":true,"href":"https:\/\/serbia.com\/srpski\/wp-json\/wp\/v2\/pages\/33999"}],"wp:featuredmedia":[{"embeddable":true,"href":"https:\/\/serbia.com\/srpski\/wp-json\/wp\/v2\/media\/35179"}],"wp:attachment":[{"href":"https:\/\/serbia.com\/srpski\/wp-json\/wp\/v2\/media?parent=35108"}],"wp:term":[{"taxonomy":"category","embeddable":true,"href":"https:\/\/serbia.com\/srpski\/wp-json\/wp\/v2\/categories?post=35108"},{"taxonomy":"post_tag","embeddable":true,"href":"https:\/\/serbia.com\/srpski\/wp-json\/wp\/v2\/tags?post=35108"}],"curies":[{"name":"wp","href":"https:\/\/api.w.org\/{rel}","templated":true}]}}