{"id":35100,"date":"2015-07-13T13:32:27","date_gmt":"2015-07-13T11:32:27","guid":{"rendered":"http:\/\/www.serbia.com\/?page_id=35100"},"modified":"2024-06-05T13:39:35","modified_gmt":"2024-06-05T11:39:35","slug":"ojkaca","status":"publish","type":"page","link":"https:\/\/serbia.com\/srpski\/o-srbiji\/kultura\/nematerijalno-kulturno-nasledje-srbije\/tragovima-nematerijalnog-kulturnog-nasleda-srbije\/ojkaca\/","title":{"rendered":"Ojka\u010da"},"content":{"rendered":"<h2>Srbi Kraji\u0161nici su izgubili zavi\u010daj, domove, manastire, crkve i mnoge materijalne stvari, ali su uspeli da o\u010duvaju ono najvrednije &#8211; tradiciju i duhovnost koja danas kroz izvornu pesmu ojka\u010du \u017eivi, i nastavlja da se prenosi na nove nara\u0161taje.<\/h2>\n<p><strong>Ojka\u010da, ojkan, rozgalica ili groktalica, sve su to nazivi za izvornu pesmu sa kraji\u0161ko &#8211; dinarsko podru\u010dja.<\/strong> Specifi\u010dnost ove pesme je u otegnutom uzviku odnosno slogu\u00a0<strong>&#8220;oj&#8221;, &#8220;aoj&#8221; i &#8220;joj&#8221;<\/strong>. Naj\u010de\u0161\u0107e je izvodi grupa peva\u010da, u kojoj jedan vodi i peva prvi glas, dok ostali prate ili basiraju stvaraju\u0107i na taj na\u010din melodiju. <strong>Grupa koja je izvodi mo\u017ee biti mu\u0161ka, \u017eenska i u retkim slu\u010dajevima me\u0161ovita<\/strong>.<\/p>\n<p>Iako se ve\u0107ina pesama izvodi bez muzike, nije retkost da se uz tamburicu, diple ili dvojnice zapeva i zaigra. Pored pesme i igre, <strong>narodna no\u0161nja je veoma va\u017ean deo dugogodi\u0161nje tradicije<\/strong>. Mu\u0161ka i \u017eenska peva\u010dka grupa imaju razli\u010dite no\u0161nje koje se sastoje od tradicionalnih odevnih predmeta, mahom ru\u010dno izra\u0111enih.<\/p>\n<p><iframe loading=\"lazy\" title=\"Tragovima nematerijalnog kulturnog nasle\u0111a Srbije - Ojka\u010da\" width=\"640\" height=\"360\" src=\"https:\/\/www.youtube.com\/embed\/GWV5POT3c5U?feature=oembed\" frameborder=\"0\" allow=\"accelerometer; autoplay; clipboard-write; encrypted-media; gyroscope; picture-in-picture; web-share\" referrerpolicy=\"strict-origin-when-cross-origin\" allowfullscreen><\/iframe><\/p>\n<p><strong>U ojka\u010di se naj\u010de\u0161\u0107e peva o zavi\u010daju, ljubavi, bolu i radosti<\/strong>. Na prelima, poselima, kopanju kukuruza, prosidbi ili ven\u010danju, gotovo bez izuzetka se pevala izvorna kraji\u0161ka pesma. Tada bi se Srbi Kraji\u0161nici okupili i zajedno slavili, tugovali ili veselili. Na taj na\u010din se godinama unazad prenosi znanje, pesma, igra i no\u0161nja na generacije koje dolaze.<\/p>\n<p><strong>Danas u Srbiji postoji preko sto peva\u010dkih grupa i kulturno umetni\u010dkih dru\u0161tava koji aktivno neguju kraji\u0161ku izvornu pesmu.<\/strong><\/p>\n","protected":false},"excerpt":{"rendered":"<p>Srbi Kraji\u0161nici su izgubili zavi\u010daj, domove, manastire, crkve i mnoge materijalne stvari, ali su uspeli da o\u010duvaju ono najvrednije &#8211; tradiciju i duhovnost koja danas kroz izvornu pesmu ojka\u010du \u017eivi, [&hellip;]<\/p>\n","protected":false},"author":27,"featured_media":35096,"parent":33999,"menu_order":0,"comment_status":"closed","ping_status":"closed","template":"","meta":{"_acf_changed":false,"inline_featured_image":false,"_monsterinsights_skip_tracking":false,"_monsterinsights_sitenote_active":false,"_monsterinsights_sitenote_note":"","_monsterinsights_sitenote_category":0,"footnotes":""},"categories":[973],"tags":[],"class_list":["post-35100","page","type-page","status-publish","has-post-thumbnail","hentry","category-etno-nasledje"],"acf":[],"yoast_head":"<!-- This site is optimized with the Yoast SEO plugin v23.8 - https:\/\/yoast.com\/wordpress\/plugins\/seo\/ -->\n<title>Ojka\u010da - Serbia.com<\/title>\n<meta name=\"robots\" content=\"index, follow, max-snippet:-1, max-image-preview:large, max-video-preview:-1\" \/>\n<link rel=\"canonical\" href=\"https:\/\/serbia.com\/srpski\/o-srbiji\/kultura\/nematerijalno-kulturno-nasledje-srbije\/tragovima-nematerijalnog-kulturnog-nasleda-srbije\/ojkaca\/\" \/>\n<meta property=\"og:locale\" content=\"en_US\" \/>\n<meta property=\"og:type\" content=\"article\" \/>\n<meta property=\"og:title\" content=\"Ojka\u010da - Serbia.com\" \/>\n<meta property=\"og:description\" content=\"Srbi Kraji\u0161nici su izgubili zavi\u010daj, domove, manastire, crkve i mnoge materijalne stvari, ali su uspeli da o\u010duvaju ono najvrednije &#8211; tradiciju i duhovnost koja danas kroz izvornu pesmu ojka\u010du \u017eivi, [&hellip;]\" \/>\n<meta property=\"og:url\" content=\"https:\/\/serbia.com\/srpski\/o-srbiji\/kultura\/nematerijalno-kulturno-nasledje-srbije\/tragovima-nematerijalnog-kulturnog-nasleda-srbije\/ojkaca\/\" \/>\n<meta property=\"og:site_name\" content=\"Serbia.com\" \/>\n<meta property=\"article:modified_time\" content=\"2024-06-05T11:39:35+00:00\" \/>\n<meta property=\"og:image\" content=\"https:\/\/serbia.com\/wp-content\/uploads\/2015\/07\/Ojkanje-singing111.jpg\" \/>\n\t<meta property=\"og:image:width\" content=\"1800\" \/>\n\t<meta property=\"og:image:height\" content=\"674\" \/>\n\t<meta property=\"og:image:type\" content=\"image\/jpeg\" \/>\n<meta name=\"twitter:label1\" content=\"Est. reading time\" \/>\n\t<meta name=\"twitter:data1\" content=\"2 minutes\" \/>\n<script type=\"application\/ld+json\" class=\"yoast-schema-graph\">{\"@context\":\"https:\/\/schema.org\",\"@graph\":[{\"@type\":\"WebPage\",\"@id\":\"https:\/\/serbia.com\/srpski\/o-srbiji\/kultura\/nematerijalno-kulturno-nasledje-srbije\/tragovima-nematerijalnog-kulturnog-nasleda-srbije\/ojkaca\/\",\"url\":\"https:\/\/serbia.com\/srpski\/o-srbiji\/kultura\/nematerijalno-kulturno-nasledje-srbije\/tragovima-nematerijalnog-kulturnog-nasleda-srbije\/ojkaca\/\",\"name\":\"Ojka\u010da - Serbia.com\",\"isPartOf\":{\"@id\":\"https:\/\/serbia.com\/#website\"},\"primaryImageOfPage\":{\"@id\":\"https:\/\/serbia.com\/srpski\/o-srbiji\/kultura\/nematerijalno-kulturno-nasledje-srbije\/tragovima-nematerijalnog-kulturnog-nasleda-srbije\/ojkaca\/#primaryimage\"},\"image\":{\"@id\":\"https:\/\/serbia.com\/srpski\/o-srbiji\/kultura\/nematerijalno-kulturno-nasledje-srbije\/tragovima-nematerijalnog-kulturnog-nasleda-srbije\/ojkaca\/#primaryimage\"},\"thumbnailUrl\":\"https:\/\/serbia.com\/wp-content\/uploads\/2015\/07\/Ojkanje-singing111.jpg\",\"datePublished\":\"2015-07-13T11:32:27+00:00\",\"dateModified\":\"2024-06-05T11:39:35+00:00\",\"breadcrumb\":{\"@id\":\"https:\/\/serbia.com\/srpski\/o-srbiji\/kultura\/nematerijalno-kulturno-nasledje-srbije\/tragovima-nematerijalnog-kulturnog-nasleda-srbije\/ojkaca\/#breadcrumb\"},\"inLanguage\":\"srpski\",\"potentialAction\":[{\"@type\":\"ReadAction\",\"target\":[\"https:\/\/serbia.com\/srpski\/o-srbiji\/kultura\/nematerijalno-kulturno-nasledje-srbije\/tragovima-nematerijalnog-kulturnog-nasleda-srbije\/ojkaca\/\"]}]},{\"@type\":\"ImageObject\",\"inLanguage\":\"srpski\",\"@id\":\"https:\/\/serbia.com\/srpski\/o-srbiji\/kultura\/nematerijalno-kulturno-nasledje-srbije\/tragovima-nematerijalnog-kulturnog-nasleda-srbije\/ojkaca\/#primaryimage\",\"url\":\"https:\/\/serbia.com\/wp-content\/uploads\/2015\/07\/Ojkanje-singing111.jpg\",\"contentUrl\":\"https:\/\/serbia.com\/wp-content\/uploads\/2015\/07\/Ojkanje-singing111.jpg\",\"width\":1800,\"height\":674},{\"@type\":\"BreadcrumbList\",\"@id\":\"https:\/\/serbia.com\/srpski\/o-srbiji\/kultura\/nematerijalno-kulturno-nasledje-srbije\/tragovima-nematerijalnog-kulturnog-nasleda-srbije\/ojkaca\/#breadcrumb\",\"itemListElement\":[{\"@type\":\"ListItem\",\"position\":1,\"name\":\"Home\",\"item\":\"https:\/\/serbia.com\/srpski\/\"},{\"@type\":\"ListItem\",\"position\":2,\"name\":\"O Srbiji\",\"item\":\"https:\/\/serbia.com\/srpski\/o-srbiji\/\"},{\"@type\":\"ListItem\",\"position\":3,\"name\":\"Kultura\",\"item\":\"https:\/\/serbia.com\/srpski\/o-srbiji\/kultura\/\"},{\"@type\":\"ListItem\",\"position\":4,\"name\":\"Nematerijalno kulturno nasle\u0111e Srbije\",\"item\":\"https:\/\/serbia.com\/srpski\/o-srbiji\/kultura\/nematerijalno-kulturno-nasledje-srbije\/\"},{\"@type\":\"ListItem\",\"position\":5,\"name\":\"Tragovima nematerijalnog kulturnog nasle\u0111a Srbije\",\"item\":\"https:\/\/serbia.com\/srpski\/o-srbiji\/kultura\/nematerijalno-kulturno-nasledje-srbije\/tragovima-nematerijalnog-kulturnog-nasleda-srbije\/\"},{\"@type\":\"ListItem\",\"position\":6,\"name\":\"Ojka\u010da\"}]},{\"@type\":\"WebSite\",\"@id\":\"https:\/\/serbia.com\/#website\",\"url\":\"https:\/\/serbia.com\/\",\"name\":\"Serbia.com\",\"description\":\"Your Gateway to Serbia\",\"potentialAction\":[{\"@type\":\"SearchAction\",\"target\":{\"@type\":\"EntryPoint\",\"urlTemplate\":\"https:\/\/serbia.com\/?s={search_term_string}\"},\"query-input\":{\"@type\":\"PropertyValueSpecification\",\"valueRequired\":true,\"valueName\":\"search_term_string\"}}],\"inLanguage\":\"srpski\"}]}<\/script>\n<!-- \/ Yoast SEO plugin. -->","yoast_head_json":{"title":"Ojka\u010da - Serbia.com","robots":{"index":"index","follow":"follow","max-snippet":"max-snippet:-1","max-image-preview":"max-image-preview:large","max-video-preview":"max-video-preview:-1"},"canonical":"https:\/\/serbia.com\/srpski\/o-srbiji\/kultura\/nematerijalno-kulturno-nasledje-srbije\/tragovima-nematerijalnog-kulturnog-nasleda-srbije\/ojkaca\/","og_locale":"en_US","og_type":"article","og_title":"Ojka\u010da - Serbia.com","og_description":"Srbi Kraji\u0161nici su izgubili zavi\u010daj, domove, manastire, crkve i mnoge materijalne stvari, ali su uspeli da o\u010duvaju ono najvrednije &#8211; tradiciju i duhovnost koja danas kroz izvornu pesmu ojka\u010du \u017eivi, [&hellip;]","og_url":"https:\/\/serbia.com\/srpski\/o-srbiji\/kultura\/nematerijalno-kulturno-nasledje-srbije\/tragovima-nematerijalnog-kulturnog-nasleda-srbije\/ojkaca\/","og_site_name":"Serbia.com","article_modified_time":"2024-06-05T11:39:35+00:00","og_image":[{"width":1800,"height":674,"url":"https:\/\/serbia.com\/wp-content\/uploads\/2015\/07\/Ojkanje-singing111.jpg","type":"image\/jpeg"}],"twitter_misc":{"Est. reading time":"2 minutes"},"schema":{"@context":"https:\/\/schema.org","@graph":[{"@type":"WebPage","@id":"https:\/\/serbia.com\/srpski\/o-srbiji\/kultura\/nematerijalno-kulturno-nasledje-srbije\/tragovima-nematerijalnog-kulturnog-nasleda-srbije\/ojkaca\/","url":"https:\/\/serbia.com\/srpski\/o-srbiji\/kultura\/nematerijalno-kulturno-nasledje-srbije\/tragovima-nematerijalnog-kulturnog-nasleda-srbije\/ojkaca\/","name":"Ojka\u010da - Serbia.com","isPartOf":{"@id":"https:\/\/serbia.com\/#website"},"primaryImageOfPage":{"@id":"https:\/\/serbia.com\/srpski\/o-srbiji\/kultura\/nematerijalno-kulturno-nasledje-srbije\/tragovima-nematerijalnog-kulturnog-nasleda-srbije\/ojkaca\/#primaryimage"},"image":{"@id":"https:\/\/serbia.com\/srpski\/o-srbiji\/kultura\/nematerijalno-kulturno-nasledje-srbije\/tragovima-nematerijalnog-kulturnog-nasleda-srbije\/ojkaca\/#primaryimage"},"thumbnailUrl":"https:\/\/serbia.com\/wp-content\/uploads\/2015\/07\/Ojkanje-singing111.jpg","datePublished":"2015-07-13T11:32:27+00:00","dateModified":"2024-06-05T11:39:35+00:00","breadcrumb":{"@id":"https:\/\/serbia.com\/srpski\/o-srbiji\/kultura\/nematerijalno-kulturno-nasledje-srbije\/tragovima-nematerijalnog-kulturnog-nasleda-srbije\/ojkaca\/#breadcrumb"},"inLanguage":"srpski","potentialAction":[{"@type":"ReadAction","target":["https:\/\/serbia.com\/srpski\/o-srbiji\/kultura\/nematerijalno-kulturno-nasledje-srbije\/tragovima-nematerijalnog-kulturnog-nasleda-srbije\/ojkaca\/"]}]},{"@type":"ImageObject","inLanguage":"srpski","@id":"https:\/\/serbia.com\/srpski\/o-srbiji\/kultura\/nematerijalno-kulturno-nasledje-srbije\/tragovima-nematerijalnog-kulturnog-nasleda-srbije\/ojkaca\/#primaryimage","url":"https:\/\/serbia.com\/wp-content\/uploads\/2015\/07\/Ojkanje-singing111.jpg","contentUrl":"https:\/\/serbia.com\/wp-content\/uploads\/2015\/07\/Ojkanje-singing111.jpg","width":1800,"height":674},{"@type":"BreadcrumbList","@id":"https:\/\/serbia.com\/srpski\/o-srbiji\/kultura\/nematerijalno-kulturno-nasledje-srbije\/tragovima-nematerijalnog-kulturnog-nasleda-srbije\/ojkaca\/#breadcrumb","itemListElement":[{"@type":"ListItem","position":1,"name":"Home","item":"https:\/\/serbia.com\/srpski\/"},{"@type":"ListItem","position":2,"name":"O Srbiji","item":"https:\/\/serbia.com\/srpski\/o-srbiji\/"},{"@type":"ListItem","position":3,"name":"Kultura","item":"https:\/\/serbia.com\/srpski\/o-srbiji\/kultura\/"},{"@type":"ListItem","position":4,"name":"Nematerijalno kulturno nasle\u0111e Srbije","item":"https:\/\/serbia.com\/srpski\/o-srbiji\/kultura\/nematerijalno-kulturno-nasledje-srbije\/"},{"@type":"ListItem","position":5,"name":"Tragovima nematerijalnog kulturnog nasle\u0111a Srbije","item":"https:\/\/serbia.com\/srpski\/o-srbiji\/kultura\/nematerijalno-kulturno-nasledje-srbije\/tragovima-nematerijalnog-kulturnog-nasleda-srbije\/"},{"@type":"ListItem","position":6,"name":"Ojka\u010da"}]},{"@type":"WebSite","@id":"https:\/\/serbia.com\/#website","url":"https:\/\/serbia.com\/","name":"Serbia.com","description":"Your Gateway to Serbia","potentialAction":[{"@type":"SearchAction","target":{"@type":"EntryPoint","urlTemplate":"https:\/\/serbia.com\/?s={search_term_string}"},"query-input":{"@type":"PropertyValueSpecification","valueRequired":true,"valueName":"search_term_string"}}],"inLanguage":"srpski"}]}},"_links":{"self":[{"href":"https:\/\/serbia.com\/srpski\/wp-json\/wp\/v2\/pages\/35100"}],"collection":[{"href":"https:\/\/serbia.com\/srpski\/wp-json\/wp\/v2\/pages"}],"about":[{"href":"https:\/\/serbia.com\/srpski\/wp-json\/wp\/v2\/types\/page"}],"author":[{"embeddable":true,"href":"https:\/\/serbia.com\/srpski\/wp-json\/wp\/v2\/users\/27"}],"replies":[{"embeddable":true,"href":"https:\/\/serbia.com\/srpski\/wp-json\/wp\/v2\/comments?post=35100"}],"version-history":[{"count":1,"href":"https:\/\/serbia.com\/srpski\/wp-json\/wp\/v2\/pages\/35100\/revisions"}],"predecessor-version":[{"id":53297,"href":"https:\/\/serbia.com\/srpski\/wp-json\/wp\/v2\/pages\/35100\/revisions\/53297"}],"up":[{"embeddable":true,"href":"https:\/\/serbia.com\/srpski\/wp-json\/wp\/v2\/pages\/33999"}],"wp:featuredmedia":[{"embeddable":true,"href":"https:\/\/serbia.com\/srpski\/wp-json\/wp\/v2\/media\/35096"}],"wp:attachment":[{"href":"https:\/\/serbia.com\/srpski\/wp-json\/wp\/v2\/media?parent=35100"}],"wp:term":[{"taxonomy":"category","embeddable":true,"href":"https:\/\/serbia.com\/srpski\/wp-json\/wp\/v2\/categories?post=35100"},{"taxonomy":"post_tag","embeddable":true,"href":"https:\/\/serbia.com\/srpski\/wp-json\/wp\/v2\/tags?post=35100"}],"curies":[{"name":"wp","href":"https:\/\/api.w.org\/{rel}","templated":true}]}}