{"id":35087,"date":"2015-07-13T13:03:34","date_gmt":"2015-07-13T11:03:34","guid":{"rendered":"http:\/\/www.serbia.com\/?page_id=35087"},"modified":"2024-06-05T13:34:16","modified_gmt":"2024-06-05T11:34:16","slug":"naivno-slikarstvo-slovaka","status":"publish","type":"page","link":"https:\/\/serbia.com\/srpski\/o-srbiji\/kultura\/nematerijalno-kulturno-nasledje-srbije\/tragovima-nematerijalnog-kulturnog-nasleda-srbije\/naivno-slikarstvo-slovaka\/","title":{"rendered":"Naivno slikarstvo Slovaka"},"content":{"rendered":"<h2>U\u0161u\u0161kana u zagrljaju vojvo\u0111anskih ravnica, u \u010dudesnoj atmosferi seoskih predela nalazi se Kova\u010dica, malo mesto poznato po velikom broju umetnika koji ovde \u017eive, rade i stvaraju.<\/h2>\n<p>Prirodne lepote predela, obi\u010daji, ali i svakodnevni \u017eivot, inspirisali su mnogobrojne slikare naivne umetnosti da upravo na ovim prostorima stvaraju umetni\u010dka dela velike vrednosti i zna\u010daja.<\/p>\n<p>Inspiracija <a title=\"Naivna umetnost Kova\u010dice\" href=\"http:\/\/www.serbia.com\/srpski\/naivna-umetnost-kovacice\/\">slikarima naivne umetnosti<\/a> kako sami ka\u017eu nikada nije falila. <strong>U bujnoj prirodi, mnogobrojnim seoskim obi\u010dajima, ljudima koji su ih okru\u017eivali, i svakodnevnim aktvnostima ljudi sa sela, neprestano su nalazili motive za slikanje<\/strong>. Njihovim preno\u0161enjem na platno, \u0161amlice i tikve, davali su im \u017eivot, boje i smisao.<\/p>\n<p><strong>Jan Ba\u010dur<\/strong>, jedan od najstarijih slikara naive u Srbiji talenat je nasledio od majke, a vi\u0161e od pola veka intezivno se bavi slikarstvom. <strong>Pamti svoju prvu izlo\u017ebu koju je imao sa svega trinaest godina, a priznaje da mu je inspiracija ostala ista kao na po\u010detku karijere &#8211; zavi\u010daj, Banat i Vojvodina<\/strong>. Danas Ba\u010dur <strong>iza sebe ima preko 2500 slika<\/strong>, a njegov opus se svakodnevno uve\u0107ava nekim novim umetni\u010dkim delom.<\/p>\n<p><iframe loading=\"lazy\" title=\"Tragovima nematerijalnog kulturnog nasle\u0111a Srbije - Naivno slikarstvo Slovaka\" width=\"640\" height=\"360\" src=\"https:\/\/www.youtube.com\/embed\/lMGes0Lchxo?feature=oembed\" frameborder=\"0\" allow=\"accelerometer; autoplay; clipboard-write; encrypted-media; gyroscope; picture-in-picture; web-share\" referrerpolicy=\"strict-origin-when-cross-origin\" allowfullscreen><\/iframe><\/p>\n<p>Nalik na Jana Ba\u010dura, i mlada slikarka <strong>Vieroslava Svetlikova<\/strong> talenat je nasledila od majke. Kada zavr\u0161i sa obavezama koje u ku\u0107i ima kao \u017eena i majka troje dece, ova umetnica po\u010dinje da slika. Omiljeni motiv koji se nalazi na gotovo svakoj Vieroslavinoj slici su p\u010dele, a pored njih obo\u017eava da slika cve\u0107e. Umetnost i slikanje joj predstavljaju terapiju za odmor i opu\u0161tanje na kraju dana, kroz koji izra\u017eava svoje misli, ose\u0107anja i \u017eelje.<\/p>\n<p>Umetni\u010dka dela nekih od najpoznatijih slikara naivne umetnosti poput <strong>Vladimira Bobo\u0161a<\/strong> koji je prvi u <a href=\"http:\/\/www.serbia.com\/srpski\/naivna-umetnost-kovacice\/\">Kova\u010dici<\/a> po\u010deo da slika, preko <strong>Martina Jona\u0161a<\/strong>, <strong>Jana Sokola<\/strong>, i <strong>Zuzane Halupove<\/strong> nalaze se u <strong>galeriji &#8220;Babka&#8221;<\/strong> u Kova\u010dici. Preporu\u010dujemo vam da posetite ovo mirno vojvo\u0111ansko selo i u\u017eivate u bogatom stvarala\u0161tvu koje su slikari naive ostavili iza sebe.<\/p>\n","protected":false},"excerpt":{"rendered":"<p>U\u0161u\u0161kana u zagrljaju vojvo\u0111anskih ravnica, u \u010dudesnoj atmosferi seoskih predela nalazi se Kova\u010dica, malo mesto poznato po velikom broju umetnika koji ovde \u017eive, rade i stvaraju. Prirodne lepote predela, obi\u010daji, [&hellip;]<\/p>\n","protected":false},"author":27,"featured_media":29337,"parent":33999,"menu_order":0,"comment_status":"closed","ping_status":"closed","template":"","meta":{"_acf_changed":false,"inline_featured_image":false,"_monsterinsights_skip_tracking":false,"_monsterinsights_sitenote_active":false,"_monsterinsights_sitenote_note":"","_monsterinsights_sitenote_category":0,"footnotes":""},"categories":[973],"tags":[],"class_list":["post-35087","page","type-page","status-publish","has-post-thumbnail","hentry","category-etno-nasledje"],"acf":[],"yoast_head":"<!-- This site is optimized with the Yoast SEO plugin v27.4 - https:\/\/yoast.com\/product\/yoast-seo-wordpress\/ -->\n<title>Naivno slikarstvo Slovaka - Serbia.com<\/title>\n<meta name=\"robots\" content=\"index, follow, max-snippet:-1, max-image-preview:large, max-video-preview:-1\" \/>\n<link rel=\"canonical\" href=\"https:\/\/serbia.com\/srpski\/o-srbiji\/kultura\/nematerijalno-kulturno-nasledje-srbije\/tragovima-nematerijalnog-kulturnog-nasleda-srbije\/naivno-slikarstvo-slovaka\/\" \/>\n<meta property=\"og:locale\" content=\"en_US\" \/>\n<meta property=\"og:type\" content=\"article\" \/>\n<meta property=\"og:title\" content=\"Naivno slikarstvo Slovaka - Serbia.com\" \/>\n<meta property=\"og:description\" content=\"U\u0161u\u0161kana u zagrljaju vojvo\u0111anskih ravnica, u \u010dudesnoj atmosferi seoskih predela nalazi se Kova\u010dica, malo mesto poznato po velikom broju umetnika koji ovde \u017eive, rade i stvaraju. Prirodne lepote predela, obi\u010daji, [&hellip;]\" \/>\n<meta property=\"og:url\" content=\"https:\/\/serbia.com\/srpski\/o-srbiji\/kultura\/nematerijalno-kulturno-nasledje-srbije\/tragovima-nematerijalnog-kulturnog-nasleda-srbije\/naivno-slikarstvo-slovaka\/\" \/>\n<meta property=\"og:site_name\" content=\"Serbia.com\" \/>\n<meta property=\"article:modified_time\" content=\"2024-06-05T11:34:16+00:00\" \/>\n<meta property=\"og:image\" content=\"https:\/\/serbia.com\/wp-content\/uploads\/2015\/01\/2011-04-18-13.52.58-e1458991749679.jpg\" \/>\n\t<meta property=\"og:image:width\" content=\"800\" \/>\n\t<meta property=\"og:image:height\" content=\"643\" \/>\n\t<meta property=\"og:image:type\" content=\"image\/jpeg\" \/>\n<meta name=\"twitter:label1\" content=\"Est. reading time\" \/>\n\t<meta name=\"twitter:data1\" content=\"2 minutes\" \/>\n<script type=\"application\/ld+json\" class=\"yoast-schema-graph\">{\"@context\":\"https:\\\/\\\/schema.org\",\"@graph\":[{\"@type\":\"WebPage\",\"@id\":\"https:\\\/\\\/serbia.com\\\/srpski\\\/o-srbiji\\\/kultura\\\/nematerijalno-kulturno-nasledje-srbije\\\/tragovima-nematerijalnog-kulturnog-nasleda-srbije\\\/naivno-slikarstvo-slovaka\\\/\",\"url\":\"https:\\\/\\\/serbia.com\\\/srpski\\\/o-srbiji\\\/kultura\\\/nematerijalno-kulturno-nasledje-srbije\\\/tragovima-nematerijalnog-kulturnog-nasleda-srbije\\\/naivno-slikarstvo-slovaka\\\/\",\"name\":\"Naivno slikarstvo Slovaka - Serbia.com\",\"isPartOf\":{\"@id\":\"https:\\\/\\\/serbia.com\\\/#website\"},\"primaryImageOfPage\":{\"@id\":\"https:\\\/\\\/serbia.com\\\/srpski\\\/o-srbiji\\\/kultura\\\/nematerijalno-kulturno-nasledje-srbije\\\/tragovima-nematerijalnog-kulturnog-nasleda-srbije\\\/naivno-slikarstvo-slovaka\\\/#primaryimage\"},\"image\":{\"@id\":\"https:\\\/\\\/serbia.com\\\/srpski\\\/o-srbiji\\\/kultura\\\/nematerijalno-kulturno-nasledje-srbije\\\/tragovima-nematerijalnog-kulturnog-nasleda-srbije\\\/naivno-slikarstvo-slovaka\\\/#primaryimage\"},\"thumbnailUrl\":\"https:\\\/\\\/serbia.com\\\/wp-content\\\/uploads\\\/2015\\\/01\\\/2011-04-18-13.52.58-e1458991749679.jpg\",\"datePublished\":\"2015-07-13T11:03:34+00:00\",\"dateModified\":\"2024-06-05T11:34:16+00:00\",\"breadcrumb\":{\"@id\":\"https:\\\/\\\/serbia.com\\\/srpski\\\/o-srbiji\\\/kultura\\\/nematerijalno-kulturno-nasledje-srbije\\\/tragovima-nematerijalnog-kulturnog-nasleda-srbije\\\/naivno-slikarstvo-slovaka\\\/#breadcrumb\"},\"inLanguage\":\"srpski\",\"potentialAction\":[{\"@type\":\"ReadAction\",\"target\":[\"https:\\\/\\\/serbia.com\\\/srpski\\\/o-srbiji\\\/kultura\\\/nematerijalno-kulturno-nasledje-srbije\\\/tragovima-nematerijalnog-kulturnog-nasleda-srbije\\\/naivno-slikarstvo-slovaka\\\/\"]}]},{\"@type\":\"ImageObject\",\"inLanguage\":\"srpski\",\"@id\":\"https:\\\/\\\/serbia.com\\\/srpski\\\/o-srbiji\\\/kultura\\\/nematerijalno-kulturno-nasledje-srbije\\\/tragovima-nematerijalnog-kulturnog-nasleda-srbije\\\/naivno-slikarstvo-slovaka\\\/#primaryimage\",\"url\":\"https:\\\/\\\/serbia.com\\\/wp-content\\\/uploads\\\/2015\\\/01\\\/2011-04-18-13.52.58-e1458991749679.jpg\",\"contentUrl\":\"https:\\\/\\\/serbia.com\\\/wp-content\\\/uploads\\\/2015\\\/01\\\/2011-04-18-13.52.58-e1458991749679.jpg\",\"width\":800,\"height\":643,\"caption\":\"Vieroslava Svetlikova\"},{\"@type\":\"BreadcrumbList\",\"@id\":\"https:\\\/\\\/serbia.com\\\/srpski\\\/o-srbiji\\\/kultura\\\/nematerijalno-kulturno-nasledje-srbije\\\/tragovima-nematerijalnog-kulturnog-nasleda-srbije\\\/naivno-slikarstvo-slovaka\\\/#breadcrumb\",\"itemListElement\":[{\"@type\":\"ListItem\",\"position\":1,\"name\":\"Home\",\"item\":\"https:\\\/\\\/serbia.com\\\/srpski\\\/srbija\\\/\"},{\"@type\":\"ListItem\",\"position\":2,\"name\":\"O Srbiji\",\"item\":\"https:\\\/\\\/serbia.com\\\/srpski\\\/o-srbiji\\\/\"},{\"@type\":\"ListItem\",\"position\":3,\"name\":\"Kultura\",\"item\":\"https:\\\/\\\/serbia.com\\\/srpski\\\/o-srbiji\\\/kultura\\\/\"},{\"@type\":\"ListItem\",\"position\":4,\"name\":\"Nematerijalno kulturno nasle\u0111e Srbije\",\"item\":\"https:\\\/\\\/serbia.com\\\/srpski\\\/o-srbiji\\\/kultura\\\/nematerijalno-kulturno-nasledje-srbije\\\/\"},{\"@type\":\"ListItem\",\"position\":5,\"name\":\"Tragovima nematerijalnog kulturnog nasle\u0111a Srbije\",\"item\":\"https:\\\/\\\/serbia.com\\\/srpski\\\/o-srbiji\\\/kultura\\\/nematerijalno-kulturno-nasledje-srbije\\\/tragovima-nematerijalnog-kulturnog-nasleda-srbije\\\/\"},{\"@type\":\"ListItem\",\"position\":6,\"name\":\"Naivno slikarstvo Slovaka\"}]},{\"@type\":\"WebSite\",\"@id\":\"https:\\\/\\\/serbia.com\\\/#website\",\"url\":\"https:\\\/\\\/serbia.com\\\/\",\"name\":\"Serbia.com\",\"description\":\"Your Gateway to Serbia\",\"potentialAction\":[{\"@type\":\"SearchAction\",\"target\":{\"@type\":\"EntryPoint\",\"urlTemplate\":\"https:\\\/\\\/serbia.com\\\/?s={search_term_string}\"},\"query-input\":{\"@type\":\"PropertyValueSpecification\",\"valueRequired\":true,\"valueName\":\"search_term_string\"}}],\"inLanguage\":\"srpski\"}]}<\/script>\n<!-- \/ Yoast SEO plugin. -->","yoast_head_json":{"title":"Naivno slikarstvo Slovaka - Serbia.com","robots":{"index":"index","follow":"follow","max-snippet":"max-snippet:-1","max-image-preview":"max-image-preview:large","max-video-preview":"max-video-preview:-1"},"canonical":"https:\/\/serbia.com\/srpski\/o-srbiji\/kultura\/nematerijalno-kulturno-nasledje-srbije\/tragovima-nematerijalnog-kulturnog-nasleda-srbije\/naivno-slikarstvo-slovaka\/","og_locale":"en_US","og_type":"article","og_title":"Naivno slikarstvo Slovaka - Serbia.com","og_description":"U\u0161u\u0161kana u zagrljaju vojvo\u0111anskih ravnica, u \u010dudesnoj atmosferi seoskih predela nalazi se Kova\u010dica, malo mesto poznato po velikom broju umetnika koji ovde \u017eive, rade i stvaraju. Prirodne lepote predela, obi\u010daji, [&hellip;]","og_url":"https:\/\/serbia.com\/srpski\/o-srbiji\/kultura\/nematerijalno-kulturno-nasledje-srbije\/tragovima-nematerijalnog-kulturnog-nasleda-srbije\/naivno-slikarstvo-slovaka\/","og_site_name":"Serbia.com","article_modified_time":"2024-06-05T11:34:16+00:00","og_image":[{"width":800,"height":643,"url":"https:\/\/serbia.com\/wp-content\/uploads\/2015\/01\/2011-04-18-13.52.58-e1458991749679.jpg","type":"image\/jpeg"}],"twitter_misc":{"Est. reading time":"2 minutes"},"schema":{"@context":"https:\/\/schema.org","@graph":[{"@type":"WebPage","@id":"https:\/\/serbia.com\/srpski\/o-srbiji\/kultura\/nematerijalno-kulturno-nasledje-srbije\/tragovima-nematerijalnog-kulturnog-nasleda-srbije\/naivno-slikarstvo-slovaka\/","url":"https:\/\/serbia.com\/srpski\/o-srbiji\/kultura\/nematerijalno-kulturno-nasledje-srbije\/tragovima-nematerijalnog-kulturnog-nasleda-srbije\/naivno-slikarstvo-slovaka\/","name":"Naivno slikarstvo Slovaka - Serbia.com","isPartOf":{"@id":"https:\/\/serbia.com\/#website"},"primaryImageOfPage":{"@id":"https:\/\/serbia.com\/srpski\/o-srbiji\/kultura\/nematerijalno-kulturno-nasledje-srbije\/tragovima-nematerijalnog-kulturnog-nasleda-srbije\/naivno-slikarstvo-slovaka\/#primaryimage"},"image":{"@id":"https:\/\/serbia.com\/srpski\/o-srbiji\/kultura\/nematerijalno-kulturno-nasledje-srbije\/tragovima-nematerijalnog-kulturnog-nasleda-srbije\/naivno-slikarstvo-slovaka\/#primaryimage"},"thumbnailUrl":"https:\/\/serbia.com\/wp-content\/uploads\/2015\/01\/2011-04-18-13.52.58-e1458991749679.jpg","datePublished":"2015-07-13T11:03:34+00:00","dateModified":"2024-06-05T11:34:16+00:00","breadcrumb":{"@id":"https:\/\/serbia.com\/srpski\/o-srbiji\/kultura\/nematerijalno-kulturno-nasledje-srbije\/tragovima-nematerijalnog-kulturnog-nasleda-srbije\/naivno-slikarstvo-slovaka\/#breadcrumb"},"inLanguage":"srpski","potentialAction":[{"@type":"ReadAction","target":["https:\/\/serbia.com\/srpski\/o-srbiji\/kultura\/nematerijalno-kulturno-nasledje-srbije\/tragovima-nematerijalnog-kulturnog-nasleda-srbije\/naivno-slikarstvo-slovaka\/"]}]},{"@type":"ImageObject","inLanguage":"srpski","@id":"https:\/\/serbia.com\/srpski\/o-srbiji\/kultura\/nematerijalno-kulturno-nasledje-srbije\/tragovima-nematerijalnog-kulturnog-nasleda-srbije\/naivno-slikarstvo-slovaka\/#primaryimage","url":"https:\/\/serbia.com\/wp-content\/uploads\/2015\/01\/2011-04-18-13.52.58-e1458991749679.jpg","contentUrl":"https:\/\/serbia.com\/wp-content\/uploads\/2015\/01\/2011-04-18-13.52.58-e1458991749679.jpg","width":800,"height":643,"caption":"Vieroslava Svetlikova"},{"@type":"BreadcrumbList","@id":"https:\/\/serbia.com\/srpski\/o-srbiji\/kultura\/nematerijalno-kulturno-nasledje-srbije\/tragovima-nematerijalnog-kulturnog-nasleda-srbije\/naivno-slikarstvo-slovaka\/#breadcrumb","itemListElement":[{"@type":"ListItem","position":1,"name":"Home","item":"https:\/\/serbia.com\/srpski\/srbija\/"},{"@type":"ListItem","position":2,"name":"O Srbiji","item":"https:\/\/serbia.com\/srpski\/o-srbiji\/"},{"@type":"ListItem","position":3,"name":"Kultura","item":"https:\/\/serbia.com\/srpski\/o-srbiji\/kultura\/"},{"@type":"ListItem","position":4,"name":"Nematerijalno kulturno nasle\u0111e Srbije","item":"https:\/\/serbia.com\/srpski\/o-srbiji\/kultura\/nematerijalno-kulturno-nasledje-srbije\/"},{"@type":"ListItem","position":5,"name":"Tragovima nematerijalnog kulturnog nasle\u0111a Srbije","item":"https:\/\/serbia.com\/srpski\/o-srbiji\/kultura\/nematerijalno-kulturno-nasledje-srbije\/tragovima-nematerijalnog-kulturnog-nasleda-srbije\/"},{"@type":"ListItem","position":6,"name":"Naivno slikarstvo Slovaka"}]},{"@type":"WebSite","@id":"https:\/\/serbia.com\/#website","url":"https:\/\/serbia.com\/","name":"Serbia.com","description":"Your Gateway to Serbia","potentialAction":[{"@type":"SearchAction","target":{"@type":"EntryPoint","urlTemplate":"https:\/\/serbia.com\/?s={search_term_string}"},"query-input":{"@type":"PropertyValueSpecification","valueRequired":true,"valueName":"search_term_string"}}],"inLanguage":"srpski"}]}},"brizy_media":[],"_links":{"self":[{"href":"https:\/\/serbia.com\/srpski\/wp-json\/wp\/v2\/pages\/35087","targetHints":{"allow":["GET"]}}],"collection":[{"href":"https:\/\/serbia.com\/srpski\/wp-json\/wp\/v2\/pages"}],"about":[{"href":"https:\/\/serbia.com\/srpski\/wp-json\/wp\/v2\/types\/page"}],"author":[{"embeddable":true,"href":"https:\/\/serbia.com\/srpski\/wp-json\/wp\/v2\/users\/27"}],"replies":[{"embeddable":true,"href":"https:\/\/serbia.com\/srpski\/wp-json\/wp\/v2\/comments?post=35087"}],"version-history":[{"count":2,"href":"https:\/\/serbia.com\/srpski\/wp-json\/wp\/v2\/pages\/35087\/revisions"}],"predecessor-version":[{"id":53290,"href":"https:\/\/serbia.com\/srpski\/wp-json\/wp\/v2\/pages\/35087\/revisions\/53290"}],"up":[{"embeddable":true,"href":"https:\/\/serbia.com\/srpski\/wp-json\/wp\/v2\/pages\/33999"}],"wp:featuredmedia":[{"embeddable":true,"href":"https:\/\/serbia.com\/srpski\/wp-json\/wp\/v2\/media\/29337"}],"wp:attachment":[{"href":"https:\/\/serbia.com\/srpski\/wp-json\/wp\/v2\/media?parent=35087"}],"wp:term":[{"taxonomy":"category","embeddable":true,"href":"https:\/\/serbia.com\/srpski\/wp-json\/wp\/v2\/categories?post=35087"},{"taxonomy":"post_tag","embeddable":true,"href":"https:\/\/serbia.com\/srpski\/wp-json\/wp\/v2\/tags?post=35087"}],"curies":[{"name":"wp","href":"https:\/\/api.w.org\/{rel}","templated":true}]}}