{"id":35026,"date":"2015-07-09T16:13:40","date_gmt":"2015-07-09T14:13:40","guid":{"rendered":"http:\/\/www.serbia.com\/?page_id=35026"},"modified":"2024-10-03T09:45:21","modified_gmt":"2024-10-03T07:45:21","slug":"odlucujuci-prodor","status":"publish","type":"page","link":"https:\/\/serbia.com\/srpski\/o-srbiji\/istorija\/srbija-u-prvom-svetskom-ratu\/odlucujuci-prodor\/","title":{"rendered":"Odlu\u010duju\u0107i prodor"},"content":{"rendered":"<h4>U nezadr\u017eivom proboju koji je prakti\u010dno odlu\u010dio Prvi svetski rat, srpska pe\u0161adija je za 45 dana pre\u0161la 600 kilometara. Francuski general Fran\u0161e d\u2019Epere zapisao je da ju je i francuska konjica &#8220;jedva sustizala&#8221;.<\/h4>\n<p>U jesen 1918. godine, otpo\u010deo je proboj <strong>Solunskog fronta<\/strong>. Malo ko od savezni\u010dkih sila u I svetskom ratu je tada mogao i da pretpostavi da \u0107e ovo sporedno rati\u0161te uskoro dobiti takav zna\u010daj, a da \u0107e oko 62 000 vojnika dr\u017eave za koju mnogi vi\u0161e nisu ni verovali da postoji, odlu\u010diti o ishodu pobede koja je prakti\u010dno okon\u010dala <strong>Prvi svetski rat<\/strong>.<\/p>\n<p style=\"text-align: justify;\">U istoriji ratovanja, <strong>nikada se ni pre ni posle nije dogodilo da se jedna cela dr\u017eava &#8211; sa kraljem, vladom, ministrima, vojskom i dobrim delom stanovni\u0161tva, povu\u010de sa svoje teritorije i naseli na drugoj. Ipak, Prvi svetski rat je primorao Srbiju da u\u010dini upravo to. Sa svih strana pritisnuta neprijateljima, Srbija se preko Albanije povukla do Gr\u010dke, odakle su pre\u017eivele vojnike i civile savezni\u010dki brodovi najve\u0107im delom prevezli na ostrvo Krf.<\/strong><\/p>\n<p style=\"text-align: justify;\"><strong>U aprilu 1916. oporavljena vojska prevezena je u Solun gde su se ve\u0107 nalazile savezni\u010dke pre svega, francuske i britanske trupe.<\/strong> Odatle su Srbi upu\u0107ivani na front koji je, me\u0111utim, ostao prili\u010dno stabilan i sporedan u odnosu na frontove na zapadu; tj. sve do 14. septembra 1918. godine i velike ofanzive.<\/p>\n<p style=\"text-align: justify;\">Mnogi istori\u010dari koji su istra\u017eivali Prvi svetski rat zabele\u017eili su silnu \u017eelju Srba da se \u0161to pre vrate u svoju domovinu.\u00a0Srbija je sanjana i o njoj su se pevale pesme koje su nau\u010dili i ostali savezni\u010dki vojnici.<\/p>\n<p style=\"text-align: justify;\"><strong>Kada je proboj kona\u010dno po\u010deo, srpsku vojsku vi\u0161e niko nije mogao da zaustavi!\u00a0U francuskim vojnim izve\u0161tajima ostalo je zapisano da srpski odredi mar\u0161iraju i po 17 sati dnevno, da ih te\u0161ko susti\u017ee i konjica i da bugarski vojnici pred njima be\u017ee i bacaju oru\u017eje.<\/strong><\/p>\n<p style=\"text-align: justify;\">Vrhovni komandant savezni\u010dkih snaga na Solunskom frontu, francuski general Fran\u0161e d&#8217;Epere naredio je juri\u0161. Posle nedelju dana, trupe su pre\u0161le Vardar \u010dime je Solunski front probijen.<\/p>\n<p style=\"text-align: justify;\"><strong>Bugarska je kapitulirala 29. septembra.<\/strong> Ovo je bila ogromna pobeda za saveznike \u2013 iz rata je izba\u010dena vojska od 700 000 vojnika, a nema\u010dka komanda je naredila op\u0161te povla\u010denje. Juri\u0161aju\u0107i ispred ostatka vojske, <strong>srpske jedinice sa oko 62 000 ratnika tada su, prema re\u010dima nema\u010dkog cara Viljema II &#8220;odlu\u010dile rat&#8221;.<\/strong><\/p>\n<p style=\"text-align: justify;\">Na kraju, cifre su bile gotovo nestvarne \u2013 <strong>srpska vojska je za 45 dana pre\u0161la oko 600 kilometara potiskuju\u0107i neprijatelja i osloba\u0111aju\u0107i Srbiju.<\/strong>\u00a0Beograd je 1. novembra ponovo bio slobodan. Francuski odredi su 10. novembra pre\u0161li <a title=\"Dunav, mesto spajanja i razdvajanja\" href=\"http:\/\/serbia.com\/srpski\/dunav-mesto-spajanja-i-razdvajanja-2\/\">Dunav<\/a> i krenuli u osvajanje Ma\u0111arske. Prvi svetski rat je kona\u010dno zavr\u0161en.<\/p>\n<p style=\"text-align: justify;\">Posle kraha Solunskog fronta i gubitaka na ostalim boji\u0161tima, <strong>Nema\u010dka je zatra\u017eila primirje.<\/strong> Borbe u Prvom svetskom ratu okon\u010dane su 11. Novembra 1918. Godine. Negde tih dana &#8220;Man\u010dester gardijan&#8221; je napisao: &#8220;Ma koliko bila velika uloga Francuza u pobedi, danas ceo svet misli na Srbiju&#8221;.<\/p>\n<p style=\"text-align: justify;\"><strong>Prvi svetski rat Srbiji je doneo stravi\u010dne gubitke. \u017divote je izgubilo 26% ukupnog stanovni\u0161tva na\u0161e zemlje, \u010dime se Srbija na\u0161la na prvom mestu po broju \u017ertava, daleko ispred svih ostalih zara\u0107enih strana.<\/strong><\/p>\n<p style=\"text-align: justify;\">O slavnom proboju Solunskog fronta, <strong>general d&#8217;Epere<\/strong> je zapisao: &#8220;To su seljaci skoro svi, to su Srbi, tvrdi na muci, trezveni, skromni, to su ljudi slobodni, nesalomivi, gordi na sebe i gospodari svojih njiva. Ali, do\u0161ao je rat. I eto kako su se za slobodu zemlje ti seljaci bez napora pretvorili u vojnike, najhrabrije, najistrajnije, najbolje od svih. To su te sjajne trupe, zbog kojih sam gord \u0161to sam ih ja vodio, rame uz rame sa vojnicima Francuske, u pobedonosnu slobodu njihove otad\u017ebine&#8230;&#8221;<\/p>\n","protected":false},"excerpt":{"rendered":"<p>U nezadr\u017eivom proboju koji je prakti\u010dno odlu\u010dio Prvi svetski rat, srpska pe\u0161adija je za 45 dana pre\u0161la 600 kilometara. Francuski general Fran\u0161e d\u2019Epere zapisao je da ju je i francuska [&hellip;]<\/p>\n","protected":false},"author":27,"featured_media":35024,"parent":34850,"menu_order":0,"comment_status":"closed","ping_status":"closed","template":"","meta":{"_acf_changed":false,"inline_featured_image":false,"_monsterinsights_skip_tracking":false,"_monsterinsights_sitenote_active":false,"_monsterinsights_sitenote_note":"","_monsterinsights_sitenote_category":0,"footnotes":""},"categories":[1639],"tags":[],"class_list":["post-35026","page","type-page","status-publish","has-post-thumbnail","hentry","category-istorija-kultura-otkrijte-srbiju"],"acf":[],"yoast_head":"<!-- This site is optimized with the Yoast SEO plugin v27.4 - https:\/\/yoast.com\/product\/yoast-seo-wordpress\/ -->\n<title>Odlu\u010duju\u0107i prodor - Serbia.com<\/title>\n<meta name=\"robots\" content=\"index, follow, max-snippet:-1, max-image-preview:large, max-video-preview:-1\" \/>\n<link rel=\"canonical\" href=\"https:\/\/serbia.com\/srpski\/o-srbiji\/istorija\/srbija-u-prvom-svetskom-ratu\/odlucujuci-prodor\/\" \/>\n<meta property=\"og:locale\" content=\"en_US\" \/>\n<meta property=\"og:type\" content=\"article\" \/>\n<meta property=\"og:title\" content=\"Odlu\u010duju\u0107i prodor - Serbia.com\" \/>\n<meta property=\"og:description\" content=\"U nezadr\u017eivom proboju koji je prakti\u010dno odlu\u010dio Prvi svetski rat, srpska pe\u0161adija je za 45 dana pre\u0161la 600 kilometara. Francuski general Fran\u0161e d\u2019Epere zapisao je da ju je i francuska [&hellip;]\" \/>\n<meta property=\"og:url\" content=\"https:\/\/serbia.com\/srpski\/o-srbiji\/istorija\/srbija-u-prvom-svetskom-ratu\/odlucujuci-prodor\/\" \/>\n<meta property=\"og:site_name\" content=\"Serbia.com\" \/>\n<meta property=\"article:modified_time\" content=\"2024-10-03T07:45:21+00:00\" \/>\n<meta property=\"og:image\" content=\"https:\/\/serbia.com\/wp-content\/uploads\/2015\/07\/prvi-svetski-rat-111111.jpg\" \/>\n\t<meta property=\"og:image:width\" content=\"1800\" \/>\n\t<meta property=\"og:image:height\" content=\"743\" \/>\n\t<meta property=\"og:image:type\" content=\"image\/jpeg\" \/>\n<meta name=\"twitter:label1\" content=\"Est. reading time\" \/>\n\t<meta name=\"twitter:data1\" content=\"3 minutes\" \/>\n<script type=\"application\/ld+json\" class=\"yoast-schema-graph\">{\"@context\":\"https:\\\/\\\/schema.org\",\"@graph\":[{\"@type\":\"WebPage\",\"@id\":\"https:\\\/\\\/serbia.com\\\/srpski\\\/o-srbiji\\\/istorija\\\/srbija-u-prvom-svetskom-ratu\\\/odlucujuci-prodor\\\/\",\"url\":\"https:\\\/\\\/serbia.com\\\/srpski\\\/o-srbiji\\\/istorija\\\/srbija-u-prvom-svetskom-ratu\\\/odlucujuci-prodor\\\/\",\"name\":\"Odlu\u010duju\u0107i prodor - Serbia.com\",\"isPartOf\":{\"@id\":\"https:\\\/\\\/serbia.com\\\/#website\"},\"primaryImageOfPage\":{\"@id\":\"https:\\\/\\\/serbia.com\\\/srpski\\\/o-srbiji\\\/istorija\\\/srbija-u-prvom-svetskom-ratu\\\/odlucujuci-prodor\\\/#primaryimage\"},\"image\":{\"@id\":\"https:\\\/\\\/serbia.com\\\/srpski\\\/o-srbiji\\\/istorija\\\/srbija-u-prvom-svetskom-ratu\\\/odlucujuci-prodor\\\/#primaryimage\"},\"thumbnailUrl\":\"https:\\\/\\\/serbia.com\\\/wp-content\\\/uploads\\\/2015\\\/07\\\/prvi-svetski-rat-111111.jpg\",\"datePublished\":\"2015-07-09T14:13:40+00:00\",\"dateModified\":\"2024-10-03T07:45:21+00:00\",\"breadcrumb\":{\"@id\":\"https:\\\/\\\/serbia.com\\\/srpski\\\/o-srbiji\\\/istorija\\\/srbija-u-prvom-svetskom-ratu\\\/odlucujuci-prodor\\\/#breadcrumb\"},\"inLanguage\":\"srpski\",\"potentialAction\":[{\"@type\":\"ReadAction\",\"target\":[\"https:\\\/\\\/serbia.com\\\/srpski\\\/o-srbiji\\\/istorija\\\/srbija-u-prvom-svetskom-ratu\\\/odlucujuci-prodor\\\/\"]}]},{\"@type\":\"ImageObject\",\"inLanguage\":\"srpski\",\"@id\":\"https:\\\/\\\/serbia.com\\\/srpski\\\/o-srbiji\\\/istorija\\\/srbija-u-prvom-svetskom-ratu\\\/odlucujuci-prodor\\\/#primaryimage\",\"url\":\"https:\\\/\\\/serbia.com\\\/wp-content\\\/uploads\\\/2015\\\/07\\\/prvi-svetski-rat-111111.jpg\",\"contentUrl\":\"https:\\\/\\\/serbia.com\\\/wp-content\\\/uploads\\\/2015\\\/07\\\/prvi-svetski-rat-111111.jpg\",\"width\":1800,\"height\":743},{\"@type\":\"BreadcrumbList\",\"@id\":\"https:\\\/\\\/serbia.com\\\/srpski\\\/o-srbiji\\\/istorija\\\/srbija-u-prvom-svetskom-ratu\\\/odlucujuci-prodor\\\/#breadcrumb\",\"itemListElement\":[{\"@type\":\"ListItem\",\"position\":1,\"name\":\"Home\",\"item\":\"https:\\\/\\\/serbia.com\\\/srpski\\\/srbija\\\/\"},{\"@type\":\"ListItem\",\"position\":2,\"name\":\"O Srbiji\",\"item\":\"https:\\\/\\\/serbia.com\\\/srpski\\\/o-srbiji\\\/\"},{\"@type\":\"ListItem\",\"position\":3,\"name\":\"Istorija\",\"item\":\"https:\\\/\\\/serbia.com\\\/srpski\\\/o-srbiji\\\/istorija\\\/\"},{\"@type\":\"ListItem\",\"position\":4,\"name\":\"Srbija u Prvom svetskom ratu\",\"item\":\"https:\\\/\\\/serbia.com\\\/srpski\\\/o-srbiji\\\/istorija\\\/srbija-u-prvom-svetskom-ratu\\\/\"},{\"@type\":\"ListItem\",\"position\":5,\"name\":\"Odlu\u010duju\u0107i prodor\"}]},{\"@type\":\"WebSite\",\"@id\":\"https:\\\/\\\/serbia.com\\\/#website\",\"url\":\"https:\\\/\\\/serbia.com\\\/\",\"name\":\"Serbia.com\",\"description\":\"Your Gateway to Serbia\",\"potentialAction\":[{\"@type\":\"SearchAction\",\"target\":{\"@type\":\"EntryPoint\",\"urlTemplate\":\"https:\\\/\\\/serbia.com\\\/?s={search_term_string}\"},\"query-input\":{\"@type\":\"PropertyValueSpecification\",\"valueRequired\":true,\"valueName\":\"search_term_string\"}}],\"inLanguage\":\"srpski\"}]}<\/script>\n<!-- \/ Yoast SEO plugin. -->","yoast_head_json":{"title":"Odlu\u010duju\u0107i prodor - Serbia.com","robots":{"index":"index","follow":"follow","max-snippet":"max-snippet:-1","max-image-preview":"max-image-preview:large","max-video-preview":"max-video-preview:-1"},"canonical":"https:\/\/serbia.com\/srpski\/o-srbiji\/istorija\/srbija-u-prvom-svetskom-ratu\/odlucujuci-prodor\/","og_locale":"en_US","og_type":"article","og_title":"Odlu\u010duju\u0107i prodor - Serbia.com","og_description":"U nezadr\u017eivom proboju koji je prakti\u010dno odlu\u010dio Prvi svetski rat, srpska pe\u0161adija je za 45 dana pre\u0161la 600 kilometara. Francuski general Fran\u0161e d\u2019Epere zapisao je da ju je i francuska [&hellip;]","og_url":"https:\/\/serbia.com\/srpski\/o-srbiji\/istorija\/srbija-u-prvom-svetskom-ratu\/odlucujuci-prodor\/","og_site_name":"Serbia.com","article_modified_time":"2024-10-03T07:45:21+00:00","og_image":[{"width":1800,"height":743,"url":"https:\/\/serbia.com\/wp-content\/uploads\/2015\/07\/prvi-svetski-rat-111111.jpg","type":"image\/jpeg"}],"twitter_misc":{"Est. reading time":"3 minutes"},"schema":{"@context":"https:\/\/schema.org","@graph":[{"@type":"WebPage","@id":"https:\/\/serbia.com\/srpski\/o-srbiji\/istorija\/srbija-u-prvom-svetskom-ratu\/odlucujuci-prodor\/","url":"https:\/\/serbia.com\/srpski\/o-srbiji\/istorija\/srbija-u-prvom-svetskom-ratu\/odlucujuci-prodor\/","name":"Odlu\u010duju\u0107i prodor - Serbia.com","isPartOf":{"@id":"https:\/\/serbia.com\/#website"},"primaryImageOfPage":{"@id":"https:\/\/serbia.com\/srpski\/o-srbiji\/istorija\/srbija-u-prvom-svetskom-ratu\/odlucujuci-prodor\/#primaryimage"},"image":{"@id":"https:\/\/serbia.com\/srpski\/o-srbiji\/istorija\/srbija-u-prvom-svetskom-ratu\/odlucujuci-prodor\/#primaryimage"},"thumbnailUrl":"https:\/\/serbia.com\/wp-content\/uploads\/2015\/07\/prvi-svetski-rat-111111.jpg","datePublished":"2015-07-09T14:13:40+00:00","dateModified":"2024-10-03T07:45:21+00:00","breadcrumb":{"@id":"https:\/\/serbia.com\/srpski\/o-srbiji\/istorija\/srbija-u-prvom-svetskom-ratu\/odlucujuci-prodor\/#breadcrumb"},"inLanguage":"srpski","potentialAction":[{"@type":"ReadAction","target":["https:\/\/serbia.com\/srpski\/o-srbiji\/istorija\/srbija-u-prvom-svetskom-ratu\/odlucujuci-prodor\/"]}]},{"@type":"ImageObject","inLanguage":"srpski","@id":"https:\/\/serbia.com\/srpski\/o-srbiji\/istorija\/srbija-u-prvom-svetskom-ratu\/odlucujuci-prodor\/#primaryimage","url":"https:\/\/serbia.com\/wp-content\/uploads\/2015\/07\/prvi-svetski-rat-111111.jpg","contentUrl":"https:\/\/serbia.com\/wp-content\/uploads\/2015\/07\/prvi-svetski-rat-111111.jpg","width":1800,"height":743},{"@type":"BreadcrumbList","@id":"https:\/\/serbia.com\/srpski\/o-srbiji\/istorija\/srbija-u-prvom-svetskom-ratu\/odlucujuci-prodor\/#breadcrumb","itemListElement":[{"@type":"ListItem","position":1,"name":"Home","item":"https:\/\/serbia.com\/srpski\/srbija\/"},{"@type":"ListItem","position":2,"name":"O Srbiji","item":"https:\/\/serbia.com\/srpski\/o-srbiji\/"},{"@type":"ListItem","position":3,"name":"Istorija","item":"https:\/\/serbia.com\/srpski\/o-srbiji\/istorija\/"},{"@type":"ListItem","position":4,"name":"Srbija u Prvom svetskom ratu","item":"https:\/\/serbia.com\/srpski\/o-srbiji\/istorija\/srbija-u-prvom-svetskom-ratu\/"},{"@type":"ListItem","position":5,"name":"Odlu\u010duju\u0107i prodor"}]},{"@type":"WebSite","@id":"https:\/\/serbia.com\/#website","url":"https:\/\/serbia.com\/","name":"Serbia.com","description":"Your Gateway to Serbia","potentialAction":[{"@type":"SearchAction","target":{"@type":"EntryPoint","urlTemplate":"https:\/\/serbia.com\/?s={search_term_string}"},"query-input":{"@type":"PropertyValueSpecification","valueRequired":true,"valueName":"search_term_string"}}],"inLanguage":"srpski"}]}},"brizy_media":[],"_links":{"self":[{"href":"https:\/\/serbia.com\/srpski\/wp-json\/wp\/v2\/pages\/35026","targetHints":{"allow":["GET"]}}],"collection":[{"href":"https:\/\/serbia.com\/srpski\/wp-json\/wp\/v2\/pages"}],"about":[{"href":"https:\/\/serbia.com\/srpski\/wp-json\/wp\/v2\/types\/page"}],"author":[{"embeddable":true,"href":"https:\/\/serbia.com\/srpski\/wp-json\/wp\/v2\/users\/27"}],"replies":[{"embeddable":true,"href":"https:\/\/serbia.com\/srpski\/wp-json\/wp\/v2\/comments?post=35026"}],"version-history":[{"count":1,"href":"https:\/\/serbia.com\/srpski\/wp-json\/wp\/v2\/pages\/35026\/revisions"}],"predecessor-version":[{"id":55282,"href":"https:\/\/serbia.com\/srpski\/wp-json\/wp\/v2\/pages\/35026\/revisions\/55282"}],"up":[{"embeddable":true,"href":"https:\/\/serbia.com\/srpski\/wp-json\/wp\/v2\/pages\/34850"}],"wp:featuredmedia":[{"embeddable":true,"href":"https:\/\/serbia.com\/srpski\/wp-json\/wp\/v2\/media\/35024"}],"wp:attachment":[{"href":"https:\/\/serbia.com\/srpski\/wp-json\/wp\/v2\/media?parent=35026"}],"wp:term":[{"taxonomy":"category","embeddable":true,"href":"https:\/\/serbia.com\/srpski\/wp-json\/wp\/v2\/categories?post=35026"},{"taxonomy":"post_tag","embeddable":true,"href":"https:\/\/serbia.com\/srpski\/wp-json\/wp\/v2\/tags?post=35026"}],"curies":[{"name":"wp","href":"https:\/\/api.w.org\/{rel}","templated":true}]}}