{"id":35016,"date":"2015-07-09T15:50:49","date_gmt":"2015-07-09T13:50:49","guid":{"rendered":"http:\/\/www.serbia.com\/?page_id=35016"},"modified":"2024-10-03T09:11:47","modified_gmt":"2024-10-03T07:11:47","slug":"slavka-mihajlovic","status":"publish","type":"page","link":"https:\/\/serbia.com\/srpski\/o-srbiji\/istorija\/srbija-u-prvom-svetskom-ratu\/slavka-mihajlovic\/","title":{"rendered":"Slavka Mihajlovi\u0107"},"content":{"rendered":"<h4>Dnevnik doktorke Slavke Mihajovi\u0107 predstavlja jedinstveni dokument iz perioda Velikog rata. Kroz ove spise, mlada doktorka na najneposredniji na\u010din predstavlja \u017eivot i rad lekara i bolni\u010dkog osoblja, kao i te\u0161ko\u0107e sa kojima su se susretali tokom rata poku\u0161avaju\u0107i da uz nedostatak sredstava i osoblja pomognu velikom broju bolesnih i ranjenih.<\/h4>\n<p>Nakon \u0161to se proslavila u balkanskim ratovima, srpska ratna hirurgija je <strong>Veliki rat<\/strong> do\u010dekala veoma oslabljena, sa nerazvijenim civilnim i vojnim sanitetom, oskudevaju\u0107i u lekarima, materijalu i vremenu. Nedovoljan broj obu\u010denih lekara i hirurga, kao i promena u vojnoj taktici uticala je na izra\u017eeno lo\u0161e stanje u beogradskim bolnicama, koje su u vrlo kratkom vremenu morale da zbrinu veliki broj ranjenika. Dodatna pote\u0161ko\u0107a bila je ta \u0161to je zbog lo\u0161ih sanitetskih uslova ve\u0107 na po\u010detku Prvog svetskog rata u Srbiji do\u0161lo do \u0161irenja masovnih epidemija od kojih je najvi\u0161e \u017eivota odnela epidemija pegavog tifusa.<\/p>\n<p>Odmah nakon objave rata, mnogi lekari, poput <strong>dr Milana Radovanovi\u0107a, <a href=\"http:\/\/www.serbia.com\/srpski\/o-srbiji\/istorija\/srbija-u-prvom-svetskom-ratu\/doktor-vojislav-subotic\/\">dr Vojislava Suboti\u0107a<\/a>, dr Leona Koena, dr Nikole Krsti\u0107a, dr Aleksandra \u0106iri\u0107a<\/strong> i drugih, morali su da se jave komandama kako bi bili raspore\u0111eni na nova zadu\u017eenja. Kao jedini lekar na svim odeljenjima Op\u0161te dr\u017eavne bolnice na Vra\u010daru ostala je <strong>dr Slavka Mihajlovi\u0107<\/strong>, jer po \u017denevskoj konvenciji \u017eene lekari nisu potpadale pod vojnu obavezu. Za vreme rata doktorka Mihajlovi\u0107 je vodila dnevnik u kojima zapisuje li\u010dna zapa\u017eanja kroz koja daje najverodnostojnije opise stanja u bolnici. Sa pisanjem po\u010dinje 24. jula 1914. godine, a doga\u0111aji opisani u dnevniku jednako su zanimljivi istra\u017eiva\u010dima istorije i teoreti\u010darima medicine.<\/p>\n<p>\u201e<strong>Ja, mlad lekar bez ikakvog iskustva stajala sam me\u0111u izbezumljenim bolni\u010darima i bolesnicima&#8230; Istina je da sam pro\u0161la kroz dva rata, turski i bugarski. Te\u017eak je bio ono rad za lekara po\u010detnika. Stizali su te\u0161ki ranjenici sa Jedrena, Bregalnice i Kumanova. Trebalo je previjati rane pune crva, ispod ustajalih zavoja. Pa kolera u Ni\u0161u koju je vojska prenela iz Turske. Pa masovno umiranje vojnika po barakama&#8230;<\/strong>\u201c, pisala je dr Slavka Mihajlovi\u0107 u svom dnevniku.<\/p>\n<p>Posebna vrednost dnevnika ove doktorke ogleda se u opisima svakodnevnih doga\u0111aja sa kojima su lekari i bolesnici morali da se suo\u010davaju, a koje ona prenosi prili\u010dno objektivno bez preteranog osu\u0111ivanja i \u017eudnje za osvetom. \u201e<strong>\u017denska bolnica okrenuta je prema Zemunu, pa su i kroz njene prozore doletali kur\u0161umi. Zato smo morali da smestimo bolesnice i porodilje po hodnicima zgrade, jer su oni bili unekoliko za\u0161ti\u0107eni. Re\u0161ismo da se poro\u0111aji obavljaju u kupatilu, koje smo na brzu ruku preuredili<\/strong>\u201c, pi\u0161e 20. avgusta 2014. godine doktorka Mihajlovi\u0107.<\/p>\n<p>Krajem novembra nakon \u0161to je Beograd i zvani\u010dno pao u ruke Austrougara, lekari su u tajnosti pozvani da se evakui\u0161u. Ova hrabra lekarka morala je za nepunih sat vremena da odlu\u010di da li \u0107e napustiti bolnicu ili \u0107e ostati na milost neprijatelju. \u201e<strong>I ja sam se odlu\u010dila! Pozvala sam celokupno bolni\u010dko osoblje i sa pismom dr Radovanovi\u0107a u ruci, saop\u0161tila im sadr\u017einu njegova nare\u0111enja. Rekla sam da mi je zapove\u0111eno da odmah napustim Beograd, ali sam donela odluku da ne ostavljam ranjenike i bolesnike. Ostali neka \u010dine kako ho\u0107e&#8230; Bolesnici su sa suzama u o\u010dima hteli da mi ljube ruke. Moje re\u010di uticale su na neke od osoblja, pa su odlu\u010dili da ostanu. Drugi su u najve\u0107oj hitnji pokupili stvari i \u017eurno napustili bolnicu\u201c<\/strong>, pi\u0161e Slavka Mihajlovi\u0107.<\/p>\n<p>Tokom rata Op\u0161ta bolnica na Vra\u010daru i bila je pod za\u0161titom ameri\u010dkog Crvenog krsta, jer su Sjedinjene Dr\u017eave bile neutralna strana. Kako Slavka Mihajlovi\u0107 pi\u0161e, nakon \u0161to je Crveni Krst preuzeo bolnicu upadi u nju su bili mnogo re\u0111i. Sedmog oktobra su bolnicu posetili austrijski lekari dok je doktorka vr\u0161ila operaciju glave nad ranjenim mladi\u0107em kome je par\u010de \u0161rapnela bilo zaglavljeno izme\u0111u mo\u017edane opne i kosti lobanje. \u201e<strong>Tek po\u0161to je operacija zavr\u0161ena, primetila sam da iza na\u0161ih le\u0111a stoje \u010detiri vojna lekara. Jako su se iznenadili, skoro zaprepastili, kad smo poskidali maske s lica i kada se pred njima ukazala mlada mr\u0161ava doktorka sa tri nestru\u010dna asistenta. \u010cestitali su mi, \u010dude\u0107i se da u na\u0161oj maloj Srbiji ima \u017eena lekara i to koje operi\u0161u<\/strong>.\u201c<\/p>\n<p>Kasnije, u toku rata ova mlada, tada dvadeset\u010detvorogodi\u0161nja lekarka, hirurg, postavljena je za upravnika Rezervne vojne bolnice u Ni\u0161u. Ovom zahtevnom poslu koji je podrazumevao veliku odgovornost Slavka je pristupila sa mnogo hrabrosti.<\/p>\n<blockquote><p>Dnevnik <strong>Slavke Mihajlovi\u0107<\/strong> zapo\u010det 24. jula 1914.,a zaklju\u010den 10. novembra 1918., objavljen je 1955. godine u vidu knjige pod naslovom <strong>\u201eOblaci nad gradom\u201c<\/strong>. Interesantno je da je dr Mihajlovi\u0107 prilikom zapisivanja pojedine stranice dnevnika diktirala svojoj staramajci Jelisaveti Milankovi\u0107, koja je bila \u017eena a\u0111utanta Mihajla Obrenovi\u0107a\u201c.<\/p><\/blockquote>\n<p><a href=\"http:\/\/www.serbia.com\/wp-content\/uploads\/2014\/04\/kancelarija-za-dijasporu-logo1.jpg\"><img loading=\"lazy\" decoding=\"async\" class=\"size-full wp-image-25103 alignleft\" src=\"http:\/\/www.serbia.com\/wp-content\/uploads\/2014\/04\/kancelarija-za-dijasporu-logo1.jpg\" alt=\"kancelarija-za-dijasporu-logo1\" width=\"275\" height=\"100\" \/><\/a><em>Tekst je podr\u017ean od strane\u00a0<a href=\"http:\/\/www.dijaspora.gov.rs\/\" target=\"_blank\" rel=\"noopener\">Kancelarije za saradnju sa dijasporom i Srbima u regionu<\/a>.<\/em><\/p>\n","protected":false},"excerpt":{"rendered":"<p>Dnevnik doktorke Slavke Mihajovi\u0107 predstavlja jedinstveni dokument iz perioda Velikog rata. Kroz ove spise, mlada doktorka na najneposredniji na\u010din predstavlja \u017eivot i rad lekara i bolni\u010dkog osoblja, kao i te\u0161ko\u0107e [&hellip;]<\/p>\n","protected":false},"author":27,"featured_media":35011,"parent":34850,"menu_order":0,"comment_status":"closed","ping_status":"closed","template":"","meta":{"_acf_changed":false,"inline_featured_image":false,"_monsterinsights_skip_tracking":false,"_monsterinsights_sitenote_active":false,"_monsterinsights_sitenote_note":"","_monsterinsights_sitenote_category":0,"footnotes":""},"categories":[1639,2815],"tags":[3103,6757],"class_list":["post-35016","page","type-page","status-publish","has-post-thumbnail","hentry","category-istorija-kultura-otkrijte-srbiju","category-istorijske-licnosti","tag-slavka-mihajlovic-srpski","tag-srbija-u-i-svetskom-ratu"],"acf":[],"yoast_head":"<!-- This site is optimized with the Yoast SEO plugin v23.8 - https:\/\/yoast.com\/wordpress\/plugins\/seo\/ -->\n<title>Slavka Mihajlovi\u0107 - Serbia.com<\/title>\n<meta name=\"robots\" content=\"index, follow, max-snippet:-1, max-image-preview:large, max-video-preview:-1\" \/>\n<link rel=\"canonical\" href=\"https:\/\/serbia.com\/srpski\/o-srbiji\/istorija\/srbija-u-prvom-svetskom-ratu\/slavka-mihajlovic\/\" \/>\n<meta property=\"og:locale\" content=\"en_US\" \/>\n<meta property=\"og:type\" content=\"article\" \/>\n<meta property=\"og:title\" content=\"Slavka Mihajlovi\u0107 - Serbia.com\" \/>\n<meta property=\"og:description\" content=\"Dnevnik doktorke Slavke Mihajovi\u0107 predstavlja jedinstveni dokument iz perioda Velikog rata. Kroz ove spise, mlada doktorka na najneposredniji na\u010din predstavlja \u017eivot i rad lekara i bolni\u010dkog osoblja, kao i te\u0161ko\u0107e [&hellip;]\" \/>\n<meta property=\"og:url\" content=\"https:\/\/serbia.com\/srpski\/o-srbiji\/istorija\/srbija-u-prvom-svetskom-ratu\/slavka-mihajlovic\/\" \/>\n<meta property=\"og:site_name\" content=\"Serbia.com\" \/>\n<meta property=\"article:modified_time\" content=\"2024-10-03T07:11:47+00:00\" \/>\n<meta property=\"og:image\" content=\"https:\/\/serbia.com\/wp-content\/uploads\/2015\/07\/slavka11.jpg\" \/>\n\t<meta property=\"og:image:width\" content=\"1440\" \/>\n\t<meta property=\"og:image:height\" content=\"585\" \/>\n\t<meta property=\"og:image:type\" content=\"image\/jpeg\" \/>\n<meta name=\"twitter:label1\" content=\"Est. reading time\" \/>\n\t<meta name=\"twitter:data1\" content=\"4 minutes\" \/>\n<script type=\"application\/ld+json\" class=\"yoast-schema-graph\">{\"@context\":\"https:\/\/schema.org\",\"@graph\":[{\"@type\":\"WebPage\",\"@id\":\"https:\/\/serbia.com\/srpski\/o-srbiji\/istorija\/srbija-u-prvom-svetskom-ratu\/slavka-mihajlovic\/\",\"url\":\"https:\/\/serbia.com\/srpski\/o-srbiji\/istorija\/srbija-u-prvom-svetskom-ratu\/slavka-mihajlovic\/\",\"name\":\"Slavka Mihajlovi\u0107 - Serbia.com\",\"isPartOf\":{\"@id\":\"https:\/\/serbia.com\/#website\"},\"primaryImageOfPage\":{\"@id\":\"https:\/\/serbia.com\/srpski\/o-srbiji\/istorija\/srbija-u-prvom-svetskom-ratu\/slavka-mihajlovic\/#primaryimage\"},\"image\":{\"@id\":\"https:\/\/serbia.com\/srpski\/o-srbiji\/istorija\/srbija-u-prvom-svetskom-ratu\/slavka-mihajlovic\/#primaryimage\"},\"thumbnailUrl\":\"https:\/\/serbia.com\/wp-content\/uploads\/2015\/07\/slavka11.jpg\",\"datePublished\":\"2015-07-09T13:50:49+00:00\",\"dateModified\":\"2024-10-03T07:11:47+00:00\",\"breadcrumb\":{\"@id\":\"https:\/\/serbia.com\/srpski\/o-srbiji\/istorija\/srbija-u-prvom-svetskom-ratu\/slavka-mihajlovic\/#breadcrumb\"},\"inLanguage\":\"srpski\",\"potentialAction\":[{\"@type\":\"ReadAction\",\"target\":[\"https:\/\/serbia.com\/srpski\/o-srbiji\/istorija\/srbija-u-prvom-svetskom-ratu\/slavka-mihajlovic\/\"]}]},{\"@type\":\"ImageObject\",\"inLanguage\":\"srpski\",\"@id\":\"https:\/\/serbia.com\/srpski\/o-srbiji\/istorija\/srbija-u-prvom-svetskom-ratu\/slavka-mihajlovic\/#primaryimage\",\"url\":\"https:\/\/serbia.com\/wp-content\/uploads\/2015\/07\/slavka11.jpg\",\"contentUrl\":\"https:\/\/serbia.com\/wp-content\/uploads\/2015\/07\/slavka11.jpg\",\"width\":1440,\"height\":585},{\"@type\":\"BreadcrumbList\",\"@id\":\"https:\/\/serbia.com\/srpski\/o-srbiji\/istorija\/srbija-u-prvom-svetskom-ratu\/slavka-mihajlovic\/#breadcrumb\",\"itemListElement\":[{\"@type\":\"ListItem\",\"position\":1,\"name\":\"Home\",\"item\":\"https:\/\/serbia.com\/srpski\/\"},{\"@type\":\"ListItem\",\"position\":2,\"name\":\"O Srbiji\",\"item\":\"https:\/\/serbia.com\/srpski\/o-srbiji\/\"},{\"@type\":\"ListItem\",\"position\":3,\"name\":\"Istorija\",\"item\":\"https:\/\/serbia.com\/srpski\/o-srbiji\/istorija\/\"},{\"@type\":\"ListItem\",\"position\":4,\"name\":\"Srbija u Prvom svetskom ratu\",\"item\":\"https:\/\/serbia.com\/srpski\/o-srbiji\/istorija\/srbija-u-prvom-svetskom-ratu\/\"},{\"@type\":\"ListItem\",\"position\":5,\"name\":\"Slavka Mihajlovi\u0107\"}]},{\"@type\":\"WebSite\",\"@id\":\"https:\/\/serbia.com\/#website\",\"url\":\"https:\/\/serbia.com\/\",\"name\":\"Serbia.com\",\"description\":\"Your Gateway to Serbia\",\"potentialAction\":[{\"@type\":\"SearchAction\",\"target\":{\"@type\":\"EntryPoint\",\"urlTemplate\":\"https:\/\/serbia.com\/?s={search_term_string}\"},\"query-input\":{\"@type\":\"PropertyValueSpecification\",\"valueRequired\":true,\"valueName\":\"search_term_string\"}}],\"inLanguage\":\"srpski\"}]}<\/script>\n<!-- \/ Yoast SEO plugin. -->","yoast_head_json":{"title":"Slavka Mihajlovi\u0107 - Serbia.com","robots":{"index":"index","follow":"follow","max-snippet":"max-snippet:-1","max-image-preview":"max-image-preview:large","max-video-preview":"max-video-preview:-1"},"canonical":"https:\/\/serbia.com\/srpski\/o-srbiji\/istorija\/srbija-u-prvom-svetskom-ratu\/slavka-mihajlovic\/","og_locale":"en_US","og_type":"article","og_title":"Slavka Mihajlovi\u0107 - Serbia.com","og_description":"Dnevnik doktorke Slavke Mihajovi\u0107 predstavlja jedinstveni dokument iz perioda Velikog rata. Kroz ove spise, mlada doktorka na najneposredniji na\u010din predstavlja \u017eivot i rad lekara i bolni\u010dkog osoblja, kao i te\u0161ko\u0107e [&hellip;]","og_url":"https:\/\/serbia.com\/srpski\/o-srbiji\/istorija\/srbija-u-prvom-svetskom-ratu\/slavka-mihajlovic\/","og_site_name":"Serbia.com","article_modified_time":"2024-10-03T07:11:47+00:00","og_image":[{"width":1440,"height":585,"url":"https:\/\/serbia.com\/wp-content\/uploads\/2015\/07\/slavka11.jpg","type":"image\/jpeg"}],"twitter_misc":{"Est. reading time":"4 minutes"},"schema":{"@context":"https:\/\/schema.org","@graph":[{"@type":"WebPage","@id":"https:\/\/serbia.com\/srpski\/o-srbiji\/istorija\/srbija-u-prvom-svetskom-ratu\/slavka-mihajlovic\/","url":"https:\/\/serbia.com\/srpski\/o-srbiji\/istorija\/srbija-u-prvom-svetskom-ratu\/slavka-mihajlovic\/","name":"Slavka Mihajlovi\u0107 - Serbia.com","isPartOf":{"@id":"https:\/\/serbia.com\/#website"},"primaryImageOfPage":{"@id":"https:\/\/serbia.com\/srpski\/o-srbiji\/istorija\/srbija-u-prvom-svetskom-ratu\/slavka-mihajlovic\/#primaryimage"},"image":{"@id":"https:\/\/serbia.com\/srpski\/o-srbiji\/istorija\/srbija-u-prvom-svetskom-ratu\/slavka-mihajlovic\/#primaryimage"},"thumbnailUrl":"https:\/\/serbia.com\/wp-content\/uploads\/2015\/07\/slavka11.jpg","datePublished":"2015-07-09T13:50:49+00:00","dateModified":"2024-10-03T07:11:47+00:00","breadcrumb":{"@id":"https:\/\/serbia.com\/srpski\/o-srbiji\/istorija\/srbija-u-prvom-svetskom-ratu\/slavka-mihajlovic\/#breadcrumb"},"inLanguage":"srpski","potentialAction":[{"@type":"ReadAction","target":["https:\/\/serbia.com\/srpski\/o-srbiji\/istorija\/srbija-u-prvom-svetskom-ratu\/slavka-mihajlovic\/"]}]},{"@type":"ImageObject","inLanguage":"srpski","@id":"https:\/\/serbia.com\/srpski\/o-srbiji\/istorija\/srbija-u-prvom-svetskom-ratu\/slavka-mihajlovic\/#primaryimage","url":"https:\/\/serbia.com\/wp-content\/uploads\/2015\/07\/slavka11.jpg","contentUrl":"https:\/\/serbia.com\/wp-content\/uploads\/2015\/07\/slavka11.jpg","width":1440,"height":585},{"@type":"BreadcrumbList","@id":"https:\/\/serbia.com\/srpski\/o-srbiji\/istorija\/srbija-u-prvom-svetskom-ratu\/slavka-mihajlovic\/#breadcrumb","itemListElement":[{"@type":"ListItem","position":1,"name":"Home","item":"https:\/\/serbia.com\/srpski\/"},{"@type":"ListItem","position":2,"name":"O Srbiji","item":"https:\/\/serbia.com\/srpski\/o-srbiji\/"},{"@type":"ListItem","position":3,"name":"Istorija","item":"https:\/\/serbia.com\/srpski\/o-srbiji\/istorija\/"},{"@type":"ListItem","position":4,"name":"Srbija u Prvom svetskom ratu","item":"https:\/\/serbia.com\/srpski\/o-srbiji\/istorija\/srbija-u-prvom-svetskom-ratu\/"},{"@type":"ListItem","position":5,"name":"Slavka Mihajlovi\u0107"}]},{"@type":"WebSite","@id":"https:\/\/serbia.com\/#website","url":"https:\/\/serbia.com\/","name":"Serbia.com","description":"Your Gateway to Serbia","potentialAction":[{"@type":"SearchAction","target":{"@type":"EntryPoint","urlTemplate":"https:\/\/serbia.com\/?s={search_term_string}"},"query-input":{"@type":"PropertyValueSpecification","valueRequired":true,"valueName":"search_term_string"}}],"inLanguage":"srpski"}]}},"_links":{"self":[{"href":"https:\/\/serbia.com\/srpski\/wp-json\/wp\/v2\/pages\/35016"}],"collection":[{"href":"https:\/\/serbia.com\/srpski\/wp-json\/wp\/v2\/pages"}],"about":[{"href":"https:\/\/serbia.com\/srpski\/wp-json\/wp\/v2\/types\/page"}],"author":[{"embeddable":true,"href":"https:\/\/serbia.com\/srpski\/wp-json\/wp\/v2\/users\/27"}],"replies":[{"embeddable":true,"href":"https:\/\/serbia.com\/srpski\/wp-json\/wp\/v2\/comments?post=35016"}],"version-history":[{"count":1,"href":"https:\/\/serbia.com\/srpski\/wp-json\/wp\/v2\/pages\/35016\/revisions"}],"predecessor-version":[{"id":55241,"href":"https:\/\/serbia.com\/srpski\/wp-json\/wp\/v2\/pages\/35016\/revisions\/55241"}],"up":[{"embeddable":true,"href":"https:\/\/serbia.com\/srpski\/wp-json\/wp\/v2\/pages\/34850"}],"wp:featuredmedia":[{"embeddable":true,"href":"https:\/\/serbia.com\/srpski\/wp-json\/wp\/v2\/media\/35011"}],"wp:attachment":[{"href":"https:\/\/serbia.com\/srpski\/wp-json\/wp\/v2\/media?parent=35016"}],"wp:term":[{"taxonomy":"category","embeddable":true,"href":"https:\/\/serbia.com\/srpski\/wp-json\/wp\/v2\/categories?post=35016"},{"taxonomy":"post_tag","embeddable":true,"href":"https:\/\/serbia.com\/srpski\/wp-json\/wp\/v2\/tags?post=35016"}],"curies":[{"name":"wp","href":"https:\/\/api.w.org\/{rel}","templated":true}]}}