{"id":35007,"date":"2015-07-09T15:38:40","date_gmt":"2015-07-09T13:38:40","guid":{"rendered":"http:\/\/www.serbia.com\/?page_id=35007"},"modified":"2024-10-03T09:19:20","modified_gmt":"2024-10-03T07:19:20","slug":"nikola-pasic","status":"publish","type":"page","link":"https:\/\/serbia.com\/srpski\/o-srbiji\/istorija\/srbija-u-prvom-svetskom-ratu\/nikola-pasic\/","title":{"rendered":"Nikola Pa\u0161i\u0107"},"content":{"rendered":"<h4>Od narodnog poslanika do osniva\u010da Narodne radikalne stranke, od zaverenika za vreme dinastije Obrenovi\u0107a do najcenjenijeg politi\u010dara za vreme Kara\u0111or\u0111evi\u0107a. Predsednik vlade Srbije u dva balkanska i u Prvom svetskom ratu, proteran i osu\u0111en na smrt, pa pomilovan i cenjen. O politi\u010dkom \u017eivotu i delu Nikole Pa\u0161i\u0107a postoje razna mi\u0161ljenja, ali se sva poklapaju u tome da je bio jedan od najzna\u010dajnih dr\u017eavnika i diplomata, koji je ostavio neizbrisivi trag na politi\u010dkoj sceni Srbije 19. i 20. veka.<\/h4>\n<p>U gradu Ni\u0161u, 28. jula 1914. godine u 13 \u010dasova, u ruke tada\u0161njeg predsednika vlade Kraljevine Srbije Nikole Pa\u0161i\u0107a, dospeo je telegram \u010dija \u0107e sadr\u017eina u naredne \u010detiri godine potresati \u010ditav svet. <a href=\"http:\/\/www.serbia.com\/srpski\/austro-ugarska-objava-rata-i-manifest-regenta-aleksandra\/\">Austrougarska je objavila rat Srbiji<\/a>. Iste ve\u010deri, austrougarska vojska je po\u010dela <a href=\"http:\/\/www.serbia.com\/srpski\/prva-noc-velikog-rata-i-zloglasni-monitor-bodrog\/\" target=\"_blank\" rel=\"noopener\">bombardovanje Beograda<\/a> i tako narednih \u0161est dana i no\u0107i. Po\u010deo je Prvi svetski rat.<\/p>\n<p><img loading=\"lazy\" decoding=\"async\" class=\"alignleft wp-image-25262\" src=\"http:\/\/www.serbia.com\/wp-content\/uploads\/2014\/04\/NikolaPasic-res-705x1024.png\" alt=\"Nikola Pasic\" width=\"265\" height=\"385\" srcset=\"https:\/\/serbia.com\/wp-content\/uploads\/2014\/04\/NikolaPasic-res-705x1024.png 705w, https:\/\/serbia.com\/wp-content\/uploads\/2014\/04\/NikolaPasic-res-206x300.png 206w, https:\/\/serbia.com\/wp-content\/uploads\/2014\/04\/NikolaPasic-res.png 736w\" sizes=\"(max-width: 265px) 100vw, 265px\" \/>Ovoj objavi rata koja \u0107e potpuno promeniti izgled tada\u0161nje Evrope, u kome \u0107e milioni ljudi ostaviti \u017eivot a jo\u0161 vi\u0161e njih ostati povre\u0111eni, prothodio je Sarajevski atentat na prestolonaslednika Franca Ferdinanda i njegovu suprugu Sofiju. Budu\u0107i da srpska vlada na \u010delu sa Pa\u0161i\u0107em nije uspela da ispuni jednu od mnogobrojnih rigoroznih ta\u010daka <a href=\"http:\/\/www.serbia.com\/srpski\/najtezi-ultimatum-upucen-jednoj-drzavi-ikada\/\" target=\"_blank\" rel=\"noopener\">Be\u010dkog ultimatuma<\/a>, Austrougraska je odlu\u010dila da prekine diplomatske odnose sa Srbijom.<\/p>\n<p>Buran \u017eivot politi\u010dara, dr\u017eavnika i diplomate jo\u0161 jednom je stavio Pa\u0161i\u0107a u te\u0161ku poziciju. U rukama je dr\u017eao papir koji \u0107e promeniti sudbinu preko 70 miliona ljudi. Pro\u010ditav\u0161i telegram izgovorio je re\u010denicu koju je prema nezvani\u010dnim izvorima zabele\u017eio pesnik koji se slu\u010dajno na\u0161ao na tom mestu: \u201dAustrija nam je objavila rat. To je njen kraj. Bog \u0107e nam dati pobedu\u201d.<\/p>\n<p>Klju\u010dnu poziciju predsednika vlade, Nikola Pa\u0161i\u0107 je vr\u0161io tokom \u010ditavog Velikog rata. Iako poznat kao \u201cpoliti\u010dar \u0161krt na re\u010dima\u201d uspeo je da o\u010duva ovu poziciju sa manjim prekidima do svoje smrti 1926. godine. Nakon po\u010detnih neuspeha srpske vojske, povukao se sa vladom u Ni\u0161, gde je 7. decembra 1914. godine Kraljevina Srbija prva objavila svoje ratne ciljeve dono\u0161enjem Ni\u0161ke deklaracije u kojoj je oblikovana ideja o ujedinjenju Srba, Hrvata i Slovenaca.<\/p>\n<p>Ova ideja je 1.decembra 1918. godine rezultirala nastankom Kraljevine Srba, Hrvata i Slovenaca, a tri godine nakon toga je donet i Vidovdanski Ustav, \u010diji je jedan od glavnih tvoraca bio upravo Nikola Pa\u0161i\u0107.<\/p>\n<p>Svoj borbeni duh i visprenost po\u010deo je da pokazuje jo\u0161 kao narodni poslanik 1878. godine. Samo tri godine nakon otpo\u010dinjanja svoje politi\u010dke karijere, <strong>osniva prvu modernu srpsku stranku-Narodnu radikalnu stranku<\/strong>. Kao veliki protivnik tada\u0161nje vlasti Obrenovi\u0107a, 1883. godine zajedno sa predstvanicima svoje stranke podi\u017ee \u010duvenu <strong>Timo\u010dku bunu<\/strong>, koja je rezultirala progla\u0161enjem vandrednog stanja i osu\u0111ivanjem 100 u\u010desnika na smrt i preko 500 njih na dugogodi\u0161nju robiju. Da bi izbegao smrtnu kaznu, be\u017ei u Bugarsku i tamo ostaje narednih \u0161est godina.<\/p>\n<p>Nakon abdikacije kralja Milana Obrenovi\u0107a, Pa\u0161i\u0107 se vra\u0107a u Srbiju, ponovo preuzima vo\u0111stvo nad Radikalnom strankom i nakon izborne pobede formira svoj prvi kabinet vlade 1891. godine. U slede\u0107ih nekoliko godina vr\u0161io je funkcije predsednika vlade, ministra inostranih poslova i diplomate, kao predstavnik srpske vlade u Petrogradu. Posle neupelog Ivandanjskog atentata na kralja Milana i zatvorske kazne koju je ponovo uspeo da izbegne, u politi\u010dki \u017eivot se vra\u0107a 1901. godine sa dolaskom Kara\u0111or\u0111evi\u0107a na vlast.<\/p>\n<blockquote><p><strong><em>Politi\u010dar kao vidra, okretan i sposoban da trenutno proceni okolnosti, izbegne isku\u0161enja i napad, da popusti tamo gde treba a zategne tamo gde mu je to u interesu. Na svaki na\u010din, da ne bude na udaru onih za koje zna da su ja\u010di od njega\u201d re\u010di su istori\u010dara Milana St. Proti\u0107a kojima opisuje Nikolu Pa\u0161i\u0107a.<\/em><\/strong><\/p><\/blockquote>\n<p><strong>Va\u017enu ulogu za Srbiju je odigrao i u carinskom ratu sa Austrougarskom<\/strong> (1906-1911), kada je uspeo da izbegne ekonomsku blokodu velike susedne imperije. U svojoj politici oslanjao se na Rusiju, a posle oktobarske revolucije na Francusku.<\/p>\n<p>Bio je mudar, pragmati\u010dan, izuzetno obave\u0161ten, stalo\u017een i uporan politi\u010dar. Pored funkcije predsednika vlade koju je vr\u0161io preko 20 godina, Pa\u0161i\u0107 je pet puta bio predsednik Narodne skup\u0161tine i dva puta gradona\u010delnik Beograda. Bio je predsednik delagacije Srbije na Konferenciji mira u Bukure\u0161tu 1913. godine i predsednik delegacije Srba, Hrvata i Slovenaca na Mirovnoj konferenciji u Parizu 1919. godine.<\/p>\n<blockquote><p><strong><em>Ro\u0111en je 18.12. 1845. u Zaje\u010daru u pekarskoj porodici. \u0160kolovao se u vreme \u010destih preseljenja zaje\u010darske gimnazije, tako da je zbog \u0161kolovanja kao \u0111ak boravio u Negotinu i Kragujevcu. Gimnaziju je zavr\u0161io u 21. godini, uglavnom odli\u010dnim uspehom. Upisao je 1866. Tehni\u010dki fakultet Velike \u0161kole u Beogradu. Srpska vlada ga je kao odli\u010dnog studenta 1868. uputila na \u0161kolovanje u Cirih. Studirao je na Politehni\u010dkoj \u0161koli u Cirihu tehni\u010dke nauke kao dr\u017eavni stipendista. Iako je po obrazovanju bio in\u017eenjer, najmanje se bavio svojom strukom.<\/em><\/strong><\/p><\/blockquote>\n<p><a href=\"http:\/\/www.serbia.com\/wp-content\/uploads\/2014\/04\/kancelarija-za-dijasporu-logo1.jpg\"><img loading=\"lazy\" decoding=\"async\" class=\"wp-image-25104 alignleft\" src=\"http:\/\/www.serbia.com\/wp-content\/uploads\/2014\/04\/kancelarija-za-dijasporu-logo1.jpg\" alt=\"kancelarija-za-dijasporu-logo1\" width=\"275\" height=\"100\" \/><\/a><\/p>\n<p><em>Tekst je podr\u017ean od strane <a href=\"http:\/\/www.dijaspora.gov.rs\/\" target=\"_blank\" rel=\"noopener\">Kancelarije za saradnju sa dijasporom i Srbima u regionu<\/a>.<\/em><\/p>\n","protected":false},"excerpt":{"rendered":"<p>Od narodnog poslanika do osniva\u010da Narodne radikalne stranke, od zaverenika za vreme dinastije Obrenovi\u0107a do najcenjenijeg politi\u010dara za vreme Kara\u0111or\u0111evi\u0107a. Predsednik vlade Srbije u dva balkanska i u Prvom svetskom [&hellip;]<\/p>\n","protected":false},"author":27,"featured_media":35003,"parent":34850,"menu_order":0,"comment_status":"closed","ping_status":"closed","template":"","meta":{"_acf_changed":false,"inline_featured_image":false,"_monsterinsights_skip_tracking":false,"_monsterinsights_sitenote_active":false,"_monsterinsights_sitenote_note":"","_monsterinsights_sitenote_category":0,"footnotes":""},"categories":[1639,2815,1642],"tags":[3089,6757],"class_list":["post-35007","page","type-page","status-publish","has-post-thumbnail","hentry","category-istorija-kultura-otkrijte-srbiju","category-istorijske-licnosti","category-poznati-srbi","tag-nikola-pasic-srpski","tag-srbija-u-i-svetskom-ratu"],"acf":[],"yoast_head":"<!-- This site is optimized with the Yoast SEO plugin v23.8 - https:\/\/yoast.com\/wordpress\/plugins\/seo\/ -->\n<title>Nikola Pa\u0161i\u0107 - Serbia.com<\/title>\n<meta name=\"robots\" content=\"index, follow, max-snippet:-1, max-image-preview:large, max-video-preview:-1\" \/>\n<link rel=\"canonical\" href=\"https:\/\/serbia.com\/srpski\/o-srbiji\/istorija\/srbija-u-prvom-svetskom-ratu\/nikola-pasic\/\" \/>\n<meta property=\"og:locale\" content=\"en_US\" \/>\n<meta property=\"og:type\" content=\"article\" \/>\n<meta property=\"og:title\" content=\"Nikola Pa\u0161i\u0107 - Serbia.com\" \/>\n<meta property=\"og:description\" content=\"Od narodnog poslanika do osniva\u010da Narodne radikalne stranke, od zaverenika za vreme dinastije Obrenovi\u0107a do najcenjenijeg politi\u010dara za vreme Kara\u0111or\u0111evi\u0107a. Predsednik vlade Srbije u dva balkanska i u Prvom svetskom [&hellip;]\" \/>\n<meta property=\"og:url\" content=\"https:\/\/serbia.com\/srpski\/o-srbiji\/istorija\/srbija-u-prvom-svetskom-ratu\/nikola-pasic\/\" \/>\n<meta property=\"og:site_name\" content=\"Serbia.com\" \/>\n<meta property=\"article:modified_time\" content=\"2024-10-03T07:19:20+00:00\" \/>\n<meta property=\"og:image\" content=\"https:\/\/serbia.com\/wp-content\/uploads\/2015\/07\/pasic111.jpg\" \/>\n\t<meta property=\"og:image:width\" content=\"1399\" \/>\n\t<meta property=\"og:image:height\" content=\"630\" \/>\n\t<meta property=\"og:image:type\" content=\"image\/jpeg\" \/>\n<meta name=\"twitter:label1\" content=\"Est. reading time\" \/>\n\t<meta name=\"twitter:data1\" content=\"4 minutes\" \/>\n<script type=\"application\/ld+json\" class=\"yoast-schema-graph\">{\"@context\":\"https:\/\/schema.org\",\"@graph\":[{\"@type\":\"WebPage\",\"@id\":\"https:\/\/serbia.com\/srpski\/o-srbiji\/istorija\/srbija-u-prvom-svetskom-ratu\/nikola-pasic\/\",\"url\":\"https:\/\/serbia.com\/srpski\/o-srbiji\/istorija\/srbija-u-prvom-svetskom-ratu\/nikola-pasic\/\",\"name\":\"Nikola Pa\u0161i\u0107 - Serbia.com\",\"isPartOf\":{\"@id\":\"https:\/\/serbia.com\/#website\"},\"primaryImageOfPage\":{\"@id\":\"https:\/\/serbia.com\/srpski\/o-srbiji\/istorija\/srbija-u-prvom-svetskom-ratu\/nikola-pasic\/#primaryimage\"},\"image\":{\"@id\":\"https:\/\/serbia.com\/srpski\/o-srbiji\/istorija\/srbija-u-prvom-svetskom-ratu\/nikola-pasic\/#primaryimage\"},\"thumbnailUrl\":\"https:\/\/serbia.com\/wp-content\/uploads\/2015\/07\/pasic111.jpg\",\"datePublished\":\"2015-07-09T13:38:40+00:00\",\"dateModified\":\"2024-10-03T07:19:20+00:00\",\"breadcrumb\":{\"@id\":\"https:\/\/serbia.com\/srpski\/o-srbiji\/istorija\/srbija-u-prvom-svetskom-ratu\/nikola-pasic\/#breadcrumb\"},\"inLanguage\":\"srpski\",\"potentialAction\":[{\"@type\":\"ReadAction\",\"target\":[\"https:\/\/serbia.com\/srpski\/o-srbiji\/istorija\/srbija-u-prvom-svetskom-ratu\/nikola-pasic\/\"]}]},{\"@type\":\"ImageObject\",\"inLanguage\":\"srpski\",\"@id\":\"https:\/\/serbia.com\/srpski\/o-srbiji\/istorija\/srbija-u-prvom-svetskom-ratu\/nikola-pasic\/#primaryimage\",\"url\":\"https:\/\/serbia.com\/wp-content\/uploads\/2015\/07\/pasic111.jpg\",\"contentUrl\":\"https:\/\/serbia.com\/wp-content\/uploads\/2015\/07\/pasic111.jpg\",\"width\":1399,\"height\":630},{\"@type\":\"BreadcrumbList\",\"@id\":\"https:\/\/serbia.com\/srpski\/o-srbiji\/istorija\/srbija-u-prvom-svetskom-ratu\/nikola-pasic\/#breadcrumb\",\"itemListElement\":[{\"@type\":\"ListItem\",\"position\":1,\"name\":\"Home\",\"item\":\"https:\/\/serbia.com\/srpski\/\"},{\"@type\":\"ListItem\",\"position\":2,\"name\":\"O Srbiji\",\"item\":\"https:\/\/serbia.com\/srpski\/o-srbiji\/\"},{\"@type\":\"ListItem\",\"position\":3,\"name\":\"Istorija\",\"item\":\"https:\/\/serbia.com\/srpski\/o-srbiji\/istorija\/\"},{\"@type\":\"ListItem\",\"position\":4,\"name\":\"Srbija u Prvom svetskom ratu\",\"item\":\"https:\/\/serbia.com\/srpski\/o-srbiji\/istorija\/srbija-u-prvom-svetskom-ratu\/\"},{\"@type\":\"ListItem\",\"position\":5,\"name\":\"Nikola Pa\u0161i\u0107\"}]},{\"@type\":\"WebSite\",\"@id\":\"https:\/\/serbia.com\/#website\",\"url\":\"https:\/\/serbia.com\/\",\"name\":\"Serbia.com\",\"description\":\"Your Gateway to Serbia\",\"potentialAction\":[{\"@type\":\"SearchAction\",\"target\":{\"@type\":\"EntryPoint\",\"urlTemplate\":\"https:\/\/serbia.com\/?s={search_term_string}\"},\"query-input\":{\"@type\":\"PropertyValueSpecification\",\"valueRequired\":true,\"valueName\":\"search_term_string\"}}],\"inLanguage\":\"srpski\"}]}<\/script>\n<!-- \/ Yoast SEO plugin. -->","yoast_head_json":{"title":"Nikola Pa\u0161i\u0107 - Serbia.com","robots":{"index":"index","follow":"follow","max-snippet":"max-snippet:-1","max-image-preview":"max-image-preview:large","max-video-preview":"max-video-preview:-1"},"canonical":"https:\/\/serbia.com\/srpski\/o-srbiji\/istorija\/srbija-u-prvom-svetskom-ratu\/nikola-pasic\/","og_locale":"en_US","og_type":"article","og_title":"Nikola Pa\u0161i\u0107 - Serbia.com","og_description":"Od narodnog poslanika do osniva\u010da Narodne radikalne stranke, od zaverenika za vreme dinastije Obrenovi\u0107a do najcenjenijeg politi\u010dara za vreme Kara\u0111or\u0111evi\u0107a. Predsednik vlade Srbije u dva balkanska i u Prvom svetskom [&hellip;]","og_url":"https:\/\/serbia.com\/srpski\/o-srbiji\/istorija\/srbija-u-prvom-svetskom-ratu\/nikola-pasic\/","og_site_name":"Serbia.com","article_modified_time":"2024-10-03T07:19:20+00:00","og_image":[{"width":1399,"height":630,"url":"https:\/\/serbia.com\/wp-content\/uploads\/2015\/07\/pasic111.jpg","type":"image\/jpeg"}],"twitter_misc":{"Est. reading time":"4 minutes"},"schema":{"@context":"https:\/\/schema.org","@graph":[{"@type":"WebPage","@id":"https:\/\/serbia.com\/srpski\/o-srbiji\/istorija\/srbija-u-prvom-svetskom-ratu\/nikola-pasic\/","url":"https:\/\/serbia.com\/srpski\/o-srbiji\/istorija\/srbija-u-prvom-svetskom-ratu\/nikola-pasic\/","name":"Nikola Pa\u0161i\u0107 - Serbia.com","isPartOf":{"@id":"https:\/\/serbia.com\/#website"},"primaryImageOfPage":{"@id":"https:\/\/serbia.com\/srpski\/o-srbiji\/istorija\/srbija-u-prvom-svetskom-ratu\/nikola-pasic\/#primaryimage"},"image":{"@id":"https:\/\/serbia.com\/srpski\/o-srbiji\/istorija\/srbija-u-prvom-svetskom-ratu\/nikola-pasic\/#primaryimage"},"thumbnailUrl":"https:\/\/serbia.com\/wp-content\/uploads\/2015\/07\/pasic111.jpg","datePublished":"2015-07-09T13:38:40+00:00","dateModified":"2024-10-03T07:19:20+00:00","breadcrumb":{"@id":"https:\/\/serbia.com\/srpski\/o-srbiji\/istorija\/srbija-u-prvom-svetskom-ratu\/nikola-pasic\/#breadcrumb"},"inLanguage":"srpski","potentialAction":[{"@type":"ReadAction","target":["https:\/\/serbia.com\/srpski\/o-srbiji\/istorija\/srbija-u-prvom-svetskom-ratu\/nikola-pasic\/"]}]},{"@type":"ImageObject","inLanguage":"srpski","@id":"https:\/\/serbia.com\/srpski\/o-srbiji\/istorija\/srbija-u-prvom-svetskom-ratu\/nikola-pasic\/#primaryimage","url":"https:\/\/serbia.com\/wp-content\/uploads\/2015\/07\/pasic111.jpg","contentUrl":"https:\/\/serbia.com\/wp-content\/uploads\/2015\/07\/pasic111.jpg","width":1399,"height":630},{"@type":"BreadcrumbList","@id":"https:\/\/serbia.com\/srpski\/o-srbiji\/istorija\/srbija-u-prvom-svetskom-ratu\/nikola-pasic\/#breadcrumb","itemListElement":[{"@type":"ListItem","position":1,"name":"Home","item":"https:\/\/serbia.com\/srpski\/"},{"@type":"ListItem","position":2,"name":"O Srbiji","item":"https:\/\/serbia.com\/srpski\/o-srbiji\/"},{"@type":"ListItem","position":3,"name":"Istorija","item":"https:\/\/serbia.com\/srpski\/o-srbiji\/istorija\/"},{"@type":"ListItem","position":4,"name":"Srbija u Prvom svetskom ratu","item":"https:\/\/serbia.com\/srpski\/o-srbiji\/istorija\/srbija-u-prvom-svetskom-ratu\/"},{"@type":"ListItem","position":5,"name":"Nikola Pa\u0161i\u0107"}]},{"@type":"WebSite","@id":"https:\/\/serbia.com\/#website","url":"https:\/\/serbia.com\/","name":"Serbia.com","description":"Your Gateway to Serbia","potentialAction":[{"@type":"SearchAction","target":{"@type":"EntryPoint","urlTemplate":"https:\/\/serbia.com\/?s={search_term_string}"},"query-input":{"@type":"PropertyValueSpecification","valueRequired":true,"valueName":"search_term_string"}}],"inLanguage":"srpski"}]}},"_links":{"self":[{"href":"https:\/\/serbia.com\/srpski\/wp-json\/wp\/v2\/pages\/35007"}],"collection":[{"href":"https:\/\/serbia.com\/srpski\/wp-json\/wp\/v2\/pages"}],"about":[{"href":"https:\/\/serbia.com\/srpski\/wp-json\/wp\/v2\/types\/page"}],"author":[{"embeddable":true,"href":"https:\/\/serbia.com\/srpski\/wp-json\/wp\/v2\/users\/27"}],"replies":[{"embeddable":true,"href":"https:\/\/serbia.com\/srpski\/wp-json\/wp\/v2\/comments?post=35007"}],"version-history":[{"count":2,"href":"https:\/\/serbia.com\/srpski\/wp-json\/wp\/v2\/pages\/35007\/revisions"}],"predecessor-version":[{"id":55252,"href":"https:\/\/serbia.com\/srpski\/wp-json\/wp\/v2\/pages\/35007\/revisions\/55252"}],"up":[{"embeddable":true,"href":"https:\/\/serbia.com\/srpski\/wp-json\/wp\/v2\/pages\/34850"}],"wp:featuredmedia":[{"embeddable":true,"href":"https:\/\/serbia.com\/srpski\/wp-json\/wp\/v2\/media\/35003"}],"wp:attachment":[{"href":"https:\/\/serbia.com\/srpski\/wp-json\/wp\/v2\/media?parent=35007"}],"wp:term":[{"taxonomy":"category","embeddable":true,"href":"https:\/\/serbia.com\/srpski\/wp-json\/wp\/v2\/categories?post=35007"},{"taxonomy":"post_tag","embeddable":true,"href":"https:\/\/serbia.com\/srpski\/wp-json\/wp\/v2\/tags?post=35007"}],"curies":[{"name":"wp","href":"https:\/\/api.w.org\/{rel}","templated":true}]}}