{"id":34999,"date":"2015-07-09T15:26:58","date_gmt":"2015-07-09T13:26:58","guid":{"rendered":"http:\/\/www.serbia.com\/?page_id=34999"},"modified":"2024-10-03T09:25:18","modified_gmt":"2024-10-03T07:25:18","slug":"laza-pacu","status":"publish","type":"page","link":"https:\/\/serbia.com\/srpski\/o-srbiji\/istorija\/srbija-u-prvom-svetskom-ratu\/laza-pacu\/","title":{"rendered":"Laza Pa\u010du"},"content":{"rendered":"<h4>Iako doktor po profesiji, ekonomija mu je uvek bila u srcu. Dr Lazar Pa\u010du je godinama uspe\u0161no le\u010dio srpsku ekonomiju, a kao ministar finansija 1914.godine prima najte\u017ei austrougarski ultimatum upu\u0107en Kraljevini Srbiji ikada. Svojim znanjem, pronicljivo\u0161\u0107u i neverovatnom sposobno\u0161\u0107u da oseti \u0161ta treba srpskoj ekonomiji, dr Pa\u010du je imao glavnu ulogu u finansiranju balkanskih i Prvog svetskog rata.<\/h4>\n<p>Kao samouki ekonomski stru\u010dnjak koji je odli\u010dno znao da \u201eoslu\u0161kuje\u201c potrebe srpske privrede i ekonomije, dr Pa\u010du je stalno bio suo\u010davan sa te\u0161kim i velikim odlukama po Srbiju. Jedna od takvih istorijskih odluka, je i ona koju je doneo kada je u odsustvu tada\u0161njeg predsednika vlade <a href=\"http:\/\/www.serbia.com\/srpski\/nikola-pasic-politicar-pola-veka\/\">Nikole Pa\u0161i\u0107a<\/a> primio <a href=\"http:\/\/www.serbia.com\/srpski\/najtezi-ultimatum-upucen-jednoj-drzavi-ikada\/\" target=\"_blank\" rel=\"noopener\">Be\u010dki ultimatum<\/a>, 23. jula 1914. godine.<\/p>\n<p>U tom trenutku dr Pa\u010du je bio ministar finansija, ali mu je trebalo ne\u0161to manje od sat vremena da zaklju\u010di da su<strong> \u201eaustrijski zahtevi takvi da ih u celini ne mo\u017ee primeniti nijedna srpska vlada\u201c<\/strong>. Ta njegova konstaticija je ostala zapam\u0107ena kao <strong>izraz dostojanstvenosti srpskog naroda<\/strong>, ali je to ujedno bio i okida\u010d za po\u010detak Prvog svetskog rata.<\/p>\n<figure id=\"attachment_22012\" aria-describedby=\"caption-attachment-22012\" style=\"width: 265px\" class=\"wp-caption alignleft\"><a href=\"http:\/\/www.serbia.com\/wp-content\/uploads\/2014\/03\/Grob-Laze-Pa\u010dua-1.jpg\"><img loading=\"lazy\" decoding=\"async\" class=\"wp-image-22012 \" src=\"http:\/\/www.serbia.com\/wp-content\/uploads\/2014\/03\/Grob-Laze-Pa\u010dua-1.jpg\" alt=\"Grob Laze Pa\u010dua\" width=\"265\" height=\"397\" srcset=\"https:\/\/serbia.com\/wp-content\/uploads\/2014\/03\/Grob-Laze-Pa\u010dua-1.jpg 736w, https:\/\/serbia.com\/wp-content\/uploads\/2014\/03\/Grob-Laze-Pa\u010dua-1-200x300.jpg 200w, https:\/\/serbia.com\/wp-content\/uploads\/2014\/03\/Grob-Laze-Pa\u010dua-1-682x1024.jpg 682w\" sizes=\"auto, (max-width: 265px) 100vw, 265px\" \/><\/a><figcaption id=\"caption-attachment-22012\" class=\"wp-caption-text\">Grob Laze Pa\u010dua na Novom groblju u Beogradu<\/figcaption><\/figure>\n<p style=\"text-align: left;\">Svestranost koja je rezultirala brojnim znanjima, u\u010dinila je doktora Lazara Pa\u010dua vrsnim prakti\u010darem koji je Kraljevinu Srbiju <strong>uspe\u0161no finansijski vodio kroz \u010dak \u010detiri rata<\/strong>.<\/p>\n<p>Tako je jo\u0161 1.oktobra 1912. godine uo\u010di Prvog balkanskog rata uveo dva bud\u017eeta: redovni i vanredni ratni bud\u017eet. Istog dana objavljen je Zakon o moratorijumu koji je zamrznuo \u0161tednje uloge i u zemlji odlo\u017eio isplatu obaveza, dok je isplata spoljnih obaveza nastavljena. Time je Pa\u010du sa\u010duvao kredibilitet Srbije u svetu, pa je mogao da dobija nove kredite za pokrivanje ratnih tro\u0161kova.<\/p>\n<p>Zahvaljuju\u0107i odlu\u010dnim i ispravnim odlukama koji je dr Pa\u010du donosio u najte\u017ea predratna vremena, Srbija se pripremila za predstoje\u0107i Veliki rat. Poznato je da <a href=\"http:\/\/www.serbia.com\/srpski\/kralj-ziveo-samo-od-plate-2\/\" target=\"_blank\" rel=\"noopener\"><strong>u to vreme Srbija nikome nije bila du\u017ena<\/strong><\/a>, i da je \u010dak i neprijateljima ispla\u0107ivala prispele obaveze. Na taj na\u010din je uspela da omogu\u0107i dobijanje novih kredita za finansiranje ratnih tro\u0161kova.<\/p>\n<p>Iako bolestan i sa \u017eeljom da se penzioni\u0161e dr <strong>Laza Pa\u010du<\/strong> je Srbiju odli\u010dno pripremio za <strong>Prvi svetski rat,<\/strong> pa su 1914. godine obezbe\u0111eni dr\u017eavni prihodi u iznosu od 214,3 miliona dinara. Uz pomo\u0107 ovog doktora za ekonomiju, Srbija, iako ve\u0107 izmu\u010dena i istro\u0161ena od carinskog, pa onda i dva balkanska rata, uspela je jo\u0161 jednom da stane noge i isfinansira i Veliki rat.<\/p>\n<blockquote><p><strong>Ni kralj nije imao protekciju kod Laze Pa\u010dua<\/strong><\/p>\n<p><em><a href=\"http:\/\/www.serbia.com\/srpski\/kralj-ziveo-samo-od-plate-2\/\" target=\"_blank\" rel=\"noopener\">Kralju Petru I Kara\u0111or\u0111evi\u0107u<\/a> trebalo hitno 200.000 dinara. Poslao je sekretara kod ministra Pa\u010dua da mu unapred isplati ovu sumu od vladareve plate. Dr Laza saslu\u0161a sekretara, kiselo se osmehne i ka\u017ee: \u201cNe mo\u017ee\u201d! Zgranutom sekretaru svoju odluku objasnio je ovako: \u201cUmre kralj, ne daj Bo\u017ee, a smrtan je kao svi mi. Ko \u0107e onda da vrati dug dr\u017eavnoj kasi? \u2013 Zna se Laza. Ili, politi\u010dari nateraju kralja da abdicira. Ko \u0107e da plati dug? \u2013 Opet Laza. Nego brate, da mene ne bi bolela glava, idi ti u Kreditnu zadrugu, oni daju zajam. Znam te po\u0161ten si \u010dovek, bi\u0107u ti \u017eirant na menici, kod njih uzmi tih 200.000 dinara. Ovde ne mo\u017ee! I kvit! Sekretar se vratio na dvor neobavljenog posla, a i kralj se nije naljutio.<\/em><\/p><\/blockquote>\n<p><strong>Neobi\u010dna karijera doktora, novinara i ekonomiste<\/strong><\/p>\n<figure id=\"attachment_24444\" aria-describedby=\"caption-attachment-24444\" style=\"width: 300px\" class=\"wp-caption alignright\"><a href=\"http:\/\/www.serbia.com\/wp-content\/uploads\/2014\/03\/Kuca-Laza-Pacu-res.jpg\"><img loading=\"lazy\" decoding=\"async\" class=\"wp-image-24444 size-medium\" src=\"https:\/\/serbia.com\/wp-content\/uploads\/2014\/03\/Kuca-Laza-Pacu-res-300x200.jpg\" alt=\"Kuca Laza Pacu res\" width=\"300\" height=\"200\" srcset=\"https:\/\/serbia.com\/wp-content\/uploads\/2014\/03\/Kuca-Laza-Pacu-res-300x200.jpg 300w, https:\/\/serbia.com\/wp-content\/uploads\/2014\/03\/Kuca-Laza-Pacu-res.jpg 736w\" sizes=\"auto, (max-width: 300px) 100vw, 300px\" \/><\/a><figcaption id=\"caption-attachment-24444\" class=\"wp-caption-text\">Ku\u0107a Laze Pa\u010dua na Dor\u0107olu<\/figcaption><\/figure>\n<p style=\"text-align: left;\">Izgledom, stasom, sna\u017enim glasom i o\u0161trim pogledom, ali pre svega neobi\u010dnim \u017eivotnim putem i nepresu\u0161nom energijom i znanjem, dr Laza Pa\u010du je privla\u010dio veliku pa\u017enju svojih savremenika. Naime, iz ugledne porodice Pa\u010du, sedamdesetih godina 19. veka odlazi u Cirih gde se na\u0161ao u dru\u0161tvu sa Svetozarom Markovi\u0107em, Vasom Pelagi\u0107em, <a href=\"http:\/\/www.serbia.com\/srpski\/nikola-pasic-politicar-pola-veka\/\" target=\"_blank\" rel=\"noopener\">Nikolom Pa\u0161i\u0107em<\/a> i mnogim drugim mladim anarhosocijalistima. Tu zapravo i po\u010dinje njegovo interesovanje za politiku i ekonomiju.<\/p>\n<p>Po povratku u Srbiju, 1878. godine na nagovor Pere Todorovi\u0107a napu\u0161ta studije medicine i po\u010dinje da ure\u0111uje \u010dasopis \u201cStra\u017ea\u201d. Ne zadugo ma\u0111arska vlada je zatvorila ovaj \u010dasopis, a Pa\u010du se vra\u0107a u Berlin da zavr\u0161i medicinske studije. Sa doktorskom diplomom, ali bez posla Pa\u010du se vra\u0107a u Beograd i 1881. ponovo se na kratko okre\u0107e novinarstvu i postaje saradnik \u010dasopisa \u201cSamouprava\u201d, objavljuju\u0107i seriju \u010dlanaka pod naslovom <strong>\u201cGra\u0111ansko dru\u0161tvo i njegove politi\u010dke partije\u201d<\/strong>.<\/p>\n<p>Ali ljubav prema ekonomiji tada postaje sve izra\u017eenija. On se neprestano obrazovao, \u010ditao i pisao o rentama, ste\u010daju, kreditima, taksama i u tome je beskrajno u\u017eivao. Ubrzo je dobio posao upravnika Dr\u017eavnih monopola, gde se odmah pokazao kao pravi organizator pun novih ideja i inicijativa, agilan i vredan. Radio je na pripremama mnogih finansijskih zakona i trgovinskih ugovora Austrougraskom, Francuskom, Engleskom&#8230;<\/p>\n<p>Kada je napustio dr\u017eavni monopol, postavljen je za dr\u017eavnog komesara Narodne banke, zatim za direktora Beogradske zadruge gde je usavr\u0161avao znanje bankarskog poslovanja, pa za dr\u017eavnog savetnika i senatora novoformiranog Senata. Uz sve to je bio i politi\u010dki anga\u017eovan, predsedavaju\u0107i i govore\u0107i na skupovima Radikalne stranke \u010diji je i sam bio \u010dlan.<\/p>\n<p><strong>Ostao je upam\u0107en kao \u0161krtica i strog ministar finansija<\/strong>, ali sa druge strane kao<strong> izuzetno po\u0161ten i nepodmitljiv<\/strong>.<strong> \u201cDr\u017eavnim finansijama upravlja se kao bankom\u201d<\/strong> bila je deviza kojom se rukovodio, i koja se pokazala se kao odli\u010dna, jer je kasa uvek bila puna, prihodi su se prelivali a Srbija je u to vreme izvozila u Zapadnu Evropu i Sredozemlje.<\/p>\n<p>U jesen 1914. godine dr Laza Pa\u010du je po\u010deo da popu\u0161ta neumitnoj bolesti koja ga je stizala. Poslednje dane proveo je u Narodnoj skup\u0161tini, sede\u0107i umotanih i bolnih nogu, ali u debatama nikada nije pokazivao ni trunku nemo\u0107i i povla\u010danja. Naprotiv, dr Pa\u010du se do poslednjeg dana borio i branio Srbiju i njene interese, i kao takav je i ostao upam\u0107en<em>.<\/em><\/p>\n<p><a href=\"http:\/\/www.serbia.com\/wp-content\/uploads\/2014\/03\/kancelarija-za-dijasporu-logo1.jpg\"><img loading=\"lazy\" decoding=\"async\" class=\"size-full wp-image-21922 alignleft\" src=\"http:\/\/www.serbia.com\/wp-content\/uploads\/2014\/03\/kancelarija-za-dijasporu-logo1.jpg\" alt=\"kancelarija-za-dijasporu-logo1\" width=\"275\" height=\"100\" \/><\/a>\u00a0<em>Tekst je podr\u017ean od strane <a href=\"http:\/\/www.dijaspora.gov.rs\/\" target=\"_blank\" rel=\"noopener\">Kancelarije za saradnju sa dijasporom i Srbima u regionu<\/a>.<\/em><\/p>\n","protected":false},"excerpt":{"rendered":"<p>Iako doktor po profesiji, ekonomija mu je uvek bila u srcu. Dr Lazar Pa\u010du je godinama uspe\u0161no le\u010dio srpsku ekonomiju, a kao ministar finansija 1914.godine prima najte\u017ei austrougarski ultimatum upu\u0107en [&hellip;]<\/p>\n","protected":false},"author":27,"featured_media":22015,"parent":34850,"menu_order":0,"comment_status":"closed","ping_status":"closed","template":"","meta":{"_acf_changed":false,"inline_featured_image":false,"_monsterinsights_skip_tracking":false,"_monsterinsights_sitenote_active":false,"_monsterinsights_sitenote_note":"","_monsterinsights_sitenote_category":0,"footnotes":""},"categories":[1639,2815],"tags":[1184,6757],"class_list":["post-34999","page","type-page","status-publish","has-post-thumbnail","hentry","category-istorija-kultura-otkrijte-srbiju","category-istorijske-licnosti","tag-laza-pacu-srpski","tag-srbija-u-i-svetskom-ratu"],"acf":[],"yoast_head":"<!-- This site is optimized with the Yoast SEO plugin v27.4 - https:\/\/yoast.com\/product\/yoast-seo-wordpress\/ -->\n<title>Laza Pa\u010du - Serbia.com<\/title>\n<meta name=\"robots\" content=\"index, follow, max-snippet:-1, max-image-preview:large, max-video-preview:-1\" \/>\n<link rel=\"canonical\" href=\"https:\/\/serbia.com\/srpski\/o-srbiji\/istorija\/srbija-u-prvom-svetskom-ratu\/laza-pacu\/\" \/>\n<meta property=\"og:locale\" content=\"en_US\" \/>\n<meta property=\"og:type\" content=\"article\" \/>\n<meta property=\"og:title\" content=\"Laza Pa\u010du - Serbia.com\" \/>\n<meta property=\"og:description\" content=\"Iako doktor po profesiji, ekonomija mu je uvek bila u srcu. Dr Lazar Pa\u010du je godinama uspe\u0161no le\u010dio srpsku ekonomiju, a kao ministar finansija 1914.godine prima najte\u017ei austrougarski ultimatum upu\u0107en [&hellip;]\" \/>\n<meta property=\"og:url\" content=\"https:\/\/serbia.com\/srpski\/o-srbiji\/istorija\/srbija-u-prvom-svetskom-ratu\/laza-pacu\/\" \/>\n<meta property=\"og:site_name\" content=\"Serbia.com\" \/>\n<meta property=\"article:modified_time\" content=\"2024-10-03T07:25:18+00:00\" \/>\n<meta property=\"og:image\" content=\"https:\/\/serbia.com\/wp-content\/uploads\/2014\/03\/lazar-pacu-resized.jpg\" \/>\n\t<meta property=\"og:image:width\" content=\"738\" \/>\n\t<meta property=\"og:image:height\" content=\"523\" \/>\n\t<meta property=\"og:image:type\" content=\"image\/jpeg\" \/>\n<meta name=\"twitter:label1\" content=\"Est. reading time\" \/>\n\t<meta name=\"twitter:data1\" content=\"5 minutes\" \/>\n<script type=\"application\/ld+json\" class=\"yoast-schema-graph\">{\"@context\":\"https:\\\/\\\/schema.org\",\"@graph\":[{\"@type\":\"WebPage\",\"@id\":\"https:\\\/\\\/serbia.com\\\/srpski\\\/o-srbiji\\\/istorija\\\/srbija-u-prvom-svetskom-ratu\\\/laza-pacu\\\/\",\"url\":\"https:\\\/\\\/serbia.com\\\/srpski\\\/o-srbiji\\\/istorija\\\/srbija-u-prvom-svetskom-ratu\\\/laza-pacu\\\/\",\"name\":\"Laza Pa\u010du - Serbia.com\",\"isPartOf\":{\"@id\":\"https:\\\/\\\/serbia.com\\\/#website\"},\"primaryImageOfPage\":{\"@id\":\"https:\\\/\\\/serbia.com\\\/srpski\\\/o-srbiji\\\/istorija\\\/srbija-u-prvom-svetskom-ratu\\\/laza-pacu\\\/#primaryimage\"},\"image\":{\"@id\":\"https:\\\/\\\/serbia.com\\\/srpski\\\/o-srbiji\\\/istorija\\\/srbija-u-prvom-svetskom-ratu\\\/laza-pacu\\\/#primaryimage\"},\"thumbnailUrl\":\"https:\\\/\\\/serbia.com\\\/wp-content\\\/uploads\\\/2014\\\/03\\\/lazar-pacu-resized.jpg\",\"datePublished\":\"2015-07-09T13:26:58+00:00\",\"dateModified\":\"2024-10-03T07:25:18+00:00\",\"breadcrumb\":{\"@id\":\"https:\\\/\\\/serbia.com\\\/srpski\\\/o-srbiji\\\/istorija\\\/srbija-u-prvom-svetskom-ratu\\\/laza-pacu\\\/#breadcrumb\"},\"inLanguage\":\"srpski\",\"potentialAction\":[{\"@type\":\"ReadAction\",\"target\":[\"https:\\\/\\\/serbia.com\\\/srpski\\\/o-srbiji\\\/istorija\\\/srbija-u-prvom-svetskom-ratu\\\/laza-pacu\\\/\"]}]},{\"@type\":\"ImageObject\",\"inLanguage\":\"srpski\",\"@id\":\"https:\\\/\\\/serbia.com\\\/srpski\\\/o-srbiji\\\/istorija\\\/srbija-u-prvom-svetskom-ratu\\\/laza-pacu\\\/#primaryimage\",\"url\":\"https:\\\/\\\/serbia.com\\\/wp-content\\\/uploads\\\/2014\\\/03\\\/lazar-pacu-resized.jpg\",\"contentUrl\":\"https:\\\/\\\/serbia.com\\\/wp-content\\\/uploads\\\/2014\\\/03\\\/lazar-pacu-resized.jpg\",\"width\":738,\"height\":523},{\"@type\":\"BreadcrumbList\",\"@id\":\"https:\\\/\\\/serbia.com\\\/srpski\\\/o-srbiji\\\/istorija\\\/srbija-u-prvom-svetskom-ratu\\\/laza-pacu\\\/#breadcrumb\",\"itemListElement\":[{\"@type\":\"ListItem\",\"position\":1,\"name\":\"Home\",\"item\":\"https:\\\/\\\/serbia.com\\\/srpski\\\/srbija\\\/\"},{\"@type\":\"ListItem\",\"position\":2,\"name\":\"O Srbiji\",\"item\":\"https:\\\/\\\/serbia.com\\\/srpski\\\/o-srbiji\\\/\"},{\"@type\":\"ListItem\",\"position\":3,\"name\":\"Istorija\",\"item\":\"https:\\\/\\\/serbia.com\\\/srpski\\\/o-srbiji\\\/istorija\\\/\"},{\"@type\":\"ListItem\",\"position\":4,\"name\":\"Srbija u Prvom svetskom ratu\",\"item\":\"https:\\\/\\\/serbia.com\\\/srpski\\\/o-srbiji\\\/istorija\\\/srbija-u-prvom-svetskom-ratu\\\/\"},{\"@type\":\"ListItem\",\"position\":5,\"name\":\"Laza Pa\u010du\"}]},{\"@type\":\"WebSite\",\"@id\":\"https:\\\/\\\/serbia.com\\\/#website\",\"url\":\"https:\\\/\\\/serbia.com\\\/\",\"name\":\"Serbia.com\",\"description\":\"Your Gateway to Serbia\",\"potentialAction\":[{\"@type\":\"SearchAction\",\"target\":{\"@type\":\"EntryPoint\",\"urlTemplate\":\"https:\\\/\\\/serbia.com\\\/?s={search_term_string}\"},\"query-input\":{\"@type\":\"PropertyValueSpecification\",\"valueRequired\":true,\"valueName\":\"search_term_string\"}}],\"inLanguage\":\"srpski\"}]}<\/script>\n<!-- \/ Yoast SEO plugin. -->","yoast_head_json":{"title":"Laza Pa\u010du - Serbia.com","robots":{"index":"index","follow":"follow","max-snippet":"max-snippet:-1","max-image-preview":"max-image-preview:large","max-video-preview":"max-video-preview:-1"},"canonical":"https:\/\/serbia.com\/srpski\/o-srbiji\/istorija\/srbija-u-prvom-svetskom-ratu\/laza-pacu\/","og_locale":"en_US","og_type":"article","og_title":"Laza Pa\u010du - Serbia.com","og_description":"Iako doktor po profesiji, ekonomija mu je uvek bila u srcu. Dr Lazar Pa\u010du je godinama uspe\u0161no le\u010dio srpsku ekonomiju, a kao ministar finansija 1914.godine prima najte\u017ei austrougarski ultimatum upu\u0107en [&hellip;]","og_url":"https:\/\/serbia.com\/srpski\/o-srbiji\/istorija\/srbija-u-prvom-svetskom-ratu\/laza-pacu\/","og_site_name":"Serbia.com","article_modified_time":"2024-10-03T07:25:18+00:00","og_image":[{"width":738,"height":523,"url":"https:\/\/serbia.com\/wp-content\/uploads\/2014\/03\/lazar-pacu-resized.jpg","type":"image\/jpeg"}],"twitter_misc":{"Est. reading time":"5 minutes"},"schema":{"@context":"https:\/\/schema.org","@graph":[{"@type":"WebPage","@id":"https:\/\/serbia.com\/srpski\/o-srbiji\/istorija\/srbija-u-prvom-svetskom-ratu\/laza-pacu\/","url":"https:\/\/serbia.com\/srpski\/o-srbiji\/istorija\/srbija-u-prvom-svetskom-ratu\/laza-pacu\/","name":"Laza Pa\u010du - Serbia.com","isPartOf":{"@id":"https:\/\/serbia.com\/#website"},"primaryImageOfPage":{"@id":"https:\/\/serbia.com\/srpski\/o-srbiji\/istorija\/srbija-u-prvom-svetskom-ratu\/laza-pacu\/#primaryimage"},"image":{"@id":"https:\/\/serbia.com\/srpski\/o-srbiji\/istorija\/srbija-u-prvom-svetskom-ratu\/laza-pacu\/#primaryimage"},"thumbnailUrl":"https:\/\/serbia.com\/wp-content\/uploads\/2014\/03\/lazar-pacu-resized.jpg","datePublished":"2015-07-09T13:26:58+00:00","dateModified":"2024-10-03T07:25:18+00:00","breadcrumb":{"@id":"https:\/\/serbia.com\/srpski\/o-srbiji\/istorija\/srbija-u-prvom-svetskom-ratu\/laza-pacu\/#breadcrumb"},"inLanguage":"srpski","potentialAction":[{"@type":"ReadAction","target":["https:\/\/serbia.com\/srpski\/o-srbiji\/istorija\/srbija-u-prvom-svetskom-ratu\/laza-pacu\/"]}]},{"@type":"ImageObject","inLanguage":"srpski","@id":"https:\/\/serbia.com\/srpski\/o-srbiji\/istorija\/srbija-u-prvom-svetskom-ratu\/laza-pacu\/#primaryimage","url":"https:\/\/serbia.com\/wp-content\/uploads\/2014\/03\/lazar-pacu-resized.jpg","contentUrl":"https:\/\/serbia.com\/wp-content\/uploads\/2014\/03\/lazar-pacu-resized.jpg","width":738,"height":523},{"@type":"BreadcrumbList","@id":"https:\/\/serbia.com\/srpski\/o-srbiji\/istorija\/srbija-u-prvom-svetskom-ratu\/laza-pacu\/#breadcrumb","itemListElement":[{"@type":"ListItem","position":1,"name":"Home","item":"https:\/\/serbia.com\/srpski\/srbija\/"},{"@type":"ListItem","position":2,"name":"O Srbiji","item":"https:\/\/serbia.com\/srpski\/o-srbiji\/"},{"@type":"ListItem","position":3,"name":"Istorija","item":"https:\/\/serbia.com\/srpski\/o-srbiji\/istorija\/"},{"@type":"ListItem","position":4,"name":"Srbija u Prvom svetskom ratu","item":"https:\/\/serbia.com\/srpski\/o-srbiji\/istorija\/srbija-u-prvom-svetskom-ratu\/"},{"@type":"ListItem","position":5,"name":"Laza Pa\u010du"}]},{"@type":"WebSite","@id":"https:\/\/serbia.com\/#website","url":"https:\/\/serbia.com\/","name":"Serbia.com","description":"Your Gateway to Serbia","potentialAction":[{"@type":"SearchAction","target":{"@type":"EntryPoint","urlTemplate":"https:\/\/serbia.com\/?s={search_term_string}"},"query-input":{"@type":"PropertyValueSpecification","valueRequired":true,"valueName":"search_term_string"}}],"inLanguage":"srpski"}]}},"brizy_media":[],"_links":{"self":[{"href":"https:\/\/serbia.com\/srpski\/wp-json\/wp\/v2\/pages\/34999","targetHints":{"allow":["GET"]}}],"collection":[{"href":"https:\/\/serbia.com\/srpski\/wp-json\/wp\/v2\/pages"}],"about":[{"href":"https:\/\/serbia.com\/srpski\/wp-json\/wp\/v2\/types\/page"}],"author":[{"embeddable":true,"href":"https:\/\/serbia.com\/srpski\/wp-json\/wp\/v2\/users\/27"}],"replies":[{"embeddable":true,"href":"https:\/\/serbia.com\/srpski\/wp-json\/wp\/v2\/comments?post=34999"}],"version-history":[{"count":1,"href":"https:\/\/serbia.com\/srpski\/wp-json\/wp\/v2\/pages\/34999\/revisions"}],"predecessor-version":[{"id":55255,"href":"https:\/\/serbia.com\/srpski\/wp-json\/wp\/v2\/pages\/34999\/revisions\/55255"}],"up":[{"embeddable":true,"href":"https:\/\/serbia.com\/srpski\/wp-json\/wp\/v2\/pages\/34850"}],"wp:featuredmedia":[{"embeddable":true,"href":"https:\/\/serbia.com\/srpski\/wp-json\/wp\/v2\/media\/22015"}],"wp:attachment":[{"href":"https:\/\/serbia.com\/srpski\/wp-json\/wp\/v2\/media?parent=34999"}],"wp:term":[{"taxonomy":"category","embeddable":true,"href":"https:\/\/serbia.com\/srpski\/wp-json\/wp\/v2\/categories?post=34999"},{"taxonomy":"post_tag","embeddable":true,"href":"https:\/\/serbia.com\/srpski\/wp-json\/wp\/v2\/tags?post=34999"}],"curies":[{"name":"wp","href":"https:\/\/api.w.org\/{rel}","templated":true}]}}