{"id":34990,"date":"2015-07-09T15:12:36","date_gmt":"2015-07-09T13:12:36","guid":{"rendered":"http:\/\/www.serbia.com\/?page_id=34990"},"modified":"2024-10-03T09:18:22","modified_gmt":"2024-10-03T07:18:22","slug":"momcilo-gavric","status":"publish","type":"page","link":"https:\/\/serbia.com\/srpski\/o-srbiji\/istorija\/srbija-u-prvom-svetskom-ratu\/momcilo-gavric\/","title":{"rendered":"Mom\u010dilo Gavri\u0107"},"content":{"rendered":"<h4>Po\u010detak Prvog svetskog rata odneo je njegovu porodicu, a njega u\u010dinio svojim najmla\u0111im u\u010desnikom i najmla\u0111im kaplarem na svetu. Osmogodi\u0161nji Mom\u010dilo Gavri\u0107 pro\u0161ao je sa srpskom vojskom albansku golgotu, svet mu se divio, a Grci su mu na Krfu podigli zlatnu plo\u010du. Ipak, godine koje su dolazile ovom malom vitezu nisu donele spokoj koji je zaslu\u017eio, ve\u0107 nebrojene nepravde.<\/h4>\n<p>Na samom po\u010detku Velikog rata Austrougraska je glavninu svojih snaga koncentrisala na reci <a href=\"http:\/\/www.serbia.com\/srpski\/drina-divlja-smaragdna-lepotica-2\/\" target=\"_blank\" rel=\"noopener\">Drini<\/a> \u010dija je okolina bila popri\u0161te borbi u prvoj ofanzivi rata. U tom prvom naletu neprijatelja, u obli\u017enjem selu Trbu\u0161nica kod Loznice, osmogodi\u0161njem de\u010daku, Mom\u010dilu Gavri\u0107u, <strong>ubijena je cela porodica<\/strong>, a njega je spasao slu\u010dajni odlazak kod ro\u0111aka.<\/p>\n<p>Od tog trenutka \u017eivot ovog de\u010daka pretvara se u roman koji samo \u017eivot mo\u017ee da napi\u0161e. Po\u0161to mu je neprijatelj zapalio i ku\u0107u, mali\u0161a se sam uputio ka Gu\u010devu kako bi prona\u0161ao srpsku vojsku i pozvao je da osveti njegovu bra\u0107u i sestre. Prizor de\u010daka koji je izgubio sve potresao je \u0160esti artiljerijski puk Drinske divizije kojim je komandovao brat Dimitrija Tucovi\u0107a, major Stevan Tucovi\u0107. On je naredio da se de\u010dak primi u Diviziju i da mu se dozvoli <strong>da<\/strong> <strong>svakog dana opali tri puta iz topa kako bi osvetio svoju porodicu<\/strong>.<\/p>\n<p>Sve do kraja Velikog rata, maleni vojnik se nije odvajao od srpske vojske. Borio se pod njenim zastavama u Kolubarskoj bici, pro\u0161ao albansku golgotu, pre\u017eiveo rane zadobijene na Kajmak\u010dalanu, u\u010destvovao u proboju Solunskog fronta, a\u00a0<strong>sa deset godina 1916. na Kajmak\u010dalanu \u017divojin Mi\u0161i\u0107 ga je unapredio u podnarednika. Tako je Mom\u010dilo Gavri\u0107 postao najmla\u0111i kaplar i podnarednik u istoriji ratova<\/strong>.<\/p>\n<figure id=\"attachment_23998\" aria-describedby=\"caption-attachment-23998\" style=\"width: 736px\" class=\"wp-caption aligncenter\"><a href=\"http:\/\/www.serbia.com\/wp-content\/uploads\/2014\/03\/Mom\u010dilo_Gavri\u0107_i_major_Stevan_Tucovi\u0107-res.jpg\"><img loading=\"lazy\" decoding=\"async\" class=\"size-full wp-image-23998 \" src=\"http:\/\/www.serbia.com\/wp-content\/uploads\/2014\/03\/Mom\u010dilo_Gavri\u0107_i_major_Stevan_Tucovi\u0107-res.jpg\" alt=\"Mom\u010dilo_Gavri\u0107_i_major_Stevan_Tucovi\u0107 res\" width=\"736\" height=\"460\" srcset=\"https:\/\/serbia.com\/wp-content\/uploads\/2014\/03\/Mom\u010dilo_Gavri\u0107_i_major_Stevan_Tucovi\u0107-res.jpg 736w, https:\/\/serbia.com\/wp-content\/uploads\/2014\/03\/Mom\u010dilo_Gavri\u0107_i_major_Stevan_Tucovi\u0107-res-300x187.jpg 300w\" sizes=\"(max-width: 736px) 100vw, 736px\" \/><\/a><figcaption id=\"caption-attachment-23998\" class=\"wp-caption-text\">Mom\u010dilo Gavri\u0107 i major Stevan Tucovi\u0107<\/figcaption><\/figure>\n<p>Kada je ovaj nesvakida\u0161nji vojnik primljen u Drinsku diviziju, vojnici su ga prozvali \u201esinom divizije\u201c a tu je upoznao i svog najboljeg prijatelja, Zlatiborca Milo\u0161a Mi\u0161ovi\u0107a od kojeg se nije odvajao. Pri\u010dalo se kasnije kako je prilikom prelaska preko Albanije, Zlatiborac od iznemoglosti pao u sneg i rekao de\u010daku da nastavi i da se ne obazire na njega. Mom\u010dilo se sklup\u010dao oko njega i rekao da ne\u0107e po\u0107i ni korak dalje bez njega. To je Milo\u0161u dalo snage da ustane i izdr\u017ei gogotu do kraja.<\/p>\n<figure id=\"attachment_29084\" aria-describedby=\"caption-attachment-29084\" style=\"width: 734px\" class=\"wp-caption aligncenter\"><img loading=\"lazy\" decoding=\"async\" class=\"wp-image-29084 size-full\" src=\"http:\/\/www.serbia.com\/wp-content\/uploads\/2014\/04\/Legitimacija-A-serbia.jpg\" alt=\"Legitimacija A serbia\" width=\"734\" height=\"551\" srcset=\"https:\/\/serbia.com\/wp-content\/uploads\/2014\/04\/Legitimacija-A-serbia.jpg 734w, https:\/\/serbia.com\/wp-content\/uploads\/2014\/04\/Legitimacija-A-serbia-300x225.jpg 300w\" sizes=\"(max-width: 734px) 100vw, 734px\" \/><figcaption id=\"caption-attachment-29084\" class=\"wp-caption-text\">Legitimacija Albanske spomenice<\/figcaption><\/figure>\n<p>Slobodno vreme na frontu mali vojnik je provodio u\u010de\u0107i da pi\u0161e. Jednog dana mi je u posetu do\u0161ao neki \u010dovek i poklonio mu sat i no\u017ei\u0107. Bio je to doktor <a href=\"http:\/\/www.serbia.com\/srpski\/arcibald-rajs-prijatelj-srba-iz-najtezih-dana\/\" target=\"_blank\" rel=\"noopener\">Ar\u010dibald Rajs<\/a>, \u0161vajcarski kriminolog koji je zavoleo Srbiju i borio se sa njenom vojskom na <a href=\"http:\/\/www.serbia.com\/srpski\/prodor-koji-je-odlucio-i-svetski-rat-2\/\" target=\"_blank\" rel=\"noopener\">Solunskom frontu<\/a>. Za ovog junaka \u010dula je i velika srpska dobrotvorka, engleska plemkinja, <a href=\"http:\/\/www.serbia.com\/srpski\/ledi-pedzet-samo-da-me-moji-srbi-ne-zaborave\/\" target=\"_blank\" rel=\"noopener\">ledi Lejla Ped\u017eet<\/a> koja ga je nazivala \u201esrpskim vitezom\u201c.<\/p>\n<p>Ona je ujedno bila jedna od dobrotvora koji su srpskim ratnim siro\u010di\u0107ima omogu\u0107ili da se, po zavr\u0161etku rata, \u0161koluju u Londonu. Mom\u010dilo je bio jedan od njih. Imao je samo dvanaest godina kada mu je pukovnik Tucovi\u0107 izdao poslednju naredbu \u2013 <strong>da otputuje u London i zavr\u0161i gimnaziju \u201eHenri Rajt\u201c<\/strong>.<\/p>\n<figure id=\"attachment_29081\" aria-describedby=\"caption-attachment-29081\" style=\"width: 600px\" class=\"wp-caption aligncenter\"><img loading=\"lazy\" decoding=\"async\" class=\"wp-image-29081 size-full\" src=\"http:\/\/www.serbia.com\/wp-content\/uploads\/2014\/04\/Iz-Engleske-na-skolovanju-serbia-2.jpg\" alt=\"Iz Engleske na skolovanju serbia 2\" width=\"600\" height=\"800\" srcset=\"https:\/\/serbia.com\/wp-content\/uploads\/2014\/04\/Iz-Engleske-na-skolovanju-serbia-2.jpg 600w, https:\/\/serbia.com\/wp-content\/uploads\/2014\/04\/Iz-Engleske-na-skolovanju-serbia-2-225x300.jpg 225w\" sizes=\"(max-width: 600px) 100vw, 600px\" \/><figcaption id=\"caption-attachment-29081\" class=\"wp-caption-text\">Mom\u010dilo Gavri\u0107 na \u0161kolovanju u Engleskoj<\/figcaption><\/figure>\n<p><em><strong>\u017divot posle rata: Nepravda na svakom koraku<\/strong><\/em><\/p>\n<p>Po povratku iz Londona, sada ve\u0107 mladi\u0107a Gavri\u0107a odveli su na zgari\u0161te njegove ku\u0107e, ali on nije \u017eeleo da tu obnovi svoj \u017eivot. Radio je razne poslove od <a href=\"http:\/\/www.serbia.com\/srpski\/sabac-grad-saljivdzija-i-boema\/\" target=\"_blank\" rel=\"noopener\">\u0160apca<\/a> do <a href=\"http:\/\/www.serbia.com\/srpski\/posetite-srbiju\/sta-videti\/gradovi\/beograd\/\" target=\"_blank\" rel=\"noopener\">Beograda<\/a> i \u017eiveo mirno dok mu neo\u010dekivano 1929. nije stigao poziv za regrutaciju.<\/p>\n<figure id=\"attachment_29087\" aria-describedby=\"caption-attachment-29087\" style=\"width: 225px\" class=\"wp-caption alignleft\"><img loading=\"lazy\" decoding=\"async\" class=\"wp-image-29087 size-medium\" src=\"https:\/\/serbia.com\/wp-content\/uploads\/2014\/04\/Momcilo-ponovo-u-vojsci-1928-serbia-225x300.jpg\" alt=\"Momcilo ponovo u vojsci-1928 serbia\" width=\"225\" height=\"300\" srcset=\"https:\/\/serbia.com\/wp-content\/uploads\/2014\/04\/Momcilo-ponovo-u-vojsci-1928-serbia-225x300.jpg 225w, https:\/\/serbia.com\/wp-content\/uploads\/2014\/04\/Momcilo-ponovo-u-vojsci-1928-serbia.jpg 600w\" sizes=\"(max-width: 225px) 100vw, 225px\" \/><figcaption id=\"caption-attachment-29087\" class=\"wp-caption-text\">Mom\u010dilo Gavri\u0107 ponovo u vojsci<\/figcaption><\/figure>\n<p>Javio se u kasarnu u Slavonskoj Po\u017eegi i rekao da je \u010detiri godine ratovao, da je ranjavan i nosilac Albanske spomenice, ali mu niko nije poverovao. Tra\u017eili su da napi\u0161e priznanje da la\u017ee, na \u0161ta Gavri\u0107 nije pristao, pa je zbog toga dva i po meseca le\u017eao u zatvoru.<\/p>\n<p>Posle vojske Mom\u010dilo se vratio u Beograd i zavr\u0161io grafi\u010darski zanat i obuku za voza\u010da, o\u017eenio se i zaposlio u fabrici hartije \u201eVapa\u201c. Ovde je radio sve do po\u010detka Drugog svetskog rata kada je mobilisan u vojsku Kraljevine Jugoslavije u Kola\u0161inu.<\/p>\n<figure id=\"attachment_29090\" aria-describedby=\"caption-attachment-29090\" style=\"width: 300px\" class=\"wp-caption alignright\"><img loading=\"lazy\" decoding=\"async\" class=\"wp-image-29090 size-medium\" src=\"https:\/\/serbia.com\/wp-content\/uploads\/2014\/04\/Deo-odlikovanaj-serbia-300x225.jpg\" alt=\"Deo odlikovanaj serbia\" width=\"300\" height=\"225\" srcset=\"https:\/\/serbia.com\/wp-content\/uploads\/2014\/04\/Deo-odlikovanaj-serbia-300x225.jpg 300w, https:\/\/serbia.com\/wp-content\/uploads\/2014\/04\/Deo-odlikovanaj-serbia.jpg 600w\" sizes=\"(max-width: 300px) 100vw, 300px\" \/><figcaption id=\"caption-attachment-29090\" class=\"wp-caption-text\">Deo odlikovanja<\/figcaption><\/figure>\n<p>Nemci su zarobili njegov puk, ali je Gavri\u0107 uspeo da pobegne. Vratio se u Beograd i nastavio da radi u fabrici kao asistent jednom Jevrejinu koga Nemci nisu dirali jer im je bila potrebna njegova stru\u010dnost. Sve do 1943. godine.<strong> A tada su ih obojicu bacili u logor na Banjici<\/strong>, ali je uz protekciju \u0161efa policije, Gavri\u0107 pu\u0161ten posle nekoliko meseci.<\/p>\n<p><strong>Nevolje Mom\u010dila Gavri\u0107a se ovde nisu zavr\u0161ile.<\/strong> Posle logora optu\u017een je i za kolaboraciju, a streljanja ga je spasla \u010dista sre\u0107a jer ga je prepoznao skojevac kome je tokom okupacije davao dragoceni papir.<\/p>\n<p>I kao da sve to nije bilo dovoljno, aktivisti \u201eNarodnog fronta\u201c do\u0161li su 1947. na vrata njegovog doma i tra\u017eili nov\u010dani prilog za \u201ebratski narod u Albaniji\u201c. Se\u0107aju\u0107i se albanske golgote, i kako su Albanci ubijali i plja\u010dkali njegove iznemogle saborce, Gavri\u0107 nije dao prilog. Zbog toga je osu\u0111en na godinu i po zatvora i nikada nije \u017eeleo da pri\u010da o mukama koje je tamo pre\u017eiveo.<\/p>\n<p>U Srbiji nema ni jednog obele\u017eja koje se\u0107a na ovog neobi\u010dnog junaka, a ostala je da \u017eivi pri\u010da o tome kako mu je prilikom dodele ordena od strane francuskog predsednika Miterana 1985. godine, general Lepardije rekao: <em><strong>\u201e\u0160teta \u0161to niste bili francuski vojnik, imali biste spomenik na Jelisejskim poljima\u201c<\/strong><\/em>.<\/p>\n<p><em><a href=\"http:\/\/www.serbia.com\/wp-content\/uploads\/2014\/03\/kancelarija-za-dijasporu-logo1.jpg\"><img loading=\"lazy\" decoding=\"async\" class=\"wp-image-21922 alignleft\" src=\"http:\/\/www.serbia.com\/wp-content\/uploads\/2014\/03\/kancelarija-za-dijasporu-logo1.jpg\" alt=\"kancelarija-za-dijasporu-logo1\" width=\"275\" height=\"100\" \/><\/a><\/em><\/p>\n<p><em>Tekst je podr\u017ean od strane <a href=\"http:\/\/www.dijaspora.gov.rs\/\" target=\"_blank\" rel=\"noopener\">Kancelarije za saradnju sa dijasporom i Srbima u regionu<\/a>.<\/em><\/p>\n","protected":false},"excerpt":{"rendered":"<p>Po\u010detak Prvog svetskog rata odneo je njegovu porodicu, a njega u\u010dinio svojim najmla\u0111im u\u010desnikom i najmla\u0111im kaplarem na svetu. Osmogodi\u0161nji Mom\u010dilo Gavri\u0107 pro\u0161ao je sa srpskom vojskom albansku golgotu, svet [&hellip;]<\/p>\n","protected":false},"author":27,"featured_media":34988,"parent":34850,"menu_order":0,"comment_status":"closed","ping_status":"closed","template":"","meta":{"_acf_changed":false,"inline_featured_image":false,"_monsterinsights_skip_tracking":false,"_monsterinsights_sitenote_active":false,"_monsterinsights_sitenote_note":"","_monsterinsights_sitenote_category":0,"footnotes":""},"categories":[1639,2815],"tags":[3231,6757],"class_list":["post-34990","page","type-page","status-publish","has-post-thumbnail","hentry","category-istorija-kultura-otkrijte-srbiju","category-istorijske-licnosti","tag-momcilo-gavric","tag-srbija-u-i-svetskom-ratu"],"acf":[],"yoast_head":"<!-- This site is optimized with the Yoast SEO plugin v23.8 - https:\/\/yoast.com\/wordpress\/plugins\/seo\/ -->\n<title>Mom\u010dilo Gavri\u0107 - Serbia.com<\/title>\n<meta name=\"robots\" content=\"index, follow, max-snippet:-1, max-image-preview:large, max-video-preview:-1\" \/>\n<link rel=\"canonical\" href=\"https:\/\/serbia.com\/srpski\/o-srbiji\/istorija\/srbija-u-prvom-svetskom-ratu\/momcilo-gavric\/\" \/>\n<meta property=\"og:locale\" content=\"en_US\" \/>\n<meta property=\"og:type\" content=\"article\" \/>\n<meta property=\"og:title\" content=\"Mom\u010dilo Gavri\u0107 - Serbia.com\" \/>\n<meta property=\"og:description\" content=\"Po\u010detak Prvog svetskog rata odneo je njegovu porodicu, a njega u\u010dinio svojim najmla\u0111im u\u010desnikom i najmla\u0111im kaplarem na svetu. Osmogodi\u0161nji Mom\u010dilo Gavri\u0107 pro\u0161ao je sa srpskom vojskom albansku golgotu, svet [&hellip;]\" \/>\n<meta property=\"og:url\" content=\"https:\/\/serbia.com\/srpski\/o-srbiji\/istorija\/srbija-u-prvom-svetskom-ratu\/momcilo-gavric\/\" \/>\n<meta property=\"og:site_name\" content=\"Serbia.com\" \/>\n<meta property=\"article:modified_time\" content=\"2024-10-03T07:18:22+00:00\" \/>\n<meta property=\"og:image\" content=\"https:\/\/serbia.com\/wp-content\/uploads\/2015\/07\/Momcilo_Gavric_and_unit111.jpg\" \/>\n\t<meta property=\"og:image:width\" content=\"1666\" \/>\n\t<meta property=\"og:image:height\" content=\"573\" \/>\n\t<meta property=\"og:image:type\" content=\"image\/jpeg\" \/>\n<meta name=\"twitter:label1\" content=\"Est. reading time\" \/>\n\t<meta name=\"twitter:data1\" content=\"6 minutes\" \/>\n<script type=\"application\/ld+json\" class=\"yoast-schema-graph\">{\"@context\":\"https:\/\/schema.org\",\"@graph\":[{\"@type\":\"WebPage\",\"@id\":\"https:\/\/serbia.com\/srpski\/o-srbiji\/istorija\/srbija-u-prvom-svetskom-ratu\/momcilo-gavric\/\",\"url\":\"https:\/\/serbia.com\/srpski\/o-srbiji\/istorija\/srbija-u-prvom-svetskom-ratu\/momcilo-gavric\/\",\"name\":\"Mom\u010dilo Gavri\u0107 - Serbia.com\",\"isPartOf\":{\"@id\":\"https:\/\/serbia.com\/#website\"},\"primaryImageOfPage\":{\"@id\":\"https:\/\/serbia.com\/srpski\/o-srbiji\/istorija\/srbija-u-prvom-svetskom-ratu\/momcilo-gavric\/#primaryimage\"},\"image\":{\"@id\":\"https:\/\/serbia.com\/srpski\/o-srbiji\/istorija\/srbija-u-prvom-svetskom-ratu\/momcilo-gavric\/#primaryimage\"},\"thumbnailUrl\":\"https:\/\/serbia.com\/wp-content\/uploads\/2015\/07\/Momcilo_Gavric_and_unit111.jpg\",\"datePublished\":\"2015-07-09T13:12:36+00:00\",\"dateModified\":\"2024-10-03T07:18:22+00:00\",\"breadcrumb\":{\"@id\":\"https:\/\/serbia.com\/srpski\/o-srbiji\/istorija\/srbija-u-prvom-svetskom-ratu\/momcilo-gavric\/#breadcrumb\"},\"inLanguage\":\"srpski\",\"potentialAction\":[{\"@type\":\"ReadAction\",\"target\":[\"https:\/\/serbia.com\/srpski\/o-srbiji\/istorija\/srbija-u-prvom-svetskom-ratu\/momcilo-gavric\/\"]}]},{\"@type\":\"ImageObject\",\"inLanguage\":\"srpski\",\"@id\":\"https:\/\/serbia.com\/srpski\/o-srbiji\/istorija\/srbija-u-prvom-svetskom-ratu\/momcilo-gavric\/#primaryimage\",\"url\":\"https:\/\/serbia.com\/wp-content\/uploads\/2015\/07\/Momcilo_Gavric_and_unit111.jpg\",\"contentUrl\":\"https:\/\/serbia.com\/wp-content\/uploads\/2015\/07\/Momcilo_Gavric_and_unit111.jpg\",\"width\":1666,\"height\":573},{\"@type\":\"BreadcrumbList\",\"@id\":\"https:\/\/serbia.com\/srpski\/o-srbiji\/istorija\/srbija-u-prvom-svetskom-ratu\/momcilo-gavric\/#breadcrumb\",\"itemListElement\":[{\"@type\":\"ListItem\",\"position\":1,\"name\":\"Home\",\"item\":\"https:\/\/serbia.com\/srpski\/\"},{\"@type\":\"ListItem\",\"position\":2,\"name\":\"O Srbiji\",\"item\":\"https:\/\/serbia.com\/srpski\/o-srbiji\/\"},{\"@type\":\"ListItem\",\"position\":3,\"name\":\"Istorija\",\"item\":\"https:\/\/serbia.com\/srpski\/o-srbiji\/istorija\/\"},{\"@type\":\"ListItem\",\"position\":4,\"name\":\"Srbija u Prvom svetskom ratu\",\"item\":\"https:\/\/serbia.com\/srpski\/o-srbiji\/istorija\/srbija-u-prvom-svetskom-ratu\/\"},{\"@type\":\"ListItem\",\"position\":5,\"name\":\"Mom\u010dilo Gavri\u0107\"}]},{\"@type\":\"WebSite\",\"@id\":\"https:\/\/serbia.com\/#website\",\"url\":\"https:\/\/serbia.com\/\",\"name\":\"Serbia.com\",\"description\":\"Your Gateway to Serbia\",\"potentialAction\":[{\"@type\":\"SearchAction\",\"target\":{\"@type\":\"EntryPoint\",\"urlTemplate\":\"https:\/\/serbia.com\/?s={search_term_string}\"},\"query-input\":{\"@type\":\"PropertyValueSpecification\",\"valueRequired\":true,\"valueName\":\"search_term_string\"}}],\"inLanguage\":\"srpski\"}]}<\/script>\n<!-- \/ Yoast SEO plugin. -->","yoast_head_json":{"title":"Mom\u010dilo Gavri\u0107 - Serbia.com","robots":{"index":"index","follow":"follow","max-snippet":"max-snippet:-1","max-image-preview":"max-image-preview:large","max-video-preview":"max-video-preview:-1"},"canonical":"https:\/\/serbia.com\/srpski\/o-srbiji\/istorija\/srbija-u-prvom-svetskom-ratu\/momcilo-gavric\/","og_locale":"en_US","og_type":"article","og_title":"Mom\u010dilo Gavri\u0107 - Serbia.com","og_description":"Po\u010detak Prvog svetskog rata odneo je njegovu porodicu, a njega u\u010dinio svojim najmla\u0111im u\u010desnikom i najmla\u0111im kaplarem na svetu. Osmogodi\u0161nji Mom\u010dilo Gavri\u0107 pro\u0161ao je sa srpskom vojskom albansku golgotu, svet [&hellip;]","og_url":"https:\/\/serbia.com\/srpski\/o-srbiji\/istorija\/srbija-u-prvom-svetskom-ratu\/momcilo-gavric\/","og_site_name":"Serbia.com","article_modified_time":"2024-10-03T07:18:22+00:00","og_image":[{"width":1666,"height":573,"url":"https:\/\/serbia.com\/wp-content\/uploads\/2015\/07\/Momcilo_Gavric_and_unit111.jpg","type":"image\/jpeg"}],"twitter_misc":{"Est. reading time":"6 minutes"},"schema":{"@context":"https:\/\/schema.org","@graph":[{"@type":"WebPage","@id":"https:\/\/serbia.com\/srpski\/o-srbiji\/istorija\/srbija-u-prvom-svetskom-ratu\/momcilo-gavric\/","url":"https:\/\/serbia.com\/srpski\/o-srbiji\/istorija\/srbija-u-prvom-svetskom-ratu\/momcilo-gavric\/","name":"Mom\u010dilo Gavri\u0107 - Serbia.com","isPartOf":{"@id":"https:\/\/serbia.com\/#website"},"primaryImageOfPage":{"@id":"https:\/\/serbia.com\/srpski\/o-srbiji\/istorija\/srbija-u-prvom-svetskom-ratu\/momcilo-gavric\/#primaryimage"},"image":{"@id":"https:\/\/serbia.com\/srpski\/o-srbiji\/istorija\/srbija-u-prvom-svetskom-ratu\/momcilo-gavric\/#primaryimage"},"thumbnailUrl":"https:\/\/serbia.com\/wp-content\/uploads\/2015\/07\/Momcilo_Gavric_and_unit111.jpg","datePublished":"2015-07-09T13:12:36+00:00","dateModified":"2024-10-03T07:18:22+00:00","breadcrumb":{"@id":"https:\/\/serbia.com\/srpski\/o-srbiji\/istorija\/srbija-u-prvom-svetskom-ratu\/momcilo-gavric\/#breadcrumb"},"inLanguage":"srpski","potentialAction":[{"@type":"ReadAction","target":["https:\/\/serbia.com\/srpski\/o-srbiji\/istorija\/srbija-u-prvom-svetskom-ratu\/momcilo-gavric\/"]}]},{"@type":"ImageObject","inLanguage":"srpski","@id":"https:\/\/serbia.com\/srpski\/o-srbiji\/istorija\/srbija-u-prvom-svetskom-ratu\/momcilo-gavric\/#primaryimage","url":"https:\/\/serbia.com\/wp-content\/uploads\/2015\/07\/Momcilo_Gavric_and_unit111.jpg","contentUrl":"https:\/\/serbia.com\/wp-content\/uploads\/2015\/07\/Momcilo_Gavric_and_unit111.jpg","width":1666,"height":573},{"@type":"BreadcrumbList","@id":"https:\/\/serbia.com\/srpski\/o-srbiji\/istorija\/srbija-u-prvom-svetskom-ratu\/momcilo-gavric\/#breadcrumb","itemListElement":[{"@type":"ListItem","position":1,"name":"Home","item":"https:\/\/serbia.com\/srpski\/"},{"@type":"ListItem","position":2,"name":"O Srbiji","item":"https:\/\/serbia.com\/srpski\/o-srbiji\/"},{"@type":"ListItem","position":3,"name":"Istorija","item":"https:\/\/serbia.com\/srpski\/o-srbiji\/istorija\/"},{"@type":"ListItem","position":4,"name":"Srbija u Prvom svetskom ratu","item":"https:\/\/serbia.com\/srpski\/o-srbiji\/istorija\/srbija-u-prvom-svetskom-ratu\/"},{"@type":"ListItem","position":5,"name":"Mom\u010dilo Gavri\u0107"}]},{"@type":"WebSite","@id":"https:\/\/serbia.com\/#website","url":"https:\/\/serbia.com\/","name":"Serbia.com","description":"Your Gateway to Serbia","potentialAction":[{"@type":"SearchAction","target":{"@type":"EntryPoint","urlTemplate":"https:\/\/serbia.com\/?s={search_term_string}"},"query-input":{"@type":"PropertyValueSpecification","valueRequired":true,"valueName":"search_term_string"}}],"inLanguage":"srpski"}]}},"_links":{"self":[{"href":"https:\/\/serbia.com\/srpski\/wp-json\/wp\/v2\/pages\/34990"}],"collection":[{"href":"https:\/\/serbia.com\/srpski\/wp-json\/wp\/v2\/pages"}],"about":[{"href":"https:\/\/serbia.com\/srpski\/wp-json\/wp\/v2\/types\/page"}],"author":[{"embeddable":true,"href":"https:\/\/serbia.com\/srpski\/wp-json\/wp\/v2\/users\/27"}],"replies":[{"embeddable":true,"href":"https:\/\/serbia.com\/srpski\/wp-json\/wp\/v2\/comments?post=34990"}],"version-history":[{"count":1,"href":"https:\/\/serbia.com\/srpski\/wp-json\/wp\/v2\/pages\/34990\/revisions"}],"predecessor-version":[{"id":55247,"href":"https:\/\/serbia.com\/srpski\/wp-json\/wp\/v2\/pages\/34990\/revisions\/55247"}],"up":[{"embeddable":true,"href":"https:\/\/serbia.com\/srpski\/wp-json\/wp\/v2\/pages\/34850"}],"wp:featuredmedia":[{"embeddable":true,"href":"https:\/\/serbia.com\/srpski\/wp-json\/wp\/v2\/media\/34988"}],"wp:attachment":[{"href":"https:\/\/serbia.com\/srpski\/wp-json\/wp\/v2\/media?parent=34990"}],"wp:term":[{"taxonomy":"category","embeddable":true,"href":"https:\/\/serbia.com\/srpski\/wp-json\/wp\/v2\/categories?post=34990"},{"taxonomy":"post_tag","embeddable":true,"href":"https:\/\/serbia.com\/srpski\/wp-json\/wp\/v2\/tags?post=34990"}],"curies":[{"name":"wp","href":"https:\/\/api.w.org\/{rel}","templated":true}]}}