{"id":34978,"date":"2015-07-09T14:42:28","date_gmt":"2015-07-09T12:42:28","guid":{"rendered":"http:\/\/www.serbia.com\/?page_id=34978"},"modified":"2024-10-03T09:36:12","modified_gmt":"2024-10-03T07:36:12","slug":"ledi-pedzet","status":"publish","type":"page","link":"https:\/\/serbia.com\/srpski\/o-srbiji\/istorija\/srbija-u-prvom-svetskom-ratu\/ledi-pedzet\/","title":{"rendered":"Ledi Ped\u017eet"},"content":{"rendered":"<h4>Ledi Ped\u017eet je engleska plemkinja i humana srpska dobrotvorka koja je u Balkanskim ratovima i Prvom svetskom ratu le\u010dila srpsku vojsku. Po zavr\u0161etku Drugog svetskog rata, njen londonski dom postao je steci\u0161te srpskih politi\u010dkih izbeglica. Nov\u010dano je pomogla ure\u0111enju Srpske crkve i Srpskog kluba u Londonu.<\/h4>\n<p>Ledi Leila Ped\u017eet je zavolela Srbe za vreme boravka u Beogradu tokom slu\u017ebe njenog supruga koji je bio britanski predstavnik u Srbiji. Svoju humanu stranu ova engleska dama otkrila je tokom Balkanskih ratova, kada je sa engleskim lekarima osnovala vojnu bolnicu u <a title=\"Beograd\" href=\"http:\/\/www.serbia.com\/srpski\/posetite-srbiju\/sta-videti\/gradovi\/beograd\/\" target=\"_blank\" rel=\"noopener\">Beogradu<\/a> i posvetila se le\u010denju srpske vojske kao dobrovoljna bolni\u010darka.<\/p>\n<p>Po\u010detak Velikog rata zatekao je ledi Ped\u017eet u Londonu. Pa iako je tu bila bezbedna,<strong> plemenita Ledi nije mogla da sedi \u201cskr\u0161tenih ruku\u201d dok \u201cnjeni Srbi\u201d ratuju<\/strong>. Zbog toga je, ne obaziru\u0107i se na savete supruga i oca, ve\u0107 u novembru sa velikom britanskom sanitetskom misijom, preko Soluna, po\u0161la ka Skoplju.<\/p>\n<blockquote><p><strong><em>Prisustvovala sahrani kralja Aleksandra Kara\u0111or\u0111evi\u0107a<\/em><\/strong><\/p>\n<p><em>Kralj Aleksandar Kara\u0111or\u0111evi\u0107 ubijen je 9. oktobra 1934. godine, u atentatu u Marseju. Igrom slu\u010daja, istog dana ledi Ped\u017eet je slavila svoj 53. ro\u0111endan. Ledi je \u017eelela da oda poslednju po\u010dast prvom jugoslovenskom kralju, pa je doputovala na njegovu sahranu. To je ujedno bio i poslednji put da je ova hrabra i humana \u017eena posetila Srbiju.<\/em><\/p><\/blockquote>\n<p>Tifus je zavladao skopskom vojnom bolnicom, a ledi Ped\u017eet je toliko po\u017ertvovano pomagala vojnicima da je ubrzo i sama obolela od ove opake bolesti. Nakon te\u0161kih dana borbe, Ledi je ipak ozdravila i u maju otputovala na oporavak u \u0160vajcarsku.<\/p>\n<p><img loading=\"lazy\" decoding=\"async\" class=\"alignleft size-medium wp-image-13760\" src=\"http:\/\/www.serbia.com\/wp-content\/uploads\/2014\/02\/ledi_lejla_pedzet2-197x300.jpg\" alt=\"ledi_lejla_pedzet\" width=\"197\" height=\"300\" srcset=\"https:\/\/serbia.com\/wp-content\/uploads\/2014\/02\/ledi_lejla_pedzet2-197x300.jpg 197w, https:\/\/serbia.com\/wp-content\/uploads\/2014\/02\/ledi_lejla_pedzet2.jpg 249w\" sizes=\"(max-width: 197px) 100vw, 197px\" \/>Ve\u0107 u julu se vratila u Skoplje gde je opet upravljala bolnicom i <strong>napravila gest koji \u0107e Srbija zauvek pamtiti<\/strong>. Srpska vojska krenula je u povla\u010denje preko Albanije, a ledi Ped\u017eet je bez obzira na savete i molbe svojih najbli\u017eih da odstupi sa vojskom, ipak <strong>ostala uz ranjenike koji nisu mogli da se evakui\u0161u.<\/strong> Skoplje je u tom trenutku bilo okupirano od strane Bugara.<\/p>\n<p>Neustra\u0161iva Ledi je u takvim okolnostima ostala u Skoplju sve dok pslednji ranjenik nije napustio skopsku vojnu bolnicu. Nakon toga, ledi Ped\u017eet se vratila u Englesku i posvetila svojoj drugoj ljubavi, prirodi. Ali pre odlaska, osetila je potrebu da se oprosti sa svojim Srbima pismom koje je bilo objavljeno na prvoj strani \u201cPolitike\u201d, u kome, izme\u0111u ostalog, ka\u017ee:<\/p>\n<p><strong><em>\u201cOd uvek sam za Srbiju i srpski narod imala tople simpatije i izme\u0111u mene i njega je postojala neka naro\u010dita veza, koja je \u010dinila da i kad sam od njih daleko s ljubavlju mislim na njih, veza koja je \u010dinila da sam u Srbiju dolazila uvek s onom istom rado\u0161\u0107u s kojom i u svoju otad\u017ebinu. Jo\u0161 jednom iskreno i od srca hvala svima i do skorog vi\u0111enja.\u201d<\/em><\/strong><\/p>\n<figure id=\"attachment_24408\" aria-describedby=\"caption-attachment-24408\" style=\"width: 736px\" class=\"wp-caption aligncenter\"><a href=\"http:\/\/www.serbia.com\/wp-content\/uploads\/2014\/02\/Ulica-Ledi-Pedzet.jpg\"><img loading=\"lazy\" decoding=\"async\" class=\"size-full wp-image-24408 \" src=\"http:\/\/www.serbia.com\/wp-content\/uploads\/2014\/02\/Ulica-Ledi-Pedzet.jpg\" alt=\"Ulica Ledi Pedzet\" width=\"736\" height=\"491\" srcset=\"https:\/\/serbia.com\/wp-content\/uploads\/2014\/02\/Ulica-Ledi-Pedzet.jpg 736w, https:\/\/serbia.com\/wp-content\/uploads\/2014\/02\/Ulica-Ledi-Pedzet-300x200.jpg 300w\" sizes=\"(max-width: 736px) 100vw, 736px\" \/><\/a><figcaption id=\"caption-attachment-24408\" class=\"wp-caption-text\">Ulica Ledi Pedzet u Beogradu<\/figcaption><\/figure>\n<p>Na svom imanju nedaleko od Londona \u017eivela je mirno uzgajaju\u0107i ptice i cve\u0107e sve dok taj mir nije pomutio Drugi svetski rat. Ledi je u svojoj ku\u0107i otvorila bolnicu, a kad se rat zavr\u0161io, <strong>njen dom je postao steci\u0161te srpskih politi\u010dkih izbeglica.<\/strong><\/p>\n<p>Postoje podaci prema kojima je pomogla Milo\u0161u Crnjanskom da dobije englesko dr\u017eavljanstvo. On je ujedno bio jedan od mnogih Srba koje je ledi Ped\u017eet ugostila u svojoj ku\u0107i.<a href=\"http:\/\/www.serbia.com\/wp-content\/uploads\/2014\/02\/Ulica-Ledi-Pedzet-tabla.jpg\"><img loading=\"lazy\" decoding=\"async\" class=\" wp-image-24412 alignright\" src=\"http:\/\/www.serbia.com\/wp-content\/uploads\/2014\/02\/Ulica-Ledi-Pedzet-tabla.jpg\" alt=\"Ulica Ledi Pedzet tabla\" width=\"265\" height=\"177\" srcset=\"https:\/\/serbia.com\/wp-content\/uploads\/2014\/02\/Ulica-Ledi-Pedzet-tabla.jpg 736w, https:\/\/serbia.com\/wp-content\/uploads\/2014\/02\/Ulica-Ledi-Pedzet-tabla-300x200.jpg 300w\" sizes=\"(max-width: 265px) 100vw, 265px\" \/><\/a><\/p>\n<p>Pred kraj \u017eivota Ledi je imala strah samo od jednog \u2013 da je njeni Srbi ne zaborave.<strong><em> \u201eNeka me svi zaborave! To mi je svejedno! Ali \u0107e mi te\u0161ko pasti ako me moji Srbi zaborave!\u201d<\/em><\/strong><\/p>\n<p>Odlikovana je najvi\u0161im Ordenom reda Britanske imperije i najvi\u0161im odlikovanjem Srbije, Ordenom Sv. Save. Beograd \u0107e zauvek pamtiti Ledi Ped\u017eet kroz ulicu na Dednju koja nosi njeno ime.<\/p>\n<p><em><a href=\"http:\/\/www.serbia.com\/wp-content\/uploads\/2014\/02\/kancelarija-za-dijasporu-logo14.jpg\"><img loading=\"lazy\" decoding=\"async\" class=\"size-full wp-image-13700 alignleft\" src=\"http:\/\/www.serbia.com\/wp-content\/uploads\/2014\/02\/kancelarija-za-dijasporu-logo14.jpg\" alt=\"kancelarija-za-dijasporu-logo1\" width=\"275\" height=\"100\" \/><\/a><\/em><\/p>\n<p><em>Tekst je podr\u017ean od strane <a href=\"http:\/\/www.dijaspora.gov.rs\/\" target=\"_blank\" rel=\"noopener\">Kancelarije za saradnju sa dijasporom i Srbima u regionu<\/a>.<\/em><\/p>\n","protected":false},"excerpt":{"rendered":"<p>Ledi Ped\u017eet je engleska plemkinja i humana srpska dobrotvorka koja je u Balkanskim ratovima i Prvom svetskom ratu le\u010dila srpsku vojsku. Po zavr\u0161etku Drugog svetskog rata, njen londonski dom postao [&hellip;]<\/p>\n","protected":false},"author":27,"featured_media":34972,"parent":34850,"menu_order":0,"comment_status":"closed","ping_status":"closed","template":"","meta":{"_acf_changed":false,"inline_featured_image":false,"_monsterinsights_skip_tracking":false,"_monsterinsights_sitenote_active":false,"_monsterinsights_sitenote_note":"","_monsterinsights_sitenote_category":0,"footnotes":""},"categories":[1639,2815],"tags":[3234,6757],"class_list":["post-34978","page","type-page","status-publish","has-post-thumbnail","hentry","category-istorija-kultura-otkrijte-srbiju","category-istorijske-licnosti","tag-ledi-pedzet","tag-srbija-u-i-svetskom-ratu"],"acf":[],"yoast_head":"<!-- This site is optimized with the Yoast SEO plugin v23.8 - https:\/\/yoast.com\/wordpress\/plugins\/seo\/ -->\n<title>Ledi Ped\u017eet - Serbia.com<\/title>\n<meta name=\"robots\" content=\"index, follow, max-snippet:-1, max-image-preview:large, max-video-preview:-1\" \/>\n<link rel=\"canonical\" href=\"https:\/\/serbia.com\/srpski\/o-srbiji\/istorija\/srbija-u-prvom-svetskom-ratu\/ledi-pedzet\/\" \/>\n<meta property=\"og:locale\" content=\"en_US\" \/>\n<meta property=\"og:type\" content=\"article\" \/>\n<meta property=\"og:title\" content=\"Ledi Ped\u017eet - Serbia.com\" \/>\n<meta property=\"og:description\" content=\"Ledi Ped\u017eet je engleska plemkinja i humana srpska dobrotvorka koja je u Balkanskim ratovima i Prvom svetskom ratu le\u010dila srpsku vojsku. Po zavr\u0161etku Drugog svetskog rata, njen londonski dom postao [&hellip;]\" \/>\n<meta property=\"og:url\" content=\"https:\/\/serbia.com\/srpski\/o-srbiji\/istorija\/srbija-u-prvom-svetskom-ratu\/ledi-pedzet\/\" \/>\n<meta property=\"og:site_name\" content=\"Serbia.com\" \/>\n<meta property=\"article:modified_time\" content=\"2024-10-03T07:36:12+00:00\" \/>\n<meta property=\"og:image\" content=\"https:\/\/serbia.com\/wp-content\/uploads\/2015\/07\/Lady_Paget1.jpg\" \/>\n\t<meta property=\"og:image:width\" content=\"1543\" \/>\n\t<meta property=\"og:image:height\" content=\"1193\" \/>\n\t<meta property=\"og:image:type\" content=\"image\/jpeg\" \/>\n<meta name=\"twitter:label1\" content=\"Est. reading time\" \/>\n\t<meta name=\"twitter:data1\" content=\"4 minutes\" \/>\n<script type=\"application\/ld+json\" class=\"yoast-schema-graph\">{\"@context\":\"https:\/\/schema.org\",\"@graph\":[{\"@type\":\"WebPage\",\"@id\":\"https:\/\/serbia.com\/srpski\/o-srbiji\/istorija\/srbija-u-prvom-svetskom-ratu\/ledi-pedzet\/\",\"url\":\"https:\/\/serbia.com\/srpski\/o-srbiji\/istorija\/srbija-u-prvom-svetskom-ratu\/ledi-pedzet\/\",\"name\":\"Ledi Ped\u017eet - Serbia.com\",\"isPartOf\":{\"@id\":\"https:\/\/serbia.com\/#website\"},\"primaryImageOfPage\":{\"@id\":\"https:\/\/serbia.com\/srpski\/o-srbiji\/istorija\/srbija-u-prvom-svetskom-ratu\/ledi-pedzet\/#primaryimage\"},\"image\":{\"@id\":\"https:\/\/serbia.com\/srpski\/o-srbiji\/istorija\/srbija-u-prvom-svetskom-ratu\/ledi-pedzet\/#primaryimage\"},\"thumbnailUrl\":\"https:\/\/serbia.com\/wp-content\/uploads\/2015\/07\/Lady_Paget1.jpg\",\"datePublished\":\"2015-07-09T12:42:28+00:00\",\"dateModified\":\"2024-10-03T07:36:12+00:00\",\"breadcrumb\":{\"@id\":\"https:\/\/serbia.com\/srpski\/o-srbiji\/istorija\/srbija-u-prvom-svetskom-ratu\/ledi-pedzet\/#breadcrumb\"},\"inLanguage\":\"srpski\",\"potentialAction\":[{\"@type\":\"ReadAction\",\"target\":[\"https:\/\/serbia.com\/srpski\/o-srbiji\/istorija\/srbija-u-prvom-svetskom-ratu\/ledi-pedzet\/\"]}]},{\"@type\":\"ImageObject\",\"inLanguage\":\"srpski\",\"@id\":\"https:\/\/serbia.com\/srpski\/o-srbiji\/istorija\/srbija-u-prvom-svetskom-ratu\/ledi-pedzet\/#primaryimage\",\"url\":\"https:\/\/serbia.com\/wp-content\/uploads\/2015\/07\/Lady_Paget1.jpg\",\"contentUrl\":\"https:\/\/serbia.com\/wp-content\/uploads\/2015\/07\/Lady_Paget1.jpg\",\"width\":1543,\"height\":1193},{\"@type\":\"BreadcrumbList\",\"@id\":\"https:\/\/serbia.com\/srpski\/o-srbiji\/istorija\/srbija-u-prvom-svetskom-ratu\/ledi-pedzet\/#breadcrumb\",\"itemListElement\":[{\"@type\":\"ListItem\",\"position\":1,\"name\":\"Home\",\"item\":\"https:\/\/serbia.com\/srpski\/\"},{\"@type\":\"ListItem\",\"position\":2,\"name\":\"O Srbiji\",\"item\":\"https:\/\/serbia.com\/srpski\/o-srbiji\/\"},{\"@type\":\"ListItem\",\"position\":3,\"name\":\"Istorija\",\"item\":\"https:\/\/serbia.com\/srpski\/o-srbiji\/istorija\/\"},{\"@type\":\"ListItem\",\"position\":4,\"name\":\"Srbija u Prvom svetskom ratu\",\"item\":\"https:\/\/serbia.com\/srpski\/o-srbiji\/istorija\/srbija-u-prvom-svetskom-ratu\/\"},{\"@type\":\"ListItem\",\"position\":5,\"name\":\"Ledi Ped\u017eet\"}]},{\"@type\":\"WebSite\",\"@id\":\"https:\/\/serbia.com\/#website\",\"url\":\"https:\/\/serbia.com\/\",\"name\":\"Serbia.com\",\"description\":\"Your Gateway to Serbia\",\"potentialAction\":[{\"@type\":\"SearchAction\",\"target\":{\"@type\":\"EntryPoint\",\"urlTemplate\":\"https:\/\/serbia.com\/?s={search_term_string}\"},\"query-input\":{\"@type\":\"PropertyValueSpecification\",\"valueRequired\":true,\"valueName\":\"search_term_string\"}}],\"inLanguage\":\"srpski\"}]}<\/script>\n<!-- \/ Yoast SEO plugin. -->","yoast_head_json":{"title":"Ledi Ped\u017eet - Serbia.com","robots":{"index":"index","follow":"follow","max-snippet":"max-snippet:-1","max-image-preview":"max-image-preview:large","max-video-preview":"max-video-preview:-1"},"canonical":"https:\/\/serbia.com\/srpski\/o-srbiji\/istorija\/srbija-u-prvom-svetskom-ratu\/ledi-pedzet\/","og_locale":"en_US","og_type":"article","og_title":"Ledi Ped\u017eet - Serbia.com","og_description":"Ledi Ped\u017eet je engleska plemkinja i humana srpska dobrotvorka koja je u Balkanskim ratovima i Prvom svetskom ratu le\u010dila srpsku vojsku. Po zavr\u0161etku Drugog svetskog rata, njen londonski dom postao [&hellip;]","og_url":"https:\/\/serbia.com\/srpski\/o-srbiji\/istorija\/srbija-u-prvom-svetskom-ratu\/ledi-pedzet\/","og_site_name":"Serbia.com","article_modified_time":"2024-10-03T07:36:12+00:00","og_image":[{"width":1543,"height":1193,"url":"https:\/\/serbia.com\/wp-content\/uploads\/2015\/07\/Lady_Paget1.jpg","type":"image\/jpeg"}],"twitter_misc":{"Est. reading time":"4 minutes"},"schema":{"@context":"https:\/\/schema.org","@graph":[{"@type":"WebPage","@id":"https:\/\/serbia.com\/srpski\/o-srbiji\/istorija\/srbija-u-prvom-svetskom-ratu\/ledi-pedzet\/","url":"https:\/\/serbia.com\/srpski\/o-srbiji\/istorija\/srbija-u-prvom-svetskom-ratu\/ledi-pedzet\/","name":"Ledi Ped\u017eet - Serbia.com","isPartOf":{"@id":"https:\/\/serbia.com\/#website"},"primaryImageOfPage":{"@id":"https:\/\/serbia.com\/srpski\/o-srbiji\/istorija\/srbija-u-prvom-svetskom-ratu\/ledi-pedzet\/#primaryimage"},"image":{"@id":"https:\/\/serbia.com\/srpski\/o-srbiji\/istorija\/srbija-u-prvom-svetskom-ratu\/ledi-pedzet\/#primaryimage"},"thumbnailUrl":"https:\/\/serbia.com\/wp-content\/uploads\/2015\/07\/Lady_Paget1.jpg","datePublished":"2015-07-09T12:42:28+00:00","dateModified":"2024-10-03T07:36:12+00:00","breadcrumb":{"@id":"https:\/\/serbia.com\/srpski\/o-srbiji\/istorija\/srbija-u-prvom-svetskom-ratu\/ledi-pedzet\/#breadcrumb"},"inLanguage":"srpski","potentialAction":[{"@type":"ReadAction","target":["https:\/\/serbia.com\/srpski\/o-srbiji\/istorija\/srbija-u-prvom-svetskom-ratu\/ledi-pedzet\/"]}]},{"@type":"ImageObject","inLanguage":"srpski","@id":"https:\/\/serbia.com\/srpski\/o-srbiji\/istorija\/srbija-u-prvom-svetskom-ratu\/ledi-pedzet\/#primaryimage","url":"https:\/\/serbia.com\/wp-content\/uploads\/2015\/07\/Lady_Paget1.jpg","contentUrl":"https:\/\/serbia.com\/wp-content\/uploads\/2015\/07\/Lady_Paget1.jpg","width":1543,"height":1193},{"@type":"BreadcrumbList","@id":"https:\/\/serbia.com\/srpski\/o-srbiji\/istorija\/srbija-u-prvom-svetskom-ratu\/ledi-pedzet\/#breadcrumb","itemListElement":[{"@type":"ListItem","position":1,"name":"Home","item":"https:\/\/serbia.com\/srpski\/"},{"@type":"ListItem","position":2,"name":"O Srbiji","item":"https:\/\/serbia.com\/srpski\/o-srbiji\/"},{"@type":"ListItem","position":3,"name":"Istorija","item":"https:\/\/serbia.com\/srpski\/o-srbiji\/istorija\/"},{"@type":"ListItem","position":4,"name":"Srbija u Prvom svetskom ratu","item":"https:\/\/serbia.com\/srpski\/o-srbiji\/istorija\/srbija-u-prvom-svetskom-ratu\/"},{"@type":"ListItem","position":5,"name":"Ledi Ped\u017eet"}]},{"@type":"WebSite","@id":"https:\/\/serbia.com\/#website","url":"https:\/\/serbia.com\/","name":"Serbia.com","description":"Your Gateway to Serbia","potentialAction":[{"@type":"SearchAction","target":{"@type":"EntryPoint","urlTemplate":"https:\/\/serbia.com\/?s={search_term_string}"},"query-input":{"@type":"PropertyValueSpecification","valueRequired":true,"valueName":"search_term_string"}}],"inLanguage":"srpski"}]}},"_links":{"self":[{"href":"https:\/\/serbia.com\/srpski\/wp-json\/wp\/v2\/pages\/34978"}],"collection":[{"href":"https:\/\/serbia.com\/srpski\/wp-json\/wp\/v2\/pages"}],"about":[{"href":"https:\/\/serbia.com\/srpski\/wp-json\/wp\/v2\/types\/page"}],"author":[{"embeddable":true,"href":"https:\/\/serbia.com\/srpski\/wp-json\/wp\/v2\/users\/27"}],"replies":[{"embeddable":true,"href":"https:\/\/serbia.com\/srpski\/wp-json\/wp\/v2\/comments?post=34978"}],"version-history":[{"count":1,"href":"https:\/\/serbia.com\/srpski\/wp-json\/wp\/v2\/pages\/34978\/revisions"}],"predecessor-version":[{"id":55270,"href":"https:\/\/serbia.com\/srpski\/wp-json\/wp\/v2\/pages\/34978\/revisions\/55270"}],"up":[{"embeddable":true,"href":"https:\/\/serbia.com\/srpski\/wp-json\/wp\/v2\/pages\/34850"}],"wp:featuredmedia":[{"embeddable":true,"href":"https:\/\/serbia.com\/srpski\/wp-json\/wp\/v2\/media\/34972"}],"wp:attachment":[{"href":"https:\/\/serbia.com\/srpski\/wp-json\/wp\/v2\/media?parent=34978"}],"wp:term":[{"taxonomy":"category","embeddable":true,"href":"https:\/\/serbia.com\/srpski\/wp-json\/wp\/v2\/categories?post=34978"},{"taxonomy":"post_tag","embeddable":true,"href":"https:\/\/serbia.com\/srpski\/wp-json\/wp\/v2\/tags?post=34978"}],"curies":[{"name":"wp","href":"https:\/\/api.w.org\/{rel}","templated":true}]}}