{"id":34966,"date":"2015-07-09T14:27:03","date_gmt":"2015-07-09T12:27:03","guid":{"rendered":"http:\/\/www.serbia.com\/?page_id=34966"},"modified":"2024-10-03T09:41:49","modified_gmt":"2024-10-03T07:41:49","slug":"austro-ugarski-ultimatum","status":"publish","type":"page","link":"https:\/\/serbia.com\/srpski\/o-srbiji\/istorija\/srbija-u-prvom-svetskom-ratu\/austro-ugarski-ultimatum\/","title":{"rendered":"Austro-Ugarski ultimatum"},"content":{"rendered":"<h4>Topao jul 1914. godine umesto mirisa leta, doneo je gra\u0111anima Kraljevine Srbije miris baruta \u2013 rat koji je pokrenuo lavinu evropskog i svetskog nagomilanog nezadovoljstva koja je ubrzo potopila gotovo ceo svet. Mesec dana nakon Sarajevskog atentata Austro-ugarska monarhja je postavila srpskoj vladi ultimatum koji je britanski ministar inostranih poslova, ser Edvard Grej, okarakterisao kao \u201enajte\u017ei ikada upu\u0107en jednoj dr\u017eavi od strane druge\u201c.<\/h4>\n<p><strong>Odnosi Austrougarske monarhije i Kraljevine Srbije pre ultimatuma<\/strong><\/p>\n<figure id=\"attachment_13429\" aria-describedby=\"caption-attachment-13429\" style=\"width: 350px\" class=\"wp-caption alignleft\"><a href=\"http:\/\/www.serbia.com\/wp-content\/uploads\/2014\/01\/atentat-franc-ferdinand1.jpg\"><img loading=\"lazy\" decoding=\"async\" class=\"wp-image-13429\" src=\"http:\/\/www.serbia.com\/wp-content\/uploads\/2014\/01\/atentat-franc-ferdinand1.jpg\" alt=\"atentat-franc-ferdinand\" width=\"350\" height=\"211\" srcset=\"https:\/\/serbia.com\/wp-content\/uploads\/2014\/01\/atentat-franc-ferdinand1.jpg 480w, https:\/\/serbia.com\/wp-content\/uploads\/2014\/01\/atentat-franc-ferdinand1-300x181.jpg 300w\" sizes=\"(max-width: 350px) 100vw, 350px\" \/><\/a><figcaption id=\"caption-attachment-13429\" class=\"wp-caption-text\">Sarajevski atentat 28. jun 1914.<\/figcaption><\/figure>\n<p><strong>Sarajevski atentat<\/strong> prilikom kog je ubijen Franc Ferdinand, prestolonaslednik Austrougarske monarhije, bio je okida\u010d za izbijanje rata izme\u0111u Kraljevine Srbije i Austro-Ugarske, koja je smatrala da je Srbija odgovorna za ovaj atentat. Ipak, razlozi za rat bili su mnogo dublji.<\/p>\n<p>Pla\u0161e\u0107i se ja\u010danja uloge Srbije na Balkanu, Austro-Ugarska je na <strong>Berlinskom kongresu 1878. godine<\/strong> (na kome je dobila pravo da okupira Bosnu i Hercegovinu na trideset godina) pomogla Srbiji da dobije nezavisnost. Srbija je zauzvrat Austro-Ugarskoj obe\u0107ala Novopazarski sand\u017eak, \u010dime je Monarhija postigla da se Srbija ne spoji sa Crnom Gorom i spre\u010dila prodor Srbije na Istok. Tako\u0111e, potpisani su i odre\u0111eni trgovinski sporazumi koji su obavezali Srbiju da bez saglasnosti Monarhije ni sa jednom drugom dr\u017eavom ne mo\u017ee sklapati sporazume.<\/p>\n<p>Krah dinastije Obrenovi\u0107 (atentat na kralja Aleksandra i kraljicu Dragu)i <strong>povratak Kara\u0111or\u0111evi\u0107a na vlast ozna\u010dio je i promenu u spoljno-politi\u010dkoj orijentaciji<\/strong>, jer se zemlja okre\u0107e Rusiji. \u010cak ni Carinski rat kojim je Austro-Ugarska pok\u0161ala da oslabi privredu Srbije nije urodio plodom, jer je, nasuprot o\u010dekivanjima, Srbija ja\u010dala kao i panslovenska ideja ujedinjenja koja je naro\u010dito pla\u0161ila Austrougarsku monarhiju, pa je animozitet prema Srbiji rastao.<\/p>\n<p>U okupiranoj Bosni, kao i u Srbiji, po\u010dinju da ni\u010du nacionalno-revolucionarne organizacije, otvorene za sva sredstva borbe, pogotovo atentate koji su u to vreme bili \u010desta pojava u svetu. Tako je ro\u0111ena i organizacija <strong>\u201cMlada Bosna\u201d<\/strong> organizator Sarajevskog atentata, koja je radila zahvaljuju\u0107i podr\u0161ci dveju organizacija iz Srbije, \u201cNarodna odbrana\u201d i \u201cCrna ruka\u201d.<\/p>\n<p>Skoro mesec dana od atentata austro-ugarski poslanik u Beogradu, baron Gizl od Gislingena, predao je <a title=\"Doktor koji je izle\u010dio srpsku ekonomiju\" href=\"http:\/\/www.serbia.com\/srpski\/doktor-koji-je-izlecio-srpsku-ekonomiju\/\" target=\"_blank\" rel=\"noopener\">Lazi Pa\u010du-u<\/a>, zastupniku ministra inostranih dela Srbije,<strong> ultimatum koji je direktno prebacio odgovornost za atentat na Srbiju i postavio vladi veoma drske zahteve<\/strong> \u010dije bi ispunjenje obesmislilo suverenitet Kraljevine Srbije.<\/p>\n<p><strong>Austro-Ugarska je ultimatumom od 23. jula 1914. zatra\u017eila od Srbije slede\u0107e:<\/strong><\/p>\n<p>1. Da spre\u010di izdavanje publikacija koja podsti\u010du mr\u017enju i neprijateljstvo prema Austro-Ugarskoj.<\/p>\n<p>2. Da momentalno raspusti organizaciju Narodna odbrana, i da isto postpupi i sa drugim orgnizacijama koje u\u010destvuju u propagandi protiv Austro-Ugarske.<\/p>\n<p>3. Da iz javnog obrazovanja ukloni sve \u0161to bi moglo da slu\u017ei ili slu\u017ei za podsticanje propagande protiv Austro-Ugarske.<\/p>\n<figure id=\"attachment_13430\" aria-describedby=\"caption-attachment-13430\" style=\"width: 625px\" class=\"wp-caption aligncenter\"><a href=\"http:\/\/www.serbia.com\/wp-content\/uploads\/2014\/01\/ultimatum-autrichien-serbie_3839051.jpg\"><img loading=\"lazy\" decoding=\"async\" class=\"size-full wp-image-13430  \" src=\"http:\/\/www.serbia.com\/wp-content\/uploads\/2014\/01\/ultimatum-autrichien-serbie_3839051.jpg\" alt=\"ultimatum-autrichien-serbie_383905\" width=\"625\" height=\"480\" srcset=\"https:\/\/serbia.com\/wp-content\/uploads\/2014\/01\/ultimatum-autrichien-serbie_3839051.jpg 625w, https:\/\/serbia.com\/wp-content\/uploads\/2014\/01\/ultimatum-autrichien-serbie_3839051-300x230.jpg 300w\" sizes=\"(max-width: 625px) 100vw, 625px\" \/><\/a><figcaption id=\"caption-attachment-13430\" class=\"wp-caption-text\">Ilustracija: austro-ugarski poslanik u Beogradu, baron Gizl od Gislingena, predaje ultimatum Lazi Pa\u010du-u, zastupniku ministra inostranih dela Srbije<br \/>Foto: www.decouvrir-grande-guerre.fr\/strategies\/causes-guerre\/enchainement-extravagant \/ \u00a9 akg-images<\/figcaption><\/figure>\n<p>4. Da iz vojske i administracije uop\u0161te ukloni sve oficire koji su krivi za propagandu protiv Austro-Ugarske, a imena tih oficira dostavila bi vlast Austro-Ugarske.<\/p>\n<p>5. Da prihvati u\u010de\u0161\u0107e austro-ugarskih organa vlasti u suzbijanju subverzivnih delatnosti protiv Austro-Ugarske na teritoriji Srbije.<\/p>\n<p><strong>6. Da preduzme sudski postupak protiv sau\u010desnika Sarajevskog atentata koji su na srpskoj teritoriji, uz pomo\u0107 i uputstva austro-ugarskih organa.<\/strong><\/p>\n<p>7. Da momentalno uhapsi dve imenovane osobe koje su upletene u atentat po istrazi koju je preliminarno sprovela Austro-Ugarska.<\/p>\n<p>8. Da efikasnim merama spre\u010di nelegalni prenos oru\u017eja i eksploziva preko granice.<\/p>\n<p>9. Da uputi Austro-Ugarskoj obja\u0161njenja povodom izjava visokih srpskih zvani\u010dnika u Srbiji i inostranstvu, koji su izrazili neprijateljstvo prema Austro-Ugarskoj.<\/p>\n<p>10. Da bez odlaganja obavesti Austro-Ugarsku o ispunjavanju ovih obaveza.<\/p>\n<p><strong>Najsporniji zahtev Monarhije, pod brojem 6<\/strong>, podrazumevao je da Srbija pogazi svoj zakon o sudskom postupku u krivi\u010dnim delima tako \u0161to bi prepustila austro-ugarskim organima vlasti \u201cugu\u0161ivanje prevratni\u010dkog pokreta protiv tritorijalnog integriteta Austrougarske monarhije\u201d.<\/p>\n<p>Odgovor srpske vlade ubrzo je usledio, a narod je ve\u0107 ose\u0107ao opasnost sa severa. Monarhija je pri\u017eeljkivala rat.<\/p>\n<p><em><a href=\"http:\/\/www.serbia.com\/wp-content\/uploads\/2014\/01\/kancelarija-za-dijasporu-logo14.jpg\"><img loading=\"lazy\" decoding=\"async\" class=\"size-full wp-image-13431 alignleft\" src=\"http:\/\/www.serbia.com\/wp-content\/uploads\/2014\/01\/kancelarija-za-dijasporu-logo14.jpg\" alt=\"kancelarija-za-dijasporu-logo1\" width=\"275\" height=\"100\" \/><\/a><\/em><\/p>\n<p><em>Tekst je podr\u017ean od strane <a href=\"http:\/\/www.dijaspora.gov.rs\/\" target=\"_blank\" rel=\"noopener\">Kancelarije za saradnju sa dijasporom i Srbima u regionu<\/a>.<\/em><\/p>\n","protected":false},"excerpt":{"rendered":"<p>Topao jul 1914. godine umesto mirisa leta, doneo je gra\u0111anima Kraljevine Srbije miris baruta \u2013 rat koji je pokrenuo lavinu evropskog i svetskog nagomilanog nezadovoljstva koja je ubrzo potopila gotovo [&hellip;]<\/p>\n","protected":false},"author":27,"featured_media":34958,"parent":34850,"menu_order":0,"comment_status":"closed","ping_status":"closed","template":"","meta":{"_acf_changed":false,"inline_featured_image":false,"_monsterinsights_skip_tracking":false,"_monsterinsights_sitenote_active":false,"_monsterinsights_sitenote_note":"","_monsterinsights_sitenote_category":0,"footnotes":""},"categories":[1639],"tags":[6768,6757],"class_list":["post-34966","page","type-page","status-publish","has-post-thumbnail","hentry","category-istorija-kultura-otkrijte-srbiju","tag-austro-ugarski-ultimatum","tag-srbija-u-i-svetskom-ratu"],"acf":[],"yoast_head":"<!-- This site is optimized with the Yoast SEO plugin v23.8 - https:\/\/yoast.com\/wordpress\/plugins\/seo\/ -->\n<title>Austro-Ugarski ultimatum - Serbia.com<\/title>\n<meta name=\"robots\" content=\"index, follow, max-snippet:-1, max-image-preview:large, max-video-preview:-1\" \/>\n<link rel=\"canonical\" href=\"https:\/\/serbia.com\/srpski\/o-srbiji\/istorija\/srbija-u-prvom-svetskom-ratu\/austro-ugarski-ultimatum\/\" \/>\n<meta property=\"og:locale\" content=\"en_US\" \/>\n<meta property=\"og:type\" content=\"article\" \/>\n<meta property=\"og:title\" content=\"Austro-Ugarski ultimatum - Serbia.com\" \/>\n<meta property=\"og:description\" content=\"Topao jul 1914. godine umesto mirisa leta, doneo je gra\u0111anima Kraljevine Srbije miris baruta \u2013 rat koji je pokrenuo lavinu evropskog i svetskog nagomilanog nezadovoljstva koja je ubrzo potopila gotovo [&hellip;]\" \/>\n<meta property=\"og:url\" content=\"https:\/\/serbia.com\/srpski\/o-srbiji\/istorija\/srbija-u-prvom-svetskom-ratu\/austro-ugarski-ultimatum\/\" \/>\n<meta property=\"og:site_name\" content=\"Serbia.com\" \/>\n<meta property=\"article:modified_time\" content=\"2024-10-03T07:41:49+00:00\" \/>\n<meta property=\"og:image\" content=\"https:\/\/serbia.com\/wp-content\/uploads\/2015\/07\/telegram111.jpg\" \/>\n\t<meta property=\"og:image:width\" content=\"1602\" \/>\n\t<meta property=\"og:image:height\" content=\"883\" \/>\n\t<meta property=\"og:image:type\" content=\"image\/jpeg\" \/>\n<meta name=\"twitter:label1\" content=\"Est. reading time\" \/>\n\t<meta name=\"twitter:data1\" content=\"4 minutes\" \/>\n<script type=\"application\/ld+json\" class=\"yoast-schema-graph\">{\"@context\":\"https:\/\/schema.org\",\"@graph\":[{\"@type\":\"WebPage\",\"@id\":\"https:\/\/serbia.com\/srpski\/o-srbiji\/istorija\/srbija-u-prvom-svetskom-ratu\/austro-ugarski-ultimatum\/\",\"url\":\"https:\/\/serbia.com\/srpski\/o-srbiji\/istorija\/srbija-u-prvom-svetskom-ratu\/austro-ugarski-ultimatum\/\",\"name\":\"Austro-Ugarski ultimatum - Serbia.com\",\"isPartOf\":{\"@id\":\"https:\/\/serbia.com\/#website\"},\"primaryImageOfPage\":{\"@id\":\"https:\/\/serbia.com\/srpski\/o-srbiji\/istorija\/srbija-u-prvom-svetskom-ratu\/austro-ugarski-ultimatum\/#primaryimage\"},\"image\":{\"@id\":\"https:\/\/serbia.com\/srpski\/o-srbiji\/istorija\/srbija-u-prvom-svetskom-ratu\/austro-ugarski-ultimatum\/#primaryimage\"},\"thumbnailUrl\":\"https:\/\/serbia.com\/wp-content\/uploads\/2015\/07\/telegram111.jpg\",\"datePublished\":\"2015-07-09T12:27:03+00:00\",\"dateModified\":\"2024-10-03T07:41:49+00:00\",\"breadcrumb\":{\"@id\":\"https:\/\/serbia.com\/srpski\/o-srbiji\/istorija\/srbija-u-prvom-svetskom-ratu\/austro-ugarski-ultimatum\/#breadcrumb\"},\"inLanguage\":\"srpski\",\"potentialAction\":[{\"@type\":\"ReadAction\",\"target\":[\"https:\/\/serbia.com\/srpski\/o-srbiji\/istorija\/srbija-u-prvom-svetskom-ratu\/austro-ugarski-ultimatum\/\"]}]},{\"@type\":\"ImageObject\",\"inLanguage\":\"srpski\",\"@id\":\"https:\/\/serbia.com\/srpski\/o-srbiji\/istorija\/srbija-u-prvom-svetskom-ratu\/austro-ugarski-ultimatum\/#primaryimage\",\"url\":\"https:\/\/serbia.com\/wp-content\/uploads\/2015\/07\/telegram111.jpg\",\"contentUrl\":\"https:\/\/serbia.com\/wp-content\/uploads\/2015\/07\/telegram111.jpg\",\"width\":1602,\"height\":883},{\"@type\":\"BreadcrumbList\",\"@id\":\"https:\/\/serbia.com\/srpski\/o-srbiji\/istorija\/srbija-u-prvom-svetskom-ratu\/austro-ugarski-ultimatum\/#breadcrumb\",\"itemListElement\":[{\"@type\":\"ListItem\",\"position\":1,\"name\":\"Home\",\"item\":\"https:\/\/serbia.com\/srpski\/\"},{\"@type\":\"ListItem\",\"position\":2,\"name\":\"O Srbiji\",\"item\":\"https:\/\/serbia.com\/srpski\/o-srbiji\/\"},{\"@type\":\"ListItem\",\"position\":3,\"name\":\"Istorija\",\"item\":\"https:\/\/serbia.com\/srpski\/o-srbiji\/istorija\/\"},{\"@type\":\"ListItem\",\"position\":4,\"name\":\"Srbija u Prvom svetskom ratu\",\"item\":\"https:\/\/serbia.com\/srpski\/o-srbiji\/istorija\/srbija-u-prvom-svetskom-ratu\/\"},{\"@type\":\"ListItem\",\"position\":5,\"name\":\"Austro-Ugarski ultimatum\"}]},{\"@type\":\"WebSite\",\"@id\":\"https:\/\/serbia.com\/#website\",\"url\":\"https:\/\/serbia.com\/\",\"name\":\"Serbia.com\",\"description\":\"Your Gateway to Serbia\",\"potentialAction\":[{\"@type\":\"SearchAction\",\"target\":{\"@type\":\"EntryPoint\",\"urlTemplate\":\"https:\/\/serbia.com\/?s={search_term_string}\"},\"query-input\":{\"@type\":\"PropertyValueSpecification\",\"valueRequired\":true,\"valueName\":\"search_term_string\"}}],\"inLanguage\":\"srpski\"}]}<\/script>\n<!-- \/ Yoast SEO plugin. -->","yoast_head_json":{"title":"Austro-Ugarski ultimatum - Serbia.com","robots":{"index":"index","follow":"follow","max-snippet":"max-snippet:-1","max-image-preview":"max-image-preview:large","max-video-preview":"max-video-preview:-1"},"canonical":"https:\/\/serbia.com\/srpski\/o-srbiji\/istorija\/srbija-u-prvom-svetskom-ratu\/austro-ugarski-ultimatum\/","og_locale":"en_US","og_type":"article","og_title":"Austro-Ugarski ultimatum - Serbia.com","og_description":"Topao jul 1914. godine umesto mirisa leta, doneo je gra\u0111anima Kraljevine Srbije miris baruta \u2013 rat koji je pokrenuo lavinu evropskog i svetskog nagomilanog nezadovoljstva koja je ubrzo potopila gotovo [&hellip;]","og_url":"https:\/\/serbia.com\/srpski\/o-srbiji\/istorija\/srbija-u-prvom-svetskom-ratu\/austro-ugarski-ultimatum\/","og_site_name":"Serbia.com","article_modified_time":"2024-10-03T07:41:49+00:00","og_image":[{"width":1602,"height":883,"url":"https:\/\/serbia.com\/wp-content\/uploads\/2015\/07\/telegram111.jpg","type":"image\/jpeg"}],"twitter_misc":{"Est. reading time":"4 minutes"},"schema":{"@context":"https:\/\/schema.org","@graph":[{"@type":"WebPage","@id":"https:\/\/serbia.com\/srpski\/o-srbiji\/istorija\/srbija-u-prvom-svetskom-ratu\/austro-ugarski-ultimatum\/","url":"https:\/\/serbia.com\/srpski\/o-srbiji\/istorija\/srbija-u-prvom-svetskom-ratu\/austro-ugarski-ultimatum\/","name":"Austro-Ugarski ultimatum - Serbia.com","isPartOf":{"@id":"https:\/\/serbia.com\/#website"},"primaryImageOfPage":{"@id":"https:\/\/serbia.com\/srpski\/o-srbiji\/istorija\/srbija-u-prvom-svetskom-ratu\/austro-ugarski-ultimatum\/#primaryimage"},"image":{"@id":"https:\/\/serbia.com\/srpski\/o-srbiji\/istorija\/srbija-u-prvom-svetskom-ratu\/austro-ugarski-ultimatum\/#primaryimage"},"thumbnailUrl":"https:\/\/serbia.com\/wp-content\/uploads\/2015\/07\/telegram111.jpg","datePublished":"2015-07-09T12:27:03+00:00","dateModified":"2024-10-03T07:41:49+00:00","breadcrumb":{"@id":"https:\/\/serbia.com\/srpski\/o-srbiji\/istorija\/srbija-u-prvom-svetskom-ratu\/austro-ugarski-ultimatum\/#breadcrumb"},"inLanguage":"srpski","potentialAction":[{"@type":"ReadAction","target":["https:\/\/serbia.com\/srpski\/o-srbiji\/istorija\/srbija-u-prvom-svetskom-ratu\/austro-ugarski-ultimatum\/"]}]},{"@type":"ImageObject","inLanguage":"srpski","@id":"https:\/\/serbia.com\/srpski\/o-srbiji\/istorija\/srbija-u-prvom-svetskom-ratu\/austro-ugarski-ultimatum\/#primaryimage","url":"https:\/\/serbia.com\/wp-content\/uploads\/2015\/07\/telegram111.jpg","contentUrl":"https:\/\/serbia.com\/wp-content\/uploads\/2015\/07\/telegram111.jpg","width":1602,"height":883},{"@type":"BreadcrumbList","@id":"https:\/\/serbia.com\/srpski\/o-srbiji\/istorija\/srbija-u-prvom-svetskom-ratu\/austro-ugarski-ultimatum\/#breadcrumb","itemListElement":[{"@type":"ListItem","position":1,"name":"Home","item":"https:\/\/serbia.com\/srpski\/"},{"@type":"ListItem","position":2,"name":"O Srbiji","item":"https:\/\/serbia.com\/srpski\/o-srbiji\/"},{"@type":"ListItem","position":3,"name":"Istorija","item":"https:\/\/serbia.com\/srpski\/o-srbiji\/istorija\/"},{"@type":"ListItem","position":4,"name":"Srbija u Prvom svetskom ratu","item":"https:\/\/serbia.com\/srpski\/o-srbiji\/istorija\/srbija-u-prvom-svetskom-ratu\/"},{"@type":"ListItem","position":5,"name":"Austro-Ugarski ultimatum"}]},{"@type":"WebSite","@id":"https:\/\/serbia.com\/#website","url":"https:\/\/serbia.com\/","name":"Serbia.com","description":"Your Gateway to Serbia","potentialAction":[{"@type":"SearchAction","target":{"@type":"EntryPoint","urlTemplate":"https:\/\/serbia.com\/?s={search_term_string}"},"query-input":{"@type":"PropertyValueSpecification","valueRequired":true,"valueName":"search_term_string"}}],"inLanguage":"srpski"}]}},"_links":{"self":[{"href":"https:\/\/serbia.com\/srpski\/wp-json\/wp\/v2\/pages\/34966"}],"collection":[{"href":"https:\/\/serbia.com\/srpski\/wp-json\/wp\/v2\/pages"}],"about":[{"href":"https:\/\/serbia.com\/srpski\/wp-json\/wp\/v2\/types\/page"}],"author":[{"embeddable":true,"href":"https:\/\/serbia.com\/srpski\/wp-json\/wp\/v2\/users\/27"}],"replies":[{"embeddable":true,"href":"https:\/\/serbia.com\/srpski\/wp-json\/wp\/v2\/comments?post=34966"}],"version-history":[{"count":1,"href":"https:\/\/serbia.com\/srpski\/wp-json\/wp\/v2\/pages\/34966\/revisions"}],"predecessor-version":[{"id":55273,"href":"https:\/\/serbia.com\/srpski\/wp-json\/wp\/v2\/pages\/34966\/revisions\/55273"}],"up":[{"embeddable":true,"href":"https:\/\/serbia.com\/srpski\/wp-json\/wp\/v2\/pages\/34850"}],"wp:featuredmedia":[{"embeddable":true,"href":"https:\/\/serbia.com\/srpski\/wp-json\/wp\/v2\/media\/34958"}],"wp:attachment":[{"href":"https:\/\/serbia.com\/srpski\/wp-json\/wp\/v2\/media?parent=34966"}],"wp:term":[{"taxonomy":"category","embeddable":true,"href":"https:\/\/serbia.com\/srpski\/wp-json\/wp\/v2\/categories?post=34966"},{"taxonomy":"post_tag","embeddable":true,"href":"https:\/\/serbia.com\/srpski\/wp-json\/wp\/v2\/tags?post=34966"}],"curies":[{"name":"wp","href":"https:\/\/api.w.org\/{rel}","templated":true}]}}