{"id":34936,"date":"2015-07-09T13:26:58","date_gmt":"2015-07-09T11:26:58","guid":{"rendered":"http:\/\/www.serbia.com\/?page_id=34936"},"modified":"2024-10-03T09:33:11","modified_gmt":"2024-10-03T07:33:11","slug":"prva-noc-velikog-rata","status":"publish","type":"page","link":"https:\/\/serbia.com\/srpski\/o-srbiji\/istorija\/srbija-u-prvom-svetskom-ratu\/prva-noc-velikog-rata\/","title":{"rendered":"Prva no\u0107 Velikog rata"},"content":{"rendered":"<h4>Prvi svetski rat po\u010deo je napadom na Beograd. Ve\u0107 iste no\u0107i po objavi rata, pala je prva \u017ertva, a sa zloglasnog ratnog monitora Bodrog, koji je iz pravca Zemuna, u senci Kalemegdana, skliznuo u Savu, ispaljene su prve topovske salve na Beograd. Iako je 2005. progla\u0161en za kulturno dobro, niko nije vodio ra\u010duna o Bodrogu. Danas slu\u017ei kao pristan na Adi Huji.<\/h4>\n<p>Prvu no\u0107 svetskog rata (28. Jul 1914.) Beogra\u0111ani su do\u010dekali u panici. Najve\u0107a u\u017eurbanost vladala je na beogradskoj \u017eelezni\u010dkoj stanici, sa koje su tog predve\u010derja tri voza prepuna \u017eena i dece krenula ka unutra\u0161njosti tutnje\u0107i kroz ki\u0161u neprijateljskih metaka koji su leteli ka njima iz pravca druge obale <a href=\"\/?p=3074\" target=\"_blank\" rel=\"noopener\">Save<\/a>. Sre\u0107om, vozovi su pro\u0161li bez \u017ertava.<\/p>\n<figure id=\"attachment_13657\" aria-describedby=\"caption-attachment-13657\" style=\"width: 389px\" class=\"wp-caption alignright\"><a href=\"http:\/\/www.serbia.com\/wp-content\/uploads\/2014\/02\/sruseni-most1.jpg\"><img loading=\"lazy\" decoding=\"async\" class=\" wp-image-13657   \" src=\"http:\/\/www.serbia.com\/wp-content\/uploads\/2014\/02\/sruseni-most1.jpg\" alt=\"sruseni most\" width=\"389\" height=\"264\" srcset=\"https:\/\/serbia.com\/wp-content\/uploads\/2014\/02\/sruseni-most1.jpg 555w, https:\/\/serbia.com\/wp-content\/uploads\/2014\/02\/sruseni-most1-300x203.jpg 300w\" sizes=\"auto, (max-width: 389px) 100vw, 389px\" \/><\/a><figcaption id=\"caption-attachment-13657\" class=\"wp-caption-text\">Razru\u0161en \u017eelezni\u010dki most na Savi<\/figcaption><\/figure>\n<p>Na Savi, na \u017ealost, nije bilo tako. Iste no\u0107i, odmah ispod Sirotanovi\u010da strugare, <strong>pala je prva \u017ertva Prvog svetskog rata<\/strong>. Oko dva \u010dasa po pono\u0107i <a title=\"\u017divot u Beogradu u prvim danima Velikog rata\" href=\"http:\/\/www.serbia.com\/srpski\/zivot-u-beogradu-u-prvim-danima-velikog-rata\/\" target=\"_blank\" rel=\"noopener\">stra\u0161na detonacija odjeknula je Beogradom<\/a>. <strong>Sru\u0161en je \u017delezni\u010dki most<\/strong> kako neprijatelj ne bi mogao da pre\u0111e Savu. Buka je zaglu\u0161ila razmenu metaka u kojoj je poginua prva \u017ertva rata, <strong>Du\u0161an \u0110onovi\u0107<\/strong>, u\u010denik Trgova\u010dke akademije, \u010detnik u \u010deti starog komitskog vojvode Jovana Babunskog. Iste ve\u010deri je potopljena i ma\u0111arska la\u0111a Alkotmanj a sa njom i njen kapetan, <strong>Karlo Eberling<\/strong>.<\/p>\n<p>Zorom, 29. jula, u Savu su uplovile blindirane la\u0111e koje su na sebi imale u\u010dvr\u0161\u0107ene topove i mitraljeze. Bili su to stra\u0161ni neprijateljski monitori sa kojih je trebalo da se izvr\u0161i napad na Beograd. Me\u0111u njima je bio i monitor Bodrog, koji je do objave rata \u010dekao usidren u <a href=\"\/?p=4892\" target=\"_blank\" rel=\"noopener\">Zemunu<\/a>. <strong>Upravo sa Bodroga su ka Beogradu poletele prve granate<\/strong>.<\/p>\n<p>Vest o monitorima protutnjala je Beogradom poput tornada i sejala strah me\u0111u gra\u0111anima. I to s razlogom. Ve\u0107 istog dana, <strong>prva granata sa Bodroga poletela je ka Knez Mihailovoj ulici<\/strong> i pala na zgradu preko puta hotela \u201cGr\u010dka Kraljica\u201d.<\/p>\n<figure id=\"attachment_14383\" aria-describedby=\"caption-attachment-14383\" style=\"width: 300px\" class=\"wp-caption alignleft\"><img loading=\"lazy\" decoding=\"async\" class=\"wp-image-14383 size-medium\" src=\"https:\/\/serbia.com\/wp-content\/uploads\/2014\/02\/monitor-sava-ex-bodrog3-300x175.jpg\" alt=\"\" width=\"300\" height=\"175\" srcset=\"https:\/\/serbia.com\/wp-content\/uploads\/2014\/02\/monitor-sava-ex-bodrog3-300x175.jpg 300w, https:\/\/serbia.com\/wp-content\/uploads\/2014\/02\/monitor-sava-ex-bodrog3.jpg 640w\" sizes=\"auto, (max-width: 300px) 100vw, 300px\" \/><figcaption id=\"caption-attachment-14383\" class=\"wp-caption-text\">Monitor Bodrog danas slu\u017ei kao plove\u0107i pristan na Adi Huji Foto: www.skyscrapercity.com<\/figcaption><\/figure>\n<p>Sve do dolaska dve baterije sa duga\u010dkim topovskim cevima koje su Srbiji poslali saveznici, ovi monitori su sejali smrt po Beogradu ubijaju\u0107i gra\u0111ane i ru\u0161e\u0107i grad.<\/p>\n<p>Sudbina Bodroga koji je sagra\u0111en 1904. godine u Budimpe\u0161ti bila je da u vodama <a href=\"serbia.com\/srpski\/dunav-mesto-spajanja-i-razdvajanja-2\/\" target=\"_blank\" rel=\"noopener\">Dunava<\/a> i Save ostane zauvek. Brod je potopljen 1918. godine, a dve godine kasnije je izva\u0111en, preure\u0111en i pod imenom &#8220;Sava&#8221; uvr\u0161ten u mornaricu Kraljevine Srba, Hrvata i Slovenaca. Da ne bi pao neprijatelju u ruke tokom aprilskog bombardovanja Beograda 1941. godine, bio je potopljen kod Zemuna.<\/p>\n<p>Ve\u0107 slede\u0107e godine Usta\u0161e su ga izvukle na povr\u0161inu, slu\u017eile se njime, pa ponovo potopile 1944. godine, ali ovog puta na dno Save kod Slavonskog Broda. Izva\u0111en je osam godina kasnije, remontovan i jo\u0161 jednom uvr\u0161ten u re\u010dnu flotilu nove dr\u017eave. Nedugo zatim povu\u010den je iz vojne upotrebe i do danas je uglavnom slu\u017eio kao plove\u0107i pristan na Savi i Dunavu.<\/p>\n<p><strong>Ministarstvo kulture ga je 2005. godine proglasilo kulturnim dobrom<\/strong> i stavilo pod za\u0161titu dr\u017eave. Me\u0111utim, po\u0161to niko nije vodio ra\u010duna o njemu, lutao je po obalama Dunava od Beograda do <a href=\"\/?p=1570\" target=\"_blank\" rel=\"noopener\">Novog Sada<\/a>, a istori\u010dari iz Instituta za savremenu istoriju su ga nedavno prona\u0161li u mulju kod Ade Huje i predlo\u017eili <strong>da se pretvori u plove\u0107i muzej Prvog svetskog rata<\/strong>.<\/p>\n<p>Foto 1: <a href=\"http:\/\/www.kuk-kriegsmarine.it\/navi\/monitor-fluviali\/bodrog\/bodrog.html\" target=\"_blank\" rel=\"noopener\">www.kuk-kriegsmarine.it<\/a><\/p>\n<p><em><a href=\"http:\/\/www.serbia.com\/wp-content\/uploads\/2014\/02\/kancelarija-za-dijasporu-logo11.jpg\"><img loading=\"lazy\" decoding=\"async\" class=\"size-full wp-image-13671 alignleft\" src=\"http:\/\/www.serbia.com\/wp-content\/uploads\/2014\/02\/kancelarija-za-dijasporu-logo11.jpg\" alt=\"kancelarija-za-dijasporu-logo1\" width=\"275\" height=\"100\" \/><\/a><\/em><\/p>\n<p><em>Tekst je podr\u017ean od strane <a href=\"http:\/\/www.dijaspora.gov.rs\/\" target=\"_blank\" rel=\"noopener\">Kancelarije za saradnju sa dijasporom i Srbima u regionu<\/a>.<\/em><\/p>\n","protected":false},"excerpt":{"rendered":"<p>Prvi svetski rat po\u010deo je napadom na Beograd. Ve\u0107 iste no\u0107i po objavi rata, pala je prva \u017ertva, a sa zloglasnog ratnog monitora Bodrog, koji je iz pravca Zemuna, u [&hellip;]<\/p>\n","protected":false},"author":27,"featured_media":34932,"parent":34850,"menu_order":0,"comment_status":"closed","ping_status":"closed","template":"","meta":{"_acf_changed":false,"inline_featured_image":false,"_monsterinsights_skip_tracking":false,"_monsterinsights_sitenote_active":false,"_monsterinsights_sitenote_note":"","_monsterinsights_sitenote_category":0,"footnotes":""},"categories":[1639],"tags":[6765,6757],"class_list":["post-34936","page","type-page","status-publish","has-post-thumbnail","hentry","category-istorija-kultura-otkrijte-srbiju","tag-prva-noc-velikog-rata","tag-srbija-u-i-svetskom-ratu"],"acf":[],"yoast_head":"<!-- This site is optimized with the Yoast SEO plugin v27.4 - https:\/\/yoast.com\/product\/yoast-seo-wordpress\/ -->\n<title>Prva no\u0107 Velikog rata - Serbia.com<\/title>\n<meta name=\"robots\" content=\"index, follow, max-snippet:-1, max-image-preview:large, max-video-preview:-1\" \/>\n<link rel=\"canonical\" href=\"https:\/\/serbia.com\/srpski\/o-srbiji\/istorija\/srbija-u-prvom-svetskom-ratu\/prva-noc-velikog-rata\/\" \/>\n<meta property=\"og:locale\" content=\"en_US\" \/>\n<meta property=\"og:type\" content=\"article\" \/>\n<meta property=\"og:title\" content=\"Prva no\u0107 Velikog rata - Serbia.com\" \/>\n<meta property=\"og:description\" content=\"Prvi svetski rat po\u010deo je napadom na Beograd. Ve\u0107 iste no\u0107i po objavi rata, pala je prva \u017ertva, a sa zloglasnog ratnog monitora Bodrog, koji je iz pravca Zemuna, u [&hellip;]\" \/>\n<meta property=\"og:url\" content=\"https:\/\/serbia.com\/srpski\/o-srbiji\/istorija\/srbija-u-prvom-svetskom-ratu\/prva-noc-velikog-rata\/\" \/>\n<meta property=\"og:site_name\" content=\"Serbia.com\" \/>\n<meta property=\"article:modified_time\" content=\"2024-10-03T07:33:11+00:00\" \/>\n<meta property=\"og:image\" content=\"https:\/\/serbia.com\/wp-content\/uploads\/2015\/07\/bodrog1.jpg\" \/>\n\t<meta property=\"og:image:width\" content=\"2468\" \/>\n\t<meta property=\"og:image:height\" content=\"1248\" \/>\n\t<meta property=\"og:image:type\" content=\"image\/jpeg\" \/>\n<meta name=\"twitter:label1\" content=\"Est. reading time\" \/>\n\t<meta name=\"twitter:data1\" content=\"4 minutes\" \/>\n<script type=\"application\/ld+json\" class=\"yoast-schema-graph\">{\"@context\":\"https:\\\/\\\/schema.org\",\"@graph\":[{\"@type\":\"WebPage\",\"@id\":\"https:\\\/\\\/serbia.com\\\/srpski\\\/o-srbiji\\\/istorija\\\/srbija-u-prvom-svetskom-ratu\\\/prva-noc-velikog-rata\\\/\",\"url\":\"https:\\\/\\\/serbia.com\\\/srpski\\\/o-srbiji\\\/istorija\\\/srbija-u-prvom-svetskom-ratu\\\/prva-noc-velikog-rata\\\/\",\"name\":\"Prva no\u0107 Velikog rata - Serbia.com\",\"isPartOf\":{\"@id\":\"https:\\\/\\\/serbia.com\\\/#website\"},\"primaryImageOfPage\":{\"@id\":\"https:\\\/\\\/serbia.com\\\/srpski\\\/o-srbiji\\\/istorija\\\/srbija-u-prvom-svetskom-ratu\\\/prva-noc-velikog-rata\\\/#primaryimage\"},\"image\":{\"@id\":\"https:\\\/\\\/serbia.com\\\/srpski\\\/o-srbiji\\\/istorija\\\/srbija-u-prvom-svetskom-ratu\\\/prva-noc-velikog-rata\\\/#primaryimage\"},\"thumbnailUrl\":\"https:\\\/\\\/serbia.com\\\/wp-content\\\/uploads\\\/2015\\\/07\\\/bodrog1.jpg\",\"datePublished\":\"2015-07-09T11:26:58+00:00\",\"dateModified\":\"2024-10-03T07:33:11+00:00\",\"breadcrumb\":{\"@id\":\"https:\\\/\\\/serbia.com\\\/srpski\\\/o-srbiji\\\/istorija\\\/srbija-u-prvom-svetskom-ratu\\\/prva-noc-velikog-rata\\\/#breadcrumb\"},\"inLanguage\":\"srpski\",\"potentialAction\":[{\"@type\":\"ReadAction\",\"target\":[\"https:\\\/\\\/serbia.com\\\/srpski\\\/o-srbiji\\\/istorija\\\/srbija-u-prvom-svetskom-ratu\\\/prva-noc-velikog-rata\\\/\"]}]},{\"@type\":\"ImageObject\",\"inLanguage\":\"srpski\",\"@id\":\"https:\\\/\\\/serbia.com\\\/srpski\\\/o-srbiji\\\/istorija\\\/srbija-u-prvom-svetskom-ratu\\\/prva-noc-velikog-rata\\\/#primaryimage\",\"url\":\"https:\\\/\\\/serbia.com\\\/wp-content\\\/uploads\\\/2015\\\/07\\\/bodrog1.jpg\",\"contentUrl\":\"https:\\\/\\\/serbia.com\\\/wp-content\\\/uploads\\\/2015\\\/07\\\/bodrog1.jpg\",\"width\":2468,\"height\":1248},{\"@type\":\"BreadcrumbList\",\"@id\":\"https:\\\/\\\/serbia.com\\\/srpski\\\/o-srbiji\\\/istorija\\\/srbija-u-prvom-svetskom-ratu\\\/prva-noc-velikog-rata\\\/#breadcrumb\",\"itemListElement\":[{\"@type\":\"ListItem\",\"position\":1,\"name\":\"Home\",\"item\":\"https:\\\/\\\/serbia.com\\\/srpski\\\/srbija\\\/\"},{\"@type\":\"ListItem\",\"position\":2,\"name\":\"O Srbiji\",\"item\":\"https:\\\/\\\/serbia.com\\\/srpski\\\/o-srbiji\\\/\"},{\"@type\":\"ListItem\",\"position\":3,\"name\":\"Istorija\",\"item\":\"https:\\\/\\\/serbia.com\\\/srpski\\\/o-srbiji\\\/istorija\\\/\"},{\"@type\":\"ListItem\",\"position\":4,\"name\":\"Srbija u Prvom svetskom ratu\",\"item\":\"https:\\\/\\\/serbia.com\\\/srpski\\\/o-srbiji\\\/istorija\\\/srbija-u-prvom-svetskom-ratu\\\/\"},{\"@type\":\"ListItem\",\"position\":5,\"name\":\"Prva no\u0107 Velikog rata\"}]},{\"@type\":\"WebSite\",\"@id\":\"https:\\\/\\\/serbia.com\\\/#website\",\"url\":\"https:\\\/\\\/serbia.com\\\/\",\"name\":\"Serbia.com\",\"description\":\"Your Gateway to Serbia\",\"potentialAction\":[{\"@type\":\"SearchAction\",\"target\":{\"@type\":\"EntryPoint\",\"urlTemplate\":\"https:\\\/\\\/serbia.com\\\/?s={search_term_string}\"},\"query-input\":{\"@type\":\"PropertyValueSpecification\",\"valueRequired\":true,\"valueName\":\"search_term_string\"}}],\"inLanguage\":\"srpski\"}]}<\/script>\n<!-- \/ Yoast SEO plugin. -->","yoast_head_json":{"title":"Prva no\u0107 Velikog rata - Serbia.com","robots":{"index":"index","follow":"follow","max-snippet":"max-snippet:-1","max-image-preview":"max-image-preview:large","max-video-preview":"max-video-preview:-1"},"canonical":"https:\/\/serbia.com\/srpski\/o-srbiji\/istorija\/srbija-u-prvom-svetskom-ratu\/prva-noc-velikog-rata\/","og_locale":"en_US","og_type":"article","og_title":"Prva no\u0107 Velikog rata - Serbia.com","og_description":"Prvi svetski rat po\u010deo je napadom na Beograd. Ve\u0107 iste no\u0107i po objavi rata, pala je prva \u017ertva, a sa zloglasnog ratnog monitora Bodrog, koji je iz pravca Zemuna, u [&hellip;]","og_url":"https:\/\/serbia.com\/srpski\/o-srbiji\/istorija\/srbija-u-prvom-svetskom-ratu\/prva-noc-velikog-rata\/","og_site_name":"Serbia.com","article_modified_time":"2024-10-03T07:33:11+00:00","og_image":[{"width":2468,"height":1248,"url":"https:\/\/serbia.com\/wp-content\/uploads\/2015\/07\/bodrog1.jpg","type":"image\/jpeg"}],"twitter_misc":{"Est. reading time":"4 minutes"},"schema":{"@context":"https:\/\/schema.org","@graph":[{"@type":"WebPage","@id":"https:\/\/serbia.com\/srpski\/o-srbiji\/istorija\/srbija-u-prvom-svetskom-ratu\/prva-noc-velikog-rata\/","url":"https:\/\/serbia.com\/srpski\/o-srbiji\/istorija\/srbija-u-prvom-svetskom-ratu\/prva-noc-velikog-rata\/","name":"Prva no\u0107 Velikog rata - Serbia.com","isPartOf":{"@id":"https:\/\/serbia.com\/#website"},"primaryImageOfPage":{"@id":"https:\/\/serbia.com\/srpski\/o-srbiji\/istorija\/srbija-u-prvom-svetskom-ratu\/prva-noc-velikog-rata\/#primaryimage"},"image":{"@id":"https:\/\/serbia.com\/srpski\/o-srbiji\/istorija\/srbija-u-prvom-svetskom-ratu\/prva-noc-velikog-rata\/#primaryimage"},"thumbnailUrl":"https:\/\/serbia.com\/wp-content\/uploads\/2015\/07\/bodrog1.jpg","datePublished":"2015-07-09T11:26:58+00:00","dateModified":"2024-10-03T07:33:11+00:00","breadcrumb":{"@id":"https:\/\/serbia.com\/srpski\/o-srbiji\/istorija\/srbija-u-prvom-svetskom-ratu\/prva-noc-velikog-rata\/#breadcrumb"},"inLanguage":"srpski","potentialAction":[{"@type":"ReadAction","target":["https:\/\/serbia.com\/srpski\/o-srbiji\/istorija\/srbija-u-prvom-svetskom-ratu\/prva-noc-velikog-rata\/"]}]},{"@type":"ImageObject","inLanguage":"srpski","@id":"https:\/\/serbia.com\/srpski\/o-srbiji\/istorija\/srbija-u-prvom-svetskom-ratu\/prva-noc-velikog-rata\/#primaryimage","url":"https:\/\/serbia.com\/wp-content\/uploads\/2015\/07\/bodrog1.jpg","contentUrl":"https:\/\/serbia.com\/wp-content\/uploads\/2015\/07\/bodrog1.jpg","width":2468,"height":1248},{"@type":"BreadcrumbList","@id":"https:\/\/serbia.com\/srpski\/o-srbiji\/istorija\/srbija-u-prvom-svetskom-ratu\/prva-noc-velikog-rata\/#breadcrumb","itemListElement":[{"@type":"ListItem","position":1,"name":"Home","item":"https:\/\/serbia.com\/srpski\/srbija\/"},{"@type":"ListItem","position":2,"name":"O Srbiji","item":"https:\/\/serbia.com\/srpski\/o-srbiji\/"},{"@type":"ListItem","position":3,"name":"Istorija","item":"https:\/\/serbia.com\/srpski\/o-srbiji\/istorija\/"},{"@type":"ListItem","position":4,"name":"Srbija u Prvom svetskom ratu","item":"https:\/\/serbia.com\/srpski\/o-srbiji\/istorija\/srbija-u-prvom-svetskom-ratu\/"},{"@type":"ListItem","position":5,"name":"Prva no\u0107 Velikog rata"}]},{"@type":"WebSite","@id":"https:\/\/serbia.com\/#website","url":"https:\/\/serbia.com\/","name":"Serbia.com","description":"Your Gateway to Serbia","potentialAction":[{"@type":"SearchAction","target":{"@type":"EntryPoint","urlTemplate":"https:\/\/serbia.com\/?s={search_term_string}"},"query-input":{"@type":"PropertyValueSpecification","valueRequired":true,"valueName":"search_term_string"}}],"inLanguage":"srpski"}]}},"brizy_media":[],"_links":{"self":[{"href":"https:\/\/serbia.com\/srpski\/wp-json\/wp\/v2\/pages\/34936","targetHints":{"allow":["GET"]}}],"collection":[{"href":"https:\/\/serbia.com\/srpski\/wp-json\/wp\/v2\/pages"}],"about":[{"href":"https:\/\/serbia.com\/srpski\/wp-json\/wp\/v2\/types\/page"}],"author":[{"embeddable":true,"href":"https:\/\/serbia.com\/srpski\/wp-json\/wp\/v2\/users\/27"}],"replies":[{"embeddable":true,"href":"https:\/\/serbia.com\/srpski\/wp-json\/wp\/v2\/comments?post=34936"}],"version-history":[{"count":2,"href":"https:\/\/serbia.com\/srpski\/wp-json\/wp\/v2\/pages\/34936\/revisions"}],"predecessor-version":[{"id":55267,"href":"https:\/\/serbia.com\/srpski\/wp-json\/wp\/v2\/pages\/34936\/revisions\/55267"}],"up":[{"embeddable":true,"href":"https:\/\/serbia.com\/srpski\/wp-json\/wp\/v2\/pages\/34850"}],"wp:featuredmedia":[{"embeddable":true,"href":"https:\/\/serbia.com\/srpski\/wp-json\/wp\/v2\/media\/34932"}],"wp:attachment":[{"href":"https:\/\/serbia.com\/srpski\/wp-json\/wp\/v2\/media?parent=34936"}],"wp:term":[{"taxonomy":"category","embeddable":true,"href":"https:\/\/serbia.com\/srpski\/wp-json\/wp\/v2\/categories?post=34936"},{"taxonomy":"post_tag","embeddable":true,"href":"https:\/\/serbia.com\/srpski\/wp-json\/wp\/v2\/tags?post=34936"}],"curies":[{"name":"wp","href":"https:\/\/api.w.org\/{rel}","templated":true}]}}