{"id":34910,"date":"2015-07-09T12:36:52","date_gmt":"2015-07-09T10:36:52","guid":{"rendered":"http:\/\/www.serbia.com\/?page_id=34910"},"modified":"2024-10-03T08:45:50","modified_gmt":"2024-10-03T06:45:50","slug":"natalijina-ramonda","status":"publish","type":"page","link":"https:\/\/serbia.com\/srpski\/o-srbiji\/istorija\/srbija-u-prvom-svetskom-ratu\/natalijina-ramonda\/","title":{"rendered":"Natalijina ramonda"},"content":{"rendered":"<h4>Osobine kao \u0161to su izdr\u017eljivost, hrabost i sposobnost da u te\u0161kim vremenima i uslovima kada ve\u0107 izgleda da je mrtva, srpska dr\u017eava ustane, prepoznate su u \u010dudesnom cvetu-Natalijinoj ramondi. Ova biljka sa veoma retkim mo\u0107ima, neobi\u010dnim stani\u0161tima na kojima raste i imenom koje je dobila po kraljici Nataliji Obrenovi\u0107, postala je glavni motiv za amblem Dana primirja u Prvom svetskom ratu.<\/h4>\n<p>U jednom \u017eelezni\u010dkom vagonu u Kompijenu, 11. novembra 1918. Godine, sile Antante i Nema\u010dka potpisale su primirje i time okon\u010dale Prvi svetski rat. Skoro 95 godina nakon istorijski va\u017enog datuma za gotovo \u010ditav svet, Republika Srbija od 11. novembra 2012. godine obele\u017eava <b><strong>\u201eDan primirja u Prvom svetskom ratu\u201d<\/strong><\/b> kao dr\u017eavni praznik. Obele\u017eavanjem ovog datuma odata je po\u010dast svim vojnicima Kraljevine Srbije koji su se hrabro borili, kao i svim nevino nastradalima u periodu od 1914-1918. godine.<\/p>\n<p><img loading=\"lazy\" decoding=\"async\" class=\"alignleft size-medium wp-image-25177\" src=\"http:\/\/www.serbia.com\/wp-content\/uploads\/2014\/04\/RAIMONDA-NATHALIAE-300x300.jpg\" alt=\"RAIMONDA NATHALIAE\" width=\"300\" height=\"300\" srcset=\"https:\/\/serbia.com\/wp-content\/uploads\/2014\/04\/RAIMONDA-NATHALIAE-300x300.jpg 300w, https:\/\/serbia.com\/wp-content\/uploads\/2014\/04\/RAIMONDA-NATHALIAE-150x150.jpg 150w, https:\/\/serbia.com\/wp-content\/uploads\/2014\/04\/RAIMONDA-NATHALIAE.jpg 500w\" sizes=\"(max-width: 300px) 100vw, 300px\" \/>Tokom ove \u010detiri godine Kraljevina Srbija je morala da donese te\u0161ke odluke, da podnese velike gubitke i stradanja, i da odoli mnogim isku\u0161enjima. Od veli\u010danstvenih pobeda na Kolubari i <a href=\"http:\/\/www.serbia.com\/srpski\/cerska-bitka-prva-saveznicka-pobeda-u-velikom-ratu\/\">Ceru<\/a>, do Solunskog fronta i Albanske golgote, srpska dr\u017eava se na kraju na\u0161la na strani dr\u017eava pobednica i uspela da se kao feniks izdigne iz pepela koji je Veliki rat ostavio za sobom.<\/p>\n<p>Upravo ta <b><strong>magi\u010dna sposobnost povratka u \u017eivot, predstavlja glavnu sponu izme\u0111u srpske dr\u017eave i Natalijine ramonde.<\/strong><\/b> Naime, lepotom svojih ljubi\u010dastih listova kao i mogu\u0107no\u0161\u0107u da se uz pomo\u0107 par kapljica vode vrati u \u017eivot, Natalijina ramonda nikoga ne ostavlja ravnodu\u0161nim. Pored toga <b><strong>ovaj \u010dudesni cvet raste na <a href=\"http:\/\/www.serbia.com\/srpski\/osmatracnica-sa-kajmakcalana\/\">Kajmak\u010dalanu<\/a><\/strong><\/b>, popri\u0161tu slavne bitke u Velikom ratu, pa je sve ukazivalo na to da ovaj cvet sa punim pravom zaslu\u017euje da se na\u0111e na amblemu za Dan primirja, kao i da predstavlja simbol preporoda srpske dr\u017eave.<\/p>\n<p><b><strong><em>Natalijinu ramondu (Ramonda nathaliae) je u okolini <a href=\"http:\/\/www.serbia.com\/srpski\/posetite-srbiju\/sta-videti\/gradovi\/nis\/\">Ni\u0161a<\/a> 1884. godine otkrio doktor Sava Petrovi\u0107, a opisao Josif Pan\u010di\u0107. Ovaj cvet je endemska vrsta zapadnog Balkana, i raste u Srbiji, Makedoniji i Gr\u010dkoj. Nalazi se na spisku retkih, ugro\u017eenih i endemi\u010dnih biljaka Evrope, a u Srbiji je strogo za\u0161ti\u0107ena vrsta. Ramonda nathalie ima prete\u017eno okrugle tamno ljubi\u010daste listove, i raste do visine od 2.150 m.<\/em><\/strong><\/b><\/p>\n<p>Zna\u010dka koja se od 2012. godine nosi nedelju dana pre, kao i na dan samog praznika, predstavlja kombinaciju cveta Natalijine ramonde i \u010duvene albanske spomenice. Sa jedne strane, cvet predstavlja vaskrs srpske dr\u017eave koja se posle Prvog svetskog rata uzdigla i nastavila svoj put, a sa druge strane albanska spomenica predstavlja najve\u0107e stradanje srpskog naroda u ovom ratu, a to je povla\u010denje preko Albanije.<\/p>\n<p>Pre nego \u0161to je postao dr\u017eavni praznik, Dan primirja se obele\u017eavao od 2005. godine na prvim \u010dasovima u osnovnim i srednjim \u0161kolama. Od 2012. godine kada zvani\u010dno postaje dr\u017eavni praznik, zna\u010dke sa amblemom<img loading=\"lazy\" decoding=\"async\" class=\"alignright wp-image-25183\" src=\"http:\/\/www.serbia.com\/wp-content\/uploads\/2014\/04\/dan-primirja1-203x300.jpg\" alt=\"dan primirja\" width=\"182\" height=\"268\" srcset=\"https:\/\/serbia.com\/wp-content\/uploads\/2014\/04\/dan-primirja1-203x300.jpg 203w, https:\/\/serbia.com\/wp-content\/uploads\/2014\/04\/dan-primirja1.jpg 304w\" sizes=\"(max-width: 182px) 100vw, 182px\" \/> Natalijine ramonde i albanske spomenice nose dr\u017eavni funkcioneri, medijske li\u010dnosti, kao i gra\u0111ani Srbije. Ovaj dan se praznuje neradno.<\/p>\n<blockquote><p><em><b><strong>Pored Natalijine Ramonde, poznata je i Ramonda serbica. Iako pripadaju istoj porodici, ove dve cvetnice se pre svega razlikuju po obliku i boji listova, ali i po izdr\u017eljivosti. Ramonda serbica ima prete\u017eno rombi\u010dne svetlo ljubi\u010daste listove, a Ramonda nathalie ima prete\u017eno okrugle tamno ljubi\u010daste listove. Jedino mesto na svetu gde ove dve Ramonde rastu jedna pored druge je okolina Ni\u0161a.<\/strong><\/b><\/em><\/p><\/blockquote>\n<p><img loading=\"lazy\" decoding=\"async\" class=\"alignleft size-full wp-image-25104\" src=\"http:\/\/www.serbia.com\/wp-content\/uploads\/2014\/04\/kancelarija-za-dijasporu-logo1.jpg\" alt=\"kancelarija-za-dijasporu-logo1\" width=\"275\" height=\"100\" \/><\/p>\n<p><em>Tekst je podr\u017ean od strane <a href=\"http:\/\/www.dijaspora.gov.rs\/\">Kancelarije za saradnju sa dijasporom i Srbima u regionu<\/a>.<\/em><\/p>\n","protected":false},"excerpt":{"rendered":"<p>Osobine kao \u0161to su izdr\u017eljivost, hrabost i sposobnost da u te\u0161kim vremenima i uslovima kada ve\u0107 izgleda da je mrtva, srpska dr\u017eava ustane, prepoznate su u \u010dudesnom cvetu-Natalijinoj ramondi. Ova [&hellip;]<\/p>\n","protected":false},"author":27,"featured_media":34907,"parent":34850,"menu_order":0,"comment_status":"closed","ping_status":"closed","template":"","meta":{"_acf_changed":false,"inline_featured_image":false,"_monsterinsights_skip_tracking":false,"_monsterinsights_sitenote_active":false,"_monsterinsights_sitenote_note":"","_monsterinsights_sitenote_category":0,"footnotes":""},"categories":[1639],"tags":[],"class_list":["post-34910","page","type-page","status-publish","has-post-thumbnail","hentry","category-istorija-kultura-otkrijte-srbiju"],"acf":[],"yoast_head":"<!-- This site is optimized with the Yoast SEO plugin v23.8 - https:\/\/yoast.com\/wordpress\/plugins\/seo\/ -->\n<title>Natalijina ramonda - Serbia.com<\/title>\n<meta name=\"robots\" content=\"index, follow, max-snippet:-1, max-image-preview:large, max-video-preview:-1\" \/>\n<link rel=\"canonical\" href=\"https:\/\/serbia.com\/srpski\/o-srbiji\/istorija\/srbija-u-prvom-svetskom-ratu\/natalijina-ramonda\/\" \/>\n<meta property=\"og:locale\" content=\"en_US\" \/>\n<meta property=\"og:type\" content=\"article\" \/>\n<meta property=\"og:title\" content=\"Natalijina ramonda - Serbia.com\" \/>\n<meta property=\"og:description\" content=\"Osobine kao \u0161to su izdr\u017eljivost, hrabost i sposobnost da u te\u0161kim vremenima i uslovima kada ve\u0107 izgleda da je mrtva, srpska dr\u017eava ustane, prepoznate su u \u010dudesnom cvetu-Natalijinoj ramondi. Ova [&hellip;]\" \/>\n<meta property=\"og:url\" content=\"https:\/\/serbia.com\/srpski\/o-srbiji\/istorija\/srbija-u-prvom-svetskom-ratu\/natalijina-ramonda\/\" \/>\n<meta property=\"og:site_name\" content=\"Serbia.com\" \/>\n<meta property=\"article:modified_time\" content=\"2024-10-03T06:45:50+00:00\" \/>\n<meta property=\"og:image\" content=\"https:\/\/serbia.com\/wp-content\/uploads\/2015\/07\/natalijina_ramonda1.jpg\" \/>\n\t<meta property=\"og:image:width\" content=\"1793\" \/>\n\t<meta property=\"og:image:height\" content=\"861\" \/>\n\t<meta property=\"og:image:type\" content=\"image\/jpeg\" \/>\n<meta name=\"twitter:label1\" content=\"Est. reading time\" \/>\n\t<meta name=\"twitter:data1\" content=\"3 minutes\" \/>\n<script type=\"application\/ld+json\" class=\"yoast-schema-graph\">{\"@context\":\"https:\/\/schema.org\",\"@graph\":[{\"@type\":\"WebPage\",\"@id\":\"https:\/\/serbia.com\/srpski\/o-srbiji\/istorija\/srbija-u-prvom-svetskom-ratu\/natalijina-ramonda\/\",\"url\":\"https:\/\/serbia.com\/srpski\/o-srbiji\/istorija\/srbija-u-prvom-svetskom-ratu\/natalijina-ramonda\/\",\"name\":\"Natalijina ramonda - Serbia.com\",\"isPartOf\":{\"@id\":\"https:\/\/serbia.com\/#website\"},\"primaryImageOfPage\":{\"@id\":\"https:\/\/serbia.com\/srpski\/o-srbiji\/istorija\/srbija-u-prvom-svetskom-ratu\/natalijina-ramonda\/#primaryimage\"},\"image\":{\"@id\":\"https:\/\/serbia.com\/srpski\/o-srbiji\/istorija\/srbija-u-prvom-svetskom-ratu\/natalijina-ramonda\/#primaryimage\"},\"thumbnailUrl\":\"https:\/\/serbia.com\/wp-content\/uploads\/2015\/07\/natalijina_ramonda1.jpg\",\"datePublished\":\"2015-07-09T10:36:52+00:00\",\"dateModified\":\"2024-10-03T06:45:50+00:00\",\"breadcrumb\":{\"@id\":\"https:\/\/serbia.com\/srpski\/o-srbiji\/istorija\/srbija-u-prvom-svetskom-ratu\/natalijina-ramonda\/#breadcrumb\"},\"inLanguage\":\"srpski\",\"potentialAction\":[{\"@type\":\"ReadAction\",\"target\":[\"https:\/\/serbia.com\/srpski\/o-srbiji\/istorija\/srbija-u-prvom-svetskom-ratu\/natalijina-ramonda\/\"]}]},{\"@type\":\"ImageObject\",\"inLanguage\":\"srpski\",\"@id\":\"https:\/\/serbia.com\/srpski\/o-srbiji\/istorija\/srbija-u-prvom-svetskom-ratu\/natalijina-ramonda\/#primaryimage\",\"url\":\"https:\/\/serbia.com\/wp-content\/uploads\/2015\/07\/natalijina_ramonda1.jpg\",\"contentUrl\":\"https:\/\/serbia.com\/wp-content\/uploads\/2015\/07\/natalijina_ramonda1.jpg\",\"width\":1793,\"height\":861},{\"@type\":\"BreadcrumbList\",\"@id\":\"https:\/\/serbia.com\/srpski\/o-srbiji\/istorija\/srbija-u-prvom-svetskom-ratu\/natalijina-ramonda\/#breadcrumb\",\"itemListElement\":[{\"@type\":\"ListItem\",\"position\":1,\"name\":\"Home\",\"item\":\"https:\/\/serbia.com\/srpski\/\"},{\"@type\":\"ListItem\",\"position\":2,\"name\":\"O Srbiji\",\"item\":\"https:\/\/serbia.com\/srpski\/o-srbiji\/\"},{\"@type\":\"ListItem\",\"position\":3,\"name\":\"Istorija\",\"item\":\"https:\/\/serbia.com\/srpski\/o-srbiji\/istorija\/\"},{\"@type\":\"ListItem\",\"position\":4,\"name\":\"Srbija u Prvom svetskom ratu\",\"item\":\"https:\/\/serbia.com\/srpski\/o-srbiji\/istorija\/srbija-u-prvom-svetskom-ratu\/\"},{\"@type\":\"ListItem\",\"position\":5,\"name\":\"Natalijina ramonda\"}]},{\"@type\":\"WebSite\",\"@id\":\"https:\/\/serbia.com\/#website\",\"url\":\"https:\/\/serbia.com\/\",\"name\":\"Serbia.com\",\"description\":\"Your Gateway to Serbia\",\"potentialAction\":[{\"@type\":\"SearchAction\",\"target\":{\"@type\":\"EntryPoint\",\"urlTemplate\":\"https:\/\/serbia.com\/?s={search_term_string}\"},\"query-input\":{\"@type\":\"PropertyValueSpecification\",\"valueRequired\":true,\"valueName\":\"search_term_string\"}}],\"inLanguage\":\"srpski\"}]}<\/script>\n<!-- \/ Yoast SEO plugin. -->","yoast_head_json":{"title":"Natalijina ramonda - Serbia.com","robots":{"index":"index","follow":"follow","max-snippet":"max-snippet:-1","max-image-preview":"max-image-preview:large","max-video-preview":"max-video-preview:-1"},"canonical":"https:\/\/serbia.com\/srpski\/o-srbiji\/istorija\/srbija-u-prvom-svetskom-ratu\/natalijina-ramonda\/","og_locale":"en_US","og_type":"article","og_title":"Natalijina ramonda - Serbia.com","og_description":"Osobine kao \u0161to su izdr\u017eljivost, hrabost i sposobnost da u te\u0161kim vremenima i uslovima kada ve\u0107 izgleda da je mrtva, srpska dr\u017eava ustane, prepoznate su u \u010dudesnom cvetu-Natalijinoj ramondi. Ova [&hellip;]","og_url":"https:\/\/serbia.com\/srpski\/o-srbiji\/istorija\/srbija-u-prvom-svetskom-ratu\/natalijina-ramonda\/","og_site_name":"Serbia.com","article_modified_time":"2024-10-03T06:45:50+00:00","og_image":[{"width":1793,"height":861,"url":"https:\/\/serbia.com\/wp-content\/uploads\/2015\/07\/natalijina_ramonda1.jpg","type":"image\/jpeg"}],"twitter_misc":{"Est. reading time":"3 minutes"},"schema":{"@context":"https:\/\/schema.org","@graph":[{"@type":"WebPage","@id":"https:\/\/serbia.com\/srpski\/o-srbiji\/istorija\/srbija-u-prvom-svetskom-ratu\/natalijina-ramonda\/","url":"https:\/\/serbia.com\/srpski\/o-srbiji\/istorija\/srbija-u-prvom-svetskom-ratu\/natalijina-ramonda\/","name":"Natalijina ramonda - Serbia.com","isPartOf":{"@id":"https:\/\/serbia.com\/#website"},"primaryImageOfPage":{"@id":"https:\/\/serbia.com\/srpski\/o-srbiji\/istorija\/srbija-u-prvom-svetskom-ratu\/natalijina-ramonda\/#primaryimage"},"image":{"@id":"https:\/\/serbia.com\/srpski\/o-srbiji\/istorija\/srbija-u-prvom-svetskom-ratu\/natalijina-ramonda\/#primaryimage"},"thumbnailUrl":"https:\/\/serbia.com\/wp-content\/uploads\/2015\/07\/natalijina_ramonda1.jpg","datePublished":"2015-07-09T10:36:52+00:00","dateModified":"2024-10-03T06:45:50+00:00","breadcrumb":{"@id":"https:\/\/serbia.com\/srpski\/o-srbiji\/istorija\/srbija-u-prvom-svetskom-ratu\/natalijina-ramonda\/#breadcrumb"},"inLanguage":"srpski","potentialAction":[{"@type":"ReadAction","target":["https:\/\/serbia.com\/srpski\/o-srbiji\/istorija\/srbija-u-prvom-svetskom-ratu\/natalijina-ramonda\/"]}]},{"@type":"ImageObject","inLanguage":"srpski","@id":"https:\/\/serbia.com\/srpski\/o-srbiji\/istorija\/srbija-u-prvom-svetskom-ratu\/natalijina-ramonda\/#primaryimage","url":"https:\/\/serbia.com\/wp-content\/uploads\/2015\/07\/natalijina_ramonda1.jpg","contentUrl":"https:\/\/serbia.com\/wp-content\/uploads\/2015\/07\/natalijina_ramonda1.jpg","width":1793,"height":861},{"@type":"BreadcrumbList","@id":"https:\/\/serbia.com\/srpski\/o-srbiji\/istorija\/srbija-u-prvom-svetskom-ratu\/natalijina-ramonda\/#breadcrumb","itemListElement":[{"@type":"ListItem","position":1,"name":"Home","item":"https:\/\/serbia.com\/srpski\/"},{"@type":"ListItem","position":2,"name":"O Srbiji","item":"https:\/\/serbia.com\/srpski\/o-srbiji\/"},{"@type":"ListItem","position":3,"name":"Istorija","item":"https:\/\/serbia.com\/srpski\/o-srbiji\/istorija\/"},{"@type":"ListItem","position":4,"name":"Srbija u Prvom svetskom ratu","item":"https:\/\/serbia.com\/srpski\/o-srbiji\/istorija\/srbija-u-prvom-svetskom-ratu\/"},{"@type":"ListItem","position":5,"name":"Natalijina ramonda"}]},{"@type":"WebSite","@id":"https:\/\/serbia.com\/#website","url":"https:\/\/serbia.com\/","name":"Serbia.com","description":"Your Gateway to Serbia","potentialAction":[{"@type":"SearchAction","target":{"@type":"EntryPoint","urlTemplate":"https:\/\/serbia.com\/?s={search_term_string}"},"query-input":{"@type":"PropertyValueSpecification","valueRequired":true,"valueName":"search_term_string"}}],"inLanguage":"srpski"}]}},"_links":{"self":[{"href":"https:\/\/serbia.com\/srpski\/wp-json\/wp\/v2\/pages\/34910"}],"collection":[{"href":"https:\/\/serbia.com\/srpski\/wp-json\/wp\/v2\/pages"}],"about":[{"href":"https:\/\/serbia.com\/srpski\/wp-json\/wp\/v2\/types\/page"}],"author":[{"embeddable":true,"href":"https:\/\/serbia.com\/srpski\/wp-json\/wp\/v2\/users\/27"}],"replies":[{"embeddable":true,"href":"https:\/\/serbia.com\/srpski\/wp-json\/wp\/v2\/comments?post=34910"}],"version-history":[{"count":1,"href":"https:\/\/serbia.com\/srpski\/wp-json\/wp\/v2\/pages\/34910\/revisions"}],"predecessor-version":[{"id":55221,"href":"https:\/\/serbia.com\/srpski\/wp-json\/wp\/v2\/pages\/34910\/revisions\/55221"}],"up":[{"embeddable":true,"href":"https:\/\/serbia.com\/srpski\/wp-json\/wp\/v2\/pages\/34850"}],"wp:featuredmedia":[{"embeddable":true,"href":"https:\/\/serbia.com\/srpski\/wp-json\/wp\/v2\/media\/34907"}],"wp:attachment":[{"href":"https:\/\/serbia.com\/srpski\/wp-json\/wp\/v2\/media?parent=34910"}],"wp:term":[{"taxonomy":"category","embeddable":true,"href":"https:\/\/serbia.com\/srpski\/wp-json\/wp\/v2\/categories?post=34910"},{"taxonomy":"post_tag","embeddable":true,"href":"https:\/\/serbia.com\/srpski\/wp-json\/wp\/v2\/tags?post=34910"}],"curies":[{"name":"wp","href":"https:\/\/api.w.org\/{rel}","templated":true}]}}