{"id":34900,"date":"2015-07-08T17:02:33","date_gmt":"2015-07-08T15:02:33","guid":{"rendered":"http:\/\/www.serbia.com\/?page_id=34900"},"modified":"2024-10-03T08:43:17","modified_gmt":"2024-10-03T06:43:17","slug":"osmatracnica-sa-kajmakcalana","status":"publish","type":"page","link":"https:\/\/serbia.com\/srpski\/o-srbiji\/istorija\/srbija-u-prvom-svetskom-ratu\/osmatracnica-sa-kajmakcalana\/","title":{"rendered":"Osmatra\u010dnica sa Kajmak\u010dalana"},"content":{"rendered":"<h4>Posle osamnaest dana te\u0161ke i neizvesne borbe na Kajmak\u010dalanu, srpska vojska je uspela da otvori \u201eKapiju slobode\u201c i da pobedonosno krene put svoje domovine. Na volovskim kolima, po lo\u0161im putevima i nepovoljnim vremenskim uslovima vojnici nisu poneli samo ponos i slobodu, ve\u0107 i uspomenu na veliku pobedu koja im je omogu\u0107ila povratak domovima-osmatra\u010dnicu sa vrha Kajmak\u010dalana.<\/h4>\n<p>Danas je od kamenja sa Kajmak\u010dalana napravljen jedan od najneobi\u010dnijih spomenika-osmatra\u010dnica koji se nalazi u <strong>Pionirskom parku<\/strong>. Ovaj spomenik predstavlja se\u0107anje na veliku pobedu koju je srpska vojska izvojevala u <a href=\"http:\/\/www.serbia.com\/srpski\/tag\/prvi-svetski-rat-srpski\/\" target=\"_blank\" rel=\"noopener\">Prvom svetskom ratu<\/a> protiv Bugara na planini Kajmak\u010dalan. Kako bi pobeda ostala zauvek zapam\u0107ena, srpska Vrhovna komanda odlu\u010dila je da u domovinu ponese kamenje sa vrha <strong>Sveti Ilija visokog 2.524 metara.<\/strong><\/p>\n<p>U samom srcu <a href=\"http:\/\/www.serbia.com\/srpski\/posetite-srbiju\/sta-videti\/gradovi\/beograd\/\" target=\"_blank\" rel=\"noopener\">Beograda<\/a>, na mestu gde je nekada bila ba\u0161ta Starog dvora i gde su se mladi kraljevi\u0107i Aleksandar, Tomislav i Andrej igrali rata, rekonstruisana osmatra\u010dnica stoji kao podsetnik na sva stradanja i \u017ertve koje je Srbija podnela u <a href=\"http:\/\/www.serbia.com\/srpski\/tag\/prvi-svetski-rat-srpski\/\" target=\"_blank\" rel=\"noopener\"><strong>Velikom ratu<\/strong><\/a>. Kako se nikada ne bi zaboravili velikani koji su se hrabro borili za svoju otad\u017ebinu, na osmatra\u010dnici su napravljene i spomen-plo\u010de sa imenima svih srpskih generala koji su u\u010destvovali u Prvom svetskom ratu.<\/p>\n<figure id=\"attachment_25512\" aria-describedby=\"caption-attachment-25512\" style=\"width: 736px\" class=\"wp-caption aligncenter\"><a href=\"http:\/\/www.serbia.com\/wp-content\/uploads\/2014\/04\/Osmatracnica-WWI-res2.jpg\"><img loading=\"lazy\" decoding=\"async\" class=\"  wp-image-25512 size-full\" src=\"http:\/\/www.serbia.com\/wp-content\/uploads\/2014\/04\/Osmatracnica-WWI-res2.jpg\" alt=\"Osmatra\u010dnica sa Kajmak\u010dalana, Pionirski park\" width=\"736\" height=\"491\" srcset=\"https:\/\/serbia.com\/wp-content\/uploads\/2014\/04\/Osmatracnica-WWI-res2.jpg 736w, https:\/\/serbia.com\/wp-content\/uploads\/2014\/04\/Osmatracnica-WWI-res2-300x200.jpg 300w\" sizes=\"(max-width: 736px) 100vw, 736px\" \/><\/a><figcaption id=\"caption-attachment-25512\" class=\"wp-caption-text\">Osmatra\u010dnica sa Kajmak\u010dalana, Pionirski park<\/figcaption><\/figure>\n<p>Kamena utvrda je prekrivena puzavicama i kamenjem, tako da \u0161to vi\u0161e podse\u0107a na originalnu osmatra\u010dnicu koja je srpskim vojnicima bila od velikog zna\u010daja u bici koja je ostala zapam\u0107ena po velikom broju \u017ertava koja je pretrpela srpska vojska i po nadmorskoj visini na kojoj je vo\u0111ena. Mesingane spomen-plo\u010de sa imenima svih generala koji su se hrabro borili u Velikom ratu \u010dine centralni deo ovog nesvakida\u0161njeg spomenika.<\/p>\n<figure id=\"attachment_25506\" aria-describedby=\"caption-attachment-25506\" style=\"width: 225px\" class=\"wp-caption alignleft\"><img loading=\"lazy\" decoding=\"async\" class=\"wp-image-25506 size-medium\" src=\"http:\/\/www.serbia.com\/wp-content\/uploads\/2014\/04\/Sv._Petar_na_Kajmak\u010dalan_1-225x300.jpg\" alt=\"Sv._Petar_na_Kajmak\u010dalan_(1)\" width=\"225\" height=\"300\" srcset=\"https:\/\/serbia.com\/wp-content\/uploads\/2014\/04\/Sv._Petar_na_Kajmak\u010dalan_1-225x300.jpg 225w, https:\/\/serbia.com\/wp-content\/uploads\/2014\/04\/Sv._Petar_na_Kajmak\u010dalan_1.jpg 450w\" sizes=\"(max-width: 225px) 100vw, 225px\" \/><figcaption id=\"caption-attachment-25506\" class=\"wp-caption-text\">Crkva Sv. Petra na Kajmak\u010dalanu<\/figcaption><\/figure>\n<p>Do 1944. godine Pionirski park bio je opasan visokim zidom i slu\u017eio je kao ba\u0161ta Starog dvora, a uklanjanjem zida park je predat na javno kori\u0161\u0107enje i tada je zapo\u010deta rekonstrukcija osmatra\u010dnice sa Kajmak\u010dalana. Pored osmatra\u010dnice koja ovaj park \u010dini posebnim i interesantnim kako za turiste tako i za stanovnike glavnog grada, lepotu i veliki zna\u010daj daju mu i mno\u0161tvo retkih i za\u0161ti\u0107enih biljnih vrsta.<\/p>\n<p>Kulturno bogastvo ovog botani\u010dkog parka, kako ga mnogi nazivaju, \u010dine i statua \u010duvene srpske srpske skulptorke i slikarke <a href=\"http:\/\/www.serbia.com\/srpski\/o-srbiji\/poznati-srbi\/poznati-umetnici\/nadezda-petrovic\/\">Nade\u017ede Petrovi\u0107<\/a>, kao i spomenik na\u0161em jedinom dobitniku Nobelove nagrade za knji\u017eevnost,<a href=\"http:\/\/www.serbia.com\/srpski\/ivo-andric-nobelovac-2\/\" target=\"_blank\" rel=\"noopener\"> Ivu Andri\u0107u<\/a>. Mno\u0161tvo zelenila, retkih stabala i biljaka, klupica za odmor i staza za \u0161etnju \u010dine ovaj park omiljenim mestom za razgledanje znamenitosti, \u0161etnju i odmor.<\/p>\n<p>Hrabrost, ljubav i \u017eelja za povratakom u domovinu dala je srpskim vojnicima snagu da osvoje \u201eneosvojiv grad\u201c, a njihova borbenost i po\u017ertvovanost na skroman na\u010din ovekove\u010dena je osmatra\u010dnicom u Pionirskom parku, ali i malom spomen crkvom (kapelom) na vrhu Kajmak\u010dalana gde se nalaze lobanje mrtvih srpskih vojnika.<\/p>\n<p><em><strong>\u201eMojim div-junacima neustra\u0161ivim i vernim, koji grudima svojim otvori\u0161e vrata slobodi i osta\u0161e ovde kao ve\u010dni stra\u017eari na pragu otad\u017ebine\u201c<\/strong><\/em>, posveta <strong>Aleksandra Kara\u0111or\u0111evi\u0107a<\/strong> na spomen kapeli.<\/p>\n<p>Bitka na Kajmak\u010dalanu<\/p>\n<p>Osvajanje Kajmak\u010dalana je bitka na Solunskom frontu koja se vodila u Prvom svetskom ratu izme\u0111u Kraljevine Srbije i Kraljevine Bugarske. Da je Kajmak\u010dalan bio zna\u010dajna pozicija govore i nazivi: Bugari su ga zvali Borisov grad jer su mislili da je neosvojiv, a Srbija Kapija slobode jer su tu prvi put zakora\u010dili u svoju zemlju. Bitka je vo\u0111ena izme\u0111u 12. i 13. septembra 1916. godine.<\/p>\n<blockquote><p>KAJMAK\u010cALAN<\/p>\n<p>Putni\u010de, stani! Ovde le\u017ee oni!<\/p>\n<p>Gomile ove prah kraljeva kriju.<\/p>\n<p>S kapom u ruci njima se pokloni,<\/p>\n<p>I redom tako i\u017eljubi ih sviju!<\/p>\n<p>Iz ovih humka, iz hrnjage kama,<\/p>\n<p>Gde truba svesti srca jaka svrsta,<\/p>\n<p>Praznici slave granuli su nama<\/p>\n<p>I mu\u010denike skinuli sa krsta.<\/p>\n<p>Ovde su ve\u010dni, \u0161to vatrama \u017ertve<\/p>\n<p>I bilom srca probudi\u0161e mrtve &#8211;<\/p>\n<p>Srbine, stani! Ovde le\u017ee oni!<\/p>\n<p>Ovo su na\u0161e lavre i oltari;<\/p>\n<p>Njihovim svetlim sjajem se ozari,<\/p>\n<p>I \u010delo svoje molitvom prikloni!<\/p>\n<p>Aleksa \u0160anti\u0107<\/p><\/blockquote>\n<p>Foto 3:\u00a0\u00a0Wikimedia Commons,\u00a0<a href=\"http:\/\/commons.wikimedia.org\/wiki\/File:Sv._Petar_na_Kajmak%C4%8Dalan_(1).jpg\" target=\"_blank\" rel=\"noopener\">PetarM<\/a>, under the\u00a0<a title=\"w:en:Creative Commons\" href=\"http:\/\/en.wikipedia.org\/wiki\/en:Creative_Commons\">Creative Commons<\/a>\u00a0<a href=\"http:\/\/creativecommons.org\/licenses\/by\/2.5\/deed.en\" rel=\"nofollow\">Attribution 2.5 Generic<\/a>\u00a0license<\/p>\n<p><a href=\"http:\/\/www.serbia.com\/wp-content\/uploads\/2014\/04\/kancelarija-za-dijasporu-logo1.jpg\"><img loading=\"lazy\" decoding=\"async\" class=\"wp-image-25104 alignleft\" src=\"http:\/\/www.serbia.com\/wp-content\/uploads\/2014\/04\/kancelarija-za-dijasporu-logo1.jpg\" alt=\"kancelarija-za-dijasporu-logo1\" width=\"220\" height=\"80\" \/><\/a><\/p>\n<p>Tekst je podr\u017ean od strane <a href=\"http:\/\/dijaspora.gov.rs\/\" target=\"_blank\" rel=\"noopener\">Kancelarije za saradnju sa dijasporom i Srbima u regionu<\/a>.<\/p>\n","protected":false},"excerpt":{"rendered":"<p>Posle osamnaest dana te\u0161ke i neizvesne borbe na Kajmak\u010dalanu, srpska vojska je uspela da otvori \u201eKapiju slobode\u201c i da pobedonosno krene put svoje domovine. Na volovskim kolima, po lo\u0161im putevima [&hellip;]<\/p>\n","protected":false},"author":27,"featured_media":34892,"parent":34850,"menu_order":0,"comment_status":"closed","ping_status":"closed","template":"","meta":{"_acf_changed":false,"inline_featured_image":false,"_monsterinsights_skip_tracking":false,"_monsterinsights_sitenote_active":false,"_monsterinsights_sitenote_note":"","_monsterinsights_sitenote_category":0,"footnotes":""},"categories":[1639,975],"tags":[3101,6756,6757],"class_list":["post-34900","page","type-page","status-publish","has-post-thumbnail","hentry","category-istorija-kultura-otkrijte-srbiju","category-kultura-otkrijte-srbiju","tag-kajmakcalan-srpski","tag-osmatracnica-sa-kajmakcalana","tag-srbija-u-i-svetskom-ratu"],"acf":[],"yoast_head":"<!-- This site is optimized with the Yoast SEO plugin v23.8 - https:\/\/yoast.com\/wordpress\/plugins\/seo\/ -->\n<title>Osmatra\u010dnica sa Kajmak\u010dalana - Serbia.com<\/title>\n<meta name=\"robots\" content=\"index, follow, max-snippet:-1, max-image-preview:large, max-video-preview:-1\" \/>\n<link rel=\"canonical\" href=\"https:\/\/serbia.com\/srpski\/o-srbiji\/istorija\/srbija-u-prvom-svetskom-ratu\/osmatracnica-sa-kajmakcalana\/\" \/>\n<meta property=\"og:locale\" content=\"en_US\" \/>\n<meta property=\"og:type\" content=\"article\" \/>\n<meta property=\"og:title\" content=\"Osmatra\u010dnica sa Kajmak\u010dalana - Serbia.com\" \/>\n<meta property=\"og:description\" content=\"Posle osamnaest dana te\u0161ke i neizvesne borbe na Kajmak\u010dalanu, srpska vojska je uspela da otvori \u201eKapiju slobode\u201c i da pobedonosno krene put svoje domovine. Na volovskim kolima, po lo\u0161im putevima [&hellip;]\" \/>\n<meta property=\"og:url\" content=\"https:\/\/serbia.com\/srpski\/o-srbiji\/istorija\/srbija-u-prvom-svetskom-ratu\/osmatracnica-sa-kajmakcalana\/\" \/>\n<meta property=\"og:site_name\" content=\"Serbia.com\" \/>\n<meta property=\"article:modified_time\" content=\"2024-10-03T06:43:17+00:00\" \/>\n<meta property=\"og:image\" content=\"https:\/\/serbia.com\/wp-content\/uploads\/2015\/07\/kajmakacalan222.jpg\" \/>\n\t<meta property=\"og:image:width\" content=\"1800\" \/>\n\t<meta property=\"og:image:height\" content=\"824\" \/>\n\t<meta property=\"og:image:type\" content=\"image\/jpeg\" \/>\n<meta name=\"twitter:label1\" content=\"Est. reading time\" \/>\n\t<meta name=\"twitter:data1\" content=\"4 minutes\" \/>\n<script type=\"application\/ld+json\" class=\"yoast-schema-graph\">{\"@context\":\"https:\/\/schema.org\",\"@graph\":[{\"@type\":\"WebPage\",\"@id\":\"https:\/\/serbia.com\/srpski\/o-srbiji\/istorija\/srbija-u-prvom-svetskom-ratu\/osmatracnica-sa-kajmakcalana\/\",\"url\":\"https:\/\/serbia.com\/srpski\/o-srbiji\/istorija\/srbija-u-prvom-svetskom-ratu\/osmatracnica-sa-kajmakcalana\/\",\"name\":\"Osmatra\u010dnica sa Kajmak\u010dalana - Serbia.com\",\"isPartOf\":{\"@id\":\"https:\/\/serbia.com\/#website\"},\"primaryImageOfPage\":{\"@id\":\"https:\/\/serbia.com\/srpski\/o-srbiji\/istorija\/srbija-u-prvom-svetskom-ratu\/osmatracnica-sa-kajmakcalana\/#primaryimage\"},\"image\":{\"@id\":\"https:\/\/serbia.com\/srpski\/o-srbiji\/istorija\/srbija-u-prvom-svetskom-ratu\/osmatracnica-sa-kajmakcalana\/#primaryimage\"},\"thumbnailUrl\":\"https:\/\/serbia.com\/wp-content\/uploads\/2015\/07\/kajmakacalan222.jpg\",\"datePublished\":\"2015-07-08T15:02:33+00:00\",\"dateModified\":\"2024-10-03T06:43:17+00:00\",\"breadcrumb\":{\"@id\":\"https:\/\/serbia.com\/srpski\/o-srbiji\/istorija\/srbija-u-prvom-svetskom-ratu\/osmatracnica-sa-kajmakcalana\/#breadcrumb\"},\"inLanguage\":\"srpski\",\"potentialAction\":[{\"@type\":\"ReadAction\",\"target\":[\"https:\/\/serbia.com\/srpski\/o-srbiji\/istorija\/srbija-u-prvom-svetskom-ratu\/osmatracnica-sa-kajmakcalana\/\"]}]},{\"@type\":\"ImageObject\",\"inLanguage\":\"srpski\",\"@id\":\"https:\/\/serbia.com\/srpski\/o-srbiji\/istorija\/srbija-u-prvom-svetskom-ratu\/osmatracnica-sa-kajmakcalana\/#primaryimage\",\"url\":\"https:\/\/serbia.com\/wp-content\/uploads\/2015\/07\/kajmakacalan222.jpg\",\"contentUrl\":\"https:\/\/serbia.com\/wp-content\/uploads\/2015\/07\/kajmakacalan222.jpg\",\"width\":1800,\"height\":824},{\"@type\":\"BreadcrumbList\",\"@id\":\"https:\/\/serbia.com\/srpski\/o-srbiji\/istorija\/srbija-u-prvom-svetskom-ratu\/osmatracnica-sa-kajmakcalana\/#breadcrumb\",\"itemListElement\":[{\"@type\":\"ListItem\",\"position\":1,\"name\":\"Home\",\"item\":\"https:\/\/serbia.com\/srpski\/\"},{\"@type\":\"ListItem\",\"position\":2,\"name\":\"O Srbiji\",\"item\":\"https:\/\/serbia.com\/srpski\/o-srbiji\/\"},{\"@type\":\"ListItem\",\"position\":3,\"name\":\"Istorija\",\"item\":\"https:\/\/serbia.com\/srpski\/o-srbiji\/istorija\/\"},{\"@type\":\"ListItem\",\"position\":4,\"name\":\"Srbija u Prvom svetskom ratu\",\"item\":\"https:\/\/serbia.com\/srpski\/o-srbiji\/istorija\/srbija-u-prvom-svetskom-ratu\/\"},{\"@type\":\"ListItem\",\"position\":5,\"name\":\"Osmatra\u010dnica sa Kajmak\u010dalana\"}]},{\"@type\":\"WebSite\",\"@id\":\"https:\/\/serbia.com\/#website\",\"url\":\"https:\/\/serbia.com\/\",\"name\":\"Serbia.com\",\"description\":\"Your Gateway to Serbia\",\"potentialAction\":[{\"@type\":\"SearchAction\",\"target\":{\"@type\":\"EntryPoint\",\"urlTemplate\":\"https:\/\/serbia.com\/?s={search_term_string}\"},\"query-input\":{\"@type\":\"PropertyValueSpecification\",\"valueRequired\":true,\"valueName\":\"search_term_string\"}}],\"inLanguage\":\"srpski\"}]}<\/script>\n<!-- \/ Yoast SEO plugin. -->","yoast_head_json":{"title":"Osmatra\u010dnica sa Kajmak\u010dalana - Serbia.com","robots":{"index":"index","follow":"follow","max-snippet":"max-snippet:-1","max-image-preview":"max-image-preview:large","max-video-preview":"max-video-preview:-1"},"canonical":"https:\/\/serbia.com\/srpski\/o-srbiji\/istorija\/srbija-u-prvom-svetskom-ratu\/osmatracnica-sa-kajmakcalana\/","og_locale":"en_US","og_type":"article","og_title":"Osmatra\u010dnica sa Kajmak\u010dalana - Serbia.com","og_description":"Posle osamnaest dana te\u0161ke i neizvesne borbe na Kajmak\u010dalanu, srpska vojska je uspela da otvori \u201eKapiju slobode\u201c i da pobedonosno krene put svoje domovine. Na volovskim kolima, po lo\u0161im putevima [&hellip;]","og_url":"https:\/\/serbia.com\/srpski\/o-srbiji\/istorija\/srbija-u-prvom-svetskom-ratu\/osmatracnica-sa-kajmakcalana\/","og_site_name":"Serbia.com","article_modified_time":"2024-10-03T06:43:17+00:00","og_image":[{"width":1800,"height":824,"url":"https:\/\/serbia.com\/wp-content\/uploads\/2015\/07\/kajmakacalan222.jpg","type":"image\/jpeg"}],"twitter_misc":{"Est. reading time":"4 minutes"},"schema":{"@context":"https:\/\/schema.org","@graph":[{"@type":"WebPage","@id":"https:\/\/serbia.com\/srpski\/o-srbiji\/istorija\/srbija-u-prvom-svetskom-ratu\/osmatracnica-sa-kajmakcalana\/","url":"https:\/\/serbia.com\/srpski\/o-srbiji\/istorija\/srbija-u-prvom-svetskom-ratu\/osmatracnica-sa-kajmakcalana\/","name":"Osmatra\u010dnica sa Kajmak\u010dalana - Serbia.com","isPartOf":{"@id":"https:\/\/serbia.com\/#website"},"primaryImageOfPage":{"@id":"https:\/\/serbia.com\/srpski\/o-srbiji\/istorija\/srbija-u-prvom-svetskom-ratu\/osmatracnica-sa-kajmakcalana\/#primaryimage"},"image":{"@id":"https:\/\/serbia.com\/srpski\/o-srbiji\/istorija\/srbija-u-prvom-svetskom-ratu\/osmatracnica-sa-kajmakcalana\/#primaryimage"},"thumbnailUrl":"https:\/\/serbia.com\/wp-content\/uploads\/2015\/07\/kajmakacalan222.jpg","datePublished":"2015-07-08T15:02:33+00:00","dateModified":"2024-10-03T06:43:17+00:00","breadcrumb":{"@id":"https:\/\/serbia.com\/srpski\/o-srbiji\/istorija\/srbija-u-prvom-svetskom-ratu\/osmatracnica-sa-kajmakcalana\/#breadcrumb"},"inLanguage":"srpski","potentialAction":[{"@type":"ReadAction","target":["https:\/\/serbia.com\/srpski\/o-srbiji\/istorija\/srbija-u-prvom-svetskom-ratu\/osmatracnica-sa-kajmakcalana\/"]}]},{"@type":"ImageObject","inLanguage":"srpski","@id":"https:\/\/serbia.com\/srpski\/o-srbiji\/istorija\/srbija-u-prvom-svetskom-ratu\/osmatracnica-sa-kajmakcalana\/#primaryimage","url":"https:\/\/serbia.com\/wp-content\/uploads\/2015\/07\/kajmakacalan222.jpg","contentUrl":"https:\/\/serbia.com\/wp-content\/uploads\/2015\/07\/kajmakacalan222.jpg","width":1800,"height":824},{"@type":"BreadcrumbList","@id":"https:\/\/serbia.com\/srpski\/o-srbiji\/istorija\/srbija-u-prvom-svetskom-ratu\/osmatracnica-sa-kajmakcalana\/#breadcrumb","itemListElement":[{"@type":"ListItem","position":1,"name":"Home","item":"https:\/\/serbia.com\/srpski\/"},{"@type":"ListItem","position":2,"name":"O Srbiji","item":"https:\/\/serbia.com\/srpski\/o-srbiji\/"},{"@type":"ListItem","position":3,"name":"Istorija","item":"https:\/\/serbia.com\/srpski\/o-srbiji\/istorija\/"},{"@type":"ListItem","position":4,"name":"Srbija u Prvom svetskom ratu","item":"https:\/\/serbia.com\/srpski\/o-srbiji\/istorija\/srbija-u-prvom-svetskom-ratu\/"},{"@type":"ListItem","position":5,"name":"Osmatra\u010dnica sa Kajmak\u010dalana"}]},{"@type":"WebSite","@id":"https:\/\/serbia.com\/#website","url":"https:\/\/serbia.com\/","name":"Serbia.com","description":"Your Gateway to Serbia","potentialAction":[{"@type":"SearchAction","target":{"@type":"EntryPoint","urlTemplate":"https:\/\/serbia.com\/?s={search_term_string}"},"query-input":{"@type":"PropertyValueSpecification","valueRequired":true,"valueName":"search_term_string"}}],"inLanguage":"srpski"}]}},"_links":{"self":[{"href":"https:\/\/serbia.com\/srpski\/wp-json\/wp\/v2\/pages\/34900"}],"collection":[{"href":"https:\/\/serbia.com\/srpski\/wp-json\/wp\/v2\/pages"}],"about":[{"href":"https:\/\/serbia.com\/srpski\/wp-json\/wp\/v2\/types\/page"}],"author":[{"embeddable":true,"href":"https:\/\/serbia.com\/srpski\/wp-json\/wp\/v2\/users\/27"}],"replies":[{"embeddable":true,"href":"https:\/\/serbia.com\/srpski\/wp-json\/wp\/v2\/comments?post=34900"}],"version-history":[{"count":1,"href":"https:\/\/serbia.com\/srpski\/wp-json\/wp\/v2\/pages\/34900\/revisions"}],"predecessor-version":[{"id":55218,"href":"https:\/\/serbia.com\/srpski\/wp-json\/wp\/v2\/pages\/34900\/revisions\/55218"}],"up":[{"embeddable":true,"href":"https:\/\/serbia.com\/srpski\/wp-json\/wp\/v2\/pages\/34850"}],"wp:featuredmedia":[{"embeddable":true,"href":"https:\/\/serbia.com\/srpski\/wp-json\/wp\/v2\/media\/34892"}],"wp:attachment":[{"href":"https:\/\/serbia.com\/srpski\/wp-json\/wp\/v2\/media?parent=34900"}],"wp:term":[{"taxonomy":"category","embeddable":true,"href":"https:\/\/serbia.com\/srpski\/wp-json\/wp\/v2\/categories?post=34900"},{"taxonomy":"post_tag","embeddable":true,"href":"https:\/\/serbia.com\/srpski\/wp-json\/wp\/v2\/tags?post=34900"}],"curies":[{"name":"wp","href":"https:\/\/api.w.org\/{rel}","templated":true}]}}