{"id":34883,"date":"2015-07-08T16:31:24","date_gmt":"2015-07-08T14:31:24","guid":{"rendered":"http:\/\/www.serbia.com\/?page_id=34883"},"modified":"2024-10-03T09:48:13","modified_gmt":"2024-10-03T07:48:13","slug":"srpske-vojvode","status":"publish","type":"page","link":"https:\/\/serbia.com\/srpski\/o-srbiji\/istorija\/srbija-u-prvom-svetskom-ratu\/srpske-vojvode\/","title":{"rendered":"Srpske vojvode"},"content":{"rendered":"<h4>O juna\u0161tvu slavnih vojskovo\u0111a i danas se prepri\u010davaju pri\u010de, pevaju pesme i pi\u0161u knjige, a neke vojne strategije se i u moderno doba prou\u010davaju na najuglednijim univerzitetima u svetu. Oni su se svojim delima i po\u017ertvovano\u0161\u0107u u ratovima koji su zadesili Srbiju na po\u010detku 20.veka, a naro\u010dito Prvom svetskom ratu, zlatnim slovima upisali u svetsku istoriju.<\/h4>\n<p style=\"text-align: center;\"><em><strong>Nenadma\u0161iv strateg, vojvoda Radomir Putnik<\/strong><\/em><\/p>\n<figure id=\"attachment_25337\" aria-describedby=\"caption-attachment-25337\" style=\"width: 240px\" class=\"wp-caption alignleft\"><a href=\"http:\/\/www.serbia.com\/wp-content\/uploads\/2014\/04\/Radomir-Putnik-001.jpg\"><img loading=\"lazy\" decoding=\"async\" class=\" wp-image-25337  \" src=\"http:\/\/www.serbia.com\/wp-content\/uploads\/2014\/04\/Radomir-Putnik-001-300x172.jpg\" alt=\"Radomir-Putnik-001\" width=\"240\" height=\"138\" srcset=\"https:\/\/serbia.com\/wp-content\/uploads\/2014\/04\/Radomir-Putnik-001-300x172.jpg 300w, https:\/\/serbia.com\/wp-content\/uploads\/2014\/04\/Radomir-Putnik-001.jpg 610w\" sizes=\"(max-width: 240px) 100vw, 240px\" \/><\/a><figcaption id=\"caption-attachment-25337\" class=\"wp-caption-text\">Radomir Putnik<\/figcaption><\/figure>\n<p>Da je hrabar vojskovo\u0111a i odli\u010dan strateg, vojvoda Putnik dokazao je jo\u0161 u <strong>srpsko-turskim ratovima<\/strong>, a onda i u balkanskom ratu gde je spretnim komandovanjem obezbedio pobedu u Kumanovskoj, a u II balkanskom ratu u Bregalni\u010dkoj bici. Ve\u0161tina, znanje i pronicljivost ovog srpskog vojvode jo\u0161 jednom je dokazana u Prvom svetskom ratu, kada je kao <strong>na\u010delnik Glavnog general\u0161taba Vojske Kraljevine Srbije organizovao sve ratne planove srpske vojske.<\/strong><\/p>\n<figure id=\"attachment_25339\" aria-describedby=\"caption-attachment-25339\" style=\"width: 300px\" class=\"wp-caption alignright\"><a href=\"http:\/\/www.serbia.com\/wp-content\/uploads\/2014\/04\/Radomir-Putnik-res.jpg\"><img loading=\"lazy\" decoding=\"async\" class=\"wp-image-25339 \" src=\"http:\/\/www.serbia.com\/wp-content\/uploads\/2014\/04\/Radomir-Putnik-res-300x200.jpg\" alt=\"Radomir Putnik res\" width=\"300\" height=\"200\" srcset=\"https:\/\/serbia.com\/wp-content\/uploads\/2014\/04\/Radomir-Putnik-res-300x200.jpg 300w, https:\/\/serbia.com\/wp-content\/uploads\/2014\/04\/Radomir-Putnik-res.jpg 736w\" sizes=\"(max-width: 300px) 100vw, 300px\" \/><\/a><figcaption id=\"caption-attachment-25339\" class=\"wp-caption-text\">Spomenik Radomiru Putniku u Beogradu<\/figcaption><\/figure>\n<p>Tvorac moderne srpske vojske, kako ga mnogi nazivaju je u okviru \u0161kolovanja i obuke oficira uveo razli\u010dite novine, uklju\u010duju\u0107i i re\u0161avanje takti\u010dkih zadataka. <strong>Srpsku vojsku je osavremenio novim naoru\u017eanjem<\/strong>, na klju\u010dna mesta je postavio talentovane oficire i nije dozvolio da se politika ume\u0161a u vojne poslove. Ostao je upam\u0107en i kao prvi srpski vojvoda i jedan od najmudrijih vojskovo\u0111a Velikog rata.<\/p>\n<p>Zasluge za niz pobeda koje je vojska ostvarila pod njegovom komandom, kao i briljijantne strategije koje je napravio uvele su ga u ratne ud\u017ebenike a te\u0161ka odluka o povla\u010denju vojske preko albanskih planina, koju je Putnik morao da donese, o\u010duvala je \u010dast srpske vojske i naroda. Nosilac je najvi\u0161ih doma\u0107h i me\u0111unarodnih vojnih odlikovanja. Kana\u0111ani, saveznici Srbijeiz Velikog rata, odali su mu po\u010dast tako \u0161to su <a href=\"http:\/\/www.serbia.com\/srpski\/planina-u-kanadi-posvecena-vojvodi-putniku\/\" target=\"_blank\" rel=\"noopener\">jednu od svojih planina nazvali po njemu.<\/a><\/p>\n<p style=\"text-align: center;\"><em><strong>Slavni general zadivljuju\u0107e hrabrosti, vojvoda \u017divojin Mi\u0161i\u0107<\/strong><\/em><\/p>\n<figure id=\"attachment_25341\" aria-describedby=\"caption-attachment-25341\" style=\"width: 169px\" class=\"wp-caption alignleft\"><a href=\"http:\/\/www.serbia.com\/wp-content\/uploads\/2014\/04\/misic1.jpg\"><img loading=\"lazy\" decoding=\"async\" class=\"wp-image-25341 \" src=\"http:\/\/www.serbia.com\/wp-content\/uploads\/2014\/04\/misic1-242x300.jpg\" alt=\"misic1\" width=\"169\" height=\"210\" srcset=\"https:\/\/serbia.com\/wp-content\/uploads\/2014\/04\/misic1-242x300.jpg 242w, https:\/\/serbia.com\/wp-content\/uploads\/2014\/04\/misic1.jpg 468w\" sizes=\"(max-width: 169px) 100vw, 169px\" \/><\/a><figcaption id=\"caption-attachment-25341\" class=\"wp-caption-text\">\u017divojin Mi\u0161i\u0107<\/figcaption><\/figure>\n<p>U ratnoj istoriji ovaj srpski general i vojvoda <strong>\u010desto se naziva najbrilijantnijim vojskovo\u0111om Prvog svetskog rata<\/strong>. Svojom gotovo o\u010dinskom brigom za narod, zemlju i svakog vojnika, vojvoda Mi\u0161i\u0107 je <strong>u\u010destvovao u svim ratovima Srbije od 1876. do 1918. godine.<\/strong><\/p>\n<figure id=\"attachment_25343\" aria-describedby=\"caption-attachment-25343\" style=\"width: 300px\" class=\"wp-caption alignright\"><a href=\"http:\/\/www.serbia.com\/wp-content\/uploads\/2014\/04\/Zivojin-Misic-res.jpg\"><img loading=\"lazy\" decoding=\"async\" class=\"size-medium wp-image-25343 \" src=\"http:\/\/www.serbia.com\/wp-content\/uploads\/2014\/04\/Zivojin-Misic-res-300x200.jpg\" alt=\"Zivojin Misic res\" width=\"300\" height=\"200\" srcset=\"https:\/\/serbia.com\/wp-content\/uploads\/2014\/04\/Zivojin-Misic-res-300x200.jpg 300w, https:\/\/serbia.com\/wp-content\/uploads\/2014\/04\/Zivojin-Misic-res.jpg 736w\" sizes=\"(max-width: 300px) 100vw, 300px\" \/><\/a><figcaption id=\"caption-attachment-25343\" class=\"wp-caption-text\">Grob vojvode Mi\u0161i\u0107a u Aleji velikana<\/figcaption><\/figure>\n<p>Njegova najve\u0107a zasluga ogleda se u izuzetnoj hrabrosti da preuzme komandu nad Prvom armijom koja se pred Kolubarsku bitku nalazila u veoma te\u0161kom stanju. Povrativ\u0161i joj poljujani moral, uspeo je da izuzetnim takti\u010dkim potezima zaposedne Suvoborski greben, a potom i potpuno razbije austrougarsku vojsku. <strong>Pobeda u Kolubarskoj<\/strong> bici jedna je od najva\u017enijih i najslavnijih srpskih trijumfa u Velikom ratu, a <strong>generalu Mi\u0161i\u0107u donela je \u010din vojvode.<\/strong><\/p>\n<p>Iako dva puta penzionisan, pa reaktiviran ovaj hrabri vojskovo\u0111a je 1918. godine postavljen za na\u010delnika Vrhovne komande. U septembru iste godine, predvode\u0107i srpsku vojsku prilikom proboja <a href=\"http:\/\/www.serbia.com\/srpski\/prodor-koji-je-odlucio-i-svetski-rat-2\/\" target=\"_blank\" rel=\"noopener\">Solunskog fronta<\/a>, srpska vojska je na \u010delu sa vojvodom \u017divojinom Mi\u0161i\u0107em ispisala jednu od najslavnijih stranica svoje ratne istorije.<\/p>\n<p style=\"text-align: center;\"><em><strong>Pronicljivi vojvoda Stepa Stepanovi\u0107<\/strong><\/em><\/p>\n<figure id=\"attachment_25040\" aria-describedby=\"caption-attachment-25040\" style=\"width: 167px\" class=\"wp-caption alignleft\"><a href=\"http:\/\/www.serbia.com\/wp-content\/uploads\/2014\/04\/stepa.jpg\"><img loading=\"lazy\" decoding=\"async\" class=\" wp-image-25040 \" src=\"http:\/\/www.serbia.com\/wp-content\/uploads\/2014\/04\/stepa.jpg\" alt=\"stepa\" width=\"167\" height=\"245\" \/><\/a><figcaption id=\"caption-attachment-25040\" class=\"wp-caption-text\">Stepa Stepanovi\u0107<\/figcaption><\/figure>\n<figure id=\"attachment_25345\" aria-describedby=\"caption-attachment-25345\" style=\"width: 270px\" class=\"wp-caption alignright\"><a href=\"http:\/\/www.serbia.com\/wp-content\/uploads\/2014\/04\/kuca-vojvode-stepe-res.jpg\"><img loading=\"lazy\" decoding=\"async\" class=\" wp-image-25345 \" src=\"http:\/\/www.serbia.com\/wp-content\/uploads\/2014\/04\/kuca-vojvode-stepe-res-300x200.jpg\" alt=\"kuca vojvode stepe res\" width=\"270\" height=\"180\" srcset=\"https:\/\/serbia.com\/wp-content\/uploads\/2014\/04\/kuca-vojvode-stepe-res-300x200.jpg 300w, https:\/\/serbia.com\/wp-content\/uploads\/2014\/04\/kuca-vojvode-stepe-res.jpg 736w\" sizes=\"(max-width: 270px) 100vw, 270px\" \/><\/a><figcaption id=\"caption-attachment-25345\" class=\"wp-caption-text\">Ku\u0107a vojvode Stepe u Kumodra\u017eu u Beogradu<\/figcaption><\/figure>\n<p>Mudrost i veliko vojni\u010dko iskustvo koje je vojvoda Stepanovi\u0107 stekao u\u010devstvova\u0161i u <strong>srpsko-turskim<\/strong>,<strong> srpsko-bugarskim<\/strong> kao i <strong>balkanskim ratovima<\/strong> krunisane su uspehom u Prvom svetskom ratu. Zbog odsustva vojvode Putnika, 23. jula 1914. godine, Stepanovi\u0107 dobija zadatak da ga zastupa na mestu na\u010delnika Glavnog general\u0161taba. Prva i va\u017ena uloga bila je mobilisanje i koncentracija srpske vojske, koja se usled nedostatka materijalnih sredstava, municije i uniforma odvijala izuzetno te\u0161ko.<\/p>\n<p>Spretno\u0161\u0107u i snala\u017eljivo\u0161\u0107u vojvode Stepanovi\u0107a gotovo sve jedinice bivaju na svom mestu do 10. avgusta, a on preuzima komandu nad Drugom armijom. Izvedbom slo\u017eenog mar\u0161-manevra Druge armije, kao i briljijantnog strate\u0161kog grupisanja vojske na udarnim pozicijama, Stepanovi\u0107 uo\u010dava da <a href=\"http:\/\/www.serbia.com\/srpski\/cerska-bitka-prva-saveznicka-pobeda-u-velikom-ratu\/\" target=\"_blank\" rel=\"noopener\">masiv Cera<\/a> mo\u017ee imati izuzetnu va\u017enost u predstoje\u0107oj bici. Zahvaljuju\u0107i toj odluci, srpska vojska nakon gotovo deset dana te\u0161ke i krvave borbe uspeva da<strong> izvojeva prvu savezni\u010dku pobedu u Velikom ratu<\/strong>.<\/p>\n<p>Za ovaj poduhvat Stepanovi\u0107 dobija \u010din vojvode a njegovi hrabri poduhvati nastavljaju se do samog kraja rata, kada su te\u0161kom i slo\u017eenom operacijom na na\u010din nepoznat u dotada\u0161njoj istoriji ratovanja Druga i Prva armija u sadejstvu sa savezni\u010dkim snagama, probili neprijateljski front i gonile razbijene bugarske i nema\u010dke trupe, sve dok 29. septembra 1918. godine nisu prinudile Bugarsku na kapitulaciju, i otvorile put za kona\u010dno oslobo\u0111enje Srbije.<\/p>\n<p style=\"text-align: center;\"><em><strong><em><strong>Vojvoda Petar Bojovi\u0107: <\/strong><\/em>Impresivna vojna karijera duga 45 godina<br \/>\n<\/strong><\/em><\/p>\n<figure id=\"attachment_25347\" aria-describedby=\"caption-attachment-25347\" style=\"width: 233px\" class=\"wp-caption alignleft\"><a href=\"http:\/\/www.serbia.com\/wp-content\/uploads\/2014\/04\/Petar-Bojovic-res.jpg\"><img loading=\"lazy\" decoding=\"async\" class=\"wp-image-25347 \" src=\"http:\/\/www.serbia.com\/wp-content\/uploads\/2014\/04\/Petar-Bojovic-res-233x300.jpg\" alt=\"Petar Bojovic res\" width=\"233\" height=\"300\" srcset=\"https:\/\/serbia.com\/wp-content\/uploads\/2014\/04\/Petar-Bojovic-res-233x300.jpg 233w, https:\/\/serbia.com\/wp-content\/uploads\/2014\/04\/Petar-Bojovic-res.jpg 736w\" sizes=\"(max-width: 233px) 100vw, 233px\" \/><\/a><figcaption id=\"caption-attachment-25347\" class=\"wp-caption-text\">Petar Bojovi\u0107<\/figcaption><\/figure>\n<p>Hrabrost i izvanredne vojni\u010dke i strate\u0161ke sposobnosti, vojvoda Bojovi\u0107 pokazuje jo\u0161 1872. godine u\u010de\u0161\u0107em u srpsko-turskim ratovima. Te osobine prati\u0107e ovog slavnog komandanta kroz sve ratove koje je Srbija vodila u periodu od 1876-1918. godine. Iako je gotovo na samom po\u010detku Prvog svetskog rata ranjen, Bojovi\u0107 je nastavio da komanduje Prvom armijom sa kojom je pre\u0161ao Savu, <strong>oslobodio donji Srem<\/strong>, i u\u010destvovao u <strong>bici na Drini.<\/strong><\/p>\n<p>Sve ve\u0107i pritisci nadmo\u0107nijih neprijatelja, naterale su srpsku vojsku 1915. godine na povla\u010denje preko Kosova, a vojvoda Bojovi\u0107 je postavljan za komandanta trupa novih oblasti. <strong>Spre\u010davanje proboja bugarske vojske na Kosovo<\/strong>, a samim tim olak\u0161avanje povla\u010denja srpske vojske na Jadransko primorje, jedna je od najve\u0107ih zasluga ovog velikana srpske ratne istorije. Iste godine,<strong> zbog bolesti vojvoda Putnik napu\u0161ta mesto na\u010delnika \u0160taba Vrhovne komande, a na njegovo mesto dolazi Bojovi\u0107.<\/strong><\/p>\n<p>Svojom temperamentno\u0161\u0107u i izuzetnim pregovara\u010dkim sposobnostima Bojovi\u0107 je odigrao <strong>va\u017enu ulogu u prevo\u017eenju vojske na Krf<\/strong>, kao i njenom oporavku, reorganizaciji i prebacivanju na <a href=\"http:\/\/www.serbia.com\/srpski\/prodor-koji-je-odlucio-i-svetski-rat-2\/\" target=\"_blank\" rel=\"noopener\">Solunski front<\/a>.<\/p>\n<p>Zbog sukoba sa glavnom komandom savezni\u010dkih snaga, u junu 1918. godine Bojovi\u0107 podnosi ostavku na mesto na\u010delnika \u0160taba i po drugi put postaje komandant Druge armije. U velikoj solunskoj ofanzivi, zajedno sa Prvom armijom vojvode Stepanovi\u0107a sna\u017enom i upornom borbom probili su neprijateljski front, i gonili bugarsku vojsku sve do kapitulacije. Za ove slavne pobede Bojovi\u0107 je unapre\u0111en u \u010din vojvode.<\/p>\n<p>Hrabrost, dostojanstvenost, \u010dast, borbenost ali i genijalne ratne strategije osobine su po kojima \u0107e ostati upam\u0107ene srpske vojvode.<\/p>\n<p><em><a href=\"http:\/\/www.serbia.com\/wp-content\/uploads\/2014\/04\/kancelarija-za-dijasporu-logo1.jpg\"><img loading=\"lazy\" decoding=\"async\" class=\"wp-image-25104 alignleft\" src=\"http:\/\/www.serbia.com\/wp-content\/uploads\/2014\/04\/kancelarija-za-dijasporu-logo1.jpg\" alt=\"kancelarija-za-dijasporu-logo1\" width=\"275\" height=\"100\" \/><\/a>Tekst je podr\u017ean od strane <a href=\"http:\/\/www.dijaspora.gov.rs\/\" target=\"_blank\" rel=\"noopener\">Kancelarije za saradnju sa dijasporom i Srbima u regionu<\/a>.<\/em><\/p>\n","protected":false},"excerpt":{"rendered":"<p>O juna\u0161tvu slavnih vojskovo\u0111a i danas se prepri\u010davaju pri\u010de, pevaju pesme i pi\u0161u knjige, a neke vojne strategije se i u moderno doba prou\u010davaju na najuglednijim univerzitetima u svetu. Oni [&hellip;]<\/p>\n","protected":false},"author":27,"featured_media":34879,"parent":34850,"menu_order":0,"comment_status":"closed","ping_status":"closed","template":"","meta":{"_acf_changed":false,"inline_featured_image":false,"_monsterinsights_skip_tracking":false,"_monsterinsights_sitenote_active":false,"_monsterinsights_sitenote_note":"","_monsterinsights_sitenote_category":0,"footnotes":""},"categories":[1639,2815],"tags":[],"class_list":["post-34883","page","type-page","status-publish","has-post-thumbnail","hentry","category-istorija-kultura-otkrijte-srbiju","category-istorijske-licnosti"],"acf":[],"yoast_head":"<!-- This site is optimized with the Yoast SEO plugin v23.8 - https:\/\/yoast.com\/wordpress\/plugins\/seo\/ -->\n<title>Srpske vojvode - Serbia.com<\/title>\n<meta name=\"robots\" content=\"index, follow, max-snippet:-1, max-image-preview:large, max-video-preview:-1\" \/>\n<link rel=\"canonical\" href=\"https:\/\/serbia.com\/srpski\/o-srbiji\/istorija\/srbija-u-prvom-svetskom-ratu\/srpske-vojvode\/\" \/>\n<meta property=\"og:locale\" content=\"en_US\" \/>\n<meta property=\"og:type\" content=\"article\" \/>\n<meta property=\"og:title\" content=\"Srpske vojvode - Serbia.com\" \/>\n<meta property=\"og:description\" content=\"O juna\u0161tvu slavnih vojskovo\u0111a i danas se prepri\u010davaju pri\u010de, pevaju pesme i pi\u0161u knjige, a neke vojne strategije se i u moderno doba prou\u010davaju na najuglednijim univerzitetima u svetu. Oni [&hellip;]\" \/>\n<meta property=\"og:url\" content=\"https:\/\/serbia.com\/srpski\/o-srbiji\/istorija\/srbija-u-prvom-svetskom-ratu\/srpske-vojvode\/\" \/>\n<meta property=\"og:site_name\" content=\"Serbia.com\" \/>\n<meta property=\"article:modified_time\" content=\"2024-10-03T07:48:13+00:00\" \/>\n<meta property=\"og:image\" content=\"https:\/\/serbia.com\/wp-content\/uploads\/2015\/07\/collage-vojvode.jpg\" \/>\n\t<meta property=\"og:image:width\" content=\"1200\" \/>\n\t<meta property=\"og:image:height\" content=\"384\" \/>\n\t<meta property=\"og:image:type\" content=\"image\/jpeg\" \/>\n<meta name=\"twitter:label1\" content=\"Est. reading time\" \/>\n\t<meta name=\"twitter:data1\" content=\"6 minutes\" \/>\n<script type=\"application\/ld+json\" class=\"yoast-schema-graph\">{\"@context\":\"https:\/\/schema.org\",\"@graph\":[{\"@type\":\"WebPage\",\"@id\":\"https:\/\/serbia.com\/srpski\/o-srbiji\/istorija\/srbija-u-prvom-svetskom-ratu\/srpske-vojvode\/\",\"url\":\"https:\/\/serbia.com\/srpski\/o-srbiji\/istorija\/srbija-u-prvom-svetskom-ratu\/srpske-vojvode\/\",\"name\":\"Srpske vojvode - Serbia.com\",\"isPartOf\":{\"@id\":\"https:\/\/serbia.com\/#website\"},\"primaryImageOfPage\":{\"@id\":\"https:\/\/serbia.com\/srpski\/o-srbiji\/istorija\/srbija-u-prvom-svetskom-ratu\/srpske-vojvode\/#primaryimage\"},\"image\":{\"@id\":\"https:\/\/serbia.com\/srpski\/o-srbiji\/istorija\/srbija-u-prvom-svetskom-ratu\/srpske-vojvode\/#primaryimage\"},\"thumbnailUrl\":\"https:\/\/serbia.com\/wp-content\/uploads\/2015\/07\/collage-vojvode.jpg\",\"datePublished\":\"2015-07-08T14:31:24+00:00\",\"dateModified\":\"2024-10-03T07:48:13+00:00\",\"breadcrumb\":{\"@id\":\"https:\/\/serbia.com\/srpski\/o-srbiji\/istorija\/srbija-u-prvom-svetskom-ratu\/srpske-vojvode\/#breadcrumb\"},\"inLanguage\":\"srpski\",\"potentialAction\":[{\"@type\":\"ReadAction\",\"target\":[\"https:\/\/serbia.com\/srpski\/o-srbiji\/istorija\/srbija-u-prvom-svetskom-ratu\/srpske-vojvode\/\"]}]},{\"@type\":\"ImageObject\",\"inLanguage\":\"srpski\",\"@id\":\"https:\/\/serbia.com\/srpski\/o-srbiji\/istorija\/srbija-u-prvom-svetskom-ratu\/srpske-vojvode\/#primaryimage\",\"url\":\"https:\/\/serbia.com\/wp-content\/uploads\/2015\/07\/collage-vojvode.jpg\",\"contentUrl\":\"https:\/\/serbia.com\/wp-content\/uploads\/2015\/07\/collage-vojvode.jpg\",\"width\":1200,\"height\":384},{\"@type\":\"BreadcrumbList\",\"@id\":\"https:\/\/serbia.com\/srpski\/o-srbiji\/istorija\/srbija-u-prvom-svetskom-ratu\/srpske-vojvode\/#breadcrumb\",\"itemListElement\":[{\"@type\":\"ListItem\",\"position\":1,\"name\":\"Home\",\"item\":\"https:\/\/serbia.com\/srpski\/\"},{\"@type\":\"ListItem\",\"position\":2,\"name\":\"O Srbiji\",\"item\":\"https:\/\/serbia.com\/srpski\/o-srbiji\/\"},{\"@type\":\"ListItem\",\"position\":3,\"name\":\"Istorija\",\"item\":\"https:\/\/serbia.com\/srpski\/o-srbiji\/istorija\/\"},{\"@type\":\"ListItem\",\"position\":4,\"name\":\"Srbija u Prvom svetskom ratu\",\"item\":\"https:\/\/serbia.com\/srpski\/o-srbiji\/istorija\/srbija-u-prvom-svetskom-ratu\/\"},{\"@type\":\"ListItem\",\"position\":5,\"name\":\"Srpske vojvode\"}]},{\"@type\":\"WebSite\",\"@id\":\"https:\/\/serbia.com\/#website\",\"url\":\"https:\/\/serbia.com\/\",\"name\":\"Serbia.com\",\"description\":\"Your Gateway to Serbia\",\"potentialAction\":[{\"@type\":\"SearchAction\",\"target\":{\"@type\":\"EntryPoint\",\"urlTemplate\":\"https:\/\/serbia.com\/?s={search_term_string}\"},\"query-input\":{\"@type\":\"PropertyValueSpecification\",\"valueRequired\":true,\"valueName\":\"search_term_string\"}}],\"inLanguage\":\"srpski\"}]}<\/script>\n<!-- \/ Yoast SEO plugin. -->","yoast_head_json":{"title":"Srpske vojvode - Serbia.com","robots":{"index":"index","follow":"follow","max-snippet":"max-snippet:-1","max-image-preview":"max-image-preview:large","max-video-preview":"max-video-preview:-1"},"canonical":"https:\/\/serbia.com\/srpski\/o-srbiji\/istorija\/srbija-u-prvom-svetskom-ratu\/srpske-vojvode\/","og_locale":"en_US","og_type":"article","og_title":"Srpske vojvode - Serbia.com","og_description":"O juna\u0161tvu slavnih vojskovo\u0111a i danas se prepri\u010davaju pri\u010de, pevaju pesme i pi\u0161u knjige, a neke vojne strategije se i u moderno doba prou\u010davaju na najuglednijim univerzitetima u svetu. Oni [&hellip;]","og_url":"https:\/\/serbia.com\/srpski\/o-srbiji\/istorija\/srbija-u-prvom-svetskom-ratu\/srpske-vojvode\/","og_site_name":"Serbia.com","article_modified_time":"2024-10-03T07:48:13+00:00","og_image":[{"width":1200,"height":384,"url":"https:\/\/serbia.com\/wp-content\/uploads\/2015\/07\/collage-vojvode.jpg","type":"image\/jpeg"}],"twitter_misc":{"Est. reading time":"6 minutes"},"schema":{"@context":"https:\/\/schema.org","@graph":[{"@type":"WebPage","@id":"https:\/\/serbia.com\/srpski\/o-srbiji\/istorija\/srbija-u-prvom-svetskom-ratu\/srpske-vojvode\/","url":"https:\/\/serbia.com\/srpski\/o-srbiji\/istorija\/srbija-u-prvom-svetskom-ratu\/srpske-vojvode\/","name":"Srpske vojvode - Serbia.com","isPartOf":{"@id":"https:\/\/serbia.com\/#website"},"primaryImageOfPage":{"@id":"https:\/\/serbia.com\/srpski\/o-srbiji\/istorija\/srbija-u-prvom-svetskom-ratu\/srpske-vojvode\/#primaryimage"},"image":{"@id":"https:\/\/serbia.com\/srpski\/o-srbiji\/istorija\/srbija-u-prvom-svetskom-ratu\/srpske-vojvode\/#primaryimage"},"thumbnailUrl":"https:\/\/serbia.com\/wp-content\/uploads\/2015\/07\/collage-vojvode.jpg","datePublished":"2015-07-08T14:31:24+00:00","dateModified":"2024-10-03T07:48:13+00:00","breadcrumb":{"@id":"https:\/\/serbia.com\/srpski\/o-srbiji\/istorija\/srbija-u-prvom-svetskom-ratu\/srpske-vojvode\/#breadcrumb"},"inLanguage":"srpski","potentialAction":[{"@type":"ReadAction","target":["https:\/\/serbia.com\/srpski\/o-srbiji\/istorija\/srbija-u-prvom-svetskom-ratu\/srpske-vojvode\/"]}]},{"@type":"ImageObject","inLanguage":"srpski","@id":"https:\/\/serbia.com\/srpski\/o-srbiji\/istorija\/srbija-u-prvom-svetskom-ratu\/srpske-vojvode\/#primaryimage","url":"https:\/\/serbia.com\/wp-content\/uploads\/2015\/07\/collage-vojvode.jpg","contentUrl":"https:\/\/serbia.com\/wp-content\/uploads\/2015\/07\/collage-vojvode.jpg","width":1200,"height":384},{"@type":"BreadcrumbList","@id":"https:\/\/serbia.com\/srpski\/o-srbiji\/istorija\/srbija-u-prvom-svetskom-ratu\/srpske-vojvode\/#breadcrumb","itemListElement":[{"@type":"ListItem","position":1,"name":"Home","item":"https:\/\/serbia.com\/srpski\/"},{"@type":"ListItem","position":2,"name":"O Srbiji","item":"https:\/\/serbia.com\/srpski\/o-srbiji\/"},{"@type":"ListItem","position":3,"name":"Istorija","item":"https:\/\/serbia.com\/srpski\/o-srbiji\/istorija\/"},{"@type":"ListItem","position":4,"name":"Srbija u Prvom svetskom ratu","item":"https:\/\/serbia.com\/srpski\/o-srbiji\/istorija\/srbija-u-prvom-svetskom-ratu\/"},{"@type":"ListItem","position":5,"name":"Srpske vojvode"}]},{"@type":"WebSite","@id":"https:\/\/serbia.com\/#website","url":"https:\/\/serbia.com\/","name":"Serbia.com","description":"Your Gateway to Serbia","potentialAction":[{"@type":"SearchAction","target":{"@type":"EntryPoint","urlTemplate":"https:\/\/serbia.com\/?s={search_term_string}"},"query-input":{"@type":"PropertyValueSpecification","valueRequired":true,"valueName":"search_term_string"}}],"inLanguage":"srpski"}]}},"_links":{"self":[{"href":"https:\/\/serbia.com\/srpski\/wp-json\/wp\/v2\/pages\/34883"}],"collection":[{"href":"https:\/\/serbia.com\/srpski\/wp-json\/wp\/v2\/pages"}],"about":[{"href":"https:\/\/serbia.com\/srpski\/wp-json\/wp\/v2\/types\/page"}],"author":[{"embeddable":true,"href":"https:\/\/serbia.com\/srpski\/wp-json\/wp\/v2\/users\/27"}],"replies":[{"embeddable":true,"href":"https:\/\/serbia.com\/srpski\/wp-json\/wp\/v2\/comments?post=34883"}],"version-history":[{"count":1,"href":"https:\/\/serbia.com\/srpski\/wp-json\/wp\/v2\/pages\/34883\/revisions"}],"predecessor-version":[{"id":55285,"href":"https:\/\/serbia.com\/srpski\/wp-json\/wp\/v2\/pages\/34883\/revisions\/55285"}],"up":[{"embeddable":true,"href":"https:\/\/serbia.com\/srpski\/wp-json\/wp\/v2\/pages\/34850"}],"wp:featuredmedia":[{"embeddable":true,"href":"https:\/\/serbia.com\/srpski\/wp-json\/wp\/v2\/media\/34879"}],"wp:attachment":[{"href":"https:\/\/serbia.com\/srpski\/wp-json\/wp\/v2\/media?parent=34883"}],"wp:term":[{"taxonomy":"category","embeddable":true,"href":"https:\/\/serbia.com\/srpski\/wp-json\/wp\/v2\/categories?post=34883"},{"taxonomy":"post_tag","embeddable":true,"href":"https:\/\/serbia.com\/srpski\/wp-json\/wp\/v2\/tags?post=34883"}],"curies":[{"name":"wp","href":"https:\/\/api.w.org\/{rel}","templated":true}]}}