{"id":34872,"date":"2015-07-08T15:52:37","date_gmt":"2015-07-08T13:52:37","guid":{"rendered":"http:\/\/www.serbia.com\/?page_id=34872"},"modified":"2024-10-03T09:08:48","modified_gmt":"2024-10-03T07:08:48","slug":"doktor-vojislav-subotic","status":"publish","type":"page","link":"https:\/\/serbia.com\/srpski\/o-srbiji\/istorija\/srbija-u-prvom-svetskom-ratu\/doktor-vojislav-subotic\/","title":{"rendered":"Doktor Vojislav Suboti\u0107"},"content":{"rendered":"<h4>Ni lo\u0161i sanitetski i \u017eivotni uslovi u Srbiji tokom Velikog rata nisu spre\u010dili mnoge srpske lekare da budu pioniri u razli\u010ditim oblastima medicine. Me\u0111u njima bi svakako trebalo ubrojati i doktora Vojislava Suboti\u0107a (1859. \u2013 1923.) koji je, \u017eive\u0107i u istorijski nestabilnom vremenu, imao priliku da u\u010destvuje u \u010dak pet ratova.<\/h4>\n<p>U<a href=\"http:\/\/www.serbia.com\/srpski\/tag\/prvi-svetski-rat-srpski\/\" target=\"_blank\" rel=\"noopener\"> Prvom svetskom ratu<\/a>, i pored naru\u0161enog zdravstvenog stanja, <strong>doktor Suboti\u0107<\/strong> preuzimao je razli\u010dite uloge i zadu\u017eenja. Na po\u010detku rata bio je upravnik Vojne bolnice u <a href=\"http:\/\/www.serbia.com\/srpski\/posetite-srbiju\/sta-videti\/gradovi\/nis\/\">Ni\u0161u<\/a> i sanitetski pukovnik, potom je zajedno sa vojskom pre\u0161ao <a href=\"http:\/\/www.serbia.com\/srpski\/prodor-koji-je-odlucio-i-svetski-rat-2\/\" target=\"_blank\" rel=\"noopener\"><strong>Solunski front<\/strong>,<\/a>nakon \u010dega je kratko vreme proveo u Londonu i Parizu, da bi se potom vratio kako bi upravljao poljskom hiru\u0161kom bolnicom u Dragomancima.<\/p>\n<p><img loading=\"lazy\" decoding=\"async\" class=\"alignleft size-full wp-image-25669\" src=\"http:\/\/www.serbia.com\/wp-content\/uploads\/2014\/05\/zemun_vojislav_subotic_11.jpg\" alt=\"vojislav subotic\" width=\"250\" height=\"316\" srcset=\"https:\/\/serbia.com\/wp-content\/uploads\/2014\/05\/zemun_vojislav_subotic_11.jpg 250w, https:\/\/serbia.com\/wp-content\/uploads\/2014\/05\/zemun_vojislav_subotic_11-237x300.jpg 237w\" sizes=\"(max-width: 250px) 100vw, 250px\" \/>Kada je rat po\u010deo, doktor Suboti\u0107 je sa pozicije \u0161efa hirur\u0161kog odeljenja <a href=\"http:\/\/www.serbia.com\/srpski\/dnevnik-slavke-mihajlovic-lekarke-iz-prvog-svetskog-rata\/\" target=\"_blank\" rel=\"noopener\">Op\u0161te dr\u017eavne bolnice na Vra\u010daru<\/a> prekomandovan u Vojnu bolnicu u Ni\u0161u gde je postao rezervni sanitetski pukovnik. Nakon napredovanja neprijatelja, ne\u017eele\u0107i da padne u ropstvo, zajedno sa srpskom vojskom evakuisao se preko Albanije. U ovom periodu doktor Suboti\u0107 patio je od sternokardi\u010dnih napada, a lo\u0161e zdravstveno stanje pratilo ga je do kraja \u017eivota.<\/p>\n<p>Oronuo, oslabljeni bez svog hiru\u0161kog odeljenja, doktor Suboti\u0107 je kratko vreme proveo u Parizu i Londonu gde je od 1916. do 1918 godine radio kao srpski delegat. U tom periodu je u Londonu odr\u017eao predavanje \u201eO epidemiji pegavca u Srbiji 1914.-1915. godine\u201c. Godine 1916. konstruisao je \u0161inu za imobilizaciju butne kosti i prikazao je u Pariskoj akademiji medicine, zbog \u010dega ga je <strong>Parisko hiru\u0161ko dru\u0161tvo 1916<\/strong>. godine izabralo za svog \u010dlana.<\/p>\n<p>Po\u010detkom 1918. godine doktor Suboti\u0107 se vratio na Krf sa namerom da doprinese u ratu. U Solunu mu je ponu\u0111eno hirur\u0161ko odeljenje u bolnici prestolonaslednika Aleksandra. Me\u0111utim, doktor Suboti\u0107 nije \u017eeleo da prihvati miran i bezopasan rad, ve\u0107 je izabrao Drugu armiju kojom je komandovao legendarni<strong> <a href=\"http:\/\/www.serbia.com\/srpski\/srpske-vojvode-iz-prvog-svetskog-rata\/\" target=\"_blank\" rel=\"noopener\">vojvoda Stepa Stepanovi\u0107<\/a>.<\/strong><\/p>\n<p><strong>Vojna bolnica na Solunskom frontu u Dragomancima<\/strong> kod Bitolja osnovana je kao prva poljska bolnica, a poznata je upravo po tome \u0161to su u njoj radili istaknuti srpski hirurzi, doktor Suboti\u0107 i njegovi u\u010denici dr M. Petrovi\u0107, dr L. Koen i dr N. Krsti\u0107.<\/p>\n<figure id=\"attachment_25671\" aria-describedby=\"caption-attachment-25671\" style=\"width: 470px\" class=\"wp-caption aligncenter\"><a href=\"http:\/\/www.serbia.com\/wp-content\/uploads\/2014\/05\/Bolnica-u-Dragomancima2.jpg\"><img loading=\"lazy\" decoding=\"async\" class=\"size-full wp-image-25671 \" src=\"http:\/\/www.serbia.com\/wp-content\/uploads\/2014\/05\/Bolnica-u-Dragomancima2.jpg\" alt=\"Bolnica u Dragomancima\" width=\"470\" height=\"270\" srcset=\"https:\/\/serbia.com\/wp-content\/uploads\/2014\/05\/Bolnica-u-Dragomancima2.jpg 470w, https:\/\/serbia.com\/wp-content\/uploads\/2014\/05\/Bolnica-u-Dragomancima2-300x172.jpg 300w\" sizes=\"(max-width: 470px) 100vw, 470px\" \/><\/a><figcaption id=\"caption-attachment-25671\" class=\"wp-caption-text\">Bolnica u Dragomancima<\/figcaption><\/figure>\n<blockquote><p>\u00a0Improvizovana bolnica u Dragomancima sastojala se od zgrada podignutih u \u010detiri reda, a od prostorija postojale su tri operacione sale, dva previjali\u0161ta, rengen odeljenje, bakteriolo\u0161ka i serolo\u0161ka laboratorija i apoteke. Manje zgrade sa po osam postelja slu\u017eile su za te\u0161ke ranjenika i nalazile su se u neposrednoj blizini operacione sale.<\/p><\/blockquote>\n<p>Iako rastrzan u\u017easnim bolovima u grudima, doktor Suboti\u0107 je neumorno radio i sa velikom ljubavlju pristupao svom hiru\u0161kom zadatku. Kad je stigao na front tra\u017eio je da obi\u0111e rovove u kojima su na\u0161i vojnici \u017eiveli bez odmora i zamene od 1916. godine pa do proboja. Dive\u0107i se njihovom herojstvu i izdr\u017eljivosti govorio je: <strong>\u201eNa\u0161i ljudi su tako skromni u svom herojstvu da nemamo ni dovoljno na\u010dina, ni dovoljno mo\u0107i, da im u\u010dinimo \u0161to vi\u0161e usluga\u201c.<a href=\"http:\/\/www.serbia.com\/wp-content\/uploads\/2014\/05\/Vojislav_Suboti\u0107.jpg\"><img loading=\"lazy\" decoding=\"async\" class=\" wp-image-25655 alignright\" src=\"http:\/\/www.serbia.com\/wp-content\/uploads\/2014\/05\/Vojislav_Suboti\u0107.jpg\" alt=\"Vojislav_Suboti\u0107\" width=\"192\" height=\"251\" \/><\/a><\/strong><\/p>\n<p>Nakon zavr\u0161etka Velikog rata, 1919. godine doktor Suboti\u0107 izabran je za redovnog profesora na tek otvorenom <strong>Medicinskom fakultetu u Beogradu<\/strong>, a dve godine kasnije izabran je i za dekana. U ovom periodu i pored jako lo\u0161eg zdravstvenog stanja, doktor Suboti\u0107 osnovao je i Prvu hirur\u0161ku kliniku i postao njen prvi direktor.<\/p>\n<p>Nesebi\u010dno koriste\u0107i svoje hirur\u0161ko ume\u0107e, doktor Vojislav Suboti\u0107 je bio veoma aktivan tokom ratnih perioda, po\u010dev\u0161i od srpsko-turskog pa sve do Prvog svetskog rata. Za kratko vreme stekao je glas izuzetno cenjenog ratnog hirurga, zbog doprinosa u nau\u010dnom i istra\u017eiva\u010dkom radu progla\u0161en je i za \u010dlana Dru\u0161tva ratnih hirurga SAD-a i Dru\u0161tva ratnih hirurga Engleske.<\/p>\n<p>Doktor Vojislav Suboti\u0107 je u velikoj meri povezan sa osnivanjem, razvojem i afirmacijom srpske operativne medicine, jedan je od osniva\u010da Medicinskog fakulteta u Beogradu, i vode\u0107i hirurg u Srbiji krajem 19. i po\u010detkom 20. veka.<\/p>\n<p>Fotografija 3:\u00a0Wikimedia Commons, \u00a0<a title=\"User:Micki\" href=\"http:\/\/commons.wikimedia.org\/wiki\/User:Micki\" target=\"_blank\" rel=\"noopener\">Micki<\/a>,\u00a0under the\u00a0<a title=\"w:en:Creative Commons\" href=\"http:\/\/en.wikipedia.org\/wiki\/en:Creative_Commons\">Creative Commons<\/a>\u00a0<a href=\"http:\/\/creativecommons.org\/licenses\/by-sa\/3.0\/rs\/deed.en\">Attribution-Share Alike 3.0 Serbia<\/a>\u00a0license.<\/p>\n<p><a href=\"http:\/\/www.serbia.com\/wp-content\/uploads\/2014\/04\/kancelarija-za-dijasporu-logo1.jpg\"><img loading=\"lazy\" decoding=\"async\" class=\"size-full wp-image-25104 alignleft\" src=\"http:\/\/www.serbia.com\/wp-content\/uploads\/2014\/04\/kancelarija-za-dijasporu-logo1.jpg\" alt=\"kancelarija-za-dijasporu-logo1\" width=\"275\" height=\"100\" \/><\/a><\/p>\n<p><em><em>Tekst je podr\u017ean od strane\u00a0<a href=\"http:\/\/www.dijaspora.gov.rs\/\" target=\"_blank\" rel=\"noopener\">Kancelarije za saradnju sa dijasporom i Srbima u regionu<\/a><\/em>.<\/em><\/p>\n","protected":false},"excerpt":{"rendered":"<p>Ni lo\u0161i sanitetski i \u017eivotni uslovi u Srbiji tokom Velikog rata nisu spre\u010dili mnoge srpske lekare da budu pioniri u razli\u010ditim oblastima medicine. Me\u0111u njima bi svakako trebalo ubrojati i [&hellip;]<\/p>\n","protected":false},"author":27,"featured_media":34866,"parent":34850,"menu_order":0,"comment_status":"closed","ping_status":"closed","template":"","meta":{"_acf_changed":false,"inline_featured_image":false,"_monsterinsights_skip_tracking":false,"_monsterinsights_sitenote_active":false,"_monsterinsights_sitenote_note":"","_monsterinsights_sitenote_category":0,"footnotes":""},"categories":[1639,1642],"tags":[],"class_list":["post-34872","page","type-page","status-publish","has-post-thumbnail","hentry","category-istorija-kultura-otkrijte-srbiju","category-poznati-srbi"],"acf":[],"yoast_head":"<!-- This site is optimized with the Yoast SEO plugin v23.8 - https:\/\/yoast.com\/wordpress\/plugins\/seo\/ -->\n<title>Doktor Vojislav Suboti\u0107 - Serbia.com<\/title>\n<meta name=\"robots\" content=\"index, follow, max-snippet:-1, max-image-preview:large, max-video-preview:-1\" \/>\n<link rel=\"canonical\" href=\"https:\/\/serbia.com\/srpski\/o-srbiji\/istorija\/srbija-u-prvom-svetskom-ratu\/doktor-vojislav-subotic\/\" \/>\n<meta property=\"og:locale\" content=\"en_US\" \/>\n<meta property=\"og:type\" content=\"article\" \/>\n<meta property=\"og:title\" content=\"Doktor Vojislav Suboti\u0107 - Serbia.com\" \/>\n<meta property=\"og:description\" content=\"Ni lo\u0161i sanitetski i \u017eivotni uslovi u Srbiji tokom Velikog rata nisu spre\u010dili mnoge srpske lekare da budu pioniri u razli\u010ditim oblastima medicine. Me\u0111u njima bi svakako trebalo ubrojati i [&hellip;]\" \/>\n<meta property=\"og:url\" content=\"https:\/\/serbia.com\/srpski\/o-srbiji\/istorija\/srbija-u-prvom-svetskom-ratu\/doktor-vojislav-subotic\/\" \/>\n<meta property=\"og:site_name\" content=\"Serbia.com\" \/>\n<meta property=\"article:modified_time\" content=\"2024-10-03T07:08:48+00:00\" \/>\n<meta property=\"og:image\" content=\"https:\/\/serbia.com\/wp-content\/uploads\/2015\/07\/bolnica-medicinske-sestre11.jpg\" \/>\n\t<meta property=\"og:image:width\" content=\"1801\" \/>\n\t<meta property=\"og:image:height\" content=\"685\" \/>\n\t<meta property=\"og:image:type\" content=\"image\/jpeg\" \/>\n<meta name=\"twitter:label1\" content=\"Est. reading time\" \/>\n\t<meta name=\"twitter:data1\" content=\"4 minutes\" \/>\n<script type=\"application\/ld+json\" class=\"yoast-schema-graph\">{\"@context\":\"https:\/\/schema.org\",\"@graph\":[{\"@type\":\"WebPage\",\"@id\":\"https:\/\/serbia.com\/srpski\/o-srbiji\/istorija\/srbija-u-prvom-svetskom-ratu\/doktor-vojislav-subotic\/\",\"url\":\"https:\/\/serbia.com\/srpski\/o-srbiji\/istorija\/srbija-u-prvom-svetskom-ratu\/doktor-vojislav-subotic\/\",\"name\":\"Doktor Vojislav Suboti\u0107 - Serbia.com\",\"isPartOf\":{\"@id\":\"https:\/\/serbia.com\/#website\"},\"primaryImageOfPage\":{\"@id\":\"https:\/\/serbia.com\/srpski\/o-srbiji\/istorija\/srbija-u-prvom-svetskom-ratu\/doktor-vojislav-subotic\/#primaryimage\"},\"image\":{\"@id\":\"https:\/\/serbia.com\/srpski\/o-srbiji\/istorija\/srbija-u-prvom-svetskom-ratu\/doktor-vojislav-subotic\/#primaryimage\"},\"thumbnailUrl\":\"https:\/\/serbia.com\/wp-content\/uploads\/2015\/07\/bolnica-medicinske-sestre11.jpg\",\"datePublished\":\"2015-07-08T13:52:37+00:00\",\"dateModified\":\"2024-10-03T07:08:48+00:00\",\"breadcrumb\":{\"@id\":\"https:\/\/serbia.com\/srpski\/o-srbiji\/istorija\/srbija-u-prvom-svetskom-ratu\/doktor-vojislav-subotic\/#breadcrumb\"},\"inLanguage\":\"srpski\",\"potentialAction\":[{\"@type\":\"ReadAction\",\"target\":[\"https:\/\/serbia.com\/srpski\/o-srbiji\/istorija\/srbija-u-prvom-svetskom-ratu\/doktor-vojislav-subotic\/\"]}]},{\"@type\":\"ImageObject\",\"inLanguage\":\"srpski\",\"@id\":\"https:\/\/serbia.com\/srpski\/o-srbiji\/istorija\/srbija-u-prvom-svetskom-ratu\/doktor-vojislav-subotic\/#primaryimage\",\"url\":\"https:\/\/serbia.com\/wp-content\/uploads\/2015\/07\/bolnica-medicinske-sestre11.jpg\",\"contentUrl\":\"https:\/\/serbia.com\/wp-content\/uploads\/2015\/07\/bolnica-medicinske-sestre11.jpg\",\"width\":1801,\"height\":685},{\"@type\":\"BreadcrumbList\",\"@id\":\"https:\/\/serbia.com\/srpski\/o-srbiji\/istorija\/srbija-u-prvom-svetskom-ratu\/doktor-vojislav-subotic\/#breadcrumb\",\"itemListElement\":[{\"@type\":\"ListItem\",\"position\":1,\"name\":\"Home\",\"item\":\"https:\/\/serbia.com\/srpski\/\"},{\"@type\":\"ListItem\",\"position\":2,\"name\":\"O Srbiji\",\"item\":\"https:\/\/serbia.com\/srpski\/o-srbiji\/\"},{\"@type\":\"ListItem\",\"position\":3,\"name\":\"Istorija\",\"item\":\"https:\/\/serbia.com\/srpski\/o-srbiji\/istorija\/\"},{\"@type\":\"ListItem\",\"position\":4,\"name\":\"Srbija u Prvom svetskom ratu\",\"item\":\"https:\/\/serbia.com\/srpski\/o-srbiji\/istorija\/srbija-u-prvom-svetskom-ratu\/\"},{\"@type\":\"ListItem\",\"position\":5,\"name\":\"Doktor Vojislav Suboti\u0107\"}]},{\"@type\":\"WebSite\",\"@id\":\"https:\/\/serbia.com\/#website\",\"url\":\"https:\/\/serbia.com\/\",\"name\":\"Serbia.com\",\"description\":\"Your Gateway to Serbia\",\"potentialAction\":[{\"@type\":\"SearchAction\",\"target\":{\"@type\":\"EntryPoint\",\"urlTemplate\":\"https:\/\/serbia.com\/?s={search_term_string}\"},\"query-input\":{\"@type\":\"PropertyValueSpecification\",\"valueRequired\":true,\"valueName\":\"search_term_string\"}}],\"inLanguage\":\"srpski\"}]}<\/script>\n<!-- \/ Yoast SEO plugin. -->","yoast_head_json":{"title":"Doktor Vojislav Suboti\u0107 - Serbia.com","robots":{"index":"index","follow":"follow","max-snippet":"max-snippet:-1","max-image-preview":"max-image-preview:large","max-video-preview":"max-video-preview:-1"},"canonical":"https:\/\/serbia.com\/srpski\/o-srbiji\/istorija\/srbija-u-prvom-svetskom-ratu\/doktor-vojislav-subotic\/","og_locale":"en_US","og_type":"article","og_title":"Doktor Vojislav Suboti\u0107 - Serbia.com","og_description":"Ni lo\u0161i sanitetski i \u017eivotni uslovi u Srbiji tokom Velikog rata nisu spre\u010dili mnoge srpske lekare da budu pioniri u razli\u010ditim oblastima medicine. Me\u0111u njima bi svakako trebalo ubrojati i [&hellip;]","og_url":"https:\/\/serbia.com\/srpski\/o-srbiji\/istorija\/srbija-u-prvom-svetskom-ratu\/doktor-vojislav-subotic\/","og_site_name":"Serbia.com","article_modified_time":"2024-10-03T07:08:48+00:00","og_image":[{"width":1801,"height":685,"url":"https:\/\/serbia.com\/wp-content\/uploads\/2015\/07\/bolnica-medicinske-sestre11.jpg","type":"image\/jpeg"}],"twitter_misc":{"Est. reading time":"4 minutes"},"schema":{"@context":"https:\/\/schema.org","@graph":[{"@type":"WebPage","@id":"https:\/\/serbia.com\/srpski\/o-srbiji\/istorija\/srbija-u-prvom-svetskom-ratu\/doktor-vojislav-subotic\/","url":"https:\/\/serbia.com\/srpski\/o-srbiji\/istorija\/srbija-u-prvom-svetskom-ratu\/doktor-vojislav-subotic\/","name":"Doktor Vojislav Suboti\u0107 - Serbia.com","isPartOf":{"@id":"https:\/\/serbia.com\/#website"},"primaryImageOfPage":{"@id":"https:\/\/serbia.com\/srpski\/o-srbiji\/istorija\/srbija-u-prvom-svetskom-ratu\/doktor-vojislav-subotic\/#primaryimage"},"image":{"@id":"https:\/\/serbia.com\/srpski\/o-srbiji\/istorija\/srbija-u-prvom-svetskom-ratu\/doktor-vojislav-subotic\/#primaryimage"},"thumbnailUrl":"https:\/\/serbia.com\/wp-content\/uploads\/2015\/07\/bolnica-medicinske-sestre11.jpg","datePublished":"2015-07-08T13:52:37+00:00","dateModified":"2024-10-03T07:08:48+00:00","breadcrumb":{"@id":"https:\/\/serbia.com\/srpski\/o-srbiji\/istorija\/srbija-u-prvom-svetskom-ratu\/doktor-vojislav-subotic\/#breadcrumb"},"inLanguage":"srpski","potentialAction":[{"@type":"ReadAction","target":["https:\/\/serbia.com\/srpski\/o-srbiji\/istorija\/srbija-u-prvom-svetskom-ratu\/doktor-vojislav-subotic\/"]}]},{"@type":"ImageObject","inLanguage":"srpski","@id":"https:\/\/serbia.com\/srpski\/o-srbiji\/istorija\/srbija-u-prvom-svetskom-ratu\/doktor-vojislav-subotic\/#primaryimage","url":"https:\/\/serbia.com\/wp-content\/uploads\/2015\/07\/bolnica-medicinske-sestre11.jpg","contentUrl":"https:\/\/serbia.com\/wp-content\/uploads\/2015\/07\/bolnica-medicinske-sestre11.jpg","width":1801,"height":685},{"@type":"BreadcrumbList","@id":"https:\/\/serbia.com\/srpski\/o-srbiji\/istorija\/srbija-u-prvom-svetskom-ratu\/doktor-vojislav-subotic\/#breadcrumb","itemListElement":[{"@type":"ListItem","position":1,"name":"Home","item":"https:\/\/serbia.com\/srpski\/"},{"@type":"ListItem","position":2,"name":"O Srbiji","item":"https:\/\/serbia.com\/srpski\/o-srbiji\/"},{"@type":"ListItem","position":3,"name":"Istorija","item":"https:\/\/serbia.com\/srpski\/o-srbiji\/istorija\/"},{"@type":"ListItem","position":4,"name":"Srbija u Prvom svetskom ratu","item":"https:\/\/serbia.com\/srpski\/o-srbiji\/istorija\/srbija-u-prvom-svetskom-ratu\/"},{"@type":"ListItem","position":5,"name":"Doktor Vojislav Suboti\u0107"}]},{"@type":"WebSite","@id":"https:\/\/serbia.com\/#website","url":"https:\/\/serbia.com\/","name":"Serbia.com","description":"Your Gateway to Serbia","potentialAction":[{"@type":"SearchAction","target":{"@type":"EntryPoint","urlTemplate":"https:\/\/serbia.com\/?s={search_term_string}"},"query-input":{"@type":"PropertyValueSpecification","valueRequired":true,"valueName":"search_term_string"}}],"inLanguage":"srpski"}]}},"_links":{"self":[{"href":"https:\/\/serbia.com\/srpski\/wp-json\/wp\/v2\/pages\/34872"}],"collection":[{"href":"https:\/\/serbia.com\/srpski\/wp-json\/wp\/v2\/pages"}],"about":[{"href":"https:\/\/serbia.com\/srpski\/wp-json\/wp\/v2\/types\/page"}],"author":[{"embeddable":true,"href":"https:\/\/serbia.com\/srpski\/wp-json\/wp\/v2\/users\/27"}],"replies":[{"embeddable":true,"href":"https:\/\/serbia.com\/srpski\/wp-json\/wp\/v2\/comments?post=34872"}],"version-history":[{"count":1,"href":"https:\/\/serbia.com\/srpski\/wp-json\/wp\/v2\/pages\/34872\/revisions"}],"predecessor-version":[{"id":55238,"href":"https:\/\/serbia.com\/srpski\/wp-json\/wp\/v2\/pages\/34872\/revisions\/55238"}],"up":[{"embeddable":true,"href":"https:\/\/serbia.com\/srpski\/wp-json\/wp\/v2\/pages\/34850"}],"wp:featuredmedia":[{"embeddable":true,"href":"https:\/\/serbia.com\/srpski\/wp-json\/wp\/v2\/media\/34866"}],"wp:attachment":[{"href":"https:\/\/serbia.com\/srpski\/wp-json\/wp\/v2\/media?parent=34872"}],"wp:term":[{"taxonomy":"category","embeddable":true,"href":"https:\/\/serbia.com\/srpski\/wp-json\/wp\/v2\/categories?post=34872"},{"taxonomy":"post_tag","embeddable":true,"href":"https:\/\/serbia.com\/srpski\/wp-json\/wp\/v2\/tags?post=34872"}],"curies":[{"name":"wp","href":"https:\/\/api.w.org\/{rel}","templated":true}]}}