{"id":34862,"date":"2015-07-08T15:24:05","date_gmt":"2015-07-08T13:24:05","guid":{"rendered":"http:\/\/www.serbia.com\/?page_id=34862"},"modified":"2015-07-08T15:24:05","modified_gmt":"2015-07-08T13:24:05","slug":"srpske-vojnicke-uniforme","status":"publish","type":"page","link":"https:\/\/serbia.com\/srpski\/o-srbiji\/istorija\/srbija-u-prvom-svetskom-ratu\/srpske-vojnicke-uniforme\/","title":{"rendered":"Srpske vojni\u010dke uniforme"},"content":{"rendered":"<h4>U Veliki rat srpska vojska je u\u0161la u pojednostavljenoj uniformi maslinasto-sive (SNB) boje koja je sitnim detaljima odvajala vi\u0161e \u010dinove od ni\u017eih. Ovaj simplifikovani trend u odevanju vojnika uvele su mnoge evropske vojske na po\u010detku 20. veka, a Srbija je bila me\u0111u prvima. Pojednostavljivanje uniforme ujedno je simbolisalo i izjedna\u010davanje vojnika na bojnom polju.<\/h4>\n<p>Do po\u010detka dvadesetog veka vojske evropskih zemalja odlikovale su raznobojne uniforme bogate detaljima. U tome se i\u0161lo toliko daleko da je u pojedinim vojskama \u010dak svaki puk imao svoju boju. Me\u0111utim, novi vek doneo je i nove trendove u odevnju vojske potkrepljene zapa\u017eanjima da vojnikovo odelo mora da se uklopi u okolinu i bude \u0161to jednostavnije kako bi se vojnik lak\u0161e kretao. Osim toga, ratovi su iziskovali sve ve\u0107u proizvodnju vojni\u010dke opreme koja je bila veoma skupa, pa je ovo pojednostavljenje bilo ujedno i korisno za dr\u017eavne bud\u017eete.<\/p>\n<figure id=\"attachment_26430\" aria-describedby=\"caption-attachment-26430\" style=\"width: 300px\" class=\"wp-caption alignleft\"><a href=\"http:\/\/www.serbia.com\/wp-content\/uploads\/2014\/05\/Pohodna-kapa-Stepe-Stepanovica-Vojni-muzej2.jpg\"><img loading=\"lazy\" decoding=\"async\" class=\" wp-image-26430   \" src=\"http:\/\/www.serbia.com\/wp-content\/uploads\/2014\/05\/Pohodna-kapa-Stepe-Stepanovica-Vojni-muzej2.jpg\" alt=\"Pohodna kapa Stepe Stepanovica Vojni muzej\" width=\"300\" height=\"200\" srcset=\"https:\/\/serbia.com\/wp-content\/uploads\/2014\/05\/Pohodna-kapa-Stepe-Stepanovica-Vojni-muzej2.jpg 500w, https:\/\/serbia.com\/wp-content\/uploads\/2014\/05\/Pohodna-kapa-Stepe-Stepanovica-Vojni-muzej2-300x199.jpg 300w\" sizes=\"auto, (max-width: 300px) 100vw, 300px\" \/><\/a><figcaption id=\"caption-attachment-26430\" class=\"wp-caption-text\">Pohodna kapa Stepe Stepanovi\u0107a<\/figcaption><\/figure>\n<p><strong>Kraljevina Srbija<\/strong> bila je jedna od prvh zemalja Starog kontinenta koja je jo\u0161 1908. godine obojila vojni\u010dku uniformu u <strong>maslinasto-sivu tzv. SNB boju<\/strong>. U ovoj uniformi srpski vojnici su pro\u0161li kroz Balkanske ratove (1912-1913), ne slute\u0107i da gotovo ne\u0107e sti\u0107i ni da je odlo\u017ee, jer ih iza \u0107o\u0161ka \u010deka novi rat, \u010diju je cenu brojem \u017ertava Srbija skupo platila.<\/p>\n<p>Umorna i istro\u0161ena srpska vojska se na tom velikom svetskom rati\u0161tu, na prvi pogled najvi\u0161e izdvajala<a href=\"http:\/\/www.serbia.com\/srpski\/narodna-nosnja-oznaka-identiteta-i-pripadnosti-2\/\" target=\"_blank\"><strong> \u0161ajka\u010dom<\/strong><\/a> koja je, bez izuzetka, stajala na glavi svakoga ko se borio pod srpskom zastavom. Me\u0111utim, nisu sve \u0161ajka\u010de bile iste. Oficirska \u0161ajka\u010da je bila tvrda sa suncobranom i kokardom (emajlirana trobojna oznaka za kapu sa kraljevim monogramom), dok su <a href=\"http:\/\/www.serbia.com\/srpski\/srpske-vojvode-iz-prvog-svetskog-rata\/\" target=\"_blank\">vojvode<\/a> imale i podbradnik a pri vrhu \u0161ajka\u010de zlatni \u0161irit.<\/p>\n<figure id=\"attachment_26433\" aria-describedby=\"caption-attachment-26433\" style=\"width: 192px\" class=\"wp-caption alignright\"><a href=\"http:\/\/www.serbia.com\/wp-content\/uploads\/2014\/05\/Pletenice-vojvode-Zivojina-Misica-Vojni-muzej1.jpg\"><img loading=\"lazy\" decoding=\"async\" class=\" wp-image-26433   \" src=\"http:\/\/www.serbia.com\/wp-content\/uploads\/2014\/05\/Pletenice-vojvode-Zivojina-Misica-Vojni-muzej1.jpg\" alt=\"Pletenice vojvode Zivojina Misica \" width=\"192\" height=\"218\" srcset=\"https:\/\/serbia.com\/wp-content\/uploads\/2014\/05\/Pletenice-vojvode-Zivojina-Misica-Vojni-muzej1.jpg 500w, https:\/\/serbia.com\/wp-content\/uploads\/2014\/05\/Pletenice-vojvode-Zivojina-Misica-Vojni-muzej1-265x300.jpg 265w\" sizes=\"auto, (max-width: 192px) 100vw, 192px\" \/><\/a><figcaption id=\"caption-attachment-26433\" class=\"wp-caption-text\">Pletenice vojvode \u017divojina Mi\u0161i\u0107a<\/figcaption><\/figure>\n<p>Kroj srpske uniforme imao je uzor u uniformi jednog odreda austrijske vojske koji je boravio u Meksiku.<\/p>\n<p><strong>Vojni\u010dka bluza<\/strong> koja se koristila u Velikom ratu skrojena je jo\u0161 1860. godine. Nju odlikuje jednostavan kroj sa skrivenim kop\u010danjem sedam dugmadi i 4 na\u0161ivena d\u017eepa. Gornji d\u017eepovi bili su specifi\u010dni zbog trokrakih preklopaka. Jaka (kragna) bluze je bila podignuta, a na njoj su se nalazile oznake rodova i struki. Bez obzira na boju, ovaj prakti\u010dan model se zadr\u017eava sve do 1941. godine.<\/p>\n<p>Sitni detalji na <strong>bluzi<\/strong> pravili su razliku me\u0111u vojnicima. Na kragni se nalaze na\u0161ivci koji obele\u017eavaju boju roda: crveni je obele\u017eavao pe\u0161adiju, plavi konjicu, crni artiljeriju, mrki sanitet, vi\u0161njev in\u017eenjeriju. Na rukavima oficirske i vojni\u010dke uniforme nalaze se ispuske, a na narukavlju gajtan u boji roda. Jo\u0161 jedan detalj po kome se razlikuju oficiri od redova su <strong>epoletu\u0161ke<\/strong>, dok <a href=\"http:\/\/www.serbia.com\/srpski\/srpske-vojvode-iz-prvog-svetskog-rata\/\" target=\"_blank\">vojvode<\/a> imaju vojvodske pletenice na epoletama.<\/p>\n<p>Uniforme za srpsku vojsku proizvodili su strani liferati, pa se kao posledica toga ponegde mo\u017ee videti i bluza sa donjim na\u0161ivenim d\u017eepovima sa dugmi\u0107ima. A od kraja 19. veka proizvodnju uniformi preuzima Oficirska zadruga.<\/p>\n<figure id=\"attachment_26439\" aria-describedby=\"caption-attachment-26439\" style=\"width: 588px\" class=\"wp-caption aligncenter\"><a href=\"http:\/\/www.serbia.com\/wp-content\/uploads\/2014\/05\/uniforma1.jpg\"><img loading=\"lazy\" decoding=\"async\" class=\" wp-image-26439  \" src=\"http:\/\/www.serbia.com\/wp-content\/uploads\/2014\/05\/uniforma1.jpg\" alt=\"Srpska bluza iz Prvog svetskog rata\" width=\"588\" height=\"428\" srcset=\"https:\/\/serbia.com\/wp-content\/uploads\/2014\/05\/uniforma1.jpg 735w, https:\/\/serbia.com\/wp-content\/uploads\/2014\/05\/uniforma1-300x218.jpg 300w\" sizes=\"auto, (max-width: 588px) 100vw, 588px\" \/><\/a><figcaption id=\"caption-attachment-26439\" class=\"wp-caption-text\">Srpska bluza iz Prvog svetskog rata<\/figcaption><\/figure>\n<p><strong>\u0160injel srpskih vojnika<\/strong> bio je duga\u010dak do polovine listova, a odlikovalo ga je dvoredo kop\u010danje. Oficiri su imali deltoidne oznake na kragni \u0161injela. Na desnoj naramenici nalazo se pomo\u0107ni kai\u0161i\u0107 koji je slu\u017eio za no\u0161enje pu\u0161ke. Vojnici su mogli da podignu \u0161injel i zakop\u010daju ga sa stra\u017enje strane kako bi oslobodili noge i lak\u0161e se kretali.<\/p>\n<figure id=\"attachment_26441\" aria-describedby=\"caption-attachment-26441\" style=\"width: 564px\" class=\"wp-caption aligncenter\"><a href=\"http:\/\/www.serbia.com\/wp-content\/uploads\/2014\/05\/sinjel2.jpg\"><img loading=\"lazy\" decoding=\"async\" class=\"wp-image-26441 \" src=\"http:\/\/www.serbia.com\/wp-content\/uploads\/2014\/05\/sinjel2.jpg\" alt=\"sinjel\" width=\"564\" height=\"472\" srcset=\"https:\/\/serbia.com\/wp-content\/uploads\/2014\/05\/sinjel2.jpg 705w, https:\/\/serbia.com\/wp-content\/uploads\/2014\/05\/sinjel2-300x251.jpg 300w\" sizes=\"auto, (max-width: 564px) 100vw, 564px\" \/><\/a><figcaption id=\"caption-attachment-26441\" class=\"wp-caption-text\">Srpski \u0161injel iz Prvog svetskog rata<\/figcaption><\/figure>\n<p>Na \u010dak\u0161ire, \u0161iroke u bokovima a su\u017eene pri dnu, kod ve\u0107eg dela srpske vojske nastavljali su se <a href=\"http:\/\/www.serbia.com\/srpski\/narodna-nosnja-oznaka-identiteta-i-pripadnosti-2\/\" target=\"_blank\"><strong>opanci<\/strong><\/a>, mada su bile prisutne i cokule u kombinaciji sa uvija\u010dima koji \u0161tite vojnike tokom hladnih dana.<\/p>\n<p>Sastavni deo uniforme bila je i torbica naj\u010de\u0161\u0107e od platna u kojoj su vojnici nosili svoje potrep\u0161tine.<\/p>\n<p>S obzirom na to da je ratno stanje trajalo pet godina, uniforma nije mogla biti obezbe\u0111ena za sve, pa je veliki deo srpske vojske bio odeven u narodno odelo. Jedino je <strong>\u0161ajka\u010da<\/strong> bila neizostavno obele\u017eje srpskog vojnika. Sve do dolaska na Krf, januara 1916. godine.<\/p>\n<p>Onaj deo srpske vojske koji je pre\u017eiveo povla\u010denje preko Albanije, stigao je na Krf u pocepanim i razdrljenim uniformama. Nakon oporavka, saveznici su im poklonili nove uniforme me\u0111u kojima su dominirale <strong>francuske<\/strong> <strong>\u201eBlu horizon\u201c<\/strong> (fr. Blue Horizon) i <strong>britanske \u201eKaki\u201c.<\/strong><\/p>\n<figure id=\"attachment_26415\" aria-describedby=\"caption-attachment-26415\" style=\"width: 589px\" class=\"wp-caption aligncenter\"><a href=\"http:\/\/www.serbia.com\/wp-content\/uploads\/2014\/05\/francuska-WWI.jpg\"><img loading=\"lazy\" decoding=\"async\" class=\" wp-image-26415 \" src=\"http:\/\/www.serbia.com\/wp-content\/uploads\/2014\/05\/francuska-WWI.jpg\" alt=\"Francuska BLEU HORIZONT bluza iz Prvog svetskog rata \" width=\"589\" height=\"480\" srcset=\"https:\/\/serbia.com\/wp-content\/uploads\/2014\/05\/francuska-WWI.jpg 736w, https:\/\/serbia.com\/wp-content\/uploads\/2014\/05\/francuska-WWI-300x244.jpg 300w\" sizes=\"auto, (max-width: 589px) 100vw, 589px\" \/><\/a><figcaption id=\"caption-attachment-26415\" class=\"wp-caption-text\">Francuska BLEU HORIZONT bluza iz Prvog svetskog rata<\/figcaption><\/figure>\n<p>Plavu francusku uniformu dopunjavao je <strong>\u201eAdrijan\u201c \u0161lem<\/strong> na kome se za srpsku vojsku nalazio srpski grb. \u010cak\u0161ire ove uniforme bile su sli\u010dne srpskim, dok je ko\u0161ulja imala uspravnu kragnu, neskriveno kop\u010danje i na\u0161ivene d\u017eepove. Britanske \u201ekaki\u201c (en. Khaki) uniforme imale su oborenu kragnu na bluzi sa dva para na\u0161ivenih d\u017eepova, gornjim i donjim.<\/p>\n<p>Ove uniforme bile su mahom na telima srpskih junaka koji su zajedno sa francuskim saveznicima osloba\u0111ali Srbiju oktobra i novembra 1918. godine. Danas se skoro sve ove uniforme srpske kraljevske vojske mogu videti u <strong>Vojnom muzeju u Beogradu u odeljku posve\u0107enom Velikom ratu<\/strong>.<\/p>\n<blockquote><p>\u00a0Austrija je u\u0161la u rat sa plavim uniformama ali je ve\u0107 1915. godine zamenila ove uniforme drugim u boji koja odovara terenu jer su njeni vojnici pre toga bili jako upadljivi.<\/p><\/blockquote>\n<p><a href=\"http:\/\/www.serbia.com\/wp-content\/uploads\/2014\/04\/kancelarija-za-dijasporu-logo1.jpg\"><img loading=\"lazy\" decoding=\"async\" class=\"size-full wp-image-25104 alignleft\" src=\"http:\/\/www.serbia.com\/wp-content\/uploads\/2014\/04\/kancelarija-za-dijasporu-logo1.jpg\" alt=\"kancelarija-za-dijasporu-logo1\" width=\"275\" height=\"100\" \/><\/a><em><em>Tekst je podr\u017ean od strane\u00a0<a href=\"http:\/\/www.dijaspora.gov.rs\/\" target=\"_blank\" rel=\"noopener\">Kancelarije za saradnju sa dijasporom i Srbima u regionu<\/a><\/em>.<\/em>[ultimate_spacer height=&#8221;30&#8243;][dt_fancy_title title=&#8221;Povezani \u010dlanci&#8221; title_align=&#8221;left&#8221; title_size=&#8221;normal&#8221; title_color=&#8221;accent&#8221; el_width=&#8221;100&#8243; title_bg=&#8221;disabled&#8221; separator_color=&#8221;default&#8221;][ultimate_spacer height=&#8221;30&#8243; height_on_tabs=&#8221;&#8221; height_on_tabs_portrait=&#8221;&#8221; height_on_mob_landscape=&#8221;&#8221; height_on_mob=&#8221;&#8221;]<\/p>\n","protected":false},"excerpt":{"rendered":"<p>U Veliki rat srpska vojska je u\u0161la u pojednostavljenoj uniformi maslinasto-sive (SNB) boje koja je sitnim detaljima odvajala vi\u0161e \u010dinove od ni\u017eih. Ovaj simplifikovani trend u odevanju vojnika uvele su [&hellip;]<\/p>\n","protected":false},"author":27,"featured_media":34858,"parent":34850,"menu_order":0,"comment_status":"closed","ping_status":"closed","template":"","meta":{"_acf_changed":false,"inline_featured_image":false,"_monsterinsights_skip_tracking":false,"_monsterinsights_sitenote_active":false,"_monsterinsights_sitenote_note":"","_monsterinsights_sitenote_category":0,"footnotes":""},"categories":[1639],"tags":[],"class_list":["post-34862","page","type-page","status-publish","has-post-thumbnail","hentry","category-istorija-kultura-otkrijte-srbiju"],"acf":[],"brizy_media":[],"_links":{"self":[{"href":"https:\/\/serbia.com\/srpski\/wp-json\/wp\/v2\/pages\/34862","targetHints":{"allow":["GET"]}}],"collection":[{"href":"https:\/\/serbia.com\/srpski\/wp-json\/wp\/v2\/pages"}],"about":[{"href":"https:\/\/serbia.com\/srpski\/wp-json\/wp\/v2\/types\/page"}],"author":[{"embeddable":true,"href":"https:\/\/serbia.com\/srpski\/wp-json\/wp\/v2\/users\/27"}],"replies":[{"embeddable":true,"href":"https:\/\/serbia.com\/srpski\/wp-json\/wp\/v2\/comments?post=34862"}],"version-history":[{"count":0,"href":"https:\/\/serbia.com\/srpski\/wp-json\/wp\/v2\/pages\/34862\/revisions"}],"up":[{"embeddable":true,"href":"https:\/\/serbia.com\/srpski\/wp-json\/wp\/v2\/pages\/34850"}],"wp:featuredmedia":[{"embeddable":true,"href":"https:\/\/serbia.com\/srpski\/wp-json\/wp\/v2\/media\/34858"}],"wp:attachment":[{"href":"https:\/\/serbia.com\/srpski\/wp-json\/wp\/v2\/media?parent=34862"}],"wp:term":[{"taxonomy":"category","embeddable":true,"href":"https:\/\/serbia.com\/srpski\/wp-json\/wp\/v2\/categories?post=34862"},{"taxonomy":"post_tag","embeddable":true,"href":"https:\/\/serbia.com\/srpski\/wp-json\/wp\/v2\/tags?post=34862"}],"curies":[{"name":"wp","href":"https:\/\/api.w.org\/{rel}","templated":true}]}}