{"id":34850,"date":"2015-07-08T14:48:11","date_gmt":"2015-07-08T12:48:11","guid":{"rendered":"http:\/\/www.serbia.com\/?page_id=34850"},"modified":"2015-07-08T14:48:11","modified_gmt":"2015-07-08T12:48:11","slug":"srbija-u-prvom-svetskom-ratu","status":"publish","type":"page","link":"https:\/\/serbia.com\/srpski\/o-srbiji\/istorija\/srbija-u-prvom-svetskom-ratu\/","title":{"rendered":"Srbija u Prvom svetskom ratu"},"content":{"rendered":"<p>Projekat \u201eSrbija na po\u010detku Velikog rata i podse\u0107anja na herojska dela\u201c realizovan je uz pomo\u0107 Kancelarije za saradnju s dijasporom i Srbima u regionu, u cilju popravljanja imid\u017ea i otkrivanja ponovne istine o u\u010de\u0161\u0107u Srbije u Prvom svetskom ratu.<\/p>\n<p>Povodom obele\u017eevanja stogodi\u0161njice od po\u010detka Velikog rata, napisano je dvadeset i \u0161est tekstova o najva\u017enim momentima, li\u010dnostima i delima koji su obele\u017eili ovaj period u Srbiji. Vrednost i zna\u010daj ovog razdoblja ogleda se pre svega u najve\u0107im srpskim pobedama, stradanjima, isku\u0161enjima i borbama koje su stavljene pred <a href=\"http:\/\/www.serbia.com\/srpski\/o-srbiji\/narod-srbije\/\">srpski narod<\/a>, vojsku i njene predvodnike.<\/p>\n<p>Podatak da je Prvi svetski rat po\u010deo upravo <a href=\"http:\/\/www.serbia.com\/srpski\/zivot-u-beogradu-u-prvim-danima-velikog-rata\/\">napadom na Beograd<\/a> i da su se prva velika razaranja dogodila na teritoriji Savamale i Dor\u0107ola, govori o zna\u010dajnoj ulozi Srbije u velikom sukobu. Zbog toga, ali i \u010dinjenice da su tragovi rata i dalje vidljivi na mnogobrojnim lokacijama kako u Beogradu, tako i \u0161irom Srbije, upoznavanje, informisanje i izno\u0161enje prave istorijske istine o njima, od velikog su zna\u010daja.<\/p>\n<p>Tekstovi o momentima koji su imali presudnu ulogu na dalji tok rata, li\u010dnostima koje su menjale istoriju i delima koja su obele\u017eila vreme velikih razaranja, predstavljaju kratak vodi\u010d kroz presudne trenutke u Prvom svetskom ratu.<\/p>\n<p>Upoznajte se sa junacima i delima koji su uticali na tok jednog od najsvetlijih momenata <a href=\"http:\/\/www.serbia.com\/srpski\/o-srbiji\/istorija\/\">srpske istorije<\/a>![ultimate_spacer height=&#8221;30&#8243;][dt_fancy_title title=&#8221;Povezani \u010dlanci&#8221; title_align=&#8221;left&#8221; title_size=&#8221;normal&#8221; title_color=&#8221;accent&#8221; el_width=&#8221;100&#8243; title_bg=&#8221;disabled&#8221; separator_color=&#8221;default&#8221;][ultimate_spacer height=&#8221;30&#8243; height_on_tabs=&#8221;&#8221; height_on_tabs_portrait=&#8221;&#8221; height_on_mob_landscape=&#8221;&#8221; height_on_mob=&#8221;&#8221;]<\/p>\n","protected":false},"excerpt":{"rendered":"<p>Projekat \u201eSrbija na po\u010detku Velikog rata i podse\u0107anja na herojska dela\u201c realizovan je uz pomo\u0107 Kancelarije za saradnju s dijasporom i Srbima u regionu, u cilju popravljanja imid\u017ea i otkrivanja [&hellip;]<\/p>\n","protected":false},"author":27,"featured_media":25570,"parent":20204,"menu_order":0,"comment_status":"closed","ping_status":"closed","template":"","meta":{"_acf_changed":false,"inline_featured_image":false,"_monsterinsights_skip_tracking":false,"_monsterinsights_sitenote_active":false,"_monsterinsights_sitenote_note":"","_monsterinsights_sitenote_category":0,"footnotes":""},"categories":[1639],"tags":[],"class_list":["post-34850","page","type-page","status-publish","has-post-thumbnail","hentry","category-istorija-kultura-otkrijte-srbiju"],"acf":[],"yoast_head":"<!-- This site is optimized with the Yoast SEO plugin v27.4 - https:\/\/yoast.com\/product\/yoast-seo-wordpress\/ -->\n<title>Srbija u Prvom svetskom ratu - Serbia.com<\/title>\n<meta name=\"robots\" content=\"index, follow, max-snippet:-1, max-image-preview:large, max-video-preview:-1\" \/>\n<link rel=\"canonical\" href=\"https:\/\/serbia.com\/srpski\/o-srbiji\/istorija\/srbija-u-prvom-svetskom-ratu\/\" \/>\n<meta property=\"og:locale\" content=\"en_US\" \/>\n<meta property=\"og:type\" content=\"article\" \/>\n<meta property=\"og:title\" content=\"Srbija u Prvom svetskom ratu - Serbia.com\" \/>\n<meta property=\"og:description\" content=\"Projekat \u201eSrbija na po\u010detku Velikog rata i podse\u0107anja na herojska dela\u201c realizovan je uz pomo\u0107 Kancelarije za saradnju s dijasporom i Srbima u regionu, u cilju popravljanja imid\u017ea i otkrivanja [&hellip;]\" \/>\n<meta property=\"og:url\" content=\"https:\/\/serbia.com\/srpski\/o-srbiji\/istorija\/srbija-u-prvom-svetskom-ratu\/\" \/>\n<meta property=\"og:site_name\" content=\"Serbia.com\" \/>\n<meta property=\"og:image\" content=\"https:\/\/serbia.com\/wp-content\/uploads\/2014\/04\/collg1.jpg\" \/>\n\t<meta property=\"og:image:width\" content=\"998\" \/>\n\t<meta property=\"og:image:height\" content=\"400\" \/>\n\t<meta property=\"og:image:type\" content=\"image\/jpeg\" \/>\n<meta name=\"twitter:label1\" content=\"Est. reading time\" \/>\n\t<meta name=\"twitter:data1\" content=\"1 minute\" \/>\n<script type=\"application\/ld+json\" class=\"yoast-schema-graph\">{\"@context\":\"https:\\\/\\\/schema.org\",\"@graph\":[{\"@type\":\"WebPage\",\"@id\":\"https:\\\/\\\/serbia.com\\\/srpski\\\/o-srbiji\\\/istorija\\\/srbija-u-prvom-svetskom-ratu\\\/\",\"url\":\"https:\\\/\\\/serbia.com\\\/srpski\\\/o-srbiji\\\/istorija\\\/srbija-u-prvom-svetskom-ratu\\\/\",\"name\":\"Srbija u Prvom svetskom ratu - Serbia.com\",\"isPartOf\":{\"@id\":\"https:\\\/\\\/serbia.com\\\/#website\"},\"primaryImageOfPage\":{\"@id\":\"https:\\\/\\\/serbia.com\\\/srpski\\\/o-srbiji\\\/istorija\\\/srbija-u-prvom-svetskom-ratu\\\/#primaryimage\"},\"image\":{\"@id\":\"https:\\\/\\\/serbia.com\\\/srpski\\\/o-srbiji\\\/istorija\\\/srbija-u-prvom-svetskom-ratu\\\/#primaryimage\"},\"thumbnailUrl\":\"https:\\\/\\\/serbia.com\\\/wp-content\\\/uploads\\\/2014\\\/04\\\/collg1.jpg\",\"datePublished\":\"2015-07-08T12:48:11+00:00\",\"breadcrumb\":{\"@id\":\"https:\\\/\\\/serbia.com\\\/srpski\\\/o-srbiji\\\/istorija\\\/srbija-u-prvom-svetskom-ratu\\\/#breadcrumb\"},\"inLanguage\":\"srpski\",\"potentialAction\":[{\"@type\":\"ReadAction\",\"target\":[\"https:\\\/\\\/serbia.com\\\/srpski\\\/o-srbiji\\\/istorija\\\/srbija-u-prvom-svetskom-ratu\\\/\"]}]},{\"@type\":\"ImageObject\",\"inLanguage\":\"srpski\",\"@id\":\"https:\\\/\\\/serbia.com\\\/srpski\\\/o-srbiji\\\/istorija\\\/srbija-u-prvom-svetskom-ratu\\\/#primaryimage\",\"url\":\"https:\\\/\\\/serbia.com\\\/wp-content\\\/uploads\\\/2014\\\/04\\\/collg1.jpg\",\"contentUrl\":\"https:\\\/\\\/serbia.com\\\/wp-content\\\/uploads\\\/2014\\\/04\\\/collg1.jpg\",\"width\":998,\"height\":400},{\"@type\":\"BreadcrumbList\",\"@id\":\"https:\\\/\\\/serbia.com\\\/srpski\\\/o-srbiji\\\/istorija\\\/srbija-u-prvom-svetskom-ratu\\\/#breadcrumb\",\"itemListElement\":[{\"@type\":\"ListItem\",\"position\":1,\"name\":\"Home\",\"item\":\"https:\\\/\\\/serbia.com\\\/srpski\\\/srbija\\\/\"},{\"@type\":\"ListItem\",\"position\":2,\"name\":\"O Srbiji\",\"item\":\"https:\\\/\\\/serbia.com\\\/srpski\\\/o-srbiji\\\/\"},{\"@type\":\"ListItem\",\"position\":3,\"name\":\"Istorija\",\"item\":\"https:\\\/\\\/serbia.com\\\/srpski\\\/o-srbiji\\\/istorija\\\/\"},{\"@type\":\"ListItem\",\"position\":4,\"name\":\"Srbija u Prvom svetskom ratu\"}]},{\"@type\":\"WebSite\",\"@id\":\"https:\\\/\\\/serbia.com\\\/#website\",\"url\":\"https:\\\/\\\/serbia.com\\\/\",\"name\":\"Serbia.com\",\"description\":\"Your Gateway to Serbia\",\"potentialAction\":[{\"@type\":\"SearchAction\",\"target\":{\"@type\":\"EntryPoint\",\"urlTemplate\":\"https:\\\/\\\/serbia.com\\\/?s={search_term_string}\"},\"query-input\":{\"@type\":\"PropertyValueSpecification\",\"valueRequired\":true,\"valueName\":\"search_term_string\"}}],\"inLanguage\":\"srpski\"}]}<\/script>\n<!-- \/ Yoast SEO plugin. -->","yoast_head_json":{"title":"Srbija u Prvom svetskom ratu - Serbia.com","robots":{"index":"index","follow":"follow","max-snippet":"max-snippet:-1","max-image-preview":"max-image-preview:large","max-video-preview":"max-video-preview:-1"},"canonical":"https:\/\/serbia.com\/srpski\/o-srbiji\/istorija\/srbija-u-prvom-svetskom-ratu\/","og_locale":"en_US","og_type":"article","og_title":"Srbija u Prvom svetskom ratu - Serbia.com","og_description":"Projekat \u201eSrbija na po\u010detku Velikog rata i podse\u0107anja na herojska dela\u201c realizovan je uz pomo\u0107 Kancelarije za saradnju s dijasporom i Srbima u regionu, u cilju popravljanja imid\u017ea i otkrivanja [&hellip;]","og_url":"https:\/\/serbia.com\/srpski\/o-srbiji\/istorija\/srbija-u-prvom-svetskom-ratu\/","og_site_name":"Serbia.com","og_image":[{"width":998,"height":400,"url":"https:\/\/serbia.com\/wp-content\/uploads\/2014\/04\/collg1.jpg","type":"image\/jpeg"}],"twitter_misc":{"Est. reading time":"1 minute"},"schema":{"@context":"https:\/\/schema.org","@graph":[{"@type":"WebPage","@id":"https:\/\/serbia.com\/srpski\/o-srbiji\/istorija\/srbija-u-prvom-svetskom-ratu\/","url":"https:\/\/serbia.com\/srpski\/o-srbiji\/istorija\/srbija-u-prvom-svetskom-ratu\/","name":"Srbija u Prvom svetskom ratu - Serbia.com","isPartOf":{"@id":"https:\/\/serbia.com\/#website"},"primaryImageOfPage":{"@id":"https:\/\/serbia.com\/srpski\/o-srbiji\/istorija\/srbija-u-prvom-svetskom-ratu\/#primaryimage"},"image":{"@id":"https:\/\/serbia.com\/srpski\/o-srbiji\/istorija\/srbija-u-prvom-svetskom-ratu\/#primaryimage"},"thumbnailUrl":"https:\/\/serbia.com\/wp-content\/uploads\/2014\/04\/collg1.jpg","datePublished":"2015-07-08T12:48:11+00:00","breadcrumb":{"@id":"https:\/\/serbia.com\/srpski\/o-srbiji\/istorija\/srbija-u-prvom-svetskom-ratu\/#breadcrumb"},"inLanguage":"srpski","potentialAction":[{"@type":"ReadAction","target":["https:\/\/serbia.com\/srpski\/o-srbiji\/istorija\/srbija-u-prvom-svetskom-ratu\/"]}]},{"@type":"ImageObject","inLanguage":"srpski","@id":"https:\/\/serbia.com\/srpski\/o-srbiji\/istorija\/srbija-u-prvom-svetskom-ratu\/#primaryimage","url":"https:\/\/serbia.com\/wp-content\/uploads\/2014\/04\/collg1.jpg","contentUrl":"https:\/\/serbia.com\/wp-content\/uploads\/2014\/04\/collg1.jpg","width":998,"height":400},{"@type":"BreadcrumbList","@id":"https:\/\/serbia.com\/srpski\/o-srbiji\/istorija\/srbija-u-prvom-svetskom-ratu\/#breadcrumb","itemListElement":[{"@type":"ListItem","position":1,"name":"Home","item":"https:\/\/serbia.com\/srpski\/srbija\/"},{"@type":"ListItem","position":2,"name":"O Srbiji","item":"https:\/\/serbia.com\/srpski\/o-srbiji\/"},{"@type":"ListItem","position":3,"name":"Istorija","item":"https:\/\/serbia.com\/srpski\/o-srbiji\/istorija\/"},{"@type":"ListItem","position":4,"name":"Srbija u Prvom svetskom ratu"}]},{"@type":"WebSite","@id":"https:\/\/serbia.com\/#website","url":"https:\/\/serbia.com\/","name":"Serbia.com","description":"Your Gateway to Serbia","potentialAction":[{"@type":"SearchAction","target":{"@type":"EntryPoint","urlTemplate":"https:\/\/serbia.com\/?s={search_term_string}"},"query-input":{"@type":"PropertyValueSpecification","valueRequired":true,"valueName":"search_term_string"}}],"inLanguage":"srpski"}]}},"brizy_media":[],"_links":{"self":[{"href":"https:\/\/serbia.com\/srpski\/wp-json\/wp\/v2\/pages\/34850","targetHints":{"allow":["GET"]}}],"collection":[{"href":"https:\/\/serbia.com\/srpski\/wp-json\/wp\/v2\/pages"}],"about":[{"href":"https:\/\/serbia.com\/srpski\/wp-json\/wp\/v2\/types\/page"}],"author":[{"embeddable":true,"href":"https:\/\/serbia.com\/srpski\/wp-json\/wp\/v2\/users\/27"}],"replies":[{"embeddable":true,"href":"https:\/\/serbia.com\/srpski\/wp-json\/wp\/v2\/comments?post=34850"}],"version-history":[{"count":0,"href":"https:\/\/serbia.com\/srpski\/wp-json\/wp\/v2\/pages\/34850\/revisions"}],"up":[{"embeddable":true,"href":"https:\/\/serbia.com\/srpski\/wp-json\/wp\/v2\/pages\/20204"}],"wp:featuredmedia":[{"embeddable":true,"href":"https:\/\/serbia.com\/srpski\/wp-json\/wp\/v2\/media\/25570"}],"wp:attachment":[{"href":"https:\/\/serbia.com\/srpski\/wp-json\/wp\/v2\/media?parent=34850"}],"wp:term":[{"taxonomy":"category","embeddable":true,"href":"https:\/\/serbia.com\/srpski\/wp-json\/wp\/v2\/categories?post=34850"},{"taxonomy":"post_tag","embeddable":true,"href":"https:\/\/serbia.com\/srpski\/wp-json\/wp\/v2\/tags?post=34850"}],"curies":[{"name":"wp","href":"https:\/\/api.w.org\/{rel}","templated":true}]}}