{"id":34790,"date":"2015-07-07T12:53:06","date_gmt":"2015-07-07T10:53:06","guid":{"rendered":"http:\/\/www.serbia.com\/?page_id=34790"},"modified":"2024-06-06T09:03:07","modified_gmt":"2024-06-06T07:03:07","slug":"vukov-sabor","status":"publish","type":"page","link":"https:\/\/serbia.com\/srpski\/o-srbiji\/kultura\/nematerijalno-kulturno-nasledje-srbije\/tragovima-nematerijalnog-kulturnog-nasleda-srbije\/vukov-sabor\/","title":{"rendered":"Vukov Sabor"},"content":{"rendered":"<h2>Sve je po\u010delo 1933. godine, ispred obnovljene spomen ku\u0107e <a title=\"Vuk Stefanovi\u0107 Karad\u017ei\u0107, otac savremenog srpskog jezika\" href=\"http:\/\/www.serbia.com\/srpski\/vuk-stefanovic-karadzic-otac-savremenog-srpskog-jezika\/\">Vuka Stefanovi\u0107a Karad\u017ei\u0107a<\/a>.<\/h2>\n<p>Od tada, svake nedelje u septembru pred Malu Gospojinu, veliki broj ljudi se okuplja u Vukom rodnom mestu Tr\u0161i\u0107u, kako bi odao po\u010dast ocu savremenog srpskog jezika. Osamdeset i jednu godinu bez prekida traje najstarije srpska manifestacija &#8211; Vukov sabor.<\/p>\n<p>Prvi sabori su se odr\u017eavali u dvori\u0161tvu Vukove ku\u0107e, i bili su prevashodno organizovani od strane me\u0161tana. Vremenom je ova manifestacija bivala sve pose\u0107enija, pa je prostor za okupljanje postao pretesan za sve ljude koji su hteli da prisustvuju saboru. Zbog toga je <strong>1964. godine organizovana masovna radna akcija za pro\u0161irenje i ure\u0111enje prostora oko Vukova ku\u0107e<\/strong>. Tada sabor po\u010dinje da dobija <strong>republi\u010dki zna\u010daj i postaje jedna od najmasovnijih manifestacija u Srbiji<\/strong>.<\/p>\n<p>Programi su svake godine bivali sve raznovrsniji i bogatiji sadr\u017eajem. <strong>Guslarska takmi\u010denja<\/strong>, <strong>govori besednika<\/strong>, <strong>pozori\u0161ne predstave<\/strong>, <strong>izlo\u017ebe<\/strong>, <strong>okrugli stolovi<\/strong> i mnogi drugi kulturni i umetni\u010dki sadr\u017eaji, neizostavni su deo programa na svakom Vukovom saboru. Me\u0111utim, <strong>Tr\u0161i\u0107 je danas mesto gde se saboruje 365 dana i \u010dija su vrata uvek otvorena za sve ljude\u00a0koji \u017eele da ne\u0161to novo saznaju i nau\u010de<\/strong>.<\/p>\n<p><iframe loading=\"lazy\" title=\"Tragovima nematerijalnog kulturnog nasle\u0111a Srbije - Vukov sabor u Tr\u0161i\u0107u\" width=\"640\" height=\"360\" src=\"https:\/\/www.youtube.com\/embed\/bz2U0LMwjLQ?feature=oembed\" frameborder=\"0\" allow=\"accelerometer; autoplay; clipboard-write; encrypted-media; gyroscope; picture-in-picture; web-share\" referrerpolicy=\"strict-origin-when-cross-origin\" allowfullscreen><\/iframe><\/p>\n<p><strong>1987. godine, kada se obele\u017eavalo dva veka od ro\u0111enja <a title=\"Vuk Stefanovi\u0107 Karad\u017ei\u0107, otac savremenog srpskog jezika\" href=\"http:\/\/www.serbia.com\/srpski\/vuk-stefanovic-karadzic-otac-savremenog-srpskog-jezika\/\">Vuka Stefanovi\u0107a Karad\u017ei\u0107a<\/a>, saboru je prisustvovalo \u010dak 100. 000 ljudi<\/strong>. O tom velikom doga\u0111aju su izve\u0161tavali svi jugoslovenski mediji, a zna\u010daj ove manifestacije je bivao sve ve\u0107i. O tome govore i posete najve\u0107ih srpskih pesnika, pisaca, glumaca, nau\u010dnika i politi\u010dara Vukovom saboru.<\/p>\n<p><strong>Na ovogodi\u0161njem 81. Vukovom saboru obele\u017eeno je 200 godina od Vukove &#8220;Pismenice&#8221; i &#8220;Pjesnarice&#8221;<\/strong>, <strong>100 godina od <a title=\"Prodor koji je odlu\u010dio Prvi svetski rat\" href=\"http:\/\/www.serbia.com\/srpski\/prodor-koji-je-odlucio-i-svetski-rat\/\">Prvog svetskog rata<\/a><\/strong> i <strong>150 godina od ro\u0111enja Branislava Nu\u0161i\u0107a<\/strong>. Kao i svake godine, i ove su posetioci mogli da u\u017eivaju u mnogobrojnim kulturno &#8211; umetni\u010dkim programima i bogatim sadr\u017eajima.<\/p>\n","protected":false},"excerpt":{"rendered":"<p>Sve je po\u010delo 1933. godine, ispred obnovljene spomen ku\u0107e Vuka Stefanovi\u0107a Karad\u017ei\u0107a. Od tada, svake nedelje u septembru pred Malu Gospojinu, veliki broj ljudi se okuplja u Vukom rodnom mestu [&hellip;]<\/p>\n","protected":false},"author":27,"featured_media":34784,"parent":33999,"menu_order":0,"comment_status":"closed","ping_status":"closed","template":"","meta":{"_acf_changed":false,"inline_featured_image":false,"_monsterinsights_skip_tracking":false,"_monsterinsights_sitenote_active":false,"_monsterinsights_sitenote_note":"","_monsterinsights_sitenote_category":0,"footnotes":""},"categories":[1696],"tags":[],"class_list":["post-34790","page","type-page","status-publish","has-post-thumbnail","hentry","category-festivali-manifestacije"],"acf":[],"yoast_head":"<!-- This site is optimized with the Yoast SEO plugin v23.8 - https:\/\/yoast.com\/wordpress\/plugins\/seo\/ -->\n<title>Vukov Sabor - Serbia.com<\/title>\n<meta name=\"robots\" content=\"index, follow, max-snippet:-1, max-image-preview:large, max-video-preview:-1\" \/>\n<link rel=\"canonical\" href=\"https:\/\/serbia.com\/srpski\/o-srbiji\/kultura\/nematerijalno-kulturno-nasledje-srbije\/tragovima-nematerijalnog-kulturnog-nasleda-srbije\/vukov-sabor\/\" \/>\n<meta property=\"og:locale\" content=\"en_US\" \/>\n<meta property=\"og:type\" content=\"article\" \/>\n<meta property=\"og:title\" content=\"Vukov Sabor - Serbia.com\" \/>\n<meta property=\"og:description\" content=\"Sve je po\u010delo 1933. godine, ispred obnovljene spomen ku\u0107e Vuka Stefanovi\u0107a Karad\u017ei\u0107a. Od tada, svake nedelje u septembru pred Malu Gospojinu, veliki broj ljudi se okuplja u Vukom rodnom mestu [&hellip;]\" \/>\n<meta property=\"og:url\" content=\"https:\/\/serbia.com\/srpski\/o-srbiji\/kultura\/nematerijalno-kulturno-nasledje-srbije\/tragovima-nematerijalnog-kulturnog-nasleda-srbije\/vukov-sabor\/\" \/>\n<meta property=\"og:site_name\" content=\"Serbia.com\" \/>\n<meta property=\"article:modified_time\" content=\"2024-06-06T07:03:07+00:00\" \/>\n<meta property=\"og:image\" content=\"https:\/\/serbia.com\/wp-content\/uploads\/2015\/07\/vukova-kuca3333.jpg\" \/>\n\t<meta property=\"og:image:width\" content=\"1600\" \/>\n\t<meta property=\"og:image:height\" content=\"770\" \/>\n\t<meta property=\"og:image:type\" content=\"image\/jpeg\" \/>\n<meta name=\"twitter:label1\" content=\"Est. reading time\" \/>\n\t<meta name=\"twitter:data1\" content=\"2 minutes\" \/>\n<script type=\"application\/ld+json\" class=\"yoast-schema-graph\">{\"@context\":\"https:\/\/schema.org\",\"@graph\":[{\"@type\":\"WebPage\",\"@id\":\"https:\/\/serbia.com\/srpski\/o-srbiji\/kultura\/nematerijalno-kulturno-nasledje-srbije\/tragovima-nematerijalnog-kulturnog-nasleda-srbije\/vukov-sabor\/\",\"url\":\"https:\/\/serbia.com\/srpski\/o-srbiji\/kultura\/nematerijalno-kulturno-nasledje-srbije\/tragovima-nematerijalnog-kulturnog-nasleda-srbije\/vukov-sabor\/\",\"name\":\"Vukov Sabor - Serbia.com\",\"isPartOf\":{\"@id\":\"https:\/\/serbia.com\/#website\"},\"primaryImageOfPage\":{\"@id\":\"https:\/\/serbia.com\/srpski\/o-srbiji\/kultura\/nematerijalno-kulturno-nasledje-srbije\/tragovima-nematerijalnog-kulturnog-nasleda-srbije\/vukov-sabor\/#primaryimage\"},\"image\":{\"@id\":\"https:\/\/serbia.com\/srpski\/o-srbiji\/kultura\/nematerijalno-kulturno-nasledje-srbije\/tragovima-nematerijalnog-kulturnog-nasleda-srbije\/vukov-sabor\/#primaryimage\"},\"thumbnailUrl\":\"https:\/\/serbia.com\/wp-content\/uploads\/2015\/07\/vukova-kuca3333.jpg\",\"datePublished\":\"2015-07-07T10:53:06+00:00\",\"dateModified\":\"2024-06-06T07:03:07+00:00\",\"breadcrumb\":{\"@id\":\"https:\/\/serbia.com\/srpski\/o-srbiji\/kultura\/nematerijalno-kulturno-nasledje-srbije\/tragovima-nematerijalnog-kulturnog-nasleda-srbije\/vukov-sabor\/#breadcrumb\"},\"inLanguage\":\"srpski\",\"potentialAction\":[{\"@type\":\"ReadAction\",\"target\":[\"https:\/\/serbia.com\/srpski\/o-srbiji\/kultura\/nematerijalno-kulturno-nasledje-srbije\/tragovima-nematerijalnog-kulturnog-nasleda-srbije\/vukov-sabor\/\"]}]},{\"@type\":\"ImageObject\",\"inLanguage\":\"srpski\",\"@id\":\"https:\/\/serbia.com\/srpski\/o-srbiji\/kultura\/nematerijalno-kulturno-nasledje-srbije\/tragovima-nematerijalnog-kulturnog-nasleda-srbije\/vukov-sabor\/#primaryimage\",\"url\":\"https:\/\/serbia.com\/wp-content\/uploads\/2015\/07\/vukova-kuca3333.jpg\",\"contentUrl\":\"https:\/\/serbia.com\/wp-content\/uploads\/2015\/07\/vukova-kuca3333.jpg\",\"width\":1600,\"height\":770},{\"@type\":\"BreadcrumbList\",\"@id\":\"https:\/\/serbia.com\/srpski\/o-srbiji\/kultura\/nematerijalno-kulturno-nasledje-srbije\/tragovima-nematerijalnog-kulturnog-nasleda-srbije\/vukov-sabor\/#breadcrumb\",\"itemListElement\":[{\"@type\":\"ListItem\",\"position\":1,\"name\":\"Home\",\"item\":\"https:\/\/serbia.com\/srpski\/\"},{\"@type\":\"ListItem\",\"position\":2,\"name\":\"O Srbiji\",\"item\":\"https:\/\/serbia.com\/srpski\/o-srbiji\/\"},{\"@type\":\"ListItem\",\"position\":3,\"name\":\"Kultura\",\"item\":\"https:\/\/serbia.com\/srpski\/o-srbiji\/kultura\/\"},{\"@type\":\"ListItem\",\"position\":4,\"name\":\"Nematerijalno kulturno nasle\u0111e Srbije\",\"item\":\"https:\/\/serbia.com\/srpski\/o-srbiji\/kultura\/nematerijalno-kulturno-nasledje-srbije\/\"},{\"@type\":\"ListItem\",\"position\":5,\"name\":\"Tragovima nematerijalnog kulturnog nasle\u0111a Srbije\",\"item\":\"https:\/\/serbia.com\/srpski\/o-srbiji\/kultura\/nematerijalno-kulturno-nasledje-srbije\/tragovima-nematerijalnog-kulturnog-nasleda-srbije\/\"},{\"@type\":\"ListItem\",\"position\":6,\"name\":\"Vukov Sabor\"}]},{\"@type\":\"WebSite\",\"@id\":\"https:\/\/serbia.com\/#website\",\"url\":\"https:\/\/serbia.com\/\",\"name\":\"Serbia.com\",\"description\":\"Your Gateway to Serbia\",\"potentialAction\":[{\"@type\":\"SearchAction\",\"target\":{\"@type\":\"EntryPoint\",\"urlTemplate\":\"https:\/\/serbia.com\/?s={search_term_string}\"},\"query-input\":{\"@type\":\"PropertyValueSpecification\",\"valueRequired\":true,\"valueName\":\"search_term_string\"}}],\"inLanguage\":\"srpski\"}]}<\/script>\n<!-- \/ Yoast SEO plugin. -->","yoast_head_json":{"title":"Vukov Sabor - Serbia.com","robots":{"index":"index","follow":"follow","max-snippet":"max-snippet:-1","max-image-preview":"max-image-preview:large","max-video-preview":"max-video-preview:-1"},"canonical":"https:\/\/serbia.com\/srpski\/o-srbiji\/kultura\/nematerijalno-kulturno-nasledje-srbije\/tragovima-nematerijalnog-kulturnog-nasleda-srbije\/vukov-sabor\/","og_locale":"en_US","og_type":"article","og_title":"Vukov Sabor - Serbia.com","og_description":"Sve je po\u010delo 1933. godine, ispred obnovljene spomen ku\u0107e Vuka Stefanovi\u0107a Karad\u017ei\u0107a. Od tada, svake nedelje u septembru pred Malu Gospojinu, veliki broj ljudi se okuplja u Vukom rodnom mestu [&hellip;]","og_url":"https:\/\/serbia.com\/srpski\/o-srbiji\/kultura\/nematerijalno-kulturno-nasledje-srbije\/tragovima-nematerijalnog-kulturnog-nasleda-srbije\/vukov-sabor\/","og_site_name":"Serbia.com","article_modified_time":"2024-06-06T07:03:07+00:00","og_image":[{"width":1600,"height":770,"url":"https:\/\/serbia.com\/wp-content\/uploads\/2015\/07\/vukova-kuca3333.jpg","type":"image\/jpeg"}],"twitter_misc":{"Est. reading time":"2 minutes"},"schema":{"@context":"https:\/\/schema.org","@graph":[{"@type":"WebPage","@id":"https:\/\/serbia.com\/srpski\/o-srbiji\/kultura\/nematerijalno-kulturno-nasledje-srbije\/tragovima-nematerijalnog-kulturnog-nasleda-srbije\/vukov-sabor\/","url":"https:\/\/serbia.com\/srpski\/o-srbiji\/kultura\/nematerijalno-kulturno-nasledje-srbije\/tragovima-nematerijalnog-kulturnog-nasleda-srbije\/vukov-sabor\/","name":"Vukov Sabor - Serbia.com","isPartOf":{"@id":"https:\/\/serbia.com\/#website"},"primaryImageOfPage":{"@id":"https:\/\/serbia.com\/srpski\/o-srbiji\/kultura\/nematerijalno-kulturno-nasledje-srbije\/tragovima-nematerijalnog-kulturnog-nasleda-srbije\/vukov-sabor\/#primaryimage"},"image":{"@id":"https:\/\/serbia.com\/srpski\/o-srbiji\/kultura\/nematerijalno-kulturno-nasledje-srbije\/tragovima-nematerijalnog-kulturnog-nasleda-srbije\/vukov-sabor\/#primaryimage"},"thumbnailUrl":"https:\/\/serbia.com\/wp-content\/uploads\/2015\/07\/vukova-kuca3333.jpg","datePublished":"2015-07-07T10:53:06+00:00","dateModified":"2024-06-06T07:03:07+00:00","breadcrumb":{"@id":"https:\/\/serbia.com\/srpski\/o-srbiji\/kultura\/nematerijalno-kulturno-nasledje-srbije\/tragovima-nematerijalnog-kulturnog-nasleda-srbije\/vukov-sabor\/#breadcrumb"},"inLanguage":"srpski","potentialAction":[{"@type":"ReadAction","target":["https:\/\/serbia.com\/srpski\/o-srbiji\/kultura\/nematerijalno-kulturno-nasledje-srbije\/tragovima-nematerijalnog-kulturnog-nasleda-srbije\/vukov-sabor\/"]}]},{"@type":"ImageObject","inLanguage":"srpski","@id":"https:\/\/serbia.com\/srpski\/o-srbiji\/kultura\/nematerijalno-kulturno-nasledje-srbije\/tragovima-nematerijalnog-kulturnog-nasleda-srbije\/vukov-sabor\/#primaryimage","url":"https:\/\/serbia.com\/wp-content\/uploads\/2015\/07\/vukova-kuca3333.jpg","contentUrl":"https:\/\/serbia.com\/wp-content\/uploads\/2015\/07\/vukova-kuca3333.jpg","width":1600,"height":770},{"@type":"BreadcrumbList","@id":"https:\/\/serbia.com\/srpski\/o-srbiji\/kultura\/nematerijalno-kulturno-nasledje-srbije\/tragovima-nematerijalnog-kulturnog-nasleda-srbije\/vukov-sabor\/#breadcrumb","itemListElement":[{"@type":"ListItem","position":1,"name":"Home","item":"https:\/\/serbia.com\/srpski\/"},{"@type":"ListItem","position":2,"name":"O Srbiji","item":"https:\/\/serbia.com\/srpski\/o-srbiji\/"},{"@type":"ListItem","position":3,"name":"Kultura","item":"https:\/\/serbia.com\/srpski\/o-srbiji\/kultura\/"},{"@type":"ListItem","position":4,"name":"Nematerijalno kulturno nasle\u0111e Srbije","item":"https:\/\/serbia.com\/srpski\/o-srbiji\/kultura\/nematerijalno-kulturno-nasledje-srbije\/"},{"@type":"ListItem","position":5,"name":"Tragovima nematerijalnog kulturnog nasle\u0111a Srbije","item":"https:\/\/serbia.com\/srpski\/o-srbiji\/kultura\/nematerijalno-kulturno-nasledje-srbije\/tragovima-nematerijalnog-kulturnog-nasleda-srbije\/"},{"@type":"ListItem","position":6,"name":"Vukov Sabor"}]},{"@type":"WebSite","@id":"https:\/\/serbia.com\/#website","url":"https:\/\/serbia.com\/","name":"Serbia.com","description":"Your Gateway to Serbia","potentialAction":[{"@type":"SearchAction","target":{"@type":"EntryPoint","urlTemplate":"https:\/\/serbia.com\/?s={search_term_string}"},"query-input":{"@type":"PropertyValueSpecification","valueRequired":true,"valueName":"search_term_string"}}],"inLanguage":"srpski"}]}},"_links":{"self":[{"href":"https:\/\/serbia.com\/srpski\/wp-json\/wp\/v2\/pages\/34790"}],"collection":[{"href":"https:\/\/serbia.com\/srpski\/wp-json\/wp\/v2\/pages"}],"about":[{"href":"https:\/\/serbia.com\/srpski\/wp-json\/wp\/v2\/types\/page"}],"author":[{"embeddable":true,"href":"https:\/\/serbia.com\/srpski\/wp-json\/wp\/v2\/users\/27"}],"replies":[{"embeddable":true,"href":"https:\/\/serbia.com\/srpski\/wp-json\/wp\/v2\/comments?post=34790"}],"version-history":[{"count":1,"href":"https:\/\/serbia.com\/srpski\/wp-json\/wp\/v2\/pages\/34790\/revisions"}],"predecessor-version":[{"id":53322,"href":"https:\/\/serbia.com\/srpski\/wp-json\/wp\/v2\/pages\/34790\/revisions\/53322"}],"up":[{"embeddable":true,"href":"https:\/\/serbia.com\/srpski\/wp-json\/wp\/v2\/pages\/33999"}],"wp:featuredmedia":[{"embeddable":true,"href":"https:\/\/serbia.com\/srpski\/wp-json\/wp\/v2\/media\/34784"}],"wp:attachment":[{"href":"https:\/\/serbia.com\/srpski\/wp-json\/wp\/v2\/media?parent=34790"}],"wp:term":[{"taxonomy":"category","embeddable":true,"href":"https:\/\/serbia.com\/srpski\/wp-json\/wp\/v2\/categories?post=34790"},{"taxonomy":"post_tag","embeddable":true,"href":"https:\/\/serbia.com\/srpski\/wp-json\/wp\/v2\/tags?post=34790"}],"curies":[{"name":"wp","href":"https:\/\/api.w.org\/{rel}","templated":true}]}}