{"id":34759,"date":"2015-07-06T16:55:43","date_gmt":"2015-07-06T14:55:43","guid":{"rendered":"http:\/\/www.serbia.com\/?page_id=34759"},"modified":"2015-07-06T16:55:43","modified_gmt":"2015-07-06T14:55:43","slug":"mesa-selimovic","status":"publish","type":"page","link":"https:\/\/serbia.com\/srpski\/o-srbiji\/kultura\/knjizevnost\/srpski-pisci\/mesa-selimovic\/","title":{"rendered":"Me\u0161a Selimovi\u0107"},"content":{"rendered":"<h4>Me\u0161a Selimovi\u0107 je sam vrh srpske knji\u017eevnosti dotakao romanom \u201cDervi\u0161 i smrt\u201d koji je decenijama kasnije i od kritike i od \u010ditalaca progla\u0161avan za najbolji srpski prozni roman 20. veka. Zbog toga jedna od najpresti\u017enijih knji\u017eevnih nagrada u zemlji nosi njegovo ime.<\/h4>\n<p>Slavni pisac je \u017eiveo u burnim godinama istorije Balkana. Ro\u0111en je 1910. godine u Tuzli, u muslimanskoj porodici. Pa iako je bio emotivno vezan za Bosnu, on je odlu\u010dio da studira srpskohrvatski jezik i jugoslovensku knji\u017eevnost u <a href=\"http:\/\/www.serbia.com\/srpski\/posetite-srbiju\/sta-videti\/gradovi\/beograd\/\">Beogradu<\/a>. Pi\u0161\u010devo pravo ime je Mehmed, a nadimak Me\u0161a dali su mu prijatelji sa studija.<\/p>\n<p>Njegov \u017eivot odvijao se u tri grada: Tuzli, u kojoj je ro\u0111en, Sarajevu, u kome je radio i Beogradu, u kojem je studirao, proveo jedan deo \u017eivota i umro. Obavljao je zna\u010dajne politi\u010dke i kulturne fukcije, pisao scenarije za filmove i romane koje je kritika u po\u010detku prihvatala sa rezervom i zamerkom na nedovoljnu emocionalnost.<\/p>\n<p>Ali negde u piscu su klju\u010dale re\u010di njegovog \u017eivotnog dela \u010dekaju\u0107i da se izliju na papir. Jedan doga\u0111aj je pokrenuo tu lavinu misli koja se kasnije na\u0161la me\u0111u koricama romana<strong> \u201cDervi\u0161 i smrt\u201d.<\/strong><\/p>\n<p>Komunisti\u010dka partija, \u010diji je Me\u0161a Selimovi\u0107 bio \u010dlan,<strong> streljala je njegovog brata<\/strong>, tako\u0111e \u010dlana partije, zbog neke sitne gre\u0161ke koju je napravio. Ovaj doga\u0111aj mu\u010dio ga je do kraja \u017eivota:<\/p>\n<p>\u201cA sutradan, jedan jedini dan kako sam \u010duo za bratovljevu pogibiju, trebalo je da odr\u017eim nekakvo predavanje. Nisam ga otkazao. I eto, ba\u0161 to poku\u0161avam da zaboravim, da sam htio da govorim, da sam mogao, da se nisam kao \u010dovjek, kao brat, pobunio protiv te nepravde.\u201d<\/p>\n<p>I upravo re\u010dju \u201cpobuna\u201d po\u010dinju slavne stranice Me\u0161inog remek-dela \u201cDervi\u0161 i smrt\u201d, koje je napisao u poznijim godinama (1966) a kako bi ga zavr\u0161io, odbio je posao ambasadora Jugoslavije u Rusiji. Roman \u201cDervi\u0161 i smrt\u201d je do\u010dekan sa velikim odu\u0161evljenjem.<\/p>\n<p><strong>Podudarnost radnje romana sa de\u0161avanjima u pi\u0161\u010devom \u017eivotu<\/strong> daje delu toliku emocionalnost i vrednost, pa iako je radnja sme\u0161tena u 18. vek, roman predstavlja kritiku Titovog re\u017eima koji se nemilosrdno obra\u010dunavao sa neprijatljima.<\/p>\n<p>Ovo delo, sna\u017ene misaone koncentracije, pisano je u ispovednom tonu a prikazuje unutra\u0161nju borbu dervi\u0161a Ahmeda Nurudina kome su zatvorili i ubili nevinog brata. Upravo tok misli bosanskog dervi\u0161a, daje romanu vanvremensku vrednost kao i njegova filozofska i psiholo\u0161ka komponenta. Svako poglavlje romana po\u010dinje citatom iz Kurana i<strong> smatra se da je na ovaj na\u010din prvi put u evropskoj literaturi \u0161iroko citiran Kuran.<\/strong><\/p>\n<p>Kada je ova knjiga objavljena u Parizu, najuticajniji francuski list \u201cLe Monde\u201d pisao je: \u201cDervi\u0161 i smrt\u201d je roman zrelosti koji ne prestaje da za\u010du\u0111uje i postavlja uznemiravaju\u0107a pitanja\u201d. A u zemlji su i publika i kritika imali isto mi\u0161ljenje, pa je roman dobijao mnogobrojne nagrade kojima je izme\u0111u ostalog, progla\u0161avan najboljim srpskim proznim romanom 20. veka.<\/p>\n<p>Pisac je celog \u017eivota bio suo\u010den sa podelama, i svestan njihovog razazdiru\u0107eg dejstva pa sam naziv njegovog slede\u0107eg dela \u201eTvr\u0111ava\u201c, simbolizuje \u010doveka, zajednicu ili ideologiju zatvorenu samu u sebe, a izlazak iz tvr\u0111ave istovremeno je ulazak u \u017eivot, po\u010detak individualnog razvitka, otvaranje mogu\u0107nosti susreta s drugima i upoznavanja istinskih ljudskih vrednosti.<\/p>\n<p>Iako je zbog opredeljenja za srpsku nacionalnost i svrstavanja svojih dela u srpsku literaturu ljutio muslimansku zajednicu u Bosni, Me\u0161a je najdublje ose\u0107ao te\u017einu polo\u017eaja dela bosanskog naroda koji je za vreme vladavine Turaka Hri\u0161\u0107ansku veru zamenio Islamskom. Govorio je:<\/p>\n<p>\u201cNi s kim se istorija nije tako po\u0161allila kao sa Bosnom. Ju\u010de smo bili ono ono \u0161to danas \u017eelimo da zaboravimo, a nismo postali ni ne\u0161to drugo\u2026Otrgnuti smo, a neprihva\u0107eni\u2026\u201d<\/p>\n<p>Ipak,<strong> ni jedna zajednica nije \u017eelela da se odrekne velikog knji\u017eevnika<\/strong>, pa se danas njime jednako ponose i muslimani iz Bosne i Hercegovine (Bo\u0161njaci) i Srbi. I jedni i drugi dodeljuju <strong>knji\u017eevnu nagradu \u201eMe\u0161a Selimovi\u0107\u201c<\/strong> za roman godine.<\/p>\n<p>Me\u0161a nije \u017eeleo da nakon njegove smrti njegov rad razdvajaju na ragionalne i lokalne knji\u017eevne celine. Zbog toga je, Srpskoj akademiji nauka i umetnosti, \u010diji je bio \u010dlan, 1976. napisao pismo u kojem je rekao:<\/p>\n<p>\u201cPoti\u010dem iz muslimanske porodice, po nacionalnosti sam Srbin. Pripadam srpskoj literaturi\u2026\u201c<\/p>\n<p>I zbog toga je pored <a href=\"http:\/\/www.serbia.com\/?p=4387\" target=\"_blank\">Iva Andr\u0107a<\/a>, ovaj de\u010dak tuzlanske \u010dar\u0161ije ostao najve\u0107i srpski knji\u017eevnik 20. veka.[ultimate_spacer height=&#8221;30&#8243;][dt_fancy_title title=&#8221;Povezani \u010dlanci&#8221; title_align=&#8221;left&#8221; title_size=&#8221;normal&#8221; title_color=&#8221;accent&#8221; el_width=&#8221;100&#8243; title_bg=&#8221;disabled&#8221; separator_color=&#8221;default&#8221;][ultimate_spacer height=&#8221;30&#8243; height_on_tabs=&#8221;&#8221; height_on_tabs_portrait=&#8221;&#8221; height_on_mob_landscape=&#8221;&#8221; height_on_mob=&#8221;&#8221;]<\/p>\n","protected":false},"excerpt":{"rendered":"<p>Me\u0161a Selimovi\u0107 je sam vrh srpske knji\u017eevnosti dotakao romanom \u201cDervi\u0161 i smrt\u201d koji je decenijama kasnije i od kritike i od \u010ditalaca progla\u0161avan za najbolji srpski prozni roman 20. veka. [&hellip;]<\/p>\n","protected":false},"author":27,"featured_media":34750,"parent":34674,"menu_order":0,"comment_status":"closed","ping_status":"closed","template":"","meta":{"_acf_changed":false,"inline_featured_image":false,"_monsterinsights_skip_tracking":false,"_monsterinsights_sitenote_active":false,"_monsterinsights_sitenote_note":"","_monsterinsights_sitenote_category":0,"footnotes":""},"categories":[979],"tags":[],"class_list":["post-34759","page","type-page","status-publish","has-post-thumbnail","hentry","category-knjizevnost-kultura-otkrijte-srbiju"],"acf":[],"yoast_head":"<!-- This site is optimized with the Yoast SEO plugin v23.8 - https:\/\/yoast.com\/wordpress\/plugins\/seo\/ -->\n<title>Me\u0161a Selimovi\u0107 - Serbia.com<\/title>\n<meta name=\"robots\" content=\"index, follow, max-snippet:-1, max-image-preview:large, max-video-preview:-1\" \/>\n<link rel=\"canonical\" href=\"https:\/\/serbia.com\/srpski\/o-srbiji\/kultura\/knjizevnost\/srpski-pisci\/mesa-selimovic\/\" \/>\n<meta property=\"og:locale\" content=\"en_US\" \/>\n<meta property=\"og:type\" content=\"article\" \/>\n<meta property=\"og:title\" content=\"Me\u0161a Selimovi\u0107 - Serbia.com\" \/>\n<meta property=\"og:description\" content=\"Me\u0161a Selimovi\u0107 je sam vrh srpske knji\u017eevnosti dotakao romanom \u201cDervi\u0161 i smrt\u201d koji je decenijama kasnije i od kritike i od \u010ditalaca progla\u0161avan za najbolji srpski prozni roman 20. veka. [&hellip;]\" \/>\n<meta property=\"og:url\" content=\"https:\/\/serbia.com\/srpski\/o-srbiji\/kultura\/knjizevnost\/srpski-pisci\/mesa-selimovic\/\" \/>\n<meta property=\"og:site_name\" content=\"Serbia.com\" \/>\n<meta property=\"og:image\" content=\"https:\/\/serbia.com\/wp-content\/uploads\/2015\/07\/selimovic111.jpg\" \/>\n\t<meta property=\"og:image:width\" content=\"1025\" \/>\n\t<meta property=\"og:image:height\" content=\"502\" \/>\n\t<meta property=\"og:image:type\" content=\"image\/jpeg\" \/>\n<meta name=\"twitter:label1\" content=\"Est. reading time\" \/>\n\t<meta name=\"twitter:data1\" content=\"4 minutes\" \/>\n<script type=\"application\/ld+json\" class=\"yoast-schema-graph\">{\"@context\":\"https:\/\/schema.org\",\"@graph\":[{\"@type\":\"WebPage\",\"@id\":\"https:\/\/serbia.com\/srpski\/o-srbiji\/kultura\/knjizevnost\/srpski-pisci\/mesa-selimovic\/\",\"url\":\"https:\/\/serbia.com\/srpski\/o-srbiji\/kultura\/knjizevnost\/srpski-pisci\/mesa-selimovic\/\",\"name\":\"Me\u0161a Selimovi\u0107 - Serbia.com\",\"isPartOf\":{\"@id\":\"https:\/\/serbia.com\/#website\"},\"primaryImageOfPage\":{\"@id\":\"https:\/\/serbia.com\/srpski\/o-srbiji\/kultura\/knjizevnost\/srpski-pisci\/mesa-selimovic\/#primaryimage\"},\"image\":{\"@id\":\"https:\/\/serbia.com\/srpski\/o-srbiji\/kultura\/knjizevnost\/srpski-pisci\/mesa-selimovic\/#primaryimage\"},\"thumbnailUrl\":\"https:\/\/serbia.com\/wp-content\/uploads\/2015\/07\/selimovic111.jpg\",\"datePublished\":\"2015-07-06T14:55:43+00:00\",\"dateModified\":\"2015-07-06T14:55:43+00:00\",\"breadcrumb\":{\"@id\":\"https:\/\/serbia.com\/srpski\/o-srbiji\/kultura\/knjizevnost\/srpski-pisci\/mesa-selimovic\/#breadcrumb\"},\"inLanguage\":\"srpski\",\"potentialAction\":[{\"@type\":\"ReadAction\",\"target\":[\"https:\/\/serbia.com\/srpski\/o-srbiji\/kultura\/knjizevnost\/srpski-pisci\/mesa-selimovic\/\"]}]},{\"@type\":\"ImageObject\",\"inLanguage\":\"srpski\",\"@id\":\"https:\/\/serbia.com\/srpski\/o-srbiji\/kultura\/knjizevnost\/srpski-pisci\/mesa-selimovic\/#primaryimage\",\"url\":\"https:\/\/serbia.com\/wp-content\/uploads\/2015\/07\/selimovic111.jpg\",\"contentUrl\":\"https:\/\/serbia.com\/wp-content\/uploads\/2015\/07\/selimovic111.jpg\",\"width\":1025,\"height\":502},{\"@type\":\"BreadcrumbList\",\"@id\":\"https:\/\/serbia.com\/srpski\/o-srbiji\/kultura\/knjizevnost\/srpski-pisci\/mesa-selimovic\/#breadcrumb\",\"itemListElement\":[{\"@type\":\"ListItem\",\"position\":1,\"name\":\"Home\",\"item\":\"https:\/\/serbia.com\/srpski\/\"},{\"@type\":\"ListItem\",\"position\":2,\"name\":\"O Srbiji\",\"item\":\"https:\/\/serbia.com\/srpski\/o-srbiji\/\"},{\"@type\":\"ListItem\",\"position\":3,\"name\":\"Kultura\",\"item\":\"https:\/\/serbia.com\/srpski\/o-srbiji\/kultura\/\"},{\"@type\":\"ListItem\",\"position\":4,\"name\":\"Knji\u017eevnost\",\"item\":\"https:\/\/serbia.com\/srpski\/o-srbiji\/kultura\/knjizevnost\/\"},{\"@type\":\"ListItem\",\"position\":5,\"name\":\"Srpski pisci\",\"item\":\"https:\/\/serbia.com\/srpski\/o-srbiji\/kultura\/knjizevnost\/srpski-pisci\/\"},{\"@type\":\"ListItem\",\"position\":6,\"name\":\"Me\u0161a Selimovi\u0107\"}]},{\"@type\":\"WebSite\",\"@id\":\"https:\/\/serbia.com\/#website\",\"url\":\"https:\/\/serbia.com\/\",\"name\":\"Serbia.com\",\"description\":\"Your Gateway to Serbia\",\"potentialAction\":[{\"@type\":\"SearchAction\",\"target\":{\"@type\":\"EntryPoint\",\"urlTemplate\":\"https:\/\/serbia.com\/?s={search_term_string}\"},\"query-input\":{\"@type\":\"PropertyValueSpecification\",\"valueRequired\":true,\"valueName\":\"search_term_string\"}}],\"inLanguage\":\"srpski\"}]}<\/script>\n<!-- \/ Yoast SEO plugin. -->","yoast_head_json":{"title":"Me\u0161a Selimovi\u0107 - Serbia.com","robots":{"index":"index","follow":"follow","max-snippet":"max-snippet:-1","max-image-preview":"max-image-preview:large","max-video-preview":"max-video-preview:-1"},"canonical":"https:\/\/serbia.com\/srpski\/o-srbiji\/kultura\/knjizevnost\/srpski-pisci\/mesa-selimovic\/","og_locale":"en_US","og_type":"article","og_title":"Me\u0161a Selimovi\u0107 - Serbia.com","og_description":"Me\u0161a Selimovi\u0107 je sam vrh srpske knji\u017eevnosti dotakao romanom \u201cDervi\u0161 i smrt\u201d koji je decenijama kasnije i od kritike i od \u010ditalaca progla\u0161avan za najbolji srpski prozni roman 20. veka. [&hellip;]","og_url":"https:\/\/serbia.com\/srpski\/o-srbiji\/kultura\/knjizevnost\/srpski-pisci\/mesa-selimovic\/","og_site_name":"Serbia.com","og_image":[{"width":1025,"height":502,"url":"https:\/\/serbia.com\/wp-content\/uploads\/2015\/07\/selimovic111.jpg","type":"image\/jpeg"}],"twitter_misc":{"Est. reading time":"4 minutes"},"schema":{"@context":"https:\/\/schema.org","@graph":[{"@type":"WebPage","@id":"https:\/\/serbia.com\/srpski\/o-srbiji\/kultura\/knjizevnost\/srpski-pisci\/mesa-selimovic\/","url":"https:\/\/serbia.com\/srpski\/o-srbiji\/kultura\/knjizevnost\/srpski-pisci\/mesa-selimovic\/","name":"Me\u0161a Selimovi\u0107 - Serbia.com","isPartOf":{"@id":"https:\/\/serbia.com\/#website"},"primaryImageOfPage":{"@id":"https:\/\/serbia.com\/srpski\/o-srbiji\/kultura\/knjizevnost\/srpski-pisci\/mesa-selimovic\/#primaryimage"},"image":{"@id":"https:\/\/serbia.com\/srpski\/o-srbiji\/kultura\/knjizevnost\/srpski-pisci\/mesa-selimovic\/#primaryimage"},"thumbnailUrl":"https:\/\/serbia.com\/wp-content\/uploads\/2015\/07\/selimovic111.jpg","datePublished":"2015-07-06T14:55:43+00:00","dateModified":"2015-07-06T14:55:43+00:00","breadcrumb":{"@id":"https:\/\/serbia.com\/srpski\/o-srbiji\/kultura\/knjizevnost\/srpski-pisci\/mesa-selimovic\/#breadcrumb"},"inLanguage":"srpski","potentialAction":[{"@type":"ReadAction","target":["https:\/\/serbia.com\/srpski\/o-srbiji\/kultura\/knjizevnost\/srpski-pisci\/mesa-selimovic\/"]}]},{"@type":"ImageObject","inLanguage":"srpski","@id":"https:\/\/serbia.com\/srpski\/o-srbiji\/kultura\/knjizevnost\/srpski-pisci\/mesa-selimovic\/#primaryimage","url":"https:\/\/serbia.com\/wp-content\/uploads\/2015\/07\/selimovic111.jpg","contentUrl":"https:\/\/serbia.com\/wp-content\/uploads\/2015\/07\/selimovic111.jpg","width":1025,"height":502},{"@type":"BreadcrumbList","@id":"https:\/\/serbia.com\/srpski\/o-srbiji\/kultura\/knjizevnost\/srpski-pisci\/mesa-selimovic\/#breadcrumb","itemListElement":[{"@type":"ListItem","position":1,"name":"Home","item":"https:\/\/serbia.com\/srpski\/"},{"@type":"ListItem","position":2,"name":"O Srbiji","item":"https:\/\/serbia.com\/srpski\/o-srbiji\/"},{"@type":"ListItem","position":3,"name":"Kultura","item":"https:\/\/serbia.com\/srpski\/o-srbiji\/kultura\/"},{"@type":"ListItem","position":4,"name":"Knji\u017eevnost","item":"https:\/\/serbia.com\/srpski\/o-srbiji\/kultura\/knjizevnost\/"},{"@type":"ListItem","position":5,"name":"Srpski pisci","item":"https:\/\/serbia.com\/srpski\/o-srbiji\/kultura\/knjizevnost\/srpski-pisci\/"},{"@type":"ListItem","position":6,"name":"Me\u0161a Selimovi\u0107"}]},{"@type":"WebSite","@id":"https:\/\/serbia.com\/#website","url":"https:\/\/serbia.com\/","name":"Serbia.com","description":"Your Gateway to Serbia","potentialAction":[{"@type":"SearchAction","target":{"@type":"EntryPoint","urlTemplate":"https:\/\/serbia.com\/?s={search_term_string}"},"query-input":{"@type":"PropertyValueSpecification","valueRequired":true,"valueName":"search_term_string"}}],"inLanguage":"srpski"}]}},"_links":{"self":[{"href":"https:\/\/serbia.com\/srpski\/wp-json\/wp\/v2\/pages\/34759"}],"collection":[{"href":"https:\/\/serbia.com\/srpski\/wp-json\/wp\/v2\/pages"}],"about":[{"href":"https:\/\/serbia.com\/srpski\/wp-json\/wp\/v2\/types\/page"}],"author":[{"embeddable":true,"href":"https:\/\/serbia.com\/srpski\/wp-json\/wp\/v2\/users\/27"}],"replies":[{"embeddable":true,"href":"https:\/\/serbia.com\/srpski\/wp-json\/wp\/v2\/comments?post=34759"}],"version-history":[{"count":0,"href":"https:\/\/serbia.com\/srpski\/wp-json\/wp\/v2\/pages\/34759\/revisions"}],"up":[{"embeddable":true,"href":"https:\/\/serbia.com\/srpski\/wp-json\/wp\/v2\/pages\/34674"}],"wp:featuredmedia":[{"embeddable":true,"href":"https:\/\/serbia.com\/srpski\/wp-json\/wp\/v2\/media\/34750"}],"wp:attachment":[{"href":"https:\/\/serbia.com\/srpski\/wp-json\/wp\/v2\/media?parent=34759"}],"wp:term":[{"taxonomy":"category","embeddable":true,"href":"https:\/\/serbia.com\/srpski\/wp-json\/wp\/v2\/categories?post=34759"},{"taxonomy":"post_tag","embeddable":true,"href":"https:\/\/serbia.com\/srpski\/wp-json\/wp\/v2\/tags?post=34759"}],"curies":[{"name":"wp","href":"https:\/\/api.w.org\/{rel}","templated":true}]}}