{"id":34744,"date":"2015-07-06T16:27:15","date_gmt":"2015-07-06T14:27:15","guid":{"rendered":"http:\/\/www.serbia.com\/?page_id=34744"},"modified":"2015-07-06T16:27:15","modified_gmt":"2015-07-06T14:27:15","slug":"ivo-andric","status":"publish","type":"page","link":"https:\/\/serbia.com\/srpski\/o-srbiji\/kultura\/knjizevnost\/srpski-pisci\/ivo-andric\/","title":{"rendered":"Ivo Andri\u0107"},"content":{"rendered":"<h4>Pisac i jedini srpski nobelovac, Ivo Andri\u0107 je upam\u0107en i kao diplomata koji je odbio nacisti\u010dku ponudu da se skloni od rata u svojoj zemlji.<\/h4>\n<p><strong>Ivo Andri\u0107<\/strong> \u2013 jedini stvaralac sa ovih prostora koji je dobio Nobelovu nagradu za knji\u017eevnost, ali i \u010dovek oko \u010dije se nacionalnosti danas spore tri dr\u017eave. Bio je knji\u017eevnik svetskog glasa, najbolji poznavalac Balkana i karaktera naroda sa ovih prostora.<\/p>\n<p>Bio je <strong>diplomata Kraljevine Jugoslavije u Nema\u010dkoj na po\u010detku Drugog svetskog rata<\/strong>, a akreditive je predao tada\u0161njem kancelaru Rajha Adolfu Hitleru.<\/p>\n<p><strong>Odbio je predlog nacisti\u010dkih vlasti da ode u \u0160vajcarsku ve\u0107 se vratio u svoju zemlju u kojoj je rat tek po\u010dinjao<\/strong>.<\/p>\n<p>Za sebe je govorio da je Srbin, da ceo \u017eivot poku\u0161ava da shvati mentalitet zemlje gde su \u201csve Drine krive\u201d i gde se nikada ne\u0107e ispraviti, ali i da \u0107e na kraju sve biti dobro i da je u tome na\u0161a nada.<\/p>\n<p>Nekoliko godina svog \u017eivota, pred Prvi svetski rat proveo je u zatvoru. <strong>Drugi su govorili da je tih, miran, povu\u010den, da pi\u0161e kristalno jasno i \u017eivopisno i da se njegovi likovi, koliko god prostorno vezani, uzdi\u017eu do op\u0161tih, \u017eivotnih istina koje su univerzalne i koje svako mo\u017ee da prepozna.<\/strong><\/p>\n<p>U stanu u centru <a href=\"http:\/\/www.serbia.com\/srpski\/posetite-srbiju\/sta-videti\/gradovi\/beograd\/\">Beograda<\/a> u kome je nekada \u017eiveo Ivo Andri\u0107 vreme je stalo negde sredinom sedamdesetih godina kada je iz njega pisac poslednji put oti\u0161ao.<\/p>\n<p>Na mestu koje je danas muzej, jo\u0161 uvek stoje njegove li\u010dne stvari, diplomatski paso\u0161i, zabele\u0161ke i rukopisi, a tu je i toliko pominjana i cenjena Nobelova nagrada. Novac je odavno potro\u0161en \u2013 poklonjen bibliotekama \u0161irom Andri\u0107eve rodne Bosne i Hercegovine. Jer, on je uvek bio \u0161iroke ruke.<\/p>\n<p>Skroman, pametan i u\u010den, kakvog ga savremenici opisuju, Andri\u0107 je verovao u ideju ujedinjenja svih ju\u017enoslovenskih naroda u jedinstvenu zemlju. Do\u017eiveo je da vidi najbolje dane te dr\u017eave i bio njen diplomatski predstavnik \u0161irom sveta.<\/p>\n<p>Kada je 1941. godine Drugi svetski rat stigao i do Kraljevine Jugoslavije, Ivo Andri\u0107 je, kao ve\u0107 poznat pisac, bio ambasador u Berlinu. Prilikom napu\u0161tanja ovog grada nema\u010dke vlasti su mu ponudile da mu organizuju put do neutralne \u0160vajcarske. Andri\u0107 ih je odbio i vratio se u Beograd.<\/p>\n<p>U narednih pet godina \u017eiveo je povu\u010deno kao podstanar. Potpuno se izolovav\u0161i od u\u017easa spoljnog sveta, izbegavaju\u0107i da se svrsta na jednu ili drugu stranu, Andri\u0107 u ovom periodu odbija da objavljuje. Tada, u ti\u0161ini svoje sobice, pi\u0161e svoje najzna\u010dajnije romane koji \u0107e biti objavljeni odmah po okon\u010danju rata \u2013<strong>\u00a0\u201cTravni\u010dka hronika\u201d, \u201cNa <a title=\"Drina, divlja smaragdna lepotica\" href=\"http:\/\/serbia.com\/srpski\/drina-divlja-smaragdna-lepotica-2\/\">Drini<\/a> \u0107uprija\u201d <\/strong>i\u00a0<strong>\u201cGospo\u0111ica\u201d<\/strong>.<\/p>\n<p>\u201eZa epsku snagu\u201c kojom je \u201eoblikovao motive i sudbine iz istorije svoje zemlje\u201c<strong> Ivo Andri\u0107 je 1961. godine dobio Nobelovu nagradu za knji\u017eevnost<\/strong>. Oko njegovog nasle\u0111a danas se spore tri dr\u017eave nastale na prostoru njegove voljene Jugoslavije.<\/p>\n<p>Ivo Andri\u0107 je ro\u0111en u Bosni i ona je celog \u017eivota bila njegova velika ljubav i beskrajna inspiracija. Bio je poreklom iz hrvatske porodice, ali se predstavljao kao Srbin. Najve\u0107i deo \u017eivota proveo je u Beogradu, a svoja dela pisao na \u0107irilici. Pisao je da \u201cdo\u0111u tako ponekad vremena kada pamet za\u0107uti, budala progovori, a fukara se obogati\u201d.<\/p>\n<p>Ideja jedinstva u koju je Ivo Andri\u0107 toliko verovao nije se odr\u017eala do dana\u0161njih dana. Ovo ostalo, njemu, danas, verovatno ni ne bi bilo toliko va\u017eno.<\/p>\n<p>[ultimate_spacer height=&#8221;30&#8243;][dt_fancy_title title=&#8221;Povezani \u010dlanci&#8221; title_align=&#8221;left&#8221; title_size=&#8221;normal&#8221; title_color=&#8221;accent&#8221; el_width=&#8221;100&#8243; title_bg=&#8221;disabled&#8221; separator_color=&#8221;default&#8221;][ultimate_spacer height=&#8221;30&#8243; height_on_tabs=&#8221;&#8221; height_on_tabs_portrait=&#8221;&#8221; height_on_mob_landscape=&#8221;&#8221; height_on_mob=&#8221;&#8221;]<\/p>\n","protected":false},"excerpt":{"rendered":"<p>Pisac i jedini srpski nobelovac, Ivo Andri\u0107 je upam\u0107en i kao diplomata koji je odbio nacisti\u010dku ponudu da se skloni od rata u svojoj zemlji. Ivo Andri\u0107 \u2013 jedini stvaralac [&hellip;]<\/p>\n","protected":false},"author":27,"featured_media":34664,"parent":34674,"menu_order":0,"comment_status":"closed","ping_status":"closed","template":"","meta":{"_acf_changed":false,"inline_featured_image":false,"_monsterinsights_skip_tracking":false,"_monsterinsights_sitenote_active":false,"_monsterinsights_sitenote_note":"","_monsterinsights_sitenote_category":0,"footnotes":""},"categories":[979],"tags":[],"class_list":["post-34744","page","type-page","status-publish","has-post-thumbnail","hentry","category-knjizevnost-kultura-otkrijte-srbiju"],"acf":[],"yoast_head":"<!-- This site is optimized with the Yoast SEO plugin v23.8 - https:\/\/yoast.com\/wordpress\/plugins\/seo\/ -->\n<title>Ivo Andri\u0107 - Serbia.com<\/title>\n<meta name=\"robots\" content=\"index, follow, max-snippet:-1, max-image-preview:large, max-video-preview:-1\" \/>\n<link rel=\"canonical\" href=\"https:\/\/serbia.com\/srpski\/o-srbiji\/kultura\/knjizevnost\/srpski-pisci\/ivo-andric\/\" \/>\n<meta property=\"og:locale\" content=\"en_US\" \/>\n<meta property=\"og:type\" content=\"article\" \/>\n<meta property=\"og:title\" content=\"Ivo Andri\u0107 - Serbia.com\" \/>\n<meta property=\"og:description\" content=\"Pisac i jedini srpski nobelovac, Ivo Andri\u0107 je upam\u0107en i kao diplomata koji je odbio nacisti\u010dku ponudu da se skloni od rata u svojoj zemlji. Ivo Andri\u0107 \u2013 jedini stvaralac [&hellip;]\" \/>\n<meta property=\"og:url\" content=\"https:\/\/serbia.com\/srpski\/o-srbiji\/kultura\/knjizevnost\/srpski-pisci\/ivo-andric\/\" \/>\n<meta property=\"og:site_name\" content=\"Serbia.com\" \/>\n<meta property=\"og:image\" content=\"https:\/\/serbia.com\/wp-content\/uploads\/2015\/07\/ivo-andric111.jpg\" \/>\n\t<meta property=\"og:image:width\" content=\"1919\" \/>\n\t<meta property=\"og:image:height\" content=\"1248\" \/>\n\t<meta property=\"og:image:type\" content=\"image\/jpeg\" \/>\n<meta name=\"twitter:label1\" content=\"Est. reading time\" \/>\n\t<meta name=\"twitter:data1\" content=\"3 minutes\" \/>\n<script type=\"application\/ld+json\" class=\"yoast-schema-graph\">{\"@context\":\"https:\/\/schema.org\",\"@graph\":[{\"@type\":\"WebPage\",\"@id\":\"https:\/\/serbia.com\/srpski\/o-srbiji\/kultura\/knjizevnost\/srpski-pisci\/ivo-andric\/\",\"url\":\"https:\/\/serbia.com\/srpski\/o-srbiji\/kultura\/knjizevnost\/srpski-pisci\/ivo-andric\/\",\"name\":\"Ivo Andri\u0107 - Serbia.com\",\"isPartOf\":{\"@id\":\"https:\/\/serbia.com\/#website\"},\"primaryImageOfPage\":{\"@id\":\"https:\/\/serbia.com\/srpski\/o-srbiji\/kultura\/knjizevnost\/srpski-pisci\/ivo-andric\/#primaryimage\"},\"image\":{\"@id\":\"https:\/\/serbia.com\/srpski\/o-srbiji\/kultura\/knjizevnost\/srpski-pisci\/ivo-andric\/#primaryimage\"},\"thumbnailUrl\":\"https:\/\/serbia.com\/wp-content\/uploads\/2015\/07\/ivo-andric111.jpg\",\"datePublished\":\"2015-07-06T14:27:15+00:00\",\"dateModified\":\"2015-07-06T14:27:15+00:00\",\"breadcrumb\":{\"@id\":\"https:\/\/serbia.com\/srpski\/o-srbiji\/kultura\/knjizevnost\/srpski-pisci\/ivo-andric\/#breadcrumb\"},\"inLanguage\":\"srpski\",\"potentialAction\":[{\"@type\":\"ReadAction\",\"target\":[\"https:\/\/serbia.com\/srpski\/o-srbiji\/kultura\/knjizevnost\/srpski-pisci\/ivo-andric\/\"]}]},{\"@type\":\"ImageObject\",\"inLanguage\":\"srpski\",\"@id\":\"https:\/\/serbia.com\/srpski\/o-srbiji\/kultura\/knjizevnost\/srpski-pisci\/ivo-andric\/#primaryimage\",\"url\":\"https:\/\/serbia.com\/wp-content\/uploads\/2015\/07\/ivo-andric111.jpg\",\"contentUrl\":\"https:\/\/serbia.com\/wp-content\/uploads\/2015\/07\/ivo-andric111.jpg\",\"width\":1919,\"height\":1248},{\"@type\":\"BreadcrumbList\",\"@id\":\"https:\/\/serbia.com\/srpski\/o-srbiji\/kultura\/knjizevnost\/srpski-pisci\/ivo-andric\/#breadcrumb\",\"itemListElement\":[{\"@type\":\"ListItem\",\"position\":1,\"name\":\"Home\",\"item\":\"https:\/\/serbia.com\/srpski\/\"},{\"@type\":\"ListItem\",\"position\":2,\"name\":\"O Srbiji\",\"item\":\"https:\/\/serbia.com\/srpski\/o-srbiji\/\"},{\"@type\":\"ListItem\",\"position\":3,\"name\":\"Kultura\",\"item\":\"https:\/\/serbia.com\/srpski\/o-srbiji\/kultura\/\"},{\"@type\":\"ListItem\",\"position\":4,\"name\":\"Knji\u017eevnost\",\"item\":\"https:\/\/serbia.com\/srpski\/o-srbiji\/kultura\/knjizevnost\/\"},{\"@type\":\"ListItem\",\"position\":5,\"name\":\"Srpski pisci\",\"item\":\"https:\/\/serbia.com\/srpski\/o-srbiji\/kultura\/knjizevnost\/srpski-pisci\/\"},{\"@type\":\"ListItem\",\"position\":6,\"name\":\"Ivo Andri\u0107\"}]},{\"@type\":\"WebSite\",\"@id\":\"https:\/\/serbia.com\/#website\",\"url\":\"https:\/\/serbia.com\/\",\"name\":\"Serbia.com\",\"description\":\"Your Gateway to Serbia\",\"potentialAction\":[{\"@type\":\"SearchAction\",\"target\":{\"@type\":\"EntryPoint\",\"urlTemplate\":\"https:\/\/serbia.com\/?s={search_term_string}\"},\"query-input\":{\"@type\":\"PropertyValueSpecification\",\"valueRequired\":true,\"valueName\":\"search_term_string\"}}],\"inLanguage\":\"srpski\"}]}<\/script>\n<!-- \/ Yoast SEO plugin. -->","yoast_head_json":{"title":"Ivo Andri\u0107 - Serbia.com","robots":{"index":"index","follow":"follow","max-snippet":"max-snippet:-1","max-image-preview":"max-image-preview:large","max-video-preview":"max-video-preview:-1"},"canonical":"https:\/\/serbia.com\/srpski\/o-srbiji\/kultura\/knjizevnost\/srpski-pisci\/ivo-andric\/","og_locale":"en_US","og_type":"article","og_title":"Ivo Andri\u0107 - Serbia.com","og_description":"Pisac i jedini srpski nobelovac, Ivo Andri\u0107 je upam\u0107en i kao diplomata koji je odbio nacisti\u010dku ponudu da se skloni od rata u svojoj zemlji. Ivo Andri\u0107 \u2013 jedini stvaralac [&hellip;]","og_url":"https:\/\/serbia.com\/srpski\/o-srbiji\/kultura\/knjizevnost\/srpski-pisci\/ivo-andric\/","og_site_name":"Serbia.com","og_image":[{"width":1919,"height":1248,"url":"https:\/\/serbia.com\/wp-content\/uploads\/2015\/07\/ivo-andric111.jpg","type":"image\/jpeg"}],"twitter_misc":{"Est. reading time":"3 minutes"},"schema":{"@context":"https:\/\/schema.org","@graph":[{"@type":"WebPage","@id":"https:\/\/serbia.com\/srpski\/o-srbiji\/kultura\/knjizevnost\/srpski-pisci\/ivo-andric\/","url":"https:\/\/serbia.com\/srpski\/o-srbiji\/kultura\/knjizevnost\/srpski-pisci\/ivo-andric\/","name":"Ivo Andri\u0107 - Serbia.com","isPartOf":{"@id":"https:\/\/serbia.com\/#website"},"primaryImageOfPage":{"@id":"https:\/\/serbia.com\/srpski\/o-srbiji\/kultura\/knjizevnost\/srpski-pisci\/ivo-andric\/#primaryimage"},"image":{"@id":"https:\/\/serbia.com\/srpski\/o-srbiji\/kultura\/knjizevnost\/srpski-pisci\/ivo-andric\/#primaryimage"},"thumbnailUrl":"https:\/\/serbia.com\/wp-content\/uploads\/2015\/07\/ivo-andric111.jpg","datePublished":"2015-07-06T14:27:15+00:00","dateModified":"2015-07-06T14:27:15+00:00","breadcrumb":{"@id":"https:\/\/serbia.com\/srpski\/o-srbiji\/kultura\/knjizevnost\/srpski-pisci\/ivo-andric\/#breadcrumb"},"inLanguage":"srpski","potentialAction":[{"@type":"ReadAction","target":["https:\/\/serbia.com\/srpski\/o-srbiji\/kultura\/knjizevnost\/srpski-pisci\/ivo-andric\/"]}]},{"@type":"ImageObject","inLanguage":"srpski","@id":"https:\/\/serbia.com\/srpski\/o-srbiji\/kultura\/knjizevnost\/srpski-pisci\/ivo-andric\/#primaryimage","url":"https:\/\/serbia.com\/wp-content\/uploads\/2015\/07\/ivo-andric111.jpg","contentUrl":"https:\/\/serbia.com\/wp-content\/uploads\/2015\/07\/ivo-andric111.jpg","width":1919,"height":1248},{"@type":"BreadcrumbList","@id":"https:\/\/serbia.com\/srpski\/o-srbiji\/kultura\/knjizevnost\/srpski-pisci\/ivo-andric\/#breadcrumb","itemListElement":[{"@type":"ListItem","position":1,"name":"Home","item":"https:\/\/serbia.com\/srpski\/"},{"@type":"ListItem","position":2,"name":"O Srbiji","item":"https:\/\/serbia.com\/srpski\/o-srbiji\/"},{"@type":"ListItem","position":3,"name":"Kultura","item":"https:\/\/serbia.com\/srpski\/o-srbiji\/kultura\/"},{"@type":"ListItem","position":4,"name":"Knji\u017eevnost","item":"https:\/\/serbia.com\/srpski\/o-srbiji\/kultura\/knjizevnost\/"},{"@type":"ListItem","position":5,"name":"Srpski pisci","item":"https:\/\/serbia.com\/srpski\/o-srbiji\/kultura\/knjizevnost\/srpski-pisci\/"},{"@type":"ListItem","position":6,"name":"Ivo Andri\u0107"}]},{"@type":"WebSite","@id":"https:\/\/serbia.com\/#website","url":"https:\/\/serbia.com\/","name":"Serbia.com","description":"Your Gateway to Serbia","potentialAction":[{"@type":"SearchAction","target":{"@type":"EntryPoint","urlTemplate":"https:\/\/serbia.com\/?s={search_term_string}"},"query-input":{"@type":"PropertyValueSpecification","valueRequired":true,"valueName":"search_term_string"}}],"inLanguage":"srpski"}]}},"_links":{"self":[{"href":"https:\/\/serbia.com\/srpski\/wp-json\/wp\/v2\/pages\/34744"}],"collection":[{"href":"https:\/\/serbia.com\/srpski\/wp-json\/wp\/v2\/pages"}],"about":[{"href":"https:\/\/serbia.com\/srpski\/wp-json\/wp\/v2\/types\/page"}],"author":[{"embeddable":true,"href":"https:\/\/serbia.com\/srpski\/wp-json\/wp\/v2\/users\/27"}],"replies":[{"embeddable":true,"href":"https:\/\/serbia.com\/srpski\/wp-json\/wp\/v2\/comments?post=34744"}],"version-history":[{"count":0,"href":"https:\/\/serbia.com\/srpski\/wp-json\/wp\/v2\/pages\/34744\/revisions"}],"up":[{"embeddable":true,"href":"https:\/\/serbia.com\/srpski\/wp-json\/wp\/v2\/pages\/34674"}],"wp:featuredmedia":[{"embeddable":true,"href":"https:\/\/serbia.com\/srpski\/wp-json\/wp\/v2\/media\/34664"}],"wp:attachment":[{"href":"https:\/\/serbia.com\/srpski\/wp-json\/wp\/v2\/media?parent=34744"}],"wp:term":[{"taxonomy":"category","embeddable":true,"href":"https:\/\/serbia.com\/srpski\/wp-json\/wp\/v2\/categories?post=34744"},{"taxonomy":"post_tag","embeddable":true,"href":"https:\/\/serbia.com\/srpski\/wp-json\/wp\/v2\/tags?post=34744"}],"curies":[{"name":"wp","href":"https:\/\/api.w.org\/{rel}","templated":true}]}}