{"id":34736,"date":"2015-07-06T16:10:35","date_gmt":"2015-07-06T14:10:35","guid":{"rendered":"http:\/\/www.serbia.com\/?page_id=34736"},"modified":"2017-01-12T12:49:13","modified_gmt":"2017-01-12T11:49:13","slug":"borislav-pekic","status":"publish","type":"page","link":"https:\/\/serbia.com\/srpski\/o-srbiji\/kultura\/knjizevnost\/srpski-pisci\/borislav-pekic\/","title":{"rendered":"Borislav Peki\u0107"},"content":{"rendered":"<h4>Ozbiljno je po\u010deo da pi\u0161e, otkrio je u jednom intervjuu, onda kada je po maj\u010dinom savetu po\u010deo da vodi dnevnik, da bi, kako je govorila, popravio grozni rukopis. U jednom \u010dasu tokom robijanja ti su dnevnici prerasli iz li\u010dne ispovesti u pri\u010du o drugima.<\/h4>\n<p><strong><a href=\"http:\/\/www.serbia.com\/srpski\/borislav-pekic-od-tavana-do-zvezda\/\">Pomilovan je za Dan Republike 1953. godine<\/a><\/strong>. Ubrzo je zapo\u010deo studije eksperimentalne psihologije na Filozofskom fakultetu i pisanje filmskih scenarija za koje je bio nagra\u0111ivan na anonimnim konkursima. Potom se o\u017eenio i dobio \u0107erku. Napustio je fakultet i po\u010deo da radi u \u201eLov\u0107en filmu\u201c kao dramaturg i scenarista. \u201eDefinitivno opredeljenje za umetnost, literaturu i javni \u017eivot\u201c potvrdio je objavljivanjem tekstova pod pseudonimima u \u201eVidicima\u201c i \u201eDanasu\u201c.<br \/>\n<em>\u201cBorislave, pro\u010ditao sam rukopis &#8216;<strong>Vremena \u010duda&#8217;<\/strong>, vi ste pisac.\u201d<\/em> To mu je sve\u010dano jednog podneva telefonom saop\u0161tio <strong>Borislav Mihajlovi\u0107 Mihiz<\/strong>. Bi\u0107e to njegova prva \u0161tampana knjiga, objavljena 1965. godine. Mihiz \u0107e zauvek ostati prvi Peki\u0107ev povla\u0161\u0107eni \u010ditalac i jedinstveni kriti\u010dar, osoba u \u010diji je sud imao najve\u0107e poverenje.<\/p>\n<blockquote><p><em>\u201eNekada sam sanjao\u201c, <\/em>rekao je Peki\u0107,<em> \u201eda budem istra\u017eiva\u010d neispitanih predela, otkriva\u010d nedefinisanih tajni, nau\u010dnik, putnik prema zvezdama, arheolog, ukratko neko ko je ne\u0161to prona\u0161ao, ne\u0161to naro\u010dito va\u017eno za Vrstu (u koju sam onda verovao). Pisac sam postao onda kada sam shvatio da za sve to nemam ni mentalnih, ni fizi\u010dkih, pa ni dru\u0161tvenih uslova. Ali sada \u017ealim.\u201c<\/em><\/p><\/blockquote>\n<p><strong>\u017dIVOT U TU\u0110INI<\/strong><\/p>\n<p><em>\u201eU tu\u0111inu sam oti\u0161ao iz dva razloga. Osetio sam da sam u stvarnost upao, utonuo, &#8216;zaglibio se&#8217; dublje nego \u0161to mi je ideja o nezavisnosti umetnosti dopu\u0161tala&#8230; Oti\u0161ao sam, dakle, da povratim unutra\u0161nju umetni\u010dku slobodu. A jo\u0161 vi\u0161e svoje \u2013 vreme.\u201d<\/em> Supruga Ljiljana, arhitekta, dobila je posao i preselila se sa \u0107erkom Aleksandrom u London. Bori su oduzeli paso\u0161 i posle dugih devet meseci, dobijanja NIN-ove nagrade i pisanja strane \u0161tampe, paso\u0161 mu je vra\u0107en i on se u Londonu pridru\u017eio porodici.<br \/>\nSada se mogao baviti pisanjem, imao je vreme, li\u010dnu slobodu i egzistencijalnu sigurnost, koju mu je pru\u017eala u potpunosti privr\u017eena supruga. Iz njegove radionica izvirale su hiljade stranica romana, drama, scenarija, eseja, dnevni\u010dkih zapisa. Romaneskni ciklus <strong>&#8216;Zlatno runo&#8217;<\/strong> od sedam knjiga, tri i po hiljade stranica, prekucao je sam, \u010dak \u0161est puta na obi\u010dnoj ma\u0161ini.<br \/>\nU <strong>\u201ePismima iz tu\u0111ine\u201c<\/strong> zapisao je: <em>\u201ePravo je mesto ono na kome smo porasli. Jer, od sviju tu\u0111ina na koje je \u010dovek osu\u0111en, najsno\u0161ljivija je ipak sopstvena.\u201c<\/em> Boravak u Londonu definisan prvobitno na \u201eizvesno vreme\u201c, produ\u017eio se na dvadeset godina.<br \/>\n<img loading=\"lazy\" decoding=\"async\" class=\"aligncenter wp-image-25403 size-full\" src=\"http:\/\/www.serbia.com\/wp-content\/uploads\/2014\/04\/Venecija1961-Edit.jpg\" alt=\"\" width=\"736\" height=\"536\" srcset=\"https:\/\/serbia.com\/wp-content\/uploads\/2014\/04\/Venecija1961-Edit.jpg 736w, https:\/\/serbia.com\/wp-content\/uploads\/2014\/04\/Venecija1961-Edit-300x218.jpg 300w\" sizes=\"(max-width: 736px) 100vw, 736px\" \/><br \/>\n<strong>DEMOKRATIJA NA DELU<\/strong><\/p>\n<p>Govorio je da je borave\u0107i u tu\u0111ini vi\u0161e nau\u010dio o nama nego o njima. O nama i njima pisao je<strong> \u201ePisma iz tu\u0111ine\u201c<\/strong>,<strong> \u201eSentimentalnu povest Britanskog carstva\u201c<\/strong> i govorio preko talasa Radio BBC iz Londona. Uzbudljivo vreme nastupilo je s najavom demokratskih promena. Bio je jedan je od osniva\u010da Demokratske stranke, njen potpredsednik i u\u010desnik u obnavljanju lista \u201eDemokratija\u201c. Smatrao je svojom obavezom da pomogne restauraciju demokratije. Bio je demokrata i u privatnom i javnom \u017eivotu, svestan da je demokratija u prvom redu kompromis. <em>\u201e&#8230;Vaspitan sam kao demokrata\u201c<\/em> \u2013 govorio je. <em>\u201eNastojim da se kao demokrata pona\u0161am i da u sebi savladam uro\u0111ene ljudske, totalitarne, gotovo bih rekao antropolo\u0161ki antidemokratske osobine potekle iz sebi\u010dnosti, \u017eudnje za mo\u0107, ta\u0161tine i r\u0111avog iskustva sa ljudima. Verujem u demokratiju kao najbolji od svih r\u0111avih sistema, a svakako najpodno\u0161ljiviji\u2026\u201c<\/em><\/p>\n<p><strong>PRISUSTVO GOSPODINA PEKI\u0106A<\/strong><\/p>\n<p><strong><a href=\"http:\/\/www.serbia.com\/srpski\/borislav-pekic-od-tavana-do-zvezda\/\">Od mladosti krhkog zdravlja<\/a><\/strong>, \u017eiveo je sa sve\u0161\u0107u da ne\u0107e dugo \u017eiveti i sebe stalno po\u017eurivao da zavr\u0161i \u0161to vi\u0161e stvari: <em>\u201eVremena do 1990. ima jo\u0161 tako malo &#8230;\u201c<\/em> Mislio je br\u017ee nego \u0161to je mogao da pi\u0161e. \u010citave decenije posle smrti, uz pomo\u0107 magije koja se zove magnetofon, snimljenim glasom, Peki\u0107 otkriva svoje misli, sebe, \u010dak i onima koji su decenije proveli uz njega, svojoj \u017eeni, pa preko nje \u010ditaocima.<br \/>\n<em>\u201eUbrzo posle smrti mog mu\u017ea\u201c,<\/em> ka\u017ee Ljiljana Peki\u0107, <em>\u201ena\u0161la sam njegove magnetofonske trake, na kojima je bele\u017eio ideje za budu\u0107e knjige. Tada sam ih prvi put slu\u0161ala&#8230; Imala sam utisak da mi Peki\u0107 preko telefona pri\u010da \u0161ta radi, kakvi su ga problemi mu\u010dili dok je pisao&#8230; Potekle su nove stranice, novi tomovi knjiga koji sadr\u017ee dnevni\u010dke zapise, bele\u0161ke i prepisku.\u201c<\/em> Jo\u0161 jedan dug Borislavu Peki\u0107u odu\u017eila je kada je demokratskoj vlasti, \u0161to je po Peki\u0107u jedino imalo smisla, podnela zahtev za rehabilitaciju, koju je sud usvojio 2007. godine.<br \/>\n<em>\u201eJa mislim da biti gospodin zna\u010di u prvom redu biti velikodu\u0161an, biti hrabar, biti \u010dastan, skroman i tolerantan.\u201c<\/em> Ova bi njegova re\u010denica najkra\u0107e opisala Borislava Peki\u0107a, on bi joj dodao da on sam nije tolerantan nego dobro odgojen.<\/p>\n<p>Svakoj stvari kojom se bavio pristupao je studiozno, bilo da je o njoj pisao, ili se njome prakti\u010dno bavio, poput uzgajanja vrta. U London je oti\u0161ao, kako je sam rekao, imaju\u0107i u vidu svoju skromnost, kao neobrazovan, da bi postao jedan od na\u0161ih najobrazovanijih knji\u017eevnika, pravi erudita. Umro je u Londonu od raka plu\u0107a. Urna sa njegovim prahom preneta je u Beograd u Aleju zaslu\u017enih gra\u0111ana na Novom groblju. Na mermernoj plo\u010dici na zidu kolumbarijuma je osam brojeva koji ome\u0111uju njegovo ovozemaljsko vreme \u2013 1930\u20131992, i jedna desetoslovna re\u010d, koja bi trebalo da sa\u017eme sve \u010dime se tokom tog vremena bavio \u2013 knji\u017eevnik.<\/p>\n<p>Jovo An\u0111i\u0107<br \/>\nZahvaljujemo porodici Peki\u0107 za ustupljene fotografije i dokumente.<\/p>\n<p>Foto kredit: Vladimir Radoji\u010di\u0107<\/p>\n<p>[ultimate_spacer height=&#8221;30&#8243;][dt_fancy_title title=&#8221;Povezani \u010dlanci&#8221; title_align=&#8221;left&#8221; title_size=&#8221;normal&#8221; title_color=&#8221;accent&#8221; el_width=&#8221;100&#8243; title_bg=&#8221;disabled&#8221; separator_color=&#8221;default&#8221;][ultimate_spacer height=&#8221;30&#8243; height_on_tabs=&#8221;&#8221; height_on_tabs_portrait=&#8221;&#8221; height_on_mob_landscape=&#8221;&#8221; height_on_mob=&#8221;&#8221;]<\/p>\n","protected":false},"excerpt":{"rendered":"<p>Ozbiljno je po\u010deo da pi\u0161e, otkrio je u jednom intervjuu, onda kada je po maj\u010dinom savetu po\u010deo da vodi dnevnik, da bi, kako je govorila, popravio grozni rukopis. U jednom [&hellip;]<\/p>\n","protected":false},"author":27,"featured_media":34729,"parent":34674,"menu_order":0,"comment_status":"closed","ping_status":"closed","template":"","meta":{"_acf_changed":false,"inline_featured_image":false,"_monsterinsights_skip_tracking":false,"_monsterinsights_sitenote_active":false,"_monsterinsights_sitenote_note":"","_monsterinsights_sitenote_category":0,"footnotes":""},"categories":[979],"tags":[],"class_list":["post-34736","page","type-page","status-publish","has-post-thumbnail","hentry","category-knjizevnost-kultura-otkrijte-srbiju"],"acf":[],"yoast_head":"<!-- This site is optimized with the Yoast SEO plugin v23.8 - https:\/\/yoast.com\/wordpress\/plugins\/seo\/ -->\n<title>Borislav Peki\u0107 - Serbia.com<\/title>\n<meta name=\"robots\" content=\"index, follow, max-snippet:-1, max-image-preview:large, max-video-preview:-1\" \/>\n<link rel=\"canonical\" href=\"https:\/\/serbia.com\/srpski\/o-srbiji\/kultura\/knjizevnost\/srpski-pisci\/borislav-pekic\/\" \/>\n<meta property=\"og:locale\" content=\"en_US\" \/>\n<meta property=\"og:type\" content=\"article\" \/>\n<meta property=\"og:title\" content=\"Borislav Peki\u0107 - Serbia.com\" \/>\n<meta property=\"og:description\" content=\"Ozbiljno je po\u010deo da pi\u0161e, otkrio je u jednom intervjuu, onda kada je po maj\u010dinom savetu po\u010deo da vodi dnevnik, da bi, kako je govorila, popravio grozni rukopis. U jednom [&hellip;]\" \/>\n<meta property=\"og:url\" content=\"https:\/\/serbia.com\/srpski\/o-srbiji\/kultura\/knjizevnost\/srpski-pisci\/borislav-pekic\/\" \/>\n<meta property=\"og:site_name\" content=\"Serbia.com\" \/>\n<meta property=\"article:modified_time\" content=\"2017-01-12T11:49:13+00:00\" \/>\n<meta property=\"og:image\" content=\"https:\/\/serbia.com\/wp-content\/uploads\/2015\/07\/pekic222.jpg\" \/>\n\t<meta property=\"og:image:width\" content=\"1380\" \/>\n\t<meta property=\"og:image:height\" content=\"755\" \/>\n\t<meta property=\"og:image:type\" content=\"image\/jpeg\" \/>\n<meta name=\"twitter:label1\" content=\"Est. reading time\" \/>\n\t<meta name=\"twitter:data1\" content=\"5 minutes\" \/>\n<script type=\"application\/ld+json\" class=\"yoast-schema-graph\">{\"@context\":\"https:\/\/schema.org\",\"@graph\":[{\"@type\":\"WebPage\",\"@id\":\"https:\/\/serbia.com\/srpski\/o-srbiji\/kultura\/knjizevnost\/srpski-pisci\/borislav-pekic\/\",\"url\":\"https:\/\/serbia.com\/srpski\/o-srbiji\/kultura\/knjizevnost\/srpski-pisci\/borislav-pekic\/\",\"name\":\"Borislav Peki\u0107 - Serbia.com\",\"isPartOf\":{\"@id\":\"https:\/\/serbia.com\/#website\"},\"primaryImageOfPage\":{\"@id\":\"https:\/\/serbia.com\/srpski\/o-srbiji\/kultura\/knjizevnost\/srpski-pisci\/borislav-pekic\/#primaryimage\"},\"image\":{\"@id\":\"https:\/\/serbia.com\/srpski\/o-srbiji\/kultura\/knjizevnost\/srpski-pisci\/borislav-pekic\/#primaryimage\"},\"thumbnailUrl\":\"https:\/\/serbia.com\/wp-content\/uploads\/2015\/07\/pekic222.jpg\",\"datePublished\":\"2015-07-06T14:10:35+00:00\",\"dateModified\":\"2017-01-12T11:49:13+00:00\",\"breadcrumb\":{\"@id\":\"https:\/\/serbia.com\/srpski\/o-srbiji\/kultura\/knjizevnost\/srpski-pisci\/borislav-pekic\/#breadcrumb\"},\"inLanguage\":\"srpski\",\"potentialAction\":[{\"@type\":\"ReadAction\",\"target\":[\"https:\/\/serbia.com\/srpski\/o-srbiji\/kultura\/knjizevnost\/srpski-pisci\/borislav-pekic\/\"]}]},{\"@type\":\"ImageObject\",\"inLanguage\":\"srpski\",\"@id\":\"https:\/\/serbia.com\/srpski\/o-srbiji\/kultura\/knjizevnost\/srpski-pisci\/borislav-pekic\/#primaryimage\",\"url\":\"https:\/\/serbia.com\/wp-content\/uploads\/2015\/07\/pekic222.jpg\",\"contentUrl\":\"https:\/\/serbia.com\/wp-content\/uploads\/2015\/07\/pekic222.jpg\",\"width\":1380,\"height\":755},{\"@type\":\"BreadcrumbList\",\"@id\":\"https:\/\/serbia.com\/srpski\/o-srbiji\/kultura\/knjizevnost\/srpski-pisci\/borislav-pekic\/#breadcrumb\",\"itemListElement\":[{\"@type\":\"ListItem\",\"position\":1,\"name\":\"Home\",\"item\":\"https:\/\/serbia.com\/srpski\/\"},{\"@type\":\"ListItem\",\"position\":2,\"name\":\"O Srbiji\",\"item\":\"https:\/\/serbia.com\/srpski\/o-srbiji\/\"},{\"@type\":\"ListItem\",\"position\":3,\"name\":\"Kultura\",\"item\":\"https:\/\/serbia.com\/srpski\/o-srbiji\/kultura\/\"},{\"@type\":\"ListItem\",\"position\":4,\"name\":\"Knji\u017eevnost\",\"item\":\"https:\/\/serbia.com\/srpski\/o-srbiji\/kultura\/knjizevnost\/\"},{\"@type\":\"ListItem\",\"position\":5,\"name\":\"Srpski pisci\",\"item\":\"https:\/\/serbia.com\/srpski\/o-srbiji\/kultura\/knjizevnost\/srpski-pisci\/\"},{\"@type\":\"ListItem\",\"position\":6,\"name\":\"Borislav Peki\u0107\"}]},{\"@type\":\"WebSite\",\"@id\":\"https:\/\/serbia.com\/#website\",\"url\":\"https:\/\/serbia.com\/\",\"name\":\"Serbia.com\",\"description\":\"Your Gateway to Serbia\",\"potentialAction\":[{\"@type\":\"SearchAction\",\"target\":{\"@type\":\"EntryPoint\",\"urlTemplate\":\"https:\/\/serbia.com\/?s={search_term_string}\"},\"query-input\":{\"@type\":\"PropertyValueSpecification\",\"valueRequired\":true,\"valueName\":\"search_term_string\"}}],\"inLanguage\":\"srpski\"}]}<\/script>\n<!-- \/ Yoast SEO plugin. -->","yoast_head_json":{"title":"Borislav Peki\u0107 - Serbia.com","robots":{"index":"index","follow":"follow","max-snippet":"max-snippet:-1","max-image-preview":"max-image-preview:large","max-video-preview":"max-video-preview:-1"},"canonical":"https:\/\/serbia.com\/srpski\/o-srbiji\/kultura\/knjizevnost\/srpski-pisci\/borislav-pekic\/","og_locale":"en_US","og_type":"article","og_title":"Borislav Peki\u0107 - Serbia.com","og_description":"Ozbiljno je po\u010deo da pi\u0161e, otkrio je u jednom intervjuu, onda kada je po maj\u010dinom savetu po\u010deo da vodi dnevnik, da bi, kako je govorila, popravio grozni rukopis. U jednom [&hellip;]","og_url":"https:\/\/serbia.com\/srpski\/o-srbiji\/kultura\/knjizevnost\/srpski-pisci\/borislav-pekic\/","og_site_name":"Serbia.com","article_modified_time":"2017-01-12T11:49:13+00:00","og_image":[{"width":1380,"height":755,"url":"https:\/\/serbia.com\/wp-content\/uploads\/2015\/07\/pekic222.jpg","type":"image\/jpeg"}],"twitter_misc":{"Est. reading time":"5 minutes"},"schema":{"@context":"https:\/\/schema.org","@graph":[{"@type":"WebPage","@id":"https:\/\/serbia.com\/srpski\/o-srbiji\/kultura\/knjizevnost\/srpski-pisci\/borislav-pekic\/","url":"https:\/\/serbia.com\/srpski\/o-srbiji\/kultura\/knjizevnost\/srpski-pisci\/borislav-pekic\/","name":"Borislav Peki\u0107 - Serbia.com","isPartOf":{"@id":"https:\/\/serbia.com\/#website"},"primaryImageOfPage":{"@id":"https:\/\/serbia.com\/srpski\/o-srbiji\/kultura\/knjizevnost\/srpski-pisci\/borislav-pekic\/#primaryimage"},"image":{"@id":"https:\/\/serbia.com\/srpski\/o-srbiji\/kultura\/knjizevnost\/srpski-pisci\/borislav-pekic\/#primaryimage"},"thumbnailUrl":"https:\/\/serbia.com\/wp-content\/uploads\/2015\/07\/pekic222.jpg","datePublished":"2015-07-06T14:10:35+00:00","dateModified":"2017-01-12T11:49:13+00:00","breadcrumb":{"@id":"https:\/\/serbia.com\/srpski\/o-srbiji\/kultura\/knjizevnost\/srpski-pisci\/borislav-pekic\/#breadcrumb"},"inLanguage":"srpski","potentialAction":[{"@type":"ReadAction","target":["https:\/\/serbia.com\/srpski\/o-srbiji\/kultura\/knjizevnost\/srpski-pisci\/borislav-pekic\/"]}]},{"@type":"ImageObject","inLanguage":"srpski","@id":"https:\/\/serbia.com\/srpski\/o-srbiji\/kultura\/knjizevnost\/srpski-pisci\/borislav-pekic\/#primaryimage","url":"https:\/\/serbia.com\/wp-content\/uploads\/2015\/07\/pekic222.jpg","contentUrl":"https:\/\/serbia.com\/wp-content\/uploads\/2015\/07\/pekic222.jpg","width":1380,"height":755},{"@type":"BreadcrumbList","@id":"https:\/\/serbia.com\/srpski\/o-srbiji\/kultura\/knjizevnost\/srpski-pisci\/borislav-pekic\/#breadcrumb","itemListElement":[{"@type":"ListItem","position":1,"name":"Home","item":"https:\/\/serbia.com\/srpski\/"},{"@type":"ListItem","position":2,"name":"O Srbiji","item":"https:\/\/serbia.com\/srpski\/o-srbiji\/"},{"@type":"ListItem","position":3,"name":"Kultura","item":"https:\/\/serbia.com\/srpski\/o-srbiji\/kultura\/"},{"@type":"ListItem","position":4,"name":"Knji\u017eevnost","item":"https:\/\/serbia.com\/srpski\/o-srbiji\/kultura\/knjizevnost\/"},{"@type":"ListItem","position":5,"name":"Srpski pisci","item":"https:\/\/serbia.com\/srpski\/o-srbiji\/kultura\/knjizevnost\/srpski-pisci\/"},{"@type":"ListItem","position":6,"name":"Borislav Peki\u0107"}]},{"@type":"WebSite","@id":"https:\/\/serbia.com\/#website","url":"https:\/\/serbia.com\/","name":"Serbia.com","description":"Your Gateway to Serbia","potentialAction":[{"@type":"SearchAction","target":{"@type":"EntryPoint","urlTemplate":"https:\/\/serbia.com\/?s={search_term_string}"},"query-input":{"@type":"PropertyValueSpecification","valueRequired":true,"valueName":"search_term_string"}}],"inLanguage":"srpski"}]}},"_links":{"self":[{"href":"https:\/\/serbia.com\/srpski\/wp-json\/wp\/v2\/pages\/34736"}],"collection":[{"href":"https:\/\/serbia.com\/srpski\/wp-json\/wp\/v2\/pages"}],"about":[{"href":"https:\/\/serbia.com\/srpski\/wp-json\/wp\/v2\/types\/page"}],"author":[{"embeddable":true,"href":"https:\/\/serbia.com\/srpski\/wp-json\/wp\/v2\/users\/27"}],"replies":[{"embeddable":true,"href":"https:\/\/serbia.com\/srpski\/wp-json\/wp\/v2\/comments?post=34736"}],"version-history":[{"count":0,"href":"https:\/\/serbia.com\/srpski\/wp-json\/wp\/v2\/pages\/34736\/revisions"}],"up":[{"embeddable":true,"href":"https:\/\/serbia.com\/srpski\/wp-json\/wp\/v2\/pages\/34674"}],"wp:featuredmedia":[{"embeddable":true,"href":"https:\/\/serbia.com\/srpski\/wp-json\/wp\/v2\/media\/34729"}],"wp:attachment":[{"href":"https:\/\/serbia.com\/srpski\/wp-json\/wp\/v2\/media?parent=34736"}],"wp:term":[{"taxonomy":"category","embeddable":true,"href":"https:\/\/serbia.com\/srpski\/wp-json\/wp\/v2\/categories?post=34736"},{"taxonomy":"post_tag","embeddable":true,"href":"https:\/\/serbia.com\/srpski\/wp-json\/wp\/v2\/tags?post=34736"}],"curies":[{"name":"wp","href":"https:\/\/api.w.org\/{rel}","templated":true}]}}