{"id":34722,"date":"2015-07-06T15:43:04","date_gmt":"2015-07-06T13:43:04","guid":{"rendered":"http:\/\/www.serbia.com\/?page_id=34722"},"modified":"2026-03-19T14:42:05","modified_gmt":"2026-03-19T13:42:05","slug":"vuk-karadzic","status":"publish","type":"page","link":"https:\/\/serbia.com\/srpski\/o-srbiji\/kultura\/knjizevnost\/srpski-pisci\/vuk-karadzic\/","title":{"rendered":"Ko je bio Vuk Karad\u017ei\u0107 i za\u0161to je va\u017ean"},"content":{"rendered":"\n<h2 class=\"wp-block-heading\"><\/h2>\n\n\n<h4 style=\"text-align: justify;\">Reforma i pisanje prvog re\u010dnika srpskog jezika, sakupljanje narodnih umotvorina, sukobi sa najuglednijim srpskim li\u010dnostima i drugovanje sa evropskom elitom, porodi\u010dna tragedija i uvo\u0111enje fonetskog pravopisa u srpski jezik, \u017eivot su i delo najzna\u010dajnije li\u010dnosti srpske knji\u017eevnosti u prvoj polovini 19. veka, \u00a0Vuka Stefanovi\u0107a Karad\u017ei\u0107a.<\/h4>\n<h4 style=\"text-align: justify;\">Kada se rodio Vuk, de\u010dak kome ve\u0161tice i duhovi nisu mogli da naude<\/h4>\n<p style=\"text-align: justify;\">U <strong>Tr\u0161i\u0107u<\/strong> nadomak <a href=\"https:\/\/serbia.com\/srpski\/loznica-sta-videti-raditi-i-obici\/\"><strong>Loznice<\/strong><\/a>, <strong>7. Novembra 1787<\/strong>. godine rodio se de\u010dak koji je odmalena voleo \u0161kolu i knjigu. Me\u0111utim,<strong> put Vukovog edukovanja je bio trnovit i te\u017eak<\/strong>. U vreme slabe, ili gotovo nikakve pismenosti naroda, te\u0161ko je bilo ste\u0107i bilo kakvo znanje, pa je Vuk odmalena\u00a0 morao da se bori kako bi dobio i preneo znanje koje je \u017earko \u017eeleo.<\/p>\n<p style=\"text-align: justify;\"><strong><img loading=\"lazy\" decoding=\"async\" class=\"alignleft size-full wp-image-28985\" src=\"http:\/\/www.serbia.com\/wp-content\/uploads\/2014\/07\/kuca-vuka-karadzica-u-trsicu-panoramio-serbia.jpg\" alt=\"kuca vuka karadzica u trsicu panoramio serbia\" width=\"500\" height=\"375\" srcset=\"https:\/\/serbia.com\/wp-content\/uploads\/2014\/07\/kuca-vuka-karadzica-u-trsicu-panoramio-serbia.jpg 500w, https:\/\/serbia.com\/wp-content\/uploads\/2014\/07\/kuca-vuka-karadzica-u-trsicu-panoramio-serbia-300x225.jpg 300w\" sizes=\"(max-width: 500px) 100vw, 500px\" \/>Od jedinog pismenog \u010doveka u kraju Jevte Savi\u0107a \u010cotri\u0107a u\u010dio je \u010ditanje i pisanje<\/strong>, a zbog rane bolesti nije uspeo da zavr\u0161i \u0161kolovanje u Loznici. Posle neuspelog poku\u0161aja da upi\u0161e gimnaziju u <a title=\"Sremski Karlovci, grad vina, duhovnosti i kulture\" href=\"http:\/\/www.serbia.com\/srpski\/sremski-karlovci-grad-vina-duhovnosti-i-kulture\/\">Sremskim Karlovcima<\/a>, odlazi u Petrinje gde u\u010di nema\u010dki jezik a kasnije u <a title=\"Beograd\" href=\"http:\/\/www.serbia.com\/srpski\/posetite-srbiju\/sta-videti\/gradovi\/beograd\/\">Beograd<\/a>, gde upoznaje <strong><a href=\"http:\/\/www.serbia.com\/srpski\/dositej-obradovic\/\">Dositeja Obradovi\u0107a<\/a><\/strong> i postaje \u0111ak <strong>Velike \u0161kole<\/strong> u Beogradu.<\/p>\n<p style=\"text-align: justify;\">Te\u017eak \u017eivot u siroma\u0161noj porodici u kojoj su deca nemilosrdno umirala, zbog \u010dega je Vuk po narodnoj legendi i dobio ime koje \u0107e ga \u0161tititi, nije obeshrabrivao de\u010daka koji \u0107e kroz nekoliko godina promeniti celokupan tok srpske knji\u017eevnosti.<\/p>\n<h4 style=\"text-align: justify;\">\u017divot, rad i ljubav u Be\u010du<\/h4>\n<p style=\"text-align: justify;\">Odlaskom u austrijsku prestonicu Vukov \u017eivot se umnogome promenio. Tu je upoznao <strong>Anu Mariju Kraus<\/strong>, <strong>sa kojom se o\u017eenio i imao \u010dak trinaestoro dece od kojih su svi sem jednog sina i \u0107erke umrli<\/strong>. Te\u017eak i tu\u017ean \u017eivot Vuka koji je u to vreme bio sam i bolestan, napokon po\u010dinje da se menja nabolje upoznavanjem sa <strong>Jernejom Kopitarom<\/strong> uz \u010diju pomo\u0107 i savete kre\u0107e sa sakupljanjem narodnih pesama i radom na gramatici narodnog govora.<\/p>\n<p style=\"text-align: justify;\">Godine <strong>1814<\/strong>. Vuk objavljuje \u201e<strong>Malu prostonarodnu slaveno-serbsku pjesnaricu<\/strong>\u201c, zbirku narodnih pesama, a odmah zatim i prvu gramatiku srpskog jezika na narodnom govoru \u201e<strong>Pismenicu serbskoga jezika po govoru prostoga naroda napisanu<\/strong>\u201c. \u00a0Svestan mnogih nepotpunosti i nesavr\u0161enosti ove gramatike, uz savete mnogih nau\u010dnih radnika, Vuk je uz prvo izdanje \u201e<strong>Srpskog rje\u010dnika<\/strong>\u201c iz <strong>1818<\/strong>. godine objavio i drugo pro\u0161ireno izdanje svoje gramatike.<\/p>\n<figure id=\"attachment_28972\" aria-describedby=\"caption-attachment-28972\" style=\"width: 500px\" class=\"wp-caption aligncenter\"><img loading=\"lazy\" decoding=\"async\" class=\"wp-image-28972 size-full\" src=\"http:\/\/www.serbia.com\/wp-content\/uploads\/2014\/07\/VUK-KARADZIC-SRPSKI-RJECNIK-serbia.jpg\" alt=\"\" width=\"500\" height=\"397\" srcset=\"https:\/\/serbia.com\/wp-content\/uploads\/2014\/07\/VUK-KARADZIC-SRPSKI-RJECNIK-serbia.jpg 500w, https:\/\/serbia.com\/wp-content\/uploads\/2014\/07\/VUK-KARADZIC-SRPSKI-RJECNIK-serbia-300x238.jpg 300w\" sizes=\"(max-width: 500px) 100vw, 500px\" \/><figcaption id=\"caption-attachment-28972\" class=\"wp-caption-text\">Srpski rje\u010dnik<\/figcaption><\/figure>\n<p style=\"text-align: justify;\"><strong>Osnovna vrednost ove gramatike bilo je radikalno upro\u0161\u0107avanje azbuke i pravopisa<\/strong>, gde je primenjena \u010duvena Vukova mantra: \u201e<strong>Pi\u0161i kao \u0161to govori\u0161,\u00a0 a \u010ditaj kao \u0161to je napisano<\/strong>\u201c. Izbacivanje pojedinih slova, kao i dodavanje i preuzimanje nekih novih, <strong>osudili su mnogi zna\u010dajni ljudi tog vremena<\/strong>, me\u0111u kojima su najvatreniji protivnici Vukove reforme bili predstavnici crkve i osniva\u010d Matice srpske, <strong>Jovan Had\u017ei\u0107<\/strong>.<\/p>\n<h4 style=\"text-align: justify;\">\u00a0<\/h4>\n<h4 style=\"text-align: justify;\">Nemilosrdna borba duga 40 godina<\/h4>\n<p style=\"text-align: justify;\">Iako se veliki broj Vukovih savremenika nije slagao sa njegovim idejama i radom, on nije odustajao. Prevelika volja, energi\u010dnost, \u017eelja za znanjem i borbenost koji su u njemu svakodnevno rasli, u\u010dinili su da Vukova borba traje gotovo 40 godina sa manjim prekidima. <strong>Najve\u0107u podr\u0161ku, pomo\u0107 i podsticaj\u00a0 za rad pru\u017eao mu je Jernej Kopitar<\/strong>, zahvaljuju\u0107i kome je Vuk zapo\u010deo borbu, tvrdoglavo je nastavljao i na kraju uspeo da trijumfuje.<\/p>\n<p style=\"text-align: justify;\">Tokom \u017eivota, koji za oca savremenog\u00a0 srpskog jezika nije bio nimalo lak, <strong>neprestano je radio na sakupljanju narodnih pesama, dopunjvanju svojih prethodnih radova i borbi da se srpski jezik i pravopis reformi\u0161u<\/strong>. Saveznike i po\u0161tovaoce svog rada, Vuk je pre svega na\u0161ao u inostranstvu. <strong>Gete<\/strong>, <strong>Humbolt<\/strong>, <strong>Volf<\/strong> i <strong>bra\u0107a Grim<\/strong>, <strong>bili su veliki prijatelji Vuka Karad\u017ei\u0107a<\/strong>.<\/p>\n<figure id=\"attachment_28979\" aria-describedby=\"caption-attachment-28979\" style=\"width: 500px\" class=\"wp-caption aligncenter\"><img loading=\"lazy\" decoding=\"async\" class=\"wp-image-28979 size-full\" src=\"http:\/\/www.serbia.com\/wp-content\/uploads\/2014\/07\/azbuka1-serbia.jpg\" alt=\"azbuka1 serbia\" width=\"500\" height=\"326\" srcset=\"https:\/\/serbia.com\/wp-content\/uploads\/2014\/07\/azbuka1-serbia.jpg 500w, https:\/\/serbia.com\/wp-content\/uploads\/2014\/07\/azbuka1-serbia-300x195.jpg 300w\" sizes=\"(max-width: 500px) 100vw, 500px\" \/><figcaption id=\"caption-attachment-28979\" class=\"wp-caption-text\">Azbuka<\/figcaption><\/figure>\n<p style=\"text-align: justify;\">Usponi i padovi \u010doveka koji je ceo svoj \u017eivot posvetio radu na srpskom jeziku, pravopisu i pisanju, re\u0111ali su se zajedno sa priznanjima i kritikama kojih je iz godine u godinu bilo sve vi\u0161e. \u201c<strong>\u017ditije hajduk-Veljka Petrovi\u0107a<\/strong>\u201d, \u201c<strong>Srpska revolucija<\/strong>\u201d, &#8220;<strong>Srpske narodne poslovice<\/strong>\u201d, \u201c<strong>Crna Gora i Crnogorci<\/strong>\u201d <strong>Vukova su dela koje je pisao i objavljivao u periodu kada su mu bolest, siroma\u0161tvo i udaljenost od domovine najte\u017ee padali<\/strong>. A onda je do\u0161la ta \u010duvena <strong>1847. godina<\/strong>\u2026<\/p>\n<h4 style=\"text-align: justify;\">\u00a0<\/h4>\n<h4 style=\"text-align: justify;\">Godina Vukove pobede<\/h4>\n<p style=\"text-align: justify;\"><strong>U mladim intelektualcima dru\u0161tvene scene Srbije 19.veka, Vuk je dobio pristalice i saveznike<\/strong>. Saveznike koji \u00a0su stali na stranu reforma, promena i uvo\u0111enja narodnog jezika u srpsku knji\u017eevnost. Krajem \u010detrdesetih godina dugo o\u010dekivani napredak na poljima jezika, pravopisa i knji\u017eevnosti je kona\u010dno po\u010deo da dobija svoje obrise, a <strong>1847. godine, koja se uzima kao godina Vukovog trijumfa, objavljena su \u010detiri zna\u010dajna dela kojima je Vukova reforma odnela pobedu<\/strong>.<\/p>\n<p style=\"text-align: justify;\">Vukov prevod\u00a0\u201c<em><strong>Novog zavjeta<\/strong>\u201d<\/em> , \u201c<strong><em>Pesme<\/em><\/strong><em>\u201d<\/em> Branka Radi\u010devi\u0107a, \u201c<em><strong>Gorski vijenac<\/strong>\u201d<\/em> Petra II Petrovi\u0107a Njego\u0161a, \u201c<em><strong>Rat za srpski jezik i pravopis<\/strong>\u201d<\/em> \u0110ure Dani\u010di\u0107a, <strong>napisana su narodnim jezikom i izuzev \u201c<em>Gorskog vijenca<\/em> \u201c \u0161tampana su Vukovim pravopisom<\/strong>. Ova dela su bila <strong>dokaz da se na prostom narodnom jeziku mogu pisati poezija, filozofija pa i sama Biblija<\/strong>, \u010diji prevod ne zaostaje ni za jednim prevodom na drugi jezik.<\/p>\n<p style=\"text-align: justify;\"><strong>Ova ogromna i zna\u010dajna prekretnica kojom je Vukova vi\u0161egodi\u0161nja borba dobila epilog, imala je ogroman uticaj na dalji pravac i razvoj srpskog jezika i pravopisa<\/strong>. Narodne umotvorine, pesme i knjige na narodnom jeziku kojima se odu\u0161evljavala \u010ditava Evropa na \u010delu sa najuticajnijim umovima tog vremena, kona\u010dno su dobila svoje mesto i priznanje i u Vukovoj domovini. Iako je njegova reforma 1847. godine kona\u010dno postala realnost, pro\u0107i\u0107e vi\u0161e od dve decenije da se u Srbiji i zvani\u010dno prihvati Vukov pravopis.<\/p>\n<blockquote>\n<p><em><a title=\"Tragovima Vukovog sabora\" href=\"http:\/\/www.serbia.com\/srpski\/tragovima-vukovog-sabora\/\">Vukov sabor<\/a>, najstarija kulturna manifestacija u Srbiji<\/em><\/p>\n<p><em>Na dan kada je osve\u0161tana Vukova spomen ku\u0107a 19.9.1933., otvorena je manifestacija koja se do dana\u0161njeg dana sa samo dva prekida za vreme Drugog svetskog rada\u00a0odr\u017eava. Iako su se sadr\u017eaji kulturno-umetni\u010dkog programa usled razli\u010ditih drutvenih okolnosti menjali, koncepcija je ostala obojena kulturnim sadr\u017eajima koje su uprili\u010davali knji\u017eevnici, glumci, operski peva\u010di, nau\u010dnici&#8230;\u00a0Povodom obele\u017eavanja 100. godi\u0161njice Vukove smrti 1964. sabor poprima republi\u010dki zna\u010daj i po\u010dinje da okuplja ve\u0107i broj posetilaca, a sadr\u017eaj postaje oboga\u0107en izvo\u0111enjem pozori\u0161nih predstava, opera i baleta.<\/em><\/p>\n<\/blockquote>\n<h4 style=\"text-align: justify;\">\u00a0<\/h4>\n<h4 style=\"text-align: justify;\">Priznanja, odlikovanja i smrt najve\u0107eg srpskog knji\u017eevnog reformatora<\/h4>\n<p style=\"text-align: justify;\">Za dug i plodan rad Vuk Stefanovi\u0107 Karad\u017ei\u0107 <strong>odlikovan je mnogobrojnim priznanjima<\/strong>. Bio je <strong>\u010dlan Carske akademije nauka u Be\u010du, Berlinu i Petrovgradu<\/strong>, austrijski car odlikovao ga je <strong>Vite\u0161kim krstom Franje Josifa<\/strong>, pruski car Ordenom \u201c<strong>Crvenog orla<\/strong>\u201d, a pred kraj \u017eivota postao je i <strong>po\u010dasni gra\u0111anin Zagreba<\/strong>.<\/p>\n<p style=\"text-align: justify;\"><strong>U\u010desnik Prvog srpskog ustanka<\/strong> koji je pored nesuglasica sa <strong>knezom Milo\u0161em Obrenovi\u0107em<\/strong> i <strong>srpskim crkvenim predstavnicima<\/strong>, vodio i <strong>dugogodi\u0161nje polemike sa srpskom nau\u010dnom elitom<\/strong>, bore\u0107i se sve vreme za reformu jezika i pravopisa, <strong>uspokojio se 7. februara 1864. godine u Be\u010du<\/strong>.<\/p>\n<p style=\"text-align: justify;\"><img loading=\"lazy\" decoding=\"async\" class=\"alignleft size-medium wp-image-28976\" src=\"http:\/\/www.serbia.com\/wp-content\/uploads\/2014\/07\/Vuk_Karad\u017ei\u0107_u_Kladovu-1-serbia-224x300.jpg\" alt=\"Vuk_Karad\u017ei\u0107_u_Kladovu (1) serbia\" width=\"224\" height=\"300\" srcset=\"https:\/\/serbia.com\/wp-content\/uploads\/2014\/07\/Vuk_Karad\u017ei\u0107_u_Kladovu-1-serbia-224x300.jpg 224w, https:\/\/serbia.com\/wp-content\/uploads\/2014\/07\/Vuk_Karad\u017ei\u0107_u_Kladovu-1-serbia.jpg 500w\" sizes=\"(max-width: 224px) 100vw, 224px\" \/>Po \u010doveku koji je srpskoj dr\u017eavi i narodu u nasle\u0111e ostavio jezik, pravopis, brojna dela, na hiljade narodnih umotvorina i pesama, zna\u010dajnih etnografskih zapisa, kao i ose\u0107anje ponosa za sve \u0161to je u\u010dinio bore\u0107i se za sopstvenu dr\u017eavu i jezik, nazvane su mnoge \u0161kole, napisane su mnoge knjige a postoji \u010dak i televizijska serija koja prati njegov \u017eivot. <strong>On je Vuk Stefanovi\u0107 Karad\u017ei\u0107, otac savremenog srpskog jezika koji je svojim doprinosom dr\u017eavi, narodu i jeziku ostao besmrtan<\/strong>.<\/p>\n<p style=\"text-align: justify;\"><strong><em>TV serija Vuk Karad\u017ei\u0107<\/em><\/strong><\/p>\n<p style=\"text-align: justify;\">Vuk Karad\u017ei\u0107 je <strong>poznata jugoslovenska biografska televizijska serija koja prati \u017eivot i rad Vuka<\/strong>, kao i srpsku nacionalnu i kulturnu revoluciju tokom 19. veka. Snimljena je povodom obele\u017eavanja 200. godi\u0161njice od Vukovog ro\u0111enja na lokacijama \u0161irom Jugoslavije i Austrije. Poznati srpski glumci poput <strong>Predraga Manojlovi\u0107a<\/strong>, <strong>Petra Kralja<\/strong>, <strong>Aleksandra Ber\u010deka<\/strong>, <strong>Danila Lazovi\u0107a<\/strong> i mnogih drugih igrali su bitne i drage ljude iz \u017eivota Vuka Karad\u017ei\u0107a.<\/p>","protected":false},"excerpt":{"rendered":"<p>Reforma i pisanje prvog re\u010dnika srpskog jezika, sakupljanje narodnih umotvorina, sukobi sa najuglednijim srpskim li\u010dnostima i drugovanje sa evropskom elitom, porodi\u010dna tragedija i uvo\u0111enje fonetskog pravopisa u srpski jezik, \u017eivot [&hellip;]<\/p>\n","protected":false},"author":27,"featured_media":34667,"parent":34674,"menu_order":0,"comment_status":"closed","ping_status":"closed","template":"","meta":{"_acf_changed":false,"inline_featured_image":false,"_monsterinsights_skip_tracking":false,"_monsterinsights_sitenote_active":false,"_monsterinsights_sitenote_note":"","_monsterinsights_sitenote_category":0,"footnotes":""},"categories":[979],"tags":[],"class_list":["post-34722","page","type-page","status-publish","has-post-thumbnail","hentry","category-knjizevnost-kultura-otkrijte-srbiju"],"acf":[],"yoast_head":"<!-- This site is optimized with the Yoast SEO plugin v23.8 - https:\/\/yoast.com\/wordpress\/plugins\/seo\/ -->\n<title>Vuk Karad\u017ei\u0107: Ko je bio i za\u0161to je va\u017ean<\/title>\n<meta name=\"description\" content=\"Saznajte ko je bio Vuk Karad\u017ei\u0107 - reformator srpskog jezika i jedna od najva\u017enijih li\u010dnosti u srpskoj istoriji.\" \/>\n<meta name=\"robots\" content=\"index, follow, max-snippet:-1, max-image-preview:large, max-video-preview:-1\" \/>\n<link rel=\"canonical\" href=\"https:\/\/serbia.com\/srpski\/o-srbiji\/kultura\/knjizevnost\/srpski-pisci\/vuk-karadzic\/\" \/>\n<meta property=\"og:locale\" content=\"en_US\" \/>\n<meta property=\"og:type\" content=\"article\" \/>\n<meta property=\"og:title\" content=\"Vuk Karad\u017ei\u0107: Ko je bio i za\u0161to je va\u017ean\" \/>\n<meta property=\"og:description\" content=\"Saznajte ko je bio Vuk Karad\u017ei\u0107 - reformator srpskog jezika i jedna od najva\u017enijih li\u010dnosti u srpskoj istoriji.\" \/>\n<meta property=\"og:url\" content=\"https:\/\/serbia.com\/srpski\/o-srbiji\/kultura\/knjizevnost\/srpski-pisci\/vuk-karadzic\/\" \/>\n<meta property=\"og:site_name\" content=\"Serbia.com\" \/>\n<meta property=\"article:modified_time\" content=\"2026-03-19T13:42:05+00:00\" \/>\n<meta property=\"og:image\" content=\"https:\/\/serbia.com\/wp-content\/uploads\/2015\/07\/vuk_karadzic_kriehuber_cropped222.jpg\" \/>\n\t<meta property=\"og:image:width\" content=\"1200\" \/>\n\t<meta property=\"og:image:height\" content=\"640\" \/>\n\t<meta property=\"og:image:type\" content=\"image\/jpeg\" \/>\n<meta name=\"twitter:label1\" content=\"Est. reading time\" \/>\n\t<meta name=\"twitter:data1\" content=\"6 minutes\" \/>\n<script type=\"application\/ld+json\" class=\"yoast-schema-graph\">{\"@context\":\"https:\/\/schema.org\",\"@graph\":[{\"@type\":\"WebPage\",\"@id\":\"https:\/\/serbia.com\/srpski\/o-srbiji\/kultura\/knjizevnost\/srpski-pisci\/vuk-karadzic\/\",\"url\":\"https:\/\/serbia.com\/srpski\/o-srbiji\/kultura\/knjizevnost\/srpski-pisci\/vuk-karadzic\/\",\"name\":\"Vuk Karad\u017ei\u0107: Ko je bio i za\u0161to je va\u017ean\",\"isPartOf\":{\"@id\":\"https:\/\/serbia.com\/#website\"},\"primaryImageOfPage\":{\"@id\":\"https:\/\/serbia.com\/srpski\/o-srbiji\/kultura\/knjizevnost\/srpski-pisci\/vuk-karadzic\/#primaryimage\"},\"image\":{\"@id\":\"https:\/\/serbia.com\/srpski\/o-srbiji\/kultura\/knjizevnost\/srpski-pisci\/vuk-karadzic\/#primaryimage\"},\"thumbnailUrl\":\"https:\/\/serbia.com\/wp-content\/uploads\/2015\/07\/vuk_karadzic_kriehuber_cropped222.jpg\",\"datePublished\":\"2015-07-06T13:43:04+00:00\",\"dateModified\":\"2026-03-19T13:42:05+00:00\",\"description\":\"Saznajte ko je bio Vuk Karad\u017ei\u0107 - reformator srpskog jezika i jedna od najva\u017enijih li\u010dnosti u srpskoj istoriji.\",\"breadcrumb\":{\"@id\":\"https:\/\/serbia.com\/srpski\/o-srbiji\/kultura\/knjizevnost\/srpski-pisci\/vuk-karadzic\/#breadcrumb\"},\"inLanguage\":\"srpski\",\"potentialAction\":[{\"@type\":\"ReadAction\",\"target\":[\"https:\/\/serbia.com\/srpski\/o-srbiji\/kultura\/knjizevnost\/srpski-pisci\/vuk-karadzic\/\"]}]},{\"@type\":\"ImageObject\",\"inLanguage\":\"srpski\",\"@id\":\"https:\/\/serbia.com\/srpski\/o-srbiji\/kultura\/knjizevnost\/srpski-pisci\/vuk-karadzic\/#primaryimage\",\"url\":\"https:\/\/serbia.com\/wp-content\/uploads\/2015\/07\/vuk_karadzic_kriehuber_cropped222.jpg\",\"contentUrl\":\"https:\/\/serbia.com\/wp-content\/uploads\/2015\/07\/vuk_karadzic_kriehuber_cropped222.jpg\",\"width\":1200,\"height\":640},{\"@type\":\"BreadcrumbList\",\"@id\":\"https:\/\/serbia.com\/srpski\/o-srbiji\/kultura\/knjizevnost\/srpski-pisci\/vuk-karadzic\/#breadcrumb\",\"itemListElement\":[{\"@type\":\"ListItem\",\"position\":1,\"name\":\"Home\",\"item\":\"https:\/\/serbia.com\/srpski\/\"},{\"@type\":\"ListItem\",\"position\":2,\"name\":\"O Srbiji\",\"item\":\"https:\/\/serbia.com\/srpski\/o-srbiji\/\"},{\"@type\":\"ListItem\",\"position\":3,\"name\":\"Kultura\",\"item\":\"https:\/\/serbia.com\/srpski\/o-srbiji\/kultura\/\"},{\"@type\":\"ListItem\",\"position\":4,\"name\":\"Knji\u017eevnost\",\"item\":\"https:\/\/serbia.com\/srpski\/o-srbiji\/kultura\/knjizevnost\/\"},{\"@type\":\"ListItem\",\"position\":5,\"name\":\"Srpski pisci\",\"item\":\"https:\/\/serbia.com\/srpski\/o-srbiji\/kultura\/knjizevnost\/srpski-pisci\/\"},{\"@type\":\"ListItem\",\"position\":6,\"name\":\"Ko je bio Vuk Karad\u017ei\u0107 i za\u0161to je va\u017ean\"}]},{\"@type\":\"WebSite\",\"@id\":\"https:\/\/serbia.com\/#website\",\"url\":\"https:\/\/serbia.com\/\",\"name\":\"Serbia.com\",\"description\":\"Your Gateway to Serbia\",\"potentialAction\":[{\"@type\":\"SearchAction\",\"target\":{\"@type\":\"EntryPoint\",\"urlTemplate\":\"https:\/\/serbia.com\/?s={search_term_string}\"},\"query-input\":{\"@type\":\"PropertyValueSpecification\",\"valueRequired\":true,\"valueName\":\"search_term_string\"}}],\"inLanguage\":\"srpski\"}]}<\/script>\n<!-- \/ Yoast SEO plugin. -->","yoast_head_json":{"title":"Vuk Karad\u017ei\u0107: Ko je bio i za\u0161to je va\u017ean","description":"Saznajte ko je bio Vuk Karad\u017ei\u0107 - reformator srpskog jezika i jedna od najva\u017enijih li\u010dnosti u srpskoj istoriji.","robots":{"index":"index","follow":"follow","max-snippet":"max-snippet:-1","max-image-preview":"max-image-preview:large","max-video-preview":"max-video-preview:-1"},"canonical":"https:\/\/serbia.com\/srpski\/o-srbiji\/kultura\/knjizevnost\/srpski-pisci\/vuk-karadzic\/","og_locale":"en_US","og_type":"article","og_title":"Vuk Karad\u017ei\u0107: Ko je bio i za\u0161to je va\u017ean","og_description":"Saznajte ko je bio Vuk Karad\u017ei\u0107 - reformator srpskog jezika i jedna od najva\u017enijih li\u010dnosti u srpskoj istoriji.","og_url":"https:\/\/serbia.com\/srpski\/o-srbiji\/kultura\/knjizevnost\/srpski-pisci\/vuk-karadzic\/","og_site_name":"Serbia.com","article_modified_time":"2026-03-19T13:42:05+00:00","og_image":[{"width":1200,"height":640,"url":"https:\/\/serbia.com\/wp-content\/uploads\/2015\/07\/vuk_karadzic_kriehuber_cropped222.jpg","type":"image\/jpeg"}],"twitter_misc":{"Est. reading time":"6 minutes"},"schema":{"@context":"https:\/\/schema.org","@graph":[{"@type":"WebPage","@id":"https:\/\/serbia.com\/srpski\/o-srbiji\/kultura\/knjizevnost\/srpski-pisci\/vuk-karadzic\/","url":"https:\/\/serbia.com\/srpski\/o-srbiji\/kultura\/knjizevnost\/srpski-pisci\/vuk-karadzic\/","name":"Vuk Karad\u017ei\u0107: Ko je bio i za\u0161to je va\u017ean","isPartOf":{"@id":"https:\/\/serbia.com\/#website"},"primaryImageOfPage":{"@id":"https:\/\/serbia.com\/srpski\/o-srbiji\/kultura\/knjizevnost\/srpski-pisci\/vuk-karadzic\/#primaryimage"},"image":{"@id":"https:\/\/serbia.com\/srpski\/o-srbiji\/kultura\/knjizevnost\/srpski-pisci\/vuk-karadzic\/#primaryimage"},"thumbnailUrl":"https:\/\/serbia.com\/wp-content\/uploads\/2015\/07\/vuk_karadzic_kriehuber_cropped222.jpg","datePublished":"2015-07-06T13:43:04+00:00","dateModified":"2026-03-19T13:42:05+00:00","description":"Saznajte ko je bio Vuk Karad\u017ei\u0107 - reformator srpskog jezika i jedna od najva\u017enijih li\u010dnosti u srpskoj istoriji.","breadcrumb":{"@id":"https:\/\/serbia.com\/srpski\/o-srbiji\/kultura\/knjizevnost\/srpski-pisci\/vuk-karadzic\/#breadcrumb"},"inLanguage":"srpski","potentialAction":[{"@type":"ReadAction","target":["https:\/\/serbia.com\/srpski\/o-srbiji\/kultura\/knjizevnost\/srpski-pisci\/vuk-karadzic\/"]}]},{"@type":"ImageObject","inLanguage":"srpski","@id":"https:\/\/serbia.com\/srpski\/o-srbiji\/kultura\/knjizevnost\/srpski-pisci\/vuk-karadzic\/#primaryimage","url":"https:\/\/serbia.com\/wp-content\/uploads\/2015\/07\/vuk_karadzic_kriehuber_cropped222.jpg","contentUrl":"https:\/\/serbia.com\/wp-content\/uploads\/2015\/07\/vuk_karadzic_kriehuber_cropped222.jpg","width":1200,"height":640},{"@type":"BreadcrumbList","@id":"https:\/\/serbia.com\/srpski\/o-srbiji\/kultura\/knjizevnost\/srpski-pisci\/vuk-karadzic\/#breadcrumb","itemListElement":[{"@type":"ListItem","position":1,"name":"Home","item":"https:\/\/serbia.com\/srpski\/"},{"@type":"ListItem","position":2,"name":"O Srbiji","item":"https:\/\/serbia.com\/srpski\/o-srbiji\/"},{"@type":"ListItem","position":3,"name":"Kultura","item":"https:\/\/serbia.com\/srpski\/o-srbiji\/kultura\/"},{"@type":"ListItem","position":4,"name":"Knji\u017eevnost","item":"https:\/\/serbia.com\/srpski\/o-srbiji\/kultura\/knjizevnost\/"},{"@type":"ListItem","position":5,"name":"Srpski pisci","item":"https:\/\/serbia.com\/srpski\/o-srbiji\/kultura\/knjizevnost\/srpski-pisci\/"},{"@type":"ListItem","position":6,"name":"Ko je bio Vuk Karad\u017ei\u0107 i za\u0161to je va\u017ean"}]},{"@type":"WebSite","@id":"https:\/\/serbia.com\/#website","url":"https:\/\/serbia.com\/","name":"Serbia.com","description":"Your Gateway to Serbia","potentialAction":[{"@type":"SearchAction","target":{"@type":"EntryPoint","urlTemplate":"https:\/\/serbia.com\/?s={search_term_string}"},"query-input":{"@type":"PropertyValueSpecification","valueRequired":true,"valueName":"search_term_string"}}],"inLanguage":"srpski"}]}},"_links":{"self":[{"href":"https:\/\/serbia.com\/srpski\/wp-json\/wp\/v2\/pages\/34722"}],"collection":[{"href":"https:\/\/serbia.com\/srpski\/wp-json\/wp\/v2\/pages"}],"about":[{"href":"https:\/\/serbia.com\/srpski\/wp-json\/wp\/v2\/types\/page"}],"author":[{"embeddable":true,"href":"https:\/\/serbia.com\/srpski\/wp-json\/wp\/v2\/users\/27"}],"replies":[{"embeddable":true,"href":"https:\/\/serbia.com\/srpski\/wp-json\/wp\/v2\/comments?post=34722"}],"version-history":[{"count":1,"href":"https:\/\/serbia.com\/srpski\/wp-json\/wp\/v2\/pages\/34722\/revisions"}],"predecessor-version":[{"id":65936,"href":"https:\/\/serbia.com\/srpski\/wp-json\/wp\/v2\/pages\/34722\/revisions\/65936"}],"up":[{"embeddable":true,"href":"https:\/\/serbia.com\/srpski\/wp-json\/wp\/v2\/pages\/34674"}],"wp:featuredmedia":[{"embeddable":true,"href":"https:\/\/serbia.com\/srpski\/wp-json\/wp\/v2\/media\/34667"}],"wp:attachment":[{"href":"https:\/\/serbia.com\/srpski\/wp-json\/wp\/v2\/media?parent=34722"}],"wp:term":[{"taxonomy":"category","embeddable":true,"href":"https:\/\/serbia.com\/srpski\/wp-json\/wp\/v2\/categories?post=34722"},{"taxonomy":"post_tag","embeddable":true,"href":"https:\/\/serbia.com\/srpski\/wp-json\/wp\/v2\/tags?post=34722"}],"curies":[{"name":"wp","href":"https:\/\/api.w.org\/{rel}","templated":true}]}}