{"id":34715,"date":"2015-07-06T15:19:59","date_gmt":"2015-07-06T13:19:59","guid":{"rendered":"http:\/\/www.serbia.com\/?page_id=34715"},"modified":"2015-07-06T15:19:59","modified_gmt":"2015-07-06T13:19:59","slug":"desanka-maksimovic","status":"publish","type":"page","link":"https:\/\/serbia.com\/srpski\/o-srbiji\/kultura\/knjizevnost\/srpski-pisci\/desanka-maksimovic\/","title":{"rendered":"Desanka Maksimovi\u0107"},"content":{"rendered":"<h4>Pesmama koje miluju du\u0161u, rasplamsavaju emocije, bude zaboravljene nade, podse\u0107aju na otad\u017ebinu i podsti\u010du na borbu, Desanka Maksimovi\u0107 je ostavljala povesti o svom, i \u017eivotu svog naroda. Neobi\u010dnom jednostavno\u0161\u0107u, razumljivo\u0161\u0107u i iskreno\u0161\u0107u, pesnikinja je pomerala granice, ru\u0161ila predrasude i omek\u0161avala srca onih koje su njena dela \u010ditali, i tako se zlatnim slovima upisala u anale srpske knji\u017eevnosti.<\/h4>\n<p><strong>Najplodnija, i po mi\u0161ljenju mnogih najautenti\u010dnija srpska pesnikinja, svoje prve pesme objavila je davne 1920. godine<\/strong>. Tada po\u010dinje magija neprestanog pisanja i stvaranja, koja je trajala vi\u0161e od pola veka. \u201e<em>Kada su se stvarale ove pesme, izvirali su stihovi kao voda; kao da sam neku \u010desmu otvorila. I sama sam se \u010dudila kako su tekli glatko i neprestano<\/em>\u201c rekla je jednom prilikom Desanka.<\/p>\n<blockquote><p><em>Desanka Maksimovi\u0107 (1898-1993) ro\u0111ena je u selu <strong>Rabrovica<\/strong>, kod <a title=\"Valjevo, grad sa dve \u010dar\u0161ije\" href=\"http:\/\/www.serbia.com\/srpski\/valjevo-grad-sa-dve-carsije\/\">Valjeva<\/a>. Bila je pesnikinja, profesorka knji\u017eevnosti i \u010dlanica Srpske akademije nauka i umetnosti. Zavr\u0161ila je gimnaziju u Valjevu, nakon \u010dega nastavlja da se \u0161koluje na Filozofskom fakultetu u <a title=\"Beograd\" href=\"http:\/\/www.serbia.com\/srpski\/posetite-srbiju\/sta-videti\/gradovi\/beograd\/\">Beogradu<\/a> na smeru za svetsku knji\u017eevnost, op\u0161tu istoriju i istoriju umetnosti. Objavila je oko pesedest knjiga poezije, pesama i proze ze decu i omladinu, pripoveda\u010dke, romansijerske i putopisne proze.<\/em><\/p><\/blockquote>\n<p><img loading=\"lazy\" decoding=\"async\" class=\"alignleft size-medium wp-image-29429\" src=\"http:\/\/www.serbia.com\/wp-content\/uploads\/2015\/02\/desankaportret-serbia-211x300.jpg\" alt=\"desankaportret serbia\" width=\"211\" height=\"300\" srcset=\"https:\/\/serbia.com\/wp-content\/uploads\/2015\/02\/desankaportret-serbia-211x300.jpg 211w, https:\/\/serbia.com\/wp-content\/uploads\/2015\/02\/desankaportret-serbia.jpg 600w\" sizes=\"(max-width: 211px) 100vw, 211px\" \/>Najdublje emocije pokretale su pesnikinju da iz srca pi\u0161e. <strong>Nekada su iz nje izlazile sre\u0107ne, poletne i optimisti\u010dne misli, a nekada su to bili stihovi puni tuge, straha i \u017eala<\/strong>. Sposobnost da na opipljiv i \u017eivotni na\u010din re\u010dima opi\u0161e ono \u0161to je ose\u0107ala, Desanku je \u010dinila velikom pesnikinjom u \u010dijim stihovima su mogli da u\u017eivaju naju\u010deniji ljudi, ali i oni koji to nisu bili.<\/p>\n<p>Ose\u0107anja su se tako poput melodija prenosila na hartiju. <strong>Inspirisana pri\u010dama o ljubavi, narodu, stradanjima i ljudskim osobinama, pesnikinja ih je pretvarala u dirljive stihove kojima je pokretala \u010ditaoce na razmi\u0161ljanje<\/strong>. Tako su nastale neke od najlep\u0161ih pesama o deci, nesre\u0107nim ljubavima ali i otad\u017ebini, zavi\u010daju i velikim gubicima koje je njen narod pretrpeo.<\/p>\n<p>\u201e<strong>Slovo ljubavi<\/strong>\u201c, \u201e<strong>Opomena<\/strong>\u201c, \u201e<strong>Prole\u0107na pesma<\/strong>\u201c, \u201e<strong>Strepnja<\/strong>\u201c i \u201e<strong>Po rastanku<\/strong>\u201c samo su neke od pesama \u010diji stihovi govore o najdubljim emocijama opisuju\u0107i sve lepote, strahove, nedoumice i tugu koju nam ljubav donosi. Poniru\u0107i duboko u sr\u017e ovog najuzvi\u0161enijeg ose\u0107anja, pesnikinja je upoznala \u017eensko srce i o njemu napisala mnogobrojne pesme kojima je opevala sre\u0107ne, nesre\u0107ne, ostvarene i neostvarene ljubavi.<\/p>\n<p><strong>Iako je naj\u010de\u0161\u0107i motiv u poeziji Desanke Maksimovi\u0107 bio ljubav, mnogobrojne stihove posvetila je zavi\u010daju, otad\u017ebini, rodoljublju i socijalnim motivima<\/strong>. Pesme \u201e<strong>Otad\u017ebino, tu sam<\/strong>\u201c i \u201e<strong>Pesnik i zavi\u010daj<\/strong>\u201c, pro\u017eete su sna\u017enim emocijama. Zavi\u010daju se obra\u0107ala kao \u010doveku, prijateljski, opisuju\u0107i sa puno istinske ljubavi predele, zvuke i slike koje su je okru\u017eivale u detinjstvu.<\/p>\n<p>Sa istim \u017earom pisala je i o svom narodu, o njegovom juna\u0161tvu, podvizima, stradanjima i nepokornom duhu. Tako je nastala jedna od mo\u017eda najtu\u017enijih i najdirljivijih Desankinih pesama \u2013 \u201e<strong>Krvava bajka<\/strong>\u201c. U njoj pesnikinja opisuje<strong> stradanje \u010dete \u0111ake u jednom danu 1941. godine u <a title=\"Kragujevac, zavi\u010daj moderne Srbije\" href=\"http:\/\/www.serbia.com\/srpski\/kragujevac-zavicaj-moderne-srbije\/\">Kragujevcu<\/a><\/strong>. Tu\u017enim stihovima opevala je potresnu sudbinu koja je zadesila nevinu decu u Srbiji u Drugom svetskom ratu.<\/p>\n<blockquote><p><em>Desanka Maksimovi\u0107 je dobitnica mnogobrojnih nagrada i priznanja. Neke od najzna\u010dajnijih knji\u017eevnih nagrada su: Vukova, Njego\u0161eva, Zmajeva, Sedmojulska i nagrada AVNOJ-a. 1988. godine odlikovana je nagradom \u201eZlatni venac\u201c za celokupan \u017eivotni rad, a 1990. godine u Valjevu \u010diji je i po\u010dasni gra\u0111anin, podignut joj je spomenik. Vlada Srbije je 1993. godine donela odluku da se njeno ime i delo trajno obele\u017ee osnivanjem Zadu\u017ebine Desanke Maksimovi\u0107.<\/em><\/p><\/blockquote>\n<p><img loading=\"lazy\" decoding=\"async\" class=\"alignleft wp-image-29433 size-medium\" src=\"http:\/\/www.serbia.com\/wp-content\/uploads\/2015\/02\/1Desanka_Maksimovi\u0107_prvi_dobitnik_Zlatnog_krsta_kneza_Lazara-209x300.jpg\" alt=\"1Desanka_Maksimovi\u0107_prvi_dobitnik_Zlatnog_krsta_kneza_Lazara\" width=\"209\" height=\"300\" srcset=\"https:\/\/serbia.com\/wp-content\/uploads\/2015\/02\/1Desanka_Maksimovi\u0107_prvi_dobitnik_Zlatnog_krsta_kneza_Lazara-209x300.jpg 209w, https:\/\/serbia.com\/wp-content\/uploads\/2015\/02\/1Desanka_Maksimovi\u0107_prvi_dobitnik_Zlatnog_krsta_kneza_Lazara.jpg 600w\" sizes=\"(max-width: 209px) 100vw, 209px\" \/>Posle rata i nemilih doga\u0111aja koji su zadesili Srbiju, Desanka je nastavila da pi\u0161e. Njeni stihovi su i dalje bili ispunjeni ljubavlju, ali i dozom ozbiljnosti i smirenosti. \u0160ezdesetih godina pro\u0161log veka objavljuje zbirku pesama<strong> \u201eTra\u017eim pomilovanje\u201c, <\/strong>koja predstavlja<strong> vid lirske diskusije sa Du\u0161anovim zakonikom, <\/strong>ali istovremeno predo\u010dava njene stavove o ljudima i pro\u0161losti srpskog naroda.<\/p>\n<p>Teme vezane za \u017eivot i smrt, provla\u010de se kroz sva Desankina dela. Pesnikinja ih do\u017eivljava kao prirodni sled \u2013 \u201e<em>Zemlja jesmo\/ostalo su sve prividi<\/em>\u201c. Bez imalo dramati\u010dnosti i tragi\u010dnosti opisuje \u017eivotni krug, kroz koji je racionalno i mirno i\u0161la. Sa takvim mislima, i jo\u0161 vrednijim delima, <strong>Desanka Maksimovi\u0107 je preminula 11. februara 1993. godine<\/strong>.<\/p>\n<p>\u201e<strong>Zovina svirala<\/strong>\u201c <strong>je poslednje delo koje je objavljeno 1992. godine, <\/strong>ali iza ove pesnikinje velikog i plemenitog srca, koja je ceo svoj \u017eivot posvetila pisanju ostalo je mnogo toga. Na stotine pesama, pripovetki, poema i pri\u010da zauvek \u0107e nas podse\u0107ati na \u017eenu koja se nije stidela svojih mana i strahova, koja je srcem ispisivala prazne stranice i ostavljala nam tu\u017ene, sre\u0107ne, ljubavne, rodoljubive i dostojanstvene stihove, kao povesti o svemu \u0161to \u017eivot jeste.[ultimate_spacer height=&#8221;30&#8243;][dt_fancy_title title=&#8221;Povezani \u010dlanci&#8221; title_align=&#8221;left&#8221; title_size=&#8221;normal&#8221; title_color=&#8221;accent&#8221; el_width=&#8221;100&#8243; title_bg=&#8221;disabled&#8221; separator_color=&#8221;default&#8221;][ultimate_spacer height=&#8221;30&#8243; height_on_tabs=&#8221;&#8221; height_on_tabs_portrait=&#8221;&#8221; height_on_mob_landscape=&#8221;&#8221; height_on_mob=&#8221;&#8221;]<\/p>\n","protected":false},"excerpt":{"rendered":"<p>Pesmama koje miluju du\u0161u, rasplamsavaju emocije, bude zaboravljene nade, podse\u0107aju na otad\u017ebinu i podsti\u010du na borbu, Desanka Maksimovi\u0107 je ostavljala povesti o svom, i \u017eivotu svog naroda. Neobi\u010dnom jednostavno\u0161\u0107u, razumljivo\u0161\u0107u [&hellip;]<\/p>\n","protected":false},"author":27,"featured_media":34713,"parent":34674,"menu_order":0,"comment_status":"closed","ping_status":"closed","template":"","meta":{"_acf_changed":false,"inline_featured_image":false,"_monsterinsights_skip_tracking":false,"_monsterinsights_sitenote_active":false,"_monsterinsights_sitenote_note":"","_monsterinsights_sitenote_category":0,"footnotes":""},"categories":[979],"tags":[],"class_list":["post-34715","page","type-page","status-publish","has-post-thumbnail","hentry","category-knjizevnost-kultura-otkrijte-srbiju"],"acf":[],"yoast_head":"<!-- This site is optimized with the Yoast SEO plugin v23.8 - https:\/\/yoast.com\/wordpress\/plugins\/seo\/ -->\n<title>Desanka Maksimovi\u0107 - Serbia.com<\/title>\n<meta name=\"robots\" content=\"index, follow, max-snippet:-1, max-image-preview:large, max-video-preview:-1\" \/>\n<link rel=\"canonical\" href=\"https:\/\/serbia.com\/srpski\/o-srbiji\/kultura\/knjizevnost\/srpski-pisci\/desanka-maksimovic\/\" \/>\n<meta property=\"og:locale\" content=\"en_US\" \/>\n<meta property=\"og:type\" content=\"article\" \/>\n<meta property=\"og:title\" content=\"Desanka Maksimovi\u0107 - Serbia.com\" \/>\n<meta property=\"og:description\" content=\"Pesmama koje miluju du\u0161u, rasplamsavaju emocije, bude zaboravljene nade, podse\u0107aju na otad\u017ebinu i podsti\u010du na borbu, Desanka Maksimovi\u0107 je ostavljala povesti o svom, i \u017eivotu svog naroda. Neobi\u010dnom jednostavno\u0161\u0107u, razumljivo\u0161\u0107u [&hellip;]\" \/>\n<meta property=\"og:url\" content=\"https:\/\/serbia.com\/srpski\/o-srbiji\/kultura\/knjizevnost\/srpski-pisci\/desanka-maksimovic\/\" \/>\n<meta property=\"og:site_name\" content=\"Serbia.com\" \/>\n<meta property=\"og:image\" content=\"https:\/\/serbia.com\/wp-content\/uploads\/2015\/07\/desanka-maksimovic-1600x700_1111.jpg\" \/>\n\t<meta property=\"og:image:width\" content=\"1597\" \/>\n\t<meta property=\"og:image:height\" content=\"635\" \/>\n\t<meta property=\"og:image:type\" content=\"image\/jpeg\" \/>\n<meta name=\"twitter:label1\" content=\"Est. reading time\" \/>\n\t<meta name=\"twitter:data1\" content=\"4 minutes\" \/>\n<script type=\"application\/ld+json\" class=\"yoast-schema-graph\">{\"@context\":\"https:\/\/schema.org\",\"@graph\":[{\"@type\":\"WebPage\",\"@id\":\"https:\/\/serbia.com\/srpski\/o-srbiji\/kultura\/knjizevnost\/srpski-pisci\/desanka-maksimovic\/\",\"url\":\"https:\/\/serbia.com\/srpski\/o-srbiji\/kultura\/knjizevnost\/srpski-pisci\/desanka-maksimovic\/\",\"name\":\"Desanka Maksimovi\u0107 - Serbia.com\",\"isPartOf\":{\"@id\":\"https:\/\/serbia.com\/#website\"},\"primaryImageOfPage\":{\"@id\":\"https:\/\/serbia.com\/srpski\/o-srbiji\/kultura\/knjizevnost\/srpski-pisci\/desanka-maksimovic\/#primaryimage\"},\"image\":{\"@id\":\"https:\/\/serbia.com\/srpski\/o-srbiji\/kultura\/knjizevnost\/srpski-pisci\/desanka-maksimovic\/#primaryimage\"},\"thumbnailUrl\":\"https:\/\/serbia.com\/wp-content\/uploads\/2015\/07\/desanka-maksimovic-1600x700_1111.jpg\",\"datePublished\":\"2015-07-06T13:19:59+00:00\",\"dateModified\":\"2015-07-06T13:19:59+00:00\",\"breadcrumb\":{\"@id\":\"https:\/\/serbia.com\/srpski\/o-srbiji\/kultura\/knjizevnost\/srpski-pisci\/desanka-maksimovic\/#breadcrumb\"},\"inLanguage\":\"srpski\",\"potentialAction\":[{\"@type\":\"ReadAction\",\"target\":[\"https:\/\/serbia.com\/srpski\/o-srbiji\/kultura\/knjizevnost\/srpski-pisci\/desanka-maksimovic\/\"]}]},{\"@type\":\"ImageObject\",\"inLanguage\":\"srpski\",\"@id\":\"https:\/\/serbia.com\/srpski\/o-srbiji\/kultura\/knjizevnost\/srpski-pisci\/desanka-maksimovic\/#primaryimage\",\"url\":\"https:\/\/serbia.com\/wp-content\/uploads\/2015\/07\/desanka-maksimovic-1600x700_1111.jpg\",\"contentUrl\":\"https:\/\/serbia.com\/wp-content\/uploads\/2015\/07\/desanka-maksimovic-1600x700_1111.jpg\",\"width\":1597,\"height\":635},{\"@type\":\"BreadcrumbList\",\"@id\":\"https:\/\/serbia.com\/srpski\/o-srbiji\/kultura\/knjizevnost\/srpski-pisci\/desanka-maksimovic\/#breadcrumb\",\"itemListElement\":[{\"@type\":\"ListItem\",\"position\":1,\"name\":\"Home\",\"item\":\"https:\/\/serbia.com\/srpski\/\"},{\"@type\":\"ListItem\",\"position\":2,\"name\":\"O Srbiji\",\"item\":\"https:\/\/serbia.com\/srpski\/o-srbiji\/\"},{\"@type\":\"ListItem\",\"position\":3,\"name\":\"Kultura\",\"item\":\"https:\/\/serbia.com\/srpski\/o-srbiji\/kultura\/\"},{\"@type\":\"ListItem\",\"position\":4,\"name\":\"Knji\u017eevnost\",\"item\":\"https:\/\/serbia.com\/srpski\/o-srbiji\/kultura\/knjizevnost\/\"},{\"@type\":\"ListItem\",\"position\":5,\"name\":\"Srpski pisci\",\"item\":\"https:\/\/serbia.com\/srpski\/o-srbiji\/kultura\/knjizevnost\/srpski-pisci\/\"},{\"@type\":\"ListItem\",\"position\":6,\"name\":\"Desanka Maksimovi\u0107\"}]},{\"@type\":\"WebSite\",\"@id\":\"https:\/\/serbia.com\/#website\",\"url\":\"https:\/\/serbia.com\/\",\"name\":\"Serbia.com\",\"description\":\"Your Gateway to Serbia\",\"potentialAction\":[{\"@type\":\"SearchAction\",\"target\":{\"@type\":\"EntryPoint\",\"urlTemplate\":\"https:\/\/serbia.com\/?s={search_term_string}\"},\"query-input\":{\"@type\":\"PropertyValueSpecification\",\"valueRequired\":true,\"valueName\":\"search_term_string\"}}],\"inLanguage\":\"srpski\"}]}<\/script>\n<!-- \/ Yoast SEO plugin. -->","yoast_head_json":{"title":"Desanka Maksimovi\u0107 - Serbia.com","robots":{"index":"index","follow":"follow","max-snippet":"max-snippet:-1","max-image-preview":"max-image-preview:large","max-video-preview":"max-video-preview:-1"},"canonical":"https:\/\/serbia.com\/srpski\/o-srbiji\/kultura\/knjizevnost\/srpski-pisci\/desanka-maksimovic\/","og_locale":"en_US","og_type":"article","og_title":"Desanka Maksimovi\u0107 - Serbia.com","og_description":"Pesmama koje miluju du\u0161u, rasplamsavaju emocije, bude zaboravljene nade, podse\u0107aju na otad\u017ebinu i podsti\u010du na borbu, Desanka Maksimovi\u0107 je ostavljala povesti o svom, i \u017eivotu svog naroda. Neobi\u010dnom jednostavno\u0161\u0107u, razumljivo\u0161\u0107u [&hellip;]","og_url":"https:\/\/serbia.com\/srpski\/o-srbiji\/kultura\/knjizevnost\/srpski-pisci\/desanka-maksimovic\/","og_site_name":"Serbia.com","og_image":[{"width":1597,"height":635,"url":"https:\/\/serbia.com\/wp-content\/uploads\/2015\/07\/desanka-maksimovic-1600x700_1111.jpg","type":"image\/jpeg"}],"twitter_misc":{"Est. reading time":"4 minutes"},"schema":{"@context":"https:\/\/schema.org","@graph":[{"@type":"WebPage","@id":"https:\/\/serbia.com\/srpski\/o-srbiji\/kultura\/knjizevnost\/srpski-pisci\/desanka-maksimovic\/","url":"https:\/\/serbia.com\/srpski\/o-srbiji\/kultura\/knjizevnost\/srpski-pisci\/desanka-maksimovic\/","name":"Desanka Maksimovi\u0107 - Serbia.com","isPartOf":{"@id":"https:\/\/serbia.com\/#website"},"primaryImageOfPage":{"@id":"https:\/\/serbia.com\/srpski\/o-srbiji\/kultura\/knjizevnost\/srpski-pisci\/desanka-maksimovic\/#primaryimage"},"image":{"@id":"https:\/\/serbia.com\/srpski\/o-srbiji\/kultura\/knjizevnost\/srpski-pisci\/desanka-maksimovic\/#primaryimage"},"thumbnailUrl":"https:\/\/serbia.com\/wp-content\/uploads\/2015\/07\/desanka-maksimovic-1600x700_1111.jpg","datePublished":"2015-07-06T13:19:59+00:00","dateModified":"2015-07-06T13:19:59+00:00","breadcrumb":{"@id":"https:\/\/serbia.com\/srpski\/o-srbiji\/kultura\/knjizevnost\/srpski-pisci\/desanka-maksimovic\/#breadcrumb"},"inLanguage":"srpski","potentialAction":[{"@type":"ReadAction","target":["https:\/\/serbia.com\/srpski\/o-srbiji\/kultura\/knjizevnost\/srpski-pisci\/desanka-maksimovic\/"]}]},{"@type":"ImageObject","inLanguage":"srpski","@id":"https:\/\/serbia.com\/srpski\/o-srbiji\/kultura\/knjizevnost\/srpski-pisci\/desanka-maksimovic\/#primaryimage","url":"https:\/\/serbia.com\/wp-content\/uploads\/2015\/07\/desanka-maksimovic-1600x700_1111.jpg","contentUrl":"https:\/\/serbia.com\/wp-content\/uploads\/2015\/07\/desanka-maksimovic-1600x700_1111.jpg","width":1597,"height":635},{"@type":"BreadcrumbList","@id":"https:\/\/serbia.com\/srpski\/o-srbiji\/kultura\/knjizevnost\/srpski-pisci\/desanka-maksimovic\/#breadcrumb","itemListElement":[{"@type":"ListItem","position":1,"name":"Home","item":"https:\/\/serbia.com\/srpski\/"},{"@type":"ListItem","position":2,"name":"O Srbiji","item":"https:\/\/serbia.com\/srpski\/o-srbiji\/"},{"@type":"ListItem","position":3,"name":"Kultura","item":"https:\/\/serbia.com\/srpski\/o-srbiji\/kultura\/"},{"@type":"ListItem","position":4,"name":"Knji\u017eevnost","item":"https:\/\/serbia.com\/srpski\/o-srbiji\/kultura\/knjizevnost\/"},{"@type":"ListItem","position":5,"name":"Srpski pisci","item":"https:\/\/serbia.com\/srpski\/o-srbiji\/kultura\/knjizevnost\/srpski-pisci\/"},{"@type":"ListItem","position":6,"name":"Desanka Maksimovi\u0107"}]},{"@type":"WebSite","@id":"https:\/\/serbia.com\/#website","url":"https:\/\/serbia.com\/","name":"Serbia.com","description":"Your Gateway to Serbia","potentialAction":[{"@type":"SearchAction","target":{"@type":"EntryPoint","urlTemplate":"https:\/\/serbia.com\/?s={search_term_string}"},"query-input":{"@type":"PropertyValueSpecification","valueRequired":true,"valueName":"search_term_string"}}],"inLanguage":"srpski"}]}},"_links":{"self":[{"href":"https:\/\/serbia.com\/srpski\/wp-json\/wp\/v2\/pages\/34715"}],"collection":[{"href":"https:\/\/serbia.com\/srpski\/wp-json\/wp\/v2\/pages"}],"about":[{"href":"https:\/\/serbia.com\/srpski\/wp-json\/wp\/v2\/types\/page"}],"author":[{"embeddable":true,"href":"https:\/\/serbia.com\/srpski\/wp-json\/wp\/v2\/users\/27"}],"replies":[{"embeddable":true,"href":"https:\/\/serbia.com\/srpski\/wp-json\/wp\/v2\/comments?post=34715"}],"version-history":[{"count":0,"href":"https:\/\/serbia.com\/srpski\/wp-json\/wp\/v2\/pages\/34715\/revisions"}],"up":[{"embeddable":true,"href":"https:\/\/serbia.com\/srpski\/wp-json\/wp\/v2\/pages\/34674"}],"wp:featuredmedia":[{"embeddable":true,"href":"https:\/\/serbia.com\/srpski\/wp-json\/wp\/v2\/media\/34713"}],"wp:attachment":[{"href":"https:\/\/serbia.com\/srpski\/wp-json\/wp\/v2\/media?parent=34715"}],"wp:term":[{"taxonomy":"category","embeddable":true,"href":"https:\/\/serbia.com\/srpski\/wp-json\/wp\/v2\/categories?post=34715"},{"taxonomy":"post_tag","embeddable":true,"href":"https:\/\/serbia.com\/srpski\/wp-json\/wp\/v2\/tags?post=34715"}],"curies":[{"name":"wp","href":"https:\/\/api.w.org\/{rel}","templated":true}]}}