{"id":34688,"date":"2015-07-06T14:27:37","date_gmt":"2015-07-06T12:27:37","guid":{"rendered":"http:\/\/www.serbia.com\/?page_id=34688"},"modified":"2024-06-04T15:56:05","modified_gmt":"2024-06-04T13:56:05","slug":"knjizevna-ostvarenja","status":"publish","type":"page","link":"https:\/\/serbia.com\/srpski\/o-srbiji\/kultura\/knjizevnost\/knjizevna-ostvarenja\/","title":{"rendered":"Knji\u017eevna ostvarenja"},"content":{"rendered":"<h2><a href=\"http:\/\/www.serbia.com\/srpski\/o-srbiji\/kultura\/knjizevnost\/\">Srpska knji\u017eevnost<\/a> bogata je plodnim piscima i pesnicima \u010dijim perima su napisana neka od najlep\u0161ih knji\u017eevnih ostvarenja.<\/h2>\n<p>Po\u010dev od <a href=\"http:\/\/www.serbia.com\/srpski\/miroslavljevo-jevandelje-knjiga-pisana-zlatom-2\/\">Miroslavljevog jevan\u0111elja<\/a>, prvog sa\u010duvanog spomenika srpske knji\u017eevnosti koje je na\u0161lo mesto i u UNESCO bioblioteci \u201ePam\u0107enje sveta\u201c, pa do savremenih dela velike vrednosti i zna\u010daja, ovu oblast <a href=\"http:\/\/www.serbia.com\/srpski\/o-srbiji\/kultura\/\">kulture<\/a> obele\u017eili su mnogobrojni knji\u017eevni biseri.<\/p>\n<p>Zapa\u017eenija dela srpske srednjovekovne knji\u017eevnosti su \u201e\u017ditije Svetog Simeona\u201c, \u201eHilandarski tipik\u201c i \u201cZakonopravilo\u201c prvog sprskog arhiepiskopa <a href=\"http:\/\/www.serbia.com\/srpski\/o-srbiji\/poznati-srbi\/istorijske-licnosti\/sveti-sava\/\">Svetog Save<\/a>, delo monahinje Jefimije \u201ePohvala knezu Lazaru\u201c, \u201e\u017ditije <a href=\"http:\/\/www.serbia.com\/srpski\/o-srbiji\/poznati-srbi\/istorijske-licnosti\/despot-stefan-lazarevic\/\">despota Stefana Lazarevi\u0107a<\/a>\u201c koje je napisao Konstantin Filozof, ali i zapisi Stefana Prvoven\u010danog, Teodosija Hilandarca, Jelene Lazareve Bal\u0161i\u0107, Konstanstina Mihailovi\u0107a i drugih.<\/p>\n<p>Za vreme turske vladavine ovim prostorima, razvila se velika usmena epska i lirska knji\u017eevnost izuzetne lepote. Ona se prenosila sa \u201ckolena na koleno\u201d, usmenim putem, a najlep\u0161e su je pevali i pripovedali narodni peva\u010di uz gusle.\u00a0Na hiljade du\u017eih i kra\u0107ih kako epskih, tako i lirskih pesama, obele\u017eile su ovaj period srpske knji\u017eevnosti. Dok se tematika epskih pesama ogledala u proslavljanju ustani\u010dkih pobeda, lirske su uglavnom bile vezane za narodne obi\u010daje, obrede, ljubavne do\u017eivljaje i \u017ealosti.<\/p>\n<p><a href=\"http:\/\/www.serbia.com\/srpski\/vuk-stefanovic-karadzic-otac-savremenog-srpskog-jezika\/\">Vuk Stefanovi\u0107 Karad\u017ei\u0107<\/a> prvi je zabele\u017eio veliki broj ovih pesama u pisanoj formi, a i sam je bio tvorac nekih od najva\u017enijih ostvarenja srpske knji\u017eevnosti. Vukova dela koja su postavila temelj za savremeni standardni srpski jezik su prvo i drugo izdanje \u201cSrpskog rje\u010dnika\u201d, kao i prevod \u201cNovoga zavjeta\u201d. Ovaj period obele\u017eila su i dela poput Njego\u0161evog \u201cGorskog vijenca\u201d , Sterijinog \u201cKir Janje\u201d, ali i neke od najlep\u0161ih pesama kao \u0161to su \u201cKa\u017ei mi ka\u017ei\u201d, \u201cKad mlidijah umreti\u201d, \u201cMoja otad\u017ebina\u201d, \u201cVe\u010de\u201d i dr.<\/p>\n<p>Za najpoznatija dela srpske knji\u017eevnosti smatraju se ostvarenja najzna\u010dajnijeg pisca XX veka i jedinog\u00a0 Nobelovca, <a href=\"http:\/\/www.serbia.com\/srpski\/ivo-andric-nobelovac-2\/\">Ive Andri\u0107a<\/a>. \u201eNa <a href=\"http:\/\/www.serbia.com\/srpski\/posetite-srbiju\/sta-videti\/prirodne-lepote\/reke-i-jezera\/drina-divlja-smaragdna-lepotica\/\">Drini<\/a> \u0106uprija\u201d,\u00a0\u201cTravni\u010dka hronika\u201d,\u00a0\u201cGospo\u0111ica\u201d, \u201cProkleta avlija\u201d, \u201cEx Ponto\u201d i \u201cZnakovi pored puta\u201d, prevedena su na nekoliko svetskih jezika. Pored Andri\u0107evih dela, u sam vrh srpske knji\u017eevnosti svrstavaju se romani \u201cDervi\u0161 i smrt\u201d i \u201cTvr\u0111ava\u201d pisca <a href=\"http:\/\/www.serbia.com\/srpski\/mesa-selimovic-velikan-srpske-knjizevnosti\/\">Me\u0161e Selimovi\u0107a<\/a>, kao i \u201cIvkova slava\u201d, \u201cZona Zamfirova\u201d i \u201cPop \u0106ira i pop Spira\u201d, jednog od naj\u010ditanijih pisaca Stevana Sremca.<\/p>\n<p>U najve\u0107a ostvarenja savremene srpske knji\u017eevnosti spadaju romani \u201cBa\u0161ta, pepeo\u201d i \u201cPe\u0161\u010danik\u201d Danila Ki\u0161a, \u201cZlatno runo\u201d <a href=\"http:\/\/www.serbia.com\/srpski\/borislav-pekic-kako-se-rodio-pisac\/\">Borislava Peki\u0107a<\/a>,\u00a0 \u201cKad su cvetale tikve\u201d Dragoslava Mihailovi\u0107a, ali i legendarna dela Du\u0161ana Kova\u010devi\u0107a \u201cMaratonci tr\u010de po\u010dasni krug\u201d, \u201cBalkanski \u0161pijun\u201d, \u201cUrnebesna tragedija.\u201d<\/p>\n<p>Ova rubrika vas vodi na zanimljiv put kroz najsjajnije domete srpske knji\u017eevnosti!<\/p>\n","protected":false},"excerpt":{"rendered":"<p>Srpska knji\u017eevnost bogata je plodnim piscima i pesnicima \u010dijim perima su napisana neka od najlep\u0161ih knji\u017eevnih ostvarenja. Po\u010dev od Miroslavljevog jevan\u0111elja, prvog sa\u010duvanog spomenika srpske knji\u017eevnosti koje je na\u0161lo mesto [&hellip;]<\/p>\n","protected":false},"author":27,"featured_media":34681,"parent":20183,"menu_order":0,"comment_status":"closed","ping_status":"closed","template":"","meta":{"_acf_changed":false,"inline_featured_image":false,"_monsterinsights_skip_tracking":false,"_monsterinsights_sitenote_active":false,"_monsterinsights_sitenote_note":"","_monsterinsights_sitenote_category":0,"footnotes":""},"categories":[979],"tags":[],"class_list":["post-34688","page","type-page","status-publish","has-post-thumbnail","hentry","category-knjizevnost-kultura-otkrijte-srbiju"],"acf":[],"yoast_head":"<!-- This site is optimized with the Yoast SEO plugin v23.8 - https:\/\/yoast.com\/wordpress\/plugins\/seo\/ -->\n<title>Knji\u017eevna ostvarenja - Serbia.com<\/title>\n<meta name=\"robots\" content=\"index, follow, max-snippet:-1, max-image-preview:large, max-video-preview:-1\" \/>\n<link rel=\"canonical\" href=\"https:\/\/serbia.com\/srpski\/o-srbiji\/kultura\/knjizevnost\/knjizevna-ostvarenja\/\" \/>\n<meta property=\"og:locale\" content=\"en_US\" \/>\n<meta property=\"og:type\" content=\"article\" \/>\n<meta property=\"og:title\" content=\"Knji\u017eevna ostvarenja - Serbia.com\" \/>\n<meta property=\"og:description\" content=\"Srpska knji\u017eevnost bogata je plodnim piscima i pesnicima \u010dijim perima su napisana neka od najlep\u0161ih knji\u017eevnih ostvarenja. Po\u010dev od Miroslavljevog jevan\u0111elja, prvog sa\u010duvanog spomenika srpske knji\u017eevnosti koje je na\u0161lo mesto [&hellip;]\" \/>\n<meta property=\"og:url\" content=\"https:\/\/serbia.com\/srpski\/o-srbiji\/kultura\/knjizevnost\/knjizevna-ostvarenja\/\" \/>\n<meta property=\"og:site_name\" content=\"Serbia.com\" \/>\n<meta property=\"article:modified_time\" content=\"2024-06-04T13:56:05+00:00\" \/>\n<meta property=\"og:image\" content=\"https:\/\/serbia.com\/wp-content\/uploads\/2015\/07\/SABRANA-DELA-1-13-Ivo-Andric_111.jpg\" \/>\n\t<meta property=\"og:image:width\" content=\"1025\" \/>\n\t<meta property=\"og:image:height\" content=\"541\" \/>\n\t<meta property=\"og:image:type\" content=\"image\/jpeg\" \/>\n<meta name=\"twitter:label1\" content=\"Est. reading time\" \/>\n\t<meta name=\"twitter:data1\" content=\"2 minutes\" \/>\n<script type=\"application\/ld+json\" class=\"yoast-schema-graph\">{\"@context\":\"https:\/\/schema.org\",\"@graph\":[{\"@type\":\"WebPage\",\"@id\":\"https:\/\/serbia.com\/srpski\/o-srbiji\/kultura\/knjizevnost\/knjizevna-ostvarenja\/\",\"url\":\"https:\/\/serbia.com\/srpski\/o-srbiji\/kultura\/knjizevnost\/knjizevna-ostvarenja\/\",\"name\":\"Knji\u017eevna ostvarenja - Serbia.com\",\"isPartOf\":{\"@id\":\"https:\/\/serbia.com\/#website\"},\"primaryImageOfPage\":{\"@id\":\"https:\/\/serbia.com\/srpski\/o-srbiji\/kultura\/knjizevnost\/knjizevna-ostvarenja\/#primaryimage\"},\"image\":{\"@id\":\"https:\/\/serbia.com\/srpski\/o-srbiji\/kultura\/knjizevnost\/knjizevna-ostvarenja\/#primaryimage\"},\"thumbnailUrl\":\"https:\/\/serbia.com\/wp-content\/uploads\/2015\/07\/SABRANA-DELA-1-13-Ivo-Andric_111.jpg\",\"datePublished\":\"2015-07-06T12:27:37+00:00\",\"dateModified\":\"2024-06-04T13:56:05+00:00\",\"breadcrumb\":{\"@id\":\"https:\/\/serbia.com\/srpski\/o-srbiji\/kultura\/knjizevnost\/knjizevna-ostvarenja\/#breadcrumb\"},\"inLanguage\":\"srpski\",\"potentialAction\":[{\"@type\":\"ReadAction\",\"target\":[\"https:\/\/serbia.com\/srpski\/o-srbiji\/kultura\/knjizevnost\/knjizevna-ostvarenja\/\"]}]},{\"@type\":\"ImageObject\",\"inLanguage\":\"srpski\",\"@id\":\"https:\/\/serbia.com\/srpski\/o-srbiji\/kultura\/knjizevnost\/knjizevna-ostvarenja\/#primaryimage\",\"url\":\"https:\/\/serbia.com\/wp-content\/uploads\/2015\/07\/SABRANA-DELA-1-13-Ivo-Andric_111.jpg\",\"contentUrl\":\"https:\/\/serbia.com\/wp-content\/uploads\/2015\/07\/SABRANA-DELA-1-13-Ivo-Andric_111.jpg\",\"width\":1025,\"height\":541},{\"@type\":\"BreadcrumbList\",\"@id\":\"https:\/\/serbia.com\/srpski\/o-srbiji\/kultura\/knjizevnost\/knjizevna-ostvarenja\/#breadcrumb\",\"itemListElement\":[{\"@type\":\"ListItem\",\"position\":1,\"name\":\"Home\",\"item\":\"https:\/\/serbia.com\/srpski\/\"},{\"@type\":\"ListItem\",\"position\":2,\"name\":\"O Srbiji\",\"item\":\"https:\/\/serbia.com\/srpski\/o-srbiji\/\"},{\"@type\":\"ListItem\",\"position\":3,\"name\":\"Kultura\",\"item\":\"https:\/\/serbia.com\/srpski\/o-srbiji\/kultura\/\"},{\"@type\":\"ListItem\",\"position\":4,\"name\":\"Knji\u017eevnost\",\"item\":\"https:\/\/serbia.com\/srpski\/o-srbiji\/kultura\/knjizevnost\/\"},{\"@type\":\"ListItem\",\"position\":5,\"name\":\"Knji\u017eevna ostvarenja\"}]},{\"@type\":\"WebSite\",\"@id\":\"https:\/\/serbia.com\/#website\",\"url\":\"https:\/\/serbia.com\/\",\"name\":\"Serbia.com\",\"description\":\"Your Gateway to Serbia\",\"potentialAction\":[{\"@type\":\"SearchAction\",\"target\":{\"@type\":\"EntryPoint\",\"urlTemplate\":\"https:\/\/serbia.com\/?s={search_term_string}\"},\"query-input\":{\"@type\":\"PropertyValueSpecification\",\"valueRequired\":true,\"valueName\":\"search_term_string\"}}],\"inLanguage\":\"srpski\"}]}<\/script>\n<!-- \/ Yoast SEO plugin. -->","yoast_head_json":{"title":"Knji\u017eevna ostvarenja - Serbia.com","robots":{"index":"index","follow":"follow","max-snippet":"max-snippet:-1","max-image-preview":"max-image-preview:large","max-video-preview":"max-video-preview:-1"},"canonical":"https:\/\/serbia.com\/srpski\/o-srbiji\/kultura\/knjizevnost\/knjizevna-ostvarenja\/","og_locale":"en_US","og_type":"article","og_title":"Knji\u017eevna ostvarenja - Serbia.com","og_description":"Srpska knji\u017eevnost bogata je plodnim piscima i pesnicima \u010dijim perima su napisana neka od najlep\u0161ih knji\u017eevnih ostvarenja. Po\u010dev od Miroslavljevog jevan\u0111elja, prvog sa\u010duvanog spomenika srpske knji\u017eevnosti koje je na\u0161lo mesto [&hellip;]","og_url":"https:\/\/serbia.com\/srpski\/o-srbiji\/kultura\/knjizevnost\/knjizevna-ostvarenja\/","og_site_name":"Serbia.com","article_modified_time":"2024-06-04T13:56:05+00:00","og_image":[{"width":1025,"height":541,"url":"https:\/\/serbia.com\/wp-content\/uploads\/2015\/07\/SABRANA-DELA-1-13-Ivo-Andric_111.jpg","type":"image\/jpeg"}],"twitter_misc":{"Est. reading time":"2 minutes"},"schema":{"@context":"https:\/\/schema.org","@graph":[{"@type":"WebPage","@id":"https:\/\/serbia.com\/srpski\/o-srbiji\/kultura\/knjizevnost\/knjizevna-ostvarenja\/","url":"https:\/\/serbia.com\/srpski\/o-srbiji\/kultura\/knjizevnost\/knjizevna-ostvarenja\/","name":"Knji\u017eevna ostvarenja - Serbia.com","isPartOf":{"@id":"https:\/\/serbia.com\/#website"},"primaryImageOfPage":{"@id":"https:\/\/serbia.com\/srpski\/o-srbiji\/kultura\/knjizevnost\/knjizevna-ostvarenja\/#primaryimage"},"image":{"@id":"https:\/\/serbia.com\/srpski\/o-srbiji\/kultura\/knjizevnost\/knjizevna-ostvarenja\/#primaryimage"},"thumbnailUrl":"https:\/\/serbia.com\/wp-content\/uploads\/2015\/07\/SABRANA-DELA-1-13-Ivo-Andric_111.jpg","datePublished":"2015-07-06T12:27:37+00:00","dateModified":"2024-06-04T13:56:05+00:00","breadcrumb":{"@id":"https:\/\/serbia.com\/srpski\/o-srbiji\/kultura\/knjizevnost\/knjizevna-ostvarenja\/#breadcrumb"},"inLanguage":"srpski","potentialAction":[{"@type":"ReadAction","target":["https:\/\/serbia.com\/srpski\/o-srbiji\/kultura\/knjizevnost\/knjizevna-ostvarenja\/"]}]},{"@type":"ImageObject","inLanguage":"srpski","@id":"https:\/\/serbia.com\/srpski\/o-srbiji\/kultura\/knjizevnost\/knjizevna-ostvarenja\/#primaryimage","url":"https:\/\/serbia.com\/wp-content\/uploads\/2015\/07\/SABRANA-DELA-1-13-Ivo-Andric_111.jpg","contentUrl":"https:\/\/serbia.com\/wp-content\/uploads\/2015\/07\/SABRANA-DELA-1-13-Ivo-Andric_111.jpg","width":1025,"height":541},{"@type":"BreadcrumbList","@id":"https:\/\/serbia.com\/srpski\/o-srbiji\/kultura\/knjizevnost\/knjizevna-ostvarenja\/#breadcrumb","itemListElement":[{"@type":"ListItem","position":1,"name":"Home","item":"https:\/\/serbia.com\/srpski\/"},{"@type":"ListItem","position":2,"name":"O Srbiji","item":"https:\/\/serbia.com\/srpski\/o-srbiji\/"},{"@type":"ListItem","position":3,"name":"Kultura","item":"https:\/\/serbia.com\/srpski\/o-srbiji\/kultura\/"},{"@type":"ListItem","position":4,"name":"Knji\u017eevnost","item":"https:\/\/serbia.com\/srpski\/o-srbiji\/kultura\/knjizevnost\/"},{"@type":"ListItem","position":5,"name":"Knji\u017eevna ostvarenja"}]},{"@type":"WebSite","@id":"https:\/\/serbia.com\/#website","url":"https:\/\/serbia.com\/","name":"Serbia.com","description":"Your Gateway to Serbia","potentialAction":[{"@type":"SearchAction","target":{"@type":"EntryPoint","urlTemplate":"https:\/\/serbia.com\/?s={search_term_string}"},"query-input":{"@type":"PropertyValueSpecification","valueRequired":true,"valueName":"search_term_string"}}],"inLanguage":"srpski"}]}},"_links":{"self":[{"href":"https:\/\/serbia.com\/srpski\/wp-json\/wp\/v2\/pages\/34688"}],"collection":[{"href":"https:\/\/serbia.com\/srpski\/wp-json\/wp\/v2\/pages"}],"about":[{"href":"https:\/\/serbia.com\/srpski\/wp-json\/wp\/v2\/types\/page"}],"author":[{"embeddable":true,"href":"https:\/\/serbia.com\/srpski\/wp-json\/wp\/v2\/users\/27"}],"replies":[{"embeddable":true,"href":"https:\/\/serbia.com\/srpski\/wp-json\/wp\/v2\/comments?post=34688"}],"version-history":[{"count":1,"href":"https:\/\/serbia.com\/srpski\/wp-json\/wp\/v2\/pages\/34688\/revisions"}],"predecessor-version":[{"id":53229,"href":"https:\/\/serbia.com\/srpski\/wp-json\/wp\/v2\/pages\/34688\/revisions\/53229"}],"up":[{"embeddable":true,"href":"https:\/\/serbia.com\/srpski\/wp-json\/wp\/v2\/pages\/20183"}],"wp:featuredmedia":[{"embeddable":true,"href":"https:\/\/serbia.com\/srpski\/wp-json\/wp\/v2\/media\/34681"}],"wp:attachment":[{"href":"https:\/\/serbia.com\/srpski\/wp-json\/wp\/v2\/media?parent=34688"}],"wp:term":[{"taxonomy":"category","embeddable":true,"href":"https:\/\/serbia.com\/srpski\/wp-json\/wp\/v2\/categories?post=34688"},{"taxonomy":"post_tag","embeddable":true,"href":"https:\/\/serbia.com\/srpski\/wp-json\/wp\/v2\/tags?post=34688"}],"curies":[{"name":"wp","href":"https:\/\/api.w.org\/{rel}","templated":true}]}}