{"id":34674,"date":"2015-07-06T13:29:37","date_gmt":"2015-07-06T11:29:37","guid":{"rendered":"http:\/\/www.serbia.com\/?page_id=34674"},"modified":"2015-07-06T13:29:37","modified_gmt":"2015-07-06T11:29:37","slug":"srpski-pisci","status":"publish","type":"page","link":"https:\/\/serbia.com\/srpski\/o-srbiji\/kultura\/knjizevnost\/srpski-pisci\/","title":{"rendered":"Srpski pisci"},"content":{"rendered":"<p>Posebnost kojom je pro\u017eeta <a href=\"http:\/\/www.serbia.com\/srpski\/o-srbiji\/kultura\/knjizevnost\/\">srpska knji\u017eevnost<\/a> od samih za\u010detaka pa do danas obogatila je rasko\u0161nu ba\u0161tu svetske knji\u017eevnosti. Na nastanak i razvoj srpske pismenosti, ali i na njeno konstantno oplemenjivanje novim sadr\u017eajima, uticali su mnogobrojni srpski pisci i pesnici. Od najstarijeg spomenika na srpskom jeziku <a href=\"http:\/\/www.serbia.com\/srpski\/miroslavljevo-jevandelje-knjiga-pisana-zlatom-2\/\">Miroslavljevog jevan\u0111elja<\/a>, pa do savremene srpske knji\u017eevnosti pro\u0161lo je devet vekova koje su obele\u017eili zna\u010dajniji knji\u017eevni pravci i stilovi, kao i knji\u017eevnici koji su ostavili neizbrisive povesti o jeziku, pismu, i vremenu u kojem su \u017eiveli.<\/p>\n<p>Prva pisana knji\u017eevnost javlja se u doba dinastije Nemanji\u0107a, koju su obele\u017eila \u017eitija <a href=\"http:\/\/www.serbia.com\/srpski\/o-srbiji\/poznati-srbi\/istorijske-licnosti\/sveti-sava\/\">Svetog Save<\/a> o ocu Stefanu Nemanji i bratu Stefanu Prvoven\u010danom. To su ujedno i prva va\u017ena dela ranije srpske knji\u017eevnosti. Pored Svetog Save, tvorci srpske srednjovekovne knji\u017eevnosti su Konstantin Filozof, <a href=\"http:\/\/www.serbia.com\/srpski\/o-srbiji\/poznati-srbi\/istorijske-licnosti\/despot-stefan-lazarevic\/\">Stefan Lazarevi\u0107<\/a>, Teodosije Hilandarac, Monahinja Jefimija, Stefan Prvoven\u010dani, Jelena Lazareva Bal\u0161i\u0107\u2026<\/p>\n<p>Pod turskom vladivinom dolazi do zastoja u stvaranju i napretku srpske knji\u017eevnosti. Period do sredine XVIII obele\u017eili su stalni ratovi, borbe i dve velike seobe Srba, a knji\u017eevnost je bila pod dominatnim uticajem crkve. Do preokreta dolazi posredstvom dva najve\u0107a srpska prosvetitelja i reformatora \u2013 <a href=\"http:\/\/www.serbia.com\/srpski\/dositej-obradovic\/\">Dositeja Obradovi\u0107a<\/a> i <a href=\"http:\/\/www.serbia.com\/srpski\/vuk-stefanovic-karadzic-otac-savremenog-srpskog-jezika\/\">Vuka Stefanovi\u0107a Karad\u017ei\u0107a<\/a>. U to vreme javljaju se i drugi zna\u010dajni srpski pisci poput Jovana Raji\u0107a, Zaharija Orfelina, Lukujana Mu\u0161ickog, Jovana Had\u017ei\u0107a i \u0110or\u0111a Maleti\u0107a.<\/p>\n<p>Ovaj period ozna\u010dio je i po\u010detak prave srpske knji\u017eevnosti. Ni\u017eu se zna\u010dajna imena poput najpoznatijeg srpskog dramskog pisca Jovana Sterije Popovi\u0107a, Petra II Petrovi\u0107a Njego\u0161a, prote Mateje Nenadovi\u0107a, ali i pesnika Branka Radi\u010devi\u0107a, Jovana Jovanovi\u0107a Zmaja, \u0110ure Jak\u0161i\u0107a i mnogih drugih. Veliki doprinos srpskoj knji\u017eevnosti dao je i komediograf Kosta Trifkovi\u0107, kao i najpoznatiji srpski realisti Svetozar Markovi\u0107, Milovan Gli\u0161i\u0107, Jakov Ignjatovi\u0107, Laza Lazarevi\u0107 i Janko Veselinovi\u0107. Me\u0111u prirpoveda\u010dima ovog vremena izdvajaju se Simo Matavulj i Stevan Sremac.<\/p>\n<p>Po\u010detak XX veka donosi generaciju pisaca i pesnika realisti\u010dkog kruga ali sa novim temama. Ovu epohu obele\u017eili su Ivo \u0106ipiko, Bora Stankovi\u0107, Radoje Domanovi\u0107, Vojislav Ili\u0107 i Branislav Nu\u0161i\u0107. Najpoznatiji pesnici prve polovine XX veka bili su Jovan Du\u010di\u0107, Milan Raki\u0107, Aleksa \u0160anti\u0107, Vladislav Petkovi\u0107-Dis i Sima Pandurovi\u0107, a najpoznatiji prozni pisac Isidora Sekuli\u0107.<\/p>\n<p>Nesumnjivo najve\u0107i knji\u017eevnik XX veka i ujedno jedini srpski Nobelovac bio je <a href=\"http:\/\/www.serbia.com\/srpski\/ivo-andric-nobelovac-2\/\">Ivo Andri<\/a>\u0107, a u stopu ga prati jo\u0161 jedan velikan srpske knji\u017eevnosti \u2013 <a href=\"http:\/\/www.serbia.com\/srpski\/mesa-selimovic-velikan-srpske-knjizevnosti\/\">Me\u0161a Selimovi\u0107<\/a>. Ovu epohu obele\u017eila je i jedna od najpoznatijih srpskih pesnikinja <a href=\"http:\/\/www.serbia.com\/srpski\/desanka-maksimovic-kad-srce-pise-stihove\/\">Desanka Maksimovi\u0107<\/a>, zajedno sa Milo\u0161em Crnjanskim.<\/p>\n<p>Stranice srpske knji\u017eevnosti ispisivali su, i, i dalje ispisuju savremeni pisci poput <a href=\"http:\/\/www.serbia.com\/srpski\/borislav-pekic-kako-se-rodio-pisac\/\">Borislava Peki\u0107a<\/a>, Danila Ki\u0161a, <a href=\"http:\/\/www.serbia.com\/srpski\/o-srbiji\/poznati-srbi\/poznati-umetnici\/momo-kapor\/\">Momo Kapora<\/a>, Brane Crn\u010devi\u0107a, Matije Be\u0107kovi\u0107a i mnogih drugih.[ultimate_spacer height=&#8221;30&#8243;][dt_fancy_title title=&#8221;Povezani \u010dlanci&#8221; title_align=&#8221;left&#8221; title_size=&#8221;normal&#8221; title_color=&#8221;accent&#8221; el_width=&#8221;100&#8243; title_bg=&#8221;disabled&#8221; separator_color=&#8221;default&#8221;][ultimate_spacer height=&#8221;30&#8243; height_on_tabs=&#8221;&#8221; height_on_tabs_portrait=&#8221;&#8221; height_on_mob_landscape=&#8221;&#8221; height_on_mob=&#8221;&#8221;]<\/p>\n","protected":false},"excerpt":{"rendered":"<p>Posebnost kojom je pro\u017eeta srpska knji\u017eevnost od samih za\u010detaka pa do danas obogatila je rasko\u0161nu ba\u0161tu svetske knji\u017eevnosti. Na nastanak i razvoj srpske pismenosti, ali i na njeno konstantno oplemenjivanje [&hellip;]<\/p>\n","protected":false},"author":27,"featured_media":34708,"parent":20183,"menu_order":0,"comment_status":"closed","ping_status":"closed","template":"","meta":{"_acf_changed":false,"inline_featured_image":false,"_monsterinsights_skip_tracking":false,"_monsterinsights_sitenote_active":false,"_monsterinsights_sitenote_note":"","_monsterinsights_sitenote_category":0,"footnotes":""},"categories":[979],"tags":[],"class_list":["post-34674","page","type-page","status-publish","has-post-thumbnail","hentry","category-knjizevnost-kultura-otkrijte-srbiju"],"acf":[],"yoast_head":"<!-- This site is optimized with the Yoast SEO plugin v23.8 - https:\/\/yoast.com\/wordpress\/plugins\/seo\/ -->\n<title>Srpski pisci - Serbia.com<\/title>\n<meta name=\"robots\" content=\"index, follow, max-snippet:-1, max-image-preview:large, max-video-preview:-1\" \/>\n<link rel=\"canonical\" href=\"https:\/\/serbia.com\/srpski\/o-srbiji\/kultura\/knjizevnost\/srpski-pisci\/\" \/>\n<meta property=\"og:locale\" content=\"en_US\" \/>\n<meta property=\"og:type\" content=\"article\" \/>\n<meta property=\"og:title\" content=\"Srpski pisci - Serbia.com\" \/>\n<meta property=\"og:description\" content=\"Posebnost kojom je pro\u017eeta srpska knji\u017eevnost od samih za\u010detaka pa do danas obogatila je rasko\u0161nu ba\u0161tu svetske knji\u017eevnosti. Na nastanak i razvoj srpske pismenosti, ali i na njeno konstantno oplemenjivanje [&hellip;]\" \/>\n<meta property=\"og:url\" content=\"https:\/\/serbia.com\/srpski\/o-srbiji\/kultura\/knjizevnost\/srpski-pisci\/\" \/>\n<meta property=\"og:site_name\" content=\"Serbia.com\" \/>\n<meta property=\"og:image\" content=\"https:\/\/serbia.com\/wp-content\/uploads\/2015\/07\/Desanka_Maksimovi\u0107_i_episkop_Atanasije_Jevti\u0107_u_poseti11111.jpg\" \/>\n\t<meta property=\"og:image:width\" content=\"2000\" \/>\n\t<meta property=\"og:image:height\" content=\"1031\" \/>\n\t<meta property=\"og:image:type\" content=\"image\/jpeg\" \/>\n<meta name=\"twitter:label1\" content=\"Est. reading time\" \/>\n\t<meta name=\"twitter:data1\" content=\"3 minutes\" \/>\n<script type=\"application\/ld+json\" class=\"yoast-schema-graph\">{\"@context\":\"https:\/\/schema.org\",\"@graph\":[{\"@type\":\"WebPage\",\"@id\":\"https:\/\/serbia.com\/srpski\/o-srbiji\/kultura\/knjizevnost\/srpski-pisci\/\",\"url\":\"https:\/\/serbia.com\/srpski\/o-srbiji\/kultura\/knjizevnost\/srpski-pisci\/\",\"name\":\"Srpski pisci - Serbia.com\",\"isPartOf\":{\"@id\":\"https:\/\/serbia.com\/#website\"},\"primaryImageOfPage\":{\"@id\":\"https:\/\/serbia.com\/srpski\/o-srbiji\/kultura\/knjizevnost\/srpski-pisci\/#primaryimage\"},\"image\":{\"@id\":\"https:\/\/serbia.com\/srpski\/o-srbiji\/kultura\/knjizevnost\/srpski-pisci\/#primaryimage\"},\"thumbnailUrl\":\"https:\/\/serbia.com\/wp-content\/uploads\/2015\/07\/Desanka_Maksimovi\u0107_i_episkop_Atanasije_Jevti\u0107_u_poseti11111.jpg\",\"datePublished\":\"2015-07-06T11:29:37+00:00\",\"dateModified\":\"2015-07-06T11:29:37+00:00\",\"breadcrumb\":{\"@id\":\"https:\/\/serbia.com\/srpski\/o-srbiji\/kultura\/knjizevnost\/srpski-pisci\/#breadcrumb\"},\"inLanguage\":\"srpski\",\"potentialAction\":[{\"@type\":\"ReadAction\",\"target\":[\"https:\/\/serbia.com\/srpski\/o-srbiji\/kultura\/knjizevnost\/srpski-pisci\/\"]}]},{\"@type\":\"ImageObject\",\"inLanguage\":\"srpski\",\"@id\":\"https:\/\/serbia.com\/srpski\/o-srbiji\/kultura\/knjizevnost\/srpski-pisci\/#primaryimage\",\"url\":\"https:\/\/serbia.com\/wp-content\/uploads\/2015\/07\/Desanka_Maksimovi\u0107_i_episkop_Atanasije_Jevti\u0107_u_poseti11111.jpg\",\"contentUrl\":\"https:\/\/serbia.com\/wp-content\/uploads\/2015\/07\/Desanka_Maksimovi\u0107_i_episkop_Atanasije_Jevti\u0107_u_poseti11111.jpg\",\"width\":2000,\"height\":1031},{\"@type\":\"BreadcrumbList\",\"@id\":\"https:\/\/serbia.com\/srpski\/o-srbiji\/kultura\/knjizevnost\/srpski-pisci\/#breadcrumb\",\"itemListElement\":[{\"@type\":\"ListItem\",\"position\":1,\"name\":\"Home\",\"item\":\"https:\/\/serbia.com\/srpski\/\"},{\"@type\":\"ListItem\",\"position\":2,\"name\":\"O Srbiji\",\"item\":\"https:\/\/serbia.com\/srpski\/o-srbiji\/\"},{\"@type\":\"ListItem\",\"position\":3,\"name\":\"Kultura\",\"item\":\"https:\/\/serbia.com\/srpski\/o-srbiji\/kultura\/\"},{\"@type\":\"ListItem\",\"position\":4,\"name\":\"Knji\u017eevnost\",\"item\":\"https:\/\/serbia.com\/srpski\/o-srbiji\/kultura\/knjizevnost\/\"},{\"@type\":\"ListItem\",\"position\":5,\"name\":\"Srpski pisci\"}]},{\"@type\":\"WebSite\",\"@id\":\"https:\/\/serbia.com\/#website\",\"url\":\"https:\/\/serbia.com\/\",\"name\":\"Serbia.com\",\"description\":\"Your Gateway to Serbia\",\"potentialAction\":[{\"@type\":\"SearchAction\",\"target\":{\"@type\":\"EntryPoint\",\"urlTemplate\":\"https:\/\/serbia.com\/?s={search_term_string}\"},\"query-input\":{\"@type\":\"PropertyValueSpecification\",\"valueRequired\":true,\"valueName\":\"search_term_string\"}}],\"inLanguage\":\"srpski\"}]}<\/script>\n<!-- \/ Yoast SEO plugin. -->","yoast_head_json":{"title":"Srpski pisci - Serbia.com","robots":{"index":"index","follow":"follow","max-snippet":"max-snippet:-1","max-image-preview":"max-image-preview:large","max-video-preview":"max-video-preview:-1"},"canonical":"https:\/\/serbia.com\/srpski\/o-srbiji\/kultura\/knjizevnost\/srpski-pisci\/","og_locale":"en_US","og_type":"article","og_title":"Srpski pisci - Serbia.com","og_description":"Posebnost kojom je pro\u017eeta srpska knji\u017eevnost od samih za\u010detaka pa do danas obogatila je rasko\u0161nu ba\u0161tu svetske knji\u017eevnosti. Na nastanak i razvoj srpske pismenosti, ali i na njeno konstantno oplemenjivanje [&hellip;]","og_url":"https:\/\/serbia.com\/srpski\/o-srbiji\/kultura\/knjizevnost\/srpski-pisci\/","og_site_name":"Serbia.com","og_image":[{"width":2000,"height":1031,"url":"https:\/\/serbia.com\/wp-content\/uploads\/2015\/07\/Desanka_Maksimovi\u0107_i_episkop_Atanasije_Jevti\u0107_u_poseti11111.jpg","type":"image\/jpeg"}],"twitter_misc":{"Est. reading time":"3 minutes"},"schema":{"@context":"https:\/\/schema.org","@graph":[{"@type":"WebPage","@id":"https:\/\/serbia.com\/srpski\/o-srbiji\/kultura\/knjizevnost\/srpski-pisci\/","url":"https:\/\/serbia.com\/srpski\/o-srbiji\/kultura\/knjizevnost\/srpski-pisci\/","name":"Srpski pisci - Serbia.com","isPartOf":{"@id":"https:\/\/serbia.com\/#website"},"primaryImageOfPage":{"@id":"https:\/\/serbia.com\/srpski\/o-srbiji\/kultura\/knjizevnost\/srpski-pisci\/#primaryimage"},"image":{"@id":"https:\/\/serbia.com\/srpski\/o-srbiji\/kultura\/knjizevnost\/srpski-pisci\/#primaryimage"},"thumbnailUrl":"https:\/\/serbia.com\/wp-content\/uploads\/2015\/07\/Desanka_Maksimovi\u0107_i_episkop_Atanasije_Jevti\u0107_u_poseti11111.jpg","datePublished":"2015-07-06T11:29:37+00:00","dateModified":"2015-07-06T11:29:37+00:00","breadcrumb":{"@id":"https:\/\/serbia.com\/srpski\/o-srbiji\/kultura\/knjizevnost\/srpski-pisci\/#breadcrumb"},"inLanguage":"srpski","potentialAction":[{"@type":"ReadAction","target":["https:\/\/serbia.com\/srpski\/o-srbiji\/kultura\/knjizevnost\/srpski-pisci\/"]}]},{"@type":"ImageObject","inLanguage":"srpski","@id":"https:\/\/serbia.com\/srpski\/o-srbiji\/kultura\/knjizevnost\/srpski-pisci\/#primaryimage","url":"https:\/\/serbia.com\/wp-content\/uploads\/2015\/07\/Desanka_Maksimovi\u0107_i_episkop_Atanasije_Jevti\u0107_u_poseti11111.jpg","contentUrl":"https:\/\/serbia.com\/wp-content\/uploads\/2015\/07\/Desanka_Maksimovi\u0107_i_episkop_Atanasije_Jevti\u0107_u_poseti11111.jpg","width":2000,"height":1031},{"@type":"BreadcrumbList","@id":"https:\/\/serbia.com\/srpski\/o-srbiji\/kultura\/knjizevnost\/srpski-pisci\/#breadcrumb","itemListElement":[{"@type":"ListItem","position":1,"name":"Home","item":"https:\/\/serbia.com\/srpski\/"},{"@type":"ListItem","position":2,"name":"O Srbiji","item":"https:\/\/serbia.com\/srpski\/o-srbiji\/"},{"@type":"ListItem","position":3,"name":"Kultura","item":"https:\/\/serbia.com\/srpski\/o-srbiji\/kultura\/"},{"@type":"ListItem","position":4,"name":"Knji\u017eevnost","item":"https:\/\/serbia.com\/srpski\/o-srbiji\/kultura\/knjizevnost\/"},{"@type":"ListItem","position":5,"name":"Srpski pisci"}]},{"@type":"WebSite","@id":"https:\/\/serbia.com\/#website","url":"https:\/\/serbia.com\/","name":"Serbia.com","description":"Your Gateway to Serbia","potentialAction":[{"@type":"SearchAction","target":{"@type":"EntryPoint","urlTemplate":"https:\/\/serbia.com\/?s={search_term_string}"},"query-input":{"@type":"PropertyValueSpecification","valueRequired":true,"valueName":"search_term_string"}}],"inLanguage":"srpski"}]}},"_links":{"self":[{"href":"https:\/\/serbia.com\/srpski\/wp-json\/wp\/v2\/pages\/34674"}],"collection":[{"href":"https:\/\/serbia.com\/srpski\/wp-json\/wp\/v2\/pages"}],"about":[{"href":"https:\/\/serbia.com\/srpski\/wp-json\/wp\/v2\/types\/page"}],"author":[{"embeddable":true,"href":"https:\/\/serbia.com\/srpski\/wp-json\/wp\/v2\/users\/27"}],"replies":[{"embeddable":true,"href":"https:\/\/serbia.com\/srpski\/wp-json\/wp\/v2\/comments?post=34674"}],"version-history":[{"count":0,"href":"https:\/\/serbia.com\/srpski\/wp-json\/wp\/v2\/pages\/34674\/revisions"}],"up":[{"embeddable":true,"href":"https:\/\/serbia.com\/srpski\/wp-json\/wp\/v2\/pages\/20183"}],"wp:featuredmedia":[{"embeddable":true,"href":"https:\/\/serbia.com\/srpski\/wp-json\/wp\/v2\/media\/34708"}],"wp:attachment":[{"href":"https:\/\/serbia.com\/srpski\/wp-json\/wp\/v2\/media?parent=34674"}],"wp:term":[{"taxonomy":"category","embeddable":true,"href":"https:\/\/serbia.com\/srpski\/wp-json\/wp\/v2\/categories?post=34674"},{"taxonomy":"post_tag","embeddable":true,"href":"https:\/\/serbia.com\/srpski\/wp-json\/wp\/v2\/tags?post=34674"}],"curies":[{"name":"wp","href":"https:\/\/api.w.org\/{rel}","templated":true}]}}