{"id":34616,"date":"2015-07-02T15:11:01","date_gmt":"2015-07-02T13:11:01","guid":{"rendered":"http:\/\/www.serbia.com\/?page_id=34616"},"modified":"2024-06-06T09:08:58","modified_gmt":"2024-06-06T07:08:58","slug":"filigranski-zanat","status":"publish","type":"page","link":"https:\/\/serbia.com\/srpski\/o-srbiji\/kultura\/nematerijalno-kulturno-nasledje-srbije\/tragovima-nematerijalnog-kulturnog-nasleda-srbije\/filigranski-zanat\/","title":{"rendered":"Filigranski zanat"},"content":{"rendered":"<h4>Du\u017ee od pola veka, u maloj radionici u <a title=\"Kraljevo, grad sedam kraljeva\" href=\"http:\/\/www.serbia.com\/srpski\/kraljevo-grad-sedam-kraljeva\/\">Kraljevu<\/a>, filigran Krist Beri\u0161a ru\u010dno izra\u0111uje unikatne komade nakita. Pletenjem tankih srebrnih \u017eica, koriste\u0107i svega par alatki, ovaj filigran svakoga dana napravi neko umetni\u010dko delo. Dugotrajan i komplikovan proces izrade, mala zarada i lo\u0161i uslovi za rad,\u00a0nisu spre\u010dili ovog majstora da se bavi onim \u0161to najvi\u0161e voli &#8211; filigranstvom.<\/h4>\n<p>Smirenost ruku i preciznost prstiju, rad, trud, iskustvo, po\u017ertvovanost ali i velika ljubav potrebni su da bi se napravio jedan komad nakita. Iako se sli\u010dan proizvod mo\u017ee na\u0107i u zlatari po ni\u017eoj ceni, razlika izme\u0111u ru\u010dnog rada kojim se dobijaju filingranski komadi nakita i proizvoda masovne proizvodnje je o\u010digledna. <strong>Svaki predmet izra\u0111en ru\u010dno je unikatan, poseban i napravljen s ljubavlju<\/strong>.<\/p>\n<p><iframe loading=\"lazy\" title=\"Tragovima nematerijalnog kulturnog nasle\u0111a Srbije - Filigranski zanat\" width=\"640\" height=\"360\" src=\"https:\/\/www.youtube.com\/embed\/zWBb4bXc87I?feature=oembed\" frameborder=\"0\" allow=\"accelerometer; autoplay; clipboard-write; encrypted-media; gyroscope; picture-in-picture; web-share\" referrerpolicy=\"strict-origin-when-cross-origin\" allowfullscreen><\/iframe><\/p>\n<p>Filigranstvo je zanat u kome se na stari na\u010din izra\u0111uju predmeti od srebra, a\u00a0re\u0111e\u00a0od bakra i zlata. Predstavlja sitan rad, gde filigran ru\u010dno plete veoma tanke srebrne \u017eice od kojih\u00a0pravi oblike, i na kraju od njih dobija unikatan komad. Narukvice, ogrlice, prstenje ali i razne \u010dinije, kandila i ukrasi, naj\u010de\u0161\u0107i su predmeti koje filigran izra\u0111uje.<\/p>\n<p><strong>Za jednu narukvicu nekad je potrebno i do osam sati, a za slo\u017eenije predmete i po nekoliko dana, pa \u010dak i meseci<\/strong>. Da bi se ovaj zanat usavr\u0161io potrebno je dosta vremena, a samo filigrani sa velikim iskustvom i znanjem postaju veliki majstori.<\/p>\n<p>Iako je filigranstvo u Srbiju do\u0161lo relativno rano, danas je potra\u017enja za proizvodima ovog starog zanata relativno mala. <strong>Samo nekoliko ljudi u Srbiji je odlu\u010dilo da se bavi ovom starom tehnikom izrade nakita<\/strong>, a filigran Krist Beri\u0161a je pravi sre\u0107nik \u0161to njegov unuk \u017eeli da nastavi porodi\u010dnu tradiciju.<\/p>\n<p>Ukoliko se ne obezbedi\u00a0pomo\u0107, podr\u0161ka, bolja predstavljenost i ve\u0107a potra\u017enja za komadima koji prave, broj filigrana u Srbiji \u0107e se u budu\u0107nosti dodatno smanjivati.<\/p>\n<p><strong>Slede\u0107i put kada vam zatreba zanimljiv i unikatan poklon, ili kada po\u017eelite nekoga da obradujete, umesto zlatare posetite neku filigransku radionicu, sigurni smo da \u0107ete prona\u0107i ne\u0161to \u0161to vam se dopada<\/strong>.<\/p>\n","protected":false},"excerpt":{"rendered":"<p>Du\u017ee od pola veka, u maloj radionici u Kraljevu, filigran Krist Beri\u0161a ru\u010dno izra\u0111uje unikatne komade nakita. Pletenjem tankih srebrnih \u017eica, koriste\u0107i svega par alatki, ovaj filigran svakoga dana napravi [&hellip;]<\/p>\n","protected":false},"author":27,"featured_media":34613,"parent":33999,"menu_order":0,"comment_status":"closed","ping_status":"closed","template":"","meta":{"_acf_changed":false,"inline_featured_image":false,"_monsterinsights_skip_tracking":false,"_monsterinsights_sitenote_active":false,"_monsterinsights_sitenote_note":"","_monsterinsights_sitenote_category":0,"footnotes":""},"categories":[3352],"tags":[6642],"class_list":["post-34616","page","type-page","status-publish","has-post-thumbnail","hentry","category-nematerijalno-kulturno-naslede","tag-filigranski-zanat"],"acf":[],"yoast_head":"<!-- This site is optimized with the Yoast SEO plugin v23.8 - https:\/\/yoast.com\/wordpress\/plugins\/seo\/ -->\n<title>Filigranski zanat - Serbia.com<\/title>\n<meta name=\"robots\" content=\"index, follow, max-snippet:-1, max-image-preview:large, max-video-preview:-1\" \/>\n<link rel=\"canonical\" href=\"https:\/\/serbia.com\/srpski\/o-srbiji\/kultura\/nematerijalno-kulturno-nasledje-srbije\/tragovima-nematerijalnog-kulturnog-nasleda-srbije\/filigranski-zanat\/\" \/>\n<meta property=\"og:locale\" content=\"en_US\" \/>\n<meta property=\"og:type\" content=\"article\" \/>\n<meta property=\"og:title\" content=\"Filigranski zanat - Serbia.com\" \/>\n<meta property=\"og:description\" content=\"Du\u017ee od pola veka, u maloj radionici u Kraljevu, filigran Krist Beri\u0161a ru\u010dno izra\u0111uje unikatne komade nakita. Pletenjem tankih srebrnih \u017eica, koriste\u0107i svega par alatki, ovaj filigran svakoga dana napravi [&hellip;]\" \/>\n<meta property=\"og:url\" content=\"https:\/\/serbia.com\/srpski\/o-srbiji\/kultura\/nematerijalno-kulturno-nasledje-srbije\/tragovima-nematerijalnog-kulturnog-nasleda-srbije\/filigranski-zanat\/\" \/>\n<meta property=\"og:site_name\" content=\"Serbia.com\" \/>\n<meta property=\"article:modified_time\" content=\"2024-06-06T07:08:58+00:00\" \/>\n<meta property=\"og:image\" content=\"https:\/\/serbia.com\/wp-content\/uploads\/2015\/07\/filigran4.jpg\" \/>\n\t<meta property=\"og:image:width\" content=\"1600\" \/>\n\t<meta property=\"og:image:height\" content=\"1063\" \/>\n\t<meta property=\"og:image:type\" content=\"image\/jpeg\" \/>\n<meta name=\"twitter:label1\" content=\"Est. reading time\" \/>\n\t<meta name=\"twitter:data1\" content=\"2 minutes\" \/>\n<script type=\"application\/ld+json\" class=\"yoast-schema-graph\">{\"@context\":\"https:\/\/schema.org\",\"@graph\":[{\"@type\":\"WebPage\",\"@id\":\"https:\/\/serbia.com\/srpski\/o-srbiji\/kultura\/nematerijalno-kulturno-nasledje-srbije\/tragovima-nematerijalnog-kulturnog-nasleda-srbije\/filigranski-zanat\/\",\"url\":\"https:\/\/serbia.com\/srpski\/o-srbiji\/kultura\/nematerijalno-kulturno-nasledje-srbije\/tragovima-nematerijalnog-kulturnog-nasleda-srbije\/filigranski-zanat\/\",\"name\":\"Filigranski zanat - Serbia.com\",\"isPartOf\":{\"@id\":\"https:\/\/serbia.com\/#website\"},\"primaryImageOfPage\":{\"@id\":\"https:\/\/serbia.com\/srpski\/o-srbiji\/kultura\/nematerijalno-kulturno-nasledje-srbije\/tragovima-nematerijalnog-kulturnog-nasleda-srbije\/filigranski-zanat\/#primaryimage\"},\"image\":{\"@id\":\"https:\/\/serbia.com\/srpski\/o-srbiji\/kultura\/nematerijalno-kulturno-nasledje-srbije\/tragovima-nematerijalnog-kulturnog-nasleda-srbije\/filigranski-zanat\/#primaryimage\"},\"thumbnailUrl\":\"https:\/\/serbia.com\/wp-content\/uploads\/2015\/07\/filigran4.jpg\",\"datePublished\":\"2015-07-02T13:11:01+00:00\",\"dateModified\":\"2024-06-06T07:08:58+00:00\",\"breadcrumb\":{\"@id\":\"https:\/\/serbia.com\/srpski\/o-srbiji\/kultura\/nematerijalno-kulturno-nasledje-srbije\/tragovima-nematerijalnog-kulturnog-nasleda-srbije\/filigranski-zanat\/#breadcrumb\"},\"inLanguage\":\"srpski\",\"potentialAction\":[{\"@type\":\"ReadAction\",\"target\":[\"https:\/\/serbia.com\/srpski\/o-srbiji\/kultura\/nematerijalno-kulturno-nasledje-srbije\/tragovima-nematerijalnog-kulturnog-nasleda-srbije\/filigranski-zanat\/\"]}]},{\"@type\":\"ImageObject\",\"inLanguage\":\"srpski\",\"@id\":\"https:\/\/serbia.com\/srpski\/o-srbiji\/kultura\/nematerijalno-kulturno-nasledje-srbije\/tragovima-nematerijalnog-kulturnog-nasleda-srbije\/filigranski-zanat\/#primaryimage\",\"url\":\"https:\/\/serbia.com\/wp-content\/uploads\/2015\/07\/filigran4.jpg\",\"contentUrl\":\"https:\/\/serbia.com\/wp-content\/uploads\/2015\/07\/filigran4.jpg\",\"width\":1600,\"height\":1063},{\"@type\":\"BreadcrumbList\",\"@id\":\"https:\/\/serbia.com\/srpski\/o-srbiji\/kultura\/nematerijalno-kulturno-nasledje-srbije\/tragovima-nematerijalnog-kulturnog-nasleda-srbije\/filigranski-zanat\/#breadcrumb\",\"itemListElement\":[{\"@type\":\"ListItem\",\"position\":1,\"name\":\"Home\",\"item\":\"https:\/\/serbia.com\/srpski\/\"},{\"@type\":\"ListItem\",\"position\":2,\"name\":\"O Srbiji\",\"item\":\"https:\/\/serbia.com\/srpski\/o-srbiji\/\"},{\"@type\":\"ListItem\",\"position\":3,\"name\":\"Kultura\",\"item\":\"https:\/\/serbia.com\/srpski\/o-srbiji\/kultura\/\"},{\"@type\":\"ListItem\",\"position\":4,\"name\":\"Nematerijalno kulturno nasle\u0111e Srbije\",\"item\":\"https:\/\/serbia.com\/srpski\/o-srbiji\/kultura\/nematerijalno-kulturno-nasledje-srbije\/\"},{\"@type\":\"ListItem\",\"position\":5,\"name\":\"Tragovima nematerijalnog kulturnog nasle\u0111a Srbije\",\"item\":\"https:\/\/serbia.com\/srpski\/o-srbiji\/kultura\/nematerijalno-kulturno-nasledje-srbije\/tragovima-nematerijalnog-kulturnog-nasleda-srbije\/\"},{\"@type\":\"ListItem\",\"position\":6,\"name\":\"Filigranski zanat\"}]},{\"@type\":\"WebSite\",\"@id\":\"https:\/\/serbia.com\/#website\",\"url\":\"https:\/\/serbia.com\/\",\"name\":\"Serbia.com\",\"description\":\"Your Gateway to Serbia\",\"potentialAction\":[{\"@type\":\"SearchAction\",\"target\":{\"@type\":\"EntryPoint\",\"urlTemplate\":\"https:\/\/serbia.com\/?s={search_term_string}\"},\"query-input\":{\"@type\":\"PropertyValueSpecification\",\"valueRequired\":true,\"valueName\":\"search_term_string\"}}],\"inLanguage\":\"srpski\"}]}<\/script>\n<!-- \/ Yoast SEO plugin. -->","yoast_head_json":{"title":"Filigranski zanat - Serbia.com","robots":{"index":"index","follow":"follow","max-snippet":"max-snippet:-1","max-image-preview":"max-image-preview:large","max-video-preview":"max-video-preview:-1"},"canonical":"https:\/\/serbia.com\/srpski\/o-srbiji\/kultura\/nematerijalno-kulturno-nasledje-srbije\/tragovima-nematerijalnog-kulturnog-nasleda-srbije\/filigranski-zanat\/","og_locale":"en_US","og_type":"article","og_title":"Filigranski zanat - Serbia.com","og_description":"Du\u017ee od pola veka, u maloj radionici u Kraljevu, filigran Krist Beri\u0161a ru\u010dno izra\u0111uje unikatne komade nakita. Pletenjem tankih srebrnih \u017eica, koriste\u0107i svega par alatki, ovaj filigran svakoga dana napravi [&hellip;]","og_url":"https:\/\/serbia.com\/srpski\/o-srbiji\/kultura\/nematerijalno-kulturno-nasledje-srbije\/tragovima-nematerijalnog-kulturnog-nasleda-srbije\/filigranski-zanat\/","og_site_name":"Serbia.com","article_modified_time":"2024-06-06T07:08:58+00:00","og_image":[{"width":1600,"height":1063,"url":"https:\/\/serbia.com\/wp-content\/uploads\/2015\/07\/filigran4.jpg","type":"image\/jpeg"}],"twitter_misc":{"Est. reading time":"2 minutes"},"schema":{"@context":"https:\/\/schema.org","@graph":[{"@type":"WebPage","@id":"https:\/\/serbia.com\/srpski\/o-srbiji\/kultura\/nematerijalno-kulturno-nasledje-srbije\/tragovima-nematerijalnog-kulturnog-nasleda-srbije\/filigranski-zanat\/","url":"https:\/\/serbia.com\/srpski\/o-srbiji\/kultura\/nematerijalno-kulturno-nasledje-srbije\/tragovima-nematerijalnog-kulturnog-nasleda-srbije\/filigranski-zanat\/","name":"Filigranski zanat - Serbia.com","isPartOf":{"@id":"https:\/\/serbia.com\/#website"},"primaryImageOfPage":{"@id":"https:\/\/serbia.com\/srpski\/o-srbiji\/kultura\/nematerijalno-kulturno-nasledje-srbije\/tragovima-nematerijalnog-kulturnog-nasleda-srbije\/filigranski-zanat\/#primaryimage"},"image":{"@id":"https:\/\/serbia.com\/srpski\/o-srbiji\/kultura\/nematerijalno-kulturno-nasledje-srbije\/tragovima-nematerijalnog-kulturnog-nasleda-srbije\/filigranski-zanat\/#primaryimage"},"thumbnailUrl":"https:\/\/serbia.com\/wp-content\/uploads\/2015\/07\/filigran4.jpg","datePublished":"2015-07-02T13:11:01+00:00","dateModified":"2024-06-06T07:08:58+00:00","breadcrumb":{"@id":"https:\/\/serbia.com\/srpski\/o-srbiji\/kultura\/nematerijalno-kulturno-nasledje-srbije\/tragovima-nematerijalnog-kulturnog-nasleda-srbije\/filigranski-zanat\/#breadcrumb"},"inLanguage":"srpski","potentialAction":[{"@type":"ReadAction","target":["https:\/\/serbia.com\/srpski\/o-srbiji\/kultura\/nematerijalno-kulturno-nasledje-srbije\/tragovima-nematerijalnog-kulturnog-nasleda-srbije\/filigranski-zanat\/"]}]},{"@type":"ImageObject","inLanguage":"srpski","@id":"https:\/\/serbia.com\/srpski\/o-srbiji\/kultura\/nematerijalno-kulturno-nasledje-srbije\/tragovima-nematerijalnog-kulturnog-nasleda-srbije\/filigranski-zanat\/#primaryimage","url":"https:\/\/serbia.com\/wp-content\/uploads\/2015\/07\/filigran4.jpg","contentUrl":"https:\/\/serbia.com\/wp-content\/uploads\/2015\/07\/filigran4.jpg","width":1600,"height":1063},{"@type":"BreadcrumbList","@id":"https:\/\/serbia.com\/srpski\/o-srbiji\/kultura\/nematerijalno-kulturno-nasledje-srbije\/tragovima-nematerijalnog-kulturnog-nasleda-srbije\/filigranski-zanat\/#breadcrumb","itemListElement":[{"@type":"ListItem","position":1,"name":"Home","item":"https:\/\/serbia.com\/srpski\/"},{"@type":"ListItem","position":2,"name":"O Srbiji","item":"https:\/\/serbia.com\/srpski\/o-srbiji\/"},{"@type":"ListItem","position":3,"name":"Kultura","item":"https:\/\/serbia.com\/srpski\/o-srbiji\/kultura\/"},{"@type":"ListItem","position":4,"name":"Nematerijalno kulturno nasle\u0111e Srbije","item":"https:\/\/serbia.com\/srpski\/o-srbiji\/kultura\/nematerijalno-kulturno-nasledje-srbije\/"},{"@type":"ListItem","position":5,"name":"Tragovima nematerijalnog kulturnog nasle\u0111a Srbije","item":"https:\/\/serbia.com\/srpski\/o-srbiji\/kultura\/nematerijalno-kulturno-nasledje-srbije\/tragovima-nematerijalnog-kulturnog-nasleda-srbije\/"},{"@type":"ListItem","position":6,"name":"Filigranski zanat"}]},{"@type":"WebSite","@id":"https:\/\/serbia.com\/#website","url":"https:\/\/serbia.com\/","name":"Serbia.com","description":"Your Gateway to Serbia","potentialAction":[{"@type":"SearchAction","target":{"@type":"EntryPoint","urlTemplate":"https:\/\/serbia.com\/?s={search_term_string}"},"query-input":{"@type":"PropertyValueSpecification","valueRequired":true,"valueName":"search_term_string"}}],"inLanguage":"srpski"}]}},"_links":{"self":[{"href":"https:\/\/serbia.com\/srpski\/wp-json\/wp\/v2\/pages\/34616"}],"collection":[{"href":"https:\/\/serbia.com\/srpski\/wp-json\/wp\/v2\/pages"}],"about":[{"href":"https:\/\/serbia.com\/srpski\/wp-json\/wp\/v2\/types\/page"}],"author":[{"embeddable":true,"href":"https:\/\/serbia.com\/srpski\/wp-json\/wp\/v2\/users\/27"}],"replies":[{"embeddable":true,"href":"https:\/\/serbia.com\/srpski\/wp-json\/wp\/v2\/comments?post=34616"}],"version-history":[{"count":1,"href":"https:\/\/serbia.com\/srpski\/wp-json\/wp\/v2\/pages\/34616\/revisions"}],"predecessor-version":[{"id":53327,"href":"https:\/\/serbia.com\/srpski\/wp-json\/wp\/v2\/pages\/34616\/revisions\/53327"}],"up":[{"embeddable":true,"href":"https:\/\/serbia.com\/srpski\/wp-json\/wp\/v2\/pages\/33999"}],"wp:featuredmedia":[{"embeddable":true,"href":"https:\/\/serbia.com\/srpski\/wp-json\/wp\/v2\/media\/34613"}],"wp:attachment":[{"href":"https:\/\/serbia.com\/srpski\/wp-json\/wp\/v2\/media?parent=34616"}],"wp:term":[{"taxonomy":"category","embeddable":true,"href":"https:\/\/serbia.com\/srpski\/wp-json\/wp\/v2\/categories?post=34616"},{"taxonomy":"post_tag","embeddable":true,"href":"https:\/\/serbia.com\/srpski\/wp-json\/wp\/v2\/tags?post=34616"}],"curies":[{"name":"wp","href":"https:\/\/api.w.org\/{rel}","templated":true}]}}