{"id":34591,"date":"2015-06-29T14:17:10","date_gmt":"2015-06-29T12:17:10","guid":{"rendered":"http:\/\/www.serbia.com\/?page_id=34591"},"modified":"2015-06-29T14:17:10","modified_gmt":"2015-06-29T12:17:10","slug":"kralj-milan-obrenovic","status":"publish","type":"page","link":"https:\/\/serbia.com\/srpski\/o-srbiji\/poznati-srbi\/istorijske-licnosti\/kralj-milan-obrenovic\/","title":{"rendered":"Kralj Milan Obrenovi\u0107"},"content":{"rendered":"<h4>Kralj Milan Obrenovi\u0107 sakupio je umetni\u010dku kolekciju neprocenjive vrednosti u kojoj su bili radovi velikih srpskih slikara, ali i zbirka impresionisti\u010dkih dela. Kolekcija je nestala nakon Majskog prevrata 1903.<\/h4>\n<p><strong>Kada je, u maju 1903. godine izvr\u0161en atentat na kralja Aleksandra i kraljicu Dragu Obrenovi\u0107<\/strong>, sa scene Srbije nije samo zauvek nestala dinastija Obrenovi\u0107. U mesecima koji su usledili, <strong>uni\u0161tene su, nestale ili su ukradene i mnogobrojne slike i druga umetni\u010dka dela iz kolekcije koju je sastavio Aleksandrov otac, kralj Milan Obrenovi\u0107,<\/strong>prvi srpski novovekovni kralj, ali i veliki kolekcionar i bonvivan.<\/p>\n<p><strong>Neka od ovih vrednih dela jo\u0161 uvek se smatraju nestalim, a neka s vremena na vreme, izrone iz zaborava, danas kao vlasni\u0161tvo bogatih porodica \u0161irom sveta.<\/strong><\/p>\n<p><img loading=\"lazy\" decoding=\"async\" class=\"alignleft size-medium wp-image-34588\" src=\"http:\/\/www.serbia.com\/wp-content\/uploads\/2015\/06\/kralj-milan-251x300.jpg\" alt=\"kralj-milan\" width=\"251\" height=\"300\" srcset=\"https:\/\/serbia.com\/wp-content\/uploads\/2015\/06\/kralj-milan-251x300.jpg 251w, https:\/\/serbia.com\/wp-content\/uploads\/2015\/06\/kralj-milan-856x1024.jpg 856w, https:\/\/serbia.com\/wp-content\/uploads\/2015\/06\/kralj-milan.jpg 961w\" sizes=\"auto, (max-width: 251px) 100vw, 251px\" \/>U svom dvoru u <a title=\"Beograd\" href=\"http:\/\/serbia.com\/srpski\/beograd\/\">Beogradu<\/a>, danas zdanju Skup\u0161tine grada, poznatijem pod imenom \u201eStari dvor\u201c i simboli\u010dno sme\u0161tenom u ulici Kralja Milana, ovaj vladar je sakupljao dela svih evropskih umetnika tog vremena.<\/p>\n<p><strong>Milan Obrenovi\u0107 je bio verovatno jedini evropski monarh koji je imao sluha za impresionisti\u010dko slikarstvo.<\/strong> Pravac koji \u0107e tek u kasnijim decenijama u Evropi postati stvar presti\u017ea i dominacije, u Srbiji je jo\u0161 \u201970-ih godina 19. veka imao pasioniranog ljubitelja \u2013 i to kralja!<\/p>\n<p>Milan Obrenovi\u0107 je imao zavidnu zbirku dela impresionista, sa ovim \u201eodba\u010denim slikarima\u201c se u Parizu dru\u017eio i delio mnoge njihove vrednosti. Ostala je zabele\u017eena pri\u010da da je upravo u \u201egradu svetlosti\u201c, srpski kralj znao da no\u0107u upadne u ku\u0107u i budi \u010duvenog francuskog slikara Tuluz-Lotreka, samo da bi od njega kupio sliku.<\/p>\n<p>Posle Majskog prevrata, kolekciji ovih slika se izgubio svaki trag i one ni do danas nisu prona\u0111ene. A kako nikada nije ni napravljen ta\u010dan popis dela koje je kralj posedovao, o njenoj vrednosti se danas mo\u017ee samo naga\u0111ati.<\/p>\n<p>Ipak, nada za pronalazak jo\u0161 uvek postoji. U svojoj kolekciji, kralj Milan je imao i dela najpoznatijih srpskih slikara.<strong>Nedavno je na svetlost dana, posle vi\u0161e od 100 godina, iza\u0161ao portret kraljice Natalije Obrenovi\u0107, delo \u010duvenog Uro\u0161a Predi\u0107a.<\/strong> Kralj Milan je posedovao 2-3 slike ovog autora, a o putu kralji\u010dinog portreta dugom vi\u0161e od jednog veka \u2013 od dvora do aukcijske ku\u0107e u Be\u010du, za sada se mo\u017ee samo naga\u0111ati.<\/p>\n<p>Sli\u010dno, u jednom selu kod Ni\u0161a je otkriven portret Milana Obrenovi\u0107a, delo \u0110or\u0111a Krsti\u0107a, kraljevog stipendiste i jednog od najpoznatijih srpskih realista. U vreme Prvog svetskog rata, sliku su sabljama isekli bugarski vojnici. Te\u0161ko o\u0161te\u0107eno delo, koje je jedinstveno u srpskom slikarstvu kao jedini prostorni portret, nedavno je restaurirano.<\/p>\n<p>O tome koliko je voleo umetnost i koliki je kolekcionar kralj Milan bio govori i podatak da ga je u Beogradu posetio Filip Larenotjer de Ferari \u2013 najpoznatiji filatelista i numizmati\u010dar svih vremena i kasnije veliki prijatelj srpskog kralja!<\/p>\n<p>Kada su se u Beogradu susrela dva strastvena kolekcionara, kralj Milan je re\u0161io da prijatelju pokloni jedinstven dar \u2013 dao je da se od\u0161tampa po\u0161tanska marka sa njegovim likom, ali tako da sa jedne strane njegova glava bude obrnuta tj. naopako postavljena. Markicu je poklonio Ferariju i to je do danas najskuplja srpska marka \u2013 procenjuje se na 80.000 \u0161vajcarskih franaka!<\/p>\n<p>Za vreme vladavine kralja Milana Obrenovi\u0107a, Srbija je postala nezavisna dr\u017eava na Berlinskom kongresu, 1878. i po\u010dela da li\u010di na modernu evropsku dr\u017eavu \u2013 izgra\u0111ena je \u017eeleznica, osnovana je Narodna banka, Srpska kraljevska akademija, preure\u0111ena je vojska\u2026<\/p>\n<p>Velike promene desile su se i u umetnosti \u2013 u Srbiju su po\u010deli da sti\u017eu umetni\u010dki uticaji sa Zapada, srpski slikari su se uklju\u010dili u svetske tokove, a kralj je i sam bio ktitor brojnih mladih umetnika koji su slati u Pariz i Be\u010d, na \u0161kolovanje i usavr\u0161avanje.[ultimate_spacer height=&#8221;30&#8243;][dt_fancy_title title=&#8221;Povezani \u010dlanci&#8221; title_align=&#8221;left&#8221; title_size=&#8221;normal&#8221; title_color=&#8221;accent&#8221; el_width=&#8221;100&#8243; title_bg=&#8221;disabled&#8221; separator_color=&#8221;default&#8221;][ultimate_spacer height=&#8221;30&#8243; height_on_tabs=&#8221;&#8221; height_on_tabs_portrait=&#8221;&#8221; height_on_mob_landscape=&#8221;&#8221; height_on_mob=&#8221;&#8221;]<\/p>\n","protected":false},"excerpt":{"rendered":"<p>Kralj Milan Obrenovi\u0107 sakupio je umetni\u010dku kolekciju neprocenjive vrednosti u kojoj su bili radovi velikih srpskih slikara, ali i zbirka impresionisti\u010dkih dela. Kolekcija je nestala nakon Majskog prevrata 1903. Kada [&hellip;]<\/p>\n","protected":false},"author":27,"featured_media":34582,"parent":21045,"menu_order":0,"comment_status":"closed","ping_status":"closed","template":"","meta":{"_acf_changed":false,"inline_featured_image":false,"_monsterinsights_skip_tracking":false,"_monsterinsights_sitenote_active":false,"_monsterinsights_sitenote_note":"","_monsterinsights_sitenote_category":0,"footnotes":""},"categories":[2815],"tags":[],"class_list":["post-34591","page","type-page","status-publish","has-post-thumbnail","hentry","category-istorijske-licnosti"],"acf":[],"yoast_head":"<!-- This site is optimized with the Yoast SEO plugin v27.4 - https:\/\/yoast.com\/product\/yoast-seo-wordpress\/ -->\n<title>Kralj Milan Obrenovi\u0107 - Serbia.com<\/title>\n<meta name=\"robots\" content=\"index, follow, max-snippet:-1, max-image-preview:large, max-video-preview:-1\" \/>\n<link rel=\"canonical\" href=\"https:\/\/serbia.com\/srpski\/o-srbiji\/poznati-srbi\/istorijske-licnosti\/kralj-milan-obrenovic\/\" \/>\n<meta property=\"og:locale\" content=\"en_US\" \/>\n<meta property=\"og:type\" content=\"article\" \/>\n<meta property=\"og:title\" content=\"Kralj Milan Obrenovi\u0107 - Serbia.com\" \/>\n<meta property=\"og:description\" content=\"Kralj Milan Obrenovi\u0107 sakupio je umetni\u010dku kolekciju neprocenjive vrednosti u kojoj su bili radovi velikih srpskih slikara, ali i zbirka impresionisti\u010dkih dela. Kolekcija je nestala nakon Majskog prevrata 1903. Kada [&hellip;]\" \/>\n<meta property=\"og:url\" content=\"https:\/\/serbia.com\/srpski\/o-srbiji\/poznati-srbi\/istorijske-licnosti\/kralj-milan-obrenovic\/\" \/>\n<meta property=\"og:site_name\" content=\"Serbia.com\" \/>\n<meta property=\"og:image\" content=\"https:\/\/serbia.com\/wp-content\/uploads\/2015\/06\/milan1.jpg\" \/>\n\t<meta property=\"og:image:width\" content=\"1439\" \/>\n\t<meta property=\"og:image:height\" content=\"791\" \/>\n\t<meta property=\"og:image:type\" content=\"image\/jpeg\" \/>\n<meta name=\"twitter:label1\" content=\"Est. reading time\" \/>\n\t<meta name=\"twitter:data1\" content=\"3 minutes\" \/>\n<script type=\"application\/ld+json\" class=\"yoast-schema-graph\">{\"@context\":\"https:\\\/\\\/schema.org\",\"@graph\":[{\"@type\":\"WebPage\",\"@id\":\"https:\\\/\\\/serbia.com\\\/srpski\\\/o-srbiji\\\/poznati-srbi\\\/istorijske-licnosti\\\/kralj-milan-obrenovic\\\/\",\"url\":\"https:\\\/\\\/serbia.com\\\/srpski\\\/o-srbiji\\\/poznati-srbi\\\/istorijske-licnosti\\\/kralj-milan-obrenovic\\\/\",\"name\":\"Kralj Milan Obrenovi\u0107 - Serbia.com\",\"isPartOf\":{\"@id\":\"https:\\\/\\\/serbia.com\\\/#website\"},\"primaryImageOfPage\":{\"@id\":\"https:\\\/\\\/serbia.com\\\/srpski\\\/o-srbiji\\\/poznati-srbi\\\/istorijske-licnosti\\\/kralj-milan-obrenovic\\\/#primaryimage\"},\"image\":{\"@id\":\"https:\\\/\\\/serbia.com\\\/srpski\\\/o-srbiji\\\/poznati-srbi\\\/istorijske-licnosti\\\/kralj-milan-obrenovic\\\/#primaryimage\"},\"thumbnailUrl\":\"https:\\\/\\\/serbia.com\\\/wp-content\\\/uploads\\\/2015\\\/06\\\/milan1.jpg\",\"datePublished\":\"2015-06-29T12:17:10+00:00\",\"breadcrumb\":{\"@id\":\"https:\\\/\\\/serbia.com\\\/srpski\\\/o-srbiji\\\/poznati-srbi\\\/istorijske-licnosti\\\/kralj-milan-obrenovic\\\/#breadcrumb\"},\"inLanguage\":\"srpski\",\"potentialAction\":[{\"@type\":\"ReadAction\",\"target\":[\"https:\\\/\\\/serbia.com\\\/srpski\\\/o-srbiji\\\/poznati-srbi\\\/istorijske-licnosti\\\/kralj-milan-obrenovic\\\/\"]}]},{\"@type\":\"ImageObject\",\"inLanguage\":\"srpski\",\"@id\":\"https:\\\/\\\/serbia.com\\\/srpski\\\/o-srbiji\\\/poznati-srbi\\\/istorijske-licnosti\\\/kralj-milan-obrenovic\\\/#primaryimage\",\"url\":\"https:\\\/\\\/serbia.com\\\/wp-content\\\/uploads\\\/2015\\\/06\\\/milan1.jpg\",\"contentUrl\":\"https:\\\/\\\/serbia.com\\\/wp-content\\\/uploads\\\/2015\\\/06\\\/milan1.jpg\",\"width\":1439,\"height\":791},{\"@type\":\"BreadcrumbList\",\"@id\":\"https:\\\/\\\/serbia.com\\\/srpski\\\/o-srbiji\\\/poznati-srbi\\\/istorijske-licnosti\\\/kralj-milan-obrenovic\\\/#breadcrumb\",\"itemListElement\":[{\"@type\":\"ListItem\",\"position\":1,\"name\":\"Home\",\"item\":\"https:\\\/\\\/serbia.com\\\/srpski\\\/\"},{\"@type\":\"ListItem\",\"position\":2,\"name\":\"O Srbiji\",\"item\":\"https:\\\/\\\/serbia.com\\\/srpski\\\/o-srbiji\\\/\"},{\"@type\":\"ListItem\",\"position\":3,\"name\":\"Poznati Srbi\",\"item\":\"https:\\\/\\\/serbia.com\\\/srpski\\\/o-srbiji\\\/poznati-srbi\\\/\"},{\"@type\":\"ListItem\",\"position\":4,\"name\":\"Istorijske li\u010dnosti\",\"item\":\"https:\\\/\\\/serbia.com\\\/srpski\\\/o-srbiji\\\/poznati-srbi\\\/istorijske-licnosti\\\/\"},{\"@type\":\"ListItem\",\"position\":5,\"name\":\"Kralj Milan Obrenovi\u0107\"}]},{\"@type\":\"WebSite\",\"@id\":\"https:\\\/\\\/serbia.com\\\/#website\",\"url\":\"https:\\\/\\\/serbia.com\\\/\",\"name\":\"Serbia.com\",\"description\":\"Your Gateway to Serbia\",\"potentialAction\":[{\"@type\":\"SearchAction\",\"target\":{\"@type\":\"EntryPoint\",\"urlTemplate\":\"https:\\\/\\\/serbia.com\\\/?s={search_term_string}\"},\"query-input\":{\"@type\":\"PropertyValueSpecification\",\"valueRequired\":true,\"valueName\":\"search_term_string\"}}],\"inLanguage\":\"srpski\"}]}<\/script>\n<!-- \/ Yoast SEO plugin. -->","yoast_head_json":{"title":"Kralj Milan Obrenovi\u0107 - Serbia.com","robots":{"index":"index","follow":"follow","max-snippet":"max-snippet:-1","max-image-preview":"max-image-preview:large","max-video-preview":"max-video-preview:-1"},"canonical":"https:\/\/serbia.com\/srpski\/o-srbiji\/poznati-srbi\/istorijske-licnosti\/kralj-milan-obrenovic\/","og_locale":"en_US","og_type":"article","og_title":"Kralj Milan Obrenovi\u0107 - Serbia.com","og_description":"Kralj Milan Obrenovi\u0107 sakupio je umetni\u010dku kolekciju neprocenjive vrednosti u kojoj su bili radovi velikih srpskih slikara, ali i zbirka impresionisti\u010dkih dela. Kolekcija je nestala nakon Majskog prevrata 1903. Kada [&hellip;]","og_url":"https:\/\/serbia.com\/srpski\/o-srbiji\/poznati-srbi\/istorijske-licnosti\/kralj-milan-obrenovic\/","og_site_name":"Serbia.com","og_image":[{"width":1439,"height":791,"url":"https:\/\/serbia.com\/wp-content\/uploads\/2015\/06\/milan1.jpg","type":"image\/jpeg"}],"twitter_misc":{"Est. reading time":"3 minutes"},"schema":{"@context":"https:\/\/schema.org","@graph":[{"@type":"WebPage","@id":"https:\/\/serbia.com\/srpski\/o-srbiji\/poznati-srbi\/istorijske-licnosti\/kralj-milan-obrenovic\/","url":"https:\/\/serbia.com\/srpski\/o-srbiji\/poznati-srbi\/istorijske-licnosti\/kralj-milan-obrenovic\/","name":"Kralj Milan Obrenovi\u0107 - Serbia.com","isPartOf":{"@id":"https:\/\/serbia.com\/#website"},"primaryImageOfPage":{"@id":"https:\/\/serbia.com\/srpski\/o-srbiji\/poznati-srbi\/istorijske-licnosti\/kralj-milan-obrenovic\/#primaryimage"},"image":{"@id":"https:\/\/serbia.com\/srpski\/o-srbiji\/poznati-srbi\/istorijske-licnosti\/kralj-milan-obrenovic\/#primaryimage"},"thumbnailUrl":"https:\/\/serbia.com\/wp-content\/uploads\/2015\/06\/milan1.jpg","datePublished":"2015-06-29T12:17:10+00:00","breadcrumb":{"@id":"https:\/\/serbia.com\/srpski\/o-srbiji\/poznati-srbi\/istorijske-licnosti\/kralj-milan-obrenovic\/#breadcrumb"},"inLanguage":"srpski","potentialAction":[{"@type":"ReadAction","target":["https:\/\/serbia.com\/srpski\/o-srbiji\/poznati-srbi\/istorijske-licnosti\/kralj-milan-obrenovic\/"]}]},{"@type":"ImageObject","inLanguage":"srpski","@id":"https:\/\/serbia.com\/srpski\/o-srbiji\/poznati-srbi\/istorijske-licnosti\/kralj-milan-obrenovic\/#primaryimage","url":"https:\/\/serbia.com\/wp-content\/uploads\/2015\/06\/milan1.jpg","contentUrl":"https:\/\/serbia.com\/wp-content\/uploads\/2015\/06\/milan1.jpg","width":1439,"height":791},{"@type":"BreadcrumbList","@id":"https:\/\/serbia.com\/srpski\/o-srbiji\/poznati-srbi\/istorijske-licnosti\/kralj-milan-obrenovic\/#breadcrumb","itemListElement":[{"@type":"ListItem","position":1,"name":"Home","item":"https:\/\/serbia.com\/srpski\/"},{"@type":"ListItem","position":2,"name":"O Srbiji","item":"https:\/\/serbia.com\/srpski\/o-srbiji\/"},{"@type":"ListItem","position":3,"name":"Poznati Srbi","item":"https:\/\/serbia.com\/srpski\/o-srbiji\/poznati-srbi\/"},{"@type":"ListItem","position":4,"name":"Istorijske li\u010dnosti","item":"https:\/\/serbia.com\/srpski\/o-srbiji\/poznati-srbi\/istorijske-licnosti\/"},{"@type":"ListItem","position":5,"name":"Kralj Milan Obrenovi\u0107"}]},{"@type":"WebSite","@id":"https:\/\/serbia.com\/#website","url":"https:\/\/serbia.com\/","name":"Serbia.com","description":"Your Gateway to Serbia","potentialAction":[{"@type":"SearchAction","target":{"@type":"EntryPoint","urlTemplate":"https:\/\/serbia.com\/?s={search_term_string}"},"query-input":{"@type":"PropertyValueSpecification","valueRequired":true,"valueName":"search_term_string"}}],"inLanguage":"srpski"}]}},"brizy_media":[],"_links":{"self":[{"href":"https:\/\/serbia.com\/srpski\/wp-json\/wp\/v2\/pages\/34591","targetHints":{"allow":["GET"]}}],"collection":[{"href":"https:\/\/serbia.com\/srpski\/wp-json\/wp\/v2\/pages"}],"about":[{"href":"https:\/\/serbia.com\/srpski\/wp-json\/wp\/v2\/types\/page"}],"author":[{"embeddable":true,"href":"https:\/\/serbia.com\/srpski\/wp-json\/wp\/v2\/users\/27"}],"replies":[{"embeddable":true,"href":"https:\/\/serbia.com\/srpski\/wp-json\/wp\/v2\/comments?post=34591"}],"version-history":[{"count":0,"href":"https:\/\/serbia.com\/srpski\/wp-json\/wp\/v2\/pages\/34591\/revisions"}],"up":[{"embeddable":true,"href":"https:\/\/serbia.com\/srpski\/wp-json\/wp\/v2\/pages\/21045"}],"wp:featuredmedia":[{"embeddable":true,"href":"https:\/\/serbia.com\/srpski\/wp-json\/wp\/v2\/media\/34582"}],"wp:attachment":[{"href":"https:\/\/serbia.com\/srpski\/wp-json\/wp\/v2\/media?parent=34591"}],"wp:term":[{"taxonomy":"category","embeddable":true,"href":"https:\/\/serbia.com\/srpski\/wp-json\/wp\/v2\/categories?post=34591"},{"taxonomy":"post_tag","embeddable":true,"href":"https:\/\/serbia.com\/srpski\/wp-json\/wp\/v2\/tags?post=34591"}],"curies":[{"name":"wp","href":"https:\/\/api.w.org\/{rel}","templated":true}]}}