{"id":34517,"date":"2015-06-26T15:48:52","date_gmt":"2015-06-26T13:48:52","guid":{"rendered":"http:\/\/www.serbia.com\/?page_id=34517"},"modified":"2015-11-17T15:05:22","modified_gmt":"2015-11-17T14:05:22","slug":"svetlana-kitic","status":"publish","type":"page","link":"https:\/\/serbia.com\/srpski\/o-srbiji\/poznati-srbi\/sportisti\/svetlana-kitic\/","title":{"rendered":"Svetlana Kiti\u0107"},"content":{"rendered":"<p style=\"text-align: justify;\">\n<h4 style=\"text-align: justify;\">Nazivaju je kraljicom jugoslovenske \u0161kole rukometa i ka\u017eu da je uspevala da nadma\u0161i popularnost sporta kome se posvetila. Danas, kada pomislite na \u017eenski rukomet ne mo\u017eete, a da ujedno ne pomislite na Svetlanu Kiti\u0107, najbolju rukometa\u0161icu svih vremena<b>.<\/b><\/h4>\n<p style=\"text-align: justify;\">Ve\u0107 sa \u0161esnaest godina <strong>Svetlana Kiti\u0107<\/strong> je uspela da utaba put uspeha kojim \u0107e krenuti. Veoma brzo postala je jedna od klju\u010dnih igra\u010dica jugoslovenske reprezentacije, za koju je odigrala ukupno 202\u00a0 utakmica i postigla oko 900 pogodaka.<\/p>\n<p style=\"text-align: justify;\">[doptg id=&#8221;13&#8243;]<\/p>\n<p style=\"text-align: justify;\">Na\u0161a najbolja rukometa\u0161ica ro\u0111ena je 1960. godine u Tuzli. U ozbiljnija takmi\u010denja rukometnog sveta uplovila je sa petnaest godina kada je do\u0161la u Beograd kako bi rukomet trenirala u Radni\u010dkom. Tvrde da je bila izuzetna u rukometnom znanju i ume\u0107u, pravi virtuoz u tehnici i da se svakodnevno dokazivala kao individualac i kao kreator kolektivne igre. Za najbolju mladu rukometa\u0161icu sveta progla\u0161ena je 1977. godine.<\/p>\n<p style=\"text-align: justify;\">Najlep\u0161e uspomene u \u017eivotu vezuju je upravo za <a href=\"http:\/\/www.serbia.com\/srpski\/posetite-srbiju\/sta-videti\/gradovi\/beograd\/\">Beograd<\/a> u koji se preselila veoma mlada.<\/p>\n<p style=\"text-align: justify;\"><strong><i>\u201cU ovom gradu sam odrasla, tu sam provela odre\u0111eni deo detinjstva, mladost, tu sam se razvila kao li\u010dnost, kao igra\u010d i kao \u017eena. Iako\u00a0 jedan deo Bosne \u010du\u010di u meni, moji najve\u0107i uspesi su vezani za Beograd i za reprezentaciju.\u201d<\/i><\/strong><\/p>\n<p style=\"text-align: justify;\">Godinama je bila medijska rukometna li\u010dnost broj jedan i predstavlja zna\u010dajan deo istorije ovog dinami\u010dnog sporta.<\/p>\n<blockquote><p><em><b>Najzna\u010dajnije medalje i titule<\/b><\/em><\/p>\n<p><em>Svetsko prvenstvo u Ma\u0111arskoj 1982. godine &#8211; bronzana medalja \u00a0<\/em><\/p>\n<p><em>Olimpijada u Moskvi 1980. godine &#8211; srebrna medalja<\/em><\/p>\n<p><em>Olimpijada u Los An\u0111elesu 1984. godine \u2013 zlatna medalja<\/em><\/p>\n<p><em>Sa Radni\u010dkim je osvojila \u00a0Kup evropskih \u0161ampiona 1980. i 1984. godine, 1986. Kup pobednika kupova.<\/em><\/p>\n<p><em>1988. godine dobila je titulu najbolje rukometa\u0161ice sveta<\/em><\/p>\n<p><em>2010. Najbolja rukometa\u0161ica sveta svih vremena<\/em><\/p><\/blockquote>\n<p style=\"text-align: justify;\">Svetlana Kiti\u0107 za portal Serbia.com ka\u017ee da joj je najve\u0107i uspeh to \u0161to je i pored blistave karijere i lepog ali turbulentnog \u017eivota uspela da se ostvari kao majka i ostane \u201c\u010dvrsto na zemlji\u201d.\u00a0 Od svih osvojenih medalja najdra\u017ea joj je zlatna sa Olimpijade, ona o kojoj sanja gotovo svaki sportista.<\/p>\n<p style=\"text-align: justify;\"><strong><i>\u201cS obzirom na to da sam jako jugonostalgi\u010dna ova medalja mi utoliko vi\u0161e zna\u010di jer je to poslednja Olimpijada na kojoj smo u\u010destvovali svi zajedno i kada su mnoge reprezentacije Jugoslavije osvojile medalje.\u201d<\/i><\/strong><\/p>\n<p style=\"text-align: justify;\">Igrala je u \u0160paniji, Italiji, Nema\u010dkoj. Ipak, uvek se rado vra\u0107ala u<strong> Srbiju<\/strong>.<\/p>\n<p style=\"text-align: justify;\"><strong><i>\u201cJa sam balkanski tip. Volim ovaj mentalitet i ovu zemlju, ovde sam se na\u0161la i u njoj savr\u0161eno funkcioni\u0161em.\u201d<\/i> <\/strong>Svetlana ka\u017ee da je Srbiju pre svega \u010dine ljudi i da su Srbi po mnogo \u010demu specifi\u010dni.<strong> <i>\u201cVi\u0161e volim ljude nego zemlju jer oni su dinami\u010dni, plemenitiji i oni su ti koji \u010dine najve\u0107i kvalitet na\u0161e zemlje. Volim Srbiju zato \u0161to mislim da pozitivno lu\u0111eg naroda na svetu nema.\u201d<\/i><\/strong><\/p>\n<p style=\"text-align: justify;\">Na\u0161a najpoznatija rukometa\u0161ica smatra da je prkos prepoznatljiva osobina na\u0161eg naroda.\u00a0 <strong><i>\u201cSrbi su prkosni, a kada taj srpski prkos pome\u0161ate sa ovom mojom bosanskom tvrdoglavo\u0161\u0107u onda dobijete Cecu onakvu kakva jeste. To mi je dosta pomoglo u sportu. \u010cesto sam upravo prkosom, inatom i tvrdoglavo\u0161\u0107u dobijala neke klju\u010dne utakmice.\u201d<\/i><\/strong><\/p>\n<p style=\"text-align: justify;\">I pored toga \u0161to vodi ra\u010duna o ishrani, ne mo\u017ee odoleti doma\u0107em siru i <a href=\"\/?p=10319\">kajmaku<\/a> koji su, kako ka\u017ee kroz osmeh, najbolji na svetu.<\/p>\n<p style=\"text-align: justify;\">Svetlana smatra da je na\u0161a zemlja izuzetna po sportskim rezultatima, posebno ako se uzme u obzir \u00a0veli\u010dina na\u0161e zemlje i mala ulaganja u sport.<strong> <i>\u201cPrepoznati smo kao <a href=\"\/?cat_ID=1641\">sportska nacija<\/a> i to je najlep\u0161a slika koja Srbiju prati u poslednje vreme, s obzirom na to kakva turbulentna vremena smo pro\u0161li i kroz kakva turbulentna vremena sad prolazimo.\u201d<\/i><\/strong><\/p>\n<p style=\"text-align: justify;\">U anketi Me\u0111unarodne rukometne federacije 2010. godine Svetlana Ceca Kiti\u0107 je sa \u010dak 84% glasova izabrana za<strong> najbolju rukometa\u0161icu svih vremena<\/strong>.<\/p>\n<p style=\"text-align: justify;\"><strong><i>\u201cTo je jedan od snova koji nisam ni sanjala i stvarno je bilo lepo tih nekoliko dana biti Ceca Kiti\u0107. Trebalo bi imati u vidu da ne postoji ni jedna sportiskinja biv\u0161e Jugoslavije koja je progla\u0161ena sportiskinjom svih vremena ali je i pored toga izostalo \u010destitanje od mnogih zvani\u010dnika \u0161to po protokolu i proceduri nije smelo da se desi.\u00a0 Ipak, ja nisam ni igrala za zvani\u010dnike. Ja sam igrala jer sam volela ovu zemlju, jer sam volela rukomet.\u201d<\/i><\/strong><\/p>\n<p style=\"text-align: justify;\">Ovogodi\u0161nje <a href=\"http:\/\/www.serbia.com\/srpski\/event\/svetsko-prvenstvo-u-rukometu-za-zene-srbija-2013\/\">Svetsko prvenstvo u rukometu za \u017eene<\/a> odr\u017eava se u Srbiji. Na\u0161a najpriznatija rukometa\u0161ica nagla\u0161ava va\u017enost podr\u0161ke reprezentaciji Srbije.<\/p>\n<p style=\"text-align: justify;\"><strong><i>\u201cNa pro\u0161logodi\u0161njem takmi\u010denju na\u0161im devojkama je za dlaku izmakla bronzana medalja. <\/i><i>Devojke su sada zrelije za jedno veliko takmi\u010denje, dovoljno su motivisane\u00a0 i svim srcem verujem u njih. \u017delim da pozovem sve ljude da do\u0111u na utakmice, napune salu, bodre na\u0161u reprezentaciju i pomognu na\u0161im devojkama da osvoje medalju.\u201d<\/i><\/strong>[ultimate_spacer height=&#8221;30&#8243;][dt_fancy_title title=&#8221;Povezani \u010dlanci&#8221; title_align=&#8221;left&#8221; title_size=&#8221;normal&#8221; title_color=&#8221;accent&#8221; el_width=&#8221;100&#8243; title_bg=&#8221;disabled&#8221; separator_color=&#8221;default&#8221;][ultimate_spacer height=&#8221;30&#8243; height_on_tabs=&#8221;&#8221; height_on_tabs_portrait=&#8221;&#8221; height_on_mob_landscape=&#8221;&#8221; height_on_mob=&#8221;&#8221;]<\/p>\n","protected":false},"excerpt":{"rendered":"<p>Nazivaju je kraljicom jugoslovenske \u0161kole rukometa i ka\u017eu da je uspevala da nadma\u0161i popularnost sporta kome se posvetila. Danas, kada pomislite na \u017eenski rukomet ne mo\u017eete, a da ujedno ne [&hellip;]<\/p>\n","protected":false},"author":27,"featured_media":34512,"parent":20255,"menu_order":0,"comment_status":"closed","ping_status":"closed","template":"","meta":{"_acf_changed":false,"inline_featured_image":false,"_monsterinsights_skip_tracking":false,"_monsterinsights_sitenote_active":false,"_monsterinsights_sitenote_note":"","_monsterinsights_sitenote_category":0,"footnotes":""},"categories":[2816],"tags":[],"class_list":["post-34517","page","type-page","status-publish","has-post-thumbnail","hentry","category-sportisti"],"acf":[],"yoast_head":"<!-- This site is optimized with the Yoast SEO plugin v23.8 - https:\/\/yoast.com\/wordpress\/plugins\/seo\/ -->\n<title>Svetlana Kiti\u0107 - Serbia.com<\/title>\n<meta name=\"robots\" content=\"index, follow, max-snippet:-1, max-image-preview:large, max-video-preview:-1\" \/>\n<link rel=\"canonical\" href=\"https:\/\/serbia.com\/srpski\/o-srbiji\/poznati-srbi\/sportisti\/svetlana-kitic\/\" \/>\n<meta property=\"og:locale\" content=\"en_US\" \/>\n<meta property=\"og:type\" content=\"article\" \/>\n<meta property=\"og:title\" content=\"Svetlana Kiti\u0107 - Serbia.com\" \/>\n<meta property=\"og:description\" content=\"Nazivaju je kraljicom jugoslovenske \u0161kole rukometa i ka\u017eu da je uspevala da nadma\u0161i popularnost sporta kome se posvetila. Danas, kada pomislite na \u017eenski rukomet ne mo\u017eete, a da ujedno ne [&hellip;]\" \/>\n<meta property=\"og:url\" content=\"https:\/\/serbia.com\/srpski\/o-srbiji\/poznati-srbi\/sportisti\/svetlana-kitic\/\" \/>\n<meta property=\"og:site_name\" content=\"Serbia.com\" \/>\n<meta property=\"article:modified_time\" content=\"2015-11-17T14:05:22+00:00\" \/>\n<meta property=\"og:image\" content=\"https:\/\/serbia.com\/wp-content\/uploads\/2015\/06\/svetlana-kitic1-e1716307529578.jpg\" \/>\n\t<meta property=\"og:image:width\" content=\"1495\" \/>\n\t<meta property=\"og:image:height\" content=\"578\" \/>\n\t<meta property=\"og:image:type\" content=\"image\/jpeg\" \/>\n<meta name=\"twitter:label1\" content=\"Est. reading time\" \/>\n\t<meta name=\"twitter:data1\" content=\"4 minutes\" \/>\n<script type=\"application\/ld+json\" class=\"yoast-schema-graph\">{\"@context\":\"https:\/\/schema.org\",\"@graph\":[{\"@type\":\"WebPage\",\"@id\":\"https:\/\/serbia.com\/srpski\/o-srbiji\/poznati-srbi\/sportisti\/svetlana-kitic\/\",\"url\":\"https:\/\/serbia.com\/srpski\/o-srbiji\/poznati-srbi\/sportisti\/svetlana-kitic\/\",\"name\":\"Svetlana Kiti\u0107 - Serbia.com\",\"isPartOf\":{\"@id\":\"https:\/\/serbia.com\/#website\"},\"primaryImageOfPage\":{\"@id\":\"https:\/\/serbia.com\/srpski\/o-srbiji\/poznati-srbi\/sportisti\/svetlana-kitic\/#primaryimage\"},\"image\":{\"@id\":\"https:\/\/serbia.com\/srpski\/o-srbiji\/poznati-srbi\/sportisti\/svetlana-kitic\/#primaryimage\"},\"thumbnailUrl\":\"https:\/\/serbia.com\/wp-content\/uploads\/2015\/06\/svetlana-kitic1-e1716307529578.jpg\",\"datePublished\":\"2015-06-26T13:48:52+00:00\",\"dateModified\":\"2015-11-17T14:05:22+00:00\",\"breadcrumb\":{\"@id\":\"https:\/\/serbia.com\/srpski\/o-srbiji\/poznati-srbi\/sportisti\/svetlana-kitic\/#breadcrumb\"},\"inLanguage\":\"srpski\",\"potentialAction\":[{\"@type\":\"ReadAction\",\"target\":[\"https:\/\/serbia.com\/srpski\/o-srbiji\/poznati-srbi\/sportisti\/svetlana-kitic\/\"]}]},{\"@type\":\"ImageObject\",\"inLanguage\":\"srpski\",\"@id\":\"https:\/\/serbia.com\/srpski\/o-srbiji\/poznati-srbi\/sportisti\/svetlana-kitic\/#primaryimage\",\"url\":\"https:\/\/serbia.com\/wp-content\/uploads\/2015\/06\/svetlana-kitic1-e1716307529578.jpg\",\"contentUrl\":\"https:\/\/serbia.com\/wp-content\/uploads\/2015\/06\/svetlana-kitic1-e1716307529578.jpg\",\"width\":1495,\"height\":578},{\"@type\":\"BreadcrumbList\",\"@id\":\"https:\/\/serbia.com\/srpski\/o-srbiji\/poznati-srbi\/sportisti\/svetlana-kitic\/#breadcrumb\",\"itemListElement\":[{\"@type\":\"ListItem\",\"position\":1,\"name\":\"Home\",\"item\":\"https:\/\/serbia.com\/srpski\/\"},{\"@type\":\"ListItem\",\"position\":2,\"name\":\"O Srbiji\",\"item\":\"https:\/\/serbia.com\/srpski\/o-srbiji\/\"},{\"@type\":\"ListItem\",\"position\":3,\"name\":\"Poznati Srbi\",\"item\":\"https:\/\/serbia.com\/srpski\/o-srbiji\/poznati-srbi\/\"},{\"@type\":\"ListItem\",\"position\":4,\"name\":\"Sportisti\",\"item\":\"https:\/\/serbia.com\/srpski\/o-srbiji\/poznati-srbi\/sportisti\/\"},{\"@type\":\"ListItem\",\"position\":5,\"name\":\"Svetlana Kiti\u0107\"}]},{\"@type\":\"WebSite\",\"@id\":\"https:\/\/serbia.com\/#website\",\"url\":\"https:\/\/serbia.com\/\",\"name\":\"Serbia.com\",\"description\":\"Your Gateway to Serbia\",\"potentialAction\":[{\"@type\":\"SearchAction\",\"target\":{\"@type\":\"EntryPoint\",\"urlTemplate\":\"https:\/\/serbia.com\/?s={search_term_string}\"},\"query-input\":{\"@type\":\"PropertyValueSpecification\",\"valueRequired\":true,\"valueName\":\"search_term_string\"}}],\"inLanguage\":\"srpski\"}]}<\/script>\n<!-- \/ Yoast SEO plugin. -->","yoast_head_json":{"title":"Svetlana Kiti\u0107 - Serbia.com","robots":{"index":"index","follow":"follow","max-snippet":"max-snippet:-1","max-image-preview":"max-image-preview:large","max-video-preview":"max-video-preview:-1"},"canonical":"https:\/\/serbia.com\/srpski\/o-srbiji\/poznati-srbi\/sportisti\/svetlana-kitic\/","og_locale":"en_US","og_type":"article","og_title":"Svetlana Kiti\u0107 - Serbia.com","og_description":"Nazivaju je kraljicom jugoslovenske \u0161kole rukometa i ka\u017eu da je uspevala da nadma\u0161i popularnost sporta kome se posvetila. Danas, kada pomislite na \u017eenski rukomet ne mo\u017eete, a da ujedno ne [&hellip;]","og_url":"https:\/\/serbia.com\/srpski\/o-srbiji\/poznati-srbi\/sportisti\/svetlana-kitic\/","og_site_name":"Serbia.com","article_modified_time":"2015-11-17T14:05:22+00:00","og_image":[{"width":1495,"height":578,"url":"https:\/\/serbia.com\/wp-content\/uploads\/2015\/06\/svetlana-kitic1-e1716307529578.jpg","type":"image\/jpeg"}],"twitter_misc":{"Est. reading time":"4 minutes"},"schema":{"@context":"https:\/\/schema.org","@graph":[{"@type":"WebPage","@id":"https:\/\/serbia.com\/srpski\/o-srbiji\/poznati-srbi\/sportisti\/svetlana-kitic\/","url":"https:\/\/serbia.com\/srpski\/o-srbiji\/poznati-srbi\/sportisti\/svetlana-kitic\/","name":"Svetlana Kiti\u0107 - Serbia.com","isPartOf":{"@id":"https:\/\/serbia.com\/#website"},"primaryImageOfPage":{"@id":"https:\/\/serbia.com\/srpski\/o-srbiji\/poznati-srbi\/sportisti\/svetlana-kitic\/#primaryimage"},"image":{"@id":"https:\/\/serbia.com\/srpski\/o-srbiji\/poznati-srbi\/sportisti\/svetlana-kitic\/#primaryimage"},"thumbnailUrl":"https:\/\/serbia.com\/wp-content\/uploads\/2015\/06\/svetlana-kitic1-e1716307529578.jpg","datePublished":"2015-06-26T13:48:52+00:00","dateModified":"2015-11-17T14:05:22+00:00","breadcrumb":{"@id":"https:\/\/serbia.com\/srpski\/o-srbiji\/poznati-srbi\/sportisti\/svetlana-kitic\/#breadcrumb"},"inLanguage":"srpski","potentialAction":[{"@type":"ReadAction","target":["https:\/\/serbia.com\/srpski\/o-srbiji\/poznati-srbi\/sportisti\/svetlana-kitic\/"]}]},{"@type":"ImageObject","inLanguage":"srpski","@id":"https:\/\/serbia.com\/srpski\/o-srbiji\/poznati-srbi\/sportisti\/svetlana-kitic\/#primaryimage","url":"https:\/\/serbia.com\/wp-content\/uploads\/2015\/06\/svetlana-kitic1-e1716307529578.jpg","contentUrl":"https:\/\/serbia.com\/wp-content\/uploads\/2015\/06\/svetlana-kitic1-e1716307529578.jpg","width":1495,"height":578},{"@type":"BreadcrumbList","@id":"https:\/\/serbia.com\/srpski\/o-srbiji\/poznati-srbi\/sportisti\/svetlana-kitic\/#breadcrumb","itemListElement":[{"@type":"ListItem","position":1,"name":"Home","item":"https:\/\/serbia.com\/srpski\/"},{"@type":"ListItem","position":2,"name":"O Srbiji","item":"https:\/\/serbia.com\/srpski\/o-srbiji\/"},{"@type":"ListItem","position":3,"name":"Poznati Srbi","item":"https:\/\/serbia.com\/srpski\/o-srbiji\/poznati-srbi\/"},{"@type":"ListItem","position":4,"name":"Sportisti","item":"https:\/\/serbia.com\/srpski\/o-srbiji\/poznati-srbi\/sportisti\/"},{"@type":"ListItem","position":5,"name":"Svetlana Kiti\u0107"}]},{"@type":"WebSite","@id":"https:\/\/serbia.com\/#website","url":"https:\/\/serbia.com\/","name":"Serbia.com","description":"Your Gateway to Serbia","potentialAction":[{"@type":"SearchAction","target":{"@type":"EntryPoint","urlTemplate":"https:\/\/serbia.com\/?s={search_term_string}"},"query-input":{"@type":"PropertyValueSpecification","valueRequired":true,"valueName":"search_term_string"}}],"inLanguage":"srpski"}]}},"_links":{"self":[{"href":"https:\/\/serbia.com\/srpski\/wp-json\/wp\/v2\/pages\/34517"}],"collection":[{"href":"https:\/\/serbia.com\/srpski\/wp-json\/wp\/v2\/pages"}],"about":[{"href":"https:\/\/serbia.com\/srpski\/wp-json\/wp\/v2\/types\/page"}],"author":[{"embeddable":true,"href":"https:\/\/serbia.com\/srpski\/wp-json\/wp\/v2\/users\/27"}],"replies":[{"embeddable":true,"href":"https:\/\/serbia.com\/srpski\/wp-json\/wp\/v2\/comments?post=34517"}],"version-history":[{"count":0,"href":"https:\/\/serbia.com\/srpski\/wp-json\/wp\/v2\/pages\/34517\/revisions"}],"up":[{"embeddable":true,"href":"https:\/\/serbia.com\/srpski\/wp-json\/wp\/v2\/pages\/20255"}],"wp:featuredmedia":[{"embeddable":true,"href":"https:\/\/serbia.com\/srpski\/wp-json\/wp\/v2\/media\/34512"}],"wp:attachment":[{"href":"https:\/\/serbia.com\/srpski\/wp-json\/wp\/v2\/media?parent=34517"}],"wp:term":[{"taxonomy":"category","embeddable":true,"href":"https:\/\/serbia.com\/srpski\/wp-json\/wp\/v2\/categories?post=34517"},{"taxonomy":"post_tag","embeddable":true,"href":"https:\/\/serbia.com\/srpski\/wp-json\/wp\/v2\/tags?post=34517"}],"curies":[{"name":"wp","href":"https:\/\/api.w.org\/{rel}","templated":true}]}}