{"id":34505,"date":"2015-06-26T15:32:40","date_gmt":"2015-06-26T13:32:40","guid":{"rendered":"http:\/\/www.serbia.com\/?page_id=34505"},"modified":"2015-06-26T15:32:40","modified_gmt":"2015-06-26T13:32:40","slug":"vlade-divac","status":"publish","type":"page","link":"https:\/\/serbia.com\/srpski\/o-srbiji\/poznati-srbi\/sportisti\/vlade-divac\/","title":{"rendered":"Vlade Divac"},"content":{"rendered":"<h4>Jedan od prvih Evropljana koji je zaigrao zna\u010dajniju ulogu u NBA ligi, u kojoj je postigao vi\u0161e od 13.000 ko\u0161eva, Vlade Divac je \u010dovek kojim se Srbija ponosi.<\/h4>\n<p>Jedan od prvih evropskih igra\u010da koji je zablistao u NBA ligi bio je mladi\u0107 iz Srbije \u010dije je ime danas upisano u anale svetske ko\u0161arke \u2013 <strong>Vlade Divac<\/strong>.<\/p>\n<p><strong>\u010covek koji je za doprinos razvoju ovog sporta uvr\u0161\u0107en u 50 najzaslu\u017enijih u Evropi i \u010diji je dres sa brojem 21 zauvek povu\u010den iz upotrebe u Sakramento Kingsima, danas je predsednik Olimpijskog komiteta Srbije, ali i ambasador dobre volje Ujedinjenih nacija.<\/strong><\/p>\n<p>Jedan od zlatnih momaka srpskog sporta danas se mo\u017ee videti kako \u0161eta ulicama Beograda, potpisuje autograme i slika se sa prolaznicima \u2013 uvek sa osmehom na licu, uvek ljubazan.<\/p>\n<p>Div\u010devi ko\u0161arka\u0161ki uspesi danas se ne mere ni osvojenim medaljama ni postignutim ko\u0161evima, ve\u0107 pre granicama koje je pomerio.<\/p>\n<p>U 21. godini \u017eivota bio je prvi ko\u0161arka\u0161 iz Evrope koji je zaigrao u LA Lejkersima.<strong> Jedan je od samo trojice igra\u010da u istoiji NBA lige koji su uspeli da zabele\u017ee vi\u0161e od 13.000 pogodaka, 9.000 skokova, 3.000 asistencija i 1.500 blokada, zbog \u010dega je nominovan za Ku\u0107u slavnih ko\u0161arke.\u00a0<\/strong><\/p>\n<figure id=\"attachment_19349\" aria-describedby=\"caption-attachment-19349\" style=\"width: 614px\" class=\"wp-caption aligncenter\"><img loading=\"lazy\" decoding=\"async\" class=\"wp-image-19349 size-full\" src=\"http:\/\/www.serbia.com\/wp-content\/uploads\/2013\/12\/Sasa-Boskovic-i-Vlade-Divac.jpg\" alt=\"Sasa Boskovic i Vlade Divac\" width=\"614\" height=\"480\" srcset=\"https:\/\/serbia.com\/wp-content\/uploads\/2013\/12\/Sasa-Boskovic-i-Vlade-Divac.jpg 614w, https:\/\/serbia.com\/wp-content\/uploads\/2013\/12\/Sasa-Boskovic-i-Vlade-Divac-300x234.jpg 300w\" sizes=\"(max-width: 614px) 100vw, 614px\" \/><figcaption id=\"caption-attachment-19349\" class=\"wp-caption-text\">Sa\u0161a Bo\u0161kovi\u0107 i Vlade Divac<\/figcaption><\/figure>\n<p>Vlade Divac je visok 216 centimetara i ima raspon ruku od preko dva metara. Kao mali, \u017eeleo je da igra fudbal, ali je vremenom postao jednostavno previsok za ovaj sport. Ipak, Vlade je veliki ne samo zbog toga \u0161to je visok. Njegov moto oduvek je bio da \u201cbogat nije onaj koji ima, nego onaj koji daje\u201d. Kao i u svemu ostalome \u010dime se bavio, i u <strong>humanitarnom radu<\/strong>\u00a0je jedan od najboljih.<\/p>\n<p>I kada se 2007. godine opra\u0161tao od profesionalne ko\u0161arke to je u\u010dinio onako kako je sve i po\u010deo \u2013 utakmicom!<\/p>\n<p>U Srbiju je tada doveo neke od najboljih igra\u010da sveta koji su u\u010destvovali u nizu humanitarnih akcija i velikoj ko\u0161arka\u0161koj utakmici koja je igrana ispred Skup\u0161tine Srbije Beogradu. Dres sa brojem 21 tada je zauvek povu\u010den iz upotrebe u Sakramento Kingsima u Div\u010devu \u010dast.<\/p>\n<p>Danas, sa suprugom ima fondaciju \u201cAna i Vlade Divac\u201d, a njegova najve\u0107a vrlina je to \u0161to svojim radom i zalaganjem uspeva da pokrene i druge.<\/p>\n<p>Samo jedan projekat \u201cMo\u017ee\u0161 i ti\u201d okupio je vi\u0161e od 50.000 ljudi, me\u0111u kojima dosta poznatih sportista. Zbog velikog srca i spremnosti da nesebi\u010dno deli, Vlade Divac je progla\u0161en ambasadorom dobre volje Ujedinjenih nacija, a <strong>\u010dlan je i \u201cSvetske sportske humanitarne ku\u0107e slavnih\u201d.<\/strong><\/p>\n<p>Svoju ljubav prema ko\u0161arci i sportu Vlade Divac nije zaboravio. I sada ponekad odigra me\u010d, uglavnom u humanitarne svrhe ili se pojavi na nekoj sportskoj manifestaciji gde izazove veliku pa\u017enju. Kao predsednik Olimpijskog komiteta Srbije danas radi za druge \u2013 da pobolj\u0161a uslove za sportiste koji tek dolaze![ultimate_spacer height=&#8221;30&#8243;][dt_fancy_title title=&#8221;Povezani \u010dlanci&#8221; title_align=&#8221;left&#8221; title_size=&#8221;normal&#8221; title_color=&#8221;accent&#8221; el_width=&#8221;100&#8243; title_bg=&#8221;disabled&#8221; separator_color=&#8221;default&#8221;][ultimate_spacer height=&#8221;30&#8243; height_on_tabs=&#8221;&#8221; height_on_tabs_portrait=&#8221;&#8221; height_on_mob_landscape=&#8221;&#8221; height_on_mob=&#8221;&#8221;]<\/p>\n","protected":false},"excerpt":{"rendered":"<p>Jedan od prvih Evropljana koji je zaigrao zna\u010dajniju ulogu u NBA ligi, u kojoj je postigao vi\u0161e od 13.000 ko\u0161eva, Vlade Divac je \u010dovek kojim se Srbija ponosi. Jedan od [&hellip;]<\/p>\n","protected":false},"author":27,"featured_media":30423,"parent":20255,"menu_order":0,"comment_status":"closed","ping_status":"closed","template":"","meta":{"_acf_changed":false,"inline_featured_image":false,"_monsterinsights_skip_tracking":false,"_monsterinsights_sitenote_active":false,"_monsterinsights_sitenote_note":"","_monsterinsights_sitenote_category":0,"footnotes":""},"categories":[2816],"tags":[],"class_list":["post-34505","page","type-page","status-publish","has-post-thumbnail","hentry","category-sportisti"],"acf":[],"yoast_head":"<!-- This site is optimized with the Yoast SEO plugin v23.8 - https:\/\/yoast.com\/wordpress\/plugins\/seo\/ -->\n<title>Vlade Divac - Serbia.com<\/title>\n<meta name=\"robots\" content=\"index, follow, max-snippet:-1, max-image-preview:large, max-video-preview:-1\" \/>\n<link rel=\"canonical\" href=\"https:\/\/serbia.com\/srpski\/o-srbiji\/poznati-srbi\/sportisti\/vlade-divac\/\" \/>\n<meta property=\"og:locale\" content=\"en_US\" \/>\n<meta property=\"og:type\" content=\"article\" \/>\n<meta property=\"og:title\" content=\"Vlade Divac - Serbia.com\" \/>\n<meta property=\"og:description\" content=\"Jedan od prvih Evropljana koji je zaigrao zna\u010dajniju ulogu u NBA ligi, u kojoj je postigao vi\u0161e od 13.000 ko\u0161eva, Vlade Divac je \u010dovek kojim se Srbija ponosi. Jedan od [&hellip;]\" \/>\n<meta property=\"og:url\" content=\"https:\/\/serbia.com\/srpski\/o-srbiji\/poznati-srbi\/sportisti\/vlade-divac\/\" \/>\n<meta property=\"og:site_name\" content=\"Serbia.com\" \/>\n<meta property=\"og:image\" content=\"https:\/\/serbia.com\/wp-content\/uploads\/2015\/03\/Vlade-Divac1.jpg\" \/>\n\t<meta property=\"og:image:width\" content=\"1600\" \/>\n\t<meta property=\"og:image:height\" content=\"713\" \/>\n\t<meta property=\"og:image:type\" content=\"image\/jpeg\" \/>\n<meta name=\"twitter:label1\" content=\"Est. reading time\" \/>\n\t<meta name=\"twitter:data1\" content=\"3 minutes\" \/>\n<script type=\"application\/ld+json\" class=\"yoast-schema-graph\">{\"@context\":\"https:\/\/schema.org\",\"@graph\":[{\"@type\":\"WebPage\",\"@id\":\"https:\/\/serbia.com\/srpski\/o-srbiji\/poznati-srbi\/sportisti\/vlade-divac\/\",\"url\":\"https:\/\/serbia.com\/srpski\/o-srbiji\/poznati-srbi\/sportisti\/vlade-divac\/\",\"name\":\"Vlade Divac - Serbia.com\",\"isPartOf\":{\"@id\":\"https:\/\/serbia.com\/#website\"},\"primaryImageOfPage\":{\"@id\":\"https:\/\/serbia.com\/srpski\/o-srbiji\/poznati-srbi\/sportisti\/vlade-divac\/#primaryimage\"},\"image\":{\"@id\":\"https:\/\/serbia.com\/srpski\/o-srbiji\/poznati-srbi\/sportisti\/vlade-divac\/#primaryimage\"},\"thumbnailUrl\":\"https:\/\/serbia.com\/wp-content\/uploads\/2015\/03\/Vlade-Divac1.jpg\",\"datePublished\":\"2015-06-26T13:32:40+00:00\",\"dateModified\":\"2015-06-26T13:32:40+00:00\",\"breadcrumb\":{\"@id\":\"https:\/\/serbia.com\/srpski\/o-srbiji\/poznati-srbi\/sportisti\/vlade-divac\/#breadcrumb\"},\"inLanguage\":\"srpski\",\"potentialAction\":[{\"@type\":\"ReadAction\",\"target\":[\"https:\/\/serbia.com\/srpski\/o-srbiji\/poznati-srbi\/sportisti\/vlade-divac\/\"]}]},{\"@type\":\"ImageObject\",\"inLanguage\":\"srpski\",\"@id\":\"https:\/\/serbia.com\/srpski\/o-srbiji\/poznati-srbi\/sportisti\/vlade-divac\/#primaryimage\",\"url\":\"https:\/\/serbia.com\/wp-content\/uploads\/2015\/03\/Vlade-Divac1.jpg\",\"contentUrl\":\"https:\/\/serbia.com\/wp-content\/uploads\/2015\/03\/Vlade-Divac1.jpg\",\"width\":1600,\"height\":713},{\"@type\":\"BreadcrumbList\",\"@id\":\"https:\/\/serbia.com\/srpski\/o-srbiji\/poznati-srbi\/sportisti\/vlade-divac\/#breadcrumb\",\"itemListElement\":[{\"@type\":\"ListItem\",\"position\":1,\"name\":\"Home\",\"item\":\"https:\/\/serbia.com\/srpski\/\"},{\"@type\":\"ListItem\",\"position\":2,\"name\":\"O Srbiji\",\"item\":\"https:\/\/serbia.com\/srpski\/o-srbiji\/\"},{\"@type\":\"ListItem\",\"position\":3,\"name\":\"Poznati Srbi\",\"item\":\"https:\/\/serbia.com\/srpski\/o-srbiji\/poznati-srbi\/\"},{\"@type\":\"ListItem\",\"position\":4,\"name\":\"Sportisti\",\"item\":\"https:\/\/serbia.com\/srpski\/o-srbiji\/poznati-srbi\/sportisti\/\"},{\"@type\":\"ListItem\",\"position\":5,\"name\":\"Vlade Divac\"}]},{\"@type\":\"WebSite\",\"@id\":\"https:\/\/serbia.com\/#website\",\"url\":\"https:\/\/serbia.com\/\",\"name\":\"Serbia.com\",\"description\":\"Your Gateway to Serbia\",\"potentialAction\":[{\"@type\":\"SearchAction\",\"target\":{\"@type\":\"EntryPoint\",\"urlTemplate\":\"https:\/\/serbia.com\/?s={search_term_string}\"},\"query-input\":{\"@type\":\"PropertyValueSpecification\",\"valueRequired\":true,\"valueName\":\"search_term_string\"}}],\"inLanguage\":\"srpski\"}]}<\/script>\n<!-- \/ Yoast SEO plugin. -->","yoast_head_json":{"title":"Vlade Divac - Serbia.com","robots":{"index":"index","follow":"follow","max-snippet":"max-snippet:-1","max-image-preview":"max-image-preview:large","max-video-preview":"max-video-preview:-1"},"canonical":"https:\/\/serbia.com\/srpski\/o-srbiji\/poznati-srbi\/sportisti\/vlade-divac\/","og_locale":"en_US","og_type":"article","og_title":"Vlade Divac - Serbia.com","og_description":"Jedan od prvih Evropljana koji je zaigrao zna\u010dajniju ulogu u NBA ligi, u kojoj je postigao vi\u0161e od 13.000 ko\u0161eva, Vlade Divac je \u010dovek kojim se Srbija ponosi. Jedan od [&hellip;]","og_url":"https:\/\/serbia.com\/srpski\/o-srbiji\/poznati-srbi\/sportisti\/vlade-divac\/","og_site_name":"Serbia.com","og_image":[{"width":1600,"height":713,"url":"https:\/\/serbia.com\/wp-content\/uploads\/2015\/03\/Vlade-Divac1.jpg","type":"image\/jpeg"}],"twitter_misc":{"Est. reading time":"3 minutes"},"schema":{"@context":"https:\/\/schema.org","@graph":[{"@type":"WebPage","@id":"https:\/\/serbia.com\/srpski\/o-srbiji\/poznati-srbi\/sportisti\/vlade-divac\/","url":"https:\/\/serbia.com\/srpski\/o-srbiji\/poznati-srbi\/sportisti\/vlade-divac\/","name":"Vlade Divac - Serbia.com","isPartOf":{"@id":"https:\/\/serbia.com\/#website"},"primaryImageOfPage":{"@id":"https:\/\/serbia.com\/srpski\/o-srbiji\/poznati-srbi\/sportisti\/vlade-divac\/#primaryimage"},"image":{"@id":"https:\/\/serbia.com\/srpski\/o-srbiji\/poznati-srbi\/sportisti\/vlade-divac\/#primaryimage"},"thumbnailUrl":"https:\/\/serbia.com\/wp-content\/uploads\/2015\/03\/Vlade-Divac1.jpg","datePublished":"2015-06-26T13:32:40+00:00","dateModified":"2015-06-26T13:32:40+00:00","breadcrumb":{"@id":"https:\/\/serbia.com\/srpski\/o-srbiji\/poznati-srbi\/sportisti\/vlade-divac\/#breadcrumb"},"inLanguage":"srpski","potentialAction":[{"@type":"ReadAction","target":["https:\/\/serbia.com\/srpski\/o-srbiji\/poznati-srbi\/sportisti\/vlade-divac\/"]}]},{"@type":"ImageObject","inLanguage":"srpski","@id":"https:\/\/serbia.com\/srpski\/o-srbiji\/poznati-srbi\/sportisti\/vlade-divac\/#primaryimage","url":"https:\/\/serbia.com\/wp-content\/uploads\/2015\/03\/Vlade-Divac1.jpg","contentUrl":"https:\/\/serbia.com\/wp-content\/uploads\/2015\/03\/Vlade-Divac1.jpg","width":1600,"height":713},{"@type":"BreadcrumbList","@id":"https:\/\/serbia.com\/srpski\/o-srbiji\/poznati-srbi\/sportisti\/vlade-divac\/#breadcrumb","itemListElement":[{"@type":"ListItem","position":1,"name":"Home","item":"https:\/\/serbia.com\/srpski\/"},{"@type":"ListItem","position":2,"name":"O Srbiji","item":"https:\/\/serbia.com\/srpski\/o-srbiji\/"},{"@type":"ListItem","position":3,"name":"Poznati Srbi","item":"https:\/\/serbia.com\/srpski\/o-srbiji\/poznati-srbi\/"},{"@type":"ListItem","position":4,"name":"Sportisti","item":"https:\/\/serbia.com\/srpski\/o-srbiji\/poznati-srbi\/sportisti\/"},{"@type":"ListItem","position":5,"name":"Vlade Divac"}]},{"@type":"WebSite","@id":"https:\/\/serbia.com\/#website","url":"https:\/\/serbia.com\/","name":"Serbia.com","description":"Your Gateway to Serbia","potentialAction":[{"@type":"SearchAction","target":{"@type":"EntryPoint","urlTemplate":"https:\/\/serbia.com\/?s={search_term_string}"},"query-input":{"@type":"PropertyValueSpecification","valueRequired":true,"valueName":"search_term_string"}}],"inLanguage":"srpski"}]}},"_links":{"self":[{"href":"https:\/\/serbia.com\/srpski\/wp-json\/wp\/v2\/pages\/34505"}],"collection":[{"href":"https:\/\/serbia.com\/srpski\/wp-json\/wp\/v2\/pages"}],"about":[{"href":"https:\/\/serbia.com\/srpski\/wp-json\/wp\/v2\/types\/page"}],"author":[{"embeddable":true,"href":"https:\/\/serbia.com\/srpski\/wp-json\/wp\/v2\/users\/27"}],"replies":[{"embeddable":true,"href":"https:\/\/serbia.com\/srpski\/wp-json\/wp\/v2\/comments?post=34505"}],"version-history":[{"count":0,"href":"https:\/\/serbia.com\/srpski\/wp-json\/wp\/v2\/pages\/34505\/revisions"}],"up":[{"embeddable":true,"href":"https:\/\/serbia.com\/srpski\/wp-json\/wp\/v2\/pages\/20255"}],"wp:featuredmedia":[{"embeddable":true,"href":"https:\/\/serbia.com\/srpski\/wp-json\/wp\/v2\/media\/30423"}],"wp:attachment":[{"href":"https:\/\/serbia.com\/srpski\/wp-json\/wp\/v2\/media?parent=34505"}],"wp:term":[{"taxonomy":"category","embeddable":true,"href":"https:\/\/serbia.com\/srpski\/wp-json\/wp\/v2\/categories?post=34505"},{"taxonomy":"post_tag","embeddable":true,"href":"https:\/\/serbia.com\/srpski\/wp-json\/wp\/v2\/tags?post=34505"}],"curies":[{"name":"wp","href":"https:\/\/api.w.org\/{rel}","templated":true}]}}