{"id":34480,"date":"2015-06-26T14:46:45","date_gmt":"2015-06-26T12:46:45","guid":{"rendered":"http:\/\/www.serbia.com\/?page_id=34480"},"modified":"2015-06-26T14:46:45","modified_gmt":"2015-06-26T12:46:45","slug":"novak-dokovic","status":"publish","type":"page","link":"https:\/\/serbia.com\/srpski\/o-srbiji\/poznati-srbi\/sportisti\/novak-dokovic\/","title":{"rendered":"Novak \u0110okovi\u0107"},"content":{"rendered":"<h4>Novak \u0110okovi\u0107 je 2011. postao teniser broj 1 u svetu i u\u0161ao u anale sporta nakon niza od 41 pobede i tri Gren slem titule u jednoj godini.<\/h4>\n<p>U istoriji tenisa niko nikada nije imao niz od 41 pobede i tri Gren slem titule u jednoj godini sve dok svet nije video \u0161ta srpski teniser <strong>Novak \u0110okovi\u0107<\/strong> ume. Titule na svim turnirima koje je do danas osvojio te\u0161ko je nabrojati.<\/p>\n<p>Od najve\u0107ih,<strong> tri puta je osvojio Otvoreno prvenstvo Australije, po jednom Vimbldon i US Open<\/strong>. Za sada. Povrh toga, \u010duvena <strong>akademija Laureus proglasila ga je najboljim sportistom sveta za 2011. godinu.<\/strong><\/p>\n<p>Me\u0111utim, kada je davne 1994. godine simpati\u010dni de\u010dko sa ka\u010dketom na glavi i reketom u ruci u jednoj de\u010dijoj emisiji izjavio da mu je cilj da jednog dana postane \u0161ampion, malo ko mu je poverovao. Ipak, on je verovao!<\/p>\n<p>I\u0161ao je u \u0161kolu, trenirao, pisao doma\u0107e zadatke i stizao da se, prema sopstvenom priznanju, igra samo no\u0107u. Usledila su prvi du\u017ei odlasci od ku\u0107e, druge dr\u017eave, strani jezici, novi treneri \u2026 A onda su po\u010dele da sti\u017eu i pobede, prvi trofeji, ali i porazi, povrede \u2026 Ipak, de\u010dko je i dalje verovao \u2013 jednog dana bi\u0107e svetski broj jedan!<\/p>\n<p>A to je Novak \u0110okovi\u0107 i postao 2011. godine \u2013 najbolji teniser sveta!<\/p>\n<p>Mo\u017eda je njegova sudbina bila odre\u0111ena ve\u0107 kada se rodio 22. maja 1987. godine u <a title=\"Beograd\" href=\"http:\/\/serbia.com\/srpski\/beograd\/\">Beogradu<\/a> u porodici sportista.<\/p>\n<p>Otac Sr\u0111an i majka Dijana bili su instruktori skijanja i nisu imali ni\u0161ta protiv kada je njihov najstariji sin, tada \u010detvorogodi\u0161nji Novak po\u017eeleo da uzme reket i po\u010dne da trenira tenis.<\/p>\n<p>Prvu lopticu, Novak je poslao preko mre\u017ee na terenima na <a title=\"Kopaonik, sun\u010dana planina puna srebra\" href=\"http:\/\/serbia.com\/srpski\/kopaonik-suncana-planina-puna-srebra-2\/\">Kopaoniku<\/a> gde je porodica \u0110okovi\u0107 tada \u017eivela, a tu ga je i videla Jelena Gen\u010di\u0107 \u2013 njegov prvi trener.<\/p>\n<p>Ona ka\u017ee da \u0107e zauvek pamtiti dan kada joj je ovaj tihi i vaspitani de\u010dak do\u0161ao na trening sa torbom koju je sam spakovao, a koja je bila opremljena kao za pravi profi me\u010d i izjavio da \u0107e, kada poraste, biti prvi reket sveta.<\/p>\n<p>Usledile su godine odricanja kako za Novaka, koji je paralelno i\u0161ao u \u0161kolu i na treninge, tako i za njegove roditelje koji su, u najte\u017eim vremenima Srbije, svoje dete \u0161kolovali da postane profesionalni teniser. Novak je stalno odsustvovao od ku\u0107e, poha\u0111ao \u0161kole tenisa po inostranstvu, menjao trenere\u2026<\/p>\n<p>Ipak, rezultati su po\u010deli da dolaze \u2013 kao \u010detrnaestogodi\u0161njak, Novak \u0110okovi\u0107 postaje trostruki prvak Evrope \u2013 u singl, dubl i ekipnoj konkurenciji, a posle odigranih pet ITF turnira nalazi se na 40. mestu najboljih juniora sveta. 2003. godine sa reprezentacijom Srbije sti\u017ee do titule najboljeg u Evropi u kategoriji do 16 godina.<\/p>\n<p>Ova sezona \u0107e u \u017eivotu Novaka \u0110okovi\u0107a ostati upam\u0107ena po jo\u0161 ne\u010demu \u2013 po\u010deo je da profesionalno igra tenis. U junu ove godine u Beogradu na prvom fju\u010dersu koji je igrao pobedio je \u010detvrtog nosioca i osvojio svoj prvi ATP poen. Ipak, prava slava je do\u0161la kasnije \u2026<\/p>\n<p>Odluku da svoj \u017eivot posveti igranju tenisa Novak \u0110okovi\u0107 je doneo 2005. godine. U prvih 10 igra\u010da sveta u\u0161ao je 2007. Titule su se re\u0111ale, a prva od najve\u0107ih je do\u0161la na po\u010detku naredne godine \u2013 pobeda u finalu Australian Opena, prvog Grend Slem turnira u godini.<\/p>\n<p>I najve\u0107im skepticima tada je postalo jasno da od veselog i duhovitog mladi\u0107a iz Beograda mogu da o\u010dekuju jo\u0161 mnogo. A Novak je nastavio da trenira, da bude ono \u0161to jeste i da ide ka svom cilju \u2013 vrhu!<\/p>\n<p>Bile su to godine kada je istoriju svetskog tenisa Srbija pisala zlatnim slovima \u2013 iz ove male zemlje na Balkanu koja se do tada u vestima \u0161irom sveta pojavljivala u ne tako vedrim izve\u0161tajima odjednom je stigla generacija tenisera i teniserki koji su gubili vrlo retko.<\/p>\n<p>Janko Tipsarevi\u0107, Nenad Zimonji\u0107, Viktor Troicki, Jelena Jankovi\u0107, Ana Ivanovi\u0107 i Novak \u0110okovi\u0107 u jednom momentu su dr\u017eali gotovo sve titule koje je u \u201ebelom sportu\u201c mogu\u0107e osvojiti.<\/p>\n<p>Ovo podrazumeva i bronzu na Ol<a href=\"http:\/\/www.serbia.com\/wp-content\/uploads\/2013\/01\/novak-%C4%91okovic.jpg\"><img loading=\"lazy\" decoding=\"async\" class=\"size-medium wp-image-19980 alignleft\" src=\"http:\/\/www.serbia.com\/wp-content\/uploads\/2013\/01\/novak-%C4%91okovic-300x238.jpg\" alt=\"novak \u0111okovic\" width=\"300\" height=\"238\" \/><\/a>impijadi u Pekingu 2008. godine koju je osvojio Novak \u0110okovi\u0107. Ipak, krajem 2010. godine kruna je do\u0161la u Beogradskoj areni kada je <strong>mu\u0161ka reprezentacija Srbije osvojila najve\u0107e ekipno priznanje u ovom sportu \u2013 Dejvis kup.<\/strong><\/p>\n<p>A san de\u010daka sa po\u010detka ove pri\u010de ostvario se 4. jula 2011. godine kada je Novak \u0110okovi\u0107 postao broj jedan na ATP listi i tada zvani\u010dno najbolji teniser sveta.<\/p>\n<p>\u010cini se da sve medelje, novac i slava koja sa tim ide nisu uticali na Novaka \u0110okovi\u0107a. On je i dalje nasmejan, raspolo\u017een za \u0161alu i dru\u017eenje, vredan, radan i pre svega, zahvalan za podru\u0161ku i ljubav koju mu pru\u017eaju njegovi najbli\u017ei, ali i svi oni koji satima napeto prate njegove me\u010deve. Ovi kvaliteti su, iznad svega ostalog, u\u010dinili da Novak \u0110okovi\u0107 postane <a title=\"Za\u0161to je Novak \u0110okovi\u0107 najpopularniji Srbin?\" href=\"http:\/\/serbia.com\/srpski\/zasto-je-novak-dokovic-najpopularniji-srbin-2\/\">najpopularniji Srbin<\/a> na planeti.[ultimate_spacer height=&#8221;30&#8243;][dt_fancy_title title=&#8221;Povezani \u010dlanci&#8221; title_align=&#8221;left&#8221; title_size=&#8221;normal&#8221; title_color=&#8221;accent&#8221; el_width=&#8221;100&#8243; title_bg=&#8221;disabled&#8221; separator_color=&#8221;default&#8221;][ultimate_spacer height=&#8221;30&#8243; height_on_tabs=&#8221;&#8221; height_on_tabs_portrait=&#8221;&#8221; height_on_mob_landscape=&#8221;&#8221; height_on_mob=&#8221;&#8221;]<\/p>\n","protected":false},"excerpt":{"rendered":"<p>Novak \u0110okovi\u0107 je 2011. postao teniser broj 1 u svetu i u\u0161ao u anale sporta nakon niza od 41 pobede i tri Gren slem titule u jednoj godini. U istoriji [&hellip;]<\/p>\n","protected":false},"author":27,"featured_media":34472,"parent":20255,"menu_order":0,"comment_status":"closed","ping_status":"closed","template":"","meta":{"_acf_changed":false,"inline_featured_image":false,"_monsterinsights_skip_tracking":false,"_monsterinsights_sitenote_active":false,"_monsterinsights_sitenote_note":"","_monsterinsights_sitenote_category":0,"footnotes":""},"categories":[2816],"tags":[],"class_list":["post-34480","page","type-page","status-publish","has-post-thumbnail","hentry","category-sportisti"],"acf":[],"yoast_head":"<!-- This site is optimized with the Yoast SEO plugin v23.8 - https:\/\/yoast.com\/wordpress\/plugins\/seo\/ -->\n<title>Novak \u0110okovi\u0107 - Serbia.com<\/title>\n<meta name=\"robots\" content=\"index, follow, max-snippet:-1, max-image-preview:large, max-video-preview:-1\" \/>\n<link rel=\"canonical\" href=\"https:\/\/serbia.com\/srpski\/o-srbiji\/poznati-srbi\/sportisti\/novak-dokovic\/\" \/>\n<meta property=\"og:locale\" content=\"en_US\" \/>\n<meta property=\"og:type\" content=\"article\" \/>\n<meta property=\"og:title\" content=\"Novak \u0110okovi\u0107 - Serbia.com\" \/>\n<meta property=\"og:description\" content=\"Novak \u0110okovi\u0107 je 2011. postao teniser broj 1 u svetu i u\u0161ao u anale sporta nakon niza od 41 pobede i tri Gren slem titule u jednoj godini. U istoriji [&hellip;]\" \/>\n<meta property=\"og:url\" content=\"https:\/\/serbia.com\/srpski\/o-srbiji\/poznati-srbi\/sportisti\/novak-dokovic\/\" \/>\n<meta property=\"og:site_name\" content=\"Serbia.com\" \/>\n<meta property=\"og:image\" content=\"https:\/\/serbia.com\/wp-content\/uploads\/2015\/06\/novakkk222-scaled.jpg\" \/>\n\t<meta property=\"og:image:width\" content=\"2560\" \/>\n\t<meta property=\"og:image:height\" content=\"1660\" \/>\n\t<meta property=\"og:image:type\" content=\"image\/jpeg\" \/>\n<meta name=\"twitter:label1\" content=\"Est. reading time\" \/>\n\t<meta name=\"twitter:data1\" content=\"4 minutes\" \/>\n<script type=\"application\/ld+json\" class=\"yoast-schema-graph\">{\"@context\":\"https:\/\/schema.org\",\"@graph\":[{\"@type\":\"WebPage\",\"@id\":\"https:\/\/serbia.com\/srpski\/o-srbiji\/poznati-srbi\/sportisti\/novak-dokovic\/\",\"url\":\"https:\/\/serbia.com\/srpski\/o-srbiji\/poznati-srbi\/sportisti\/novak-dokovic\/\",\"name\":\"Novak \u0110okovi\u0107 - Serbia.com\",\"isPartOf\":{\"@id\":\"https:\/\/serbia.com\/#website\"},\"primaryImageOfPage\":{\"@id\":\"https:\/\/serbia.com\/srpski\/o-srbiji\/poznati-srbi\/sportisti\/novak-dokovic\/#primaryimage\"},\"image\":{\"@id\":\"https:\/\/serbia.com\/srpski\/o-srbiji\/poznati-srbi\/sportisti\/novak-dokovic\/#primaryimage\"},\"thumbnailUrl\":\"https:\/\/serbia.com\/wp-content\/uploads\/2015\/06\/novakkk222-scaled.jpg\",\"datePublished\":\"2015-06-26T12:46:45+00:00\",\"dateModified\":\"2015-06-26T12:46:45+00:00\",\"breadcrumb\":{\"@id\":\"https:\/\/serbia.com\/srpski\/o-srbiji\/poznati-srbi\/sportisti\/novak-dokovic\/#breadcrumb\"},\"inLanguage\":\"srpski\",\"potentialAction\":[{\"@type\":\"ReadAction\",\"target\":[\"https:\/\/serbia.com\/srpski\/o-srbiji\/poznati-srbi\/sportisti\/novak-dokovic\/\"]}]},{\"@type\":\"ImageObject\",\"inLanguage\":\"srpski\",\"@id\":\"https:\/\/serbia.com\/srpski\/o-srbiji\/poznati-srbi\/sportisti\/novak-dokovic\/#primaryimage\",\"url\":\"https:\/\/serbia.com\/wp-content\/uploads\/2015\/06\/novakkk222-scaled.jpg\",\"contentUrl\":\"https:\/\/serbia.com\/wp-content\/uploads\/2015\/06\/novakkk222-scaled.jpg\",\"width\":2560,\"height\":1660},{\"@type\":\"BreadcrumbList\",\"@id\":\"https:\/\/serbia.com\/srpski\/o-srbiji\/poznati-srbi\/sportisti\/novak-dokovic\/#breadcrumb\",\"itemListElement\":[{\"@type\":\"ListItem\",\"position\":1,\"name\":\"Home\",\"item\":\"https:\/\/serbia.com\/srpski\/\"},{\"@type\":\"ListItem\",\"position\":2,\"name\":\"O Srbiji\",\"item\":\"https:\/\/serbia.com\/srpski\/o-srbiji\/\"},{\"@type\":\"ListItem\",\"position\":3,\"name\":\"Poznati Srbi\",\"item\":\"https:\/\/serbia.com\/srpski\/o-srbiji\/poznati-srbi\/\"},{\"@type\":\"ListItem\",\"position\":4,\"name\":\"Sportisti\",\"item\":\"https:\/\/serbia.com\/srpski\/o-srbiji\/poznati-srbi\/sportisti\/\"},{\"@type\":\"ListItem\",\"position\":5,\"name\":\"Novak \u0110okovi\u0107\"}]},{\"@type\":\"WebSite\",\"@id\":\"https:\/\/serbia.com\/#website\",\"url\":\"https:\/\/serbia.com\/\",\"name\":\"Serbia.com\",\"description\":\"Your Gateway to Serbia\",\"potentialAction\":[{\"@type\":\"SearchAction\",\"target\":{\"@type\":\"EntryPoint\",\"urlTemplate\":\"https:\/\/serbia.com\/?s={search_term_string}\"},\"query-input\":{\"@type\":\"PropertyValueSpecification\",\"valueRequired\":true,\"valueName\":\"search_term_string\"}}],\"inLanguage\":\"srpski\"}]}<\/script>\n<!-- \/ Yoast SEO plugin. -->","yoast_head_json":{"title":"Novak \u0110okovi\u0107 - Serbia.com","robots":{"index":"index","follow":"follow","max-snippet":"max-snippet:-1","max-image-preview":"max-image-preview:large","max-video-preview":"max-video-preview:-1"},"canonical":"https:\/\/serbia.com\/srpski\/o-srbiji\/poznati-srbi\/sportisti\/novak-dokovic\/","og_locale":"en_US","og_type":"article","og_title":"Novak \u0110okovi\u0107 - Serbia.com","og_description":"Novak \u0110okovi\u0107 je 2011. postao teniser broj 1 u svetu i u\u0161ao u anale sporta nakon niza od 41 pobede i tri Gren slem titule u jednoj godini. U istoriji [&hellip;]","og_url":"https:\/\/serbia.com\/srpski\/o-srbiji\/poznati-srbi\/sportisti\/novak-dokovic\/","og_site_name":"Serbia.com","og_image":[{"width":2560,"height":1660,"url":"https:\/\/serbia.com\/wp-content\/uploads\/2015\/06\/novakkk222-scaled.jpg","type":"image\/jpeg"}],"twitter_misc":{"Est. reading time":"4 minutes"},"schema":{"@context":"https:\/\/schema.org","@graph":[{"@type":"WebPage","@id":"https:\/\/serbia.com\/srpski\/o-srbiji\/poznati-srbi\/sportisti\/novak-dokovic\/","url":"https:\/\/serbia.com\/srpski\/o-srbiji\/poznati-srbi\/sportisti\/novak-dokovic\/","name":"Novak \u0110okovi\u0107 - Serbia.com","isPartOf":{"@id":"https:\/\/serbia.com\/#website"},"primaryImageOfPage":{"@id":"https:\/\/serbia.com\/srpski\/o-srbiji\/poznati-srbi\/sportisti\/novak-dokovic\/#primaryimage"},"image":{"@id":"https:\/\/serbia.com\/srpski\/o-srbiji\/poznati-srbi\/sportisti\/novak-dokovic\/#primaryimage"},"thumbnailUrl":"https:\/\/serbia.com\/wp-content\/uploads\/2015\/06\/novakkk222-scaled.jpg","datePublished":"2015-06-26T12:46:45+00:00","dateModified":"2015-06-26T12:46:45+00:00","breadcrumb":{"@id":"https:\/\/serbia.com\/srpski\/o-srbiji\/poznati-srbi\/sportisti\/novak-dokovic\/#breadcrumb"},"inLanguage":"srpski","potentialAction":[{"@type":"ReadAction","target":["https:\/\/serbia.com\/srpski\/o-srbiji\/poznati-srbi\/sportisti\/novak-dokovic\/"]}]},{"@type":"ImageObject","inLanguage":"srpski","@id":"https:\/\/serbia.com\/srpski\/o-srbiji\/poznati-srbi\/sportisti\/novak-dokovic\/#primaryimage","url":"https:\/\/serbia.com\/wp-content\/uploads\/2015\/06\/novakkk222-scaled.jpg","contentUrl":"https:\/\/serbia.com\/wp-content\/uploads\/2015\/06\/novakkk222-scaled.jpg","width":2560,"height":1660},{"@type":"BreadcrumbList","@id":"https:\/\/serbia.com\/srpski\/o-srbiji\/poznati-srbi\/sportisti\/novak-dokovic\/#breadcrumb","itemListElement":[{"@type":"ListItem","position":1,"name":"Home","item":"https:\/\/serbia.com\/srpski\/"},{"@type":"ListItem","position":2,"name":"O Srbiji","item":"https:\/\/serbia.com\/srpski\/o-srbiji\/"},{"@type":"ListItem","position":3,"name":"Poznati Srbi","item":"https:\/\/serbia.com\/srpski\/o-srbiji\/poznati-srbi\/"},{"@type":"ListItem","position":4,"name":"Sportisti","item":"https:\/\/serbia.com\/srpski\/o-srbiji\/poznati-srbi\/sportisti\/"},{"@type":"ListItem","position":5,"name":"Novak \u0110okovi\u0107"}]},{"@type":"WebSite","@id":"https:\/\/serbia.com\/#website","url":"https:\/\/serbia.com\/","name":"Serbia.com","description":"Your Gateway to Serbia","potentialAction":[{"@type":"SearchAction","target":{"@type":"EntryPoint","urlTemplate":"https:\/\/serbia.com\/?s={search_term_string}"},"query-input":{"@type":"PropertyValueSpecification","valueRequired":true,"valueName":"search_term_string"}}],"inLanguage":"srpski"}]}},"_links":{"self":[{"href":"https:\/\/serbia.com\/srpski\/wp-json\/wp\/v2\/pages\/34480"}],"collection":[{"href":"https:\/\/serbia.com\/srpski\/wp-json\/wp\/v2\/pages"}],"about":[{"href":"https:\/\/serbia.com\/srpski\/wp-json\/wp\/v2\/types\/page"}],"author":[{"embeddable":true,"href":"https:\/\/serbia.com\/srpski\/wp-json\/wp\/v2\/users\/27"}],"replies":[{"embeddable":true,"href":"https:\/\/serbia.com\/srpski\/wp-json\/wp\/v2\/comments?post=34480"}],"version-history":[{"count":0,"href":"https:\/\/serbia.com\/srpski\/wp-json\/wp\/v2\/pages\/34480\/revisions"}],"up":[{"embeddable":true,"href":"https:\/\/serbia.com\/srpski\/wp-json\/wp\/v2\/pages\/20255"}],"wp:featuredmedia":[{"embeddable":true,"href":"https:\/\/serbia.com\/srpski\/wp-json\/wp\/v2\/media\/34472"}],"wp:attachment":[{"href":"https:\/\/serbia.com\/srpski\/wp-json\/wp\/v2\/media?parent=34480"}],"wp:term":[{"taxonomy":"category","embeddable":true,"href":"https:\/\/serbia.com\/srpski\/wp-json\/wp\/v2\/categories?post=34480"},{"taxonomy":"post_tag","embeddable":true,"href":"https:\/\/serbia.com\/srpski\/wp-json\/wp\/v2\/tags?post=34480"}],"curies":[{"name":"wp","href":"https:\/\/api.w.org\/{rel}","templated":true}]}}