{"id":34445,"date":"2015-06-26T13:43:56","date_gmt":"2015-06-26T11:43:56","guid":{"rendered":"http:\/\/www.serbia.com\/?page_id=34445"},"modified":"2024-06-04T16:11:15","modified_gmt":"2024-06-04T14:11:15","slug":"momo-kapor","status":"publish","type":"page","link":"https:\/\/serbia.com\/srpski\/o-srbiji\/poznati-srbi\/poznati-umetnici\/momo-kapor\/","title":{"rendered":"Momo Kapor"},"content":{"rendered":"<h2 style=\"text-align: justify;\">Momo Kapor je slikar i pisac koji je najistinitije, najslikovitije i naj\u0161armantnije opisao <a title=\"Beograd\" href=\"http:\/\/www.serbia.com\/srpski\/posetite-srbiju\/sta-videti\/gradovi\/beograd\/\" target=\"_blank\" rel=\"noopener\">Beograd<\/a>. Tragom koji je svojim \u017eivotom utisnuo u lice Beograda kre\u0107e se i nova tura razgledanja prestonice.<\/h2>\n<p style=\"text-align: justify;\">U tom posebnom kru\u017enom kretanju, koje u te\u017ei\u0161nim ta\u010dkama opisuje \u017eivot slikara i pisca, sadr\u017eani su najzanimljivija gradska mesta, ona vredna truda da se u njima najpre boravi, da se taj ose\u0107aj do\u017eivi, a potom i opi\u0161e.<\/p>\n<blockquote><p>\u201eBeograd je u ideji koja oplo\u0111ava svet gde god da se prenese njegov duh. On je u<\/p>\n<p>nekom vicu, u slu\u010dajnom gestu, u uro\u0111enoj le\u017eernosti sa kojom se primaju pobede i<\/p>\n<p>porazi, tamo, gde je jedinica za merenje stila \u2013 \u0161arm.\u201c<\/p><\/blockquote>\n<p style=\"text-align: justify;\"><a href=\"http:\/\/www.serbia.com\/wp-content\/uploads\/2014\/01\/kapor.jpg\"><img loading=\"lazy\" decoding=\"async\" class=\"alignleft wp-image-28792\" src=\"http:\/\/www.serbia.com\/wp-content\/uploads\/2014\/01\/kapor-757x1024.jpg\" alt=\"kapor\" width=\"350\" height=\"473\" srcset=\"https:\/\/serbia.com\/wp-content\/uploads\/2014\/01\/kapor-757x1024.jpg 757w, https:\/\/serbia.com\/wp-content\/uploads\/2014\/01\/kapor-222x300.jpg 222w, https:\/\/serbia.com\/wp-content\/uploads\/2014\/01\/kapor.jpg 800w\" sizes=\"(max-width: 350px) 100vw, 350px\" \/><\/a>Po\u010detak i kraj ovog specifi\u010dnog kulturolo\u0161kog, duhovnog, umetni\u010dkog i hedonisti\u010dkog do\u017eivljaja Beograda simboli\u010dno, kao i \u017eivot Mome Kapora, dodiruju se u jednoj ta\u010dki \u2013 na <strong>Vra\u010daru<\/strong>. Momo je sa devet godina do\u0161ao iz Sarajeva u Beograd, u Ulicu Had\u017ei Melentijevu 27, a poslednjih petnaest godina \u017eiveo u Neboj\u0161inoj, u neposrednoj blizini Kara\u0111or\u0111evog parka i Hrama Svetog Save.<\/p>\n<p style=\"text-align: justify;\">Momin opis Skadarlije, Kluba knji\u017eevnika, Knez Mihailove ulice, Likovne akademije, Kaleni\u0107a pijace, gradskih kafana, \u010duvenog \u201eBermudskog trougla\u201c&#8230; okosnica je pomenute ture, a tako\u0111e teksta koji sledi.<\/p>\n<p style=\"text-align: justify;\"><em><strong>KNEZ MIHAILOVA ULICA<\/strong><\/em><\/p>\n<p style=\"text-align: justify;\">Knez Mihailovu ulicu sam oduvek voleo. Jo\u0161 kao student Likovne akademije provodio sam sate i dane u \u201eKolarcu\u201c, a uve\u010de, kada je Knez Mihailova postajala \u201e\u0161trafta\u201c za zaljubljene, i one koji to tek nameravaju da budu, bio sam obavezni u\u010desnik tih beskona\u010dnih \u0161etnji, od po\u010detka do kraja ulice. Ipak, moram da priznam da ovu sada\u0161nju Knez Mihailovu ulicu najvi\u0161e volim. Ponosim se \u0161to Beograd ima jednu takvu ulicu, koju nemaju ni Pariz, ni London, ni Rim, ni Njujork&#8230;<\/p>\n<p style=\"text-align: justify;\">Stojim na nultom kilometru, na madridskom trgu \u201ePuerta del Sol\u201c i, naravno, mislim na Beograd (a i na \u0161ta bih drugo?), pitaju\u0107i se, gde bi se nalazila ta zami\u0161ljena ta\u010dka da je nekim \u010dudom utisnuta u beogradski asfalt. Za mene to je onaj komad trotoara na po\u010detku Knez Mihailove ulice ispred \u201eRuskog cara\u201c, gde sam prestajao mnoge godine svoga \u017eivota, pridr\u017eavaju\u0107i le\u0111ima jedno drvo da ne padne na \u0161eta\u010de.<\/p>\n<p style=\"text-align: justify;\">Taj beleg u Beogradu bio bi vrlo korisna stvar. Rasejani po svetu, po njemu bismo mogli da merimo koliko smo daleko odlutali od svoje su\u0161tine. \u010covek, naime, mora da ima bar jednu va\u017enu ta\u010dku u \u017eivotu da ne zaluta i da se ne izgubi me\u0111u drugim ljudima, drugim narodima&#8230; Beleg kod \u201eRuskog cara\u201c je ta blagoslovena mera za nas.<\/p>\n<p style=\"text-align: justify;\">Posle svih lutanja po svetu, \u010dini mi se da sam najzad ne\u0161to va\u017eno shvatio. Stvar je vi\u0161e nego jednostavna: ko \u017eivi bli\u017ee toj zami\u0161ljenoj ta\u010dki \u2013 sre\u0107niji je od drugih Beogra\u0111ana, ma gde \u017eiveli, ma koliko bili uspe\u0161ni i bogati.<\/p>\n<p style=\"text-align: justify;\"><em><strong>ULICA KRALJA PETRA<\/strong><\/em><\/p>\n<p style=\"text-align: justify;\">Kada god neko optu\u017ei Beograd za navodnu netrpeljivost prema drugim narodima, verama i jezicima, do\u0111e mi da ga uhvatim za ruku i povedem do jedne na prvi pogled sasvim obi\u010dne ulice, u kojoj \u0107e mnogo nau\u010diti o <a href=\"\/?p=12090\" target=\"_blank\" rel=\"noopener\">toleranciji<\/a>.<\/p>\n<p style=\"text-align: justify;\">To je ulica 7. jula, koja se sve do posle rata zvala <a href=\"\/?p=2882\" target=\"_blank\" rel=\"noopener\">Kralja Petra Prvog<\/a>, kako se i danas ponovo zove.<\/p>\n<p style=\"text-align: justify;\">Ulica kralja Petra na izvestan na\u010din spaja dve reke: sa njenog po\u010detka vidi se pitoma, doma\u0107a <a href=\"\/?p=3074\" target=\"_blank\" rel=\"noopener\">Sava<\/a> \u2013 na njenom zavr\u0161etku ose\u0107a se evropski dah belosvetskog <a href=\"\/?p=3064\" target=\"_blank\" rel=\"noopener\">Dunava<\/a>. Dve reke i jedna ulica inad\u017eijski preba\u010dena preko hrbata grada, kao napeti luk izme\u0111u dve civilizacije&#8230;<\/p>\n<p style=\"text-align: justify;\">Najpre, tu nam je Saborna crkva, koju je 1845. podigao knez Milo\u0161, a izveli je pan\u010deva\u010dki majstori u baroknom stilu za 31.000 srebrnih forinti. Patrijar\u0161ija i Teolo\u0161ki fakultet zaokru\u017euju portret ovog srpskog Zagorska \u2013 centra pravoslavlja u na\u0161im krajevima.<\/p>\n<p style=\"text-align: justify;\">Spu\u0161taju\u0107i se ni\u017ee, nailazite na staru <strong>Bajrakli d\u017eamiju<\/strong>, \u010diji se zidovi oslanjaju na Ulicu kralja Petra. Ova islamska bogomolja, skladnih lukova, pru\u017ea mogu\u0107nost svim Beogra\u0111anima muhamedanske vere da obavljaju svoje molitve.<\/p>\n<p style=\"text-align: justify;\">Na stotinak koraka dalje nalazi se <strong>Jevrejska op\u0161tina<\/strong>, sa kulturno-umetni\u010dkim dru\u0161tvima i dvoranama za predavanja i okupljanja \u2013 gde se bri\u017eno neguje i \u010duva duga hebrejska tradicija dor\u0107olskih Jevreja, koji su Beogradu poklonili posebno dragocen, plemenit i \u010dulan zvuk u poeziji i slikarstvu.<\/p>\n<p style=\"text-align: justify;\">Preko puta je hotel \u201eRojal\u201c, donedavno \u201eToplice\u201c, u kome su, uglavnom, odsedala na\u0161a bra\u0107a Rusi i putnici iz isto\u010dnoevropskih zemalja. Luksuzni \u201eBenetonov\u201c butik nalazi se u neposrednom susedstvu orijentalne poslasti\u010darnice, koju vodi vredni Goranac, dok se italijanska picerija \u201eKo\u0161ava\u201c nalazi pet koraka ispod predratnog, ekskluzivnog Aero-kluba i galerije slika Petra Dobrovi\u0107a.<\/p>\n<p style=\"text-align: justify;\"><strong>Ima li \u010dudnije i tolerantnije ulice na svetu!<\/strong><\/p>\n<p style=\"text-align: justify;\">Ona se, na kraju, uliva u Dor\u0107ol (na turskom Dort-jol zna\u010di raskrsnica \u010detiri puta ili \u010detiri sokaka), i\u0161\u010dezli jevrejski kvart, u kome su \u017eiveli u prijateljstvu Srbi, Makedonci, Cincari, Grci, Jermeni, Bugari ba\u0161tovani, Rumuni \u2013 pravi mali beogradski Vavilon.<\/p>\n<p style=\"text-align: justify;\">Zbog svega toga skromna Ulica kralja Petra za mene je lekcija iz trpeljivosti i prijateljstva, koju je \u010desto nemogu\u0107e savladati u mnogim bogatijim, glavnim ulicama prosve\u0107ene Evrope.<\/p>\n<p style=\"text-align: justify;\"><strong><em>MAKEDONSKA ULICA<\/em><\/strong><\/p>\n<p style=\"text-align: justify;\"><strong>Kafane Grme\u010d\u2013Zora\u2013\u0160umatovac \u2013 Bermudski trougao u kojem su naj\u010de\u0161\u0107e i na \u201eneko vreme\u201c nestajali beogradski novinari, umetnici i pisci.<\/strong><\/p>\n<p style=\"text-align: justify;\">Koliko Srbi vole taj tip kafane, najbolje svedo\u010di pri\u010da o jednom Beogra\u0111aninu koji se godinama sastajao za istim stolom u staroj kafani \u201eZora\u201c sa svojim prijateljem, hvale\u0107i svaki put gula\u0161 od tele\u0107ih srca i bubrega koji kuva njegova \u017eena kao najbolji gula\u0161 na svetu. Najzad, dogovore se da donesu to neprevazi\u0111eno jelo jedne subote u kafanu; probaju ga, ali je ne\u0161to, po op\u0161tem utisku, nedostajalo ukusu gula\u0161a. \u0160ta, to niko nije znao da ka\u017ee sve dok se jedan ne doseti i viknu: \u201eProvucite ga kroz \u0161uber!\u201c I tek kada \u0161erpu sa gula\u0161em provuko\u0161e kroz onaj otvor iz kuhinje na kome kelneri podi\u017eu porud\u017ebine, on zaista dobi onaj pravi ukus \u2013 kafanski.<\/p>\n<p style=\"text-align: justify;\"><em><strong>KLUB KNjI\u017dEVNIKA<\/strong><\/em><\/p>\n<p style=\"text-align: justify;\">Na Zapadu pisci \u017eive usamljeni\u010dki, svako u svom svetu. Uglavnom se i ne poznaju li\u010dno. Za razliku od njih, pokraj \u0161anka Kluba knji\u017eevnika u Beogradu mogu\u0107e je videti najve\u0107u koncentraciju pisaca na kvadratnom metru u Evropi. U srednju prostoriju, pokraj \u0161anka, ulaze prvi put izgladneli, mr\u0161avi i zbunjeni mladi pesnici iz provincije da bi posle dve-tri decenije iz najbolje osvetljene leve dvorane za ve\u010deravanje iza\u0161li kao umorni, ote\u017eali laureati \u2013 pisci iz \u010ditanke.<\/p>\n<p style=\"text-align: justify;\"><strong>Lepotice i budu\u0107e filmske zvezde zapo\u010dinjale su ba\u0161 ovde svoje karijere<\/strong> u dru\u0161tvu pripitih pesnika i re\u017eisera. Koliko bi mi samo bilo potrebno vremena da opi\u0161em taj susret svetova i generacija, koji se samo ovde, u ovom beogradskom lagumu, i nigde vi\u0161e, mogu na\u0107i licem u lice, koliko vremena da odgonetnem tajnu zbog koje diplomate i politi\u010dari napu\u0161taju svoje udobne, zatvorene klubove da bi se izlo\u017eili dimu, buci i pijanom recitovanju pesnika kojima je pao mrak na o\u010di! Nikada ne\u0107u poverovati da to \u010dine samo zato \u0161to se \u201eovde zaista, dobro jede!\u201c<\/p>\n<p style=\"text-align: justify;\">Ipak, \u010duveni gastronomski vodi\u010d \u201eMi\u0161len\u201c nikada nije tako pogre\u0161io kao u slu\u010daju beogradskog Kluba knji\u017eevnika, koji je apsolutno, za mnoge, najbolji restoran na svetu, a koji se nekom nepravdom ne nalazi u toj svetoj knjizi, namenjenoj belosvetskim gurmanima.<\/p>\n<p style=\"text-align: justify;\">Kada moji prijatelji iz sveta pomenu beogradski Klub knji\u017eevnika, uvek prime\u0107ujem da im u glasu zatreperi neka gastronomska seta protkana no\u0107obdijskom \u010de\u017enjom za mestima na kojima se mo\u017ee \u010davrljati i sva\u0111ati sve do jutra. Zaista, u Klubu se izvanredno dobro jede, verovatno najbolje u zemlji.<\/p>\n<p style=\"text-align: justify;\">To je, ina\u010de, jedini jelovnik koji poznajem napamet poput kakve ljubavne pesme, namenjene ne srcu ve\u0107 stomaku, od prvog hladnog predjela do potpisa gos&#8217;n Bude. U isto vreme to je i najbolji vodi\u010d kroz ono \u0161to se naziva srpskom kuhinjom. Dovoljno je da stranac provede jedno ve\u010de u podrumima <strong>Kluba knji\u017eevnika u Francuskoj 7,<\/strong> pa da zavr\u0161i jednono\u0107ni kratki kurs iz poznavanja Beograda i mentaliteta srpskog naroda, kroz jelo, pi\u0107e i razgovore.<\/p>\n<p style=\"text-align: justify;\"><em><strong>SKADARLIJA<\/strong><\/em><\/p>\n<p style=\"text-align: justify;\">Kada bih vas ja vodio kroz <strong>Skadarliju<\/strong>, najpre bih ujutro popio s vama kafu na terasi \u201eDva bela goluba\u201c, a zatim bih, kao predjelo, pojeo toplu proju sa hladnim kajmakom u kafani \u201e\u0160e\u0161ir moj\u201c, gde \u010dak i u podne svira sjajan orkestar tamnoputih tambura\u0161a iz Ba\u010dke, a na gurmansku tele\u0107u \u010dorbu sa mileramom svratio u \u201eZlatni bokal\u201c. U \u201eTri \u0161e\u0161ira\u201c bih vas odveo na pravi srpski ro\u0161tilj sa kiselim kupusom posutim tucanom paprikom, a na slatku suvu pitu, preko puta, u \u201eDva jelena\u201c. U ovoj ulici gotovo da ne postoji restoran koji nema svoj orkestar, a svi oni umeju da sviraju i narodna kola isto tako dobro kao i be\u010dke valcere.<\/p>\n<p style=\"text-align: justify;\">Ne bih se zakleo da \u0107emo pro\u0161av\u0161i kroz mnogobrojne restorane, kafane, kr\u010dme i kafi\u0107e uspeti trezni da se spustimo do poslednje kafane \u201eSkadarlija\u201c i da u njoj provedemo no\u0107 i do\u010dekamo jutro, ali sam siguran da \u0107ete Skadarliju napustiti zaljubljeni, ako ne u nju, a ono sigurno u va\u0161u lepu saputnicu bez koje sve to i ne vredi.<\/p>\n<p style=\"text-align: justify;\"><strong>U Skadarliji ve\u010dera nije obavezna \u2013 ljubav jeste!<\/strong><\/p>\n<p style=\"text-align: justify;\"><em><strong>KALENI\u0106A PIJACA<\/strong><\/em><\/p>\n<p style=\"text-align: justify;\">Za one koji nisu iz Beograda treba napomenuti da je<strong> Kaleni\u0107a pijaca najve\u0107a i najbogatija u gradu<\/strong> i da se nalazi na \u010cuburi. Stariji Beogra\u0111ani zovu je jo\u0161 i Kaleni\u0107a gumno.<\/p>\n<p style=\"text-align: justify;\">Kaleni\u0107a pijaca je svojevrsna ambasada sela u prestonici. Na njoj se svakog jutra iznova predaju zeleni akreditivi ubledelim Beogra\u0111anima, \u0161to su ve\u0107 odavno izgubili svoje korenje i vezu sa zemljom i njenim plodovima. Ma koliko \u017eiveo po svetu, kao ro\u0111eni provincijalac nikako ne mogu da se naviknem na nelogi\u010dno obilje supermarketa, u kojima usred januara prodaju lubenice! Za nas je lubenica oduvek znak zrelog leta \u0161to zamire; jednostavno, ne prija nam u februaru. \u017dive\u0107i uz Kaleni\u0107a pijacu i na njoj, navikli smo se na prirodni ritam zrenja.<\/p>\n<p style=\"text-align: justify;\">Ako krenete na Kaleni\u0107a pijacu i zaboravite papiri\u0107 na kome vam je \u017eena napisala \u0161ta treba da se kupi, ne brinite. Pozajmite papiri\u0107 bilo kog mu\u0161karca koga zateknete tamo. Svi su oni isti.<\/p>\n<p style=\"text-align: justify;\">Turu &#8220;Beograd sa uputstvom za upotrebu&#8221; osmislili su i realizovali <a href=\"http:\/\/www.tob.rs\/sr-lat\/index.php\" target=\"_blank\" rel=\"noopener\">Turisti\u010dka organizacija Beograda<\/a> i Zadu\u017ebina \u201eMom\u010dilo Momo Kapor\u201c.<\/p>\n<p style=\"text-align: justify;\">Autor teksta: Dragana Markovi\u0107<\/p>\n<p style=\"text-align: justify;\">Foto: Zadu\u017ebina Mom\u010dilo Momo Kapor<\/p>\n","protected":false},"excerpt":{"rendered":"<p>Momo Kapor je slikar i pisac koji je najistinitije, najslikovitije i naj\u0161armantnije opisao Beograd. Tragom koji je svojim \u017eivotom utisnuo u lice Beograda kre\u0107e se i nova tura razgledanja prestonice. [&hellip;]<\/p>\n","protected":false},"author":27,"featured_media":30391,"parent":20252,"menu_order":0,"comment_status":"closed","ping_status":"closed","template":"","meta":{"_acf_changed":false,"inline_featured_image":false,"_monsterinsights_skip_tracking":false,"_monsterinsights_sitenote_active":false,"_monsterinsights_sitenote_note":"","_monsterinsights_sitenote_category":0,"footnotes":""},"categories":[2813],"tags":[],"class_list":["post-34445","page","type-page","status-publish","has-post-thumbnail","hentry","category-poznati-umetnici"],"acf":[],"yoast_head":"<!-- This site is optimized with the Yoast SEO plugin v23.8 - https:\/\/yoast.com\/wordpress\/plugins\/seo\/ -->\n<title>Momo Kapor - Serbia.com<\/title>\n<meta name=\"robots\" content=\"index, follow, max-snippet:-1, max-image-preview:large, max-video-preview:-1\" \/>\n<link rel=\"canonical\" href=\"https:\/\/serbia.com\/srpski\/o-srbiji\/poznati-srbi\/poznati-umetnici\/momo-kapor\/\" \/>\n<meta property=\"og:locale\" content=\"en_US\" \/>\n<meta property=\"og:type\" content=\"article\" \/>\n<meta property=\"og:title\" content=\"Momo Kapor - Serbia.com\" \/>\n<meta property=\"og:description\" content=\"Momo Kapor je slikar i pisac koji je najistinitije, najslikovitije i naj\u0161armantnije opisao Beograd. Tragom koji je svojim \u017eivotom utisnuo u lice Beograda kre\u0107e se i nova tura razgledanja prestonice. [&hellip;]\" \/>\n<meta property=\"og:url\" content=\"https:\/\/serbia.com\/srpski\/o-srbiji\/poznati-srbi\/poznati-umetnici\/momo-kapor\/\" \/>\n<meta property=\"og:site_name\" content=\"Serbia.com\" \/>\n<meta property=\"article:modified_time\" content=\"2024-06-04T14:11:15+00:00\" \/>\n<meta property=\"og:image\" content=\"https:\/\/serbia.com\/wp-content\/uploads\/2015\/03\/black-kapor-scaled.jpg\" \/>\n\t<meta property=\"og:image:width\" content=\"2560\" \/>\n\t<meta property=\"og:image:height\" content=\"1859\" \/>\n\t<meta property=\"og:image:type\" content=\"image\/jpeg\" \/>\n<meta name=\"twitter:label1\" content=\"Est. reading time\" \/>\n\t<meta name=\"twitter:data1\" content=\"8 minutes\" \/>\n<script type=\"application\/ld+json\" class=\"yoast-schema-graph\">{\"@context\":\"https:\/\/schema.org\",\"@graph\":[{\"@type\":\"WebPage\",\"@id\":\"https:\/\/serbia.com\/srpski\/o-srbiji\/poznati-srbi\/poznati-umetnici\/momo-kapor\/\",\"url\":\"https:\/\/serbia.com\/srpski\/o-srbiji\/poznati-srbi\/poznati-umetnici\/momo-kapor\/\",\"name\":\"Momo Kapor - Serbia.com\",\"isPartOf\":{\"@id\":\"https:\/\/serbia.com\/#website\"},\"primaryImageOfPage\":{\"@id\":\"https:\/\/serbia.com\/srpski\/o-srbiji\/poznati-srbi\/poznati-umetnici\/momo-kapor\/#primaryimage\"},\"image\":{\"@id\":\"https:\/\/serbia.com\/srpski\/o-srbiji\/poznati-srbi\/poznati-umetnici\/momo-kapor\/#primaryimage\"},\"thumbnailUrl\":\"https:\/\/serbia.com\/wp-content\/uploads\/2015\/03\/black-kapor-scaled.jpg\",\"datePublished\":\"2015-06-26T11:43:56+00:00\",\"dateModified\":\"2024-06-04T14:11:15+00:00\",\"breadcrumb\":{\"@id\":\"https:\/\/serbia.com\/srpski\/o-srbiji\/poznati-srbi\/poznati-umetnici\/momo-kapor\/#breadcrumb\"},\"inLanguage\":\"srpski\",\"potentialAction\":[{\"@type\":\"ReadAction\",\"target\":[\"https:\/\/serbia.com\/srpski\/o-srbiji\/poznati-srbi\/poznati-umetnici\/momo-kapor\/\"]}]},{\"@type\":\"ImageObject\",\"inLanguage\":\"srpski\",\"@id\":\"https:\/\/serbia.com\/srpski\/o-srbiji\/poznati-srbi\/poznati-umetnici\/momo-kapor\/#primaryimage\",\"url\":\"https:\/\/serbia.com\/wp-content\/uploads\/2015\/03\/black-kapor-scaled.jpg\",\"contentUrl\":\"https:\/\/serbia.com\/wp-content\/uploads\/2015\/03\/black-kapor-scaled.jpg\",\"width\":2560,\"height\":1859},{\"@type\":\"BreadcrumbList\",\"@id\":\"https:\/\/serbia.com\/srpski\/o-srbiji\/poznati-srbi\/poznati-umetnici\/momo-kapor\/#breadcrumb\",\"itemListElement\":[{\"@type\":\"ListItem\",\"position\":1,\"name\":\"Home\",\"item\":\"https:\/\/serbia.com\/srpski\/\"},{\"@type\":\"ListItem\",\"position\":2,\"name\":\"O Srbiji\",\"item\":\"https:\/\/serbia.com\/srpski\/o-srbiji\/\"},{\"@type\":\"ListItem\",\"position\":3,\"name\":\"Poznati Srbi\",\"item\":\"https:\/\/serbia.com\/srpski\/o-srbiji\/poznati-srbi\/\"},{\"@type\":\"ListItem\",\"position\":4,\"name\":\"Poznati umetnici\",\"item\":\"https:\/\/serbia.com\/srpski\/o-srbiji\/poznati-srbi\/poznati-umetnici\/\"},{\"@type\":\"ListItem\",\"position\":5,\"name\":\"Momo Kapor\"}]},{\"@type\":\"WebSite\",\"@id\":\"https:\/\/serbia.com\/#website\",\"url\":\"https:\/\/serbia.com\/\",\"name\":\"Serbia.com\",\"description\":\"Your Gateway to Serbia\",\"potentialAction\":[{\"@type\":\"SearchAction\",\"target\":{\"@type\":\"EntryPoint\",\"urlTemplate\":\"https:\/\/serbia.com\/?s={search_term_string}\"},\"query-input\":{\"@type\":\"PropertyValueSpecification\",\"valueRequired\":true,\"valueName\":\"search_term_string\"}}],\"inLanguage\":\"srpski\"}]}<\/script>\n<!-- \/ Yoast SEO plugin. -->","yoast_head_json":{"title":"Momo Kapor - Serbia.com","robots":{"index":"index","follow":"follow","max-snippet":"max-snippet:-1","max-image-preview":"max-image-preview:large","max-video-preview":"max-video-preview:-1"},"canonical":"https:\/\/serbia.com\/srpski\/o-srbiji\/poznati-srbi\/poznati-umetnici\/momo-kapor\/","og_locale":"en_US","og_type":"article","og_title":"Momo Kapor - Serbia.com","og_description":"Momo Kapor je slikar i pisac koji je najistinitije, najslikovitije i naj\u0161armantnije opisao Beograd. Tragom koji je svojim \u017eivotom utisnuo u lice Beograda kre\u0107e se i nova tura razgledanja prestonice. [&hellip;]","og_url":"https:\/\/serbia.com\/srpski\/o-srbiji\/poznati-srbi\/poznati-umetnici\/momo-kapor\/","og_site_name":"Serbia.com","article_modified_time":"2024-06-04T14:11:15+00:00","og_image":[{"width":2560,"height":1859,"url":"https:\/\/serbia.com\/wp-content\/uploads\/2015\/03\/black-kapor-scaled.jpg","type":"image\/jpeg"}],"twitter_misc":{"Est. reading time":"8 minutes"},"schema":{"@context":"https:\/\/schema.org","@graph":[{"@type":"WebPage","@id":"https:\/\/serbia.com\/srpski\/o-srbiji\/poznati-srbi\/poznati-umetnici\/momo-kapor\/","url":"https:\/\/serbia.com\/srpski\/o-srbiji\/poznati-srbi\/poznati-umetnici\/momo-kapor\/","name":"Momo Kapor - Serbia.com","isPartOf":{"@id":"https:\/\/serbia.com\/#website"},"primaryImageOfPage":{"@id":"https:\/\/serbia.com\/srpski\/o-srbiji\/poznati-srbi\/poznati-umetnici\/momo-kapor\/#primaryimage"},"image":{"@id":"https:\/\/serbia.com\/srpski\/o-srbiji\/poznati-srbi\/poznati-umetnici\/momo-kapor\/#primaryimage"},"thumbnailUrl":"https:\/\/serbia.com\/wp-content\/uploads\/2015\/03\/black-kapor-scaled.jpg","datePublished":"2015-06-26T11:43:56+00:00","dateModified":"2024-06-04T14:11:15+00:00","breadcrumb":{"@id":"https:\/\/serbia.com\/srpski\/o-srbiji\/poznati-srbi\/poznati-umetnici\/momo-kapor\/#breadcrumb"},"inLanguage":"srpski","potentialAction":[{"@type":"ReadAction","target":["https:\/\/serbia.com\/srpski\/o-srbiji\/poznati-srbi\/poznati-umetnici\/momo-kapor\/"]}]},{"@type":"ImageObject","inLanguage":"srpski","@id":"https:\/\/serbia.com\/srpski\/o-srbiji\/poznati-srbi\/poznati-umetnici\/momo-kapor\/#primaryimage","url":"https:\/\/serbia.com\/wp-content\/uploads\/2015\/03\/black-kapor-scaled.jpg","contentUrl":"https:\/\/serbia.com\/wp-content\/uploads\/2015\/03\/black-kapor-scaled.jpg","width":2560,"height":1859},{"@type":"BreadcrumbList","@id":"https:\/\/serbia.com\/srpski\/o-srbiji\/poznati-srbi\/poznati-umetnici\/momo-kapor\/#breadcrumb","itemListElement":[{"@type":"ListItem","position":1,"name":"Home","item":"https:\/\/serbia.com\/srpski\/"},{"@type":"ListItem","position":2,"name":"O Srbiji","item":"https:\/\/serbia.com\/srpski\/o-srbiji\/"},{"@type":"ListItem","position":3,"name":"Poznati Srbi","item":"https:\/\/serbia.com\/srpski\/o-srbiji\/poznati-srbi\/"},{"@type":"ListItem","position":4,"name":"Poznati umetnici","item":"https:\/\/serbia.com\/srpski\/o-srbiji\/poznati-srbi\/poznati-umetnici\/"},{"@type":"ListItem","position":5,"name":"Momo Kapor"}]},{"@type":"WebSite","@id":"https:\/\/serbia.com\/#website","url":"https:\/\/serbia.com\/","name":"Serbia.com","description":"Your Gateway to Serbia","potentialAction":[{"@type":"SearchAction","target":{"@type":"EntryPoint","urlTemplate":"https:\/\/serbia.com\/?s={search_term_string}"},"query-input":{"@type":"PropertyValueSpecification","valueRequired":true,"valueName":"search_term_string"}}],"inLanguage":"srpski"}]}},"_links":{"self":[{"href":"https:\/\/serbia.com\/srpski\/wp-json\/wp\/v2\/pages\/34445"}],"collection":[{"href":"https:\/\/serbia.com\/srpski\/wp-json\/wp\/v2\/pages"}],"about":[{"href":"https:\/\/serbia.com\/srpski\/wp-json\/wp\/v2\/types\/page"}],"author":[{"embeddable":true,"href":"https:\/\/serbia.com\/srpski\/wp-json\/wp\/v2\/users\/27"}],"replies":[{"embeddable":true,"href":"https:\/\/serbia.com\/srpski\/wp-json\/wp\/v2\/comments?post=34445"}],"version-history":[{"count":1,"href":"https:\/\/serbia.com\/srpski\/wp-json\/wp\/v2\/pages\/34445\/revisions"}],"predecessor-version":[{"id":53246,"href":"https:\/\/serbia.com\/srpski\/wp-json\/wp\/v2\/pages\/34445\/revisions\/53246"}],"up":[{"embeddable":true,"href":"https:\/\/serbia.com\/srpski\/wp-json\/wp\/v2\/pages\/20252"}],"wp:featuredmedia":[{"embeddable":true,"href":"https:\/\/serbia.com\/srpski\/wp-json\/wp\/v2\/media\/30391"}],"wp:attachment":[{"href":"https:\/\/serbia.com\/srpski\/wp-json\/wp\/v2\/media?parent=34445"}],"wp:term":[{"taxonomy":"category","embeddable":true,"href":"https:\/\/serbia.com\/srpski\/wp-json\/wp\/v2\/categories?post=34445"},{"taxonomy":"post_tag","embeddable":true,"href":"https:\/\/serbia.com\/srpski\/wp-json\/wp\/v2\/tags?post=34445"}],"curies":[{"name":"wp","href":"https:\/\/api.w.org\/{rel}","templated":true}]}}