{"id":34429,"date":"2015-06-26T13:20:17","date_gmt":"2015-06-26T11:20:17","guid":{"rendered":"http:\/\/www.serbia.com\/?page_id=34429"},"modified":"2024-06-04T16:10:25","modified_gmt":"2024-06-04T14:10:25","slug":"milena-pavlovic-barilli","status":"publish","type":"page","link":"https:\/\/serbia.com\/srpski\/o-srbiji\/poznati-srbi\/poznati-umetnici\/milena-pavlovic-barilli\/","title":{"rendered":"Milena Pavlovi\u0107 Barilli"},"content":{"rendered":"<h2>Srpska slikarka koja je oslikala naslovnice najve\u0107ih svetskih modnih \u010dasopisa, Milena Pavlovi\u0107 Barili je svojim nadrealizmom ru\u0161ila tabue i \u0161okirala tada\u0161nju javnost.<\/h2>\n<p><strong>Vog, Harper bazar, \u0160arm<\/strong> i <strong>Glamur<\/strong> \u2013 samo su neki od svetskih modnih \u010dasopisa \u010dije je naslovne strane svojim crte\u017eima ukrasila srpska slikarka <strong>Milena Pavlovi\u0107 Barili<\/strong>. Svojim radom i talentom stigla je do mesta ilustratora najve\u0107ih modnih \u010dasopisa na svetu. Njene slike su izlo\u017eene u najpoznatijim galerijama \u0161irom Londona, Rima, Pariza i Njujorka.<\/p>\n<p>Za sve koji bi da pogledaju deo stvarala\u010dkog opusa ove izuzetne \u017eene i jedne od najoriginalnijih umetnika u Evropi izme\u0111u dva svetska rata, <strong>rodna ku\u0107a Milene Pavlovi\u0107 Barili u <a href=\"http:\/\/www.serbia.com\/srpski\/posetite-srbiju\/sta-videti\/gradovi\/pozarevac-grad-mira\/\">Po\u017eerevcu<\/a> danas je svima otvorena.\u00a0<\/strong>Osim slika i skica po kojima je bila najpoznatija, u muzeju su izlo\u017eena i Milenina pisma, kao i pesme koje je pisala na \u010detiri jezika koliko je govorila.<\/p>\n<figure id=\"attachment_34431\" aria-describedby=\"caption-attachment-34431\" style=\"width: 251px\" class=\"wp-caption alignleft\"><img loading=\"lazy\" decoding=\"async\" class=\"wp-image-34431 size-medium\" src=\"http:\/\/www.serbia.com\/wp-content\/uploads\/2015\/06\/Milena_Pavlovic_Barili_-_Hot_pinkwith_cool_gray_1940_Vogue-251x300-251x300.jpg\" alt=\"Milena_Pavlovic_Barili_-_Hot_pinkwith_cool_gray_1940_Vogue-251x300\" width=\"251\" height=\"300\" \/><figcaption id=\"caption-attachment-34431\" class=\"wp-caption-text\">Hot pink&#8221; with cool gray, 1940 (Vogue) Komercijalna ilustracija za \u017eensku ode\u0107u<\/figcaption><\/figure>\n<p>Voljena i podr\u017eavana od oca, italijanskog kompozitora i pesnika, i majke Srpkinje, ceo svoj kratki \u017eivot Milena Pavlovi\u0107 Barili je posvetila umetnosti. Putovala je i izlagala po najve\u0107im svetskim galerijama.<\/p>\n<p>Ono \u0161to je za Srbiju tog vremena bilo novo i tek u razvitku \u2013 <strong>nadrealizam<\/strong>, u svetu je nai\u0161lo na veliko odobravanje, pa je mladu slikarku sa Balkana umetni\u010dka elita iz celog sveta primila ra\u0161irenih ruku.<\/p>\n<p>Po dolasku u Ameriku postala je ilustratorka Voga, a njene slike krasile su naslovne strane mnogih presti\u017enih modnih magazina.<\/p>\n<p>Pa ipak, Milena je do kraja \u017eivota volela Srbiju i bila ponosna na svoje poreklo.<\/p>\n<p>Kada joj je italijanski ministar spoljnih poslova ponudio slikarsko usavr\u0161avanje ali da, ako to \u017eeli, mora da prihvati samo italijansko dr\u017eavljanstvo, Milena ga je odbila.<\/p>\n<p>U pismu svojoj majci, tada je napisala: <em>\u201cSvet je divan. Zemlje lepe, ljudi interesantni, ali nijednu varo\u0161 ne volim kao \u0161to <a href=\"http:\/\/www.serbia.com\/srpski\/posetite-srbiju\/sta-videti\/gradovi\/beograd\/\">Beograd<\/a> volim rano ujutro. I nigde mi nije nebo lepo kao no\u0107u iz na\u0161e po\u017eareva\u010dke avlije. Ni u \u0160paniji, ni u Italiji! Na\u0161e je najlep\u0161e!\u201d<\/em><\/p>\n<p>Kada je iznenada umrla u 36 godini \u017eivota, iza sebe je ostavila preko 300 slika, mnogo skica, crte\u017ea i beskona\u010dnu tugu svih koji su je poznavali.<\/p>\n<p>Milena Pavlovi\u0107 Barili ru\u0161ila je tabue i \u0161okirala javnost. Bila je hrabra i otvoreno se suprotstavljala stereotipima. \u017dena na njenim platnima uvek je lepa, setno ljupka i veoma podse\u0107a na samo umetnicu. Ili, re\u010dima \u017dan Kasua, knji\u017eevnika i poznatog kriti\u010dara umetnosti: <em>\u201eTo je Milena li\u010dila na svoje slike\u201c.<\/em><\/p>\n","protected":false},"excerpt":{"rendered":"<p>Srpska slikarka koja je oslikala naslovnice najve\u0107ih svetskih modnih \u010dasopisa, Milena Pavlovi\u0107 Barili je svojim nadrealizmom ru\u0161ila tabue i \u0161okirala tada\u0161nju javnost. Vog, Harper bazar, \u0160arm i Glamur \u2013 samo [&hellip;]<\/p>\n","protected":false},"author":27,"featured_media":34426,"parent":20252,"menu_order":0,"comment_status":"closed","ping_status":"closed","template":"","meta":{"_acf_changed":false,"inline_featured_image":false,"_monsterinsights_skip_tracking":false,"_monsterinsights_sitenote_active":false,"_monsterinsights_sitenote_note":"","_monsterinsights_sitenote_category":0,"footnotes":""},"categories":[2813],"tags":[],"class_list":["post-34429","page","type-page","status-publish","has-post-thumbnail","hentry","category-poznati-umetnici"],"acf":[],"yoast_head":"<!-- This site is optimized with the Yoast SEO plugin v23.8 - https:\/\/yoast.com\/wordpress\/plugins\/seo\/ -->\n<title>Milena Pavlovi\u0107 Barilli - Serbia.com<\/title>\n<meta name=\"robots\" content=\"index, follow, max-snippet:-1, max-image-preview:large, max-video-preview:-1\" \/>\n<link rel=\"canonical\" href=\"https:\/\/serbia.com\/srpski\/o-srbiji\/poznati-srbi\/poznati-umetnici\/milena-pavlovic-barilli\/\" \/>\n<meta property=\"og:locale\" content=\"en_US\" \/>\n<meta property=\"og:type\" content=\"article\" \/>\n<meta property=\"og:title\" content=\"Milena Pavlovi\u0107 Barilli - Serbia.com\" \/>\n<meta property=\"og:description\" content=\"Srpska slikarka koja je oslikala naslovnice najve\u0107ih svetskih modnih \u010dasopisa, Milena Pavlovi\u0107 Barili je svojim nadrealizmom ru\u0161ila tabue i \u0161okirala tada\u0161nju javnost. Vog, Harper bazar, \u0160arm i Glamur \u2013 samo [&hellip;]\" \/>\n<meta property=\"og:url\" content=\"https:\/\/serbia.com\/srpski\/o-srbiji\/poznati-srbi\/poznati-umetnici\/milena-pavlovic-barilli\/\" \/>\n<meta property=\"og:site_name\" content=\"Serbia.com\" \/>\n<meta property=\"article:modified_time\" content=\"2024-06-04T14:10:25+00:00\" \/>\n<meta property=\"og:image\" content=\"https:\/\/serbia.com\/wp-content\/uploads\/2015\/06\/milena-pavlovic-barilli-sajt-3333.jpg\" \/>\n\t<meta property=\"og:image:width\" content=\"930\" \/>\n\t<meta property=\"og:image:height\" content=\"519\" \/>\n\t<meta property=\"og:image:type\" content=\"image\/jpeg\" \/>\n<meta name=\"twitter:label1\" content=\"Est. reading time\" \/>\n\t<meta name=\"twitter:data1\" content=\"3 minutes\" \/>\n<script type=\"application\/ld+json\" class=\"yoast-schema-graph\">{\"@context\":\"https:\/\/schema.org\",\"@graph\":[{\"@type\":\"WebPage\",\"@id\":\"https:\/\/serbia.com\/srpski\/o-srbiji\/poznati-srbi\/poznati-umetnici\/milena-pavlovic-barilli\/\",\"url\":\"https:\/\/serbia.com\/srpski\/o-srbiji\/poznati-srbi\/poznati-umetnici\/milena-pavlovic-barilli\/\",\"name\":\"Milena Pavlovi\u0107 Barilli - Serbia.com\",\"isPartOf\":{\"@id\":\"https:\/\/serbia.com\/#website\"},\"primaryImageOfPage\":{\"@id\":\"https:\/\/serbia.com\/srpski\/o-srbiji\/poznati-srbi\/poznati-umetnici\/milena-pavlovic-barilli\/#primaryimage\"},\"image\":{\"@id\":\"https:\/\/serbia.com\/srpski\/o-srbiji\/poznati-srbi\/poznati-umetnici\/milena-pavlovic-barilli\/#primaryimage\"},\"thumbnailUrl\":\"https:\/\/serbia.com\/wp-content\/uploads\/2015\/06\/milena-pavlovic-barilli-sajt-3333.jpg\",\"datePublished\":\"2015-06-26T11:20:17+00:00\",\"dateModified\":\"2024-06-04T14:10:25+00:00\",\"breadcrumb\":{\"@id\":\"https:\/\/serbia.com\/srpski\/o-srbiji\/poznati-srbi\/poznati-umetnici\/milena-pavlovic-barilli\/#breadcrumb\"},\"inLanguage\":\"srpski\",\"potentialAction\":[{\"@type\":\"ReadAction\",\"target\":[\"https:\/\/serbia.com\/srpski\/o-srbiji\/poznati-srbi\/poznati-umetnici\/milena-pavlovic-barilli\/\"]}]},{\"@type\":\"ImageObject\",\"inLanguage\":\"srpski\",\"@id\":\"https:\/\/serbia.com\/srpski\/o-srbiji\/poznati-srbi\/poznati-umetnici\/milena-pavlovic-barilli\/#primaryimage\",\"url\":\"https:\/\/serbia.com\/wp-content\/uploads\/2015\/06\/milena-pavlovic-barilli-sajt-3333.jpg\",\"contentUrl\":\"https:\/\/serbia.com\/wp-content\/uploads\/2015\/06\/milena-pavlovic-barilli-sajt-3333.jpg\",\"width\":930,\"height\":519},{\"@type\":\"BreadcrumbList\",\"@id\":\"https:\/\/serbia.com\/srpski\/o-srbiji\/poznati-srbi\/poznati-umetnici\/milena-pavlovic-barilli\/#breadcrumb\",\"itemListElement\":[{\"@type\":\"ListItem\",\"position\":1,\"name\":\"Home\",\"item\":\"https:\/\/serbia.com\/srpski\/\"},{\"@type\":\"ListItem\",\"position\":2,\"name\":\"O Srbiji\",\"item\":\"https:\/\/serbia.com\/srpski\/o-srbiji\/\"},{\"@type\":\"ListItem\",\"position\":3,\"name\":\"Poznati Srbi\",\"item\":\"https:\/\/serbia.com\/srpski\/o-srbiji\/poznati-srbi\/\"},{\"@type\":\"ListItem\",\"position\":4,\"name\":\"Poznati umetnici\",\"item\":\"https:\/\/serbia.com\/srpski\/o-srbiji\/poznati-srbi\/poznati-umetnici\/\"},{\"@type\":\"ListItem\",\"position\":5,\"name\":\"Milena Pavlovi\u0107 Barilli\"}]},{\"@type\":\"WebSite\",\"@id\":\"https:\/\/serbia.com\/#website\",\"url\":\"https:\/\/serbia.com\/\",\"name\":\"Serbia.com\",\"description\":\"Your Gateway to Serbia\",\"potentialAction\":[{\"@type\":\"SearchAction\",\"target\":{\"@type\":\"EntryPoint\",\"urlTemplate\":\"https:\/\/serbia.com\/?s={search_term_string}\"},\"query-input\":{\"@type\":\"PropertyValueSpecification\",\"valueRequired\":true,\"valueName\":\"search_term_string\"}}],\"inLanguage\":\"srpski\"}]}<\/script>\n<!-- \/ Yoast SEO plugin. -->","yoast_head_json":{"title":"Milena Pavlovi\u0107 Barilli - Serbia.com","robots":{"index":"index","follow":"follow","max-snippet":"max-snippet:-1","max-image-preview":"max-image-preview:large","max-video-preview":"max-video-preview:-1"},"canonical":"https:\/\/serbia.com\/srpski\/o-srbiji\/poznati-srbi\/poznati-umetnici\/milena-pavlovic-barilli\/","og_locale":"en_US","og_type":"article","og_title":"Milena Pavlovi\u0107 Barilli - Serbia.com","og_description":"Srpska slikarka koja je oslikala naslovnice najve\u0107ih svetskih modnih \u010dasopisa, Milena Pavlovi\u0107 Barili je svojim nadrealizmom ru\u0161ila tabue i \u0161okirala tada\u0161nju javnost. Vog, Harper bazar, \u0160arm i Glamur \u2013 samo [&hellip;]","og_url":"https:\/\/serbia.com\/srpski\/o-srbiji\/poznati-srbi\/poznati-umetnici\/milena-pavlovic-barilli\/","og_site_name":"Serbia.com","article_modified_time":"2024-06-04T14:10:25+00:00","og_image":[{"width":930,"height":519,"url":"https:\/\/serbia.com\/wp-content\/uploads\/2015\/06\/milena-pavlovic-barilli-sajt-3333.jpg","type":"image\/jpeg"}],"twitter_misc":{"Est. reading time":"3 minutes"},"schema":{"@context":"https:\/\/schema.org","@graph":[{"@type":"WebPage","@id":"https:\/\/serbia.com\/srpski\/o-srbiji\/poznati-srbi\/poznati-umetnici\/milena-pavlovic-barilli\/","url":"https:\/\/serbia.com\/srpski\/o-srbiji\/poznati-srbi\/poznati-umetnici\/milena-pavlovic-barilli\/","name":"Milena Pavlovi\u0107 Barilli - Serbia.com","isPartOf":{"@id":"https:\/\/serbia.com\/#website"},"primaryImageOfPage":{"@id":"https:\/\/serbia.com\/srpski\/o-srbiji\/poznati-srbi\/poznati-umetnici\/milena-pavlovic-barilli\/#primaryimage"},"image":{"@id":"https:\/\/serbia.com\/srpski\/o-srbiji\/poznati-srbi\/poznati-umetnici\/milena-pavlovic-barilli\/#primaryimage"},"thumbnailUrl":"https:\/\/serbia.com\/wp-content\/uploads\/2015\/06\/milena-pavlovic-barilli-sajt-3333.jpg","datePublished":"2015-06-26T11:20:17+00:00","dateModified":"2024-06-04T14:10:25+00:00","breadcrumb":{"@id":"https:\/\/serbia.com\/srpski\/o-srbiji\/poznati-srbi\/poznati-umetnici\/milena-pavlovic-barilli\/#breadcrumb"},"inLanguage":"srpski","potentialAction":[{"@type":"ReadAction","target":["https:\/\/serbia.com\/srpski\/o-srbiji\/poznati-srbi\/poznati-umetnici\/milena-pavlovic-barilli\/"]}]},{"@type":"ImageObject","inLanguage":"srpski","@id":"https:\/\/serbia.com\/srpski\/o-srbiji\/poznati-srbi\/poznati-umetnici\/milena-pavlovic-barilli\/#primaryimage","url":"https:\/\/serbia.com\/wp-content\/uploads\/2015\/06\/milena-pavlovic-barilli-sajt-3333.jpg","contentUrl":"https:\/\/serbia.com\/wp-content\/uploads\/2015\/06\/milena-pavlovic-barilli-sajt-3333.jpg","width":930,"height":519},{"@type":"BreadcrumbList","@id":"https:\/\/serbia.com\/srpski\/o-srbiji\/poznati-srbi\/poznati-umetnici\/milena-pavlovic-barilli\/#breadcrumb","itemListElement":[{"@type":"ListItem","position":1,"name":"Home","item":"https:\/\/serbia.com\/srpski\/"},{"@type":"ListItem","position":2,"name":"O Srbiji","item":"https:\/\/serbia.com\/srpski\/o-srbiji\/"},{"@type":"ListItem","position":3,"name":"Poznati Srbi","item":"https:\/\/serbia.com\/srpski\/o-srbiji\/poznati-srbi\/"},{"@type":"ListItem","position":4,"name":"Poznati umetnici","item":"https:\/\/serbia.com\/srpski\/o-srbiji\/poznati-srbi\/poznati-umetnici\/"},{"@type":"ListItem","position":5,"name":"Milena Pavlovi\u0107 Barilli"}]},{"@type":"WebSite","@id":"https:\/\/serbia.com\/#website","url":"https:\/\/serbia.com\/","name":"Serbia.com","description":"Your Gateway to Serbia","potentialAction":[{"@type":"SearchAction","target":{"@type":"EntryPoint","urlTemplate":"https:\/\/serbia.com\/?s={search_term_string}"},"query-input":{"@type":"PropertyValueSpecification","valueRequired":true,"valueName":"search_term_string"}}],"inLanguage":"srpski"}]}},"_links":{"self":[{"href":"https:\/\/serbia.com\/srpski\/wp-json\/wp\/v2\/pages\/34429"}],"collection":[{"href":"https:\/\/serbia.com\/srpski\/wp-json\/wp\/v2\/pages"}],"about":[{"href":"https:\/\/serbia.com\/srpski\/wp-json\/wp\/v2\/types\/page"}],"author":[{"embeddable":true,"href":"https:\/\/serbia.com\/srpski\/wp-json\/wp\/v2\/users\/27"}],"replies":[{"embeddable":true,"href":"https:\/\/serbia.com\/srpski\/wp-json\/wp\/v2\/comments?post=34429"}],"version-history":[{"count":1,"href":"https:\/\/serbia.com\/srpski\/wp-json\/wp\/v2\/pages\/34429\/revisions"}],"predecessor-version":[{"id":53245,"href":"https:\/\/serbia.com\/srpski\/wp-json\/wp\/v2\/pages\/34429\/revisions\/53245"}],"up":[{"embeddable":true,"href":"https:\/\/serbia.com\/srpski\/wp-json\/wp\/v2\/pages\/20252"}],"wp:featuredmedia":[{"embeddable":true,"href":"https:\/\/serbia.com\/srpski\/wp-json\/wp\/v2\/media\/34426"}],"wp:attachment":[{"href":"https:\/\/serbia.com\/srpski\/wp-json\/wp\/v2\/media?parent=34429"}],"wp:term":[{"taxonomy":"category","embeddable":true,"href":"https:\/\/serbia.com\/srpski\/wp-json\/wp\/v2\/categories?post=34429"},{"taxonomy":"post_tag","embeddable":true,"href":"https:\/\/serbia.com\/srpski\/wp-json\/wp\/v2\/tags?post=34429"}],"curies":[{"name":"wp","href":"https:\/\/api.w.org\/{rel}","templated":true}]}}