{"id":34391,"date":"2015-06-25T16:08:18","date_gmt":"2015-06-25T14:08:18","guid":{"rendered":"http:\/\/www.serbia.com\/?page_id=34391"},"modified":"2024-06-04T16:08:18","modified_gmt":"2024-06-04T14:08:18","slug":"nadezda-petrovic","status":"publish","type":"page","link":"https:\/\/serbia.com\/srpski\/o-srbiji\/poznati-srbi\/poznati-umetnici\/nadezda-petrovic\/","title":{"rendered":"Nade\u017eda Petrovi\u0107"},"content":{"rendered":"<h2>Nade\u017eda Petrovi\u0107, najzna\u010dajnija predstavnica srpskog ekspresionizma, dobrovoljno je u\u010destvovala u tri rata kao medicinska sestra, bila je partiota i zagovornica ideje o integralnom jugoslovenstvu.<\/h2>\n<p><strong>Nade\u017eda Petrovi\u0107 (<\/strong>1873-1915), najzna\u010dajnija je srpska <strong>slikarka<\/strong> s kraja 19. i po\u010detka 20. veka.<strong> U\u010destvovala je u tri rata kao dobrovoljna bolni\u010darka<\/strong>, bila je zagovornica ideje o integralnom jugoslovenstvu i verovala u zna\u010dajnu ulogu umetnosti u emancipaciji naj\u0161irih slojeva stanovni\u0161tva. Jedna je od osniva\u010da \u017eenske humanitarne organizacije <strong>Kolo srpskih sestara<\/strong>.<\/p>\n<p>Poti\u010de iz u\u010dene gra\u0111anske porodice, koja je imala vi\u0161e razumevanja za kulturu nego \u0161to je to bio slu\u010daj u Srbiji njenog doba. Imala je jo\u0161 \u0161est sestara i dva brata, od kojih je jedan bio poznati srpski slikar i knji\u017eevnik Rastko Petrovi\u0107.<\/p>\n<p>Posle zavr\u0161etka Vi\u0161e \u017eenske \u0161kole u Beogradu, Nade\u017eda Petrovi\u0107\u00a0sa 25 godina po\u010dinje \u0161kolovanje u Minhenu u ateljeu Slovenca Antona A\u017ebea.<\/p>\n<p>Privremeno napu\u0161ta <strong>Minhen<\/strong> 1900. godine I dolazi u <strong><a href=\"http:\/\/www.serbia.com\/srpski\/posetite-srbiju\/sta-videti\/gradovi\/beograd\/\">Beograd<\/a><\/strong> da bi odr\u017eala svoju prvu samostalnu izlo\u017ebu. Me\u0111utim, tada\u0161nja srpska sredina nije imala sluha niti je bila u stanju da prihvati novine koje je nudili njeno slikarstvo.<\/p>\n<p><img loading=\"lazy\" decoding=\"async\" class=\"alignleft size-medium wp-image-26333\" src=\"http:\/\/www.serbia.com\/wp-content\/uploads\/2012\/12\/Nadezda-Petrovice-300x230.jpg\" alt=\"Nadezda Petrovice\" width=\"300\" height=\"230\" srcset=\"https:\/\/serbia.com\/wp-content\/uploads\/2012\/12\/Nadezda-Petrovice-300x230.jpg 300w, https:\/\/serbia.com\/wp-content\/uploads\/2012\/12\/Nadezda-Petrovice.jpg 626w\" sizes=\"(max-width: 300px) 100vw, 300px\" \/>Nakon izlo\u017ebe u Beogradu, Nade\u017eda se vratila u Minhen da bi nastavila studije, sada u ateljeu Julijusa Ekstera. Dve godine kasnije ponovo napu\u0161ta Nema\u010dku i vra\u0107a se u Srbiju, gde se 1904. anga\u017euje oko organizacije Prve jugoslovenske umetni\u010dke izlo\u017ebe. Ubrzo zatim, Nade\u017eda je u\u010destvovala u pokretanju Prve jugoslovenske <strong>umetni\u010dke kolonije<\/strong> u <strong>Si\u0107evu<\/strong> i <strong><a href=\"http:\/\/www.serbia.com\/srpski\/posetite-srbiju\/sta-videti\/gradovi\/pirot-mali-grad-sa-dva-velika-srpska-brenda\/\">Pirotu<\/a><\/strong> 1905. godine.<\/p>\n<p>U Beogradu 1912. godine otvara slikarsku \u0161kolu. Iste godine u Prvom balkanskom ratu kao <strong>dobrovoljac<\/strong> i bolni\u010darka na frontu. Sa srpskom vojskom je ponovo 1913. i 1914. godine. Nade\u017eda Petrovi\u0107\u00a0je umrla u <strong><a href=\"http:\/\/www.serbia.com\/srpski\/posetite-srbiju\/sta-videti\/gradovi\/valjevo-grad-sa-dve-carsije\/\">Valjevu<\/a><\/strong>, od pegavog tifusa, dok je le\u010dila ranjenike.<\/p>\n<p>Ona uvodi <a title=\"Srpsko slikarstvo, u toku sa svetskim trendovima\" href=\"http:\/\/serbia.com\/srpski\/srpsko-slikarstvo-u-toku-sa-svetskim-trendovima-3\/\"><strong>srpsko slikarstvo<\/strong><\/a> u tokove savremene evropske umetnosti. Zahvaljuju\u0107i duhu koji je stremio modernom svetu, evropski <strong>ekspresionizam<\/strong> je pravac sa kojim je, najve\u0107im delom, u korak i\u0161lo slikarstvo Nade\u017ede Petrovi\u0107, a ponekad se pribli\u017eavala tada jo\u0161 neafirmisanoj apstrakciji.<\/p>\n<p>Na njenim najboljim radovima dominiraju velike povr\u0161ine, i njene omiljene \u2013 jarko crvena i zelena boja. Nade\u017edina ljubav prema bojama na nekim platnima postaje koloristi\u010dki vir gde se najvi\u0161e isti\u010du ljubi\u010dasta, plavai crna. Slikala je jakim potezima \u010detkice, \u0161irokim I gustim namazima.<\/p>\n<p>Nade\u017eda Petrovi\u0107 poznata je po slikanju portreta u pejza\u017ea, a svoj <strong>patriotizam<\/strong> je pokazivala i u \u010destoj obradi tema iz nacionalne istorije i slikanju ljudi i predela Srbije. Ovekove\u010dila je Gra\u010danicu na svojoj slici \u201c<strong>Kosovski bo\u017euri<\/strong>\u201d, a slikala je i most <a title=\"Srpsko carstvo cara Du\u0161ana silnog\" href=\"http:\/\/serbia.com\/srpski\/srpsko-carstvo-cara-dusana-silnog-2\/\">cara Du\u0161ana<\/a> u Skoplju.<\/p>\n<p>Delo Nade\u017ede Petrovi\u0107 zra\u010di jako ekspresijom, snagom i hrabro\u0161\u0107u ove jedinstvene \u017eene \u2013 slikarke sa Balkana.<\/p>\n","protected":false},"excerpt":{"rendered":"<p>Nade\u017eda Petrovi\u0107, najzna\u010dajnija predstavnica srpskog ekspresionizma, dobrovoljno je u\u010destvovala u tri rata kao medicinska sestra, bila je partiota i zagovornica ideje o integralnom jugoslovenstvu. Nade\u017eda Petrovi\u0107 (1873-1915), najzna\u010dajnija je srpska [&hellip;]<\/p>\n","protected":false},"author":27,"featured_media":34381,"parent":20252,"menu_order":0,"comment_status":"closed","ping_status":"closed","template":"","meta":{"_acf_changed":false,"inline_featured_image":false,"_monsterinsights_skip_tracking":false,"_monsterinsights_sitenote_active":false,"_monsterinsights_sitenote_note":"","_monsterinsights_sitenote_category":0,"footnotes":""},"categories":[2813],"tags":[],"class_list":["post-34391","page","type-page","status-publish","has-post-thumbnail","hentry","category-poznati-umetnici"],"acf":[],"yoast_head":"<!-- This site is optimized with the Yoast SEO plugin v23.8 - https:\/\/yoast.com\/wordpress\/plugins\/seo\/ -->\n<title>Nade\u017eda Petrovi\u0107 - Serbia.com<\/title>\n<meta name=\"robots\" content=\"index, follow, max-snippet:-1, max-image-preview:large, max-video-preview:-1\" \/>\n<link rel=\"canonical\" href=\"https:\/\/serbia.com\/srpski\/o-srbiji\/poznati-srbi\/poznati-umetnici\/nadezda-petrovic\/\" \/>\n<meta property=\"og:locale\" content=\"en_US\" \/>\n<meta property=\"og:type\" content=\"article\" \/>\n<meta property=\"og:title\" content=\"Nade\u017eda Petrovi\u0107 - Serbia.com\" \/>\n<meta property=\"og:description\" content=\"Nade\u017eda Petrovi\u0107, najzna\u010dajnija predstavnica srpskog ekspresionizma, dobrovoljno je u\u010destvovala u tri rata kao medicinska sestra, bila je partiota i zagovornica ideje o integralnom jugoslovenstvu. Nade\u017eda Petrovi\u0107 (1873-1915), najzna\u010dajnija je srpska [&hellip;]\" \/>\n<meta property=\"og:url\" content=\"https:\/\/serbia.com\/srpski\/o-srbiji\/poznati-srbi\/poznati-umetnici\/nadezda-petrovic\/\" \/>\n<meta property=\"og:site_name\" content=\"Serbia.com\" \/>\n<meta property=\"article:modified_time\" content=\"2024-06-04T14:08:18+00:00\" \/>\n<meta property=\"og:image\" content=\"https:\/\/serbia.com\/wp-content\/uploads\/2015\/06\/petrovic.jpg\" \/>\n\t<meta property=\"og:image:width\" content=\"1600\" \/>\n\t<meta property=\"og:image:height\" content=\"873\" \/>\n\t<meta property=\"og:image:type\" content=\"image\/jpeg\" \/>\n<meta name=\"twitter:label1\" content=\"Est. reading time\" \/>\n\t<meta name=\"twitter:data1\" content=\"3 minutes\" \/>\n<script type=\"application\/ld+json\" class=\"yoast-schema-graph\">{\"@context\":\"https:\/\/schema.org\",\"@graph\":[{\"@type\":\"WebPage\",\"@id\":\"https:\/\/serbia.com\/srpski\/o-srbiji\/poznati-srbi\/poznati-umetnici\/nadezda-petrovic\/\",\"url\":\"https:\/\/serbia.com\/srpski\/o-srbiji\/poznati-srbi\/poznati-umetnici\/nadezda-petrovic\/\",\"name\":\"Nade\u017eda Petrovi\u0107 - Serbia.com\",\"isPartOf\":{\"@id\":\"https:\/\/serbia.com\/#website\"},\"primaryImageOfPage\":{\"@id\":\"https:\/\/serbia.com\/srpski\/o-srbiji\/poznati-srbi\/poznati-umetnici\/nadezda-petrovic\/#primaryimage\"},\"image\":{\"@id\":\"https:\/\/serbia.com\/srpski\/o-srbiji\/poznati-srbi\/poznati-umetnici\/nadezda-petrovic\/#primaryimage\"},\"thumbnailUrl\":\"https:\/\/serbia.com\/wp-content\/uploads\/2015\/06\/petrovic.jpg\",\"datePublished\":\"2015-06-25T14:08:18+00:00\",\"dateModified\":\"2024-06-04T14:08:18+00:00\",\"breadcrumb\":{\"@id\":\"https:\/\/serbia.com\/srpski\/o-srbiji\/poznati-srbi\/poznati-umetnici\/nadezda-petrovic\/#breadcrumb\"},\"inLanguage\":\"srpski\",\"potentialAction\":[{\"@type\":\"ReadAction\",\"target\":[\"https:\/\/serbia.com\/srpski\/o-srbiji\/poznati-srbi\/poznati-umetnici\/nadezda-petrovic\/\"]}]},{\"@type\":\"ImageObject\",\"inLanguage\":\"srpski\",\"@id\":\"https:\/\/serbia.com\/srpski\/o-srbiji\/poznati-srbi\/poznati-umetnici\/nadezda-petrovic\/#primaryimage\",\"url\":\"https:\/\/serbia.com\/wp-content\/uploads\/2015\/06\/petrovic.jpg\",\"contentUrl\":\"https:\/\/serbia.com\/wp-content\/uploads\/2015\/06\/petrovic.jpg\",\"width\":1600,\"height\":873},{\"@type\":\"BreadcrumbList\",\"@id\":\"https:\/\/serbia.com\/srpski\/o-srbiji\/poznati-srbi\/poznati-umetnici\/nadezda-petrovic\/#breadcrumb\",\"itemListElement\":[{\"@type\":\"ListItem\",\"position\":1,\"name\":\"Home\",\"item\":\"https:\/\/serbia.com\/srpski\/\"},{\"@type\":\"ListItem\",\"position\":2,\"name\":\"O Srbiji\",\"item\":\"https:\/\/serbia.com\/srpski\/o-srbiji\/\"},{\"@type\":\"ListItem\",\"position\":3,\"name\":\"Poznati Srbi\",\"item\":\"https:\/\/serbia.com\/srpski\/o-srbiji\/poznati-srbi\/\"},{\"@type\":\"ListItem\",\"position\":4,\"name\":\"Poznati umetnici\",\"item\":\"https:\/\/serbia.com\/srpski\/o-srbiji\/poznati-srbi\/poznati-umetnici\/\"},{\"@type\":\"ListItem\",\"position\":5,\"name\":\"Nade\u017eda Petrovi\u0107\"}]},{\"@type\":\"WebSite\",\"@id\":\"https:\/\/serbia.com\/#website\",\"url\":\"https:\/\/serbia.com\/\",\"name\":\"Serbia.com\",\"description\":\"Your Gateway to Serbia\",\"potentialAction\":[{\"@type\":\"SearchAction\",\"target\":{\"@type\":\"EntryPoint\",\"urlTemplate\":\"https:\/\/serbia.com\/?s={search_term_string}\"},\"query-input\":{\"@type\":\"PropertyValueSpecification\",\"valueRequired\":true,\"valueName\":\"search_term_string\"}}],\"inLanguage\":\"srpski\"}]}<\/script>\n<!-- \/ Yoast SEO plugin. -->","yoast_head_json":{"title":"Nade\u017eda Petrovi\u0107 - Serbia.com","robots":{"index":"index","follow":"follow","max-snippet":"max-snippet:-1","max-image-preview":"max-image-preview:large","max-video-preview":"max-video-preview:-1"},"canonical":"https:\/\/serbia.com\/srpski\/o-srbiji\/poznati-srbi\/poznati-umetnici\/nadezda-petrovic\/","og_locale":"en_US","og_type":"article","og_title":"Nade\u017eda Petrovi\u0107 - Serbia.com","og_description":"Nade\u017eda Petrovi\u0107, najzna\u010dajnija predstavnica srpskog ekspresionizma, dobrovoljno je u\u010destvovala u tri rata kao medicinska sestra, bila je partiota i zagovornica ideje o integralnom jugoslovenstvu. Nade\u017eda Petrovi\u0107 (1873-1915), najzna\u010dajnija je srpska [&hellip;]","og_url":"https:\/\/serbia.com\/srpski\/o-srbiji\/poznati-srbi\/poznati-umetnici\/nadezda-petrovic\/","og_site_name":"Serbia.com","article_modified_time":"2024-06-04T14:08:18+00:00","og_image":[{"width":1600,"height":873,"url":"https:\/\/serbia.com\/wp-content\/uploads\/2015\/06\/petrovic.jpg","type":"image\/jpeg"}],"twitter_misc":{"Est. reading time":"3 minutes"},"schema":{"@context":"https:\/\/schema.org","@graph":[{"@type":"WebPage","@id":"https:\/\/serbia.com\/srpski\/o-srbiji\/poznati-srbi\/poznati-umetnici\/nadezda-petrovic\/","url":"https:\/\/serbia.com\/srpski\/o-srbiji\/poznati-srbi\/poznati-umetnici\/nadezda-petrovic\/","name":"Nade\u017eda Petrovi\u0107 - Serbia.com","isPartOf":{"@id":"https:\/\/serbia.com\/#website"},"primaryImageOfPage":{"@id":"https:\/\/serbia.com\/srpski\/o-srbiji\/poznati-srbi\/poznati-umetnici\/nadezda-petrovic\/#primaryimage"},"image":{"@id":"https:\/\/serbia.com\/srpski\/o-srbiji\/poznati-srbi\/poznati-umetnici\/nadezda-petrovic\/#primaryimage"},"thumbnailUrl":"https:\/\/serbia.com\/wp-content\/uploads\/2015\/06\/petrovic.jpg","datePublished":"2015-06-25T14:08:18+00:00","dateModified":"2024-06-04T14:08:18+00:00","breadcrumb":{"@id":"https:\/\/serbia.com\/srpski\/o-srbiji\/poznati-srbi\/poznati-umetnici\/nadezda-petrovic\/#breadcrumb"},"inLanguage":"srpski","potentialAction":[{"@type":"ReadAction","target":["https:\/\/serbia.com\/srpski\/o-srbiji\/poznati-srbi\/poznati-umetnici\/nadezda-petrovic\/"]}]},{"@type":"ImageObject","inLanguage":"srpski","@id":"https:\/\/serbia.com\/srpski\/o-srbiji\/poznati-srbi\/poznati-umetnici\/nadezda-petrovic\/#primaryimage","url":"https:\/\/serbia.com\/wp-content\/uploads\/2015\/06\/petrovic.jpg","contentUrl":"https:\/\/serbia.com\/wp-content\/uploads\/2015\/06\/petrovic.jpg","width":1600,"height":873},{"@type":"BreadcrumbList","@id":"https:\/\/serbia.com\/srpski\/o-srbiji\/poznati-srbi\/poznati-umetnici\/nadezda-petrovic\/#breadcrumb","itemListElement":[{"@type":"ListItem","position":1,"name":"Home","item":"https:\/\/serbia.com\/srpski\/"},{"@type":"ListItem","position":2,"name":"O Srbiji","item":"https:\/\/serbia.com\/srpski\/o-srbiji\/"},{"@type":"ListItem","position":3,"name":"Poznati Srbi","item":"https:\/\/serbia.com\/srpski\/o-srbiji\/poznati-srbi\/"},{"@type":"ListItem","position":4,"name":"Poznati umetnici","item":"https:\/\/serbia.com\/srpski\/o-srbiji\/poznati-srbi\/poznati-umetnici\/"},{"@type":"ListItem","position":5,"name":"Nade\u017eda Petrovi\u0107"}]},{"@type":"WebSite","@id":"https:\/\/serbia.com\/#website","url":"https:\/\/serbia.com\/","name":"Serbia.com","description":"Your Gateway to Serbia","potentialAction":[{"@type":"SearchAction","target":{"@type":"EntryPoint","urlTemplate":"https:\/\/serbia.com\/?s={search_term_string}"},"query-input":{"@type":"PropertyValueSpecification","valueRequired":true,"valueName":"search_term_string"}}],"inLanguage":"srpski"}]}},"_links":{"self":[{"href":"https:\/\/serbia.com\/srpski\/wp-json\/wp\/v2\/pages\/34391"}],"collection":[{"href":"https:\/\/serbia.com\/srpski\/wp-json\/wp\/v2\/pages"}],"about":[{"href":"https:\/\/serbia.com\/srpski\/wp-json\/wp\/v2\/types\/page"}],"author":[{"embeddable":true,"href":"https:\/\/serbia.com\/srpski\/wp-json\/wp\/v2\/users\/27"}],"replies":[{"embeddable":true,"href":"https:\/\/serbia.com\/srpski\/wp-json\/wp\/v2\/comments?post=34391"}],"version-history":[{"count":1,"href":"https:\/\/serbia.com\/srpski\/wp-json\/wp\/v2\/pages\/34391\/revisions"}],"predecessor-version":[{"id":53242,"href":"https:\/\/serbia.com\/srpski\/wp-json\/wp\/v2\/pages\/34391\/revisions\/53242"}],"up":[{"embeddable":true,"href":"https:\/\/serbia.com\/srpski\/wp-json\/wp\/v2\/pages\/20252"}],"wp:featuredmedia":[{"embeddable":true,"href":"https:\/\/serbia.com\/srpski\/wp-json\/wp\/v2\/media\/34381"}],"wp:attachment":[{"href":"https:\/\/serbia.com\/srpski\/wp-json\/wp\/v2\/media?parent=34391"}],"wp:term":[{"taxonomy":"category","embeddable":true,"href":"https:\/\/serbia.com\/srpski\/wp-json\/wp\/v2\/categories?post=34391"},{"taxonomy":"post_tag","embeddable":true,"href":"https:\/\/serbia.com\/srpski\/wp-json\/wp\/v2\/tags?post=34391"}],"curies":[{"name":"wp","href":"https:\/\/api.w.org\/{rel}","templated":true}]}}