{"id":34373,"date":"2015-06-25T15:36:06","date_gmt":"2015-06-25T13:36:06","guid":{"rendered":"http:\/\/www.serbia.com\/?page_id=34373"},"modified":"2024-06-04T16:08:58","modified_gmt":"2024-06-04T14:08:58","slug":"marina-abramovic","status":"publish","type":"page","link":"https:\/\/serbia.com\/srpski\/o-srbiji\/poznati-srbi\/poznati-umetnici\/marina-abramovic\/","title":{"rendered":"Marina Abramovi\u0107"},"content":{"rendered":"<h2>Lice koje se ne zaboravlja, umetnost koja \u0161okira, ali za koju zna ceo svet, pripada \u201cbaki performansa\u201d, Marini Abramovi\u0107. Ona \u0107e kroz najpoznatiji nastup koji je priredila, \u201cUmetnik je prisutan\u201d ostati zauvek prisutna u svetskoj umetnosti.<\/h2>\n<p><img loading=\"lazy\" decoding=\"async\" class=\"alignleft size-medium wp-image-21506\" src=\"http:\/\/www.serbia.com\/wp-content\/uploads\/2013\/06\/Marina-Abramovic-artist-300x300.jpg\" alt=\"Marina Abramovic artist\" width=\"300\" height=\"300\" srcset=\"https:\/\/serbia.com\/wp-content\/uploads\/2013\/06\/Marina-Abramovic-artist-300x300.jpg 300w, https:\/\/serbia.com\/wp-content\/uploads\/2013\/06\/Marina-Abramovic-artist-150x150.jpg 150w, https:\/\/serbia.com\/wp-content\/uploads\/2013\/06\/Marina-Abramovic-artist.jpg 468w\" sizes=\"(max-width: 300px) 100vw, 300px\" \/>Tanka linija izme\u0111u \u017eivota i smrti inspiri\u0161e nekada\u0161nju slikarku, a kasnije body art umetnicu, Marinu Abramovi\u0107, na <a href=\"http:\/\/www.serbia.com\/srpski\/abramovic-metod\/\" target=\"_blank\" rel=\"noopener\">neobi\u010dne performanse<\/a> za koje mnogi govore da su perverzni, kontroverzni, vulgarni, vanzemaljski, ali niko ne ostaje ravnodu\u0161an na njene \u0161okantne spektakle.<\/p>\n<p>Mnogi njeni nastupi su mazohisti\u010dki, a na njima je Marina uspevala da savlada nadljudsku bol kojoj se izlagala u testiranju granice svoje fizi\u010dke izdr\u017eljivosti, a pri tom pomerala granice umetnosti u neslu\u0107enim pravcima. Ovoj umetnici je oduvek bilo va\u017eno da u publici izazove rekciju i u tome je zaista uspevala.<\/p>\n<p><strong>Dobitnica je venecijanskog Zlatnog Lava<\/strong>, a Njujor\u010dani \u0107e je najvi\u0161e pamtiti po velikoj retrospektivnoj izlo\u017ebi <strong>\u201cUmetnik je prisutan\u201d<\/strong> iz 2010. godine, \u010diji je naziv uzet za dokumentarni film, koji je o njoj snimio ameri\u010dki reditelji Metju Akers.<\/p>\n<p>Izlo\u017eba se sastojala iz dva dela: na jednom spratu muzeja mladi umetnici su izvodili njene naj\u010duvenije performanse, dok je na drugom spratu ona nepomi\u010dno sedela \u0161est dana sedmi\u010dno, tri meseca, a pred njom se smenjivalo hiljade posetilaca gledaju\u0107i je pravo u o\u010di.<\/p>\n<blockquote><p><em><strong>Marina Abramovi\u0107<\/strong> je ro\u0111ena 30. novembra 1946. godine u partizanskoj porodici. Roditelji su bili aktivni u u\u010desnici NOB-a, imali su uspe\u0161nu vojni\u010dku karijeru, a njen deda je bio patrijarh srpski Varnava.<\/em><\/p>\n<p><em>Posle diplomiranja na Akademiji likovnih umetnosti u Beogradu, nastavila je postdiplomske studije i u Zagrebu.<\/em><\/p>\n<p><em>Predavala je na Akademiji likovnih umetnosti u Novom Sadu, kao i na Fakultetu likovnih umetnosti u Braun\u0161vajgu na predmetu Umetnost performansa.<\/em><\/p>\n<p><em>Marina je \u017eivela od 1975. godine u Amsterdamu, ali je vi\u0161e vremena provela putuju\u0107i po svetu. Kasnije se preselila u Njujork, u kome i danas \u017eivi i u kome je osnovala Nezavisnu performans grupu, forum za aktuelnu performans umetnost gde radi sa izabranim mladim umetnicima.<\/em><\/p><\/blockquote>\n<p>Njujor\u0161ka publika je pri susretu sa Marininim o\u010dima plakala, smejala se, provocirala je, ali umetnica se nije pomerila. Ipak, na\u0161le su se jedne o\u010di koje su sru\u0161ile sve njene zidove. <strong>Stati\u010dnost performansa naru\u0161io je Ulaj<\/strong>, njen nekada\u0161nji profesionalni i ljubavni partner, jer se Marina trgla i rukovala sa njim.<\/p>\n<p>Ceo svet \u0107e pamtiti njen performans <strong>\u201cKu\u0107a sa pogledom na okean\u201d koji je obele\u017eio poslednji serijal \u201eSex&amp;City\u201c<\/strong>, u kojoj Keri Bred\u0161o odlazi da se uveri da umetnica zaista ne uzima hranu i ne govori, sede\u0107i u galeriji 24 \u010dasa celih 12 dana. Ovaj nastup joj je obezbedio nagradu grada Njujorka \u2013 \u201eBesi\u201c.<\/p>\n<p>Ipak, mnogo pre ovih modernih performansa, jo\u0161 1975. godne Marina je oti\u0161la najdalje u suo\u010davanju sa smr\u0107u kada je u poslednjoj akciji iz serije <strong>\u201eRitam\u201d<\/strong>, u Napulju, omogu\u0107ila posetiocima da je povrede ili ubiju \u017eiletom, no\u017eem ili pi\u0161toljem. Akcija je trajala 6 \u010dasova, a zavr\u0161ila se tu\u010dom onih koji su \u017eeleli da je povrede i onih koji su je \u0161titili.<\/p>\n<p>Koreni njene umetnosti tra\u017ee se u njenom detinjstvu, u usamljenom srcu devoj\u010dice koja u svojim prezaposlenim roditeljima nije uspevala da na\u0111e potrebnu pa\u017enju, pa je buntovni\u010dkim postupcima poku\u0161avala da je pridobije. Takav na\u010din do\u017eivljavanja stvarnosti i sebe ispoljio se i kasnije kroz potrebu da svoje ideje plasira na najneobi\u010dnije na\u010dine.<\/p>\n<p>Mnogi smatraju da mo\u017eda ba\u0161 zbog toga, Marina nije uspela da odr\u017ei veze sa bliskim osobama: prvo sa roditeljima, kasnije sa prijateljima iz Beograda, pa iz Amsterdama i na kraju sa Ulajem, koji je akter poslednjeg bolnog rastanka u njenom \u017eivotu, svojevrsnog performansa \u2013 rastanka pred o\u010dima javnosti.<\/p>\n<p>Njih dvoje su krenuli sa suprotnih strana Kineskog zida i pe\u0161a\u010denjem savladali razdaljinu od 2000 km, kako bi se jo\u0161 jednom spojili zarad kona\u010dnog rastanka. Ovim rastankom koji se dogodio pod budnim okom javnosti i u vidu specifi\u010dnog performansa, Marina je pokazala da je njena umetnost neodvojivi deo nje.<\/p>\n<p>Da ne bi do\u010dekala smrt, kojom se toliko igrala, a da od nje ne napravi poseban spektakl, <strong>kontroverzna \u201cbaka performansa\u201d je osmislila svoju sahranu<\/strong>. Na dan njene sahrane bi\u0107e postavljena tri kov\u010dega, u Beogradu, Amsterdamu i Njujorku.<\/p>\n<p>Osta\u0107e enigma u kom \u0107e gradu zauvek po\u010divati Marina. Da li \u0107e to biti grad u kome se rodila, u kome \u0107e umreti ili grad u kome je bila sre\u0107na? O toj, kao i o mnogim drugim njenim tajnama \u0107e se jo\u0161 dugo pri\u010dati, a svetska umetnost nikada ne\u0107e zaboraviti originalnost Marine Abramovi\u0107.<\/p>\n","protected":false},"excerpt":{"rendered":"<p>Lice koje se ne zaboravlja, umetnost koja \u0161okira, ali za koju zna ceo svet, pripada \u201cbaki performansa\u201d, Marini Abramovi\u0107. Ona \u0107e kroz najpoznatiji nastup koji je priredila, \u201cUmetnik je prisutan\u201d [&hellip;]<\/p>\n","protected":false},"author":27,"featured_media":30389,"parent":20252,"menu_order":0,"comment_status":"closed","ping_status":"closed","template":"","meta":{"_acf_changed":false,"inline_featured_image":false,"_monsterinsights_skip_tracking":false,"_monsterinsights_sitenote_active":false,"_monsterinsights_sitenote_note":"","_monsterinsights_sitenote_category":0,"footnotes":""},"categories":[2813],"tags":[],"class_list":["post-34373","page","type-page","status-publish","has-post-thumbnail","hentry","category-poznati-umetnici"],"acf":[],"yoast_head":"<!-- This site is optimized with the Yoast SEO plugin v23.8 - https:\/\/yoast.com\/wordpress\/plugins\/seo\/ -->\n<title>Marina Abramovi\u0107 - Serbia.com<\/title>\n<meta name=\"robots\" content=\"index, follow, max-snippet:-1, max-image-preview:large, max-video-preview:-1\" \/>\n<link rel=\"canonical\" href=\"https:\/\/serbia.com\/srpski\/o-srbiji\/poznati-srbi\/poznati-umetnici\/marina-abramovic\/\" \/>\n<meta property=\"og:locale\" content=\"en_US\" \/>\n<meta property=\"og:type\" content=\"article\" \/>\n<meta property=\"og:title\" content=\"Marina Abramovi\u0107 - Serbia.com\" \/>\n<meta property=\"og:description\" content=\"Lice koje se ne zaboravlja, umetnost koja \u0161okira, ali za koju zna ceo svet, pripada \u201cbaki performansa\u201d, Marini Abramovi\u0107. Ona \u0107e kroz najpoznatiji nastup koji je priredila, \u201cUmetnik je prisutan\u201d [&hellip;]\" \/>\n<meta property=\"og:url\" content=\"https:\/\/serbia.com\/srpski\/o-srbiji\/poznati-srbi\/poznati-umetnici\/marina-abramovic\/\" \/>\n<meta property=\"og:site_name\" content=\"Serbia.com\" \/>\n<meta property=\"article:modified_time\" content=\"2024-06-04T14:08:58+00:00\" \/>\n<meta property=\"og:image\" content=\"https:\/\/serbia.com\/wp-content\/uploads\/2015\/03\/marina1.jpg\" \/>\n\t<meta property=\"og:image:width\" content=\"1600\" \/>\n\t<meta property=\"og:image:height\" content=\"807\" \/>\n\t<meta property=\"og:image:type\" content=\"image\/jpeg\" \/>\n<meta name=\"twitter:label1\" content=\"Est. reading time\" \/>\n\t<meta name=\"twitter:data1\" content=\"4 minutes\" \/>\n<script type=\"application\/ld+json\" class=\"yoast-schema-graph\">{\"@context\":\"https:\/\/schema.org\",\"@graph\":[{\"@type\":\"WebPage\",\"@id\":\"https:\/\/serbia.com\/srpski\/o-srbiji\/poznati-srbi\/poznati-umetnici\/marina-abramovic\/\",\"url\":\"https:\/\/serbia.com\/srpski\/o-srbiji\/poznati-srbi\/poznati-umetnici\/marina-abramovic\/\",\"name\":\"Marina Abramovi\u0107 - Serbia.com\",\"isPartOf\":{\"@id\":\"https:\/\/serbia.com\/#website\"},\"primaryImageOfPage\":{\"@id\":\"https:\/\/serbia.com\/srpski\/o-srbiji\/poznati-srbi\/poznati-umetnici\/marina-abramovic\/#primaryimage\"},\"image\":{\"@id\":\"https:\/\/serbia.com\/srpski\/o-srbiji\/poznati-srbi\/poznati-umetnici\/marina-abramovic\/#primaryimage\"},\"thumbnailUrl\":\"https:\/\/serbia.com\/wp-content\/uploads\/2015\/03\/marina1.jpg\",\"datePublished\":\"2015-06-25T13:36:06+00:00\",\"dateModified\":\"2024-06-04T14:08:58+00:00\",\"breadcrumb\":{\"@id\":\"https:\/\/serbia.com\/srpski\/o-srbiji\/poznati-srbi\/poznati-umetnici\/marina-abramovic\/#breadcrumb\"},\"inLanguage\":\"srpski\",\"potentialAction\":[{\"@type\":\"ReadAction\",\"target\":[\"https:\/\/serbia.com\/srpski\/o-srbiji\/poznati-srbi\/poznati-umetnici\/marina-abramovic\/\"]}]},{\"@type\":\"ImageObject\",\"inLanguage\":\"srpski\",\"@id\":\"https:\/\/serbia.com\/srpski\/o-srbiji\/poznati-srbi\/poznati-umetnici\/marina-abramovic\/#primaryimage\",\"url\":\"https:\/\/serbia.com\/wp-content\/uploads\/2015\/03\/marina1.jpg\",\"contentUrl\":\"https:\/\/serbia.com\/wp-content\/uploads\/2015\/03\/marina1.jpg\",\"width\":1600,\"height\":807},{\"@type\":\"BreadcrumbList\",\"@id\":\"https:\/\/serbia.com\/srpski\/o-srbiji\/poznati-srbi\/poznati-umetnici\/marina-abramovic\/#breadcrumb\",\"itemListElement\":[{\"@type\":\"ListItem\",\"position\":1,\"name\":\"Home\",\"item\":\"https:\/\/serbia.com\/srpski\/\"},{\"@type\":\"ListItem\",\"position\":2,\"name\":\"O Srbiji\",\"item\":\"https:\/\/serbia.com\/srpski\/o-srbiji\/\"},{\"@type\":\"ListItem\",\"position\":3,\"name\":\"Poznati Srbi\",\"item\":\"https:\/\/serbia.com\/srpski\/o-srbiji\/poznati-srbi\/\"},{\"@type\":\"ListItem\",\"position\":4,\"name\":\"Poznati umetnici\",\"item\":\"https:\/\/serbia.com\/srpski\/o-srbiji\/poznati-srbi\/poznati-umetnici\/\"},{\"@type\":\"ListItem\",\"position\":5,\"name\":\"Marina Abramovi\u0107\"}]},{\"@type\":\"WebSite\",\"@id\":\"https:\/\/serbia.com\/#website\",\"url\":\"https:\/\/serbia.com\/\",\"name\":\"Serbia.com\",\"description\":\"Your Gateway to Serbia\",\"potentialAction\":[{\"@type\":\"SearchAction\",\"target\":{\"@type\":\"EntryPoint\",\"urlTemplate\":\"https:\/\/serbia.com\/?s={search_term_string}\"},\"query-input\":{\"@type\":\"PropertyValueSpecification\",\"valueRequired\":true,\"valueName\":\"search_term_string\"}}],\"inLanguage\":\"srpski\"}]}<\/script>\n<!-- \/ Yoast SEO plugin. -->","yoast_head_json":{"title":"Marina Abramovi\u0107 - Serbia.com","robots":{"index":"index","follow":"follow","max-snippet":"max-snippet:-1","max-image-preview":"max-image-preview:large","max-video-preview":"max-video-preview:-1"},"canonical":"https:\/\/serbia.com\/srpski\/o-srbiji\/poznati-srbi\/poznati-umetnici\/marina-abramovic\/","og_locale":"en_US","og_type":"article","og_title":"Marina Abramovi\u0107 - Serbia.com","og_description":"Lice koje se ne zaboravlja, umetnost koja \u0161okira, ali za koju zna ceo svet, pripada \u201cbaki performansa\u201d, Marini Abramovi\u0107. Ona \u0107e kroz najpoznatiji nastup koji je priredila, \u201cUmetnik je prisutan\u201d [&hellip;]","og_url":"https:\/\/serbia.com\/srpski\/o-srbiji\/poznati-srbi\/poznati-umetnici\/marina-abramovic\/","og_site_name":"Serbia.com","article_modified_time":"2024-06-04T14:08:58+00:00","og_image":[{"width":1600,"height":807,"url":"https:\/\/serbia.com\/wp-content\/uploads\/2015\/03\/marina1.jpg","type":"image\/jpeg"}],"twitter_misc":{"Est. reading time":"4 minutes"},"schema":{"@context":"https:\/\/schema.org","@graph":[{"@type":"WebPage","@id":"https:\/\/serbia.com\/srpski\/o-srbiji\/poznati-srbi\/poznati-umetnici\/marina-abramovic\/","url":"https:\/\/serbia.com\/srpski\/o-srbiji\/poznati-srbi\/poznati-umetnici\/marina-abramovic\/","name":"Marina Abramovi\u0107 - Serbia.com","isPartOf":{"@id":"https:\/\/serbia.com\/#website"},"primaryImageOfPage":{"@id":"https:\/\/serbia.com\/srpski\/o-srbiji\/poznati-srbi\/poznati-umetnici\/marina-abramovic\/#primaryimage"},"image":{"@id":"https:\/\/serbia.com\/srpski\/o-srbiji\/poznati-srbi\/poznati-umetnici\/marina-abramovic\/#primaryimage"},"thumbnailUrl":"https:\/\/serbia.com\/wp-content\/uploads\/2015\/03\/marina1.jpg","datePublished":"2015-06-25T13:36:06+00:00","dateModified":"2024-06-04T14:08:58+00:00","breadcrumb":{"@id":"https:\/\/serbia.com\/srpski\/o-srbiji\/poznati-srbi\/poznati-umetnici\/marina-abramovic\/#breadcrumb"},"inLanguage":"srpski","potentialAction":[{"@type":"ReadAction","target":["https:\/\/serbia.com\/srpski\/o-srbiji\/poznati-srbi\/poznati-umetnici\/marina-abramovic\/"]}]},{"@type":"ImageObject","inLanguage":"srpski","@id":"https:\/\/serbia.com\/srpski\/o-srbiji\/poznati-srbi\/poznati-umetnici\/marina-abramovic\/#primaryimage","url":"https:\/\/serbia.com\/wp-content\/uploads\/2015\/03\/marina1.jpg","contentUrl":"https:\/\/serbia.com\/wp-content\/uploads\/2015\/03\/marina1.jpg","width":1600,"height":807},{"@type":"BreadcrumbList","@id":"https:\/\/serbia.com\/srpski\/o-srbiji\/poznati-srbi\/poznati-umetnici\/marina-abramovic\/#breadcrumb","itemListElement":[{"@type":"ListItem","position":1,"name":"Home","item":"https:\/\/serbia.com\/srpski\/"},{"@type":"ListItem","position":2,"name":"O Srbiji","item":"https:\/\/serbia.com\/srpski\/o-srbiji\/"},{"@type":"ListItem","position":3,"name":"Poznati Srbi","item":"https:\/\/serbia.com\/srpski\/o-srbiji\/poznati-srbi\/"},{"@type":"ListItem","position":4,"name":"Poznati umetnici","item":"https:\/\/serbia.com\/srpski\/o-srbiji\/poznati-srbi\/poznati-umetnici\/"},{"@type":"ListItem","position":5,"name":"Marina Abramovi\u0107"}]},{"@type":"WebSite","@id":"https:\/\/serbia.com\/#website","url":"https:\/\/serbia.com\/","name":"Serbia.com","description":"Your Gateway to Serbia","potentialAction":[{"@type":"SearchAction","target":{"@type":"EntryPoint","urlTemplate":"https:\/\/serbia.com\/?s={search_term_string}"},"query-input":{"@type":"PropertyValueSpecification","valueRequired":true,"valueName":"search_term_string"}}],"inLanguage":"srpski"}]}},"_links":{"self":[{"href":"https:\/\/serbia.com\/srpski\/wp-json\/wp\/v2\/pages\/34373"}],"collection":[{"href":"https:\/\/serbia.com\/srpski\/wp-json\/wp\/v2\/pages"}],"about":[{"href":"https:\/\/serbia.com\/srpski\/wp-json\/wp\/v2\/types\/page"}],"author":[{"embeddable":true,"href":"https:\/\/serbia.com\/srpski\/wp-json\/wp\/v2\/users\/27"}],"replies":[{"embeddable":true,"href":"https:\/\/serbia.com\/srpski\/wp-json\/wp\/v2\/comments?post=34373"}],"version-history":[{"count":1,"href":"https:\/\/serbia.com\/srpski\/wp-json\/wp\/v2\/pages\/34373\/revisions"}],"predecessor-version":[{"id":53243,"href":"https:\/\/serbia.com\/srpski\/wp-json\/wp\/v2\/pages\/34373\/revisions\/53243"}],"up":[{"embeddable":true,"href":"https:\/\/serbia.com\/srpski\/wp-json\/wp\/v2\/pages\/20252"}],"wp:featuredmedia":[{"embeddable":true,"href":"https:\/\/serbia.com\/srpski\/wp-json\/wp\/v2\/media\/30389"}],"wp:attachment":[{"href":"https:\/\/serbia.com\/srpski\/wp-json\/wp\/v2\/media?parent=34373"}],"wp:term":[{"taxonomy":"category","embeddable":true,"href":"https:\/\/serbia.com\/srpski\/wp-json\/wp\/v2\/categories?post=34373"},{"taxonomy":"post_tag","embeddable":true,"href":"https:\/\/serbia.com\/srpski\/wp-json\/wp\/v2\/tags?post=34373"}],"curies":[{"name":"wp","href":"https:\/\/api.w.org\/{rel}","templated":true}]}}