{"id":34347,"date":"2015-06-25T13:46:08","date_gmt":"2015-06-25T11:46:08","guid":{"rendered":"http:\/\/www.serbia.com\/?page_id=34347"},"modified":"2015-11-17T14:25:12","modified_gmt":"2015-11-17T13:25:12","slug":"mihajlo-pupin","status":"publish","type":"page","link":"https:\/\/serbia.com\/srpski\/o-srbiji\/poznati-srbi\/najveci-srpski-umovi\/mihajlo-pupin\/","title":{"rendered":"Mihajlo Pupin"},"content":{"rendered":"<p style=\"text-align: justify;\">\n<h4 style=\"text-align: justify;\">Mihajlo Pupin,\u00a0nau\u010dnik svetske slave i uticaja koji je usavr\u0161io telefon i dobio Pulicerovu nagradu, u Ameriku je stigao sa svega pet centi u d\u017eepu<\/h4>\n<p style=\"text-align: justify;\"><strong>Mihajlo Pupin<\/strong> bio je nau\u010dnik svetskog glasa i prvi \u010dovek sa ovih prostora koji je dobio Pulicerovu nagradu, a nagrada za doprinos nacionalnim interesima Sjedinjenih Ameri\u010dkih Dr\u017eava nosi njegovo ime.<\/p>\n<p style=\"text-align: justify;\">Bio je jedan od osniva\u010da organizacije iz koje \u0107e kasnije nastati ameri\u010dka Nacionalna vazduhoplovna i svemirska administracija \u2013 <strong>NASA<\/strong>. Jedan krater na Mesecu nazvan je po njemu.<\/p>\n<p style=\"text-align: justify;\">Ono \u0161to je manje poznato je da je, kao li\u010dni prijatelj <strong>Vudroa Vilsona<\/strong>, zaslu\u017ean za odre\u0111ivanje granica Srbije posle <a title=\"Prodor koji je odlu\u010dio I Svetski rat\" href=\"http:\/\/serbia.com\/srpski\/prodor-koji-je-odlucio-i-svetski-rat-2\/\">proboja Solunskog fronta<\/a> i zavr\u0161etka Prvog svetskog rata. Naime, posle \u201cVelikog rata\u201d teritoriju dana\u0161njeg Banata je tra\u017eila Rumunija i savezni\u010dke sile bile su spremne da joj u\u010dine taj ustupak.<\/p>\n<p style=\"text-align: justify;\">Pupin je tada kontaktirao predsednika Amerike i verovatno iskoristio svoj uticaj \u2013 izneo je podatke o svom rodnom selu,<strong>Idvoru<\/strong>, u kome \u017eive Srbi i koje bi po toj podeli pripalo Rumuniji.<\/p>\n<p style=\"text-align: justify;\">Proslavljeni nau\u010dnik je oduvek bio poznat kao veliki patriota, a Vilson je zaklju\u010dio da Pupinovo rodno mesto ne mo\u017ee da ostane van njegove dr\u017eave. Banat je ostao Srbiji, a Pupin se vratio svom nau\u010dnom radu.<\/p>\n<p style=\"text-align: justify;\">Kada je davne 1874. godine Mihajlo Pupin stigao u <strong>Ameriku<\/strong>, u d\u017eepu je imao svega pet centi. Dao ih je za pitu od \u0161ljiva i onda ostao potpuno bez novca, sam, u zemlji koju nije poznavao i me\u0111u ljudima \u010diji jezik nije govorio.<\/p>\n<p style=\"text-align: justify;\">Dve i po decenije kasnije, bio je nau\u010dnik svetske slave, bogat i uticajan. Za autobiografiju \u201e<strong>Od pa\u0161njaka do nau\u010denjaka<\/strong>\u201c Mihajlo Pupin je dobio <strong>Pulicerovu nagradu<\/strong> i tako postao prvi Srbin kome je dodeljeno ovo priznanje.<\/p>\n<p style=\"text-align: justify;\">Od porodice nepismenih roditelja u malom selu u Srbiji, do doktora nauka u dalekom Njujorku, Pupinov put je vodio preko napornih fizi\u010dkih poslova, neprestanog u\u010denja i usavr\u0161avanja, do mesta profesora elektrotehnike na <strong>Univerzitetu Kolumbija<\/strong>, polo\u017eaja prvog diplomate Srbije u Sjedinjenim Ameri\u010dkim Dr\u017eavama i osobe u \u010diju je \u010dast jedan krater na<strong>Mesecu<\/strong> nazvan njegovim imenom.<\/p>\n<p style=\"text-align: justify;\">Svetsku slavu Mihajlu Pupinu doneo je pronalazak \u201c<strong>Pupinovi kalemovi<\/strong>\u201d \u2013 20 godina posle Aleksandra Bela on je patentirao izum koji je usavr\u0161io <strong>telefon<\/strong> i omogu\u0107io da danas njime razgovaramo na velike daljine, da se jasno \u010dujemo i da u vezama nema \u0161umova.<\/p>\n<p style=\"text-align: justify;\">Ovaj pronalazak doneo mu je veliko bogatstvo, koje je Mihajlo Pupin tro\u0161io na osnivanje fondova za stipendiranje nadarenih studenata iz svog zavi\u010daja, za zadu\u017ebine i muzeje.<\/p>\n<p style=\"text-align: justify;\">Do kraja \u017eivota, patentirao je jo\u0161 23 pronalaska od kojih se ve\u0107ina koristi i danas \u2013 od tri dela koja sadr\u017ee svi elektronski ure\u0111aji: ispravlja\u010d, oscilator i poja\u010dava\u010d, Pupin je patentirao dva.<\/p>\n<p style=\"text-align: justify;\">\u010covek koji je svojim radom i trudom postigao sve, Mihajlo Pupin je savremenicima ostao u se\u0107anju kao marljiv \u010dovek. Iako ve\u0107 poznat i bogat nau\u010dnik, i dalje je odlazio na svoje imanje i obra\u0111ivao zemlju sa radnicima, a u slobodno vreme \u010ditao i sakupljao dela pisaca sa prostora Balkana.<\/p>\n<p style=\"text-align: justify;\">Sve manje ljudi danas veruje da se samo sopstvenim trudom i marljivim radom mo\u017ee napredovati i jednog dana mnogo posti\u0107i. Ne tako davno, mladi\u0107 iz Idvora oti\u0161ao je daleko i osvojio svet. U jednom \u010dasopisu za mlade jednom je objavio tekst pod nazivom \u201e\u0160ta sanjalice mogu posti\u0107i\u201c.<\/p>\n<p style=\"text-align: justify;\">Ako veruju i nikad ne odustaju \u2013 mnogo. Mihajlo Pupin je dokaz za to.[ultimate_spacer height=&#8221;30&#8243;][dt_fancy_title title=&#8221;Povezani \u010dlanci&#8221; title_align=&#8221;left&#8221; title_size=&#8221;normal&#8221; title_color=&#8221;accent&#8221; el_width=&#8221;100&#8243; title_bg=&#8221;disabled&#8221; separator_color=&#8221;default&#8221;][ultimate_spacer height=&#8221;30&#8243; height_on_tabs=&#8221;&#8221; height_on_tabs_portrait=&#8221;&#8221; height_on_mob_landscape=&#8221;&#8221; height_on_mob=&#8221;&#8221;]<\/p>\n","protected":false},"excerpt":{"rendered":"<p>Mihajlo Pupin,\u00a0nau\u010dnik svetske slave i uticaja koji je usavr\u0161io telefon i dobio Pulicerovu nagradu, u Ameriku je stigao sa svega pet centi u d\u017eepu Mihajlo Pupin bio je nau\u010dnik svetskog [&hellip;]<\/p>\n","protected":false},"author":27,"featured_media":30406,"parent":20352,"menu_order":0,"comment_status":"closed","ping_status":"closed","template":"","meta":{"_acf_changed":false,"inline_featured_image":false,"_monsterinsights_skip_tracking":false,"_monsterinsights_sitenote_active":false,"_monsterinsights_sitenote_note":"","_monsterinsights_sitenote_category":0,"footnotes":""},"categories":[2814,1642],"tags":[],"class_list":["post-34347","page","type-page","status-publish","has-post-thumbnail","hentry","category-najveci-srpski-umovi","category-poznati-srbi"],"acf":[],"yoast_head":"<!-- This site is optimized with the Yoast SEO plugin v27.4 - https:\/\/yoast.com\/product\/yoast-seo-wordpress\/ -->\n<title>Mihajlo Pupin - Serbia.com<\/title>\n<meta name=\"robots\" content=\"index, follow, max-snippet:-1, max-image-preview:large, max-video-preview:-1\" \/>\n<link rel=\"canonical\" href=\"https:\/\/serbia.com\/srpski\/o-srbiji\/poznati-srbi\/najveci-srpski-umovi\/mihajlo-pupin\/\" \/>\n<meta property=\"og:locale\" content=\"en_US\" \/>\n<meta property=\"og:type\" content=\"article\" \/>\n<meta property=\"og:title\" content=\"Mihajlo Pupin - Serbia.com\" \/>\n<meta property=\"og:description\" content=\"Mihajlo Pupin,\u00a0nau\u010dnik svetske slave i uticaja koji je usavr\u0161io telefon i dobio Pulicerovu nagradu, u Ameriku je stigao sa svega pet centi u d\u017eepu Mihajlo Pupin bio je nau\u010dnik svetskog [&hellip;]\" \/>\n<meta property=\"og:url\" content=\"https:\/\/serbia.com\/srpski\/o-srbiji\/poznati-srbi\/najveci-srpski-umovi\/mihajlo-pupin\/\" \/>\n<meta property=\"og:site_name\" content=\"Serbia.com\" \/>\n<meta property=\"article:modified_time\" content=\"2015-11-17T13:25:12+00:00\" \/>\n<meta property=\"og:image\" content=\"https:\/\/serbia.com\/wp-content\/uploads\/2015\/03\/Mihajlo_Pupin_in_1916222.jpg\" \/>\n\t<meta property=\"og:image:width\" content=\"1600\" \/>\n\t<meta property=\"og:image:height\" content=\"650\" \/>\n\t<meta property=\"og:image:type\" content=\"image\/jpeg\" \/>\n<meta name=\"twitter:label1\" content=\"Est. reading time\" \/>\n\t<meta name=\"twitter:data1\" content=\"3 minutes\" \/>\n<script type=\"application\/ld+json\" class=\"yoast-schema-graph\">{\"@context\":\"https:\\\/\\\/schema.org\",\"@graph\":[{\"@type\":\"WebPage\",\"@id\":\"https:\\\/\\\/serbia.com\\\/srpski\\\/o-srbiji\\\/poznati-srbi\\\/najveci-srpski-umovi\\\/mihajlo-pupin\\\/\",\"url\":\"https:\\\/\\\/serbia.com\\\/srpski\\\/o-srbiji\\\/poznati-srbi\\\/najveci-srpski-umovi\\\/mihajlo-pupin\\\/\",\"name\":\"Mihajlo Pupin - Serbia.com\",\"isPartOf\":{\"@id\":\"https:\\\/\\\/serbia.com\\\/#website\"},\"primaryImageOfPage\":{\"@id\":\"https:\\\/\\\/serbia.com\\\/srpski\\\/o-srbiji\\\/poznati-srbi\\\/najveci-srpski-umovi\\\/mihajlo-pupin\\\/#primaryimage\"},\"image\":{\"@id\":\"https:\\\/\\\/serbia.com\\\/srpski\\\/o-srbiji\\\/poznati-srbi\\\/najveci-srpski-umovi\\\/mihajlo-pupin\\\/#primaryimage\"},\"thumbnailUrl\":\"https:\\\/\\\/serbia.com\\\/wp-content\\\/uploads\\\/2015\\\/03\\\/Mihajlo_Pupin_in_1916222.jpg\",\"datePublished\":\"2015-06-25T11:46:08+00:00\",\"dateModified\":\"2015-11-17T13:25:12+00:00\",\"breadcrumb\":{\"@id\":\"https:\\\/\\\/serbia.com\\\/srpski\\\/o-srbiji\\\/poznati-srbi\\\/najveci-srpski-umovi\\\/mihajlo-pupin\\\/#breadcrumb\"},\"inLanguage\":\"srpski\",\"potentialAction\":[{\"@type\":\"ReadAction\",\"target\":[\"https:\\\/\\\/serbia.com\\\/srpski\\\/o-srbiji\\\/poznati-srbi\\\/najveci-srpski-umovi\\\/mihajlo-pupin\\\/\"]}]},{\"@type\":\"ImageObject\",\"inLanguage\":\"srpski\",\"@id\":\"https:\\\/\\\/serbia.com\\\/srpski\\\/o-srbiji\\\/poznati-srbi\\\/najveci-srpski-umovi\\\/mihajlo-pupin\\\/#primaryimage\",\"url\":\"https:\\\/\\\/serbia.com\\\/wp-content\\\/uploads\\\/2015\\\/03\\\/Mihajlo_Pupin_in_1916222.jpg\",\"contentUrl\":\"https:\\\/\\\/serbia.com\\\/wp-content\\\/uploads\\\/2015\\\/03\\\/Mihajlo_Pupin_in_1916222.jpg\",\"width\":1600,\"height\":650},{\"@type\":\"BreadcrumbList\",\"@id\":\"https:\\\/\\\/serbia.com\\\/srpski\\\/o-srbiji\\\/poznati-srbi\\\/najveci-srpski-umovi\\\/mihajlo-pupin\\\/#breadcrumb\",\"itemListElement\":[{\"@type\":\"ListItem\",\"position\":1,\"name\":\"Home\",\"item\":\"https:\\\/\\\/serbia.com\\\/srpski\\\/srbija\\\/\"},{\"@type\":\"ListItem\",\"position\":2,\"name\":\"O Srbiji\",\"item\":\"https:\\\/\\\/serbia.com\\\/srpski\\\/o-srbiji\\\/\"},{\"@type\":\"ListItem\",\"position\":3,\"name\":\"Poznati Srbi\",\"item\":\"https:\\\/\\\/serbia.com\\\/srpski\\\/o-srbiji\\\/poznati-srbi\\\/\"},{\"@type\":\"ListItem\",\"position\":4,\"name\":\"Najve\u0107i srpski umovi\",\"item\":\"https:\\\/\\\/serbia.com\\\/srpski\\\/o-srbiji\\\/poznati-srbi\\\/najveci-srpski-umovi\\\/\"},{\"@type\":\"ListItem\",\"position\":5,\"name\":\"Mihajlo Pupin\"}]},{\"@type\":\"WebSite\",\"@id\":\"https:\\\/\\\/serbia.com\\\/#website\",\"url\":\"https:\\\/\\\/serbia.com\\\/\",\"name\":\"Serbia.com\",\"description\":\"Your Gateway to Serbia\",\"potentialAction\":[{\"@type\":\"SearchAction\",\"target\":{\"@type\":\"EntryPoint\",\"urlTemplate\":\"https:\\\/\\\/serbia.com\\\/?s={search_term_string}\"},\"query-input\":{\"@type\":\"PropertyValueSpecification\",\"valueRequired\":true,\"valueName\":\"search_term_string\"}}],\"inLanguage\":\"srpski\"}]}<\/script>\n<!-- \/ Yoast SEO plugin. -->","yoast_head_json":{"title":"Mihajlo Pupin - Serbia.com","robots":{"index":"index","follow":"follow","max-snippet":"max-snippet:-1","max-image-preview":"max-image-preview:large","max-video-preview":"max-video-preview:-1"},"canonical":"https:\/\/serbia.com\/srpski\/o-srbiji\/poznati-srbi\/najveci-srpski-umovi\/mihajlo-pupin\/","og_locale":"en_US","og_type":"article","og_title":"Mihajlo Pupin - Serbia.com","og_description":"Mihajlo Pupin,\u00a0nau\u010dnik svetske slave i uticaja koji je usavr\u0161io telefon i dobio Pulicerovu nagradu, u Ameriku je stigao sa svega pet centi u d\u017eepu Mihajlo Pupin bio je nau\u010dnik svetskog [&hellip;]","og_url":"https:\/\/serbia.com\/srpski\/o-srbiji\/poznati-srbi\/najveci-srpski-umovi\/mihajlo-pupin\/","og_site_name":"Serbia.com","article_modified_time":"2015-11-17T13:25:12+00:00","og_image":[{"width":1600,"height":650,"url":"https:\/\/serbia.com\/wp-content\/uploads\/2015\/03\/Mihajlo_Pupin_in_1916222.jpg","type":"image\/jpeg"}],"twitter_misc":{"Est. reading time":"3 minutes"},"schema":{"@context":"https:\/\/schema.org","@graph":[{"@type":"WebPage","@id":"https:\/\/serbia.com\/srpski\/o-srbiji\/poznati-srbi\/najveci-srpski-umovi\/mihajlo-pupin\/","url":"https:\/\/serbia.com\/srpski\/o-srbiji\/poznati-srbi\/najveci-srpski-umovi\/mihajlo-pupin\/","name":"Mihajlo Pupin - Serbia.com","isPartOf":{"@id":"https:\/\/serbia.com\/#website"},"primaryImageOfPage":{"@id":"https:\/\/serbia.com\/srpski\/o-srbiji\/poznati-srbi\/najveci-srpski-umovi\/mihajlo-pupin\/#primaryimage"},"image":{"@id":"https:\/\/serbia.com\/srpski\/o-srbiji\/poznati-srbi\/najveci-srpski-umovi\/mihajlo-pupin\/#primaryimage"},"thumbnailUrl":"https:\/\/serbia.com\/wp-content\/uploads\/2015\/03\/Mihajlo_Pupin_in_1916222.jpg","datePublished":"2015-06-25T11:46:08+00:00","dateModified":"2015-11-17T13:25:12+00:00","breadcrumb":{"@id":"https:\/\/serbia.com\/srpski\/o-srbiji\/poznati-srbi\/najveci-srpski-umovi\/mihajlo-pupin\/#breadcrumb"},"inLanguage":"srpski","potentialAction":[{"@type":"ReadAction","target":["https:\/\/serbia.com\/srpski\/o-srbiji\/poznati-srbi\/najveci-srpski-umovi\/mihajlo-pupin\/"]}]},{"@type":"ImageObject","inLanguage":"srpski","@id":"https:\/\/serbia.com\/srpski\/o-srbiji\/poznati-srbi\/najveci-srpski-umovi\/mihajlo-pupin\/#primaryimage","url":"https:\/\/serbia.com\/wp-content\/uploads\/2015\/03\/Mihajlo_Pupin_in_1916222.jpg","contentUrl":"https:\/\/serbia.com\/wp-content\/uploads\/2015\/03\/Mihajlo_Pupin_in_1916222.jpg","width":1600,"height":650},{"@type":"BreadcrumbList","@id":"https:\/\/serbia.com\/srpski\/o-srbiji\/poznati-srbi\/najveci-srpski-umovi\/mihajlo-pupin\/#breadcrumb","itemListElement":[{"@type":"ListItem","position":1,"name":"Home","item":"https:\/\/serbia.com\/srpski\/srbija\/"},{"@type":"ListItem","position":2,"name":"O Srbiji","item":"https:\/\/serbia.com\/srpski\/o-srbiji\/"},{"@type":"ListItem","position":3,"name":"Poznati Srbi","item":"https:\/\/serbia.com\/srpski\/o-srbiji\/poznati-srbi\/"},{"@type":"ListItem","position":4,"name":"Najve\u0107i srpski umovi","item":"https:\/\/serbia.com\/srpski\/o-srbiji\/poznati-srbi\/najveci-srpski-umovi\/"},{"@type":"ListItem","position":5,"name":"Mihajlo Pupin"}]},{"@type":"WebSite","@id":"https:\/\/serbia.com\/#website","url":"https:\/\/serbia.com\/","name":"Serbia.com","description":"Your Gateway to Serbia","potentialAction":[{"@type":"SearchAction","target":{"@type":"EntryPoint","urlTemplate":"https:\/\/serbia.com\/?s={search_term_string}"},"query-input":{"@type":"PropertyValueSpecification","valueRequired":true,"valueName":"search_term_string"}}],"inLanguage":"srpski"}]}},"brizy_media":[],"_links":{"self":[{"href":"https:\/\/serbia.com\/srpski\/wp-json\/wp\/v2\/pages\/34347","targetHints":{"allow":["GET"]}}],"collection":[{"href":"https:\/\/serbia.com\/srpski\/wp-json\/wp\/v2\/pages"}],"about":[{"href":"https:\/\/serbia.com\/srpski\/wp-json\/wp\/v2\/types\/page"}],"author":[{"embeddable":true,"href":"https:\/\/serbia.com\/srpski\/wp-json\/wp\/v2\/users\/27"}],"replies":[{"embeddable":true,"href":"https:\/\/serbia.com\/srpski\/wp-json\/wp\/v2\/comments?post=34347"}],"version-history":[{"count":0,"href":"https:\/\/serbia.com\/srpski\/wp-json\/wp\/v2\/pages\/34347\/revisions"}],"up":[{"embeddable":true,"href":"https:\/\/serbia.com\/srpski\/wp-json\/wp\/v2\/pages\/20352"}],"wp:featuredmedia":[{"embeddable":true,"href":"https:\/\/serbia.com\/srpski\/wp-json\/wp\/v2\/media\/30406"}],"wp:attachment":[{"href":"https:\/\/serbia.com\/srpski\/wp-json\/wp\/v2\/media?parent=34347"}],"wp:term":[{"taxonomy":"category","embeddable":true,"href":"https:\/\/serbia.com\/srpski\/wp-json\/wp\/v2\/categories?post=34347"},{"taxonomy":"post_tag","embeddable":true,"href":"https:\/\/serbia.com\/srpski\/wp-json\/wp\/v2\/tags?post=34347"}],"curies":[{"name":"wp","href":"https:\/\/api.w.org\/{rel}","templated":true}]}}