{"id":34341,"date":"2015-06-25T13:36:32","date_gmt":"2015-06-25T11:36:32","guid":{"rendered":"http:\/\/www.serbia.com\/?page_id=34341"},"modified":"2015-11-17T14:22:56","modified_gmt":"2015-11-17T13:22:56","slug":"milutin-milankovic","status":"publish","type":"page","link":"https:\/\/serbia.com\/srpski\/o-srbiji\/poznati-srbi\/najveci-srpski-umovi\/milutin-milankovic\/","title":{"rendered":"Milutin Milankovi\u0107"},"content":{"rendered":"<p style=\"text-align: justify;\">\n<h4 style=\"text-align: justify;\">Srpski nau\u010dnik Milutin Milankovi\u0107 napravio je najprecizniji kalendar. Po njemu su nazvani krateri i na Mesecu i na Marsu, a priznanje za svoj nau\u010dni rad dobio je tek nakon smrti.<\/h4>\n<p style=\"text-align: justify;\"><strong>Najprecizniji kalendar na svetu<\/strong> delo je jednog velikog srpskog nau\u010dnika, a<strong> po njemu su nazvani jedan krater na Marsu i jedan na Mesecu<\/strong>.<strong> NASA ga je svrstala me\u0111u 15 nau\u010dnika najzaslu\u017enijih za razvoj nauke o Zemlji<\/strong>. Njegovo ime je <strong>Milutin Milankovi\u0107<\/strong> \u2013 poznat i po svojoj <strong>\u201eteoriji ledenog doba\u201c<\/strong>.<\/p>\n<p style=\"text-align: justify;\">Zahvaljuju\u0107i njegovom radu danas znamo da na klimu na Zemlji dominantno uti\u010du faktori iz svemira, pre svega Sunce, a to nam omogu\u0107ava da sa velikom sigurno\u0161\u0107u predvidimo promene i dolazak slede\u0107eg ledenog doba.<\/p>\n<p style=\"text-align: justify;\">Milutin Milankovi\u0107 je oduvek znao da \u0107e postati nau\u010dnik. Bio je matemati\u010dar, astronom, geofizi\u010dar, klimatolog, gra\u0111evinski in\u017eenjer \u2026<\/p>\n<p style=\"text-align: justify;\">Pre pete godine je znao da ra\u010duna.<strong> U 25. bio je prvi doktor tehni\u010dkih nauka u Srbiji.<\/strong> Danas je <strong>najcitiraniji srpski nau\u010dnik u svetu<\/strong> i \u010dovek \u010diji se lik nalazi na nov\u010danici od 2.000 dinara.<\/p>\n<p style=\"text-align: justify;\">Iako nije do\u017eiveo svetsko priznanje svog rada, svi njegovi prora\u010dun su se decenijama kasnije pokazali kao ta\u010dni.<\/p>\n<p style=\"text-align: justify;\">Poseduju\u0107i samo papir i olovku kao sredstva za rad, Milankovi\u0107 je <strong>matemati\u010dki dokazao da promene zemljine klime nisu nasumi\u010dne ve\u0107 da se smenjuju u ciklusima<\/strong>. U njegovim prora\u010dunima, nalaze se prognoze koje su ve\u0107 danas po\u010dele da se ostvaruju \u2013 topljenje lednika, snegovi u pustinjama, vrela leta i ledene zime \u2026<\/p>\n<p style=\"text-align: justify;\">Istra\u017eene uticaje Sunca na klimu, Milutin Milankovi\u0107 je objavio u svom najzna\u010dajnijem delu \u201e<strong>Kanon osun\u010davanja zemlje<\/strong>\u201c, a danas je ova teorija poznata kao \u201e<strong>Milankovi\u0107evi ciklusi<\/strong>\u201c.<\/p>\n<p style=\"text-align: justify;\">Milankovi\u0107 je tvorac najpreciznijeg kalendara na svetu. Koriste\u0107i svoje znanje iz vi\u0161e nau\u010dnih disciplina, on je sastavio kalendar koji ispravlja gre\u0161ke i zaostatke postoje\u0107ih kalendara i pribli\u017eava se savr\u0161enoj ta\u010dnosti. Svi sada\u0161nji kalendari va\u017ee za naredne vekove, ali ne i za ve\u010dnost. Julijanski kalendar gubi jedan dan svakih 128 godina. Gregorijanski kasni svakih 3 300 godina.<\/p>\n<p style=\"text-align: justify;\">Milankovi\u0107evom kalendaru 1 dan \u0107e nedostajati tek posle vi\u0161e od 43 000 godina. Iako je u nau\u010dnim krugovima kalendar na\u0161eg nau\u010dnika odavno priznat kao najprecizniji, on jo\u0161 uvek \u010deka neka budu\u0107a vremena kada \u0107emo svi na isti na\u010din meriti vreme.<\/p>\n<p style=\"text-align: justify;\">Milutin Milankovi\u0107 je isticao zna\u010daj preno\u0161enja znanja na mla\u0111e generacije. Zbog toga je i napisao jednu od najlep\u0161ih knjiga za popularizaciju nauke \u2013 \u201e<strong>Kroz vasionu i vekove<\/strong>\u201c u kojoj, kroz pisma zami\u0161ljenoj prijateljici, obja\u0161njava najzna\u010dajnije pojmove iz sveta astronomije, ali i nauke uop\u0161te.<\/p>\n<p style=\"text-align: justify;\">Kao predava\u010d na katedri za Nebesku mehaniku na Univerzitetu u <a title=\"Beograd\" href=\"http:\/\/serbia.com\/srpski\/beograd\/\">Beogradu<\/a>, uticao je na razvoj i stvaranje generacija vrhunskih astronoma, a za njih je napisao i brojne ud\u017ebenike.<\/p>\n<p style=\"text-align: justify;\">Intelektualac koji je po profesiji bio mnogo toga, ali pre svega nau\u010dnik, Milutin Milankovi\u0107 je izabrao da \u017eivi u Srbiji u najburnijem periodu 20. veka \u2013 pre\u017eiveo je dva balkanska i dva svetska rata.<\/p>\n<p style=\"text-align: justify;\">Nikada nije izgubio po\u0161tovanje kolega i nau\u010dnog sveta. <strong>Bio je bio potpredsednik Srpske kraljevske akademije nauka (SANU), redovni \u010dlan Nema\u010dke akademije nauka i dopisni \u010dlan mnogih svetskih institucija.<\/strong><\/p>\n<p style=\"text-align: justify;\">Ipak, op\u0161te priznavanje njegovog rada i zaklju\u010daka, usledilo je decenijama posle njegove smrti. Milutin Milankovi\u0107 je umro 1958. u 80. godini \u017eivota[ultimate_spacer height=&#8221;30&#8243;][dt_fancy_title title=&#8221;Povezani \u010dlanci&#8221; title_align=&#8221;left&#8221; title_size=&#8221;normal&#8221; title_color=&#8221;accent&#8221; el_width=&#8221;100&#8243; title_bg=&#8221;disabled&#8221; separator_color=&#8221;default&#8221;][ultimate_spacer height=&#8221;30&#8243; height_on_tabs=&#8221;&#8221; height_on_tabs_portrait=&#8221;&#8221; height_on_mob_landscape=&#8221;&#8221; height_on_mob=&#8221;&#8221;]<\/p>\n","protected":false},"excerpt":{"rendered":"<p>Srpski nau\u010dnik Milutin Milankovi\u0107 napravio je najprecizniji kalendar. Po njemu su nazvani krateri i na Mesecu i na Marsu, a priznanje za svoj nau\u010dni rad dobio je tek nakon smrti. [&hellip;]<\/p>\n","protected":false},"author":27,"featured_media":34337,"parent":20352,"menu_order":0,"comment_status":"closed","ping_status":"closed","template":"","meta":{"_acf_changed":false,"inline_featured_image":false,"_monsterinsights_skip_tracking":false,"_monsterinsights_sitenote_active":false,"_monsterinsights_sitenote_note":"","_monsterinsights_sitenote_category":0,"footnotes":""},"categories":[2814,1642],"tags":[],"class_list":["post-34341","page","type-page","status-publish","has-post-thumbnail","hentry","category-najveci-srpski-umovi","category-poznati-srbi"],"acf":[],"yoast_head":"<!-- This site is optimized with the Yoast SEO plugin v27.4 - https:\/\/yoast.com\/product\/yoast-seo-wordpress\/ -->\n<title>Milutin Milankovi\u0107 - Serbia.com<\/title>\n<meta name=\"robots\" content=\"index, follow, max-snippet:-1, max-image-preview:large, max-video-preview:-1\" \/>\n<link rel=\"canonical\" href=\"https:\/\/serbia.com\/srpski\/o-srbiji\/poznati-srbi\/najveci-srpski-umovi\/milutin-milankovic\/\" \/>\n<meta property=\"og:locale\" content=\"en_US\" \/>\n<meta property=\"og:type\" content=\"article\" \/>\n<meta property=\"og:title\" content=\"Milutin Milankovi\u0107 - Serbia.com\" \/>\n<meta property=\"og:description\" content=\"Srpski nau\u010dnik Milutin Milankovi\u0107 napravio je najprecizniji kalendar. Po njemu su nazvani krateri i na Mesecu i na Marsu, a priznanje za svoj nau\u010dni rad dobio je tek nakon smrti. [&hellip;]\" \/>\n<meta property=\"og:url\" content=\"https:\/\/serbia.com\/srpski\/o-srbiji\/poznati-srbi\/najveci-srpski-umovi\/milutin-milankovic\/\" \/>\n<meta property=\"og:site_name\" content=\"Serbia.com\" \/>\n<meta property=\"article:modified_time\" content=\"2015-11-17T13:22:56+00:00\" \/>\n<meta property=\"og:image\" content=\"https:\/\/serbia.com\/wp-content\/uploads\/2015\/06\/milankovic.jpg\" \/>\n\t<meta property=\"og:image:width\" content=\"1281\" \/>\n\t<meta property=\"og:image:height\" content=\"759\" \/>\n\t<meta property=\"og:image:type\" content=\"image\/jpeg\" \/>\n<meta name=\"twitter:label1\" content=\"Est. reading time\" \/>\n\t<meta name=\"twitter:data1\" content=\"3 minutes\" \/>\n<script type=\"application\/ld+json\" class=\"yoast-schema-graph\">{\"@context\":\"https:\\\/\\\/schema.org\",\"@graph\":[{\"@type\":\"WebPage\",\"@id\":\"https:\\\/\\\/serbia.com\\\/srpski\\\/o-srbiji\\\/poznati-srbi\\\/najveci-srpski-umovi\\\/milutin-milankovic\\\/\",\"url\":\"https:\\\/\\\/serbia.com\\\/srpski\\\/o-srbiji\\\/poznati-srbi\\\/najveci-srpski-umovi\\\/milutin-milankovic\\\/\",\"name\":\"Milutin Milankovi\u0107 - Serbia.com\",\"isPartOf\":{\"@id\":\"https:\\\/\\\/serbia.com\\\/#website\"},\"primaryImageOfPage\":{\"@id\":\"https:\\\/\\\/serbia.com\\\/srpski\\\/o-srbiji\\\/poznati-srbi\\\/najveci-srpski-umovi\\\/milutin-milankovic\\\/#primaryimage\"},\"image\":{\"@id\":\"https:\\\/\\\/serbia.com\\\/srpski\\\/o-srbiji\\\/poznati-srbi\\\/najveci-srpski-umovi\\\/milutin-milankovic\\\/#primaryimage\"},\"thumbnailUrl\":\"https:\\\/\\\/serbia.com\\\/wp-content\\\/uploads\\\/2015\\\/06\\\/milankovic.jpg\",\"datePublished\":\"2015-06-25T11:36:32+00:00\",\"dateModified\":\"2015-11-17T13:22:56+00:00\",\"breadcrumb\":{\"@id\":\"https:\\\/\\\/serbia.com\\\/srpski\\\/o-srbiji\\\/poznati-srbi\\\/najveci-srpski-umovi\\\/milutin-milankovic\\\/#breadcrumb\"},\"inLanguage\":\"srpski\",\"potentialAction\":[{\"@type\":\"ReadAction\",\"target\":[\"https:\\\/\\\/serbia.com\\\/srpski\\\/o-srbiji\\\/poznati-srbi\\\/najveci-srpski-umovi\\\/milutin-milankovic\\\/\"]}]},{\"@type\":\"ImageObject\",\"inLanguage\":\"srpski\",\"@id\":\"https:\\\/\\\/serbia.com\\\/srpski\\\/o-srbiji\\\/poznati-srbi\\\/najveci-srpski-umovi\\\/milutin-milankovic\\\/#primaryimage\",\"url\":\"https:\\\/\\\/serbia.com\\\/wp-content\\\/uploads\\\/2015\\\/06\\\/milankovic.jpg\",\"contentUrl\":\"https:\\\/\\\/serbia.com\\\/wp-content\\\/uploads\\\/2015\\\/06\\\/milankovic.jpg\",\"width\":1281,\"height\":759},{\"@type\":\"BreadcrumbList\",\"@id\":\"https:\\\/\\\/serbia.com\\\/srpski\\\/o-srbiji\\\/poznati-srbi\\\/najveci-srpski-umovi\\\/milutin-milankovic\\\/#breadcrumb\",\"itemListElement\":[{\"@type\":\"ListItem\",\"position\":1,\"name\":\"Home\",\"item\":\"https:\\\/\\\/serbia.com\\\/srpski\\\/srbija\\\/\"},{\"@type\":\"ListItem\",\"position\":2,\"name\":\"O Srbiji\",\"item\":\"https:\\\/\\\/serbia.com\\\/srpski\\\/o-srbiji\\\/\"},{\"@type\":\"ListItem\",\"position\":3,\"name\":\"Poznati Srbi\",\"item\":\"https:\\\/\\\/serbia.com\\\/srpski\\\/o-srbiji\\\/poznati-srbi\\\/\"},{\"@type\":\"ListItem\",\"position\":4,\"name\":\"Najve\u0107i srpski umovi\",\"item\":\"https:\\\/\\\/serbia.com\\\/srpski\\\/o-srbiji\\\/poznati-srbi\\\/najveci-srpski-umovi\\\/\"},{\"@type\":\"ListItem\",\"position\":5,\"name\":\"Milutin Milankovi\u0107\"}]},{\"@type\":\"WebSite\",\"@id\":\"https:\\\/\\\/serbia.com\\\/#website\",\"url\":\"https:\\\/\\\/serbia.com\\\/\",\"name\":\"Serbia.com\",\"description\":\"Your Gateway to Serbia\",\"potentialAction\":[{\"@type\":\"SearchAction\",\"target\":{\"@type\":\"EntryPoint\",\"urlTemplate\":\"https:\\\/\\\/serbia.com\\\/?s={search_term_string}\"},\"query-input\":{\"@type\":\"PropertyValueSpecification\",\"valueRequired\":true,\"valueName\":\"search_term_string\"}}],\"inLanguage\":\"srpski\"}]}<\/script>\n<!-- \/ Yoast SEO plugin. -->","yoast_head_json":{"title":"Milutin Milankovi\u0107 - Serbia.com","robots":{"index":"index","follow":"follow","max-snippet":"max-snippet:-1","max-image-preview":"max-image-preview:large","max-video-preview":"max-video-preview:-1"},"canonical":"https:\/\/serbia.com\/srpski\/o-srbiji\/poznati-srbi\/najveci-srpski-umovi\/milutin-milankovic\/","og_locale":"en_US","og_type":"article","og_title":"Milutin Milankovi\u0107 - Serbia.com","og_description":"Srpski nau\u010dnik Milutin Milankovi\u0107 napravio je najprecizniji kalendar. Po njemu su nazvani krateri i na Mesecu i na Marsu, a priznanje za svoj nau\u010dni rad dobio je tek nakon smrti. [&hellip;]","og_url":"https:\/\/serbia.com\/srpski\/o-srbiji\/poznati-srbi\/najveci-srpski-umovi\/milutin-milankovic\/","og_site_name":"Serbia.com","article_modified_time":"2015-11-17T13:22:56+00:00","og_image":[{"width":1281,"height":759,"url":"https:\/\/serbia.com\/wp-content\/uploads\/2015\/06\/milankovic.jpg","type":"image\/jpeg"}],"twitter_misc":{"Est. reading time":"3 minutes"},"schema":{"@context":"https:\/\/schema.org","@graph":[{"@type":"WebPage","@id":"https:\/\/serbia.com\/srpski\/o-srbiji\/poznati-srbi\/najveci-srpski-umovi\/milutin-milankovic\/","url":"https:\/\/serbia.com\/srpski\/o-srbiji\/poznati-srbi\/najveci-srpski-umovi\/milutin-milankovic\/","name":"Milutin Milankovi\u0107 - Serbia.com","isPartOf":{"@id":"https:\/\/serbia.com\/#website"},"primaryImageOfPage":{"@id":"https:\/\/serbia.com\/srpski\/o-srbiji\/poznati-srbi\/najveci-srpski-umovi\/milutin-milankovic\/#primaryimage"},"image":{"@id":"https:\/\/serbia.com\/srpski\/o-srbiji\/poznati-srbi\/najveci-srpski-umovi\/milutin-milankovic\/#primaryimage"},"thumbnailUrl":"https:\/\/serbia.com\/wp-content\/uploads\/2015\/06\/milankovic.jpg","datePublished":"2015-06-25T11:36:32+00:00","dateModified":"2015-11-17T13:22:56+00:00","breadcrumb":{"@id":"https:\/\/serbia.com\/srpski\/o-srbiji\/poznati-srbi\/najveci-srpski-umovi\/milutin-milankovic\/#breadcrumb"},"inLanguage":"srpski","potentialAction":[{"@type":"ReadAction","target":["https:\/\/serbia.com\/srpski\/o-srbiji\/poznati-srbi\/najveci-srpski-umovi\/milutin-milankovic\/"]}]},{"@type":"ImageObject","inLanguage":"srpski","@id":"https:\/\/serbia.com\/srpski\/o-srbiji\/poznati-srbi\/najveci-srpski-umovi\/milutin-milankovic\/#primaryimage","url":"https:\/\/serbia.com\/wp-content\/uploads\/2015\/06\/milankovic.jpg","contentUrl":"https:\/\/serbia.com\/wp-content\/uploads\/2015\/06\/milankovic.jpg","width":1281,"height":759},{"@type":"BreadcrumbList","@id":"https:\/\/serbia.com\/srpski\/o-srbiji\/poznati-srbi\/najveci-srpski-umovi\/milutin-milankovic\/#breadcrumb","itemListElement":[{"@type":"ListItem","position":1,"name":"Home","item":"https:\/\/serbia.com\/srpski\/srbija\/"},{"@type":"ListItem","position":2,"name":"O Srbiji","item":"https:\/\/serbia.com\/srpski\/o-srbiji\/"},{"@type":"ListItem","position":3,"name":"Poznati Srbi","item":"https:\/\/serbia.com\/srpski\/o-srbiji\/poznati-srbi\/"},{"@type":"ListItem","position":4,"name":"Najve\u0107i srpski umovi","item":"https:\/\/serbia.com\/srpski\/o-srbiji\/poznati-srbi\/najveci-srpski-umovi\/"},{"@type":"ListItem","position":5,"name":"Milutin Milankovi\u0107"}]},{"@type":"WebSite","@id":"https:\/\/serbia.com\/#website","url":"https:\/\/serbia.com\/","name":"Serbia.com","description":"Your Gateway to Serbia","potentialAction":[{"@type":"SearchAction","target":{"@type":"EntryPoint","urlTemplate":"https:\/\/serbia.com\/?s={search_term_string}"},"query-input":{"@type":"PropertyValueSpecification","valueRequired":true,"valueName":"search_term_string"}}],"inLanguage":"srpski"}]}},"brizy_media":[],"_links":{"self":[{"href":"https:\/\/serbia.com\/srpski\/wp-json\/wp\/v2\/pages\/34341","targetHints":{"allow":["GET"]}}],"collection":[{"href":"https:\/\/serbia.com\/srpski\/wp-json\/wp\/v2\/pages"}],"about":[{"href":"https:\/\/serbia.com\/srpski\/wp-json\/wp\/v2\/types\/page"}],"author":[{"embeddable":true,"href":"https:\/\/serbia.com\/srpski\/wp-json\/wp\/v2\/users\/27"}],"replies":[{"embeddable":true,"href":"https:\/\/serbia.com\/srpski\/wp-json\/wp\/v2\/comments?post=34341"}],"version-history":[{"count":0,"href":"https:\/\/serbia.com\/srpski\/wp-json\/wp\/v2\/pages\/34341\/revisions"}],"up":[{"embeddable":true,"href":"https:\/\/serbia.com\/srpski\/wp-json\/wp\/v2\/pages\/20352"}],"wp:featuredmedia":[{"embeddable":true,"href":"https:\/\/serbia.com\/srpski\/wp-json\/wp\/v2\/media\/34337"}],"wp:attachment":[{"href":"https:\/\/serbia.com\/srpski\/wp-json\/wp\/v2\/media?parent=34341"}],"wp:term":[{"taxonomy":"category","embeddable":true,"href":"https:\/\/serbia.com\/srpski\/wp-json\/wp\/v2\/categories?post=34341"},{"taxonomy":"post_tag","embeddable":true,"href":"https:\/\/serbia.com\/srpski\/wp-json\/wp\/v2\/tags?post=34341"}],"curies":[{"name":"wp","href":"https:\/\/api.w.org\/{rel}","templated":true}]}}