{"id":34331,"date":"2015-06-25T13:07:11","date_gmt":"2015-06-25T11:07:11","guid":{"rendered":"http:\/\/www.serbia.com\/?page_id=34331"},"modified":"2015-11-17T14:20:31","modified_gmt":"2015-11-17T13:20:31","slug":"nikola-tesla","status":"publish","type":"page","link":"https:\/\/serbia.com\/srpski\/o-srbiji\/poznati-srbi\/najveci-srpski-umovi\/nikola-tesla\/","title":{"rendered":"Nikola Tesla"},"content":{"rendered":"<p style=\"text-align: justify;\">\n<h4 style=\"text-align: justify;\">Genije 20. veka, \u010dovek \u010diji izumi i danas zadaju glavobolje nau\u010dnicima, Nikola Tesla je u velikoj meri zaslu\u017ean za funkcionisanje na\u0161e svakodnevice.<\/h4>\n<p style=\"text-align: justify;\"><strong>Nikola Tesla<\/strong> je hidroelektranu na Nijagarinim vodopadima osmislio kad mu je bilo svega 10 godina, a ostao je upam\u0107en i po tvrdnji koju i danas mnogi nau\u010dnici smatraju neostvarivom: da automobili mogu da se kre\u0107u bez upotrebe benzina ili gasa, samo na energiju okoline.<\/p>\n<p style=\"text-align: justify;\"><strong>FBI je sve nacrte posle njegove smrti zaplenio i oni ni do danas nisu dostupni javnosti. Bio je jedan od najve\u0107ih genija 20. veka \u2013 Nikola Tesla, \u010dovek koji je ukrotio munje!<\/strong><\/p>\n<p style=\"text-align: justify;\">Na\u0161a svakodnevica u velikoj meri funkcioni\u0161e zahvaljuju\u0107i Tesli \u2013 nau\u010dniku koga danas svojataju tri dr\u017eave.<\/p>\n<p style=\"text-align: justify;\">\u010covek \u010dije ime nosi aerodrom u <a title=\"Beograd\" href=\"http:\/\/serbia.com\/srpski\/beograd\/\">Beogradu<\/a> rodio se 1856. godine u dana\u0161njoj Hrvatskoj. Bio je poreklom Srbin ali je najve\u0107i deo svog \u017eivota proveo u Sjedinjenim Ameri\u010dkim Dr\u017eavama.<\/p>\n<p style=\"text-align: justify;\">Kada se, kao mali, u rodnom Smiljanu igrao na potoku, Tesla je prona\u0161ao to\u010dak, stavio ga u vodu i napravio minijaturnu turbinu.\u00a0Ujaku, koji je sve to za\u010du\u0111eno gledao, rekao je da \u0107e jednog dana napraviti istu takvu samo na mnogo ve\u0107oj reci.<\/p>\n<p style=\"text-align: justify;\">Godinama kasnije, na Nijagarinim vodopadima, <strong>po Teslinim nacrtima, napravljana je prva elektri\u010dna centrala, koja je bila uvr\u0161\u0107ena u jedno od svetskih \u010duda tada\u0161njeg sveta.<\/strong><\/p>\n<p style=\"text-align: justify;\">Poznato je da je Nikola Tesla otkrio naizmeni\u010dnu struju, da je istra\u017eivao magnetno polje i energiju planete Zemlje. Manje je poznato da je verovao da je mogu\u0107e putovati kroz vreme, kao i komunicirati sa drugim svetovima.<\/p>\n<p style=\"text-align: justify;\">Bio je \u010dovek koji je uspeo da ukroti munju i koji je energiju video svuda oko nas! Tvrdio je da ljudi ne treba da je proizvode, ve\u0107 samo da se priklju\u010de u polje planete na kojoj \u017eivimo i odatle crpe energiju koja je beskona\u010dna i neuni\u0161tiva.<\/p>\n<figure id=\"attachment_16885\" aria-describedby=\"caption-attachment-16885\" style=\"width: 227px\" class=\"wp-caption alignleft\"><img loading=\"lazy\" decoding=\"async\" class=\"wp-image-16885 size-medium\" src=\"http:\/\/www.serbia.com\/wp-content\/uploads\/2012\/12\/Nikola_Tesla_on_Time_Magazine_1931-227x300.jpg\" alt=\"Nikola Tesla na naslovnoj strani &quot;Time&quot; magazina, 1931. godine, na svoj 75. ro\u0111endan\" width=\"227\" height=\"300\" srcset=\"https:\/\/serbia.com\/wp-content\/uploads\/2012\/12\/Nikola_Tesla_on_Time_Magazine_1931-227x300.jpg 227w, https:\/\/serbia.com\/wp-content\/uploads\/2012\/12\/Nikola_Tesla_on_Time_Magazine_1931.jpg 400w\" sizes=\"(max-width: 227px) 100vw, 227px\" \/><figcaption id=\"caption-attachment-16885\" class=\"wp-caption-text\">Nikola Tesla na naslovnoj strani &#8220;Time&#8221; magazina, 1931. godine<\/figcaption><\/figure>\n<p style=\"text-align: justify;\">On je to umeo \u2013 njegovi savremenici tvrde da je izumeo automobil koji se kretao brzinom i do 100 km\/h koristi\u0107i SAMO energiju okoline! U <strong>Muzeju Nikole Tesle u Beogradu<\/strong>, jedinstvenom u svetu, gde se \u010duva i pepeo ovog nau\u010dnika, pokaza\u0107e vam kako zahvaljuju\u0107i njemu i pokvarene sijalice mogu da svetle iako nisu \u010dak ni uklju\u010dene u struju!<\/p>\n<p style=\"text-align: justify;\">Nikola Tesla je spavao dva sata dnevno, meditirao, bio je vegeterijanac i \u010desto je umeo da se potpuno izoluje od spolja\u0161njeg sveta. Poslednje dane proveo je u apartmanu na 33. spratu jednog hotela u Njujorku. Vrata od njegove terase bila su uvek otvorena kako bi golubovi sa kojima je razgovarao mogli slobodno da ule\u0107u. \u017diveo je sam, mada je govorio kako nikada nije usamljen jer mo\u017ee da komunicira sa drugim svetovima.<\/p>\n<p style=\"text-align: justify;\"><strong>Nikola Tesla nikada nije bio dobar poslovni \u010dovek \u2013 bio je genije koji je svetu darovao naizmeni\u010dnu struju, indukcioni motor, sistem proizvodnje i distribucije elektri\u010dne energije i jo\u0161 preko 700 patenata, ali koji nikada nije umeo, ili hteo da svoje pronalaske dobro unov\u010di.<\/strong> Celog \u017eivota bio je u dugovima, a istra\u017eivanja je finansirao uz sponzore i prijatelje.<strong>Posle smrti, priznat je kao pronalaza\u010d radija<\/strong>iako je to otkri\u0107e u prvo vreme pripisivano Markoniju. Ipak, Tesline zamisli bile su mnogo ve\u0107e! On nije govorio samo o prenosu signala na daljinu ve\u0107 o potpunom povezivanju sveta \u2013 informativno i energetski. Danas, deo toga mi poznajemo pod imenom Internet.<\/p>\n<p style=\"text-align: justify;\">Iako su mnogi smatrali da je lud i iako je za \u017eivota bio \u010desto ismevan, svi Teslini do sada upotrebljeni projekti su se pokazali kao istiniti, a prora\u010duni ta\u010dni.[ultimate_spacer height=&#8221;30&#8243;][dt_fancy_title title=&#8221;Povezani \u010dlanci&#8221; title_align=&#8221;left&#8221; title_size=&#8221;normal&#8221; title_color=&#8221;accent&#8221; el_width=&#8221;100&#8243; title_bg=&#8221;disabled&#8221; separator_color=&#8221;default&#8221;][ultimate_spacer height=&#8221;30&#8243; height_on_tabs=&#8221;&#8221; height_on_tabs_portrait=&#8221;&#8221; height_on_mob_landscape=&#8221;&#8221; height_on_mob=&#8221;&#8221;]<\/p>\n","protected":false},"excerpt":{"rendered":"<p>Genije 20. veka, \u010dovek \u010diji izumi i danas zadaju glavobolje nau\u010dnicima, Nikola Tesla je u velikoj meri zaslu\u017ean za funkcionisanje na\u0161e svakodnevice. Nikola Tesla je hidroelektranu na Nijagarinim vodopadima osmislio [&hellip;]<\/p>\n","protected":false},"author":27,"featured_media":52403,"parent":20352,"menu_order":0,"comment_status":"closed","ping_status":"closed","template":"","meta":{"_acf_changed":false,"inline_featured_image":false,"_monsterinsights_skip_tracking":false,"_monsterinsights_sitenote_active":false,"_monsterinsights_sitenote_note":"","_monsterinsights_sitenote_category":0,"footnotes":""},"categories":[2814,1642],"tags":[],"class_list":["post-34331","page","type-page","status-publish","has-post-thumbnail","hentry","category-najveci-srpski-umovi","category-poznati-srbi"],"acf":[],"yoast_head":"<!-- This site is optimized with the Yoast SEO plugin v23.8 - https:\/\/yoast.com\/wordpress\/plugins\/seo\/ -->\n<title>Nikola Tesla - Serbia.com<\/title>\n<meta name=\"robots\" content=\"index, follow, max-snippet:-1, max-image-preview:large, max-video-preview:-1\" \/>\n<link rel=\"canonical\" href=\"https:\/\/serbia.com\/srpski\/o-srbiji\/poznati-srbi\/najveci-srpski-umovi\/nikola-tesla\/\" \/>\n<meta property=\"og:locale\" content=\"en_US\" \/>\n<meta property=\"og:type\" content=\"article\" \/>\n<meta property=\"og:title\" content=\"Nikola Tesla - Serbia.com\" \/>\n<meta property=\"og:description\" content=\"Genije 20. veka, \u010dovek \u010diji izumi i danas zadaju glavobolje nau\u010dnicima, Nikola Tesla je u velikoj meri zaslu\u017ean za funkcionisanje na\u0161e svakodnevice. Nikola Tesla je hidroelektranu na Nijagarinim vodopadima osmislio [&hellip;]\" \/>\n<meta property=\"og:url\" content=\"https:\/\/serbia.com\/srpski\/o-srbiji\/poznati-srbi\/najveci-srpski-umovi\/nikola-tesla\/\" \/>\n<meta property=\"og:site_name\" content=\"Serbia.com\" \/>\n<meta property=\"article:modified_time\" content=\"2015-11-17T13:20:31+00:00\" \/>\n<meta property=\"og:image\" content=\"https:\/\/serbia.com\/wp-content\/uploads\/2024\/05\/ai-generated-8364578_1280-e1716452417715.png\" \/>\n\t<meta property=\"og:image:width\" content=\"1267\" \/>\n\t<meta property=\"og:image:height\" content=\"520\" \/>\n\t<meta property=\"og:image:type\" content=\"image\/png\" \/>\n<meta name=\"twitter:label1\" content=\"Est. reading time\" \/>\n\t<meta name=\"twitter:data1\" content=\"3 minutes\" \/>\n<script type=\"application\/ld+json\" class=\"yoast-schema-graph\">{\"@context\":\"https:\/\/schema.org\",\"@graph\":[{\"@type\":\"WebPage\",\"@id\":\"https:\/\/serbia.com\/srpski\/o-srbiji\/poznati-srbi\/najveci-srpski-umovi\/nikola-tesla\/\",\"url\":\"https:\/\/serbia.com\/srpski\/o-srbiji\/poznati-srbi\/najveci-srpski-umovi\/nikola-tesla\/\",\"name\":\"Nikola Tesla - Serbia.com\",\"isPartOf\":{\"@id\":\"https:\/\/serbia.com\/#website\"},\"primaryImageOfPage\":{\"@id\":\"https:\/\/serbia.com\/srpski\/o-srbiji\/poznati-srbi\/najveci-srpski-umovi\/nikola-tesla\/#primaryimage\"},\"image\":{\"@id\":\"https:\/\/serbia.com\/srpski\/o-srbiji\/poznati-srbi\/najveci-srpski-umovi\/nikola-tesla\/#primaryimage\"},\"thumbnailUrl\":\"https:\/\/serbia.com\/wp-content\/uploads\/2024\/05\/ai-generated-8364578_1280-e1716452417715.png\",\"datePublished\":\"2015-06-25T11:07:11+00:00\",\"dateModified\":\"2015-11-17T13:20:31+00:00\",\"breadcrumb\":{\"@id\":\"https:\/\/serbia.com\/srpski\/o-srbiji\/poznati-srbi\/najveci-srpski-umovi\/nikola-tesla\/#breadcrumb\"},\"inLanguage\":\"srpski\",\"potentialAction\":[{\"@type\":\"ReadAction\",\"target\":[\"https:\/\/serbia.com\/srpski\/o-srbiji\/poznati-srbi\/najveci-srpski-umovi\/nikola-tesla\/\"]}]},{\"@type\":\"ImageObject\",\"inLanguage\":\"srpski\",\"@id\":\"https:\/\/serbia.com\/srpski\/o-srbiji\/poznati-srbi\/najveci-srpski-umovi\/nikola-tesla\/#primaryimage\",\"url\":\"https:\/\/serbia.com\/wp-content\/uploads\/2024\/05\/ai-generated-8364578_1280-e1716452417715.png\",\"contentUrl\":\"https:\/\/serbia.com\/wp-content\/uploads\/2024\/05\/ai-generated-8364578_1280-e1716452417715.png\",\"width\":1267,\"height\":520},{\"@type\":\"BreadcrumbList\",\"@id\":\"https:\/\/serbia.com\/srpski\/o-srbiji\/poznati-srbi\/najveci-srpski-umovi\/nikola-tesla\/#breadcrumb\",\"itemListElement\":[{\"@type\":\"ListItem\",\"position\":1,\"name\":\"Home\",\"item\":\"https:\/\/serbia.com\/srpski\/\"},{\"@type\":\"ListItem\",\"position\":2,\"name\":\"O Srbiji\",\"item\":\"https:\/\/serbia.com\/srpski\/o-srbiji\/\"},{\"@type\":\"ListItem\",\"position\":3,\"name\":\"Poznati Srbi\",\"item\":\"https:\/\/serbia.com\/srpski\/o-srbiji\/poznati-srbi\/\"},{\"@type\":\"ListItem\",\"position\":4,\"name\":\"Najve\u0107i srpski umovi\",\"item\":\"https:\/\/serbia.com\/srpski\/o-srbiji\/poznati-srbi\/najveci-srpski-umovi\/\"},{\"@type\":\"ListItem\",\"position\":5,\"name\":\"Nikola Tesla\"}]},{\"@type\":\"WebSite\",\"@id\":\"https:\/\/serbia.com\/#website\",\"url\":\"https:\/\/serbia.com\/\",\"name\":\"Serbia.com\",\"description\":\"Your Gateway to Serbia\",\"potentialAction\":[{\"@type\":\"SearchAction\",\"target\":{\"@type\":\"EntryPoint\",\"urlTemplate\":\"https:\/\/serbia.com\/?s={search_term_string}\"},\"query-input\":{\"@type\":\"PropertyValueSpecification\",\"valueRequired\":true,\"valueName\":\"search_term_string\"}}],\"inLanguage\":\"srpski\"}]}<\/script>\n<!-- \/ Yoast SEO plugin. -->","yoast_head_json":{"title":"Nikola Tesla - Serbia.com","robots":{"index":"index","follow":"follow","max-snippet":"max-snippet:-1","max-image-preview":"max-image-preview:large","max-video-preview":"max-video-preview:-1"},"canonical":"https:\/\/serbia.com\/srpski\/o-srbiji\/poznati-srbi\/najveci-srpski-umovi\/nikola-tesla\/","og_locale":"en_US","og_type":"article","og_title":"Nikola Tesla - Serbia.com","og_description":"Genije 20. veka, \u010dovek \u010diji izumi i danas zadaju glavobolje nau\u010dnicima, Nikola Tesla je u velikoj meri zaslu\u017ean za funkcionisanje na\u0161e svakodnevice. Nikola Tesla je hidroelektranu na Nijagarinim vodopadima osmislio [&hellip;]","og_url":"https:\/\/serbia.com\/srpski\/o-srbiji\/poznati-srbi\/najveci-srpski-umovi\/nikola-tesla\/","og_site_name":"Serbia.com","article_modified_time":"2015-11-17T13:20:31+00:00","og_image":[{"width":1267,"height":520,"url":"https:\/\/serbia.com\/wp-content\/uploads\/2024\/05\/ai-generated-8364578_1280-e1716452417715.png","type":"image\/png"}],"twitter_misc":{"Est. reading time":"3 minutes"},"schema":{"@context":"https:\/\/schema.org","@graph":[{"@type":"WebPage","@id":"https:\/\/serbia.com\/srpski\/o-srbiji\/poznati-srbi\/najveci-srpski-umovi\/nikola-tesla\/","url":"https:\/\/serbia.com\/srpski\/o-srbiji\/poznati-srbi\/najveci-srpski-umovi\/nikola-tesla\/","name":"Nikola Tesla - Serbia.com","isPartOf":{"@id":"https:\/\/serbia.com\/#website"},"primaryImageOfPage":{"@id":"https:\/\/serbia.com\/srpski\/o-srbiji\/poznati-srbi\/najveci-srpski-umovi\/nikola-tesla\/#primaryimage"},"image":{"@id":"https:\/\/serbia.com\/srpski\/o-srbiji\/poznati-srbi\/najveci-srpski-umovi\/nikola-tesla\/#primaryimage"},"thumbnailUrl":"https:\/\/serbia.com\/wp-content\/uploads\/2024\/05\/ai-generated-8364578_1280-e1716452417715.png","datePublished":"2015-06-25T11:07:11+00:00","dateModified":"2015-11-17T13:20:31+00:00","breadcrumb":{"@id":"https:\/\/serbia.com\/srpski\/o-srbiji\/poznati-srbi\/najveci-srpski-umovi\/nikola-tesla\/#breadcrumb"},"inLanguage":"srpski","potentialAction":[{"@type":"ReadAction","target":["https:\/\/serbia.com\/srpski\/o-srbiji\/poznati-srbi\/najveci-srpski-umovi\/nikola-tesla\/"]}]},{"@type":"ImageObject","inLanguage":"srpski","@id":"https:\/\/serbia.com\/srpski\/o-srbiji\/poznati-srbi\/najveci-srpski-umovi\/nikola-tesla\/#primaryimage","url":"https:\/\/serbia.com\/wp-content\/uploads\/2024\/05\/ai-generated-8364578_1280-e1716452417715.png","contentUrl":"https:\/\/serbia.com\/wp-content\/uploads\/2024\/05\/ai-generated-8364578_1280-e1716452417715.png","width":1267,"height":520},{"@type":"BreadcrumbList","@id":"https:\/\/serbia.com\/srpski\/o-srbiji\/poznati-srbi\/najveci-srpski-umovi\/nikola-tesla\/#breadcrumb","itemListElement":[{"@type":"ListItem","position":1,"name":"Home","item":"https:\/\/serbia.com\/srpski\/"},{"@type":"ListItem","position":2,"name":"O Srbiji","item":"https:\/\/serbia.com\/srpski\/o-srbiji\/"},{"@type":"ListItem","position":3,"name":"Poznati Srbi","item":"https:\/\/serbia.com\/srpski\/o-srbiji\/poznati-srbi\/"},{"@type":"ListItem","position":4,"name":"Najve\u0107i srpski umovi","item":"https:\/\/serbia.com\/srpski\/o-srbiji\/poznati-srbi\/najveci-srpski-umovi\/"},{"@type":"ListItem","position":5,"name":"Nikola Tesla"}]},{"@type":"WebSite","@id":"https:\/\/serbia.com\/#website","url":"https:\/\/serbia.com\/","name":"Serbia.com","description":"Your Gateway to Serbia","potentialAction":[{"@type":"SearchAction","target":{"@type":"EntryPoint","urlTemplate":"https:\/\/serbia.com\/?s={search_term_string}"},"query-input":{"@type":"PropertyValueSpecification","valueRequired":true,"valueName":"search_term_string"}}],"inLanguage":"srpski"}]}},"_links":{"self":[{"href":"https:\/\/serbia.com\/srpski\/wp-json\/wp\/v2\/pages\/34331"}],"collection":[{"href":"https:\/\/serbia.com\/srpski\/wp-json\/wp\/v2\/pages"}],"about":[{"href":"https:\/\/serbia.com\/srpski\/wp-json\/wp\/v2\/types\/page"}],"author":[{"embeddable":true,"href":"https:\/\/serbia.com\/srpski\/wp-json\/wp\/v2\/users\/27"}],"replies":[{"embeddable":true,"href":"https:\/\/serbia.com\/srpski\/wp-json\/wp\/v2\/comments?post=34331"}],"version-history":[{"count":0,"href":"https:\/\/serbia.com\/srpski\/wp-json\/wp\/v2\/pages\/34331\/revisions"}],"up":[{"embeddable":true,"href":"https:\/\/serbia.com\/srpski\/wp-json\/wp\/v2\/pages\/20352"}],"wp:featuredmedia":[{"embeddable":true,"href":"https:\/\/serbia.com\/srpski\/wp-json\/wp\/v2\/media\/52403"}],"wp:attachment":[{"href":"https:\/\/serbia.com\/srpski\/wp-json\/wp\/v2\/media?parent=34331"}],"wp:term":[{"taxonomy":"category","embeddable":true,"href":"https:\/\/serbia.com\/srpski\/wp-json\/wp\/v2\/categories?post=34331"},{"taxonomy":"post_tag","embeddable":true,"href":"https:\/\/serbia.com\/srpski\/wp-json\/wp\/v2\/tags?post=34331"}],"curies":[{"name":"wp","href":"https:\/\/api.w.org\/{rel}","templated":true}]}}